
{"id":991,"date":"2026-02-22T11:11:03","date_gmt":"2026-02-22T11:11:03","guid":{"rendered":"https:\/\/easyliferobo.com\/de\/product\/annadue-ai-robot-companion-emotionaler-begleitroboter-mit-sprachweckung-bluetooth-5-0-wifi-wetteruhr-videomusikwiedergabe-intelligente-ki\/"},"modified":"2026-02-22T23:35:39","modified_gmt":"2026-02-22T23:35:39","slug":"annadue-ai-robot-companion-emotionaler-begleitroboter-mit-sprachweckung-bluetooth-5-0-wifi-wetteruhr-videomusikwiedergabe-intelligente-ki","status":"publish","type":"product","link":"https:\/\/easyliferobo.com\/de\/product\/annadue-ai-robot-companion-emotionaler-begleitroboter-mit-sprachweckung-bluetooth-5-0-wifi-wetteruhr-videomusikwiedergabe-intelligente-ki\/","title":{"rendered":"Annadue AI Robot Companion, emotion..."},"content":{"rendered":"<p>    <span>1,1,28-Zoll-Display: Mit seinem 1,28-Zoll-Display und einer Aufl\u00f6sung von 240 x 240 zeigt dieser KI-gesteuerte Roboter Informationen klar und deutlich an, sodass Benutzer problemlos interagieren und Aktualisierungen auf einen Blick erhalten k\u00f6nnen. <br \/>2. Interaktiver Chatbot: Der KI-Chatroboter von Xiao Zhi bietet umfangreiche interaktive Funktionen, einschlie\u00dflich einer Sprachaktivierungsfunktion, die es Benutzern erm\u00f6glicht, m\u00fchelos an intensiven und unterhaltsamen Gespr\u00e4chen teilzunehmen. <br \/>3. WLAN-Wetteruhr: Dieses Roboterspielzeug synchronisiert sich mit dem Netzwerk, um lokale Wetterinformationen in Echtzeit und genaue Zeitaktualisierungen bereitzustellen und Sie \u00fcber Ihre Umgebung auf dem Laufenden zu halten. <br \/>4.Unterst\u00fctzung f\u00fcr Multimedia-Wiedergabe: Genie\u00dfen Sie lokale Video- und Musikwiedergabe ohne Programmierung und machen Sie Unterhaltung f\u00fcr Benutzer jeden Alters einfach und zug\u00e4nglich. <br \/>5. Integriertes Bluetooth und mit Bluetooth 5.0 f\u00fcr nahtlose Konnektivit\u00e4t, einem 400-mAh-Lithium f\u00fcr lange Lebensdauer und Unterst\u00fctzung f\u00fcr bis zu 32 GB Speicherkarten bietet dieses Roboterspielzeug zahlreiche praktische Funktionen. <br \/>Spezifikationen: <br \/>Artikeltyp: KI-Roboter <br \/>Bluetooth-Version: Bluetooth 5.0. <br \/>Bildschirmgr\u00f6\u00dfe: 1,28-Zoll-Bildschirm. <br \/>Aufl\u00f6sung: 240 x 240 <br \/>Kleine Speicherkarte: maximale Unterst\u00fctzung 32 GB (nicht im Lieferumfang enthalten) <br \/>Batterietyp: Lithium. <br \/>Batteriekapazit\u00e4t: 400 mAh (im Lieferumfang enthalten) <br \/>WLAN-Protokoll: 802.11a\/b\/g\/n. <br \/>Verwenden: <br \/>Direkter Einsatz <br \/>Paketliste: <br \/>1 x KI-Roboter. <br \/>3 x Fu\u00dfpolster<\/span>    <br \/>1,28-Zoll-Display: Mit einem 1,28-Zoll-Display mit einer Aufl\u00f6sung von 240 x 240 zeigt dieser KI-betriebene Roboter Informationen deutlich an, sodass Benutzer einfacher interagieren und Aktualisierungen auf einen Blick erhalten k\u00f6nnen.<br \/>Interaktiver Chatbot: Der KI-Chatroboter von Xiao Zhi bietet umfangreiche interaktive Funktionen, einschlie\u00dflich Voice-Wake-Funktionen, die es Benutzern erm\u00f6glichen, m\u00fchelos beeindruckende und angenehme Gespr\u00e4che zu f\u00fchren.<br \/>WLAN-Wetteruhr: Dieses Roboterspielzeug synchronisiert sich mit dem Netzwerk, um lokale Wetterinformationen und genaue Zeitaktualisierungen in Echtzeit bereitzustellen, um sicherzustellen, dass Sie \u00fcber Ihre Umgebung auf dem Laufenden bleiben.<br \/>Unterst\u00fctzung der Multimedia-Wiedergabe: Genie\u00dfen Sie die lokale Video- und Musikwiedergabe ohne Programmierung, um die Unterhaltung f\u00fcr Benutzer jeden Alters einfach und zug\u00e4nglich zu machen.<br \/>Integriertes Bluetooth und Bluetooth 5.0 f\u00fcr nahtlose Konnektivit\u00e4t, ein 400-mAh-Li f\u00fcr langanhaltende Nutzung und Unterst\u00fctzung f\u00fcr bis zu 32 GB Speicherkarten \u2013 dieses Roboterspielzeug bietet mehrere praktische Funktionen.<\/p>\n<p>[ad_2]<\/p>\n","protected":false},"excerpt":{"rendered":"<p>1,1,28-Zoll-Display: Mit seinem 1,28-Zoll-Display und einer Aufl\u00f6sung von 240 x 240 zeigt dieser KI-gesteuerte Roboter Informationen klar und deutlich an, sodass Benutzer problemlos interagieren und Aktualisierungen auf einen Blick erhalten k\u00f6nnen. 2. Interaktiver Chatbot: Der KI-Chatroboter von Xiao Zhi bietet umfangreiche interaktive Funktionen, einschlie\u00dflich einer Sprachaktivierungsfunktion, die es Benutzern erm\u00f6glicht, m\u00fchelos an intensiven und unterhaltsamen [&hellip;]<\/p>\n","protected":false},"featured_media":992,"comment_status":"open","ping_status":"closed","template":"","meta":{"_aipt_faq_data":""},"store":[],"product_brand":[],"product_cat":[93],"product_tag":[230],"class_list":{"0":"post-991","1":"product","2":"type-product","3":"status-publish","4":"has-post-thumbnail","6":"product_cat-soziale-begleitroboter","7":"product_tag-intelligente-soziale-begleitroboter","9":"first","10":"instock","11":"sale","12":"shipping-taxable","13":"product-type-external"},"yoast_head":"<!-- This site is optimized with the Yoast SEO plugin v27.4 - https:\/\/yoast.com\/product\/yoast-seo-wordpress\/ -->\n<title>Annadue AI Robot Companion, emotionaler Begleitroboter mit Sprachweckung, Bluetooth 5.0, WiFi, Wetteruhr, Videomusikwiedergabe, intelligente KI - EasyLifeBro<\/title>\n<meta name=\"description\" content=\"Entdecken Sie smarte Roboter f\u00fcr Zuhause, Garten, Bildung und Sicherheit. Vergleichen Sie Saugroboter, Rasenm\u00e4hroboter, KI-Begleitroboter und mehr bei EasyLifeRobo.\" \/>\n<meta name=\"robots\" content=\"index, follow, max-snippet:-1, max-image-preview:large, max-video-preview:-1\" \/>\n<link rel=\"canonical\" href=\"https:\/\/easyliferobo.com\/de\/product\/annadue-ai-robot-companion-emotionaler-begleitroboter-mit-sprachweckung-bluetooth-5-0-wifi-wetteruhr-videomusikwiedergabe-intelligente-ki\/\" \/>\n<meta property=\"og:locale\" content=\"de_DE\" \/>\n<meta property=\"og:type\" content=\"article\" \/>\n<meta property=\"og:title\" content=\"Annadue AI Robot Companion, emotionaler Begleitroboter mit Sprachweckung, Bluetooth 5.0, WiFi, Wetteruhr, Videomusikwiedergabe, intelligente KI - EasyLifeBro\" \/>\n<meta property=\"og:description\" content=\"Entdecken Sie smarte Roboter f\u00fcr Zuhause, Garten, Bildung und Sicherheit. Vergleichen Sie Saugroboter, Rasenm\u00e4hroboter, KI-Begleitroboter und mehr bei EasyLifeRobo.\" \/>\n<meta property=\"og:url\" content=\"https:\/\/easyliferobo.com\/de\/product\/annadue-ai-robot-companion-emotionaler-begleitroboter-mit-sprachweckung-bluetooth-5-0-wifi-wetteruhr-videomusikwiedergabe-intelligente-ki\/\" \/>\n<meta property=\"og:site_name\" content=\"EasyLifeBro\" \/>\n<meta property=\"article:modified_time\" content=\"2026-02-22T23:35:39+00:00\" \/>\n<meta property=\"og:image\" content=\"https:\/\/easyliferobo.com\/de\/wp-content\/uploads\/2026\/02\/6163eCCBRRL._AC_SL1500_.jpg\" \/>\n\t<meta property=\"og:image:width\" content=\"1424\" \/>\n\t<meta property=\"og:image:height\" content=\"1361\" \/>\n\t<meta property=\"og:image:type\" content=\"image\/jpeg\" \/>\n<meta name=\"twitter:card\" content=\"summary_large_image\" \/>\n<meta name=\"twitter:label1\" content=\"Gesch\u00e4tzte Lesezeit\" \/>\n\t<meta name=\"twitter:data1\" content=\"2\u00a0Minuten\" \/>\n<script type=\"application\/ld+json\" class=\"yoast-schema-graph\">{\"@context\":\"https:\\\/\\\/schema.org\",\"@graph\":[{\"@type\":\"WebPage\",\"@id\":\"https:\\\/\\\/easyliferobo.com\\\/de\\\/product\\\/annadue-ai-robot-companion-emotionaler-begleitroboter-mit-sprachweckung-bluetooth-5-0-wifi-wetteruhr-videomusikwiedergabe-intelligente-ki\\\/\",\"url\":\"https:\\\/\\\/easyliferobo.com\\\/de\\\/product\\\/annadue-ai-robot-companion-emotionaler-begleitroboter-mit-sprachweckung-bluetooth-5-0-wifi-wetteruhr-videomusikwiedergabe-intelligente-ki\\\/\",\"name\":\"Annadue AI Robot Companion, emotionaler Begleitroboter mit Sprachweckung, Bluetooth 5.0, WiFi, Wetteruhr, Videomusikwiedergabe, intelligente KI - EasyLifeBro\",\"isPartOf\":{\"@id\":\"https:\\\/\\\/easyliferobo.com\\\/de\\\/#website\"},\"primaryImageOfPage\":{\"@id\":\"https:\\\/\\\/easyliferobo.com\\\/de\\\/product\\\/annadue-ai-robot-companion-emotionaler-begleitroboter-mit-sprachweckung-bluetooth-5-0-wifi-wetteruhr-videomusikwiedergabe-intelligente-ki\\\/#primaryimage\"},\"image\":{\"@id\":\"https:\\\/\\\/easyliferobo.com\\\/de\\\/product\\\/annadue-ai-robot-companion-emotionaler-begleitroboter-mit-sprachweckung-bluetooth-5-0-wifi-wetteruhr-videomusikwiedergabe-intelligente-ki\\\/#primaryimage\"},\"thumbnailUrl\":\"https:\\\/\\\/easyliferobo.com\\\/de\\\/wp-content\\\/uploads\\\/2026\\\/02\\\/6163eCCBRRL._AC_SL1500_.jpg\",\"datePublished\":\"2026-02-22T11:11:03+00:00\",\"dateModified\":\"2026-02-22T23:35:39+00:00\",\"description\":\"Entdecken Sie smarte Roboter f\u00fcr Zuhause, Garten, Bildung und Sicherheit. Vergleichen Sie Saugroboter, Rasenm\u00e4hroboter, KI-Begleitroboter und mehr bei EasyLifeRobo.\",\"breadcrumb\":{\"@id\":\"https:\\\/\\\/easyliferobo.com\\\/de\\\/product\\\/annadue-ai-robot-companion-emotionaler-begleitroboter-mit-sprachweckung-bluetooth-5-0-wifi-wetteruhr-videomusikwiedergabe-intelligente-ki\\\/#breadcrumb\"},\"inLanguage\":\"de\",\"potentialAction\":[{\"@type\":\"ReadAction\",\"target\":[\"https:\\\/\\\/easyliferobo.com\\\/de\\\/product\\\/annadue-ai-robot-companion-emotionaler-begleitroboter-mit-sprachweckung-bluetooth-5-0-wifi-wetteruhr-videomusikwiedergabe-intelligente-ki\\\/\"]}]},{\"@type\":\"ImageObject\",\"inLanguage\":\"de\",\"@id\":\"https:\\\/\\\/easyliferobo.com\\\/de\\\/product\\\/annadue-ai-robot-companion-emotionaler-begleitroboter-mit-sprachweckung-bluetooth-5-0-wifi-wetteruhr-videomusikwiedergabe-intelligente-ki\\\/#primaryimage\",\"url\":\"https:\\\/\\\/easyliferobo.com\\\/de\\\/wp-content\\\/uploads\\\/2026\\\/02\\\/6163eCCBRRL._AC_SL1500_.jpg\",\"contentUrl\":\"https:\\\/\\\/easyliferobo.com\\\/de\\\/wp-content\\\/uploads\\\/2026\\\/02\\\/6163eCCBRRL._AC_SL1500_.jpg\",\"width\":1424,\"height\":1361},{\"@type\":\"BreadcrumbList\",\"@id\":\"https:\\\/\\\/easyliferobo.com\\\/de\\\/product\\\/annadue-ai-robot-companion-emotionaler-begleitroboter-mit-sprachweckung-bluetooth-5-0-wifi-wetteruhr-videomusikwiedergabe-intelligente-ki\\\/#breadcrumb\",\"itemListElement\":[{\"@type\":\"ListItem\",\"position\":1,\"name\":\"Home\",\"item\":\"https:\\\/\\\/easyliferobo.com\\\/de\\\/\"},{\"@type\":\"ListItem\",\"position\":2,\"name\":\"Shop\",\"item\":\"https:\\\/\\\/easyliferobo.com\\\/de\\\/shop\\\/\"},{\"@type\":\"ListItem\",\"position\":3,\"name\":\"Annadue AI Robot Companion, emotion...\"}]},{\"@type\":\"WebSite\",\"@id\":\"https:\\\/\\\/easyliferobo.com\\\/de\\\/#website\",\"url\":\"https:\\\/\\\/easyliferobo.com\\\/de\\\/\",\"name\":\"EasyLifeBro\",\"description\":\"Smarte Roboter f\u00fcr Zuhause, Garten &amp; Bildung\",\"publisher\":{\"@id\":\"https:\\\/\\\/easyliferobo.com\\\/de\\\/#organization\"},\"potentialAction\":[{\"@type\":\"SearchAction\",\"target\":{\"@type\":\"EntryPoint\",\"urlTemplate\":\"https:\\\/\\\/easyliferobo.com\\\/de\\\/?s={search_term_string}\"},\"query-input\":{\"@type\":\"PropertyValueSpecification\",\"valueRequired\":true,\"valueName\":\"search_term_string\"}}],\"inLanguage\":\"de\"},{\"@type\":\"Organization\",\"@id\":\"https:\\\/\\\/easyliferobo.com\\\/de\\\/#organization\",\"name\":\"EasyLifeBro\",\"url\":\"https:\\\/\\\/easyliferobo.com\\\/de\\\/\",\"logo\":{\"@type\":\"ImageObject\",\"inLanguage\":\"de\",\"@id\":\"https:\\\/\\\/easyliferobo.com\\\/de\\\/#\\\/schema\\\/logo\\\/image\\\/\",\"url\":\"https:\\\/\\\/easyliferobo.com\\\/de\\\/wp-content\\\/uploads\\\/2026\\\/02\\\/Screenshot-2026-02-22-at-2.25.03-PM.png\",\"contentUrl\":\"https:\\\/\\\/easyliferobo.com\\\/de\\\/wp-content\\\/uploads\\\/2026\\\/02\\\/Screenshot-2026-02-22-at-2.25.03-PM.png\",\"width\":1858,\"height\":430,\"caption\":\"EasyLifeBro\"},\"image\":{\"@id\":\"https:\\\/\\\/easyliferobo.com\\\/de\\\/#\\\/schema\\\/logo\\\/image\\\/\"}}]}<\/script>\n<!-- \/ Yoast SEO plugin. -->","yoast_head_json":{"title":"Annadue AI Robot Companion, emotionaler Begleitroboter mit Sprachweckung, Bluetooth 5.0, WiFi, Wetteruhr, Videomusikwiedergabe, intelligente KI - EasyLifeBro","description":"Entdecken Sie smarte Roboter f\u00fcr Zuhause, Garten, Bildung und Sicherheit. Vergleichen Sie Saugroboter, Rasenm\u00e4hroboter, KI-Begleitroboter und mehr bei EasyLifeRobo.","robots":{"index":"index","follow":"follow","max-snippet":"max-snippet:-1","max-image-preview":"max-image-preview:large","max-video-preview":"max-video-preview:-1"},"canonical":"https:\/\/easyliferobo.com\/de\/product\/annadue-ai-robot-companion-emotionaler-begleitroboter-mit-sprachweckung-bluetooth-5-0-wifi-wetteruhr-videomusikwiedergabe-intelligente-ki\/","og_locale":"de_DE","og_type":"article","og_title":"Annadue AI Robot Companion, emotionaler Begleitroboter mit Sprachweckung, Bluetooth 5.0, WiFi, Wetteruhr, Videomusikwiedergabe, intelligente KI - EasyLifeBro","og_description":"Entdecken Sie smarte Roboter f\u00fcr Zuhause, Garten, Bildung und Sicherheit. Vergleichen Sie Saugroboter, Rasenm\u00e4hroboter, KI-Begleitroboter und mehr bei EasyLifeRobo.","og_url":"https:\/\/easyliferobo.com\/de\/product\/annadue-ai-robot-companion-emotionaler-begleitroboter-mit-sprachweckung-bluetooth-5-0-wifi-wetteruhr-videomusikwiedergabe-intelligente-ki\/","og_site_name":"EasyLifeBro","article_modified_time":"2026-02-22T23:35:39+00:00","og_image":[{"width":1424,"height":1361,"url":"https:\/\/easyliferobo.com\/de\/wp-content\/uploads\/2026\/02\/6163eCCBRRL._AC_SL1500_.jpg","type":"image\/jpeg"}],"twitter_card":"summary_large_image","twitter_misc":{"Gesch\u00e4tzte Lesezeit":"2\u00a0Minuten"},"schema":{"@context":"https:\/\/schema.org","@graph":[{"@type":"WebPage","@id":"https:\/\/easyliferobo.com\/de\/product\/annadue-ai-robot-companion-emotionaler-begleitroboter-mit-sprachweckung-bluetooth-5-0-wifi-wetteruhr-videomusikwiedergabe-intelligente-ki\/","url":"https:\/\/easyliferobo.com\/de\/product\/annadue-ai-robot-companion-emotionaler-begleitroboter-mit-sprachweckung-bluetooth-5-0-wifi-wetteruhr-videomusikwiedergabe-intelligente-ki\/","name":"Annadue AI Robot Companion, emotionaler Begleitroboter mit Sprachweckung, Bluetooth 5.0, WiFi, Wetteruhr, Videomusikwiedergabe, intelligente KI - EasyLifeBro","isPartOf":{"@id":"https:\/\/easyliferobo.com\/de\/#website"},"primaryImageOfPage":{"@id":"https:\/\/easyliferobo.com\/de\/product\/annadue-ai-robot-companion-emotionaler-begleitroboter-mit-sprachweckung-bluetooth-5-0-wifi-wetteruhr-videomusikwiedergabe-intelligente-ki\/#primaryimage"},"image":{"@id":"https:\/\/easyliferobo.com\/de\/product\/annadue-ai-robot-companion-emotionaler-begleitroboter-mit-sprachweckung-bluetooth-5-0-wifi-wetteruhr-videomusikwiedergabe-intelligente-ki\/#primaryimage"},"thumbnailUrl":"https:\/\/easyliferobo.com\/de\/wp-content\/uploads\/2026\/02\/6163eCCBRRL._AC_SL1500_.jpg","datePublished":"2026-02-22T11:11:03+00:00","dateModified":"2026-02-22T23:35:39+00:00","description":"Entdecken Sie smarte Roboter f\u00fcr Zuhause, Garten, Bildung und Sicherheit. Vergleichen Sie Saugroboter, Rasenm\u00e4hroboter, KI-Begleitroboter und mehr bei EasyLifeRobo.","breadcrumb":{"@id":"https:\/\/easyliferobo.com\/de\/product\/annadue-ai-robot-companion-emotionaler-begleitroboter-mit-sprachweckung-bluetooth-5-0-wifi-wetteruhr-videomusikwiedergabe-intelligente-ki\/#breadcrumb"},"inLanguage":"de","potentialAction":[{"@type":"ReadAction","target":["https:\/\/easyliferobo.com\/de\/product\/annadue-ai-robot-companion-emotionaler-begleitroboter-mit-sprachweckung-bluetooth-5-0-wifi-wetteruhr-videomusikwiedergabe-intelligente-ki\/"]}]},{"@type":"ImageObject","inLanguage":"de","@id":"https:\/\/easyliferobo.com\/de\/product\/annadue-ai-robot-companion-emotionaler-begleitroboter-mit-sprachweckung-bluetooth-5-0-wifi-wetteruhr-videomusikwiedergabe-intelligente-ki\/#primaryimage","url":"https:\/\/easyliferobo.com\/de\/wp-content\/uploads\/2026\/02\/6163eCCBRRL._AC_SL1500_.jpg","contentUrl":"https:\/\/easyliferobo.com\/de\/wp-content\/uploads\/2026\/02\/6163eCCBRRL._AC_SL1500_.jpg","width":1424,"height":1361},{"@type":"BreadcrumbList","@id":"https:\/\/easyliferobo.com\/de\/product\/annadue-ai-robot-companion-emotionaler-begleitroboter-mit-sprachweckung-bluetooth-5-0-wifi-wetteruhr-videomusikwiedergabe-intelligente-ki\/#breadcrumb","itemListElement":[{"@type":"ListItem","position":1,"name":"Home","item":"https:\/\/easyliferobo.com\/de\/"},{"@type":"ListItem","position":2,"name":"Shop","item":"https:\/\/easyliferobo.com\/de\/shop\/"},{"@type":"ListItem","position":3,"name":"Annadue AI Robot Companion, emotion..."}]},{"@type":"WebSite","@id":"https:\/\/easyliferobo.com\/de\/#website","url":"https:\/\/easyliferobo.com\/de\/","name":"EasyLifeBro","description":"Smarte Roboter f\u00fcr Zuhause, Garten &amp; Bildung","publisher":{"@id":"https:\/\/easyliferobo.com\/de\/#organization"},"potentialAction":[{"@type":"SearchAction","target":{"@type":"EntryPoint","urlTemplate":"https:\/\/easyliferobo.com\/de\/?s={search_term_string}"},"query-input":{"@type":"PropertyValueSpecification","valueRequired":true,"valueName":"search_term_string"}}],"inLanguage":"de"},{"@type":"Organization","@id":"https:\/\/easyliferobo.com\/de\/#organization","name":"EasyLifeBro","url":"https:\/\/easyliferobo.com\/de\/","logo":{"@type":"ImageObject","inLanguage":"de","@id":"https:\/\/easyliferobo.com\/de\/#\/schema\/logo\/image\/","url":"https:\/\/easyliferobo.com\/de\/wp-content\/uploads\/2026\/02\/Screenshot-2026-02-22-at-2.25.03-PM.png","contentUrl":"https:\/\/easyliferobo.com\/de\/wp-content\/uploads\/2026\/02\/Screenshot-2026-02-22-at-2.25.03-PM.png","width":1858,"height":430,"caption":"EasyLifeBro"},"image":{"@id":"https:\/\/easyliferobo.com\/de\/#\/schema\/logo\/image\/"}}]}},"_links":{"self":[{"href":"https:\/\/easyliferobo.com\/de\/wp-json\/wp\/v2\/product\/991","targetHints":{"allow":["GET"]}}],"collection":[{"href":"https:\/\/easyliferobo.com\/de\/wp-json\/wp\/v2\/product"}],"about":[{"href":"https:\/\/easyliferobo.com\/de\/wp-json\/wp\/v2\/types\/product"}],"replies":[{"embeddable":true,"href":"https:\/\/easyliferobo.com\/de\/wp-json\/wp\/v2\/comments?post=991"}],"wp:featuredmedia":[{"embeddable":true,"href":"https:\/\/easyliferobo.com\/de\/wp-json\/wp\/v2\/media\/992"}],"wp:attachment":[{"href":"https:\/\/easyliferobo.com\/de\/wp-json\/wp\/v2\/media?parent=991"}],"wp:term":[{"taxonomy":"store","embeddable":true,"href":"https:\/\/easyliferobo.com\/de\/wp-json\/wp\/v2\/store?post=991"},{"taxonomy":"product_brand","embeddable":true,"href":"https:\/\/easyliferobo.com\/de\/wp-json\/wp\/v2\/product_brand?post=991"},{"taxonomy":"product_cat","embeddable":true,"href":"https:\/\/easyliferobo.com\/de\/wp-json\/wp\/v2\/product_cat?post=991"},{"taxonomy":"product_tag","embeddable":true,"href":"https:\/\/easyliferobo.com\/de\/wp-json\/wp\/v2\/product_tag?post=991"}],"curies":[{"name":"wp","href":"https:\/\/api.w.org\/{rel}","templated":true}]}}