
{"id":9771,"date":"2026-03-15T19:51:10","date_gmt":"2026-03-15T19:51:10","guid":{"rendered":"https:\/\/easyliferobo.com\/de\/product\/kaercher-wv-2-plus-n-akku-fenstersauger-akkulaufzeit-35-minuten-led-ladezustandsanzeige-2-saugduesen-spruehflasche-mit-mikrofaserbezug-20-ml-fensterreiniger-konzentrat\/"},"modified":"2026-03-15T19:51:25","modified_gmt":"2026-03-15T19:51:25","slug":"kaercher-wv-2-plus-n-akku-fenstersauger-akkulaufzeit-35-minuten-led-ladezustandsanzeige-2-saugduesen-spruehflasche-mit-mikrofaserbezug-20-ml-fensterreiniger-konzentrat","status":"publish","type":"product","link":"https:\/\/easyliferobo.com\/de\/product\/kaercher-wv-2-plus-n-akku-fenstersauger-akkulaufzeit-35-minuten-led-ladezustandsanzeige-2-saugduesen-spruehflasche-mit-mikrofaserbezug-20-ml-fensterreiniger-konzentrat\/","title":{"rendered":"K\u00e4rcher WV 2 Plus N Akku-Fenstersa..."},"content":{"rendered":"<p>\n                                             Von der Marke   <\/p>\n<p>                                              <img decoding=\"async\" alt=\"Werbung f\u00fcr Reinigungsprodukte von K\u00e4rcher, in der eine Frau auf dem Boden sitzt, umgeben von Reinigungsmitteln, mit dem Text \u201eBRING BACK THE WOW\" src=\"https:\/\/images-na.ssl-images-amazon.com\/images\/G\/01\/x-locale\/common\/grey-pixel.gif\" class=\"a-lazy-loaded\" data-src=\"https:\/\/m.media-amazon.com\/images\/S\/aplus-media-library-service-media\/db6eb22d-a25a-43d2-be0d-5abb7af02608.__CR0,0,1464,625_PT0_SX1464_V1___.jpg\"><img decoding=\"async\" alt=\"Werbung f\u00fcr Reinigungsprodukte von K\u00e4rcher, in der eine Frau auf dem Boden sitzt, umgeben von Reinigungsmitteln, mit dem Text \u201eBRING BACK THE WOW\" src=\"https:\/\/m.media-amazon.com\/images\/S\/aplus-media-library-service-media\/db6eb22d-a25a-43d2-be0d-5abb7af02608.__CR0,0,1464,625_PT0_SX1464_V1___.jpg\">  <\/p>\n<p>                                              <img decoding=\"async\" alt=\"\" src=\"https:\/\/images-na.ssl-images-amazon.com\/images\/G\/01\/x-locale\/common\/grey-pixel.gif\" class=\"a-lazy-loaded\" data-src=\"https:\/\/m.media-amazon.com\/images\/S\/aplus-media-library-service-media\/db6f21dd-a7da-4b18-b59f-7d15a83d53f8.__CR0,0,315,145_PT0_SX315_V1___.jpg\"><img decoding=\"async\" alt=\"\" src=\"https:\/\/m.media-amazon.com\/images\/S\/aplus-media-library-service-media\/db6f21dd-a7da-4b18-b59f-7d15a83d53f8.__CR0,0,315,145_PT0_SX315_V1___.jpg\">  <\/p>\n<p>  Im Jahr 2025 feiern wir 90 Jahre von K\u00e4rcher! <\/p>\n<p>  F\u00fcr uns ist die Sauberkeit die gr\u00f6\u00dfte Herausforderung der Welt. Seit der Gr\u00fcndung des Unternehmens im Jahr 1935 in Deutschland arbeiten wir daran, die Welt ein bisschen sauberer zu machen. <\/p>\n<p>  \u00dcber 600 Patente zeugen von unserer Innovationskraft. <\/p>\n<p>  Mit unseren Produkten und Dienstleistungen wollen wir auch f\u00fcr Sie den Unterschied machen. <\/p>\n<p>                                              <img decoding=\"async\" alt=\"\" src=\"https:\/\/images-na.ssl-images-amazon.com\/images\/G\/01\/x-locale\/common\/grey-pixel.gif\" class=\"a-lazy-loaded\" data-src=\"https:\/\/m.media-amazon.com\/images\/S\/aplus-media-library-service-media\/c34a1b66-aa47-40e4-b403-3cfed62e4d99.__CR0,0,362,453_PT0_SX362_V1___.jpg\"><img decoding=\"async\" alt=\"\" src=\"https:\/\/m.media-amazon.com\/images\/S\/aplus-media-library-service-media\/c34a1b66-aa47-40e4-b403-3cfed62e4d99.__CR0,0,362,453_PT0_SX362_V1___.jpg\">  <\/p>\n<h3>  Rekordverd\u00e4chtiges Unternehmen <\/h3>\n<p>  Es ist offiziell, wir sind die aktuell am meisten verkaufte Hochdruckreiniger-Marke weltweit. Wir m\u00f6chten uns bei euch bedanken! <\/p>\n<h3>  Unsere Produkt-Highlights <\/h3>\n<p class=\"apm-brand-story-stores-link\">\n<p>                                              <img decoding=\"async\" alt=\"\" src=\"https:\/\/images-na.ssl-images-amazon.com\/images\/G\/01\/x-locale\/common\/grey-pixel.gif\" class=\"a-lazy-loaded\" data-src=\"https:\/\/m.media-amazon.com\/images\/S\/aplus-media-library-service-media\/d28b6fcd-5f0e-4ef0-9d02-3fd60854b30d.__CR0,0,362,453_PT0_SX362_V1___.jpg\"><img decoding=\"async\" alt=\"\" src=\"https:\/\/m.media-amazon.com\/images\/S\/aplus-media-library-service-media\/d28b6fcd-5f0e-4ef0-9d02-3fd60854b30d.__CR0,0,362,453_PT0_SX362_V1___.jpg\">  <\/p>\n<h3>  Ausgezeichnet <\/h3>\n<p>  Wir \u00fcbernehmen Verantwortung \u2013 unser Engagement im Bereich Nachhaltigkeit wurde mit dem Deutschen Nachhaltigkeitspreis ausgezeichnet. <\/p>\n<p>                                              <img decoding=\"async\" alt=\"Nachhaltigkeitsinfografik mit vier gelben Sechsecken, die Statistiken \u00fcber CO2-neutrale Produktion, Verpackung und Umwelteinsparung zeigt, mit\" src=\"https:\/\/images-na.ssl-images-amazon.com\/images\/G\/01\/x-locale\/common\/grey-pixel.gif\" class=\"a-lazy-loaded\" data-src=\"https:\/\/m.media-amazon.com\/images\/S\/aplus-media-library-service-media\/3853b755-5c2b-4c65-9445-90ca7454d8af.__CR0,0,362,453_PT0_SX362_V1___.jpg\"><img decoding=\"async\" alt=\"Nachhaltigkeitsinfografik mit vier gelben Sechsecken, die Statistiken \u00fcber CO2-neutrale Produktion, Verpackung und Umwelteinsparung zeigt, mit\" src=\"https:\/\/m.media-amazon.com\/images\/S\/aplus-media-library-service-media\/3853b755-5c2b-4c65-9445-90ca7454d8af.__CR0,0,362,453_PT0_SX362_V1___.jpg\">  <\/p>\n<p>                                              <img decoding=\"async\" alt=\"\" src=\"https:\/\/images-na.ssl-images-amazon.com\/images\/G\/01\/x-locale\/common\/grey-pixel.gif\" class=\"a-lazy-loaded\" data-src=\"https:\/\/m.media-amazon.com\/images\/S\/aplus-media-library-service-media\/b36da216-ea80-4cbd-9d50-701bdcd61031.__CR0,0,362,453_PT0_SX362_V1___.jpg\"><img decoding=\"async\" alt=\"\" src=\"https:\/\/m.media-amazon.com\/images\/S\/aplus-media-library-service-media\/b36da216-ea80-4cbd-9d50-701bdcd61031.__CR0,0,362,453_PT0_SX362_V1___.jpg\">  <\/p>\n<h3>  Werte erhalten <\/h3>\n<p>  Vom Mount Rushmore bis zum K\u00f6lner Dom: Seit 1980 haben wir weltweit \u00fcber 160 Bauwerke und Denkm\u00e4ler gereinigt. <\/p>\n<p>                                                         Garantiert gut \u2013 unsere Produktgarantien                                       <\/p>\n<p> Unsere Ger\u00e4te haben eine Produktgarantie von 24 Monaten. F\u00fcr ausgew\u00e4hlte Produkte l\u00e4sst sich diese auf 60 Monate verl\u00e4ngern. <\/p>\n<p>                                                         H\u00e4lt l\u00e4nger \u2013 unser Reparaturservice                                       <\/p>\n<p> Mit unserem Reparatur- und Ersatzteilservice haben Sie lange Freude an Ihrem Ger\u00e4t. Unsere Ersatzteile stammen zum gr\u00f6\u00dften Teil aus eigener Produktion. Das garantiert Ihnen kompromisslose K\u00e4rcher-Qualit\u00e4t. <\/p>\n<p>                                                         Vor Ort \u2013 wir sind f\u00fcr Sie da                                       <\/p>\n<p> Sie haben Fragen zu unseren Produkten oder ben\u00f6tigen Hilfe? In unseren K\u00e4rcher Centern und Verkaufs- und Servicestellen in ganz Deutschland beraten wir Sie gerne. <\/p>\n<p>Tropfen- und streifenfrei: Der K\u00e4rcher Fenstersauger WV 2 Plus N erm\u00f6glicht eine gr\u00fcndliche Reinigung von Fenstern und anderen glatten Oberfl\u00e4chen ohne Tropfen und Streifen<br \/>Einfache Handhabung: Der handliche Fenstersauger ist besonders leicht und sehr leise. Es ist einfach zu bedienen und sorgt f\u00fcr eine m\u00fchelose Fensterreinigung<br \/>Zwei Saugd\u00fcsen: Die Standard-Saugd\u00fcse (280 mm) eignet sich f\u00fcr gro\u00dfe Glasfl\u00e4chen, die kleine (170 mm) eignet sich ideal f\u00fcr enge Stellen wie Sprossenfenster<br \/>Hygienisch: Der Schmutzwassertank l\u00e4sst sich w\u00e4hrend oder nach der Reinigung einfach entleeren. Sie kommen nicht mit schmutzigem Wasser in Ber\u00fchrung<br \/>Lieferumfang: Im Set enthalten sind der K\u00e4rcher Fenstersauger WV 2, ein Ladeger\u00e4t, eine Spr\u00fchflasche mit Wischer und Mikrofaserbezug, 2 Saugd\u00fcsen und 20 ml K\u00e4rcher Fensterreiniger-Konzentrat<\/p>\n<p>[ad_2]<\/p>\n","protected":false},"excerpt":{"rendered":"<p>Von der Marke Im Jahr 2025 feiern wir 90 Jahre von K\u00e4rcher! F\u00fcr uns ist die Sauberkeit die gr\u00f6\u00dfte Herausforderung der Welt. Seit der Gr\u00fcndung des Unternehmens im Jahr 1935 in Deutschland arbeiten wir daran, die Welt ein bisschen sauberer zu machen. \u00dcber 600 Patente zeugen von unserer Innovationskraft. Mit unseren Produkten und Dienstleistungen wollen [&hellip;]<\/p>\n","protected":false},"featured_media":9772,"comment_status":"open","ping_status":"closed","template":"","meta":[],"store":[],"product_brand":[493],"product_cat":[74],"product_tag":[251],"class_list":{"0":"post-9771","1":"product","2":"type-product","3":"status-publish","4":"has-post-thumbnail","6":"product_brand-kaercher","7":"product_cat-fensterreinigungsroboter","8":"product_tag-fensterreinigungsroboter-fuer-grosse-fenster","10":"first","11":"instock","12":"sale","13":"shipping-taxable","14":"product-type-external"},"yoast_head":"<!-- This site is optimized with the Yoast SEO plugin v27.0 - https:\/\/yoast.com\/product\/yoast-seo-wordpress\/ -->\n<title>K\u00e4rcher WV 2 Plus N Akku-Fenstersauger, Akkulaufzeit: 35 Minuten, LED-Ladezustandsanzeige, 2 Saugd\u00fcsen, Spr\u00fchflasche mit Mikrofaserbezug, 20 ml Fensterreiniger-Konzentrat - EasyLifeBro<\/title>\n<meta name=\"description\" content=\"Entdecken Sie smarte Roboter f\u00fcr Zuhause, Garten, Bildung und Sicherheit. Vergleichen Sie Saugroboter, Rasenm\u00e4hroboter, KI-Begleitroboter und mehr bei EasyLifeRobo.\" \/>\n<meta name=\"robots\" content=\"index, follow, max-snippet:-1, max-image-preview:large, max-video-preview:-1\" \/>\n<link rel=\"canonical\" href=\"https:\/\/easyliferobo.com\/de\/product\/kaercher-wv-2-plus-n-akku-fenstersauger-akkulaufzeit-35-minuten-led-ladezustandsanzeige-2-saugduesen-spruehflasche-mit-mikrofaserbezug-20-ml-fensterreiniger-konzentrat\/\" \/>\n<meta property=\"og:locale\" content=\"de_DE\" \/>\n<meta property=\"og:type\" content=\"article\" \/>\n<meta property=\"og:title\" content=\"K\u00e4rcher WV 2 Plus N Akku-Fenstersauger, Akkulaufzeit: 35 Minuten, LED-Ladezustandsanzeige, 2 Saugd\u00fcsen, Spr\u00fchflasche mit Mikrofaserbezug, 20 ml Fensterreiniger-Konzentrat - EasyLifeBro\" \/>\n<meta property=\"og:description\" content=\"Entdecken Sie smarte Roboter f\u00fcr Zuhause, Garten, Bildung und Sicherheit. Vergleichen Sie Saugroboter, Rasenm\u00e4hroboter, KI-Begleitroboter und mehr bei EasyLifeRobo.\" \/>\n<meta property=\"og:url\" content=\"https:\/\/easyliferobo.com\/de\/product\/kaercher-wv-2-plus-n-akku-fenstersauger-akkulaufzeit-35-minuten-led-ladezustandsanzeige-2-saugduesen-spruehflasche-mit-mikrofaserbezug-20-ml-fensterreiniger-konzentrat\/\" \/>\n<meta property=\"og:site_name\" content=\"EasyLifeBro\" \/>\n<meta property=\"article:modified_time\" content=\"2026-03-15T19:51:25+00:00\" \/>\n<meta property=\"og:image\" content=\"https:\/\/images-na.ssl-images-amazon.com\/images\/G\/01\/x-locale\/common\/grey-pixel.gif\" \/>\n<meta name=\"twitter:card\" content=\"summary_large_image\" \/>\n<meta name=\"twitter:label1\" content=\"Gesch\u00e4tzte Lesezeit\" \/>\n\t<meta name=\"twitter:data1\" content=\"2\u00a0Minuten\" \/>\n<script type=\"application\/ld+json\" class=\"yoast-schema-graph\">{\"@context\":\"https:\/\/schema.org\",\"@graph\":[{\"@type\":\"WebPage\",\"@id\":\"https:\/\/easyliferobo.com\/de\/product\/kaercher-wv-2-plus-n-akku-fenstersauger-akkulaufzeit-35-minuten-led-ladezustandsanzeige-2-saugduesen-spruehflasche-mit-mikrofaserbezug-20-ml-fensterreiniger-konzentrat\/\",\"url\":\"https:\/\/easyliferobo.com\/de\/product\/kaercher-wv-2-plus-n-akku-fenstersauger-akkulaufzeit-35-minuten-led-ladezustandsanzeige-2-saugduesen-spruehflasche-mit-mikrofaserbezug-20-ml-fensterreiniger-konzentrat\/\",\"name\":\"K\u00e4rcher WV 2 Plus N Akku-Fenstersauger, Akkulaufzeit: 35 Minuten, LED-Ladezustandsanzeige, 2 Saugd\u00fcsen, Spr\u00fchflasche mit Mikrofaserbezug, 20 ml Fensterreiniger-Konzentrat - EasyLifeBro\",\"isPartOf\":{\"@id\":\"https:\/\/easyliferobo.com\/de\/#website\"},\"primaryImageOfPage\":{\"@id\":\"https:\/\/easyliferobo.com\/de\/product\/kaercher-wv-2-plus-n-akku-fenstersauger-akkulaufzeit-35-minuten-led-ladezustandsanzeige-2-saugduesen-spruehflasche-mit-mikrofaserbezug-20-ml-fensterreiniger-konzentrat\/#primaryimage\"},\"image\":{\"@id\":\"https:\/\/easyliferobo.com\/de\/product\/kaercher-wv-2-plus-n-akku-fenstersauger-akkulaufzeit-35-minuten-led-ladezustandsanzeige-2-saugduesen-spruehflasche-mit-mikrofaserbezug-20-ml-fensterreiniger-konzentrat\/#primaryimage\"},\"thumbnailUrl\":\"https:\/\/easyliferobo.com\/de\/wp-content\/uploads\/2026\/03\/61MiVpHgaL._AC_SL1500_.jpg\",\"datePublished\":\"2026-03-15T19:51:10+00:00\",\"dateModified\":\"2026-03-15T19:51:25+00:00\",\"description\":\"Entdecken Sie smarte Roboter f\u00fcr Zuhause, Garten, Bildung und Sicherheit. Vergleichen Sie Saugroboter, Rasenm\u00e4hroboter, KI-Begleitroboter und mehr bei EasyLifeRobo.\",\"breadcrumb\":{\"@id\":\"https:\/\/easyliferobo.com\/de\/product\/kaercher-wv-2-plus-n-akku-fenstersauger-akkulaufzeit-35-minuten-led-ladezustandsanzeige-2-saugduesen-spruehflasche-mit-mikrofaserbezug-20-ml-fensterreiniger-konzentrat\/#breadcrumb\"},\"inLanguage\":\"de\",\"potentialAction\":[{\"@type\":\"ReadAction\",\"target\":[\"https:\/\/easyliferobo.com\/de\/product\/kaercher-wv-2-plus-n-akku-fenstersauger-akkulaufzeit-35-minuten-led-ladezustandsanzeige-2-saugduesen-spruehflasche-mit-mikrofaserbezug-20-ml-fensterreiniger-konzentrat\/\"]}]},{\"@type\":\"ImageObject\",\"inLanguage\":\"de\",\"@id\":\"https:\/\/easyliferobo.com\/de\/product\/kaercher-wv-2-plus-n-akku-fenstersauger-akkulaufzeit-35-minuten-led-ladezustandsanzeige-2-saugduesen-spruehflasche-mit-mikrofaserbezug-20-ml-fensterreiniger-konzentrat\/#primaryimage\",\"url\":\"https:\/\/easyliferobo.com\/de\/wp-content\/uploads\/2026\/03\/61MiVpHgaL._AC_SL1500_.jpg\",\"contentUrl\":\"https:\/\/easyliferobo.com\/de\/wp-content\/uploads\/2026\/03\/61MiVpHgaL._AC_SL1500_.jpg\",\"width\":1189,\"height\":1344},{\"@type\":\"BreadcrumbList\",\"@id\":\"https:\/\/easyliferobo.com\/de\/product\/kaercher-wv-2-plus-n-akku-fenstersauger-akkulaufzeit-35-minuten-led-ladezustandsanzeige-2-saugduesen-spruehflasche-mit-mikrofaserbezug-20-ml-fensterreiniger-konzentrat\/#breadcrumb\",\"itemListElement\":[{\"@type\":\"ListItem\",\"position\":1,\"name\":\"Home\",\"item\":\"https:\/\/easyliferobo.com\/de\/\"},{\"@type\":\"ListItem\",\"position\":2,\"name\":\"Shop\",\"item\":\"https:\/\/easyliferobo.com\/de\/shop\/\"},{\"@type\":\"ListItem\",\"position\":3,\"name\":\"K\u00e4rcher WV 2 Plus N Akku-Fenstersa...\"}]},{\"@type\":\"WebSite\",\"@id\":\"https:\/\/easyliferobo.com\/de\/#website\",\"url\":\"https:\/\/easyliferobo.com\/de\/\",\"name\":\"EasyLifeBro\",\"description\":\"Smarte Roboter f\u00fcr Zuhause, Garten &amp; Bildung\",\"publisher\":{\"@id\":\"https:\/\/easyliferobo.com\/de\/#organization\"},\"potentialAction\":[{\"@type\":\"SearchAction\",\"target\":{\"@type\":\"EntryPoint\",\"urlTemplate\":\"https:\/\/easyliferobo.com\/de\/?s={search_term_string}\"},\"query-input\":{\"@type\":\"PropertyValueSpecification\",\"valueRequired\":true,\"valueName\":\"search_term_string\"}}],\"inLanguage\":\"de\"},{\"@type\":\"Organization\",\"@id\":\"https:\/\/easyliferobo.com\/de\/#organization\",\"name\":\"EasyLifeBro\",\"url\":\"https:\/\/easyliferobo.com\/de\/\",\"logo\":{\"@type\":\"ImageObject\",\"inLanguage\":\"de\",\"@id\":\"https:\/\/easyliferobo.com\/de\/#\/schema\/logo\/image\/\",\"url\":\"https:\/\/easyliferobo.com\/de\/wp-content\/uploads\/2026\/02\/Screenshot-2026-02-22-at-2.25.03-PM.png\",\"contentUrl\":\"https:\/\/easyliferobo.com\/de\/wp-content\/uploads\/2026\/02\/Screenshot-2026-02-22-at-2.25.03-PM.png\",\"width\":1858,\"height\":430,\"caption\":\"EasyLifeBro\"},\"image\":{\"@id\":\"https:\/\/easyliferobo.com\/de\/#\/schema\/logo\/image\/\"}}]}<\/script>\n<!-- \/ Yoast SEO plugin. -->","yoast_head_json":{"title":"K\u00e4rcher WV 2 Plus N Akku-Fenstersauger, Akkulaufzeit: 35 Minuten, LED-Ladezustandsanzeige, 2 Saugd\u00fcsen, Spr\u00fchflasche mit Mikrofaserbezug, 20 ml Fensterreiniger-Konzentrat - EasyLifeBro","description":"Entdecken Sie smarte Roboter f\u00fcr Zuhause, Garten, Bildung und Sicherheit. Vergleichen Sie Saugroboter, Rasenm\u00e4hroboter, KI-Begleitroboter und mehr bei EasyLifeRobo.","robots":{"index":"index","follow":"follow","max-snippet":"max-snippet:-1","max-image-preview":"max-image-preview:large","max-video-preview":"max-video-preview:-1"},"canonical":"https:\/\/easyliferobo.com\/de\/product\/kaercher-wv-2-plus-n-akku-fenstersauger-akkulaufzeit-35-minuten-led-ladezustandsanzeige-2-saugduesen-spruehflasche-mit-mikrofaserbezug-20-ml-fensterreiniger-konzentrat\/","og_locale":"de_DE","og_type":"article","og_title":"K\u00e4rcher WV 2 Plus N Akku-Fenstersauger, Akkulaufzeit: 35 Minuten, LED-Ladezustandsanzeige, 2 Saugd\u00fcsen, Spr\u00fchflasche mit Mikrofaserbezug, 20 ml Fensterreiniger-Konzentrat - EasyLifeBro","og_description":"Entdecken Sie smarte Roboter f\u00fcr Zuhause, Garten, Bildung und Sicherheit. Vergleichen Sie Saugroboter, Rasenm\u00e4hroboter, KI-Begleitroboter und mehr bei EasyLifeRobo.","og_url":"https:\/\/easyliferobo.com\/de\/product\/kaercher-wv-2-plus-n-akku-fenstersauger-akkulaufzeit-35-minuten-led-ladezustandsanzeige-2-saugduesen-spruehflasche-mit-mikrofaserbezug-20-ml-fensterreiniger-konzentrat\/","og_site_name":"EasyLifeBro","article_modified_time":"2026-03-15T19:51:25+00:00","og_image":[{"url":"https:\/\/images-na.ssl-images-amazon.com\/images\/G\/01\/x-locale\/common\/grey-pixel.gif","type":"","width":"","height":""}],"twitter_card":"summary_large_image","twitter_misc":{"Gesch\u00e4tzte Lesezeit":"2\u00a0Minuten"},"schema":{"@context":"https:\/\/schema.org","@graph":[{"@type":"WebPage","@id":"https:\/\/easyliferobo.com\/de\/product\/kaercher-wv-2-plus-n-akku-fenstersauger-akkulaufzeit-35-minuten-led-ladezustandsanzeige-2-saugduesen-spruehflasche-mit-mikrofaserbezug-20-ml-fensterreiniger-konzentrat\/","url":"https:\/\/easyliferobo.com\/de\/product\/kaercher-wv-2-plus-n-akku-fenstersauger-akkulaufzeit-35-minuten-led-ladezustandsanzeige-2-saugduesen-spruehflasche-mit-mikrofaserbezug-20-ml-fensterreiniger-konzentrat\/","name":"K\u00e4rcher WV 2 Plus N Akku-Fenstersauger, Akkulaufzeit: 35 Minuten, LED-Ladezustandsanzeige, 2 Saugd\u00fcsen, Spr\u00fchflasche mit Mikrofaserbezug, 20 ml Fensterreiniger-Konzentrat - EasyLifeBro","isPartOf":{"@id":"https:\/\/easyliferobo.com\/de\/#website"},"primaryImageOfPage":{"@id":"https:\/\/easyliferobo.com\/de\/product\/kaercher-wv-2-plus-n-akku-fenstersauger-akkulaufzeit-35-minuten-led-ladezustandsanzeige-2-saugduesen-spruehflasche-mit-mikrofaserbezug-20-ml-fensterreiniger-konzentrat\/#primaryimage"},"image":{"@id":"https:\/\/easyliferobo.com\/de\/product\/kaercher-wv-2-plus-n-akku-fenstersauger-akkulaufzeit-35-minuten-led-ladezustandsanzeige-2-saugduesen-spruehflasche-mit-mikrofaserbezug-20-ml-fensterreiniger-konzentrat\/#primaryimage"},"thumbnailUrl":"https:\/\/easyliferobo.com\/de\/wp-content\/uploads\/2026\/03\/61MiVpHgaL._AC_SL1500_.jpg","datePublished":"2026-03-15T19:51:10+00:00","dateModified":"2026-03-15T19:51:25+00:00","description":"Entdecken Sie smarte Roboter f\u00fcr Zuhause, Garten, Bildung und Sicherheit. Vergleichen Sie Saugroboter, Rasenm\u00e4hroboter, KI-Begleitroboter und mehr bei EasyLifeRobo.","breadcrumb":{"@id":"https:\/\/easyliferobo.com\/de\/product\/kaercher-wv-2-plus-n-akku-fenstersauger-akkulaufzeit-35-minuten-led-ladezustandsanzeige-2-saugduesen-spruehflasche-mit-mikrofaserbezug-20-ml-fensterreiniger-konzentrat\/#breadcrumb"},"inLanguage":"de","potentialAction":[{"@type":"ReadAction","target":["https:\/\/easyliferobo.com\/de\/product\/kaercher-wv-2-plus-n-akku-fenstersauger-akkulaufzeit-35-minuten-led-ladezustandsanzeige-2-saugduesen-spruehflasche-mit-mikrofaserbezug-20-ml-fensterreiniger-konzentrat\/"]}]},{"@type":"ImageObject","inLanguage":"de","@id":"https:\/\/easyliferobo.com\/de\/product\/kaercher-wv-2-plus-n-akku-fenstersauger-akkulaufzeit-35-minuten-led-ladezustandsanzeige-2-saugduesen-spruehflasche-mit-mikrofaserbezug-20-ml-fensterreiniger-konzentrat\/#primaryimage","url":"https:\/\/easyliferobo.com\/de\/wp-content\/uploads\/2026\/03\/61MiVpHgaL._AC_SL1500_.jpg","contentUrl":"https:\/\/easyliferobo.com\/de\/wp-content\/uploads\/2026\/03\/61MiVpHgaL._AC_SL1500_.jpg","width":1189,"height":1344},{"@type":"BreadcrumbList","@id":"https:\/\/easyliferobo.com\/de\/product\/kaercher-wv-2-plus-n-akku-fenstersauger-akkulaufzeit-35-minuten-led-ladezustandsanzeige-2-saugduesen-spruehflasche-mit-mikrofaserbezug-20-ml-fensterreiniger-konzentrat\/#breadcrumb","itemListElement":[{"@type":"ListItem","position":1,"name":"Home","item":"https:\/\/easyliferobo.com\/de\/"},{"@type":"ListItem","position":2,"name":"Shop","item":"https:\/\/easyliferobo.com\/de\/shop\/"},{"@type":"ListItem","position":3,"name":"K\u00e4rcher WV 2 Plus N Akku-Fenstersa..."}]},{"@type":"WebSite","@id":"https:\/\/easyliferobo.com\/de\/#website","url":"https:\/\/easyliferobo.com\/de\/","name":"EasyLifeBro","description":"Smarte Roboter f\u00fcr Zuhause, Garten &amp; Bildung","publisher":{"@id":"https:\/\/easyliferobo.com\/de\/#organization"},"potentialAction":[{"@type":"SearchAction","target":{"@type":"EntryPoint","urlTemplate":"https:\/\/easyliferobo.com\/de\/?s={search_term_string}"},"query-input":{"@type":"PropertyValueSpecification","valueRequired":true,"valueName":"search_term_string"}}],"inLanguage":"de"},{"@type":"Organization","@id":"https:\/\/easyliferobo.com\/de\/#organization","name":"EasyLifeBro","url":"https:\/\/easyliferobo.com\/de\/","logo":{"@type":"ImageObject","inLanguage":"de","@id":"https:\/\/easyliferobo.com\/de\/#\/schema\/logo\/image\/","url":"https:\/\/easyliferobo.com\/de\/wp-content\/uploads\/2026\/02\/Screenshot-2026-02-22-at-2.25.03-PM.png","contentUrl":"https:\/\/easyliferobo.com\/de\/wp-content\/uploads\/2026\/02\/Screenshot-2026-02-22-at-2.25.03-PM.png","width":1858,"height":430,"caption":"EasyLifeBro"},"image":{"@id":"https:\/\/easyliferobo.com\/de\/#\/schema\/logo\/image\/"}}]}},"_links":{"self":[{"href":"https:\/\/easyliferobo.com\/de\/wp-json\/wp\/v2\/product\/9771","targetHints":{"allow":["GET"]}}],"collection":[{"href":"https:\/\/easyliferobo.com\/de\/wp-json\/wp\/v2\/product"}],"about":[{"href":"https:\/\/easyliferobo.com\/de\/wp-json\/wp\/v2\/types\/product"}],"replies":[{"embeddable":true,"href":"https:\/\/easyliferobo.com\/de\/wp-json\/wp\/v2\/comments?post=9771"}],"wp:featuredmedia":[{"embeddable":true,"href":"https:\/\/easyliferobo.com\/de\/wp-json\/wp\/v2\/media\/9772"}],"wp:attachment":[{"href":"https:\/\/easyliferobo.com\/de\/wp-json\/wp\/v2\/media?parent=9771"}],"wp:term":[{"taxonomy":"store","embeddable":true,"href":"https:\/\/easyliferobo.com\/de\/wp-json\/wp\/v2\/store?post=9771"},{"taxonomy":"product_brand","embeddable":true,"href":"https:\/\/easyliferobo.com\/de\/wp-json\/wp\/v2\/product_brand?post=9771"},{"taxonomy":"product_cat","embeddable":true,"href":"https:\/\/easyliferobo.com\/de\/wp-json\/wp\/v2\/product_cat?post=9771"},{"taxonomy":"product_tag","embeddable":true,"href":"https:\/\/easyliferobo.com\/de\/wp-json\/wp\/v2\/product_tag?post=9771"}],"curies":[{"name":"wp","href":"https:\/\/api.w.org\/{rel}","templated":true}]}}