
{"id":967,"date":"2026-02-22T11:07:08","date_gmt":"2026-02-22T11:07:08","guid":{"rendered":"https:\/\/easyliferobo.com\/de\/product\/intelligenter-sprechender-roboter-intelligenter-sprechender-roboter-fuer-kinder-intelligente-sprechende-interaktive-roboterspielzeugesprachgesteuerter-kinderroboter-mit-beruehrungssensor-s\/"},"modified":"2026-02-22T23:35:39","modified_gmt":"2026-02-22T23:35:39","slug":"intelligenter-sprechender-roboter-intelligenter-sprechender-roboter-fuer-kinder-intelligente-sprechende-interaktive-roboterspielzeugesprachgesteuerter-kinderroboter-mit-beruehrungssensor-s","status":"publish","type":"product","link":"https:\/\/easyliferobo.com\/de\/product\/intelligenter-sprechender-roboter-intelligenter-sprechender-roboter-fuer-kinder-intelligente-sprechende-interaktive-roboterspielzeugesprachgesteuerter-kinderroboter-mit-beruehrungssensor-s\/","title":{"rendered":"Intelligenter sprechender Roboter, ..."},"content":{"rendered":"<p>    <span>Dieses Spielzeug kann singen, tanzen und wiederholen und verf\u00fcgt au\u00dferdem \u00fcber Ber\u00fchrungserkennung, Sprachsteuerung und manuelle Tasten. Seine kleine und niedliche Form besteht aus robusten und sicheren Materialien und ist perfekt, um die Neugier und den Wunsch Ihres Kindes zu stillen, technisches Spielzeug zu erkunden.<br \/>Produktspezifikationen:<br \/>Produktname: Intelligenter sprechender Roboter f\u00fcr Kinder<br \/>Produktmaterial: ABS<br \/>Produktgr\u00f6\u00dfe: ca. 11 x 10 x 11,5 cm<br \/>Energie: 3 AA-Batterien (nicht im Lieferumfang enthalten)<br \/>Features: Singen, Tanzen, Sprachsteuerung<br \/>Funktionen:<br \/>1. Spielmodus: Spieler k\u00f6nnen eine Tierkarte ausw\u00e4hlen und in ihren H\u00e4nden halten. Der Roboter wird Ihnen einige Fragen stellen. Solange Sie wahrheitsgem\u00e4\u00df antworten, kann der Roboter wissen, welches Tier Sie halten. Der Roboter gibt Ihnen mit entsprechenden Aktionen und Ausdr\u00fccken R\u00fcckmeldung, ob Sie richtig oder falsch antworten;<br \/>2. Ber\u00fchrungserkennungsmodus: Der Roboter verf\u00fcgt \u00fcber drei Ber\u00fchrungspunkte, n\u00e4mlich vorne sowie links und rechts oben am Kopf; Durch leichtes Ber\u00fchren der linken und rechten Ber\u00fchrungspunkte kann der Roboter so gesteuert werden, dass er sich vorw\u00e4rts und r\u00fcckw\u00e4rts bewegt sowie nach links und rechts dreht. Durch langes Dr\u00fccken kann die Lautst\u00e4rke angepasst werden. Durch leichtes Ber\u00fchren des vorderen Ber\u00fchrungspunkts des Roboters werden verschiedene Aktionen ausgef\u00fchrt und unterschiedliche Ger\u00e4usche erzeugt.<br \/>3. Sprachwiederholungsmodus: Dr\u00fccken Sie lange auf den vorderen Ber\u00fchrungspunkt oben auf dem Kopf des Roboters, um in den Sprachwiederholungsmodus zu gelangen, und der Roboter wiederholt jeden Satz, den Sie sagen.<br \/>Packliste:<br \/>1 x intelligenter sprechender Roboter f\u00fcr Kinder<br \/>Hinweis:<br \/>Aufgrund unterschiedlicher Beleuchtungs- und Bildschirmeinstellungen kann die Farbe des Artikels geringf\u00fcgig vom Bild abweichen.<\/span>    <br \/>Ber\u00fchrungssensor: Dieses vielseitige Roboterspielzeug f\u00fcr Kinder regt zum Entdecken und zum unterhaltsamen Lernen an. Mit Ber\u00fchrungssensor und Sprachsteuerungstechnologie singt, tanzt und wiederholt es S\u00e4tze. Ein idealer interaktiver Bildungspartner f\u00fcr Kinder<br \/>Niedliche Form: Attraktives Aussehen und lebhafte Bewegungen in einer kleinen, niedlichen Form, die die Aufmerksamkeit von Kindern auf sich ziehen und f\u00fcr stundenlangen Spielspa\u00df sorgen kann. Diese Spielzeuge sind bei Kindern beliebt und zeichnen sich durch eine ausgepr\u00e4gte Dynamik aus, die zu ihrer Gesamtattraktivit\u00e4t beitr\u00e4gt<br \/>Bequem zu bedienen: Mit seiner Ber\u00fchrungserkennung, Sprachsteuerung und manuellen Tastenfunktionen bietet dieses Roboterspielzeug f\u00fcr Kinder ab 3 Jahren ein vielseitiges und interaktives Spielerlebnis. Die Steuerungsmodi sind hervorragend f\u00fcr Kinder konzipiert und somit ein hervorragendes Geschenk f\u00fcr Ihr Kind<br \/>Verbesserte Haltbarkeit: Dieses Roboterspielzeug f\u00fcr Kinder besteht aus robusten und sicheren Materialien und gew\u00e4hrleistet h\u00f6chste Sicherheit und Haltbarkeit. Dank der hochwertigen Materialien und der glatten Gummiabdeckung bleibt die hervorragende Leistung auch nach l\u00e4ngerem Gebrauch erhalten<br \/>Ausgezeichnetes Geschenk: Dieses Spielzeug ist ein ausgezeichnetes Geschenk f\u00fcr Kinder. Es f\u00f6rdert die intellektuelle und emotionale Entwicklung und ist somit ein ideales Geschenk f\u00fcr Feiertage und Geburtstage, w\u00e4hrend es gleichzeitig ihre Neugier und ihren Entdeckungsdrang befriedigt<\/p>\n<p>[ad_2]<\/p>\n","protected":false},"excerpt":{"rendered":"<p>Dieses Spielzeug kann singen, tanzen und wiederholen und verf\u00fcgt au\u00dferdem \u00fcber Ber\u00fchrungserkennung, Sprachsteuerung und manuelle Tasten. Seine kleine und niedliche Form besteht aus robusten und sicheren Materialien und ist perfekt, um die Neugier und den Wunsch Ihres Kindes zu stillen, technisches Spielzeug zu erkunden.Produktspezifikationen:Produktname: Intelligenter sprechender Roboter f\u00fcr KinderProduktmaterial: ABSProduktgr\u00f6\u00dfe: ca. 11 x 10 x [&hellip;]<\/p>\n","protected":false},"featured_media":968,"comment_status":"open","ping_status":"closed","template":"","meta":{"_aipt_faq_data":""},"store":[],"product_brand":[],"product_cat":[95],"product_tag":[228],"class_list":{"0":"post-967","1":"product","2":"type-product","3":"status-publish","4":"has-post-thumbnail","6":"product_cat-sprachgesteuerte-roboter","7":"product_tag-sprachgesteuerte-roboter-mit-alexa","9":"first","10":"instock","11":"sale","12":"shipping-taxable","13":"product-type-external"},"yoast_head":"<!-- This site is optimized with the Yoast SEO plugin v27.0 - https:\/\/yoast.com\/product\/yoast-seo-wordpress\/ -->\n<title>Intelligenter sprechender Roboter, Intelligenter sprechender Roboter f\u00fcr Kinder | Intelligente sprechende interaktive -Roboterspielzeuge,Sprachgesteuerter Kinderroboter mit Ber\u00fchrungssensor, s - EasyLifeBro<\/title>\n<meta name=\"description\" content=\"Entdecken Sie smarte Roboter f\u00fcr Zuhause, Garten, Bildung und Sicherheit. Vergleichen Sie Saugroboter, Rasenm\u00e4hroboter, KI-Begleitroboter und mehr bei EasyLifeRobo.\" \/>\n<meta name=\"robots\" content=\"index, follow, max-snippet:-1, max-image-preview:large, max-video-preview:-1\" \/>\n<link rel=\"canonical\" href=\"https:\/\/easyliferobo.com\/de\/product\/intelligenter-sprechender-roboter-intelligenter-sprechender-roboter-fuer-kinder-intelligente-sprechende-interaktive-roboterspielzeugesprachgesteuerter-kinderroboter-mit-beruehrungssensor-s\/\" \/>\n<meta property=\"og:locale\" content=\"de_DE\" \/>\n<meta property=\"og:type\" content=\"article\" \/>\n<meta property=\"og:title\" content=\"Intelligenter sprechender Roboter, Intelligenter sprechender Roboter f\u00fcr Kinder | Intelligente sprechende interaktive -Roboterspielzeuge,Sprachgesteuerter Kinderroboter mit Ber\u00fchrungssensor, s - EasyLifeBro\" \/>\n<meta property=\"og:description\" content=\"Entdecken Sie smarte Roboter f\u00fcr Zuhause, Garten, Bildung und Sicherheit. Vergleichen Sie Saugroboter, Rasenm\u00e4hroboter, KI-Begleitroboter und mehr bei EasyLifeRobo.\" \/>\n<meta property=\"og:url\" content=\"https:\/\/easyliferobo.com\/de\/product\/intelligenter-sprechender-roboter-intelligenter-sprechender-roboter-fuer-kinder-intelligente-sprechende-interaktive-roboterspielzeugesprachgesteuerter-kinderroboter-mit-beruehrungssensor-s\/\" \/>\n<meta property=\"og:site_name\" content=\"EasyLifeBro\" \/>\n<meta property=\"article:modified_time\" content=\"2026-02-22T23:35:39+00:00\" \/>\n<meta property=\"og:image\" content=\"https:\/\/easyliferobo.com\/de\/wp-content\/uploads\/2026\/02\/61YR28dGQGL._AC_SL1500_.jpg\" \/>\n\t<meta property=\"og:image:width\" content=\"1405\" \/>\n\t<meta property=\"og:image:height\" content=\"1500\" \/>\n\t<meta property=\"og:image:type\" content=\"image\/jpeg\" \/>\n<meta name=\"twitter:card\" content=\"summary_large_image\" \/>\n<meta name=\"twitter:label1\" content=\"Gesch\u00e4tzte Lesezeit\" \/>\n\t<meta name=\"twitter:data1\" content=\"2\u00a0Minuten\" \/>\n<script type=\"application\/ld+json\" class=\"yoast-schema-graph\">{\"@context\":\"https:\/\/schema.org\",\"@graph\":[{\"@type\":\"WebPage\",\"@id\":\"https:\/\/easyliferobo.com\/de\/product\/intelligenter-sprechender-roboter-intelligenter-sprechender-roboter-fuer-kinder-intelligente-sprechende-interaktive-roboterspielzeugesprachgesteuerter-kinderroboter-mit-beruehrungssensor-s\/\",\"url\":\"https:\/\/easyliferobo.com\/de\/product\/intelligenter-sprechender-roboter-intelligenter-sprechender-roboter-fuer-kinder-intelligente-sprechende-interaktive-roboterspielzeugesprachgesteuerter-kinderroboter-mit-beruehrungssensor-s\/\",\"name\":\"Intelligenter sprechender Roboter, Intelligenter sprechender Roboter f\u00fcr Kinder | Intelligente sprechende interaktive -Roboterspielzeuge,Sprachgesteuerter Kinderroboter mit Ber\u00fchrungssensor, s - EasyLifeBro\",\"isPartOf\":{\"@id\":\"https:\/\/easyliferobo.com\/de\/#website\"},\"primaryImageOfPage\":{\"@id\":\"https:\/\/easyliferobo.com\/de\/product\/intelligenter-sprechender-roboter-intelligenter-sprechender-roboter-fuer-kinder-intelligente-sprechende-interaktive-roboterspielzeugesprachgesteuerter-kinderroboter-mit-beruehrungssensor-s\/#primaryimage\"},\"image\":{\"@id\":\"https:\/\/easyliferobo.com\/de\/product\/intelligenter-sprechender-roboter-intelligenter-sprechender-roboter-fuer-kinder-intelligente-sprechende-interaktive-roboterspielzeugesprachgesteuerter-kinderroboter-mit-beruehrungssensor-s\/#primaryimage\"},\"thumbnailUrl\":\"https:\/\/easyliferobo.com\/de\/wp-content\/uploads\/2026\/02\/61YR28dGQGL._AC_SL1500_.jpg\",\"datePublished\":\"2026-02-22T11:07:08+00:00\",\"dateModified\":\"2026-02-22T23:35:39+00:00\",\"description\":\"Entdecken Sie smarte Roboter f\u00fcr Zuhause, Garten, Bildung und Sicherheit. Vergleichen Sie Saugroboter, Rasenm\u00e4hroboter, KI-Begleitroboter und mehr bei EasyLifeRobo.\",\"breadcrumb\":{\"@id\":\"https:\/\/easyliferobo.com\/de\/product\/intelligenter-sprechender-roboter-intelligenter-sprechender-roboter-fuer-kinder-intelligente-sprechende-interaktive-roboterspielzeugesprachgesteuerter-kinderroboter-mit-beruehrungssensor-s\/#breadcrumb\"},\"inLanguage\":\"de\",\"potentialAction\":[{\"@type\":\"ReadAction\",\"target\":[\"https:\/\/easyliferobo.com\/de\/product\/intelligenter-sprechender-roboter-intelligenter-sprechender-roboter-fuer-kinder-intelligente-sprechende-interaktive-roboterspielzeugesprachgesteuerter-kinderroboter-mit-beruehrungssensor-s\/\"]}]},{\"@type\":\"ImageObject\",\"inLanguage\":\"de\",\"@id\":\"https:\/\/easyliferobo.com\/de\/product\/intelligenter-sprechender-roboter-intelligenter-sprechender-roboter-fuer-kinder-intelligente-sprechende-interaktive-roboterspielzeugesprachgesteuerter-kinderroboter-mit-beruehrungssensor-s\/#primaryimage\",\"url\":\"https:\/\/easyliferobo.com\/de\/wp-content\/uploads\/2026\/02\/61YR28dGQGL._AC_SL1500_.jpg\",\"contentUrl\":\"https:\/\/easyliferobo.com\/de\/wp-content\/uploads\/2026\/02\/61YR28dGQGL._AC_SL1500_.jpg\",\"width\":1405,\"height\":1500},{\"@type\":\"BreadcrumbList\",\"@id\":\"https:\/\/easyliferobo.com\/de\/product\/intelligenter-sprechender-roboter-intelligenter-sprechender-roboter-fuer-kinder-intelligente-sprechende-interaktive-roboterspielzeugesprachgesteuerter-kinderroboter-mit-beruehrungssensor-s\/#breadcrumb\",\"itemListElement\":[{\"@type\":\"ListItem\",\"position\":1,\"name\":\"Home\",\"item\":\"https:\/\/easyliferobo.com\/de\/\"},{\"@type\":\"ListItem\",\"position\":2,\"name\":\"Shop\",\"item\":\"https:\/\/easyliferobo.com\/de\/shop\/\"},{\"@type\":\"ListItem\",\"position\":3,\"name\":\"Intelligenter sprechender Roboter, ...\"}]},{\"@type\":\"WebSite\",\"@id\":\"https:\/\/easyliferobo.com\/de\/#website\",\"url\":\"https:\/\/easyliferobo.com\/de\/\",\"name\":\"EasyLifeBro\",\"description\":\"Smarte Roboter f\u00fcr Zuhause, Garten &amp; Bildung\",\"publisher\":{\"@id\":\"https:\/\/easyliferobo.com\/de\/#organization\"},\"potentialAction\":[{\"@type\":\"SearchAction\",\"target\":{\"@type\":\"EntryPoint\",\"urlTemplate\":\"https:\/\/easyliferobo.com\/de\/?s={search_term_string}\"},\"query-input\":{\"@type\":\"PropertyValueSpecification\",\"valueRequired\":true,\"valueName\":\"search_term_string\"}}],\"inLanguage\":\"de\"},{\"@type\":\"Organization\",\"@id\":\"https:\/\/easyliferobo.com\/de\/#organization\",\"name\":\"EasyLifeBro\",\"url\":\"https:\/\/easyliferobo.com\/de\/\",\"logo\":{\"@type\":\"ImageObject\",\"inLanguage\":\"de\",\"@id\":\"https:\/\/easyliferobo.com\/de\/#\/schema\/logo\/image\/\",\"url\":\"https:\/\/easyliferobo.com\/de\/wp-content\/uploads\/2026\/02\/Screenshot-2026-02-22-at-2.25.03-PM.png\",\"contentUrl\":\"https:\/\/easyliferobo.com\/de\/wp-content\/uploads\/2026\/02\/Screenshot-2026-02-22-at-2.25.03-PM.png\",\"width\":1858,\"height\":430,\"caption\":\"EasyLifeBro\"},\"image\":{\"@id\":\"https:\/\/easyliferobo.com\/de\/#\/schema\/logo\/image\/\"}}]}<\/script>\n<!-- \/ Yoast SEO plugin. -->","yoast_head_json":{"title":"Intelligenter sprechender Roboter, Intelligenter sprechender Roboter f\u00fcr Kinder | Intelligente sprechende interaktive -Roboterspielzeuge,Sprachgesteuerter Kinderroboter mit Ber\u00fchrungssensor, s - EasyLifeBro","description":"Entdecken Sie smarte Roboter f\u00fcr Zuhause, Garten, Bildung und Sicherheit. Vergleichen Sie Saugroboter, Rasenm\u00e4hroboter, KI-Begleitroboter und mehr bei EasyLifeRobo.","robots":{"index":"index","follow":"follow","max-snippet":"max-snippet:-1","max-image-preview":"max-image-preview:large","max-video-preview":"max-video-preview:-1"},"canonical":"https:\/\/easyliferobo.com\/de\/product\/intelligenter-sprechender-roboter-intelligenter-sprechender-roboter-fuer-kinder-intelligente-sprechende-interaktive-roboterspielzeugesprachgesteuerter-kinderroboter-mit-beruehrungssensor-s\/","og_locale":"de_DE","og_type":"article","og_title":"Intelligenter sprechender Roboter, Intelligenter sprechender Roboter f\u00fcr Kinder | Intelligente sprechende interaktive -Roboterspielzeuge,Sprachgesteuerter Kinderroboter mit Ber\u00fchrungssensor, s - EasyLifeBro","og_description":"Entdecken Sie smarte Roboter f\u00fcr Zuhause, Garten, Bildung und Sicherheit. Vergleichen Sie Saugroboter, Rasenm\u00e4hroboter, KI-Begleitroboter und mehr bei EasyLifeRobo.","og_url":"https:\/\/easyliferobo.com\/de\/product\/intelligenter-sprechender-roboter-intelligenter-sprechender-roboter-fuer-kinder-intelligente-sprechende-interaktive-roboterspielzeugesprachgesteuerter-kinderroboter-mit-beruehrungssensor-s\/","og_site_name":"EasyLifeBro","article_modified_time":"2026-02-22T23:35:39+00:00","og_image":[{"width":1405,"height":1500,"url":"https:\/\/easyliferobo.com\/de\/wp-content\/uploads\/2026\/02\/61YR28dGQGL._AC_SL1500_.jpg","type":"image\/jpeg"}],"twitter_card":"summary_large_image","twitter_misc":{"Gesch\u00e4tzte Lesezeit":"2\u00a0Minuten"},"schema":{"@context":"https:\/\/schema.org","@graph":[{"@type":"WebPage","@id":"https:\/\/easyliferobo.com\/de\/product\/intelligenter-sprechender-roboter-intelligenter-sprechender-roboter-fuer-kinder-intelligente-sprechende-interaktive-roboterspielzeugesprachgesteuerter-kinderroboter-mit-beruehrungssensor-s\/","url":"https:\/\/easyliferobo.com\/de\/product\/intelligenter-sprechender-roboter-intelligenter-sprechender-roboter-fuer-kinder-intelligente-sprechende-interaktive-roboterspielzeugesprachgesteuerter-kinderroboter-mit-beruehrungssensor-s\/","name":"Intelligenter sprechender Roboter, Intelligenter sprechender Roboter f\u00fcr Kinder | Intelligente sprechende interaktive -Roboterspielzeuge,Sprachgesteuerter Kinderroboter mit Ber\u00fchrungssensor, s - EasyLifeBro","isPartOf":{"@id":"https:\/\/easyliferobo.com\/de\/#website"},"primaryImageOfPage":{"@id":"https:\/\/easyliferobo.com\/de\/product\/intelligenter-sprechender-roboter-intelligenter-sprechender-roboter-fuer-kinder-intelligente-sprechende-interaktive-roboterspielzeugesprachgesteuerter-kinderroboter-mit-beruehrungssensor-s\/#primaryimage"},"image":{"@id":"https:\/\/easyliferobo.com\/de\/product\/intelligenter-sprechender-roboter-intelligenter-sprechender-roboter-fuer-kinder-intelligente-sprechende-interaktive-roboterspielzeugesprachgesteuerter-kinderroboter-mit-beruehrungssensor-s\/#primaryimage"},"thumbnailUrl":"https:\/\/easyliferobo.com\/de\/wp-content\/uploads\/2026\/02\/61YR28dGQGL._AC_SL1500_.jpg","datePublished":"2026-02-22T11:07:08+00:00","dateModified":"2026-02-22T23:35:39+00:00","description":"Entdecken Sie smarte Roboter f\u00fcr Zuhause, Garten, Bildung und Sicherheit. Vergleichen Sie Saugroboter, Rasenm\u00e4hroboter, KI-Begleitroboter und mehr bei EasyLifeRobo.","breadcrumb":{"@id":"https:\/\/easyliferobo.com\/de\/product\/intelligenter-sprechender-roboter-intelligenter-sprechender-roboter-fuer-kinder-intelligente-sprechende-interaktive-roboterspielzeugesprachgesteuerter-kinderroboter-mit-beruehrungssensor-s\/#breadcrumb"},"inLanguage":"de","potentialAction":[{"@type":"ReadAction","target":["https:\/\/easyliferobo.com\/de\/product\/intelligenter-sprechender-roboter-intelligenter-sprechender-roboter-fuer-kinder-intelligente-sprechende-interaktive-roboterspielzeugesprachgesteuerter-kinderroboter-mit-beruehrungssensor-s\/"]}]},{"@type":"ImageObject","inLanguage":"de","@id":"https:\/\/easyliferobo.com\/de\/product\/intelligenter-sprechender-roboter-intelligenter-sprechender-roboter-fuer-kinder-intelligente-sprechende-interaktive-roboterspielzeugesprachgesteuerter-kinderroboter-mit-beruehrungssensor-s\/#primaryimage","url":"https:\/\/easyliferobo.com\/de\/wp-content\/uploads\/2026\/02\/61YR28dGQGL._AC_SL1500_.jpg","contentUrl":"https:\/\/easyliferobo.com\/de\/wp-content\/uploads\/2026\/02\/61YR28dGQGL._AC_SL1500_.jpg","width":1405,"height":1500},{"@type":"BreadcrumbList","@id":"https:\/\/easyliferobo.com\/de\/product\/intelligenter-sprechender-roboter-intelligenter-sprechender-roboter-fuer-kinder-intelligente-sprechende-interaktive-roboterspielzeugesprachgesteuerter-kinderroboter-mit-beruehrungssensor-s\/#breadcrumb","itemListElement":[{"@type":"ListItem","position":1,"name":"Home","item":"https:\/\/easyliferobo.com\/de\/"},{"@type":"ListItem","position":2,"name":"Shop","item":"https:\/\/easyliferobo.com\/de\/shop\/"},{"@type":"ListItem","position":3,"name":"Intelligenter sprechender Roboter, ..."}]},{"@type":"WebSite","@id":"https:\/\/easyliferobo.com\/de\/#website","url":"https:\/\/easyliferobo.com\/de\/","name":"EasyLifeBro","description":"Smarte Roboter f\u00fcr Zuhause, Garten &amp; Bildung","publisher":{"@id":"https:\/\/easyliferobo.com\/de\/#organization"},"potentialAction":[{"@type":"SearchAction","target":{"@type":"EntryPoint","urlTemplate":"https:\/\/easyliferobo.com\/de\/?s={search_term_string}"},"query-input":{"@type":"PropertyValueSpecification","valueRequired":true,"valueName":"search_term_string"}}],"inLanguage":"de"},{"@type":"Organization","@id":"https:\/\/easyliferobo.com\/de\/#organization","name":"EasyLifeBro","url":"https:\/\/easyliferobo.com\/de\/","logo":{"@type":"ImageObject","inLanguage":"de","@id":"https:\/\/easyliferobo.com\/de\/#\/schema\/logo\/image\/","url":"https:\/\/easyliferobo.com\/de\/wp-content\/uploads\/2026\/02\/Screenshot-2026-02-22-at-2.25.03-PM.png","contentUrl":"https:\/\/easyliferobo.com\/de\/wp-content\/uploads\/2026\/02\/Screenshot-2026-02-22-at-2.25.03-PM.png","width":1858,"height":430,"caption":"EasyLifeBro"},"image":{"@id":"https:\/\/easyliferobo.com\/de\/#\/schema\/logo\/image\/"}}]}},"_links":{"self":[{"href":"https:\/\/easyliferobo.com\/de\/wp-json\/wp\/v2\/product\/967","targetHints":{"allow":["GET"]}}],"collection":[{"href":"https:\/\/easyliferobo.com\/de\/wp-json\/wp\/v2\/product"}],"about":[{"href":"https:\/\/easyliferobo.com\/de\/wp-json\/wp\/v2\/types\/product"}],"replies":[{"embeddable":true,"href":"https:\/\/easyliferobo.com\/de\/wp-json\/wp\/v2\/comments?post=967"}],"wp:featuredmedia":[{"embeddable":true,"href":"https:\/\/easyliferobo.com\/de\/wp-json\/wp\/v2\/media\/968"}],"wp:attachment":[{"href":"https:\/\/easyliferobo.com\/de\/wp-json\/wp\/v2\/media?parent=967"}],"wp:term":[{"taxonomy":"store","embeddable":true,"href":"https:\/\/easyliferobo.com\/de\/wp-json\/wp\/v2\/store?post=967"},{"taxonomy":"product_brand","embeddable":true,"href":"https:\/\/easyliferobo.com\/de\/wp-json\/wp\/v2\/product_brand?post=967"},{"taxonomy":"product_cat","embeddable":true,"href":"https:\/\/easyliferobo.com\/de\/wp-json\/wp\/v2\/product_cat?post=967"},{"taxonomy":"product_tag","embeddable":true,"href":"https:\/\/easyliferobo.com\/de\/wp-json\/wp\/v2\/product_tag?post=967"}],"curies":[{"name":"wp","href":"https:\/\/api.w.org\/{rel}","templated":true}]}}