
{"id":960,"date":"2026-02-22T11:06:51","date_gmt":"2026-02-22T11:06:51","guid":{"rendered":"https:\/\/easyliferobo.com\/de\/product\/singcall-tuya-wifi-smart-sos-notruftaste-fuer-senioren-kinder-persoenlicher-alarm-fuer-aeltere-patienten-blaue-notruftaste-mit-telefon-verbunden-geeignet-fuer-haeusliche-umgebungen\/"},"modified":"2026-02-22T23:35:39","modified_gmt":"2026-02-22T23:35:39","slug":"singcall-tuya-wifi-smart-sos-notruftaste-fuer-senioren-kinder-persoenlicher-alarm-fuer-aeltere-patienten-blaue-notruftaste-mit-telefon-verbunden-geeignet-fuer-haeusliche-umgebungen","status":"publish","type":"product","link":"https:\/\/easyliferobo.com\/de\/product\/singcall-tuya-wifi-smart-sos-notruftaste-fuer-senioren-kinder-persoenlicher-alarm-fuer-aeltere-patienten-blaue-notruftaste-mit-telefon-verbunden-geeignet-fuer-haeusliche-umgebungen\/","title":{"rendered":"SINGCALL Tuya WiFi Smart SOS-Notruf..."},"content":{"rendered":"<p>\n                                             Von der Marke   <\/p>\n<p>                                              <img decoding=\"async\" alt=\"\" src=\"https:\/\/images-na.ssl-images-amazon.com\/images\/G\/01\/x-locale\/common\/grey-pixel.gif\" class=\"a-lazy-loaded\" data-src=\"https:\/\/m.media-amazon.com\/images\/S\/aplus-media-library-service-media\/4cafb401-7942-470f-9596-473dc469d23b.__CR0,0,1464,625_PT0_SX1464_V1___.jpg\"><img decoding=\"async\" alt=\"\" src=\"https:\/\/m.media-amazon.com\/images\/S\/aplus-media-library-service-media\/4cafb401-7942-470f-9596-473dc469d23b.__CR0,0,1464,625_PT0_SX1464_V1___.jpg\">  <\/p>\n<h3>  Drahtloses SINGCALL-Rufsystem <\/h3>\n<p>  Helfen Sie dabei, sich besser um Ihre Familie zu k\u00fcmmern <\/p>\n<p>                                              <img decoding=\"async\" alt=\"\" src=\"https:\/\/images-na.ssl-images-amazon.com\/images\/G\/01\/x-locale\/common\/grey-pixel.gif\" class=\"a-lazy-loaded\" data-src=\"https:\/\/m.media-amazon.com\/images\/S\/aplus-media-library-service-media\/ce1001be-5f87-48b5-b36f-2a5a2c345a53.__CR0,0,630,290_PT0_SX315_V1___.jpg\"><img decoding=\"async\" alt=\"\" src=\"https:\/\/m.media-amazon.com\/images\/S\/aplus-media-library-service-media\/ce1001be-5f87-48b5-b36f-2a5a2c345a53.__CR0,0,630,290_PT0_SX315_V1___.jpg\">  <\/p>\n<p>  SINGCALL ist seit \u00fcber 20 Jahren auf die Branche der drahtlosen Anrufe spezialisiert. Singcall ist stets bestrebt, das technische Niveau, die Produktleistung und die Servicequalit\u00e4t kontinuierlich zu verbessern, um den Menschen ein gutes Hausrufsystem zu bieten und ihr Leben bequemer und komfortabler zu gestalten. <\/p>\n<p>  Breites Anwendungsspektrum: Hausnotrufsystem f\u00fcr \u00e4ltere Menschen, Haussicherheitssystem, Restaurantrufsysteme &#8230; <\/p>\n<h3>  Notruftaste f\u00fcr Senioren <\/h3>\n<h3>  Alarmanlage Haus <\/h3>\n<h3>  Rufsystem f\u00fcr Restaurants <\/h3>\n<h3>  Drahtloses Rufsystem <\/h3>\n<p>Einfach zu bedienen: Der pers\u00f6nliche Alarm ist leicht zu tragen, kann in die Tasche gesteckt, um den Hals geh\u00e4ngt, an die Wand geklebt usw. werden. Die Kopplung mit Ihrem Smartphone ist einfach und bequem.<br \/>Praktisch f\u00fcr \u00e4ltere Menschen\/Patienten\/schwangere Frauen: Die Alarmglocke verf\u00fcgt \u00fcber einen gro\u00dfen Knopf, ist wasserdicht und tragbar und kann von \u00e4lteren\/Patienten\/schwangeren Frauen bequem zu Hause verwendet werden. K\u00fcmmern Sie sich zu Hause um junge und alte Menschen, jederzeit und \u00fcberall. Ein-Klick-Hilfe, um Unf\u00e4lle zu verhindern, auf dem Mobiltelefon durch das Haus-WLAN schieben, Alarmbenachrichtigung senden.<br \/>Share-Funktion: Wenn Sie Schwestern und Br\u00fcder haben, die alle gleichzeitig Anrufe von Ihren Eltern erhalten m\u00f6chten, k\u00f6nnen Sie die Sharing-Funktion der Tuya-App einrichten, sodass jeder, mit dem Sie teilen, eine Alarmnachricht erhalten kann, wenn Ihre Eltern die Notruftaste gedr\u00fcckt halten, sodass Sie sich besser um Ihre alternden Eltern k\u00fcmmern k\u00f6nnen.<br \/>Kopplung der 2,4-GHz-WLAN-Verbindung: Der pers\u00f6nliche Alarmknopf muss in der 2,4-GHz-WLAN-Umgebung mit dem Smartphone gekoppelt werden. Nach erfolgreicher Kopplung muss sich der Tuya WiFi Call Button immer in der WLAN-Umgebung befinden, in der er gekoppelt wurde, und das gekoppelte Smartphone muss sich lediglich mit dem Netzwerk verbinden. Auch wenn Sie sich in einer anderen Stadt befinden, kann Ihr Smartphone Alarmbenachrichtigungen von der Tuya WiFi-Ruftaste empfangen.<br \/>Multi-Szenen-Anwendung: Die Senioren-Alarmruftasten k\u00f6nnen f\u00fcr mehrere Szenarien verwendet werden, Zuhause\/Krankenhaus\/Pflegeheim. Die Notruftasten k\u00f6nnen in der App benannt werden, so dass das Pflegepersonal wei\u00df, wer die Ruftaste dr\u00fcckt.<\/p>\n<p>[ad_2]<\/p>\n","protected":false},"excerpt":{"rendered":"<p>Von der Marke Drahtloses SINGCALL-Rufsystem Helfen Sie dabei, sich besser um Ihre Familie zu k\u00fcmmern SINGCALL ist seit \u00fcber 20 Jahren auf die Branche der drahtlosen Anrufe spezialisiert. Singcall ist stets bestrebt, das technische Niveau, die Produktleistung und die Servicequalit\u00e4t kontinuierlich zu verbessern, um den Menschen ein gutes Hausrufsystem zu bieten und ihr Leben bequemer [&hellip;]<\/p>\n","protected":false},"featured_media":961,"comment_status":"open","ping_status":"closed","template":"","meta":{"_aipt_faq_data":""},"store":[],"product_brand":[158],"product_cat":[96],"product_tag":[227],"class_list":{"0":"post-960","1":"product","2":"type-product","3":"status-publish","4":"has-post-thumbnail","6":"product_brand-singcall","7":"product_cat-senioren-begleitroboter","8":"product_tag-senioren-begleitroboter-mobile-assistenz","10":"first","11":"instock","12":"sale","13":"shipping-taxable","14":"product-type-external"},"yoast_head":"<!-- This site is optimized with the Yoast SEO plugin v27.0 - https:\/\/yoast.com\/product\/yoast-seo-wordpress\/ -->\n<title>SINGCALL Tuya WiFi Smart SOS-Notruftaste f\u00fcr Senioren, Kinder, pers\u00f6nlicher Alarm f\u00fcr \u00e4ltere Patienten, blaue Notruftaste, mit Telefon verbunden (geeignet f\u00fcr h\u00e4usliche Umgebungen) - EasyLifeBro<\/title>\n<meta name=\"description\" content=\"Entdecken Sie smarte Roboter f\u00fcr Zuhause, Garten, Bildung und Sicherheit. Vergleichen Sie Saugroboter, Rasenm\u00e4hroboter, KI-Begleitroboter und mehr bei EasyLifeRobo.\" \/>\n<meta name=\"robots\" content=\"index, follow, max-snippet:-1, max-image-preview:large, max-video-preview:-1\" \/>\n<link rel=\"canonical\" href=\"https:\/\/easyliferobo.com\/de\/product\/singcall-tuya-wifi-smart-sos-notruftaste-fuer-senioren-kinder-persoenlicher-alarm-fuer-aeltere-patienten-blaue-notruftaste-mit-telefon-verbunden-geeignet-fuer-haeusliche-umgebungen\/\" \/>\n<meta property=\"og:locale\" content=\"de_DE\" \/>\n<meta property=\"og:type\" content=\"article\" \/>\n<meta property=\"og:title\" content=\"SINGCALL Tuya WiFi Smart SOS-Notruftaste f\u00fcr Senioren, Kinder, pers\u00f6nlicher Alarm f\u00fcr \u00e4ltere Patienten, blaue Notruftaste, mit Telefon verbunden (geeignet f\u00fcr h\u00e4usliche Umgebungen) - EasyLifeBro\" \/>\n<meta property=\"og:description\" content=\"Entdecken Sie smarte Roboter f\u00fcr Zuhause, Garten, Bildung und Sicherheit. Vergleichen Sie Saugroboter, Rasenm\u00e4hroboter, KI-Begleitroboter und mehr bei EasyLifeRobo.\" \/>\n<meta property=\"og:url\" content=\"https:\/\/easyliferobo.com\/de\/product\/singcall-tuya-wifi-smart-sos-notruftaste-fuer-senioren-kinder-persoenlicher-alarm-fuer-aeltere-patienten-blaue-notruftaste-mit-telefon-verbunden-geeignet-fuer-haeusliche-umgebungen\/\" \/>\n<meta property=\"og:site_name\" content=\"EasyLifeBro\" \/>\n<meta property=\"article:modified_time\" content=\"2026-02-22T23:35:39+00:00\" \/>\n<meta property=\"og:image\" content=\"https:\/\/easyliferobo.com\/de\/wp-content\/uploads\/2026\/02\/51k19jIRlKL._AC_SL1001_.jpg\" \/>\n\t<meta property=\"og:image:width\" content=\"959\" \/>\n\t<meta property=\"og:image:height\" content=\"1001\" \/>\n\t<meta property=\"og:image:type\" content=\"image\/jpeg\" \/>\n<meta name=\"twitter:card\" content=\"summary_large_image\" \/>\n<meta name=\"twitter:label1\" content=\"Gesch\u00e4tzte Lesezeit\" \/>\n\t<meta name=\"twitter:data1\" content=\"2\u00a0Minuten\" \/>\n<script type=\"application\/ld+json\" class=\"yoast-schema-graph\">{\"@context\":\"https:\/\/schema.org\",\"@graph\":[{\"@type\":\"WebPage\",\"@id\":\"https:\/\/easyliferobo.com\/de\/product\/singcall-tuya-wifi-smart-sos-notruftaste-fuer-senioren-kinder-persoenlicher-alarm-fuer-aeltere-patienten-blaue-notruftaste-mit-telefon-verbunden-geeignet-fuer-haeusliche-umgebungen\/\",\"url\":\"https:\/\/easyliferobo.com\/de\/product\/singcall-tuya-wifi-smart-sos-notruftaste-fuer-senioren-kinder-persoenlicher-alarm-fuer-aeltere-patienten-blaue-notruftaste-mit-telefon-verbunden-geeignet-fuer-haeusliche-umgebungen\/\",\"name\":\"SINGCALL Tuya WiFi Smart SOS-Notruftaste f\u00fcr Senioren, Kinder, pers\u00f6nlicher Alarm f\u00fcr \u00e4ltere Patienten, blaue Notruftaste, mit Telefon verbunden (geeignet f\u00fcr h\u00e4usliche Umgebungen) - EasyLifeBro\",\"isPartOf\":{\"@id\":\"https:\/\/easyliferobo.com\/de\/#website\"},\"primaryImageOfPage\":{\"@id\":\"https:\/\/easyliferobo.com\/de\/product\/singcall-tuya-wifi-smart-sos-notruftaste-fuer-senioren-kinder-persoenlicher-alarm-fuer-aeltere-patienten-blaue-notruftaste-mit-telefon-verbunden-geeignet-fuer-haeusliche-umgebungen\/#primaryimage\"},\"image\":{\"@id\":\"https:\/\/easyliferobo.com\/de\/product\/singcall-tuya-wifi-smart-sos-notruftaste-fuer-senioren-kinder-persoenlicher-alarm-fuer-aeltere-patienten-blaue-notruftaste-mit-telefon-verbunden-geeignet-fuer-haeusliche-umgebungen\/#primaryimage\"},\"thumbnailUrl\":\"https:\/\/easyliferobo.com\/de\/wp-content\/uploads\/2026\/02\/51k19jIRlKL._AC_SL1001_.jpg\",\"datePublished\":\"2026-02-22T11:06:51+00:00\",\"dateModified\":\"2026-02-22T23:35:39+00:00\",\"description\":\"Entdecken Sie smarte Roboter f\u00fcr Zuhause, Garten, Bildung und Sicherheit. Vergleichen Sie Saugroboter, Rasenm\u00e4hroboter, KI-Begleitroboter und mehr bei EasyLifeRobo.\",\"breadcrumb\":{\"@id\":\"https:\/\/easyliferobo.com\/de\/product\/singcall-tuya-wifi-smart-sos-notruftaste-fuer-senioren-kinder-persoenlicher-alarm-fuer-aeltere-patienten-blaue-notruftaste-mit-telefon-verbunden-geeignet-fuer-haeusliche-umgebungen\/#breadcrumb\"},\"inLanguage\":\"de\",\"potentialAction\":[{\"@type\":\"ReadAction\",\"target\":[\"https:\/\/easyliferobo.com\/de\/product\/singcall-tuya-wifi-smart-sos-notruftaste-fuer-senioren-kinder-persoenlicher-alarm-fuer-aeltere-patienten-blaue-notruftaste-mit-telefon-verbunden-geeignet-fuer-haeusliche-umgebungen\/\"]}]},{\"@type\":\"ImageObject\",\"inLanguage\":\"de\",\"@id\":\"https:\/\/easyliferobo.com\/de\/product\/singcall-tuya-wifi-smart-sos-notruftaste-fuer-senioren-kinder-persoenlicher-alarm-fuer-aeltere-patienten-blaue-notruftaste-mit-telefon-verbunden-geeignet-fuer-haeusliche-umgebungen\/#primaryimage\",\"url\":\"https:\/\/easyliferobo.com\/de\/wp-content\/uploads\/2026\/02\/51k19jIRlKL._AC_SL1001_.jpg\",\"contentUrl\":\"https:\/\/easyliferobo.com\/de\/wp-content\/uploads\/2026\/02\/51k19jIRlKL._AC_SL1001_.jpg\",\"width\":959,\"height\":1001},{\"@type\":\"BreadcrumbList\",\"@id\":\"https:\/\/easyliferobo.com\/de\/product\/singcall-tuya-wifi-smart-sos-notruftaste-fuer-senioren-kinder-persoenlicher-alarm-fuer-aeltere-patienten-blaue-notruftaste-mit-telefon-verbunden-geeignet-fuer-haeusliche-umgebungen\/#breadcrumb\",\"itemListElement\":[{\"@type\":\"ListItem\",\"position\":1,\"name\":\"Home\",\"item\":\"https:\/\/easyliferobo.com\/de\/\"},{\"@type\":\"ListItem\",\"position\":2,\"name\":\"Shop\",\"item\":\"https:\/\/easyliferobo.com\/de\/shop\/\"},{\"@type\":\"ListItem\",\"position\":3,\"name\":\"SINGCALL Tuya WiFi Smart SOS-Notruf...\"}]},{\"@type\":\"WebSite\",\"@id\":\"https:\/\/easyliferobo.com\/de\/#website\",\"url\":\"https:\/\/easyliferobo.com\/de\/\",\"name\":\"EasyLifeBro\",\"description\":\"Smarte Roboter f\u00fcr Zuhause, Garten &amp; Bildung\",\"publisher\":{\"@id\":\"https:\/\/easyliferobo.com\/de\/#organization\"},\"potentialAction\":[{\"@type\":\"SearchAction\",\"target\":{\"@type\":\"EntryPoint\",\"urlTemplate\":\"https:\/\/easyliferobo.com\/de\/?s={search_term_string}\"},\"query-input\":{\"@type\":\"PropertyValueSpecification\",\"valueRequired\":true,\"valueName\":\"search_term_string\"}}],\"inLanguage\":\"de\"},{\"@type\":\"Organization\",\"@id\":\"https:\/\/easyliferobo.com\/de\/#organization\",\"name\":\"EasyLifeBro\",\"url\":\"https:\/\/easyliferobo.com\/de\/\",\"logo\":{\"@type\":\"ImageObject\",\"inLanguage\":\"de\",\"@id\":\"https:\/\/easyliferobo.com\/de\/#\/schema\/logo\/image\/\",\"url\":\"https:\/\/easyliferobo.com\/de\/wp-content\/uploads\/2026\/02\/Screenshot-2026-02-22-at-2.25.03-PM.png\",\"contentUrl\":\"https:\/\/easyliferobo.com\/de\/wp-content\/uploads\/2026\/02\/Screenshot-2026-02-22-at-2.25.03-PM.png\",\"width\":1858,\"height\":430,\"caption\":\"EasyLifeBro\"},\"image\":{\"@id\":\"https:\/\/easyliferobo.com\/de\/#\/schema\/logo\/image\/\"}}]}<\/script>\n<!-- \/ Yoast SEO plugin. -->","yoast_head_json":{"title":"SINGCALL Tuya WiFi Smart SOS-Notruftaste f\u00fcr Senioren, Kinder, pers\u00f6nlicher Alarm f\u00fcr \u00e4ltere Patienten, blaue Notruftaste, mit Telefon verbunden (geeignet f\u00fcr h\u00e4usliche Umgebungen) - EasyLifeBro","description":"Entdecken Sie smarte Roboter f\u00fcr Zuhause, Garten, Bildung und Sicherheit. Vergleichen Sie Saugroboter, Rasenm\u00e4hroboter, KI-Begleitroboter und mehr bei EasyLifeRobo.","robots":{"index":"index","follow":"follow","max-snippet":"max-snippet:-1","max-image-preview":"max-image-preview:large","max-video-preview":"max-video-preview:-1"},"canonical":"https:\/\/easyliferobo.com\/de\/product\/singcall-tuya-wifi-smart-sos-notruftaste-fuer-senioren-kinder-persoenlicher-alarm-fuer-aeltere-patienten-blaue-notruftaste-mit-telefon-verbunden-geeignet-fuer-haeusliche-umgebungen\/","og_locale":"de_DE","og_type":"article","og_title":"SINGCALL Tuya WiFi Smart SOS-Notruftaste f\u00fcr Senioren, Kinder, pers\u00f6nlicher Alarm f\u00fcr \u00e4ltere Patienten, blaue Notruftaste, mit Telefon verbunden (geeignet f\u00fcr h\u00e4usliche Umgebungen) - EasyLifeBro","og_description":"Entdecken Sie smarte Roboter f\u00fcr Zuhause, Garten, Bildung und Sicherheit. Vergleichen Sie Saugroboter, Rasenm\u00e4hroboter, KI-Begleitroboter und mehr bei EasyLifeRobo.","og_url":"https:\/\/easyliferobo.com\/de\/product\/singcall-tuya-wifi-smart-sos-notruftaste-fuer-senioren-kinder-persoenlicher-alarm-fuer-aeltere-patienten-blaue-notruftaste-mit-telefon-verbunden-geeignet-fuer-haeusliche-umgebungen\/","og_site_name":"EasyLifeBro","article_modified_time":"2026-02-22T23:35:39+00:00","og_image":[{"width":959,"height":1001,"url":"https:\/\/easyliferobo.com\/de\/wp-content\/uploads\/2026\/02\/51k19jIRlKL._AC_SL1001_.jpg","type":"image\/jpeg"}],"twitter_card":"summary_large_image","twitter_misc":{"Gesch\u00e4tzte Lesezeit":"2\u00a0Minuten"},"schema":{"@context":"https:\/\/schema.org","@graph":[{"@type":"WebPage","@id":"https:\/\/easyliferobo.com\/de\/product\/singcall-tuya-wifi-smart-sos-notruftaste-fuer-senioren-kinder-persoenlicher-alarm-fuer-aeltere-patienten-blaue-notruftaste-mit-telefon-verbunden-geeignet-fuer-haeusliche-umgebungen\/","url":"https:\/\/easyliferobo.com\/de\/product\/singcall-tuya-wifi-smart-sos-notruftaste-fuer-senioren-kinder-persoenlicher-alarm-fuer-aeltere-patienten-blaue-notruftaste-mit-telefon-verbunden-geeignet-fuer-haeusliche-umgebungen\/","name":"SINGCALL Tuya WiFi Smart SOS-Notruftaste f\u00fcr Senioren, Kinder, pers\u00f6nlicher Alarm f\u00fcr \u00e4ltere Patienten, blaue Notruftaste, mit Telefon verbunden (geeignet f\u00fcr h\u00e4usliche Umgebungen) - EasyLifeBro","isPartOf":{"@id":"https:\/\/easyliferobo.com\/de\/#website"},"primaryImageOfPage":{"@id":"https:\/\/easyliferobo.com\/de\/product\/singcall-tuya-wifi-smart-sos-notruftaste-fuer-senioren-kinder-persoenlicher-alarm-fuer-aeltere-patienten-blaue-notruftaste-mit-telefon-verbunden-geeignet-fuer-haeusliche-umgebungen\/#primaryimage"},"image":{"@id":"https:\/\/easyliferobo.com\/de\/product\/singcall-tuya-wifi-smart-sos-notruftaste-fuer-senioren-kinder-persoenlicher-alarm-fuer-aeltere-patienten-blaue-notruftaste-mit-telefon-verbunden-geeignet-fuer-haeusliche-umgebungen\/#primaryimage"},"thumbnailUrl":"https:\/\/easyliferobo.com\/de\/wp-content\/uploads\/2026\/02\/51k19jIRlKL._AC_SL1001_.jpg","datePublished":"2026-02-22T11:06:51+00:00","dateModified":"2026-02-22T23:35:39+00:00","description":"Entdecken Sie smarte Roboter f\u00fcr Zuhause, Garten, Bildung und Sicherheit. Vergleichen Sie Saugroboter, Rasenm\u00e4hroboter, KI-Begleitroboter und mehr bei EasyLifeRobo.","breadcrumb":{"@id":"https:\/\/easyliferobo.com\/de\/product\/singcall-tuya-wifi-smart-sos-notruftaste-fuer-senioren-kinder-persoenlicher-alarm-fuer-aeltere-patienten-blaue-notruftaste-mit-telefon-verbunden-geeignet-fuer-haeusliche-umgebungen\/#breadcrumb"},"inLanguage":"de","potentialAction":[{"@type":"ReadAction","target":["https:\/\/easyliferobo.com\/de\/product\/singcall-tuya-wifi-smart-sos-notruftaste-fuer-senioren-kinder-persoenlicher-alarm-fuer-aeltere-patienten-blaue-notruftaste-mit-telefon-verbunden-geeignet-fuer-haeusliche-umgebungen\/"]}]},{"@type":"ImageObject","inLanguage":"de","@id":"https:\/\/easyliferobo.com\/de\/product\/singcall-tuya-wifi-smart-sos-notruftaste-fuer-senioren-kinder-persoenlicher-alarm-fuer-aeltere-patienten-blaue-notruftaste-mit-telefon-verbunden-geeignet-fuer-haeusliche-umgebungen\/#primaryimage","url":"https:\/\/easyliferobo.com\/de\/wp-content\/uploads\/2026\/02\/51k19jIRlKL._AC_SL1001_.jpg","contentUrl":"https:\/\/easyliferobo.com\/de\/wp-content\/uploads\/2026\/02\/51k19jIRlKL._AC_SL1001_.jpg","width":959,"height":1001},{"@type":"BreadcrumbList","@id":"https:\/\/easyliferobo.com\/de\/product\/singcall-tuya-wifi-smart-sos-notruftaste-fuer-senioren-kinder-persoenlicher-alarm-fuer-aeltere-patienten-blaue-notruftaste-mit-telefon-verbunden-geeignet-fuer-haeusliche-umgebungen\/#breadcrumb","itemListElement":[{"@type":"ListItem","position":1,"name":"Home","item":"https:\/\/easyliferobo.com\/de\/"},{"@type":"ListItem","position":2,"name":"Shop","item":"https:\/\/easyliferobo.com\/de\/shop\/"},{"@type":"ListItem","position":3,"name":"SINGCALL Tuya WiFi Smart SOS-Notruf..."}]},{"@type":"WebSite","@id":"https:\/\/easyliferobo.com\/de\/#website","url":"https:\/\/easyliferobo.com\/de\/","name":"EasyLifeBro","description":"Smarte Roboter f\u00fcr Zuhause, Garten &amp; Bildung","publisher":{"@id":"https:\/\/easyliferobo.com\/de\/#organization"},"potentialAction":[{"@type":"SearchAction","target":{"@type":"EntryPoint","urlTemplate":"https:\/\/easyliferobo.com\/de\/?s={search_term_string}"},"query-input":{"@type":"PropertyValueSpecification","valueRequired":true,"valueName":"search_term_string"}}],"inLanguage":"de"},{"@type":"Organization","@id":"https:\/\/easyliferobo.com\/de\/#organization","name":"EasyLifeBro","url":"https:\/\/easyliferobo.com\/de\/","logo":{"@type":"ImageObject","inLanguage":"de","@id":"https:\/\/easyliferobo.com\/de\/#\/schema\/logo\/image\/","url":"https:\/\/easyliferobo.com\/de\/wp-content\/uploads\/2026\/02\/Screenshot-2026-02-22-at-2.25.03-PM.png","contentUrl":"https:\/\/easyliferobo.com\/de\/wp-content\/uploads\/2026\/02\/Screenshot-2026-02-22-at-2.25.03-PM.png","width":1858,"height":430,"caption":"EasyLifeBro"},"image":{"@id":"https:\/\/easyliferobo.com\/de\/#\/schema\/logo\/image\/"}}]}},"_links":{"self":[{"href":"https:\/\/easyliferobo.com\/de\/wp-json\/wp\/v2\/product\/960","targetHints":{"allow":["GET"]}}],"collection":[{"href":"https:\/\/easyliferobo.com\/de\/wp-json\/wp\/v2\/product"}],"about":[{"href":"https:\/\/easyliferobo.com\/de\/wp-json\/wp\/v2\/types\/product"}],"replies":[{"embeddable":true,"href":"https:\/\/easyliferobo.com\/de\/wp-json\/wp\/v2\/comments?post=960"}],"wp:featuredmedia":[{"embeddable":true,"href":"https:\/\/easyliferobo.com\/de\/wp-json\/wp\/v2\/media\/961"}],"wp:attachment":[{"href":"https:\/\/easyliferobo.com\/de\/wp-json\/wp\/v2\/media?parent=960"}],"wp:term":[{"taxonomy":"store","embeddable":true,"href":"https:\/\/easyliferobo.com\/de\/wp-json\/wp\/v2\/store?post=960"},{"taxonomy":"product_brand","embeddable":true,"href":"https:\/\/easyliferobo.com\/de\/wp-json\/wp\/v2\/product_brand?post=960"},{"taxonomy":"product_cat","embeddable":true,"href":"https:\/\/easyliferobo.com\/de\/wp-json\/wp\/v2\/product_cat?post=960"},{"taxonomy":"product_tag","embeddable":true,"href":"https:\/\/easyliferobo.com\/de\/wp-json\/wp\/v2\/product_tag?post=960"}],"curies":[{"name":"wp","href":"https:\/\/api.w.org\/{rel}","templated":true}]}}