
{"id":955,"date":"2026-02-22T11:02:28","date_gmt":"2026-02-22T11:02:28","guid":{"rendered":"https:\/\/easyliferobo.com\/de\/product\/velleman-ksr12-hydraulischer-roboterarm\/"},"modified":"2026-02-22T23:35:39","modified_gmt":"2026-02-22T23:35:39","slug":"velleman-ksr12-hydraulischer-roboterarm","status":"publish","type":"product","link":"https:\/\/easyliferobo.com\/de\/product\/velleman-ksr12-hydraulischer-roboterarm\/","title":{"rendered":"Velleman KSR12 Hydraulischer Robote..."},"content":{"rendered":"<p>    <span>Beschreibung: <br \/>Eine Reihe von Roboterbaus\u00e4tzen f\u00fcr den zuk\u00fcnftigen Ingenieur. Bauen Sie diesen Bausatz und machen Sie sich mit der Welt der Elektronik, Mechanik oder Hydraulik vertraut. Dieses Kit ist der ideale Einstieg in die Welt der Hydraulik. Kinder lernen die Grundprinzipien hydraulischer Systeme und deren Anwendungen kennen. Der Bausatz enth\u00e4lt 229 Teile und eine ausf\u00fchrliche und bebilderte Bedienungsanleitung. Dadurch l\u00e4sst sich der Roboterarm leicht zusammenbauen. Verbessern Sie Ihre technischen, mathematischen, naturwissenschaftlichen und technologischen F\u00e4higkeiten. Der Roboterarm funktioniert nicht mit Batterie oder Motor, sondern nur \u00fcber Wasser. Das Set ist f\u00fcr Kinder ab 14 Jahren geeignet. <br \/>Merkmale <\/span><\/p>\n<ul class=\"a-unordered-list a-vertical\">\n<li><span class=\"a-list-item\"><span>Dieses Kit ist der ideale Einstieg in die Welt der Hydraulik. <\/span><\/span><\/li>\n<li><span class=\"a-list-item\"><span>Ohne Motor. <\/span><\/span><\/li>\n<li><span class=\"a-list-item\"><span>Batterie nicht im Lieferumfang enthalten. <\/span><\/span><\/li>\n<li><span class=\"a-list-item\"><span>Idealer Einstieg in die Welt der Hydraulik <\/span><\/span><\/li>\n<li><span class=\"a-list-item\"><span>wissenschaftliches Kit <\/span><\/span><\/li>\n<li><span class=\"a-list-item\"><span>Mit Saugnapf. <\/span><\/span><\/li>\n<li><span class=\"a-list-item\"><span>Empfohlenes Alter: 14+. <\/span><\/span><\/li>\n<\/ul>\n<p><span>Technische Details: <\/span><\/p>\n<ul class=\"a-unordered-list a-vertical\">\n<li><span class=\"a-list-item\"><span>Steuert 6 Achsen mit unterschiedlichen Bewegungen: <\/span>\n<ul class=\"a-unordered-list a-vertical\">\n<li><span class=\"a-list-item\"><span>Greifer: l\u00e4sst sich bis zu 4,8 cm (1,89 Zoll) \u00f6ffnen. <\/span><\/span><\/li>\n<li><span class=\"a-list-item\"><span>Handgelenkdrehung: 180\u00b0. <\/span><\/span><\/li>\n<li><span class=\"a-list-item\"><span>Handgelenkbewegung: 98\u00b0. <\/span><\/span><\/li>\n<li><span class=\"a-list-item\"><span>Ellenbogenbereich: 44\u00b0. <\/span><\/span><\/li>\n<li><span class=\"a-list-item\"><span>Drehung der Basis: 270\u00b0 schwenkbar. <\/span><\/span><\/li>\n<li><span class=\"a-list-item\"><span>Schulterbewegung: 45\u00b0. <\/span><\/span><\/li>\n<\/ul>\n<p><\/span><\/li>\n<li><span class=\"a-list-item\"><span>Vertikaler Bereich: 41,5 cm (16,35 Zoll). <\/span><\/span><\/li>\n<li><span class=\"a-list-item\"><span>Horizontaler Bereich: 31,5 cm (12,42 Zoll). <\/span><\/span><\/li>\n<li><span class=\"a-list-item\"><span>Tragf\u00e4higkeit: 50 g. <\/span><\/span><\/li>\n<\/ul>\n<p>Lehrreich: Tauchen Sie mit den coolen Roboterbaus\u00e4tzen von Velleman in die Welt der Elektronik, Mechanik, Robotik, Hydraulik oder Pneumatik ein. Perfekt f\u00fcr zuk\u00fcnftige Ingenieure!<br \/>Ausf\u00fchrliche Montageanleitung: Die Anleitung erkl\u00e4rt den Aufbau Schritt f\u00fcr Schritt mit Anleitungen und pr\u00e4zisen Abbildungen.<br \/>Perfekt f\u00fcr Gro\u00df und Klein: Mit diesem Bausatz k\u00f6nnen Kinder ab 14 Jahren selbst experimentieren und lernen, wie ein Roboterarm funktioniert und welche Technik dahinter steckt.<br \/>Mint-Aktion:<br \/>Drehen, biegen, strecken: Befestigen Sie den Greifer oder Saugnapf und bedienen Sie den Greifarm \u00fcber das Bedienfeld.<\/p>\n<p>[ad_2]<\/p>\n","protected":false},"excerpt":{"rendered":"<p>Beschreibung: Eine Reihe von Roboterbaus\u00e4tzen f\u00fcr den zuk\u00fcnftigen Ingenieur. Bauen Sie diesen Bausatz und machen Sie sich mit der Welt der Elektronik, Mechanik oder Hydraulik vertraut. Dieses Kit ist der ideale Einstieg in die Welt der Hydraulik. Kinder lernen die Grundprinzipien hydraulischer Systeme und deren Anwendungen kennen. Der Bausatz enth\u00e4lt 229 Teile und eine ausf\u00fchrliche [&hellip;]<\/p>\n","protected":false},"featured_media":956,"comment_status":"open","ping_status":"closed","template":"","meta":{"_aipt_faq_data":""},"store":[],"product_brand":[225],"product_cat":[99],"product_tag":[224],"class_list":{"0":"post-955","1":"product","2":"type-product","3":"status-publish","4":"has-post-thumbnail","6":"product_brand-velleman","7":"product_cat-tisch-roboterarme","8":"product_tag-tisch-roboterarme-diy-bausatz","10":"first","11":"instock","12":"sale","13":"shipping-taxable","14":"product-type-external"},"yoast_head":"<!-- This site is optimized with the Yoast SEO plugin v27.4 - https:\/\/yoast.com\/product\/yoast-seo-wordpress\/ -->\n<title>Velleman KSR12 Hydraulischer Roboterarm - EasyLifeBro<\/title>\n<meta name=\"description\" content=\"Entdecken Sie smarte Roboter f\u00fcr Zuhause, Garten, Bildung und Sicherheit. Vergleichen Sie Saugroboter, Rasenm\u00e4hroboter, KI-Begleitroboter und mehr bei EasyLifeRobo.\" \/>\n<meta name=\"robots\" content=\"index, follow, max-snippet:-1, max-image-preview:large, max-video-preview:-1\" \/>\n<link rel=\"canonical\" href=\"https:\/\/easyliferobo.com\/de\/product\/velleman-ksr12-hydraulischer-roboterarm\/\" \/>\n<meta property=\"og:locale\" content=\"de_DE\" \/>\n<meta property=\"og:type\" content=\"article\" \/>\n<meta property=\"og:title\" content=\"Velleman KSR12 Hydraulischer Roboterarm - EasyLifeBro\" \/>\n<meta property=\"og:description\" content=\"Entdecken Sie smarte Roboter f\u00fcr Zuhause, Garten, Bildung und Sicherheit. Vergleichen Sie Saugroboter, Rasenm\u00e4hroboter, KI-Begleitroboter und mehr bei EasyLifeRobo.\" \/>\n<meta property=\"og:url\" content=\"https:\/\/easyliferobo.com\/de\/product\/velleman-ksr12-hydraulischer-roboterarm\/\" \/>\n<meta property=\"og:site_name\" content=\"EasyLifeBro\" \/>\n<meta property=\"article:modified_time\" content=\"2026-02-22T23:35:39+00:00\" \/>\n<meta property=\"og:image\" content=\"https:\/\/easyliferobo.com\/de\/wp-content\/uploads\/2026\/02\/41QDad49riL._AC_SL1024_.jpg\" \/>\n\t<meta property=\"og:image:width\" content=\"483\" \/>\n\t<meta property=\"og:image:height\" content=\"742\" \/>\n\t<meta property=\"og:image:type\" content=\"image\/jpeg\" \/>\n<meta name=\"twitter:card\" content=\"summary_large_image\" \/>\n<meta name=\"twitter:label1\" content=\"Gesch\u00e4tzte Lesezeit\" \/>\n\t<meta name=\"twitter:data1\" content=\"1\u00a0Minute\" \/>\n<script type=\"application\/ld+json\" class=\"yoast-schema-graph\">{\"@context\":\"https:\\\/\\\/schema.org\",\"@graph\":[{\"@type\":\"WebPage\",\"@id\":\"https:\\\/\\\/easyliferobo.com\\\/de\\\/product\\\/velleman-ksr12-hydraulischer-roboterarm\\\/\",\"url\":\"https:\\\/\\\/easyliferobo.com\\\/de\\\/product\\\/velleman-ksr12-hydraulischer-roboterarm\\\/\",\"name\":\"Velleman KSR12 Hydraulischer Roboterarm - EasyLifeBro\",\"isPartOf\":{\"@id\":\"https:\\\/\\\/easyliferobo.com\\\/de\\\/#website\"},\"primaryImageOfPage\":{\"@id\":\"https:\\\/\\\/easyliferobo.com\\\/de\\\/product\\\/velleman-ksr12-hydraulischer-roboterarm\\\/#primaryimage\"},\"image\":{\"@id\":\"https:\\\/\\\/easyliferobo.com\\\/de\\\/product\\\/velleman-ksr12-hydraulischer-roboterarm\\\/#primaryimage\"},\"thumbnailUrl\":\"https:\\\/\\\/easyliferobo.com\\\/de\\\/wp-content\\\/uploads\\\/2026\\\/02\\\/41QDad49riL._AC_SL1024_.jpg\",\"datePublished\":\"2026-02-22T11:02:28+00:00\",\"dateModified\":\"2026-02-22T23:35:39+00:00\",\"description\":\"Entdecken Sie smarte Roboter f\u00fcr Zuhause, Garten, Bildung und Sicherheit. Vergleichen Sie Saugroboter, Rasenm\u00e4hroboter, KI-Begleitroboter und mehr bei EasyLifeRobo.\",\"breadcrumb\":{\"@id\":\"https:\\\/\\\/easyliferobo.com\\\/de\\\/product\\\/velleman-ksr12-hydraulischer-roboterarm\\\/#breadcrumb\"},\"inLanguage\":\"de\",\"potentialAction\":[{\"@type\":\"ReadAction\",\"target\":[\"https:\\\/\\\/easyliferobo.com\\\/de\\\/product\\\/velleman-ksr12-hydraulischer-roboterarm\\\/\"]}]},{\"@type\":\"ImageObject\",\"inLanguage\":\"de\",\"@id\":\"https:\\\/\\\/easyliferobo.com\\\/de\\\/product\\\/velleman-ksr12-hydraulischer-roboterarm\\\/#primaryimage\",\"url\":\"https:\\\/\\\/easyliferobo.com\\\/de\\\/wp-content\\\/uploads\\\/2026\\\/02\\\/41QDad49riL._AC_SL1024_.jpg\",\"contentUrl\":\"https:\\\/\\\/easyliferobo.com\\\/de\\\/wp-content\\\/uploads\\\/2026\\\/02\\\/41QDad49riL._AC_SL1024_.jpg\",\"width\":483,\"height\":742},{\"@type\":\"BreadcrumbList\",\"@id\":\"https:\\\/\\\/easyliferobo.com\\\/de\\\/product\\\/velleman-ksr12-hydraulischer-roboterarm\\\/#breadcrumb\",\"itemListElement\":[{\"@type\":\"ListItem\",\"position\":1,\"name\":\"Home\",\"item\":\"https:\\\/\\\/easyliferobo.com\\\/de\\\/\"},{\"@type\":\"ListItem\",\"position\":2,\"name\":\"Shop\",\"item\":\"https:\\\/\\\/easyliferobo.com\\\/de\\\/shop\\\/\"},{\"@type\":\"ListItem\",\"position\":3,\"name\":\"Velleman KSR12 Hydraulischer Robote...\"}]},{\"@type\":\"WebSite\",\"@id\":\"https:\\\/\\\/easyliferobo.com\\\/de\\\/#website\",\"url\":\"https:\\\/\\\/easyliferobo.com\\\/de\\\/\",\"name\":\"EasyLifeBro\",\"description\":\"Smarte Roboter f\u00fcr Zuhause, Garten &amp; Bildung\",\"publisher\":{\"@id\":\"https:\\\/\\\/easyliferobo.com\\\/de\\\/#organization\"},\"potentialAction\":[{\"@type\":\"SearchAction\",\"target\":{\"@type\":\"EntryPoint\",\"urlTemplate\":\"https:\\\/\\\/easyliferobo.com\\\/de\\\/?s={search_term_string}\"},\"query-input\":{\"@type\":\"PropertyValueSpecification\",\"valueRequired\":true,\"valueName\":\"search_term_string\"}}],\"inLanguage\":\"de\"},{\"@type\":\"Organization\",\"@id\":\"https:\\\/\\\/easyliferobo.com\\\/de\\\/#organization\",\"name\":\"EasyLifeBro\",\"url\":\"https:\\\/\\\/easyliferobo.com\\\/de\\\/\",\"logo\":{\"@type\":\"ImageObject\",\"inLanguage\":\"de\",\"@id\":\"https:\\\/\\\/easyliferobo.com\\\/de\\\/#\\\/schema\\\/logo\\\/image\\\/\",\"url\":\"https:\\\/\\\/easyliferobo.com\\\/de\\\/wp-content\\\/uploads\\\/2026\\\/02\\\/Screenshot-2026-02-22-at-2.25.03-PM.png\",\"contentUrl\":\"https:\\\/\\\/easyliferobo.com\\\/de\\\/wp-content\\\/uploads\\\/2026\\\/02\\\/Screenshot-2026-02-22-at-2.25.03-PM.png\",\"width\":1858,\"height\":430,\"caption\":\"EasyLifeBro\"},\"image\":{\"@id\":\"https:\\\/\\\/easyliferobo.com\\\/de\\\/#\\\/schema\\\/logo\\\/image\\\/\"}}]}<\/script>\n<!-- \/ Yoast SEO plugin. -->","yoast_head_json":{"title":"Velleman KSR12 Hydraulischer Roboterarm - EasyLifeBro","description":"Entdecken Sie smarte Roboter f\u00fcr Zuhause, Garten, Bildung und Sicherheit. Vergleichen Sie Saugroboter, Rasenm\u00e4hroboter, KI-Begleitroboter und mehr bei EasyLifeRobo.","robots":{"index":"index","follow":"follow","max-snippet":"max-snippet:-1","max-image-preview":"max-image-preview:large","max-video-preview":"max-video-preview:-1"},"canonical":"https:\/\/easyliferobo.com\/de\/product\/velleman-ksr12-hydraulischer-roboterarm\/","og_locale":"de_DE","og_type":"article","og_title":"Velleman KSR12 Hydraulischer Roboterarm - EasyLifeBro","og_description":"Entdecken Sie smarte Roboter f\u00fcr Zuhause, Garten, Bildung und Sicherheit. Vergleichen Sie Saugroboter, Rasenm\u00e4hroboter, KI-Begleitroboter und mehr bei EasyLifeRobo.","og_url":"https:\/\/easyliferobo.com\/de\/product\/velleman-ksr12-hydraulischer-roboterarm\/","og_site_name":"EasyLifeBro","article_modified_time":"2026-02-22T23:35:39+00:00","og_image":[{"width":483,"height":742,"url":"https:\/\/easyliferobo.com\/de\/wp-content\/uploads\/2026\/02\/41QDad49riL._AC_SL1024_.jpg","type":"image\/jpeg"}],"twitter_card":"summary_large_image","twitter_misc":{"Gesch\u00e4tzte Lesezeit":"1\u00a0Minute"},"schema":{"@context":"https:\/\/schema.org","@graph":[{"@type":"WebPage","@id":"https:\/\/easyliferobo.com\/de\/product\/velleman-ksr12-hydraulischer-roboterarm\/","url":"https:\/\/easyliferobo.com\/de\/product\/velleman-ksr12-hydraulischer-roboterarm\/","name":"Velleman KSR12 Hydraulischer Roboterarm - EasyLifeBro","isPartOf":{"@id":"https:\/\/easyliferobo.com\/de\/#website"},"primaryImageOfPage":{"@id":"https:\/\/easyliferobo.com\/de\/product\/velleman-ksr12-hydraulischer-roboterarm\/#primaryimage"},"image":{"@id":"https:\/\/easyliferobo.com\/de\/product\/velleman-ksr12-hydraulischer-roboterarm\/#primaryimage"},"thumbnailUrl":"https:\/\/easyliferobo.com\/de\/wp-content\/uploads\/2026\/02\/41QDad49riL._AC_SL1024_.jpg","datePublished":"2026-02-22T11:02:28+00:00","dateModified":"2026-02-22T23:35:39+00:00","description":"Entdecken Sie smarte Roboter f\u00fcr Zuhause, Garten, Bildung und Sicherheit. Vergleichen Sie Saugroboter, Rasenm\u00e4hroboter, KI-Begleitroboter und mehr bei EasyLifeRobo.","breadcrumb":{"@id":"https:\/\/easyliferobo.com\/de\/product\/velleman-ksr12-hydraulischer-roboterarm\/#breadcrumb"},"inLanguage":"de","potentialAction":[{"@type":"ReadAction","target":["https:\/\/easyliferobo.com\/de\/product\/velleman-ksr12-hydraulischer-roboterarm\/"]}]},{"@type":"ImageObject","inLanguage":"de","@id":"https:\/\/easyliferobo.com\/de\/product\/velleman-ksr12-hydraulischer-roboterarm\/#primaryimage","url":"https:\/\/easyliferobo.com\/de\/wp-content\/uploads\/2026\/02\/41QDad49riL._AC_SL1024_.jpg","contentUrl":"https:\/\/easyliferobo.com\/de\/wp-content\/uploads\/2026\/02\/41QDad49riL._AC_SL1024_.jpg","width":483,"height":742},{"@type":"BreadcrumbList","@id":"https:\/\/easyliferobo.com\/de\/product\/velleman-ksr12-hydraulischer-roboterarm\/#breadcrumb","itemListElement":[{"@type":"ListItem","position":1,"name":"Home","item":"https:\/\/easyliferobo.com\/de\/"},{"@type":"ListItem","position":2,"name":"Shop","item":"https:\/\/easyliferobo.com\/de\/shop\/"},{"@type":"ListItem","position":3,"name":"Velleman KSR12 Hydraulischer Robote..."}]},{"@type":"WebSite","@id":"https:\/\/easyliferobo.com\/de\/#website","url":"https:\/\/easyliferobo.com\/de\/","name":"EasyLifeBro","description":"Smarte Roboter f\u00fcr Zuhause, Garten &amp; Bildung","publisher":{"@id":"https:\/\/easyliferobo.com\/de\/#organization"},"potentialAction":[{"@type":"SearchAction","target":{"@type":"EntryPoint","urlTemplate":"https:\/\/easyliferobo.com\/de\/?s={search_term_string}"},"query-input":{"@type":"PropertyValueSpecification","valueRequired":true,"valueName":"search_term_string"}}],"inLanguage":"de"},{"@type":"Organization","@id":"https:\/\/easyliferobo.com\/de\/#organization","name":"EasyLifeBro","url":"https:\/\/easyliferobo.com\/de\/","logo":{"@type":"ImageObject","inLanguage":"de","@id":"https:\/\/easyliferobo.com\/de\/#\/schema\/logo\/image\/","url":"https:\/\/easyliferobo.com\/de\/wp-content\/uploads\/2026\/02\/Screenshot-2026-02-22-at-2.25.03-PM.png","contentUrl":"https:\/\/easyliferobo.com\/de\/wp-content\/uploads\/2026\/02\/Screenshot-2026-02-22-at-2.25.03-PM.png","width":1858,"height":430,"caption":"EasyLifeBro"},"image":{"@id":"https:\/\/easyliferobo.com\/de\/#\/schema\/logo\/image\/"}}]}},"_links":{"self":[{"href":"https:\/\/easyliferobo.com\/de\/wp-json\/wp\/v2\/product\/955","targetHints":{"allow":["GET"]}}],"collection":[{"href":"https:\/\/easyliferobo.com\/de\/wp-json\/wp\/v2\/product"}],"about":[{"href":"https:\/\/easyliferobo.com\/de\/wp-json\/wp\/v2\/types\/product"}],"replies":[{"embeddable":true,"href":"https:\/\/easyliferobo.com\/de\/wp-json\/wp\/v2\/comments?post=955"}],"wp:featuredmedia":[{"embeddable":true,"href":"https:\/\/easyliferobo.com\/de\/wp-json\/wp\/v2\/media\/956"}],"wp:attachment":[{"href":"https:\/\/easyliferobo.com\/de\/wp-json\/wp\/v2\/media?parent=955"}],"wp:term":[{"taxonomy":"store","embeddable":true,"href":"https:\/\/easyliferobo.com\/de\/wp-json\/wp\/v2\/store?post=955"},{"taxonomy":"product_brand","embeddable":true,"href":"https:\/\/easyliferobo.com\/de\/wp-json\/wp\/v2\/product_brand?post=955"},{"taxonomy":"product_cat","embeddable":true,"href":"https:\/\/easyliferobo.com\/de\/wp-json\/wp\/v2\/product_cat?post=955"},{"taxonomy":"product_tag","embeddable":true,"href":"https:\/\/easyliferobo.com\/de\/wp-json\/wp\/v2\/product_tag?post=955"}],"curies":[{"name":"wp","href":"https:\/\/api.w.org\/{rel}","templated":true}]}}