
{"id":940,"date":"2026-02-22T10:59:25","date_gmt":"2026-02-22T10:59:25","guid":{"rendered":"https:\/\/easyliferobo.com\/de\/product\/ueben-sie-das-loeten-und-lernen-sie-das-ferngesteuerte-auto-kit-anfaenger-diy-2wd-smart-robot-car-kit-elektronisches-und-diy-lernen-zum-loeten\/"},"modified":"2026-02-22T23:35:39","modified_gmt":"2026-02-22T23:35:39","slug":"ueben-sie-das-loeten-und-lernen-sie-das-ferngesteuerte-auto-kit-anfaenger-diy-2wd-smart-robot-car-kit-elektronisches-und-diy-lernen-zum-loeten","status":"publish","type":"product","link":"https:\/\/easyliferobo.com\/de\/product\/ueben-sie-das-loeten-und-lernen-sie-das-ferngesteuerte-auto-kit-anfaenger-diy-2wd-smart-robot-car-kit-elektronisches-und-diy-lernen-zum-loeten\/","title":{"rendered":"\u00dcben Sie das L\u00f6ten und lernen Sie..."},"content":{"rendered":"<p>\n                                             Produktbeschreibung   <\/p>\n<p>                                                                                                       <img decoding=\"async\" alt=\"Roboter-Autobausatz zum Selbermachen, bei dem Frau und Kind ihn zusammenbauen. Verf\u00fcgt \u00fcber intelligentes Projekt, Fernbedienung, Beleuchtung und mehrere Modi.\" src=\"https:\/\/images-na.ssl-images-amazon.com\/images\/G\/01\/x-locale\/common\/grey-pixel.gif\" class=\"a-lazy-loaded\" data-src=\"https:\/\/m.media-amazon.com\/images\/S\/aplus-media-library-service-media\/dd3c0320-ec07-4e83-a3ab-7408935e2ff0.__CR0,0,1464,600_PT0_SX1464_V1___.jpg\"><img decoding=\"async\" alt=\"Roboter-Autobausatz zum Selbermachen, bei dem Frau und Kind ihn zusammenbauen. Verf\u00fcgt \u00fcber intelligentes Projekt, Fernbedienung, Beleuchtung und mehrere Modi.\" src=\"https:\/\/m.media-amazon.com\/images\/S\/aplus-media-library-service-media\/dd3c0320-ec07-4e83-a3ab-7408935e2ff0.__CR0,0,1464,600_PT0_SX1464_V1___.jpg\">                                               <\/p>\n<p>                                                                                                       <img decoding=\"async\" alt=\"ein Diagramm der Leiterplatte\" src=\"https:\/\/images-na.ssl-images-amazon.com\/images\/G\/01\/x-locale\/common\/grey-pixel.gif\" class=\"a-lazy-loaded\" data-src=\"https:\/\/m.media-amazon.com\/images\/S\/aplus-media-library-service-media\/828a9da3-53ab-4673-bf46-8d3ae38dbc38.__CR0,0,1464,600_PT0_SX1464_V1___.jpg\"><img decoding=\"async\" alt=\"ein Diagramm der Leiterplatte\" src=\"https:\/\/m.media-amazon.com\/images\/S\/aplus-media-library-service-media\/828a9da3-53ab-4673-bf46-8d3ae38dbc38.__CR0,0,1464,600_PT0_SX1464_V1___.jpg\">                                               <\/p>\n<p>                                                                                                       <img decoding=\"async\" alt=\"Elektrischer Schaltplan mit der Bezeichnung &#39;Stromlaufplan&#39;, der Komponenten, Anschl\u00fcsse und Abmessungen f\u00fcr ein elektronisches System zeigt\" src=\"https:\/\/images-na.ssl-images-amazon.com\/images\/G\/01\/x-locale\/common\/grey-pixel.gif\" class=\"a-lazy-loaded\" data-src=\"https:\/\/m.media-amazon.com\/images\/S\/aplus-media-library-service-media\/7249d5de-38f2-4118-ab14-5034a45fa334.__CR0,0,1464,600_PT0_SX1464_V1___.jpg\"><img decoding=\"async\" alt=\"Elektrischer Schaltplan mit der Bezeichnung &#39;Stromlaufplan&#39;, der Komponenten, Anschl\u00fcsse und Abmessungen f\u00fcr ein elektronisches System zeigt\" src=\"https:\/\/m.media-amazon.com\/images\/S\/aplus-media-library-service-media\/7249d5de-38f2-4118-ab14-5034a45fa334.__CR0,0,1464,600_PT0_SX1464_V1___.jpg\">                                               <\/p>\n<p>                                                                                                       <img decoding=\"async\" alt=\"Zusammengesetztes Bild mit drei Szenen: Erwachsene und Kinder, die mit Elektronik arbeiten, ein kleiner Roboter auf einer Bodenkarte und eine Person, die Leiterplatten l\u00f6tet.\" src=\"https:\/\/images-na.ssl-images-amazon.com\/images\/G\/01\/x-locale\/common\/grey-pixel.gif\" class=\"a-lazy-loaded\" data-src=\"https:\/\/m.media-amazon.com\/images\/S\/aplus-media-library-service-media\/d4cef00d-c73a-4548-bb4f-fa1107a4a1e7.__CR0,0,1464,600_PT0_SX1464_V1___.jpg\"><img decoding=\"async\" alt=\"Zusammengesetztes Bild mit drei Szenen: Erwachsene und Kinder, die mit Elektronik arbeiten, ein kleiner Roboter auf einer Bodenkarte und eine Person, die Leiterplatten l\u00f6tet.\" src=\"https:\/\/m.media-amazon.com\/images\/S\/aplus-media-library-service-media\/d4cef00d-c73a-4548-bb4f-fa1107a4a1e7.__CR0,0,1464,600_PT0_SX1464_V1___.jpg\">                                               <\/p>\n<h3 class=\"a-text-center aplus-heading aplus-h1 a-text-bold\">  Intelligentes Cart-L\u00f6t\u00fcbungsset <\/h3>\n<p class=\"aplus-p3 a-text-bold\">  Merkmal <\/p>\n<p class=\"aplus-p3\">  Ferngesteuert, in jede Richtung fahrend <\/p>\n<p class=\"aplus-p3 a-text-bold\">  Merkmal <\/p>\n<p class=\"aplus-p3\">  Fahren auf schwarzer Linie <\/p>\n<p class=\"aplus-p3 a-text-bold\">  Merkmal <\/p>\n<p class=\"aplus-p3\">  Hindernisvermeidung, automatische Abstandsmessung, Abstandsanzeige <\/p>\n<p class=\"aplus-p3 a-text-bold\">  Einstellungsmodus <\/p>\n<p class=\"aplus-p3\">  Richtung der Fernsteuerung <\/p>\n<p class=\"aplus-p3 a-text-bold\">  Einstellungsmodus <\/p>\n<p class=\"aplus-p3\">  Potentiometer zur Einstellung der Empfindlichkeit <\/p>\n<p class=\"aplus-p3 a-text-bold\">  Einstellungsmodus <\/p>\n<p class=\"aplus-p3\">  Drucktaste zur Auswahl der Entfernung zur Hindernisvermeidung <\/p>\n<p class=\"aplus-p3 a-text-bold\">  Stromversorgungsart <\/p>\n<p class=\"aplus-p3\">  AA*3\uff08Das Paket enth\u00e4lt nicht\uff09 <\/p>\n<p class=\"aplus-p3 a-text-bold\">  Stromversorgungsart <\/p>\n<p class=\"aplus-p3\">  AA*2\uff08Das Paket enth\u00e4lt nicht\uff09 <\/p>\n<p class=\"aplus-p3 a-text-bold\">  Stromversorgungsart <\/p>\n<p class=\"aplus-p3\">  AA*4\uff08Das Paket enth\u00e4lt nicht\uff09 <\/p>\n<p>                                                                                                       <img decoding=\"async\" alt=\"Geteiltes Bild: Links zeigt Menschen, die auf Gras sitzen. Rechts ist ein kleiner Radroboter mit zwei R\u00e4dern und einer Fernbedienung\" src=\"https:\/\/images-na.ssl-images-amazon.com\/images\/G\/01\/x-locale\/common\/grey-pixel.gif\" class=\"a-lazy-loaded\" data-src=\"https:\/\/m.media-amazon.com\/images\/S\/aplus-media-library-service-media\/613ec60e-7bb2-496b-9912-f8042b527b05.__CR0,0,1464,600_PT0_SX1464_V1___.jpg\"><img decoding=\"async\" alt=\"Geteiltes Bild: Links zeigt Menschen, die auf Gras sitzen. Rechts ist ein kleiner Radroboter mit zwei R\u00e4dern und einer Fernbedienung\" src=\"https:\/\/m.media-amazon.com\/images\/S\/aplus-media-library-service-media\/613ec60e-7bb2-496b-9912-f8042b527b05.__CR0,0,1464,600_PT0_SX1464_V1___.jpg\">                                               <\/p>\n<p>Intelligentes Auto-Bausatz: D2-4 ist ein ferngesteuertes intelligentes Auto-Bausatz. Benutzer k\u00f6nnen \u00fcber eine Fernbedienung verschiedene Betriebszust\u00e4nde des intelligenten Autos steuern, z. B. vorw\u00e4rts, links abbiegen, rechts abbiegen, anhalten und auch die Bewegungsgeschwindigkeit anpassen.<br \/>\u3010Ferngesteuertes Smart-Car-Kit\u3011: Das DIY-Roboter-Car-Kit wird mit 3 Batterien (nicht im Lieferumfang enthalten) betrieben und kann ferngesteuert werden, um vorw\u00e4rts, r\u00fcckw\u00e4rts, rotierend, anzuhalten und sogar die Geschwindigkeit anzupassen. LED3 auf der Platine dient als Anzeige f\u00fcr den Empfang der Fernbedienung und blinkt einmal, um den Signalempfang zu best\u00e4tigen.<br \/>\u3010Einfach zu installieren\u3011: Das L\u00f6t\u00fcbungsset ist einfach aufzubauen und ist so einfach. Der auf der Platine deutlich abgebildete und beschriftete Anschluss erleichtert die Montage. Diese Einfachheit macht dieses DIY-Kit zu einer perfekten Option f\u00fcr Anf\u00e4nger und Studenten gleicherma\u00dfen und ist f\u00fcr alle F\u00e4higkeitsstufen geeignet.<br \/>\u3010Einfache Montage\u3011: Um Ihnen eine effizientere Fertigstellung zu erm\u00f6glichen, wurde die Leiterplatte deutlich illustriert und beschriftet, w\u00e4hrend die Produktverpackung und die Detailseite mit detaillierten Installationsanweisungen f\u00fcr Sie vorbereitet sind.<br \/>\u3010Ideales Basteln\u3011: Perfekt f\u00fcr Elektronikliebhaber und Heimwerker, um grundlegende mechanische und elektronische F\u00e4higkeiten zu erlernen und ihre L\u00f6tf\u00e4higkeiten f\u00fcr Science-Fair-Projekte zu \u00fcben. Nach Ihrer sorgf\u00e4ltigen Herstellung wird es sicherlich ein sehr bedeutungsvolles Handwerk f\u00fcr Ihre Familie und Freunde sein.<\/p>\n<p>[ad_2]<\/p>\n","protected":false},"excerpt":{"rendered":"<p>Produktbeschreibung Intelligentes Cart-L\u00f6t\u00fcbungsset Merkmal Ferngesteuert, in jede Richtung fahrend Merkmal Fahren auf schwarzer Linie Merkmal Hindernisvermeidung, automatische Abstandsmessung, Abstandsanzeige Einstellungsmodus Richtung der Fernsteuerung Einstellungsmodus Potentiometer zur Einstellung der Empfindlichkeit Einstellungsmodus Drucktaste zur Auswahl der Entfernung zur Hindernisvermeidung Stromversorgungsart AA*3\uff08Das Paket enth\u00e4lt nicht\uff09 Stromversorgungsart AA*2\uff08Das Paket enth\u00e4lt nicht\uff09 Stromversorgungsart AA*4\uff08Das Paket enth\u00e4lt nicht\uff09 Intelligentes Auto-Bausatz: D2-4 [&hellip;]<\/p>\n","protected":false},"featured_media":941,"comment_status":"open","ping_status":"closed","template":"","meta":{"_aipt_faq_data":""},"store":[],"product_brand":[222],"product_cat":[101],"product_tag":[221],"class_list":{"0":"post-940","1":"product","2":"type-product","3":"status-publish","4":"has-post-thumbnail","6":"product_brand-pemenol","7":"product_cat-diy-automatisierungskits","8":"product_tag-diy-automatisierungskits-fuer-roboter","10":"first","11":"instock","12":"sale","13":"shipping-taxable","14":"product-type-external"},"yoast_head":"<!-- This site is optimized with the Yoast SEO plugin v27.4 - https:\/\/yoast.com\/product\/yoast-seo-wordpress\/ -->\n<title>\u00dcben Sie das L\u00f6ten und lernen Sie das ferngesteuerte Auto-Kit, Anf\u00e4nger DIY 2WD Smart Robot Car Kit, elektronisches und DIY-Lernen zum L\u00f6ten - EasyLifeBro<\/title>\n<meta name=\"description\" content=\"Entdecken Sie smarte Roboter f\u00fcr Zuhause, Garten, Bildung und Sicherheit. Vergleichen Sie Saugroboter, Rasenm\u00e4hroboter, KI-Begleitroboter und mehr bei EasyLifeRobo.\" \/>\n<meta name=\"robots\" content=\"index, follow, max-snippet:-1, max-image-preview:large, max-video-preview:-1\" \/>\n<link rel=\"canonical\" href=\"https:\/\/easyliferobo.com\/de\/product\/ueben-sie-das-loeten-und-lernen-sie-das-ferngesteuerte-auto-kit-anfaenger-diy-2wd-smart-robot-car-kit-elektronisches-und-diy-lernen-zum-loeten\/\" \/>\n<meta property=\"og:locale\" content=\"de_DE\" \/>\n<meta property=\"og:type\" content=\"article\" \/>\n<meta property=\"og:title\" content=\"\u00dcben Sie das L\u00f6ten und lernen Sie das ferngesteuerte Auto-Kit, Anf\u00e4nger DIY 2WD Smart Robot Car Kit, elektronisches und DIY-Lernen zum L\u00f6ten - EasyLifeBro\" \/>\n<meta property=\"og:description\" content=\"Entdecken Sie smarte Roboter f\u00fcr Zuhause, Garten, Bildung und Sicherheit. Vergleichen Sie Saugroboter, Rasenm\u00e4hroboter, KI-Begleitroboter und mehr bei EasyLifeRobo.\" \/>\n<meta property=\"og:url\" content=\"https:\/\/easyliferobo.com\/de\/product\/ueben-sie-das-loeten-und-lernen-sie-das-ferngesteuerte-auto-kit-anfaenger-diy-2wd-smart-robot-car-kit-elektronisches-und-diy-lernen-zum-loeten\/\" \/>\n<meta property=\"og:site_name\" content=\"EasyLifeBro\" \/>\n<meta property=\"article:modified_time\" content=\"2026-02-22T23:35:39+00:00\" \/>\n<meta property=\"og:image\" content=\"https:\/\/easyliferobo.com\/de\/wp-content\/uploads\/2026\/02\/71GuKiN6sL._AC_SL1500_.jpg\" \/>\n\t<meta property=\"og:image:width\" content=\"1500\" \/>\n\t<meta property=\"og:image:height\" content=\"1491\" \/>\n\t<meta property=\"og:image:type\" content=\"image\/jpeg\" \/>\n<meta name=\"twitter:card\" content=\"summary_large_image\" \/>\n<meta name=\"twitter:label1\" content=\"Gesch\u00e4tzte Lesezeit\" \/>\n\t<meta name=\"twitter:data1\" content=\"1\u00a0Minute\" \/>\n<script type=\"application\/ld+json\" class=\"yoast-schema-graph\">{\"@context\":\"https:\\\/\\\/schema.org\",\"@graph\":[{\"@type\":\"WebPage\",\"@id\":\"https:\\\/\\\/easyliferobo.com\\\/de\\\/product\\\/ueben-sie-das-loeten-und-lernen-sie-das-ferngesteuerte-auto-kit-anfaenger-diy-2wd-smart-robot-car-kit-elektronisches-und-diy-lernen-zum-loeten\\\/\",\"url\":\"https:\\\/\\\/easyliferobo.com\\\/de\\\/product\\\/ueben-sie-das-loeten-und-lernen-sie-das-ferngesteuerte-auto-kit-anfaenger-diy-2wd-smart-robot-car-kit-elektronisches-und-diy-lernen-zum-loeten\\\/\",\"name\":\"\u00dcben Sie das L\u00f6ten und lernen Sie das ferngesteuerte Auto-Kit, Anf\u00e4nger DIY 2WD Smart Robot Car Kit, elektronisches und DIY-Lernen zum L\u00f6ten - EasyLifeBro\",\"isPartOf\":{\"@id\":\"https:\\\/\\\/easyliferobo.com\\\/de\\\/#website\"},\"primaryImageOfPage\":{\"@id\":\"https:\\\/\\\/easyliferobo.com\\\/de\\\/product\\\/ueben-sie-das-loeten-und-lernen-sie-das-ferngesteuerte-auto-kit-anfaenger-diy-2wd-smart-robot-car-kit-elektronisches-und-diy-lernen-zum-loeten\\\/#primaryimage\"},\"image\":{\"@id\":\"https:\\\/\\\/easyliferobo.com\\\/de\\\/product\\\/ueben-sie-das-loeten-und-lernen-sie-das-ferngesteuerte-auto-kit-anfaenger-diy-2wd-smart-robot-car-kit-elektronisches-und-diy-lernen-zum-loeten\\\/#primaryimage\"},\"thumbnailUrl\":\"https:\\\/\\\/easyliferobo.com\\\/de\\\/wp-content\\\/uploads\\\/2026\\\/02\\\/71GuKiN6sL._AC_SL1500_.jpg\",\"datePublished\":\"2026-02-22T10:59:25+00:00\",\"dateModified\":\"2026-02-22T23:35:39+00:00\",\"description\":\"Entdecken Sie smarte Roboter f\u00fcr Zuhause, Garten, Bildung und Sicherheit. Vergleichen Sie Saugroboter, Rasenm\u00e4hroboter, KI-Begleitroboter und mehr bei EasyLifeRobo.\",\"breadcrumb\":{\"@id\":\"https:\\\/\\\/easyliferobo.com\\\/de\\\/product\\\/ueben-sie-das-loeten-und-lernen-sie-das-ferngesteuerte-auto-kit-anfaenger-diy-2wd-smart-robot-car-kit-elektronisches-und-diy-lernen-zum-loeten\\\/#breadcrumb\"},\"inLanguage\":\"de\",\"potentialAction\":[{\"@type\":\"ReadAction\",\"target\":[\"https:\\\/\\\/easyliferobo.com\\\/de\\\/product\\\/ueben-sie-das-loeten-und-lernen-sie-das-ferngesteuerte-auto-kit-anfaenger-diy-2wd-smart-robot-car-kit-elektronisches-und-diy-lernen-zum-loeten\\\/\"]}]},{\"@type\":\"ImageObject\",\"inLanguage\":\"de\",\"@id\":\"https:\\\/\\\/easyliferobo.com\\\/de\\\/product\\\/ueben-sie-das-loeten-und-lernen-sie-das-ferngesteuerte-auto-kit-anfaenger-diy-2wd-smart-robot-car-kit-elektronisches-und-diy-lernen-zum-loeten\\\/#primaryimage\",\"url\":\"https:\\\/\\\/easyliferobo.com\\\/de\\\/wp-content\\\/uploads\\\/2026\\\/02\\\/71GuKiN6sL._AC_SL1500_.jpg\",\"contentUrl\":\"https:\\\/\\\/easyliferobo.com\\\/de\\\/wp-content\\\/uploads\\\/2026\\\/02\\\/71GuKiN6sL._AC_SL1500_.jpg\",\"width\":1500,\"height\":1491},{\"@type\":\"BreadcrumbList\",\"@id\":\"https:\\\/\\\/easyliferobo.com\\\/de\\\/product\\\/ueben-sie-das-loeten-und-lernen-sie-das-ferngesteuerte-auto-kit-anfaenger-diy-2wd-smart-robot-car-kit-elektronisches-und-diy-lernen-zum-loeten\\\/#breadcrumb\",\"itemListElement\":[{\"@type\":\"ListItem\",\"position\":1,\"name\":\"Home\",\"item\":\"https:\\\/\\\/easyliferobo.com\\\/de\\\/\"},{\"@type\":\"ListItem\",\"position\":2,\"name\":\"Shop\",\"item\":\"https:\\\/\\\/easyliferobo.com\\\/de\\\/shop\\\/\"},{\"@type\":\"ListItem\",\"position\":3,\"name\":\"\u00dcben Sie das L\u00f6ten und lernen Sie...\"}]},{\"@type\":\"WebSite\",\"@id\":\"https:\\\/\\\/easyliferobo.com\\\/de\\\/#website\",\"url\":\"https:\\\/\\\/easyliferobo.com\\\/de\\\/\",\"name\":\"EasyLifeBro\",\"description\":\"Smarte Roboter f\u00fcr Zuhause, Garten &amp; Bildung\",\"publisher\":{\"@id\":\"https:\\\/\\\/easyliferobo.com\\\/de\\\/#organization\"},\"potentialAction\":[{\"@type\":\"SearchAction\",\"target\":{\"@type\":\"EntryPoint\",\"urlTemplate\":\"https:\\\/\\\/easyliferobo.com\\\/de\\\/?s={search_term_string}\"},\"query-input\":{\"@type\":\"PropertyValueSpecification\",\"valueRequired\":true,\"valueName\":\"search_term_string\"}}],\"inLanguage\":\"de\"},{\"@type\":\"Organization\",\"@id\":\"https:\\\/\\\/easyliferobo.com\\\/de\\\/#organization\",\"name\":\"EasyLifeBro\",\"url\":\"https:\\\/\\\/easyliferobo.com\\\/de\\\/\",\"logo\":{\"@type\":\"ImageObject\",\"inLanguage\":\"de\",\"@id\":\"https:\\\/\\\/easyliferobo.com\\\/de\\\/#\\\/schema\\\/logo\\\/image\\\/\",\"url\":\"https:\\\/\\\/easyliferobo.com\\\/de\\\/wp-content\\\/uploads\\\/2026\\\/02\\\/Screenshot-2026-02-22-at-2.25.03-PM.png\",\"contentUrl\":\"https:\\\/\\\/easyliferobo.com\\\/de\\\/wp-content\\\/uploads\\\/2026\\\/02\\\/Screenshot-2026-02-22-at-2.25.03-PM.png\",\"width\":1858,\"height\":430,\"caption\":\"EasyLifeBro\"},\"image\":{\"@id\":\"https:\\\/\\\/easyliferobo.com\\\/de\\\/#\\\/schema\\\/logo\\\/image\\\/\"}}]}<\/script>\n<!-- \/ Yoast SEO plugin. -->","yoast_head_json":{"title":"\u00dcben Sie das L\u00f6ten und lernen Sie das ferngesteuerte Auto-Kit, Anf\u00e4nger DIY 2WD Smart Robot Car Kit, elektronisches und DIY-Lernen zum L\u00f6ten - EasyLifeBro","description":"Entdecken Sie smarte Roboter f\u00fcr Zuhause, Garten, Bildung und Sicherheit. Vergleichen Sie Saugroboter, Rasenm\u00e4hroboter, KI-Begleitroboter und mehr bei EasyLifeRobo.","robots":{"index":"index","follow":"follow","max-snippet":"max-snippet:-1","max-image-preview":"max-image-preview:large","max-video-preview":"max-video-preview:-1"},"canonical":"https:\/\/easyliferobo.com\/de\/product\/ueben-sie-das-loeten-und-lernen-sie-das-ferngesteuerte-auto-kit-anfaenger-diy-2wd-smart-robot-car-kit-elektronisches-und-diy-lernen-zum-loeten\/","og_locale":"de_DE","og_type":"article","og_title":"\u00dcben Sie das L\u00f6ten und lernen Sie das ferngesteuerte Auto-Kit, Anf\u00e4nger DIY 2WD Smart Robot Car Kit, elektronisches und DIY-Lernen zum L\u00f6ten - EasyLifeBro","og_description":"Entdecken Sie smarte Roboter f\u00fcr Zuhause, Garten, Bildung und Sicherheit. Vergleichen Sie Saugroboter, Rasenm\u00e4hroboter, KI-Begleitroboter und mehr bei EasyLifeRobo.","og_url":"https:\/\/easyliferobo.com\/de\/product\/ueben-sie-das-loeten-und-lernen-sie-das-ferngesteuerte-auto-kit-anfaenger-diy-2wd-smart-robot-car-kit-elektronisches-und-diy-lernen-zum-loeten\/","og_site_name":"EasyLifeBro","article_modified_time":"2026-02-22T23:35:39+00:00","og_image":[{"width":1500,"height":1491,"url":"https:\/\/easyliferobo.com\/de\/wp-content\/uploads\/2026\/02\/71GuKiN6sL._AC_SL1500_.jpg","type":"image\/jpeg"}],"twitter_card":"summary_large_image","twitter_misc":{"Gesch\u00e4tzte Lesezeit":"1\u00a0Minute"},"schema":{"@context":"https:\/\/schema.org","@graph":[{"@type":"WebPage","@id":"https:\/\/easyliferobo.com\/de\/product\/ueben-sie-das-loeten-und-lernen-sie-das-ferngesteuerte-auto-kit-anfaenger-diy-2wd-smart-robot-car-kit-elektronisches-und-diy-lernen-zum-loeten\/","url":"https:\/\/easyliferobo.com\/de\/product\/ueben-sie-das-loeten-und-lernen-sie-das-ferngesteuerte-auto-kit-anfaenger-diy-2wd-smart-robot-car-kit-elektronisches-und-diy-lernen-zum-loeten\/","name":"\u00dcben Sie das L\u00f6ten und lernen Sie das ferngesteuerte Auto-Kit, Anf\u00e4nger DIY 2WD Smart Robot Car Kit, elektronisches und DIY-Lernen zum L\u00f6ten - EasyLifeBro","isPartOf":{"@id":"https:\/\/easyliferobo.com\/de\/#website"},"primaryImageOfPage":{"@id":"https:\/\/easyliferobo.com\/de\/product\/ueben-sie-das-loeten-und-lernen-sie-das-ferngesteuerte-auto-kit-anfaenger-diy-2wd-smart-robot-car-kit-elektronisches-und-diy-lernen-zum-loeten\/#primaryimage"},"image":{"@id":"https:\/\/easyliferobo.com\/de\/product\/ueben-sie-das-loeten-und-lernen-sie-das-ferngesteuerte-auto-kit-anfaenger-diy-2wd-smart-robot-car-kit-elektronisches-und-diy-lernen-zum-loeten\/#primaryimage"},"thumbnailUrl":"https:\/\/easyliferobo.com\/de\/wp-content\/uploads\/2026\/02\/71GuKiN6sL._AC_SL1500_.jpg","datePublished":"2026-02-22T10:59:25+00:00","dateModified":"2026-02-22T23:35:39+00:00","description":"Entdecken Sie smarte Roboter f\u00fcr Zuhause, Garten, Bildung und Sicherheit. Vergleichen Sie Saugroboter, Rasenm\u00e4hroboter, KI-Begleitroboter und mehr bei EasyLifeRobo.","breadcrumb":{"@id":"https:\/\/easyliferobo.com\/de\/product\/ueben-sie-das-loeten-und-lernen-sie-das-ferngesteuerte-auto-kit-anfaenger-diy-2wd-smart-robot-car-kit-elektronisches-und-diy-lernen-zum-loeten\/#breadcrumb"},"inLanguage":"de","potentialAction":[{"@type":"ReadAction","target":["https:\/\/easyliferobo.com\/de\/product\/ueben-sie-das-loeten-und-lernen-sie-das-ferngesteuerte-auto-kit-anfaenger-diy-2wd-smart-robot-car-kit-elektronisches-und-diy-lernen-zum-loeten\/"]}]},{"@type":"ImageObject","inLanguage":"de","@id":"https:\/\/easyliferobo.com\/de\/product\/ueben-sie-das-loeten-und-lernen-sie-das-ferngesteuerte-auto-kit-anfaenger-diy-2wd-smart-robot-car-kit-elektronisches-und-diy-lernen-zum-loeten\/#primaryimage","url":"https:\/\/easyliferobo.com\/de\/wp-content\/uploads\/2026\/02\/71GuKiN6sL._AC_SL1500_.jpg","contentUrl":"https:\/\/easyliferobo.com\/de\/wp-content\/uploads\/2026\/02\/71GuKiN6sL._AC_SL1500_.jpg","width":1500,"height":1491},{"@type":"BreadcrumbList","@id":"https:\/\/easyliferobo.com\/de\/product\/ueben-sie-das-loeten-und-lernen-sie-das-ferngesteuerte-auto-kit-anfaenger-diy-2wd-smart-robot-car-kit-elektronisches-und-diy-lernen-zum-loeten\/#breadcrumb","itemListElement":[{"@type":"ListItem","position":1,"name":"Home","item":"https:\/\/easyliferobo.com\/de\/"},{"@type":"ListItem","position":2,"name":"Shop","item":"https:\/\/easyliferobo.com\/de\/shop\/"},{"@type":"ListItem","position":3,"name":"\u00dcben Sie das L\u00f6ten und lernen Sie..."}]},{"@type":"WebSite","@id":"https:\/\/easyliferobo.com\/de\/#website","url":"https:\/\/easyliferobo.com\/de\/","name":"EasyLifeBro","description":"Smarte Roboter f\u00fcr Zuhause, Garten &amp; Bildung","publisher":{"@id":"https:\/\/easyliferobo.com\/de\/#organization"},"potentialAction":[{"@type":"SearchAction","target":{"@type":"EntryPoint","urlTemplate":"https:\/\/easyliferobo.com\/de\/?s={search_term_string}"},"query-input":{"@type":"PropertyValueSpecification","valueRequired":true,"valueName":"search_term_string"}}],"inLanguage":"de"},{"@type":"Organization","@id":"https:\/\/easyliferobo.com\/de\/#organization","name":"EasyLifeBro","url":"https:\/\/easyliferobo.com\/de\/","logo":{"@type":"ImageObject","inLanguage":"de","@id":"https:\/\/easyliferobo.com\/de\/#\/schema\/logo\/image\/","url":"https:\/\/easyliferobo.com\/de\/wp-content\/uploads\/2026\/02\/Screenshot-2026-02-22-at-2.25.03-PM.png","contentUrl":"https:\/\/easyliferobo.com\/de\/wp-content\/uploads\/2026\/02\/Screenshot-2026-02-22-at-2.25.03-PM.png","width":1858,"height":430,"caption":"EasyLifeBro"},"image":{"@id":"https:\/\/easyliferobo.com\/de\/#\/schema\/logo\/image\/"}}]}},"_links":{"self":[{"href":"https:\/\/easyliferobo.com\/de\/wp-json\/wp\/v2\/product\/940","targetHints":{"allow":["GET"]}}],"collection":[{"href":"https:\/\/easyliferobo.com\/de\/wp-json\/wp\/v2\/product"}],"about":[{"href":"https:\/\/easyliferobo.com\/de\/wp-json\/wp\/v2\/types\/product"}],"replies":[{"embeddable":true,"href":"https:\/\/easyliferobo.com\/de\/wp-json\/wp\/v2\/comments?post=940"}],"wp:featuredmedia":[{"embeddable":true,"href":"https:\/\/easyliferobo.com\/de\/wp-json\/wp\/v2\/media\/941"}],"wp:attachment":[{"href":"https:\/\/easyliferobo.com\/de\/wp-json\/wp\/v2\/media?parent=940"}],"wp:term":[{"taxonomy":"store","embeddable":true,"href":"https:\/\/easyliferobo.com\/de\/wp-json\/wp\/v2\/store?post=940"},{"taxonomy":"product_brand","embeddable":true,"href":"https:\/\/easyliferobo.com\/de\/wp-json\/wp\/v2\/product_brand?post=940"},{"taxonomy":"product_cat","embeddable":true,"href":"https:\/\/easyliferobo.com\/de\/wp-json\/wp\/v2\/product_cat?post=940"},{"taxonomy":"product_tag","embeddable":true,"href":"https:\/\/easyliferobo.com\/de\/wp-json\/wp\/v2\/product_tag?post=940"}],"curies":[{"name":"wp","href":"https:\/\/api.w.org\/{rel}","templated":true}]}}