
{"id":933,"date":"2026-02-22T10:57:22","date_gmt":"2026-02-22T10:57:22","guid":{"rendered":"https:\/\/easyliferobo.com\/de\/product\/800-meter-langstrecken-ueberlebensdrohne-mit-buerstenlosem-motor-und-84-minuten-super-langzeitflugzeit-4k-hd-kameradrohne-chubory-a77-wifi-quadrocopter-autoverfolgung-automatisches-schweben-3-bat\/"},"modified":"2026-02-22T10:57:33","modified_gmt":"2026-02-22T10:57:33","slug":"800-meter-langstrecken-ueberlebensdrohne-mit-buerstenlosem-motor-und-84-minuten-super-langzeitflugzeit-4k-hd-kameradrohne-chubory-a77-wifi-quadrocopter-autoverfolgung-automatisches-schweben-3-bat","status":"publish","type":"product","link":"https:\/\/easyliferobo.com\/de\/product\/800-meter-langstrecken-ueberlebensdrohne-mit-buerstenlosem-motor-und-84-minuten-super-langzeitflugzeit-4k-hd-kameradrohne-chubory-a77-wifi-quadrocopter-autoverfolgung-automatisches-schweben-3-bat\/","title":{"rendered":"800 Meter Langstrecken-\u00dcberlebensd..."},"content":{"rendered":"<p>\n                                             Produktbeschreibung Das Video zeigt das Produkt im Einsatz. Das Video f\u00fchrt Sie durch die Produkteinrichtung. Das Video vergleicht mehrere Produkte. Das Video zeigt das Auspacken des Produkts. A77-Brushless-Drone-Merchant-Video<\/p>\n<p>                                                                                                       <img decoding=\"async\" alt=\"Aplus-Inhaltsbild\" src=\"https:\/\/images-na.ssl-images-amazon.com\/images\/G\/01\/x-locale\/common\/grey-pixel.gif\" class=\"a-lazy-loaded\" data-src=\"https:\/\/m.media-amazon.com\/images\/S\/aplus-media-library-service-media\/b277e87f-b1cf-4716-9bbb-348b08b6fd00.__CR0,0,1464,600_PT0_SX1464_V1___.jpg\"><img decoding=\"async\" alt=\"Aplus-Inhaltsbild\" src=\"https:\/\/m.media-amazon.com\/images\/S\/aplus-media-library-service-media\/b277e87f-b1cf-4716-9bbb-348b08b6fd00.__CR0,0,1464,600_PT0_SX1464_V1___.jpg\">                                               <\/p>\n<p>                                                                                                       <img decoding=\"async\" alt=\"1\" src=\"https:\/\/images-na.ssl-images-amazon.com\/images\/G\/01\/x-locale\/common\/grey-pixel.gif\" class=\"a-lazy-loaded\" data-src=\"https:\/\/m.media-amazon.com\/images\/S\/aplus-media-library-service-media\/0cb4ae42-b757-4f5b-a472-d550d88b8e20.__CR0,2,2920,1197_PT0_SX1464_V1___.jpg\"><img decoding=\"async\" alt=\"1\" src=\"https:\/\/m.media-amazon.com\/images\/S\/aplus-media-library-service-media\/0cb4ae42-b757-4f5b-a472-d550d88b8e20.__CR0,2,2920,1197_PT0_SX1464_V1___.jpg\">                                               <\/p>\n<p>                                                                                                       <img decoding=\"async\" alt=\"Drei dunkelgraue rechteckige Ger\u00e4te vor blauem Himmelshintergrund. Der Text \u201e84 Minuten\u201c wird gut sichtbar angezeigt und weist auf eine l\u00e4ngere Akkulaufzeit oder hin\" src=\"https:\/\/images-na.ssl-images-amazon.com\/images\/G\/01\/x-locale\/common\/grey-pixel.gif\" class=\"a-lazy-loaded\" data-src=\"https:\/\/m.media-amazon.com\/images\/S\/aplus-media-library-service-media\/19f8c63c-734f-4238-9e6c-d9f635d351a5.__CR0,0,2928,1200_PT0_SX1464_V1___.jpg\"><img decoding=\"async\" alt=\"Drei dunkelgraue rechteckige Ger\u00e4te vor blauem Himmelshintergrund. Der Text \u201e84 Minuten\u201c wird gut sichtbar angezeigt und weist auf eine l\u00e4ngere Akkulaufzeit oder hin\" src=\"https:\/\/m.media-amazon.com\/images\/S\/aplus-media-library-service-media\/19f8c63c-734f-4238-9e6c-d9f635d351a5.__CR0,0,2928,1200_PT0_SX1464_V1___.jpg\">                                               <\/p>\n<p>                                                                                                       <img decoding=\"async\" alt=\"Aplus-Inhaltsbild\" src=\"https:\/\/images-na.ssl-images-amazon.com\/images\/G\/01\/x-locale\/common\/grey-pixel.gif\" class=\"a-lazy-loaded\" data-src=\"https:\/\/m.media-amazon.com\/images\/S\/aplus-media-library-service-media\/46262b30-4c68-4111-8f8e-6b91b0671de3.__CR0,0,1464,600_PT0_SX1464_V1___.jpg\"><img decoding=\"async\" alt=\"Aplus-Inhaltsbild\" src=\"https:\/\/m.media-amazon.com\/images\/S\/aplus-media-library-service-media\/46262b30-4c68-4111-8f8e-6b91b0671de3.__CR0,0,1464,600_PT0_SX1464_V1___.jpg\">                                               <\/p>\n<p>                                                                                                                    <img decoding=\"async\" alt=\"Kompakte Drohne, die \u00fcber einem Landeplatz auf einem Dach schwebt. Drei kleinere Bilder zeigen die Drohne im Flug und in verschiedenen Positionen\" src=\"https:\/\/m.media-amazon.com\/images\/S\/aplus-media-library-service-media\/a0a700b3-ead2-4914-ae30-d557a9123757.__CR0,0,2928,1200_PT0_SX1464_V1___.jpg\">                                                    <img decoding=\"async\" alt=\"5.2\" src=\"https:\/\/m.media-amazon.com\/images\/S\/aplus-media-library-service-media\/6a52bc5d-63d1-431b-ad51-281fe05065b2.__CR0,0,1464,600_PT0_SX1464_V1___.jpg\">                                                    <img decoding=\"async\" alt=\"Quadcopter-Drohne fliegt in der N\u00e4he einer Person in blauer Jacke auf einem verschneiten Berggipfel. Die Arme der Person werden angehoben und die Drohne mit einem Handger\u00e4t gesteuert\" src=\"https:\/\/m.media-amazon.com\/images\/S\/aplus-media-library-service-media\/87486173-060c-4586-a2b2-194ee4d1c80a.__CR0,0,2928,1200_PT0_SX1464_V1___.jpg\">                                                    <img decoding=\"async\" alt=\"5.4\" src=\"https:\/\/m.media-amazon.com\/images\/S\/aplus-media-library-service-media\/64eabd5b-c25b-4d28-861f-08e40901d0f6.__CR0,0,1464,600_PT0_SX1464_V1___.jpg\">                                                    <img decoding=\"async\" alt=\"5.5\" src=\"https:\/\/m.media-amazon.com\/images\/S\/aplus-media-library-service-media\/5c8fe96a-d4fe-4a61-becd-50514bcb528f.__CR0,0,2928,1200_PT0_SX1464_V1___.jpg\"><br \/>\n                            1 H\u00f6henhaltung 2 360-Grad-Flip 3 Geste-Fotografie 4 Trajektorienflug 5 Intelligentes Folgen <\/p>\n<p>                                                                                                       <img decoding=\"async\" alt=\"Produktvorf\u00fchrungsszene, in der eine kleine Drohne in der Hand gehalten wird, w\u00e4hrend deutscher Text \u00fcber Funktionen zur Benutzerfreundlichkeit angezeigt wird\" src=\"https:\/\/images-na.ssl-images-amazon.com\/images\/G\/01\/x-locale\/common\/grey-pixel.gif\" class=\"a-lazy-loaded\" data-src=\"https:\/\/m.media-amazon.com\/images\/S\/aplus-media-library-service-media\/daa00d08-50ab-4943-8b4b-573674cdc9af.__CR0,0,1464,600_PT0_SX1464_V1___.jpg\"><img decoding=\"async\" alt=\"Produktvorf\u00fchrungsszene, in der eine kleine Drohne in der Hand gehalten wird, w\u00e4hrend deutscher Text \u00fcber Funktionen zur Benutzerfreundlichkeit angezeigt wird\" src=\"https:\/\/m.media-amazon.com\/images\/S\/aplus-media-library-service-media\/daa00d08-50ab-4943-8b4b-573674cdc9af.__CR0,0,1464,600_PT0_SX1464_V1___.jpg\">                                               <\/p>\n<p>Ultralange Kontrollreichweite: Mit einer beeindruckenden Kontrollentfernung von 2.650 Fu\u00df (ca. 800 m) \u00fcbertrifft sie andere Drohnen, die nur eine Reichweite von nur 250 Fu\u00df bieten, bei weitem. Diese gro\u00dfe Reichweite erm\u00f6glicht ein freies und ungebundenes Fliegen am Himmel.<br \/>STARKE B\u00dcRSTENLOSE MOTOREN UND VERBESSERTE BATTERIEN Die langlebigen b\u00fcrstenlosen Motoren aus Legierung verf\u00fcgen \u00fcber einen starken Windwiderstand und sorgen f\u00fcr einen schnelleren, leiseren und kraftvolleren Flug. Ausgestattet mit drei verbesserten Akkus erm\u00f6glicht es eine Flugzeit von bis zu 84 Minuten und l\u00e4sst Ihre Drohne frei am Himmel fliegen.<br \/>Alle Funktionen: Der A77 ist \u00e4u\u00dferst benutzerfreundlich und verf\u00fcgt \u00fcber One-Key-Start\/Landung, optische Flusspositionierung, H\u00f6henhaltung, automatische Verfolgung, 3D-Flips, Headless-Modus, Geschwindigkeitsanpassung, Gesten-Selfie und Wegpunkte-Flugfunktionen, passt sich allen Erfahrungsstufen an, auch f\u00fcr Anf\u00e4nger.<br \/>Einstellbare 4K-HD-Kamera: Ausgestattet mit einer 4K-HD-Kamera, die mit Ihrer Fernbedienung oder App innerhalb von 90\u00b0 eingestellt werden kann, bietet Ihnen das 108\u00b0-Weitwinkelobjektiv ein aufregendes Erlebnis der Luftkulisse und hilft Ihnen, jeden wunderbaren Moment aus der Vogelperspektive festzuhalten.<br \/>BESTELLEN SIE MIT VERTRAUEN Diese Drohne wiegt weniger als 249 g. Dank des kompakten, faltbaren Designs und der tragbaren Tragetasche k\u00f6nnen Sie die Drohne problemlos \u00fcberall hin mitnehmen. Eine einj\u00e4hrige Garantie und eine dauerhafte Support-Garantie sorgen daf\u00fcr, dass Sie beruhigt kaufen k\u00f6nnen.<\/p>\n<p>[ad_2]<\/p>\n","protected":false},"excerpt":{"rendered":"<p>Produktbeschreibung Das Video zeigt das Produkt im Einsatz. Das Video f\u00fchrt Sie durch die Produkteinrichtung. Das Video vergleicht mehrere Produkte. Das Video zeigt das Auspacken des Produkts. A77-Brushless-Drone-Merchant-Video 1 H\u00f6henhaltung 2 360-Grad-Flip 3 Geste-Fotografie 4 Trajektorienflug 5 Intelligentes Folgen Ultralange Kontrollreichweite: Mit einer beeindruckenden Kontrollentfernung von 2.650 Fu\u00df (ca. 800 m) \u00fcbertrifft sie andere Drohnen, [&hellip;]<\/p>\n","protected":false},"featured_media":934,"comment_status":"open","ping_status":"closed","template":"","meta":{"_aipt_faq_data":""},"store":[],"product_brand":[220],"product_cat":[103],"product_tag":[219],"class_list":{"0":"post-933","1":"product","2":"type-product","3":"status-publish","4":"has-post-thumbnail","6":"product_brand-chubory","7":"product_cat-kamera-drohnen","8":"product_tag-kamera-drohnen-fuer-luftaufnahmen","10":"first","11":"instock","12":"sale","13":"shipping-taxable","14":"product-type-external"},"yoast_head":"<!-- This site is optimized with the Yoast SEO plugin v27.4 - https:\/\/yoast.com\/product\/yoast-seo-wordpress\/ -->\n<title>800 Meter Langstrecken-\u00dcberlebensdrohne mit b\u00fcrstenlosem Motor und 84-Minuten-Super-Langzeitflugzeit, 4K-HD-Kameradrohne, CHUBORY A77 WiFi-Quadrocopter, Autoverfolgung, automatisches Schweben (3 Batterien) - EasyLifeBro<\/title>\n<meta name=\"description\" content=\"Entdecken Sie smarte Roboter f\u00fcr Zuhause, Garten, Bildung und Sicherheit. Vergleichen Sie Saugroboter, Rasenm\u00e4hroboter, KI-Begleitroboter und mehr bei EasyLifeRobo.\" \/>\n<meta name=\"robots\" content=\"index, follow, max-snippet:-1, max-image-preview:large, max-video-preview:-1\" \/>\n<link rel=\"canonical\" href=\"https:\/\/easyliferobo.com\/de\/product\/800-meter-langstrecken-ueberlebensdrohne-mit-buerstenlosem-motor-und-84-minuten-super-langzeitflugzeit-4k-hd-kameradrohne-chubory-a77-wifi-quadrocopter-autoverfolgung-automatisches-schweben-3-bat\/\" \/>\n<meta property=\"og:locale\" content=\"de_DE\" \/>\n<meta property=\"og:type\" content=\"article\" \/>\n<meta property=\"og:title\" content=\"800 Meter Langstrecken-\u00dcberlebensdrohne mit b\u00fcrstenlosem Motor und 84-Minuten-Super-Langzeitflugzeit, 4K-HD-Kameradrohne, CHUBORY A77 WiFi-Quadrocopter, Autoverfolgung, automatisches Schweben (3 Batterien) - EasyLifeBro\" \/>\n<meta property=\"og:description\" content=\"Entdecken Sie smarte Roboter f\u00fcr Zuhause, Garten, Bildung und Sicherheit. Vergleichen Sie Saugroboter, Rasenm\u00e4hroboter, KI-Begleitroboter und mehr bei EasyLifeRobo.\" \/>\n<meta property=\"og:url\" content=\"https:\/\/easyliferobo.com\/de\/product\/800-meter-langstrecken-ueberlebensdrohne-mit-buerstenlosem-motor-und-84-minuten-super-langzeitflugzeit-4k-hd-kameradrohne-chubory-a77-wifi-quadrocopter-autoverfolgung-automatisches-schweben-3-bat\/\" \/>\n<meta property=\"og:site_name\" content=\"EasyLifeBro\" \/>\n<meta property=\"article:modified_time\" content=\"2026-02-22T10:57:33+00:00\" \/>\n<meta property=\"og:image\" content=\"https:\/\/easyliferobo.com\/de\/wp-content\/uploads\/2026\/02\/81CGsJ-zbcL._AC_SL1500_.jpg\" \/>\n\t<meta property=\"og:image:width\" content=\"1500\" \/>\n\t<meta property=\"og:image:height\" content=\"1358\" \/>\n\t<meta property=\"og:image:type\" content=\"image\/jpeg\" \/>\n<meta name=\"twitter:card\" content=\"summary_large_image\" \/>\n<meta name=\"twitter:label1\" content=\"Gesch\u00e4tzte Lesezeit\" \/>\n\t<meta name=\"twitter:data1\" content=\"1\u00a0Minute\" \/>\n<script type=\"application\/ld+json\" class=\"yoast-schema-graph\">{\"@context\":\"https:\\\/\\\/schema.org\",\"@graph\":[{\"@type\":\"WebPage\",\"@id\":\"https:\\\/\\\/easyliferobo.com\\\/de\\\/product\\\/800-meter-langstrecken-ueberlebensdrohne-mit-buerstenlosem-motor-und-84-minuten-super-langzeitflugzeit-4k-hd-kameradrohne-chubory-a77-wifi-quadrocopter-autoverfolgung-automatisches-schweben-3-bat\\\/\",\"url\":\"https:\\\/\\\/easyliferobo.com\\\/de\\\/product\\\/800-meter-langstrecken-ueberlebensdrohne-mit-buerstenlosem-motor-und-84-minuten-super-langzeitflugzeit-4k-hd-kameradrohne-chubory-a77-wifi-quadrocopter-autoverfolgung-automatisches-schweben-3-bat\\\/\",\"name\":\"800 Meter Langstrecken-\u00dcberlebensdrohne mit b\u00fcrstenlosem Motor und 84-Minuten-Super-Langzeitflugzeit, 4K-HD-Kameradrohne, CHUBORY A77 WiFi-Quadrocopter, Autoverfolgung, automatisches Schweben (3 Batterien) - EasyLifeBro\",\"isPartOf\":{\"@id\":\"https:\\\/\\\/easyliferobo.com\\\/de\\\/#website\"},\"primaryImageOfPage\":{\"@id\":\"https:\\\/\\\/easyliferobo.com\\\/de\\\/product\\\/800-meter-langstrecken-ueberlebensdrohne-mit-buerstenlosem-motor-und-84-minuten-super-langzeitflugzeit-4k-hd-kameradrohne-chubory-a77-wifi-quadrocopter-autoverfolgung-automatisches-schweben-3-bat\\\/#primaryimage\"},\"image\":{\"@id\":\"https:\\\/\\\/easyliferobo.com\\\/de\\\/product\\\/800-meter-langstrecken-ueberlebensdrohne-mit-buerstenlosem-motor-und-84-minuten-super-langzeitflugzeit-4k-hd-kameradrohne-chubory-a77-wifi-quadrocopter-autoverfolgung-automatisches-schweben-3-bat\\\/#primaryimage\"},\"thumbnailUrl\":\"https:\\\/\\\/easyliferobo.com\\\/de\\\/wp-content\\\/uploads\\\/2026\\\/02\\\/81CGsJ-zbcL._AC_SL1500_.jpg\",\"datePublished\":\"2026-02-22T10:57:22+00:00\",\"dateModified\":\"2026-02-22T10:57:33+00:00\",\"description\":\"Entdecken Sie smarte Roboter f\u00fcr Zuhause, Garten, Bildung und Sicherheit. Vergleichen Sie Saugroboter, Rasenm\u00e4hroboter, KI-Begleitroboter und mehr bei EasyLifeRobo.\",\"breadcrumb\":{\"@id\":\"https:\\\/\\\/easyliferobo.com\\\/de\\\/product\\\/800-meter-langstrecken-ueberlebensdrohne-mit-buerstenlosem-motor-und-84-minuten-super-langzeitflugzeit-4k-hd-kameradrohne-chubory-a77-wifi-quadrocopter-autoverfolgung-automatisches-schweben-3-bat\\\/#breadcrumb\"},\"inLanguage\":\"de\",\"potentialAction\":[{\"@type\":\"ReadAction\",\"target\":[\"https:\\\/\\\/easyliferobo.com\\\/de\\\/product\\\/800-meter-langstrecken-ueberlebensdrohne-mit-buerstenlosem-motor-und-84-minuten-super-langzeitflugzeit-4k-hd-kameradrohne-chubory-a77-wifi-quadrocopter-autoverfolgung-automatisches-schweben-3-bat\\\/\"]}]},{\"@type\":\"ImageObject\",\"inLanguage\":\"de\",\"@id\":\"https:\\\/\\\/easyliferobo.com\\\/de\\\/product\\\/800-meter-langstrecken-ueberlebensdrohne-mit-buerstenlosem-motor-und-84-minuten-super-langzeitflugzeit-4k-hd-kameradrohne-chubory-a77-wifi-quadrocopter-autoverfolgung-automatisches-schweben-3-bat\\\/#primaryimage\",\"url\":\"https:\\\/\\\/easyliferobo.com\\\/de\\\/wp-content\\\/uploads\\\/2026\\\/02\\\/81CGsJ-zbcL._AC_SL1500_.jpg\",\"contentUrl\":\"https:\\\/\\\/easyliferobo.com\\\/de\\\/wp-content\\\/uploads\\\/2026\\\/02\\\/81CGsJ-zbcL._AC_SL1500_.jpg\",\"width\":1500,\"height\":1358},{\"@type\":\"BreadcrumbList\",\"@id\":\"https:\\\/\\\/easyliferobo.com\\\/de\\\/product\\\/800-meter-langstrecken-ueberlebensdrohne-mit-buerstenlosem-motor-und-84-minuten-super-langzeitflugzeit-4k-hd-kameradrohne-chubory-a77-wifi-quadrocopter-autoverfolgung-automatisches-schweben-3-bat\\\/#breadcrumb\",\"itemListElement\":[{\"@type\":\"ListItem\",\"position\":1,\"name\":\"Home\",\"item\":\"https:\\\/\\\/easyliferobo.com\\\/de\\\/\"},{\"@type\":\"ListItem\",\"position\":2,\"name\":\"Shop\",\"item\":\"https:\\\/\\\/easyliferobo.com\\\/de\\\/shop\\\/\"},{\"@type\":\"ListItem\",\"position\":3,\"name\":\"800 Meter Langstrecken-\u00dcberlebensdrohne mit b\u00fcrstenlosem Motor und 84-Minuten-Super-Langzeitflugzeit, 4K-HD-Kameradrohne, CHUBORY A77 WiFi-Quadrocopter, Autoverfolgung, automatisches Schweben (3 Batterien)\"}]},{\"@type\":\"WebSite\",\"@id\":\"https:\\\/\\\/easyliferobo.com\\\/de\\\/#website\",\"url\":\"https:\\\/\\\/easyliferobo.com\\\/de\\\/\",\"name\":\"EasyLifeBro\",\"description\":\"Smarte Roboter f\u00fcr Zuhause, Garten &amp; Bildung\",\"publisher\":{\"@id\":\"https:\\\/\\\/easyliferobo.com\\\/de\\\/#organization\"},\"potentialAction\":[{\"@type\":\"SearchAction\",\"target\":{\"@type\":\"EntryPoint\",\"urlTemplate\":\"https:\\\/\\\/easyliferobo.com\\\/de\\\/?s={search_term_string}\"},\"query-input\":{\"@type\":\"PropertyValueSpecification\",\"valueRequired\":true,\"valueName\":\"search_term_string\"}}],\"inLanguage\":\"de\"},{\"@type\":\"Organization\",\"@id\":\"https:\\\/\\\/easyliferobo.com\\\/de\\\/#organization\",\"name\":\"EasyLifeBro\",\"url\":\"https:\\\/\\\/easyliferobo.com\\\/de\\\/\",\"logo\":{\"@type\":\"ImageObject\",\"inLanguage\":\"de\",\"@id\":\"https:\\\/\\\/easyliferobo.com\\\/de\\\/#\\\/schema\\\/logo\\\/image\\\/\",\"url\":\"https:\\\/\\\/easyliferobo.com\\\/de\\\/wp-content\\\/uploads\\\/2026\\\/02\\\/Screenshot-2026-02-22-at-2.25.03-PM.png\",\"contentUrl\":\"https:\\\/\\\/easyliferobo.com\\\/de\\\/wp-content\\\/uploads\\\/2026\\\/02\\\/Screenshot-2026-02-22-at-2.25.03-PM.png\",\"width\":1858,\"height\":430,\"caption\":\"EasyLifeBro\"},\"image\":{\"@id\":\"https:\\\/\\\/easyliferobo.com\\\/de\\\/#\\\/schema\\\/logo\\\/image\\\/\"}}]}<\/script>\n<!-- \/ Yoast SEO plugin. -->","yoast_head_json":{"title":"800 Meter Langstrecken-\u00dcberlebensdrohne mit b\u00fcrstenlosem Motor und 84-Minuten-Super-Langzeitflugzeit, 4K-HD-Kameradrohne, CHUBORY A77 WiFi-Quadrocopter, Autoverfolgung, automatisches Schweben (3 Batterien) - EasyLifeBro","description":"Entdecken Sie smarte Roboter f\u00fcr Zuhause, Garten, Bildung und Sicherheit. Vergleichen Sie Saugroboter, Rasenm\u00e4hroboter, KI-Begleitroboter und mehr bei EasyLifeRobo.","robots":{"index":"index","follow":"follow","max-snippet":"max-snippet:-1","max-image-preview":"max-image-preview:large","max-video-preview":"max-video-preview:-1"},"canonical":"https:\/\/easyliferobo.com\/de\/product\/800-meter-langstrecken-ueberlebensdrohne-mit-buerstenlosem-motor-und-84-minuten-super-langzeitflugzeit-4k-hd-kameradrohne-chubory-a77-wifi-quadrocopter-autoverfolgung-automatisches-schweben-3-bat\/","og_locale":"de_DE","og_type":"article","og_title":"800 Meter Langstrecken-\u00dcberlebensdrohne mit b\u00fcrstenlosem Motor und 84-Minuten-Super-Langzeitflugzeit, 4K-HD-Kameradrohne, CHUBORY A77 WiFi-Quadrocopter, Autoverfolgung, automatisches Schweben (3 Batterien) - EasyLifeBro","og_description":"Entdecken Sie smarte Roboter f\u00fcr Zuhause, Garten, Bildung und Sicherheit. Vergleichen Sie Saugroboter, Rasenm\u00e4hroboter, KI-Begleitroboter und mehr bei EasyLifeRobo.","og_url":"https:\/\/easyliferobo.com\/de\/product\/800-meter-langstrecken-ueberlebensdrohne-mit-buerstenlosem-motor-und-84-minuten-super-langzeitflugzeit-4k-hd-kameradrohne-chubory-a77-wifi-quadrocopter-autoverfolgung-automatisches-schweben-3-bat\/","og_site_name":"EasyLifeBro","article_modified_time":"2026-02-22T10:57:33+00:00","og_image":[{"width":1500,"height":1358,"url":"https:\/\/easyliferobo.com\/de\/wp-content\/uploads\/2026\/02\/81CGsJ-zbcL._AC_SL1500_.jpg","type":"image\/jpeg"}],"twitter_card":"summary_large_image","twitter_misc":{"Gesch\u00e4tzte Lesezeit":"1\u00a0Minute"},"schema":{"@context":"https:\/\/schema.org","@graph":[{"@type":"WebPage","@id":"https:\/\/easyliferobo.com\/de\/product\/800-meter-langstrecken-ueberlebensdrohne-mit-buerstenlosem-motor-und-84-minuten-super-langzeitflugzeit-4k-hd-kameradrohne-chubory-a77-wifi-quadrocopter-autoverfolgung-automatisches-schweben-3-bat\/","url":"https:\/\/easyliferobo.com\/de\/product\/800-meter-langstrecken-ueberlebensdrohne-mit-buerstenlosem-motor-und-84-minuten-super-langzeitflugzeit-4k-hd-kameradrohne-chubory-a77-wifi-quadrocopter-autoverfolgung-automatisches-schweben-3-bat\/","name":"800 Meter Langstrecken-\u00dcberlebensdrohne mit b\u00fcrstenlosem Motor und 84-Minuten-Super-Langzeitflugzeit, 4K-HD-Kameradrohne, CHUBORY A77 WiFi-Quadrocopter, Autoverfolgung, automatisches Schweben (3 Batterien) - EasyLifeBro","isPartOf":{"@id":"https:\/\/easyliferobo.com\/de\/#website"},"primaryImageOfPage":{"@id":"https:\/\/easyliferobo.com\/de\/product\/800-meter-langstrecken-ueberlebensdrohne-mit-buerstenlosem-motor-und-84-minuten-super-langzeitflugzeit-4k-hd-kameradrohne-chubory-a77-wifi-quadrocopter-autoverfolgung-automatisches-schweben-3-bat\/#primaryimage"},"image":{"@id":"https:\/\/easyliferobo.com\/de\/product\/800-meter-langstrecken-ueberlebensdrohne-mit-buerstenlosem-motor-und-84-minuten-super-langzeitflugzeit-4k-hd-kameradrohne-chubory-a77-wifi-quadrocopter-autoverfolgung-automatisches-schweben-3-bat\/#primaryimage"},"thumbnailUrl":"https:\/\/easyliferobo.com\/de\/wp-content\/uploads\/2026\/02\/81CGsJ-zbcL._AC_SL1500_.jpg","datePublished":"2026-02-22T10:57:22+00:00","dateModified":"2026-02-22T10:57:33+00:00","description":"Entdecken Sie smarte Roboter f\u00fcr Zuhause, Garten, Bildung und Sicherheit. Vergleichen Sie Saugroboter, Rasenm\u00e4hroboter, KI-Begleitroboter und mehr bei EasyLifeRobo.","breadcrumb":{"@id":"https:\/\/easyliferobo.com\/de\/product\/800-meter-langstrecken-ueberlebensdrohne-mit-buerstenlosem-motor-und-84-minuten-super-langzeitflugzeit-4k-hd-kameradrohne-chubory-a77-wifi-quadrocopter-autoverfolgung-automatisches-schweben-3-bat\/#breadcrumb"},"inLanguage":"de","potentialAction":[{"@type":"ReadAction","target":["https:\/\/easyliferobo.com\/de\/product\/800-meter-langstrecken-ueberlebensdrohne-mit-buerstenlosem-motor-und-84-minuten-super-langzeitflugzeit-4k-hd-kameradrohne-chubory-a77-wifi-quadrocopter-autoverfolgung-automatisches-schweben-3-bat\/"]}]},{"@type":"ImageObject","inLanguage":"de","@id":"https:\/\/easyliferobo.com\/de\/product\/800-meter-langstrecken-ueberlebensdrohne-mit-buerstenlosem-motor-und-84-minuten-super-langzeitflugzeit-4k-hd-kameradrohne-chubory-a77-wifi-quadrocopter-autoverfolgung-automatisches-schweben-3-bat\/#primaryimage","url":"https:\/\/easyliferobo.com\/de\/wp-content\/uploads\/2026\/02\/81CGsJ-zbcL._AC_SL1500_.jpg","contentUrl":"https:\/\/easyliferobo.com\/de\/wp-content\/uploads\/2026\/02\/81CGsJ-zbcL._AC_SL1500_.jpg","width":1500,"height":1358},{"@type":"BreadcrumbList","@id":"https:\/\/easyliferobo.com\/de\/product\/800-meter-langstrecken-ueberlebensdrohne-mit-buerstenlosem-motor-und-84-minuten-super-langzeitflugzeit-4k-hd-kameradrohne-chubory-a77-wifi-quadrocopter-autoverfolgung-automatisches-schweben-3-bat\/#breadcrumb","itemListElement":[{"@type":"ListItem","position":1,"name":"Home","item":"https:\/\/easyliferobo.com\/de\/"},{"@type":"ListItem","position":2,"name":"Shop","item":"https:\/\/easyliferobo.com\/de\/shop\/"},{"@type":"ListItem","position":3,"name":"800 Meter Langstrecken-\u00dcberlebensdrohne mit b\u00fcrstenlosem Motor und 84-Minuten-Super-Langzeitflugzeit, 4K-HD-Kameradrohne, CHUBORY A77 WiFi-Quadrocopter, Autoverfolgung, automatisches Schweben (3 Batterien)"}]},{"@type":"WebSite","@id":"https:\/\/easyliferobo.com\/de\/#website","url":"https:\/\/easyliferobo.com\/de\/","name":"EasyLifeBro","description":"Smarte Roboter f\u00fcr Zuhause, Garten &amp; Bildung","publisher":{"@id":"https:\/\/easyliferobo.com\/de\/#organization"},"potentialAction":[{"@type":"SearchAction","target":{"@type":"EntryPoint","urlTemplate":"https:\/\/easyliferobo.com\/de\/?s={search_term_string}"},"query-input":{"@type":"PropertyValueSpecification","valueRequired":true,"valueName":"search_term_string"}}],"inLanguage":"de"},{"@type":"Organization","@id":"https:\/\/easyliferobo.com\/de\/#organization","name":"EasyLifeBro","url":"https:\/\/easyliferobo.com\/de\/","logo":{"@type":"ImageObject","inLanguage":"de","@id":"https:\/\/easyliferobo.com\/de\/#\/schema\/logo\/image\/","url":"https:\/\/easyliferobo.com\/de\/wp-content\/uploads\/2026\/02\/Screenshot-2026-02-22-at-2.25.03-PM.png","contentUrl":"https:\/\/easyliferobo.com\/de\/wp-content\/uploads\/2026\/02\/Screenshot-2026-02-22-at-2.25.03-PM.png","width":1858,"height":430,"caption":"EasyLifeBro"},"image":{"@id":"https:\/\/easyliferobo.com\/de\/#\/schema\/logo\/image\/"}}]}},"_links":{"self":[{"href":"https:\/\/easyliferobo.com\/de\/wp-json\/wp\/v2\/product\/933","targetHints":{"allow":["GET"]}}],"collection":[{"href":"https:\/\/easyliferobo.com\/de\/wp-json\/wp\/v2\/product"}],"about":[{"href":"https:\/\/easyliferobo.com\/de\/wp-json\/wp\/v2\/types\/product"}],"replies":[{"embeddable":true,"href":"https:\/\/easyliferobo.com\/de\/wp-json\/wp\/v2\/comments?post=933"}],"wp:featuredmedia":[{"embeddable":true,"href":"https:\/\/easyliferobo.com\/de\/wp-json\/wp\/v2\/media\/934"}],"wp:attachment":[{"href":"https:\/\/easyliferobo.com\/de\/wp-json\/wp\/v2\/media?parent=933"}],"wp:term":[{"taxonomy":"store","embeddable":true,"href":"https:\/\/easyliferobo.com\/de\/wp-json\/wp\/v2\/store?post=933"},{"taxonomy":"product_brand","embeddable":true,"href":"https:\/\/easyliferobo.com\/de\/wp-json\/wp\/v2\/product_brand?post=933"},{"taxonomy":"product_cat","embeddable":true,"href":"https:\/\/easyliferobo.com\/de\/wp-json\/wp\/v2\/product_cat?post=933"},{"taxonomy":"product_tag","embeddable":true,"href":"https:\/\/easyliferobo.com\/de\/wp-json\/wp\/v2\/product_tag?post=933"}],"curies":[{"name":"wp","href":"https:\/\/api.w.org\/{rel}","templated":true}]}}