
{"id":925,"date":"2026-02-22T10:55:20","date_gmt":"2026-02-22T10:55:20","guid":{"rendered":"https:\/\/easyliferobo.com\/de\/product\/dji-mini-4-pro-fly-more-combo-mit-dji-rc-2-fernbedienung-inklusive-care-refresh-1-jahres-schutzpaket-faltbare-mini-drohne-mit-4k-kamera-unter-249-g-34-minuten-flugzeit-2-zusaetzliche\/"},"modified":"2026-02-22T10:55:32","modified_gmt":"2026-02-22T10:55:32","slug":"dji-mini-4-pro-fly-more-combo-mit-dji-rc-2-fernbedienung-inklusive-care-refresh-1-jahres-schutzpaket-faltbare-mini-drohne-mit-4k-kamera-unter-249-g-34-minuten-flugzeit-2-zusaetzliche","status":"publish","type":"product","link":"https:\/\/easyliferobo.com\/de\/product\/dji-mini-4-pro-fly-more-combo-mit-dji-rc-2-fernbedienung-inklusive-care-refresh-1-jahres-schutzpaket-faltbare-mini-drohne-mit-4k-kamera-unter-249-g-34-minuten-flugzeit-2-zusaetzliche\/","title":{"rendered":"DJI Mini 4 Pro Fly More Combo mit D..."},"content":{"rendered":"<p>    <span>\u00dcberblick <br \/>Begeben Sie sich mit dem Mini 4 Pro auf eine Welt voller grenzenloser Kreativit\u00e4t und unvergesslicher Momente. Mit seinem leichten Design, den fortschrittlichen Funktionen und der un\u00fcbertroffenen Leistung ist der Mini 4 Pro ideal f\u00fcr atemberaubende Aufnahmen \u2013 egal ob f\u00fcr Profis oder Einsteiger. <br \/>DJI Mini 4 Pro ist in 3 Varianten erh\u00e4ltlich: <br \/>DJI Mini 4 Pro (DJI RC-N2-Fernbedienung) beinhaltet die Drohne und die DJI RC-N2-Fernbedienung. Eine gute Wahl f\u00fcr Anf\u00e4nger. <br \/>DJI Mini 4 Pro (DJI RC 2-Fernbedienung) umfasst die Drohne, die DJI RC 2-Fernbedienung und eine DJI Mini 4 Pro Intelligent Flight Battery. Erhalten Sie eine pr\u00e4zise Steuerung mit der DJI RC 2-Fernbedienung mit hellem Bildschirm. <br \/>DJI Mini 4 Pro Fly More Combo (DJI RC 2 Fernbedienung) beinhaltet die Fernbedienung 2, drei Batterien und eine Batterieladestation! Laden Sie schnell mehrere Akkus gleichzeitig auf und fliegen Sie l\u00e4nger. <br \/>Hinweise: <br \/>* Das tats\u00e4chliche Gewicht kann aufgrund unterschiedlicher Chargenmaterialien und externer Faktoren variieren. <br \/>** Wenn das Flugger\u00e4t nur mit der DJI Mini 4 Pro Intelligent Flight Battery verwendet wird, wiegt es weniger als 249 g. Mit der Intelligent Flight Battery Plus wiegt das Flugger\u00e4t \u00fcber 249 g. <br \/>*** Alle Daten wurden durch Tests mit einem DJI Mini 4 Pro-Produktionsmodell in einer kontrollierten Umgebung verifiziert. Die tats\u00e4chlichen Werte k\u00f6nnen je nach Umgebung, Nutzung und Firmware-Version variieren. <br \/>**** Alle Videos und Bilder auf dieser Seite werden in \u00dcbereinstimmung mit den geltenden Gesetzen und Vorschriften aufgenommen. Demos dienen nur als Referenz. Befolgen Sie immer die \u00f6rtlichen Gesetze und Vorschriften und stellen Sie sicher, dass das Flugzeug vor dem Flug die entsprechenden Zertifizierungen erhalten hat. <br \/><\/span>    <br \/>Unter 249 g, kein Drohnenf\u00fchrerschein erforderlich(1) \u2013 Leicht, konform mit den CO2-Vorschriften, in den meisten L\u00e4ndern ist kein Drohnenf\u00fchrerschein erforderlich; Genie\u00dfen Sie den Spa\u00df am Fliegen ohne langwierigen Bewerbungsprozess und Wartezeit<br \/>Entfesseln Sie vertikale Videos in 4K\/60fps HDR \u2013 Pr\u00e4sentieren Sie Sonnenaufg\u00e4nge, Sonnenunterg\u00e4nge und Nachtaufnahmen mit beeindruckender Klarheit; Teilen Sie Videos sofort, ohne sie erneut zu schneiden. Genie\u00dfen Sie hochwertiges Filmmaterial direkt von der Kamera<br \/>Omnidirektionale Hindernisvermeidung f\u00fcr mehr Sicherheit \u2013 Mit pr\u00e4zisen Erkennungsfunktionen in alle Richtungen k\u00f6nnen Sie beruhigt fliegen, da Sie wissen, dass die Drohne Hindernisse besser erkennt<br \/>Ununterbrochene Fl\u00fcge mit l\u00e4ngerer Akkulaufzeit \u2013 Erleben Sie eine l\u00e4ngere Akkulaufzeit f\u00fcr unterbrechungsfreie Fl\u00fcge(3); Keine Batterieprobleme mehr; Lassen Sie sich von nichts zur\u00fcckhalten, w\u00e4hrend Sie weite Landschaften erkunden<br \/>Tauchen Sie ein in Echtzeit-Luftaufnahmen mit 20 km FHD-Video\u00fcbertragung(2) \u2013 ein Muss f\u00fcr lange Fl\u00fcge und hochwertige Bilder; Erleben Sie eine verz\u00f6gerungsfreie Bild\u00fcbertragung und tauchen Sie wie nie zuvor in Echtzeit-Luftaufnahmen ein<br \/>Passen Sie intelligentes Tracking ganz einfach an \u2013 Mit ActiveTrack 360\u00b0 k\u00f6nnen Sie den Tracking-Verlauf Ihrer Drohne steuern; komplexe und nahtlose Betriebseffekte erzielen; Selbst als Anf\u00e4nger k\u00f6nnen Sie problemlos klare Videos aufnehmen<br \/>Das C0-Zertifikat f\u00fcr den DJI Mini 4 Pro erm\u00f6glicht das Fliegen in den Kategorien A1 und A3 und erspart aufw\u00e4ndige Tests und teure Fernlizenzpr\u00fcfungen<br \/>Fesselndes Flugerlebnis \u2013 Erleben Sie fesselnde Fl\u00fcge mit DJI RC Motion 3 und DJI Goggles 3, DJI RC Motion 2 und DJI Goggles 2 oder DJI Goggles Integra (separat erh\u00e4ltlich); Genie\u00dfen Sie die vom Flugzeug \u00fcbertragene Echtzeit-Kameraansicht und steuern Sie die Flugrichtung mit einer leichten Drehung des Handgelenks \u2013 ein neues und aufregendes FPV-Flugerlebnis<br \/>Hinweise: Zu Ihrer Sicherheit sollten Sie sich stets vorab \u00fcber die \u00f6rtlichen Gesetze und Vorschriften informieren und diese strikt einhalten<br \/>DJI Care Refresh-Schutzpaket (1 Jahr) \u2013 Unfallsch\u00e4den werden durch den DJI Care Refresh-Ersatzservice abgedeckt. Im Falle eines Unfalls k\u00f6nnen Sie Ihr Produkt gegen eine geringe Geb\u00fchr umtauschen.<\/p>\n<p>[ad_2]<\/p>\n","protected":false},"excerpt":{"rendered":"<p>\u00dcberblick Begeben Sie sich mit dem Mini 4 Pro auf eine Welt voller grenzenloser Kreativit\u00e4t und unvergesslicher Momente. Mit seinem leichten Design, den fortschrittlichen Funktionen und der un\u00fcbertroffenen Leistung ist der Mini 4 Pro ideal f\u00fcr atemberaubende Aufnahmen \u2013 egal ob f\u00fcr Profis oder Einsteiger. DJI Mini 4 Pro ist in 3 Varianten erh\u00e4ltlich: DJI [&hellip;]<\/p>\n","protected":false},"featured_media":926,"comment_status":"open","ping_status":"closed","template":"","meta":{"_aipt_faq_data":""},"store":[],"product_brand":[165],"product_cat":[104],"product_tag":[218],"class_list":{"0":"post-925","1":"product","2":"type-product","3":"status-publish","4":"has-post-thumbnail","6":"product_brand-dji","7":"product_cat-fpv-drohnen","8":"product_tag-fpv-drohnen-racing-set","10":"first","11":"instock","12":"sale","13":"shipping-taxable","14":"product-type-external"},"yoast_head":"<!-- This site is optimized with the Yoast SEO plugin v27.0 - https:\/\/yoast.com\/product\/yoast-seo-wordpress\/ -->\n<title>DJI Mini 4 Pro Fly More Combo mit DJI RC 2-Fernbedienung inklusive Care Refresh 1-Jahres-Schutzpaket, faltbare Mini-Drohne mit 4K-Kamera, unter 249 g, 34 Minuten Flugzeit, 2 zus\u00e4tzliche - EasyLifeBro<\/title>\n<meta name=\"description\" content=\"Entdecken Sie smarte Roboter f\u00fcr Zuhause, Garten, Bildung und Sicherheit. Vergleichen Sie Saugroboter, Rasenm\u00e4hroboter, KI-Begleitroboter und mehr bei EasyLifeRobo.\" \/>\n<meta name=\"robots\" content=\"index, follow, max-snippet:-1, max-image-preview:large, max-video-preview:-1\" \/>\n<link rel=\"canonical\" href=\"https:\/\/easyliferobo.com\/de\/product\/dji-mini-4-pro-fly-more-combo-mit-dji-rc-2-fernbedienung-inklusive-care-refresh-1-jahres-schutzpaket-faltbare-mini-drohne-mit-4k-kamera-unter-249-g-34-minuten-flugzeit-2-zusaetzliche\/\" \/>\n<meta property=\"og:locale\" content=\"de_DE\" \/>\n<meta property=\"og:type\" content=\"article\" \/>\n<meta property=\"og:title\" content=\"DJI Mini 4 Pro Fly More Combo mit DJI RC 2-Fernbedienung inklusive Care Refresh 1-Jahres-Schutzpaket, faltbare Mini-Drohne mit 4K-Kamera, unter 249 g, 34 Minuten Flugzeit, 2 zus\u00e4tzliche - EasyLifeBro\" \/>\n<meta property=\"og:description\" content=\"Entdecken Sie smarte Roboter f\u00fcr Zuhause, Garten, Bildung und Sicherheit. Vergleichen Sie Saugroboter, Rasenm\u00e4hroboter, KI-Begleitroboter und mehr bei EasyLifeRobo.\" \/>\n<meta property=\"og:url\" content=\"https:\/\/easyliferobo.com\/de\/product\/dji-mini-4-pro-fly-more-combo-mit-dji-rc-2-fernbedienung-inklusive-care-refresh-1-jahres-schutzpaket-faltbare-mini-drohne-mit-4k-kamera-unter-249-g-34-minuten-flugzeit-2-zusaetzliche\/\" \/>\n<meta property=\"og:site_name\" content=\"EasyLifeBro\" \/>\n<meta property=\"article:modified_time\" content=\"2026-02-22T10:55:32+00:00\" \/>\n<meta property=\"og:image\" content=\"https:\/\/easyliferobo.com\/de\/wp-content\/uploads\/2026\/02\/51HWLvDzXL._AC_SL1500_.jpg\" \/>\n\t<meta property=\"og:image:width\" content=\"1500\" \/>\n\t<meta property=\"og:image:height\" content=\"753\" \/>\n\t<meta property=\"og:image:type\" content=\"image\/jpeg\" \/>\n<meta name=\"twitter:card\" content=\"summary_large_image\" \/>\n<meta name=\"twitter:label1\" content=\"Gesch\u00e4tzte Lesezeit\" \/>\n\t<meta name=\"twitter:data1\" content=\"3\u00a0Minuten\" \/>\n<script type=\"application\/ld+json\" class=\"yoast-schema-graph\">{\"@context\":\"https:\/\/schema.org\",\"@graph\":[{\"@type\":\"WebPage\",\"@id\":\"https:\/\/easyliferobo.com\/de\/product\/dji-mini-4-pro-fly-more-combo-mit-dji-rc-2-fernbedienung-inklusive-care-refresh-1-jahres-schutzpaket-faltbare-mini-drohne-mit-4k-kamera-unter-249-g-34-minuten-flugzeit-2-zusaetzliche\/\",\"url\":\"https:\/\/easyliferobo.com\/de\/product\/dji-mini-4-pro-fly-more-combo-mit-dji-rc-2-fernbedienung-inklusive-care-refresh-1-jahres-schutzpaket-faltbare-mini-drohne-mit-4k-kamera-unter-249-g-34-minuten-flugzeit-2-zusaetzliche\/\",\"name\":\"DJI Mini 4 Pro Fly More Combo mit DJI RC 2-Fernbedienung inklusive Care Refresh 1-Jahres-Schutzpaket, faltbare Mini-Drohne mit 4K-Kamera, unter 249 g, 34 Minuten Flugzeit, 2 zus\u00e4tzliche - EasyLifeBro\",\"isPartOf\":{\"@id\":\"https:\/\/easyliferobo.com\/de\/#website\"},\"primaryImageOfPage\":{\"@id\":\"https:\/\/easyliferobo.com\/de\/product\/dji-mini-4-pro-fly-more-combo-mit-dji-rc-2-fernbedienung-inklusive-care-refresh-1-jahres-schutzpaket-faltbare-mini-drohne-mit-4k-kamera-unter-249-g-34-minuten-flugzeit-2-zusaetzliche\/#primaryimage\"},\"image\":{\"@id\":\"https:\/\/easyliferobo.com\/de\/product\/dji-mini-4-pro-fly-more-combo-mit-dji-rc-2-fernbedienung-inklusive-care-refresh-1-jahres-schutzpaket-faltbare-mini-drohne-mit-4k-kamera-unter-249-g-34-minuten-flugzeit-2-zusaetzliche\/#primaryimage\"},\"thumbnailUrl\":\"https:\/\/easyliferobo.com\/de\/wp-content\/uploads\/2026\/02\/51HWLvDzXL._AC_SL1500_.jpg\",\"datePublished\":\"2026-02-22T10:55:20+00:00\",\"dateModified\":\"2026-02-22T10:55:32+00:00\",\"description\":\"Entdecken Sie smarte Roboter f\u00fcr Zuhause, Garten, Bildung und Sicherheit. Vergleichen Sie Saugroboter, Rasenm\u00e4hroboter, KI-Begleitroboter und mehr bei EasyLifeRobo.\",\"breadcrumb\":{\"@id\":\"https:\/\/easyliferobo.com\/de\/product\/dji-mini-4-pro-fly-more-combo-mit-dji-rc-2-fernbedienung-inklusive-care-refresh-1-jahres-schutzpaket-faltbare-mini-drohne-mit-4k-kamera-unter-249-g-34-minuten-flugzeit-2-zusaetzliche\/#breadcrumb\"},\"inLanguage\":\"de\",\"potentialAction\":[{\"@type\":\"ReadAction\",\"target\":[\"https:\/\/easyliferobo.com\/de\/product\/dji-mini-4-pro-fly-more-combo-mit-dji-rc-2-fernbedienung-inklusive-care-refresh-1-jahres-schutzpaket-faltbare-mini-drohne-mit-4k-kamera-unter-249-g-34-minuten-flugzeit-2-zusaetzliche\/\"]}]},{\"@type\":\"ImageObject\",\"inLanguage\":\"de\",\"@id\":\"https:\/\/easyliferobo.com\/de\/product\/dji-mini-4-pro-fly-more-combo-mit-dji-rc-2-fernbedienung-inklusive-care-refresh-1-jahres-schutzpaket-faltbare-mini-drohne-mit-4k-kamera-unter-249-g-34-minuten-flugzeit-2-zusaetzliche\/#primaryimage\",\"url\":\"https:\/\/easyliferobo.com\/de\/wp-content\/uploads\/2026\/02\/51HWLvDzXL._AC_SL1500_.jpg\",\"contentUrl\":\"https:\/\/easyliferobo.com\/de\/wp-content\/uploads\/2026\/02\/51HWLvDzXL._AC_SL1500_.jpg\",\"width\":1500,\"height\":753},{\"@type\":\"BreadcrumbList\",\"@id\":\"https:\/\/easyliferobo.com\/de\/product\/dji-mini-4-pro-fly-more-combo-mit-dji-rc-2-fernbedienung-inklusive-care-refresh-1-jahres-schutzpaket-faltbare-mini-drohne-mit-4k-kamera-unter-249-g-34-minuten-flugzeit-2-zusaetzliche\/#breadcrumb\",\"itemListElement\":[{\"@type\":\"ListItem\",\"position\":1,\"name\":\"Home\",\"item\":\"https:\/\/easyliferobo.com\/de\/\"},{\"@type\":\"ListItem\",\"position\":2,\"name\":\"Shop\",\"item\":\"https:\/\/easyliferobo.com\/de\/shop\/\"},{\"@type\":\"ListItem\",\"position\":3,\"name\":\"DJI Mini 4 Pro Fly More Combo mit D...\"}]},{\"@type\":\"WebSite\",\"@id\":\"https:\/\/easyliferobo.com\/de\/#website\",\"url\":\"https:\/\/easyliferobo.com\/de\/\",\"name\":\"EasyLifeBro\",\"description\":\"Smarte Roboter f\u00fcr Zuhause, Garten &amp; Bildung\",\"publisher\":{\"@id\":\"https:\/\/easyliferobo.com\/de\/#organization\"},\"potentialAction\":[{\"@type\":\"SearchAction\",\"target\":{\"@type\":\"EntryPoint\",\"urlTemplate\":\"https:\/\/easyliferobo.com\/de\/?s={search_term_string}\"},\"query-input\":{\"@type\":\"PropertyValueSpecification\",\"valueRequired\":true,\"valueName\":\"search_term_string\"}}],\"inLanguage\":\"de\"},{\"@type\":\"Organization\",\"@id\":\"https:\/\/easyliferobo.com\/de\/#organization\",\"name\":\"EasyLifeBro\",\"url\":\"https:\/\/easyliferobo.com\/de\/\",\"logo\":{\"@type\":\"ImageObject\",\"inLanguage\":\"de\",\"@id\":\"https:\/\/easyliferobo.com\/de\/#\/schema\/logo\/image\/\",\"url\":\"https:\/\/easyliferobo.com\/de\/wp-content\/uploads\/2026\/02\/Screenshot-2026-02-22-at-2.25.03-PM.png\",\"contentUrl\":\"https:\/\/easyliferobo.com\/de\/wp-content\/uploads\/2026\/02\/Screenshot-2026-02-22-at-2.25.03-PM.png\",\"width\":1858,\"height\":430,\"caption\":\"EasyLifeBro\"},\"image\":{\"@id\":\"https:\/\/easyliferobo.com\/de\/#\/schema\/logo\/image\/\"}}]}<\/script>\n<!-- \/ Yoast SEO plugin. -->","yoast_head_json":{"title":"DJI Mini 4 Pro Fly More Combo mit DJI RC 2-Fernbedienung inklusive Care Refresh 1-Jahres-Schutzpaket, faltbare Mini-Drohne mit 4K-Kamera, unter 249 g, 34 Minuten Flugzeit, 2 zus\u00e4tzliche - EasyLifeBro","description":"Entdecken Sie smarte Roboter f\u00fcr Zuhause, Garten, Bildung und Sicherheit. Vergleichen Sie Saugroboter, Rasenm\u00e4hroboter, KI-Begleitroboter und mehr bei EasyLifeRobo.","robots":{"index":"index","follow":"follow","max-snippet":"max-snippet:-1","max-image-preview":"max-image-preview:large","max-video-preview":"max-video-preview:-1"},"canonical":"https:\/\/easyliferobo.com\/de\/product\/dji-mini-4-pro-fly-more-combo-mit-dji-rc-2-fernbedienung-inklusive-care-refresh-1-jahres-schutzpaket-faltbare-mini-drohne-mit-4k-kamera-unter-249-g-34-minuten-flugzeit-2-zusaetzliche\/","og_locale":"de_DE","og_type":"article","og_title":"DJI Mini 4 Pro Fly More Combo mit DJI RC 2-Fernbedienung inklusive Care Refresh 1-Jahres-Schutzpaket, faltbare Mini-Drohne mit 4K-Kamera, unter 249 g, 34 Minuten Flugzeit, 2 zus\u00e4tzliche - EasyLifeBro","og_description":"Entdecken Sie smarte Roboter f\u00fcr Zuhause, Garten, Bildung und Sicherheit. Vergleichen Sie Saugroboter, Rasenm\u00e4hroboter, KI-Begleitroboter und mehr bei EasyLifeRobo.","og_url":"https:\/\/easyliferobo.com\/de\/product\/dji-mini-4-pro-fly-more-combo-mit-dji-rc-2-fernbedienung-inklusive-care-refresh-1-jahres-schutzpaket-faltbare-mini-drohne-mit-4k-kamera-unter-249-g-34-minuten-flugzeit-2-zusaetzliche\/","og_site_name":"EasyLifeBro","article_modified_time":"2026-02-22T10:55:32+00:00","og_image":[{"width":1500,"height":753,"url":"https:\/\/easyliferobo.com\/de\/wp-content\/uploads\/2026\/02\/51HWLvDzXL._AC_SL1500_.jpg","type":"image\/jpeg"}],"twitter_card":"summary_large_image","twitter_misc":{"Gesch\u00e4tzte Lesezeit":"3\u00a0Minuten"},"schema":{"@context":"https:\/\/schema.org","@graph":[{"@type":"WebPage","@id":"https:\/\/easyliferobo.com\/de\/product\/dji-mini-4-pro-fly-more-combo-mit-dji-rc-2-fernbedienung-inklusive-care-refresh-1-jahres-schutzpaket-faltbare-mini-drohne-mit-4k-kamera-unter-249-g-34-minuten-flugzeit-2-zusaetzliche\/","url":"https:\/\/easyliferobo.com\/de\/product\/dji-mini-4-pro-fly-more-combo-mit-dji-rc-2-fernbedienung-inklusive-care-refresh-1-jahres-schutzpaket-faltbare-mini-drohne-mit-4k-kamera-unter-249-g-34-minuten-flugzeit-2-zusaetzliche\/","name":"DJI Mini 4 Pro Fly More Combo mit DJI RC 2-Fernbedienung inklusive Care Refresh 1-Jahres-Schutzpaket, faltbare Mini-Drohne mit 4K-Kamera, unter 249 g, 34 Minuten Flugzeit, 2 zus\u00e4tzliche - EasyLifeBro","isPartOf":{"@id":"https:\/\/easyliferobo.com\/de\/#website"},"primaryImageOfPage":{"@id":"https:\/\/easyliferobo.com\/de\/product\/dji-mini-4-pro-fly-more-combo-mit-dji-rc-2-fernbedienung-inklusive-care-refresh-1-jahres-schutzpaket-faltbare-mini-drohne-mit-4k-kamera-unter-249-g-34-minuten-flugzeit-2-zusaetzliche\/#primaryimage"},"image":{"@id":"https:\/\/easyliferobo.com\/de\/product\/dji-mini-4-pro-fly-more-combo-mit-dji-rc-2-fernbedienung-inklusive-care-refresh-1-jahres-schutzpaket-faltbare-mini-drohne-mit-4k-kamera-unter-249-g-34-minuten-flugzeit-2-zusaetzliche\/#primaryimage"},"thumbnailUrl":"https:\/\/easyliferobo.com\/de\/wp-content\/uploads\/2026\/02\/51HWLvDzXL._AC_SL1500_.jpg","datePublished":"2026-02-22T10:55:20+00:00","dateModified":"2026-02-22T10:55:32+00:00","description":"Entdecken Sie smarte Roboter f\u00fcr Zuhause, Garten, Bildung und Sicherheit. Vergleichen Sie Saugroboter, Rasenm\u00e4hroboter, KI-Begleitroboter und mehr bei EasyLifeRobo.","breadcrumb":{"@id":"https:\/\/easyliferobo.com\/de\/product\/dji-mini-4-pro-fly-more-combo-mit-dji-rc-2-fernbedienung-inklusive-care-refresh-1-jahres-schutzpaket-faltbare-mini-drohne-mit-4k-kamera-unter-249-g-34-minuten-flugzeit-2-zusaetzliche\/#breadcrumb"},"inLanguage":"de","potentialAction":[{"@type":"ReadAction","target":["https:\/\/easyliferobo.com\/de\/product\/dji-mini-4-pro-fly-more-combo-mit-dji-rc-2-fernbedienung-inklusive-care-refresh-1-jahres-schutzpaket-faltbare-mini-drohne-mit-4k-kamera-unter-249-g-34-minuten-flugzeit-2-zusaetzliche\/"]}]},{"@type":"ImageObject","inLanguage":"de","@id":"https:\/\/easyliferobo.com\/de\/product\/dji-mini-4-pro-fly-more-combo-mit-dji-rc-2-fernbedienung-inklusive-care-refresh-1-jahres-schutzpaket-faltbare-mini-drohne-mit-4k-kamera-unter-249-g-34-minuten-flugzeit-2-zusaetzliche\/#primaryimage","url":"https:\/\/easyliferobo.com\/de\/wp-content\/uploads\/2026\/02\/51HWLvDzXL._AC_SL1500_.jpg","contentUrl":"https:\/\/easyliferobo.com\/de\/wp-content\/uploads\/2026\/02\/51HWLvDzXL._AC_SL1500_.jpg","width":1500,"height":753},{"@type":"BreadcrumbList","@id":"https:\/\/easyliferobo.com\/de\/product\/dji-mini-4-pro-fly-more-combo-mit-dji-rc-2-fernbedienung-inklusive-care-refresh-1-jahres-schutzpaket-faltbare-mini-drohne-mit-4k-kamera-unter-249-g-34-minuten-flugzeit-2-zusaetzliche\/#breadcrumb","itemListElement":[{"@type":"ListItem","position":1,"name":"Home","item":"https:\/\/easyliferobo.com\/de\/"},{"@type":"ListItem","position":2,"name":"Shop","item":"https:\/\/easyliferobo.com\/de\/shop\/"},{"@type":"ListItem","position":3,"name":"DJI Mini 4 Pro Fly More Combo mit D..."}]},{"@type":"WebSite","@id":"https:\/\/easyliferobo.com\/de\/#website","url":"https:\/\/easyliferobo.com\/de\/","name":"EasyLifeBro","description":"Smarte Roboter f\u00fcr Zuhause, Garten &amp; Bildung","publisher":{"@id":"https:\/\/easyliferobo.com\/de\/#organization"},"potentialAction":[{"@type":"SearchAction","target":{"@type":"EntryPoint","urlTemplate":"https:\/\/easyliferobo.com\/de\/?s={search_term_string}"},"query-input":{"@type":"PropertyValueSpecification","valueRequired":true,"valueName":"search_term_string"}}],"inLanguage":"de"},{"@type":"Organization","@id":"https:\/\/easyliferobo.com\/de\/#organization","name":"EasyLifeBro","url":"https:\/\/easyliferobo.com\/de\/","logo":{"@type":"ImageObject","inLanguage":"de","@id":"https:\/\/easyliferobo.com\/de\/#\/schema\/logo\/image\/","url":"https:\/\/easyliferobo.com\/de\/wp-content\/uploads\/2026\/02\/Screenshot-2026-02-22-at-2.25.03-PM.png","contentUrl":"https:\/\/easyliferobo.com\/de\/wp-content\/uploads\/2026\/02\/Screenshot-2026-02-22-at-2.25.03-PM.png","width":1858,"height":430,"caption":"EasyLifeBro"},"image":{"@id":"https:\/\/easyliferobo.com\/de\/#\/schema\/logo\/image\/"}}]}},"_links":{"self":[{"href":"https:\/\/easyliferobo.com\/de\/wp-json\/wp\/v2\/product\/925","targetHints":{"allow":["GET"]}}],"collection":[{"href":"https:\/\/easyliferobo.com\/de\/wp-json\/wp\/v2\/product"}],"about":[{"href":"https:\/\/easyliferobo.com\/de\/wp-json\/wp\/v2\/types\/product"}],"replies":[{"embeddable":true,"href":"https:\/\/easyliferobo.com\/de\/wp-json\/wp\/v2\/comments?post=925"}],"wp:featuredmedia":[{"embeddable":true,"href":"https:\/\/easyliferobo.com\/de\/wp-json\/wp\/v2\/media\/926"}],"wp:attachment":[{"href":"https:\/\/easyliferobo.com\/de\/wp-json\/wp\/v2\/media?parent=925"}],"wp:term":[{"taxonomy":"store","embeddable":true,"href":"https:\/\/easyliferobo.com\/de\/wp-json\/wp\/v2\/store?post=925"},{"taxonomy":"product_brand","embeddable":true,"href":"https:\/\/easyliferobo.com\/de\/wp-json\/wp\/v2\/product_brand?post=925"},{"taxonomy":"product_cat","embeddable":true,"href":"https:\/\/easyliferobo.com\/de\/wp-json\/wp\/v2\/product_cat?post=925"},{"taxonomy":"product_tag","embeddable":true,"href":"https:\/\/easyliferobo.com\/de\/wp-json\/wp\/v2\/product_tag?post=925"}],"curies":[{"name":"wp","href":"https:\/\/api.w.org\/{rel}","templated":true}]}}