
{"id":915,"date":"2026-02-22T10:53:19","date_gmt":"2026-02-22T10:53:19","guid":{"rendered":"https:\/\/easyliferobo.com\/de\/product\/holy-stone-hs210-mini-drohne-fuer-kinder-rc-quadcopter-nano-drohne-mit-3-batterien-21-minuten-lange-flugzeit-automatische-hoehenhaltung-360-rollen-headloss-modus-one-key-start-indoor-gesc\/"},"modified":"2026-02-22T10:53:35","modified_gmt":"2026-02-22T10:53:35","slug":"holy-stone-hs210-mini-drohne-fuer-kinder-rc-quadcopter-nano-drohne-mit-3-batterien-21-minuten-lange-flugzeit-automatische-hoehenhaltung-360-rollen-headloss-modus-one-key-start-indoor-gesc","status":"publish","type":"product","link":"https:\/\/easyliferobo.com\/de\/product\/holy-stone-hs210-mini-drohne-fuer-kinder-rc-quadcopter-nano-drohne-mit-3-batterien-21-minuten-lange-flugzeit-automatische-hoehenhaltung-360-rollen-headloss-modus-one-key-start-indoor-gesc\/","title":{"rendered":"Holy Stone HS210 Mini-Drohne f\u00fcr K..."},"content":{"rendered":"<p>\n                                             Produktbeschreibung Das Video zeigt das Produkt im Einsatz. Das Video f\u00fchrt Sie durch die Produkteinrichtung. Das Video vergleicht mehrere Produkte. Das Video zeigt das Auspacken des Produkts. hero-video H\u00e4ndlervideo<\/p>\n<p class=\"aplus-description aplus-container-3 aplus-p1\"> Perfekt f\u00fcr kleine Abenteurer im Alter von 8-12 Jahren! HS210 ist ein ideales Geschenk f\u00fcr die Feiertage! <\/p>\n<p>                                                                                  <img decoding=\"async\" alt=\"HS210\" src=\"https:\/\/m.media-amazon.com\/images\/S\/aplus-media-library-service-media\/11f67b0e-2edc-456d-8a72-341ef14ec927.__CR0,0,1464,600_PT0_SX1464_V1___.jpg\">       <\/p>\n<p>                                                                                  <img decoding=\"async\" alt=\"HS210\" src=\"https:\/\/m.media-amazon.com\/images\/S\/aplus-media-library-service-media\/b4b0b00e-ac3c-40b1-9841-c1242e0d0954.__CR0,0,1464,600_PT0_SX1464_V1___.jpg\">       <\/p>\n<p>                                                                                  <img decoding=\"async\" alt=\"HS210\" src=\"https:\/\/m.media-amazon.com\/images\/S\/aplus-media-library-service-media\/45c57fe5-bbf3-46c5-8556-aca2f78721f5.__CR0,0,1464,600_PT0_SX1464_V1___.jpg\">       <\/p>\n<p>                                                                                  <img decoding=\"async\" alt=\"HS210\" src=\"https:\/\/m.media-amazon.com\/images\/S\/aplus-media-library-service-media\/413af62c-ef55-4243-b5ea-f114244e7b3c.__CR0,0,1464,600_PT0_SX1464_V1___.jpg\">       <\/p>\n<p class=\"aplus-description aplus-container-3 aplus-p1\">  Das Produkt wiegt weniger als 249g und ist C0-zertifiziert. Die EU-Konformit\u00e4tserkl\u00e4rung finden Sie in der Gebrauchsanweisung. <\/p>\n<p>                                                                                                                <img decoding=\"async\" alt=\"HS210\" src=\"https:\/\/m.media-amazon.com\/images\/S\/aplus-media-library-service-media\/76a7ead9-caf1-43a0-a531-ecb56ef938e8.__CR0,0,1464,600_PT0_SX1464_V1___.jpg\">                                                    <img decoding=\"async\" alt=\"HS210\" src=\"https:\/\/m.media-amazon.com\/images\/S\/aplus-media-library-service-media\/da70f5d4-1d9a-4674-bb7c-fa782c305785.__CR0,0,1464,600_PT0_SX1464_V1___.jpg\">                                                    <img decoding=\"async\" alt=\"C0-Zertifizierung\" src=\"https:\/\/m.media-amazon.com\/images\/S\/aplus-media-library-service-media\/a91aba37-4700-4b7f-b175-a639886eeb27.__CR0,0,1464,600_PT0_SX1464_V1___.jpg\"><br \/>\n                            1 Sicher f\u00fcr Kinder 2 Lange Flugzeit 3 \u200b\u200bC0-Zertifizierung <\/p>\n<h3 class=\"a-size-extra-large a-spacing-base a-text-center\"> Technische Spezifikationen <\/h3>\n<p>                                                        Maximaler Flug 7 Minuten pro Akku Gewicht 25 Gramm Abmessungen 8*8*3 cm Ladezeit 40-60 Minuten Entfernung 164ft\/50m Lieferumfang Drohne*1, Sender*1, Drohnenakku*3, USB-Ladeger\u00e4t*1, Propeller*4, Schraubendreher*1, Gebrauchsanweisung*1                     <\/p>\n<p>Wie und so geht&#8217;s: Drohne nach oben werfen und schon fliegt sie. Eine coole Funktion, die Ihren Kindern sicherlich gefallen wird. Zum Schutz ist jeder Propeller mit einer Schutzh\u00fclle ausgestattet. Dies schafft Sicherheit f\u00fcr Ihre Kinder und verl\u00e4ngert die Lebensdauer der Drohne.<br \/>Einfach zu bedienen: Die kleine RC-Drohne kann Autodrehungen, 3D-Rollen und Kreisfl\u00fcge ausf\u00fchren. Eine ideale erste Drohne f\u00fcr Kinder und Anf\u00e4nger, um den Umgang mit der Steuerung zu erlernen. Eine tolle Drohne f\u00fcr drinnen und drau\u00dfen bei Windstille.<br \/>Intelligenter und sicherer: Die kleine Drohne beh\u00e4lt die aktuelle H\u00f6he bei, wenn Sie den Gashebel der Fernbedienung loslassen. Andere Funktionen wie Start\/Landung mit einer Taste, Headless-Modus und Notstopp erm\u00f6glichen Anf\u00e4ngern und Kindern das Erlernen des Drohnenflugs und der Steuerung einfacher.<br \/>Einfache Bedienung: Die Flugzeit betr\u00e4gt mit 3 Akkus ca. 21 Minuten. Tauschen Sie einfach die Batterien aus und schon k\u00f6nnen Sie Ihren Flug weiter genie\u00dfen! Die Freude der Kinder l\u00e4sst sich nicht so leicht unterbrechen.<br \/>Kunde: Dieses Produkt wiegt weniger als 240 g und ist C0-zertifiziert. Wir bieten exzellenten Kundenservice, wenn Sie Fragen haben, kontaktieren Sie uns bitte. Bitte unter Aufsicht eines Erwachsenen verwenden.<\/p>\n<p>[ad_2]<\/p>\n","protected":false},"excerpt":{"rendered":"<p>Produktbeschreibung Das Video zeigt das Produkt im Einsatz. Das Video f\u00fchrt Sie durch die Produkteinrichtung. Das Video vergleicht mehrere Produkte. Das Video zeigt das Auspacken des Produkts. hero-video H\u00e4ndlervideo Perfekt f\u00fcr kleine Abenteurer im Alter von 8-12 Jahren! HS210 ist ein ideales Geschenk f\u00fcr die Feiertage! Das Produkt wiegt weniger als 249g und ist C0-zertifiziert. [&hellip;]<\/p>\n","protected":false},"featured_media":916,"comment_status":"open","ping_status":"closed","template":"","meta":{"_aipt_faq_data":""},"store":[],"product_brand":[217],"product_cat":[105],"product_tag":[216],"class_list":{"0":"post-915","1":"product","2":"type-product","3":"status-publish","4":"has-post-thumbnail","6":"product_brand-holy-stone","7":"product_cat-mini-drohnen","8":"product_tag-mini-drohnen-fuer-anfaenger","10":"first","11":"instock","12":"sale","13":"shipping-taxable","14":"product-type-external"},"yoast_head":"<!-- This site is optimized with the Yoast SEO plugin v27.0 - https:\/\/yoast.com\/product\/yoast-seo-wordpress\/ -->\n<title>Holy Stone HS210 Mini-Drohne f\u00fcr Kinder, RC-Quadcopter-Nano-Drohne mit 3 Batterien, 21 Minuten lange Flugzeit, automatische H\u00f6henhaltung, 360\u00b0-Rollen, Headloss-Modus, One-Key-Start, Indoor-Geschenk, Anf\u00e4nger, - EasyLifeBro<\/title>\n<meta name=\"description\" content=\"Entdecken Sie smarte Roboter f\u00fcr Zuhause, Garten, Bildung und Sicherheit. Vergleichen Sie Saugroboter, Rasenm\u00e4hroboter, KI-Begleitroboter und mehr bei EasyLifeRobo.\" \/>\n<meta name=\"robots\" content=\"index, follow, max-snippet:-1, max-image-preview:large, max-video-preview:-1\" \/>\n<link rel=\"canonical\" href=\"https:\/\/easyliferobo.com\/de\/product\/holy-stone-hs210-mini-drohne-fuer-kinder-rc-quadcopter-nano-drohne-mit-3-batterien-21-minuten-lange-flugzeit-automatische-hoehenhaltung-360-rollen-headloss-modus-one-key-start-indoor-gesc\/\" \/>\n<meta property=\"og:locale\" content=\"de_DE\" \/>\n<meta property=\"og:type\" content=\"article\" \/>\n<meta property=\"og:title\" content=\"Holy Stone HS210 Mini-Drohne f\u00fcr Kinder, RC-Quadcopter-Nano-Drohne mit 3 Batterien, 21 Minuten lange Flugzeit, automatische H\u00f6henhaltung, 360\u00b0-Rollen, Headloss-Modus, One-Key-Start, Indoor-Geschenk, Anf\u00e4nger, - EasyLifeBro\" \/>\n<meta property=\"og:description\" content=\"Entdecken Sie smarte Roboter f\u00fcr Zuhause, Garten, Bildung und Sicherheit. Vergleichen Sie Saugroboter, Rasenm\u00e4hroboter, KI-Begleitroboter und mehr bei EasyLifeRobo.\" \/>\n<meta property=\"og:url\" content=\"https:\/\/easyliferobo.com\/de\/product\/holy-stone-hs210-mini-drohne-fuer-kinder-rc-quadcopter-nano-drohne-mit-3-batterien-21-minuten-lange-flugzeit-automatische-hoehenhaltung-360-rollen-headloss-modus-one-key-start-indoor-gesc\/\" \/>\n<meta property=\"og:site_name\" content=\"EasyLifeBro\" \/>\n<meta property=\"article:modified_time\" content=\"2026-02-22T10:53:35+00:00\" \/>\n<meta property=\"og:image\" content=\"https:\/\/easyliferobo.com\/de\/wp-content\/uploads\/2026\/02\/71ZxTPubxxL._AC_SL1500_.jpg\" \/>\n\t<meta property=\"og:image:width\" content=\"1471\" \/>\n\t<meta property=\"og:image:height\" content=\"1341\" \/>\n\t<meta property=\"og:image:type\" content=\"image\/jpeg\" \/>\n<meta name=\"twitter:card\" content=\"summary_large_image\" \/>\n<meta name=\"twitter:label1\" content=\"Gesch\u00e4tzte Lesezeit\" \/>\n\t<meta name=\"twitter:data1\" content=\"2\u00a0Minuten\" \/>\n<script type=\"application\/ld+json\" class=\"yoast-schema-graph\">{\"@context\":\"https:\/\/schema.org\",\"@graph\":[{\"@type\":\"WebPage\",\"@id\":\"https:\/\/easyliferobo.com\/de\/product\/holy-stone-hs210-mini-drohne-fuer-kinder-rc-quadcopter-nano-drohne-mit-3-batterien-21-minuten-lange-flugzeit-automatische-hoehenhaltung-360-rollen-headloss-modus-one-key-start-indoor-gesc\/\",\"url\":\"https:\/\/easyliferobo.com\/de\/product\/holy-stone-hs210-mini-drohne-fuer-kinder-rc-quadcopter-nano-drohne-mit-3-batterien-21-minuten-lange-flugzeit-automatische-hoehenhaltung-360-rollen-headloss-modus-one-key-start-indoor-gesc\/\",\"name\":\"Holy Stone HS210 Mini-Drohne f\u00fcr Kinder, RC-Quadcopter-Nano-Drohne mit 3 Batterien, 21 Minuten lange Flugzeit, automatische H\u00f6henhaltung, 360\u00b0-Rollen, Headloss-Modus, One-Key-Start, Indoor-Geschenk, Anf\u00e4nger, - EasyLifeBro\",\"isPartOf\":{\"@id\":\"https:\/\/easyliferobo.com\/de\/#website\"},\"primaryImageOfPage\":{\"@id\":\"https:\/\/easyliferobo.com\/de\/product\/holy-stone-hs210-mini-drohne-fuer-kinder-rc-quadcopter-nano-drohne-mit-3-batterien-21-minuten-lange-flugzeit-automatische-hoehenhaltung-360-rollen-headloss-modus-one-key-start-indoor-gesc\/#primaryimage\"},\"image\":{\"@id\":\"https:\/\/easyliferobo.com\/de\/product\/holy-stone-hs210-mini-drohne-fuer-kinder-rc-quadcopter-nano-drohne-mit-3-batterien-21-minuten-lange-flugzeit-automatische-hoehenhaltung-360-rollen-headloss-modus-one-key-start-indoor-gesc\/#primaryimage\"},\"thumbnailUrl\":\"https:\/\/easyliferobo.com\/de\/wp-content\/uploads\/2026\/02\/71ZxTPubxxL._AC_SL1500_.jpg\",\"datePublished\":\"2026-02-22T10:53:19+00:00\",\"dateModified\":\"2026-02-22T10:53:35+00:00\",\"description\":\"Entdecken Sie smarte Roboter f\u00fcr Zuhause, Garten, Bildung und Sicherheit. Vergleichen Sie Saugroboter, Rasenm\u00e4hroboter, KI-Begleitroboter und mehr bei EasyLifeRobo.\",\"breadcrumb\":{\"@id\":\"https:\/\/easyliferobo.com\/de\/product\/holy-stone-hs210-mini-drohne-fuer-kinder-rc-quadcopter-nano-drohne-mit-3-batterien-21-minuten-lange-flugzeit-automatische-hoehenhaltung-360-rollen-headloss-modus-one-key-start-indoor-gesc\/#breadcrumb\"},\"inLanguage\":\"de\",\"potentialAction\":[{\"@type\":\"ReadAction\",\"target\":[\"https:\/\/easyliferobo.com\/de\/product\/holy-stone-hs210-mini-drohne-fuer-kinder-rc-quadcopter-nano-drohne-mit-3-batterien-21-minuten-lange-flugzeit-automatische-hoehenhaltung-360-rollen-headloss-modus-one-key-start-indoor-gesc\/\"]}]},{\"@type\":\"ImageObject\",\"inLanguage\":\"de\",\"@id\":\"https:\/\/easyliferobo.com\/de\/product\/holy-stone-hs210-mini-drohne-fuer-kinder-rc-quadcopter-nano-drohne-mit-3-batterien-21-minuten-lange-flugzeit-automatische-hoehenhaltung-360-rollen-headloss-modus-one-key-start-indoor-gesc\/#primaryimage\",\"url\":\"https:\/\/easyliferobo.com\/de\/wp-content\/uploads\/2026\/02\/71ZxTPubxxL._AC_SL1500_.jpg\",\"contentUrl\":\"https:\/\/easyliferobo.com\/de\/wp-content\/uploads\/2026\/02\/71ZxTPubxxL._AC_SL1500_.jpg\",\"width\":1471,\"height\":1341},{\"@type\":\"BreadcrumbList\",\"@id\":\"https:\/\/easyliferobo.com\/de\/product\/holy-stone-hs210-mini-drohne-fuer-kinder-rc-quadcopter-nano-drohne-mit-3-batterien-21-minuten-lange-flugzeit-automatische-hoehenhaltung-360-rollen-headloss-modus-one-key-start-indoor-gesc\/#breadcrumb\",\"itemListElement\":[{\"@type\":\"ListItem\",\"position\":1,\"name\":\"Home\",\"item\":\"https:\/\/easyliferobo.com\/de\/\"},{\"@type\":\"ListItem\",\"position\":2,\"name\":\"Shop\",\"item\":\"https:\/\/easyliferobo.com\/de\/shop\/\"},{\"@type\":\"ListItem\",\"position\":3,\"name\":\"Holy Stone HS210 Mini-Drohne f\u00fcr K...\"}]},{\"@type\":\"WebSite\",\"@id\":\"https:\/\/easyliferobo.com\/de\/#website\",\"url\":\"https:\/\/easyliferobo.com\/de\/\",\"name\":\"EasyLifeBro\",\"description\":\"Smarte Roboter f\u00fcr Zuhause, Garten &amp; Bildung\",\"publisher\":{\"@id\":\"https:\/\/easyliferobo.com\/de\/#organization\"},\"potentialAction\":[{\"@type\":\"SearchAction\",\"target\":{\"@type\":\"EntryPoint\",\"urlTemplate\":\"https:\/\/easyliferobo.com\/de\/?s={search_term_string}\"},\"query-input\":{\"@type\":\"PropertyValueSpecification\",\"valueRequired\":true,\"valueName\":\"search_term_string\"}}],\"inLanguage\":\"de\"},{\"@type\":\"Organization\",\"@id\":\"https:\/\/easyliferobo.com\/de\/#organization\",\"name\":\"EasyLifeBro\",\"url\":\"https:\/\/easyliferobo.com\/de\/\",\"logo\":{\"@type\":\"ImageObject\",\"inLanguage\":\"de\",\"@id\":\"https:\/\/easyliferobo.com\/de\/#\/schema\/logo\/image\/\",\"url\":\"https:\/\/easyliferobo.com\/de\/wp-content\/uploads\/2026\/02\/Screenshot-2026-02-22-at-2.25.03-PM.png\",\"contentUrl\":\"https:\/\/easyliferobo.com\/de\/wp-content\/uploads\/2026\/02\/Screenshot-2026-02-22-at-2.25.03-PM.png\",\"width\":1858,\"height\":430,\"caption\":\"EasyLifeBro\"},\"image\":{\"@id\":\"https:\/\/easyliferobo.com\/de\/#\/schema\/logo\/image\/\"}}]}<\/script>\n<!-- \/ Yoast SEO plugin. -->","yoast_head_json":{"title":"Holy Stone HS210 Mini-Drohne f\u00fcr Kinder, RC-Quadcopter-Nano-Drohne mit 3 Batterien, 21 Minuten lange Flugzeit, automatische H\u00f6henhaltung, 360\u00b0-Rollen, Headloss-Modus, One-Key-Start, Indoor-Geschenk, Anf\u00e4nger, - EasyLifeBro","description":"Entdecken Sie smarte Roboter f\u00fcr Zuhause, Garten, Bildung und Sicherheit. Vergleichen Sie Saugroboter, Rasenm\u00e4hroboter, KI-Begleitroboter und mehr bei EasyLifeRobo.","robots":{"index":"index","follow":"follow","max-snippet":"max-snippet:-1","max-image-preview":"max-image-preview:large","max-video-preview":"max-video-preview:-1"},"canonical":"https:\/\/easyliferobo.com\/de\/product\/holy-stone-hs210-mini-drohne-fuer-kinder-rc-quadcopter-nano-drohne-mit-3-batterien-21-minuten-lange-flugzeit-automatische-hoehenhaltung-360-rollen-headloss-modus-one-key-start-indoor-gesc\/","og_locale":"de_DE","og_type":"article","og_title":"Holy Stone HS210 Mini-Drohne f\u00fcr Kinder, RC-Quadcopter-Nano-Drohne mit 3 Batterien, 21 Minuten lange Flugzeit, automatische H\u00f6henhaltung, 360\u00b0-Rollen, Headloss-Modus, One-Key-Start, Indoor-Geschenk, Anf\u00e4nger, - EasyLifeBro","og_description":"Entdecken Sie smarte Roboter f\u00fcr Zuhause, Garten, Bildung und Sicherheit. Vergleichen Sie Saugroboter, Rasenm\u00e4hroboter, KI-Begleitroboter und mehr bei EasyLifeRobo.","og_url":"https:\/\/easyliferobo.com\/de\/product\/holy-stone-hs210-mini-drohne-fuer-kinder-rc-quadcopter-nano-drohne-mit-3-batterien-21-minuten-lange-flugzeit-automatische-hoehenhaltung-360-rollen-headloss-modus-one-key-start-indoor-gesc\/","og_site_name":"EasyLifeBro","article_modified_time":"2026-02-22T10:53:35+00:00","og_image":[{"width":1471,"height":1341,"url":"https:\/\/easyliferobo.com\/de\/wp-content\/uploads\/2026\/02\/71ZxTPubxxL._AC_SL1500_.jpg","type":"image\/jpeg"}],"twitter_card":"summary_large_image","twitter_misc":{"Gesch\u00e4tzte Lesezeit":"2\u00a0Minuten"},"schema":{"@context":"https:\/\/schema.org","@graph":[{"@type":"WebPage","@id":"https:\/\/easyliferobo.com\/de\/product\/holy-stone-hs210-mini-drohne-fuer-kinder-rc-quadcopter-nano-drohne-mit-3-batterien-21-minuten-lange-flugzeit-automatische-hoehenhaltung-360-rollen-headloss-modus-one-key-start-indoor-gesc\/","url":"https:\/\/easyliferobo.com\/de\/product\/holy-stone-hs210-mini-drohne-fuer-kinder-rc-quadcopter-nano-drohne-mit-3-batterien-21-minuten-lange-flugzeit-automatische-hoehenhaltung-360-rollen-headloss-modus-one-key-start-indoor-gesc\/","name":"Holy Stone HS210 Mini-Drohne f\u00fcr Kinder, RC-Quadcopter-Nano-Drohne mit 3 Batterien, 21 Minuten lange Flugzeit, automatische H\u00f6henhaltung, 360\u00b0-Rollen, Headloss-Modus, One-Key-Start, Indoor-Geschenk, Anf\u00e4nger, - EasyLifeBro","isPartOf":{"@id":"https:\/\/easyliferobo.com\/de\/#website"},"primaryImageOfPage":{"@id":"https:\/\/easyliferobo.com\/de\/product\/holy-stone-hs210-mini-drohne-fuer-kinder-rc-quadcopter-nano-drohne-mit-3-batterien-21-minuten-lange-flugzeit-automatische-hoehenhaltung-360-rollen-headloss-modus-one-key-start-indoor-gesc\/#primaryimage"},"image":{"@id":"https:\/\/easyliferobo.com\/de\/product\/holy-stone-hs210-mini-drohne-fuer-kinder-rc-quadcopter-nano-drohne-mit-3-batterien-21-minuten-lange-flugzeit-automatische-hoehenhaltung-360-rollen-headloss-modus-one-key-start-indoor-gesc\/#primaryimage"},"thumbnailUrl":"https:\/\/easyliferobo.com\/de\/wp-content\/uploads\/2026\/02\/71ZxTPubxxL._AC_SL1500_.jpg","datePublished":"2026-02-22T10:53:19+00:00","dateModified":"2026-02-22T10:53:35+00:00","description":"Entdecken Sie smarte Roboter f\u00fcr Zuhause, Garten, Bildung und Sicherheit. Vergleichen Sie Saugroboter, Rasenm\u00e4hroboter, KI-Begleitroboter und mehr bei EasyLifeRobo.","breadcrumb":{"@id":"https:\/\/easyliferobo.com\/de\/product\/holy-stone-hs210-mini-drohne-fuer-kinder-rc-quadcopter-nano-drohne-mit-3-batterien-21-minuten-lange-flugzeit-automatische-hoehenhaltung-360-rollen-headloss-modus-one-key-start-indoor-gesc\/#breadcrumb"},"inLanguage":"de","potentialAction":[{"@type":"ReadAction","target":["https:\/\/easyliferobo.com\/de\/product\/holy-stone-hs210-mini-drohne-fuer-kinder-rc-quadcopter-nano-drohne-mit-3-batterien-21-minuten-lange-flugzeit-automatische-hoehenhaltung-360-rollen-headloss-modus-one-key-start-indoor-gesc\/"]}]},{"@type":"ImageObject","inLanguage":"de","@id":"https:\/\/easyliferobo.com\/de\/product\/holy-stone-hs210-mini-drohne-fuer-kinder-rc-quadcopter-nano-drohne-mit-3-batterien-21-minuten-lange-flugzeit-automatische-hoehenhaltung-360-rollen-headloss-modus-one-key-start-indoor-gesc\/#primaryimage","url":"https:\/\/easyliferobo.com\/de\/wp-content\/uploads\/2026\/02\/71ZxTPubxxL._AC_SL1500_.jpg","contentUrl":"https:\/\/easyliferobo.com\/de\/wp-content\/uploads\/2026\/02\/71ZxTPubxxL._AC_SL1500_.jpg","width":1471,"height":1341},{"@type":"BreadcrumbList","@id":"https:\/\/easyliferobo.com\/de\/product\/holy-stone-hs210-mini-drohne-fuer-kinder-rc-quadcopter-nano-drohne-mit-3-batterien-21-minuten-lange-flugzeit-automatische-hoehenhaltung-360-rollen-headloss-modus-one-key-start-indoor-gesc\/#breadcrumb","itemListElement":[{"@type":"ListItem","position":1,"name":"Home","item":"https:\/\/easyliferobo.com\/de\/"},{"@type":"ListItem","position":2,"name":"Shop","item":"https:\/\/easyliferobo.com\/de\/shop\/"},{"@type":"ListItem","position":3,"name":"Holy Stone HS210 Mini-Drohne f\u00fcr K..."}]},{"@type":"WebSite","@id":"https:\/\/easyliferobo.com\/de\/#website","url":"https:\/\/easyliferobo.com\/de\/","name":"EasyLifeBro","description":"Smarte Roboter f\u00fcr Zuhause, Garten &amp; Bildung","publisher":{"@id":"https:\/\/easyliferobo.com\/de\/#organization"},"potentialAction":[{"@type":"SearchAction","target":{"@type":"EntryPoint","urlTemplate":"https:\/\/easyliferobo.com\/de\/?s={search_term_string}"},"query-input":{"@type":"PropertyValueSpecification","valueRequired":true,"valueName":"search_term_string"}}],"inLanguage":"de"},{"@type":"Organization","@id":"https:\/\/easyliferobo.com\/de\/#organization","name":"EasyLifeBro","url":"https:\/\/easyliferobo.com\/de\/","logo":{"@type":"ImageObject","inLanguage":"de","@id":"https:\/\/easyliferobo.com\/de\/#\/schema\/logo\/image\/","url":"https:\/\/easyliferobo.com\/de\/wp-content\/uploads\/2026\/02\/Screenshot-2026-02-22-at-2.25.03-PM.png","contentUrl":"https:\/\/easyliferobo.com\/de\/wp-content\/uploads\/2026\/02\/Screenshot-2026-02-22-at-2.25.03-PM.png","width":1858,"height":430,"caption":"EasyLifeBro"},"image":{"@id":"https:\/\/easyliferobo.com\/de\/#\/schema\/logo\/image\/"}}]}},"_links":{"self":[{"href":"https:\/\/easyliferobo.com\/de\/wp-json\/wp\/v2\/product\/915","targetHints":{"allow":["GET"]}}],"collection":[{"href":"https:\/\/easyliferobo.com\/de\/wp-json\/wp\/v2\/product"}],"about":[{"href":"https:\/\/easyliferobo.com\/de\/wp-json\/wp\/v2\/types\/product"}],"replies":[{"embeddable":true,"href":"https:\/\/easyliferobo.com\/de\/wp-json\/wp\/v2\/comments?post=915"}],"wp:featuredmedia":[{"embeddable":true,"href":"https:\/\/easyliferobo.com\/de\/wp-json\/wp\/v2\/media\/916"}],"wp:attachment":[{"href":"https:\/\/easyliferobo.com\/de\/wp-json\/wp\/v2\/media?parent=915"}],"wp:term":[{"taxonomy":"store","embeddable":true,"href":"https:\/\/easyliferobo.com\/de\/wp-json\/wp\/v2\/store?post=915"},{"taxonomy":"product_brand","embeddable":true,"href":"https:\/\/easyliferobo.com\/de\/wp-json\/wp\/v2\/product_brand?post=915"},{"taxonomy":"product_cat","embeddable":true,"href":"https:\/\/easyliferobo.com\/de\/wp-json\/wp\/v2\/product_cat?post=915"},{"taxonomy":"product_tag","embeddable":true,"href":"https:\/\/easyliferobo.com\/de\/wp-json\/wp\/v2\/product_tag?post=915"}],"curies":[{"name":"wp","href":"https:\/\/api.w.org\/{rel}","templated":true}]}}