
{"id":891,"date":"2026-02-22T10:47:14","date_gmt":"2026-02-22T10:47:14","guid":{"rendered":"https:\/\/easyliferobo.com\/de\/product\/beurer-em-49-digitales-tens-ems-3-in-1-elektrostimulationsgeraet-zur-schmerzlinderung-durch-elektrische-nervenstimulation-training-durch-elektrische-muskelstimulation-massagefunktion-inklusive-4-e\/"},"modified":"2026-02-22T10:47:30","modified_gmt":"2026-02-22T10:47:30","slug":"beurer-em-49-digitales-tens-ems-3-in-1-elektrostimulationsgeraet-zur-schmerzlinderung-durch-elektrische-nervenstimulation-training-durch-elektrische-muskelstimulation-massagefunktion-inklusive-4-e","status":"publish","type":"product","link":"https:\/\/easyliferobo.com\/de\/product\/beurer-em-49-digitales-tens-ems-3-in-1-elektrostimulationsgeraet-zur-schmerzlinderung-durch-elektrische-nervenstimulation-training-durch-elektrische-muskelstimulation-massagefunktion-inklusive-4-e\/","title":{"rendered":"Beurer EM 49 Digitales TENS\/EMS, 3-..."},"content":{"rendered":"<p>    <span class=\"a-text-bold\">Beurer EM 49 Digital TENS\/EMS \u2013 Die 3-in-1-L\u00f6sung f\u00fcr Schmerztherapie, Muskelstimulation und Entspannung durch Massage:<\/span><br \/><span>Mit dem TENS-Ger\u00e4t von Beurer holen Sie sich ein wahres Multitalent im Bereich der Elektrostimulation nach Hause. Das Elektrostimulationsger\u00e4t kann ohne Medikamente und Nebenwirkungen zur Schmerzlinderung, sowie zur Muskelregeneration oder zum Training eingesetzt werden. Zus\u00e4tzlich zu diesen 2 Funktionen verf\u00fcgt das EM 49 auch \u00fcber eine Massagefunktion f\u00fcr Ihren pers\u00f6nlichen Entspannungsmoment.<\/span><br \/><span class=\"a-text-bold\">Die 3 Grundfunktionen des Beurer TENS-Ger\u00e4ts im \u00dcberblick:<\/span><\/p>\n<ul class=\"a-unordered-list a-vertical\">\n<li><span class=\"a-list-item\"><span class=\"a-text-bold\">Transkutane elektrische Nervenstimulation (TENS):<\/span><span>  Die elektrischen Impulse unterdr\u00fccken die Weiterleitung des Schmerzes an das Gehirn. Zur Schmerztherapie bei Kr\u00e4mpfen, Verletzungen oder chronischen Schmerzen.<\/span><\/span><\/li>\n<li><span class=\"a-list-item\"><span class=\"a-text-bold\">Elektrische Muskelstimulation (EMS):<\/span><span>  Die Muskeln ziehen sich zusammen und entspannen sich wie bei einer nat\u00fcrlichen Aktivierung wieder. Zur Steigerung der Ausdauerleistung, St\u00e4rkung und Beschleunigung der Regeneration bestimmter Muskelgruppen.<\/span><\/span><\/li>\n<li><span class=\"a-list-item\"><span class=\"a-text-bold\">Massagefunktion:<\/span><span>  Ein Massageeffekt, der durch elektrische Signale verursacht wird. Zur Linderung von Verspannungen, Muskelerm\u00fcdungserscheinungen und zur Beschleunigung der Muskelregeneration.<\/span><\/span><\/li>\n<\/ul>\n<p><span class=\"a-text-bold\">Die wichtigsten Features des Ger\u00e4tes im \u00dcberblick:<\/span><\/p>\n<ul class=\"a-unordered-list a-vertical\">\n<li><span class=\"a-list-item\"><span>2 separat einstellbare Kan\u00e4le mit jeweils 4 selbstklebenden Elektroden.<\/span><\/span><\/li>\n<li><span class=\"a-list-item\"><span>64 vorprogrammierte Anwendungen (TENS, EMS und Massage).<\/span><\/span><\/li>\n<li><span class=\"a-list-item\"><span>6 anpassbare Programme (TENS und EMS).<\/span><\/span><\/li>\n<li><span class=\"a-list-item\"><span>\u201eArztfunktion\u201c zur optimalen Abstimmung mit Ihrem pers\u00f6nlichen Therapieprogramm.<\/span><\/span><\/li>\n<li><span class=\"a-list-item\"><span>Timerfunktion (5\u2013100 Minuten), inklusive Sicherheitsabschaltung.<\/span><\/span><\/li>\n<li><span class=\"a-list-item\"><span>Invertiertes LCD-Display mit blauer Hintergrundbeleuchtung.<\/span><\/span><\/li>\n<li><span class=\"a-list-item\"><span>Ergonomisches Design mit praktischem G\u00fcrtelclip.<\/span><\/span><\/li>\n<\/ul>\n<p><span>Die Wirkung der Elektrostimulation ist meist erst danach sichtbar <\/span><span class=\"a-text-bold\">regelm\u00e4\u00dfig wiederholte Anwendung<\/span><span>. Die Elektrostimulation ersetzt kein regelm\u00e4\u00dfiges Training der Muskulatur, erg\u00e4nzt die Wirkung derselben aber sinnvoll. Die genaue Beschreibung der verschiedenen Einsatzm\u00f6glichkeiten sowie weitere Informationen zum Ger\u00e4t und seinen Funktionen finden Sie in der <\/span><span class=\"a-text-bold\">ausf\u00fchrliche Gebrauchsanweisung<\/span><span>.<\/span><br \/><span class=\"a-text-bold\">Elektrostimulation mit TENS kann bei Fibromyalgie helfen:<\/span><br \/><span>Fibromyalgie, oder auch Fasermuskelschmerzsyndrom, ist eine chronische Schmerzerkrankung, die sich \u00fcber den gesamten K\u00f6rper erstreckt und deren Ursprung noch nicht gekl\u00e4rt ist. Daher kann der Dauerschmerz nicht geheilt, sondern h\u00f6chstens gelindert werden. Die Verwendung unseres TENS-Ger\u00e4ts ist a <\/span><span class=\"a-text-bold\">m\u00f6gliche, aber nicht garantierte Methode zur Schmerzlinderung<\/span><span>  im Bereich des K\u00f6rperstamms oder der Extremit\u00e4ten. Ob und wie stark die TENS-Behandlung wirkt, l\u00e4sst sich im Einzelfall nicht vorhersagen. Daher ist ein Behandlungsversuch sinnvoll, da sich die transkutane Nervenstimulation durch praktisch keine Nebenwirkungen auszeichnet. Somit ist es eine wertvolle Alternative zur chronisch medikament\u00f6sen Schmerztherapie. Die Beurer GmbH ist Kooperationspartner der Deutschen Fibromyalgie Gesellschaft (GFA).<\/span><br \/><span>Wenn sich das Ger\u00e4t beim Dr\u00fccken der Ein-\/Aus-Taste nicht einschaltet, \u00fcberpr\u00fcfen Sie Folgendes und gehen Sie wie folgt vor: Stellen Sie sicher, dass die Batterien richtig eingelegt sind. Tauschen Sie ggf. die Batterien aus. &#8211; <\/span><br \/>  Batterien \u200f : \u200e 3 AAA-Batterien erforderlich. (im Lieferumfang enthalten)   <br \/> Wird vom Hersteller eingestellt \u200f : \u200e Nr   <br \/> Produktabmessungen \u200f : \u200e 16,5 x 22,4 x 5,4 cm; 110,56 g   <br \/> Hersteller \u200f : \u200e Beurer   <br \/> ASIN \u200f : \u200e B01KUJ1VMG   <br \/> Artikelmodellnummer \u200f : \u200e 662.05   <br \/> Herkunftsland \u200f : \u200e China   <br \/>  Kundenrezensionen: 4,6 4,6 von 5 Sternen (28.668) var dpAcrHasRegisteredArcLinkClickAction; P.when(&#8218;A&#8216;, &#8218;ready&#8216;).execute(function(A) { if (dpAcrHasRegisteredArcLinkClickAction !== true) { dpAcrHasRegisteredArcLinkClickAction = true; A.declarative( &#8218;acrLink-click-metrics&#8216;, &#8218;click&#8216;, { &#8222;allowLinkDefault&#8220;: true }, function (event) { if (window.ue) { ue.count(&#8222;acrLinkClickCount&#8220;, (ue.count(&#8222;acrLinkClickCount&#8220;) || 0) + 1 } } }); P.when(&#8218;A&#8216;, &#8218;cf&#8216;).execute(function(A) { A.declarative(&#8218;acrStarsLink-click-metrics&#8216;, &#8218;click&#8216;, { &#8222;allowLinkDefault&#8220; : true }, function(event){ if(window.ue) { ue.count(&#8222;acrStarsLinkWithPopoverClickCount&#8220;, (ue.count(&#8222;acrStarsLinkWithPopoverClickCount&#8220;) || 0) + 1); } }); });                          <br \/>Handliches Reizstromger\u00e4t mit 2 getrennt einstellbaren Kan\u00e4len und 4 Klebeelektroden f\u00fcr TENS-, EMS- und Massageanwendungen per Elektrostimulation.<br \/>Medikamentenfreie Schmerzlinderung durch transkutane elektrische Nervenstimulation mit 12 vorprogrammierten und 3 anpassbaren Anwendungen.<br \/>Gezieltes Training und Regeneration der Muskulatur durch elektrische Muskelstimulation mit 32 vorprogrammierten und 3 individuell anpassbaren Anwendungen.<br \/>Mit 20 wohltuenden vorprogrammierten Massageprogrammen zur Linderung von Verspannungen, mehr Wohlbefinden und wohltuender Entspannung des gesamten K\u00f6rpers.<br \/>Arztfunktion: Speichert die individuellen Einstellungen Ihres Therapieprogramms und aktiviert diese sofort beim Einschalten des Ger\u00e4ts.<br \/>Lieferumfang: 1 x Reizstromger\u00e4t EM 49; 2 x Verbindungskabel; 4 x Elektroden (45 x 45 mm); 1 x G\u00fcrtelclip; 3 x AAA-Batterien; 1 x Bedienungsanleitung.<\/p>\n<p>[ad_2]<\/p>\n","protected":false},"excerpt":{"rendered":"<p>Beurer EM 49 Digital TENS\/EMS \u2013 Die 3-in-1-L\u00f6sung f\u00fcr Schmerztherapie, Muskelstimulation und Entspannung durch Massage:Mit dem TENS-Ger\u00e4t von Beurer holen Sie sich ein wahres Multitalent im Bereich der Elektrostimulation nach Hause. Das Elektrostimulationsger\u00e4t kann ohne Medikamente und Nebenwirkungen zur Schmerzlinderung, sowie zur Muskelregeneration oder zum Training eingesetzt werden. Zus\u00e4tzlich zu diesen 2 Funktionen verf\u00fcgt das [&hellip;]<\/p>\n","protected":false},"featured_media":892,"comment_status":"open","ping_status":"closed","template":"","meta":{"_aipt_faq_data":""},"store":[],"product_brand":[],"product_cat":[109],"product_tag":[211],"class_list":{"0":"post-891","1":"product","2":"type-product","3":"status-publish","4":"has-post-thumbnail","6":"product_cat-therapieroboter","7":"product_tag-therapieroboter-zur-schmerztherapie","9":"first","10":"instock","11":"sale","12":"shipping-taxable","13":"product-type-external"},"yoast_head":"<!-- This site is optimized with the Yoast SEO plugin v27.0 - https:\/\/yoast.com\/product\/yoast-seo-wordpress\/ -->\n<title>Beurer EM 49 Digitales TENS\/EMS, 3-in-1 Elektrostimulationsger\u00e4t zur Schmerzlinderung durch elektrische Nervenstimulation, Training durch elektrische Muskelstimulation, Massagefunktion, inklusive 4 Elektroden - EasyLifeBro<\/title>\n<meta name=\"description\" content=\"Entdecken Sie smarte Roboter f\u00fcr Zuhause, Garten, Bildung und Sicherheit. Vergleichen Sie Saugroboter, Rasenm\u00e4hroboter, KI-Begleitroboter und mehr bei EasyLifeRobo.\" \/>\n<meta name=\"robots\" content=\"index, follow, max-snippet:-1, max-image-preview:large, max-video-preview:-1\" \/>\n<link rel=\"canonical\" href=\"https:\/\/easyliferobo.com\/de\/product\/beurer-em-49-digitales-tens-ems-3-in-1-elektrostimulationsgeraet-zur-schmerzlinderung-durch-elektrische-nervenstimulation-training-durch-elektrische-muskelstimulation-massagefunktion-inklusive-4-e\/\" \/>\n<meta property=\"og:locale\" content=\"de_DE\" \/>\n<meta property=\"og:type\" content=\"article\" \/>\n<meta property=\"og:title\" content=\"Beurer EM 49 Digitales TENS\/EMS, 3-in-1 Elektrostimulationsger\u00e4t zur Schmerzlinderung durch elektrische Nervenstimulation, Training durch elektrische Muskelstimulation, Massagefunktion, inklusive 4 Elektroden - EasyLifeBro\" \/>\n<meta property=\"og:description\" content=\"Entdecken Sie smarte Roboter f\u00fcr Zuhause, Garten, Bildung und Sicherheit. Vergleichen Sie Saugroboter, Rasenm\u00e4hroboter, KI-Begleitroboter und mehr bei EasyLifeRobo.\" \/>\n<meta property=\"og:url\" content=\"https:\/\/easyliferobo.com\/de\/product\/beurer-em-49-digitales-tens-ems-3-in-1-elektrostimulationsgeraet-zur-schmerzlinderung-durch-elektrische-nervenstimulation-training-durch-elektrische-muskelstimulation-massagefunktion-inklusive-4-e\/\" \/>\n<meta property=\"og:site_name\" content=\"EasyLifeBro\" \/>\n<meta property=\"article:modified_time\" content=\"2026-02-22T10:47:30+00:00\" \/>\n<meta property=\"og:image\" content=\"https:\/\/easyliferobo.com\/de\/wp-content\/uploads\/2026\/02\/81KmdPcLaL._AC_SL1500_.jpg\" \/>\n\t<meta property=\"og:image:width\" content=\"1500\" \/>\n\t<meta property=\"og:image:height\" content=\"1483\" \/>\n\t<meta property=\"og:image:type\" content=\"image\/jpeg\" \/>\n<meta name=\"twitter:card\" content=\"summary_large_image\" \/>\n<meta name=\"twitter:label1\" content=\"Gesch\u00e4tzte Lesezeit\" \/>\n\t<meta name=\"twitter:data1\" content=\"3\u00a0Minuten\" \/>\n<script type=\"application\/ld+json\" class=\"yoast-schema-graph\">{\"@context\":\"https:\/\/schema.org\",\"@graph\":[{\"@type\":\"WebPage\",\"@id\":\"https:\/\/easyliferobo.com\/de\/product\/beurer-em-49-digitales-tens-ems-3-in-1-elektrostimulationsgeraet-zur-schmerzlinderung-durch-elektrische-nervenstimulation-training-durch-elektrische-muskelstimulation-massagefunktion-inklusive-4-e\/\",\"url\":\"https:\/\/easyliferobo.com\/de\/product\/beurer-em-49-digitales-tens-ems-3-in-1-elektrostimulationsgeraet-zur-schmerzlinderung-durch-elektrische-nervenstimulation-training-durch-elektrische-muskelstimulation-massagefunktion-inklusive-4-e\/\",\"name\":\"Beurer EM 49 Digitales TENS\/EMS, 3-in-1 Elektrostimulationsger\u00e4t zur Schmerzlinderung durch elektrische Nervenstimulation, Training durch elektrische Muskelstimulation, Massagefunktion, inklusive 4 Elektroden - EasyLifeBro\",\"isPartOf\":{\"@id\":\"https:\/\/easyliferobo.com\/de\/#website\"},\"primaryImageOfPage\":{\"@id\":\"https:\/\/easyliferobo.com\/de\/product\/beurer-em-49-digitales-tens-ems-3-in-1-elektrostimulationsgeraet-zur-schmerzlinderung-durch-elektrische-nervenstimulation-training-durch-elektrische-muskelstimulation-massagefunktion-inklusive-4-e\/#primaryimage\"},\"image\":{\"@id\":\"https:\/\/easyliferobo.com\/de\/product\/beurer-em-49-digitales-tens-ems-3-in-1-elektrostimulationsgeraet-zur-schmerzlinderung-durch-elektrische-nervenstimulation-training-durch-elektrische-muskelstimulation-massagefunktion-inklusive-4-e\/#primaryimage\"},\"thumbnailUrl\":\"https:\/\/easyliferobo.com\/de\/wp-content\/uploads\/2026\/02\/81KmdPcLaL._AC_SL1500_.jpg\",\"datePublished\":\"2026-02-22T10:47:14+00:00\",\"dateModified\":\"2026-02-22T10:47:30+00:00\",\"description\":\"Entdecken Sie smarte Roboter f\u00fcr Zuhause, Garten, Bildung und Sicherheit. Vergleichen Sie Saugroboter, Rasenm\u00e4hroboter, KI-Begleitroboter und mehr bei EasyLifeRobo.\",\"breadcrumb\":{\"@id\":\"https:\/\/easyliferobo.com\/de\/product\/beurer-em-49-digitales-tens-ems-3-in-1-elektrostimulationsgeraet-zur-schmerzlinderung-durch-elektrische-nervenstimulation-training-durch-elektrische-muskelstimulation-massagefunktion-inklusive-4-e\/#breadcrumb\"},\"inLanguage\":\"de\",\"potentialAction\":[{\"@type\":\"ReadAction\",\"target\":[\"https:\/\/easyliferobo.com\/de\/product\/beurer-em-49-digitales-tens-ems-3-in-1-elektrostimulationsgeraet-zur-schmerzlinderung-durch-elektrische-nervenstimulation-training-durch-elektrische-muskelstimulation-massagefunktion-inklusive-4-e\/\"]}]},{\"@type\":\"ImageObject\",\"inLanguage\":\"de\",\"@id\":\"https:\/\/easyliferobo.com\/de\/product\/beurer-em-49-digitales-tens-ems-3-in-1-elektrostimulationsgeraet-zur-schmerzlinderung-durch-elektrische-nervenstimulation-training-durch-elektrische-muskelstimulation-massagefunktion-inklusive-4-e\/#primaryimage\",\"url\":\"https:\/\/easyliferobo.com\/de\/wp-content\/uploads\/2026\/02\/81KmdPcLaL._AC_SL1500_.jpg\",\"contentUrl\":\"https:\/\/easyliferobo.com\/de\/wp-content\/uploads\/2026\/02\/81KmdPcLaL._AC_SL1500_.jpg\",\"width\":1500,\"height\":1483},{\"@type\":\"BreadcrumbList\",\"@id\":\"https:\/\/easyliferobo.com\/de\/product\/beurer-em-49-digitales-tens-ems-3-in-1-elektrostimulationsgeraet-zur-schmerzlinderung-durch-elektrische-nervenstimulation-training-durch-elektrische-muskelstimulation-massagefunktion-inklusive-4-e\/#breadcrumb\",\"itemListElement\":[{\"@type\":\"ListItem\",\"position\":1,\"name\":\"Home\",\"item\":\"https:\/\/easyliferobo.com\/de\/\"},{\"@type\":\"ListItem\",\"position\":2,\"name\":\"Shop\",\"item\":\"https:\/\/easyliferobo.com\/de\/shop\/\"},{\"@type\":\"ListItem\",\"position\":3,\"name\":\"Beurer EM 49 Digitales TENS\/EMS, 3-...\"}]},{\"@type\":\"WebSite\",\"@id\":\"https:\/\/easyliferobo.com\/de\/#website\",\"url\":\"https:\/\/easyliferobo.com\/de\/\",\"name\":\"EasyLifeBro\",\"description\":\"Smarte Roboter f\u00fcr Zuhause, Garten &amp; Bildung\",\"publisher\":{\"@id\":\"https:\/\/easyliferobo.com\/de\/#organization\"},\"potentialAction\":[{\"@type\":\"SearchAction\",\"target\":{\"@type\":\"EntryPoint\",\"urlTemplate\":\"https:\/\/easyliferobo.com\/de\/?s={search_term_string}\"},\"query-input\":{\"@type\":\"PropertyValueSpecification\",\"valueRequired\":true,\"valueName\":\"search_term_string\"}}],\"inLanguage\":\"de\"},{\"@type\":\"Organization\",\"@id\":\"https:\/\/easyliferobo.com\/de\/#organization\",\"name\":\"EasyLifeBro\",\"url\":\"https:\/\/easyliferobo.com\/de\/\",\"logo\":{\"@type\":\"ImageObject\",\"inLanguage\":\"de\",\"@id\":\"https:\/\/easyliferobo.com\/de\/#\/schema\/logo\/image\/\",\"url\":\"https:\/\/easyliferobo.com\/de\/wp-content\/uploads\/2026\/02\/Screenshot-2026-02-22-at-2.25.03-PM.png\",\"contentUrl\":\"https:\/\/easyliferobo.com\/de\/wp-content\/uploads\/2026\/02\/Screenshot-2026-02-22-at-2.25.03-PM.png\",\"width\":1858,\"height\":430,\"caption\":\"EasyLifeBro\"},\"image\":{\"@id\":\"https:\/\/easyliferobo.com\/de\/#\/schema\/logo\/image\/\"}}]}<\/script>\n<!-- \/ Yoast SEO plugin. -->","yoast_head_json":{"title":"Beurer EM 49 Digitales TENS\/EMS, 3-in-1 Elektrostimulationsger\u00e4t zur Schmerzlinderung durch elektrische Nervenstimulation, Training durch elektrische Muskelstimulation, Massagefunktion, inklusive 4 Elektroden - EasyLifeBro","description":"Entdecken Sie smarte Roboter f\u00fcr Zuhause, Garten, Bildung und Sicherheit. Vergleichen Sie Saugroboter, Rasenm\u00e4hroboter, KI-Begleitroboter und mehr bei EasyLifeRobo.","robots":{"index":"index","follow":"follow","max-snippet":"max-snippet:-1","max-image-preview":"max-image-preview:large","max-video-preview":"max-video-preview:-1"},"canonical":"https:\/\/easyliferobo.com\/de\/product\/beurer-em-49-digitales-tens-ems-3-in-1-elektrostimulationsgeraet-zur-schmerzlinderung-durch-elektrische-nervenstimulation-training-durch-elektrische-muskelstimulation-massagefunktion-inklusive-4-e\/","og_locale":"de_DE","og_type":"article","og_title":"Beurer EM 49 Digitales TENS\/EMS, 3-in-1 Elektrostimulationsger\u00e4t zur Schmerzlinderung durch elektrische Nervenstimulation, Training durch elektrische Muskelstimulation, Massagefunktion, inklusive 4 Elektroden - EasyLifeBro","og_description":"Entdecken Sie smarte Roboter f\u00fcr Zuhause, Garten, Bildung und Sicherheit. Vergleichen Sie Saugroboter, Rasenm\u00e4hroboter, KI-Begleitroboter und mehr bei EasyLifeRobo.","og_url":"https:\/\/easyliferobo.com\/de\/product\/beurer-em-49-digitales-tens-ems-3-in-1-elektrostimulationsgeraet-zur-schmerzlinderung-durch-elektrische-nervenstimulation-training-durch-elektrische-muskelstimulation-massagefunktion-inklusive-4-e\/","og_site_name":"EasyLifeBro","article_modified_time":"2026-02-22T10:47:30+00:00","og_image":[{"width":1500,"height":1483,"url":"https:\/\/easyliferobo.com\/de\/wp-content\/uploads\/2026\/02\/81KmdPcLaL._AC_SL1500_.jpg","type":"image\/jpeg"}],"twitter_card":"summary_large_image","twitter_misc":{"Gesch\u00e4tzte Lesezeit":"3\u00a0Minuten"},"schema":{"@context":"https:\/\/schema.org","@graph":[{"@type":"WebPage","@id":"https:\/\/easyliferobo.com\/de\/product\/beurer-em-49-digitales-tens-ems-3-in-1-elektrostimulationsgeraet-zur-schmerzlinderung-durch-elektrische-nervenstimulation-training-durch-elektrische-muskelstimulation-massagefunktion-inklusive-4-e\/","url":"https:\/\/easyliferobo.com\/de\/product\/beurer-em-49-digitales-tens-ems-3-in-1-elektrostimulationsgeraet-zur-schmerzlinderung-durch-elektrische-nervenstimulation-training-durch-elektrische-muskelstimulation-massagefunktion-inklusive-4-e\/","name":"Beurer EM 49 Digitales TENS\/EMS, 3-in-1 Elektrostimulationsger\u00e4t zur Schmerzlinderung durch elektrische Nervenstimulation, Training durch elektrische Muskelstimulation, Massagefunktion, inklusive 4 Elektroden - EasyLifeBro","isPartOf":{"@id":"https:\/\/easyliferobo.com\/de\/#website"},"primaryImageOfPage":{"@id":"https:\/\/easyliferobo.com\/de\/product\/beurer-em-49-digitales-tens-ems-3-in-1-elektrostimulationsgeraet-zur-schmerzlinderung-durch-elektrische-nervenstimulation-training-durch-elektrische-muskelstimulation-massagefunktion-inklusive-4-e\/#primaryimage"},"image":{"@id":"https:\/\/easyliferobo.com\/de\/product\/beurer-em-49-digitales-tens-ems-3-in-1-elektrostimulationsgeraet-zur-schmerzlinderung-durch-elektrische-nervenstimulation-training-durch-elektrische-muskelstimulation-massagefunktion-inklusive-4-e\/#primaryimage"},"thumbnailUrl":"https:\/\/easyliferobo.com\/de\/wp-content\/uploads\/2026\/02\/81KmdPcLaL._AC_SL1500_.jpg","datePublished":"2026-02-22T10:47:14+00:00","dateModified":"2026-02-22T10:47:30+00:00","description":"Entdecken Sie smarte Roboter f\u00fcr Zuhause, Garten, Bildung und Sicherheit. Vergleichen Sie Saugroboter, Rasenm\u00e4hroboter, KI-Begleitroboter und mehr bei EasyLifeRobo.","breadcrumb":{"@id":"https:\/\/easyliferobo.com\/de\/product\/beurer-em-49-digitales-tens-ems-3-in-1-elektrostimulationsgeraet-zur-schmerzlinderung-durch-elektrische-nervenstimulation-training-durch-elektrische-muskelstimulation-massagefunktion-inklusive-4-e\/#breadcrumb"},"inLanguage":"de","potentialAction":[{"@type":"ReadAction","target":["https:\/\/easyliferobo.com\/de\/product\/beurer-em-49-digitales-tens-ems-3-in-1-elektrostimulationsgeraet-zur-schmerzlinderung-durch-elektrische-nervenstimulation-training-durch-elektrische-muskelstimulation-massagefunktion-inklusive-4-e\/"]}]},{"@type":"ImageObject","inLanguage":"de","@id":"https:\/\/easyliferobo.com\/de\/product\/beurer-em-49-digitales-tens-ems-3-in-1-elektrostimulationsgeraet-zur-schmerzlinderung-durch-elektrische-nervenstimulation-training-durch-elektrische-muskelstimulation-massagefunktion-inklusive-4-e\/#primaryimage","url":"https:\/\/easyliferobo.com\/de\/wp-content\/uploads\/2026\/02\/81KmdPcLaL._AC_SL1500_.jpg","contentUrl":"https:\/\/easyliferobo.com\/de\/wp-content\/uploads\/2026\/02\/81KmdPcLaL._AC_SL1500_.jpg","width":1500,"height":1483},{"@type":"BreadcrumbList","@id":"https:\/\/easyliferobo.com\/de\/product\/beurer-em-49-digitales-tens-ems-3-in-1-elektrostimulationsgeraet-zur-schmerzlinderung-durch-elektrische-nervenstimulation-training-durch-elektrische-muskelstimulation-massagefunktion-inklusive-4-e\/#breadcrumb","itemListElement":[{"@type":"ListItem","position":1,"name":"Home","item":"https:\/\/easyliferobo.com\/de\/"},{"@type":"ListItem","position":2,"name":"Shop","item":"https:\/\/easyliferobo.com\/de\/shop\/"},{"@type":"ListItem","position":3,"name":"Beurer EM 49 Digitales TENS\/EMS, 3-..."}]},{"@type":"WebSite","@id":"https:\/\/easyliferobo.com\/de\/#website","url":"https:\/\/easyliferobo.com\/de\/","name":"EasyLifeBro","description":"Smarte Roboter f\u00fcr Zuhause, Garten &amp; Bildung","publisher":{"@id":"https:\/\/easyliferobo.com\/de\/#organization"},"potentialAction":[{"@type":"SearchAction","target":{"@type":"EntryPoint","urlTemplate":"https:\/\/easyliferobo.com\/de\/?s={search_term_string}"},"query-input":{"@type":"PropertyValueSpecification","valueRequired":true,"valueName":"search_term_string"}}],"inLanguage":"de"},{"@type":"Organization","@id":"https:\/\/easyliferobo.com\/de\/#organization","name":"EasyLifeBro","url":"https:\/\/easyliferobo.com\/de\/","logo":{"@type":"ImageObject","inLanguage":"de","@id":"https:\/\/easyliferobo.com\/de\/#\/schema\/logo\/image\/","url":"https:\/\/easyliferobo.com\/de\/wp-content\/uploads\/2026\/02\/Screenshot-2026-02-22-at-2.25.03-PM.png","contentUrl":"https:\/\/easyliferobo.com\/de\/wp-content\/uploads\/2026\/02\/Screenshot-2026-02-22-at-2.25.03-PM.png","width":1858,"height":430,"caption":"EasyLifeBro"},"image":{"@id":"https:\/\/easyliferobo.com\/de\/#\/schema\/logo\/image\/"}}]}},"_links":{"self":[{"href":"https:\/\/easyliferobo.com\/de\/wp-json\/wp\/v2\/product\/891","targetHints":{"allow":["GET"]}}],"collection":[{"href":"https:\/\/easyliferobo.com\/de\/wp-json\/wp\/v2\/product"}],"about":[{"href":"https:\/\/easyliferobo.com\/de\/wp-json\/wp\/v2\/types\/product"}],"replies":[{"embeddable":true,"href":"https:\/\/easyliferobo.com\/de\/wp-json\/wp\/v2\/comments?post=891"}],"wp:featuredmedia":[{"embeddable":true,"href":"https:\/\/easyliferobo.com\/de\/wp-json\/wp\/v2\/media\/892"}],"wp:attachment":[{"href":"https:\/\/easyliferobo.com\/de\/wp-json\/wp\/v2\/media?parent=891"}],"wp:term":[{"taxonomy":"store","embeddable":true,"href":"https:\/\/easyliferobo.com\/de\/wp-json\/wp\/v2\/store?post=891"},{"taxonomy":"product_brand","embeddable":true,"href":"https:\/\/easyliferobo.com\/de\/wp-json\/wp\/v2\/product_brand?post=891"},{"taxonomy":"product_cat","embeddable":true,"href":"https:\/\/easyliferobo.com\/de\/wp-json\/wp\/v2\/product_cat?post=891"},{"taxonomy":"product_tag","embeddable":true,"href":"https:\/\/easyliferobo.com\/de\/wp-json\/wp\/v2\/product_tag?post=891"}],"curies":[{"name":"wp","href":"https:\/\/api.w.org\/{rel}","templated":true}]}}