
{"id":875,"date":"2026-02-22T10:43:50","date_gmt":"2026-02-22T10:43:50","guid":{"rendered":"https:\/\/easyliferobo.com\/de\/product\/ki-roboter-intelligente-programmierbare-version-interaktives-lernen-sprachsteuerung-bewegungssensoren-lernspass-bietet-ansprechende-lernaktivitaeten-fuer-kinder-maedchen-erwachsene-u\/"},"modified":"2026-02-22T23:35:39","modified_gmt":"2026-02-22T23:35:39","slug":"ki-roboter-intelligente-programmierbare-version-interaktives-lernen-sprachsteuerung-bewegungssensoren-lernspass-bietet-ansprechende-lernaktivitaeten-fuer-kinder-maedchen-erwachsene-u","status":"publish","type":"product","link":"https:\/\/easyliferobo.com\/de\/product\/ki-roboter-intelligente-programmierbare-version-interaktives-lernen-sprachsteuerung-bewegungssensoren-lernspass-bietet-ansprechende-lernaktivitaeten-fuer-kinder-maedchen-erwachsene-u\/","title":{"rendered":"KI-Roboter \u2013 Intelligente program..."},"content":{"rendered":"<p>\n                                             Produktbeschreibung   <\/p>\n<p>                                                  <img decoding=\"async\" alt=\"Gro\u00dfartiges und vielseitiges Geschenk\" src=\"https:\/\/images-na.ssl-images-amazon.com\/images\/G\/01\/x-locale\/common\/grey-pixel.gif\" class=\"a-lazy-loaded\" data-src=\"https:\/\/m.media-amazon.com\/images\/S\/aplus-media-library-service-media\/d411dad2-18d2-40a8-9175-d53e208f5213.__CR0,0,1600,1600_PT0_SX300_V1___.jpg\"><img decoding=\"async\" alt=\"Gro\u00dfartiges und vielseitiges Geschenk\" src=\"https:\/\/m.media-amazon.com\/images\/S\/aplus-media-library-service-media\/d411dad2-18d2-40a8-9175-d53e208f5213.__CR0,0,1600,1600_PT0_SX300_V1___.jpg\">  <\/p>\n<h3 class=\"a-spacing-mini\">  Gro\u00dfartiges und vielseitiges Geschenk <\/h3>\n<p>  Dieses Roboter-Spielzeug f\u00fcr Kinder wurde mit auf interven Spielwert entwickelt und dient sowohl als Medium f\u00fcr den Ausdruck von Segensw\u00fcnschen als auch als Quelle f\u00fcr Feiertagsfreude. Es bereichert Feiern, indem es Menschen in unterhaltsamen und herzlichen Umgebungen zusammenbringt, und f\u00f6rdert so gemeinsame Erlebnisse in fr\u00f6hlichen und warmherzigen Momenten w\u00e4hrend festlicher Anl\u00e4sse. <\/p>\n<p>                                                  <img decoding=\"async\" alt=\"Beeindruckendes und durchdachtes Geschenk\" src=\"https:\/\/images-na.ssl-images-amazon.com\/images\/G\/01\/x-locale\/common\/grey-pixel.gif\" class=\"a-spacing-mini a-lazy-loaded\" data-src=\"https:\/\/m.media-amazon.com\/images\/S\/aplus-media-library-service-media\/a8680564-b7e4-49c8-9c4b-57db2850031d.__CR0,0,1600,1600_PT0_SX300_V1___.jpg\"><img decoding=\"async\" alt=\"Beeindruckendes und durchdachtes Geschenk\" src=\"https:\/\/m.media-amazon.com\/images\/S\/aplus-media-library-service-media\/a8680564-b7e4-49c8-9c4b-57db2850031d.__CR0,0,1600,1600_PT0_SX300_V1___.jpg\">  <\/p>\n<p>  Die intelligenten sprechenden Roboter f\u00fcr Kinder sind darauf ausgelegt, durch interaktives Spiellernen zu inspirieren. Diese intelligenten Spielzeuge bieten und M\u00e4dchen dynamische Gespr\u00e4che, die Kreativit\u00e4t und Wissenserwerb f\u00f6rdern. Ideal f\u00fcr Geburtstagsfeiern, Feiertreffen oder Familienpartys bringen diese Roboter Freude f\u00fcr Kinder und Erwachsene gleicherma\u00dfen. Die clevere Funktionalit\u00e4t gew\u00e4hrleistet ein immersives Erlebnis und macht sie zum perfekten Geschenk f\u00fcr jeden Anlass. St\u00e4rken Sie die famili\u00e4re Bindung mit diesem innovativen Produkt, das Spa\u00df und Bildung nahtlos verbindet. Intelligente sprechende Roboter f\u00fcr Kinder sind die erste Wahl f\u00fcr interaktives Lernen und Unterhaltung. <\/p>\n<p>  Spezifikation <\/p>\n<p>  Produktname: Intelligenter KI-Roboter <\/p>\n<p>  Material: ABS <\/p>\n<p>  Produktgr\u00f6\u00dfe: ca. 9,5 x 5,5 x 13 cm <\/p>\n<p>  Liste <\/p>\n<p>  Intelligenterer KI-Roboter \u00d7 1 <\/p>\n<p>  Hinweis: <\/p>\n<p>  Aufgrund unterschiedlicher Beleuchtungs- und Bildschirmeinstellungen kann die Farbe des Artikels geringf\u00fcgig vom Bild abweichen. <\/p>\n<p>  Bitte erlauben Sie aufgrund unterschiedlicher manueller Messungen einen Gr\u00f6\u00dfenunterschied von 1-2 cm. <\/p>\n<p class=\"apm-text-center\">\n                                                      <img decoding=\"async\" alt=\"Feines und ansprechendes Geschenk\" src=\"https:\/\/images-na.ssl-images-amazon.com\/images\/G\/01\/x-locale\/common\/grey-pixel.gif\" class=\"a-spacing-mini a-lazy-loaded\" data-src=\"https:\/\/m.media-amazon.com\/images\/S\/aplus-media-library-service-media\/e800badc-8dd6-43fb-9185-ab9e8061c754.__CR0,0,1600,1600_PT0_SX300_V1___.jpg\"><img decoding=\"async\" alt=\"Feines und ansprechendes Geschenk\" src=\"https:\/\/m.media-amazon.com\/images\/S\/aplus-media-library-service-media\/e800badc-8dd6-43fb-9185-ab9e8061c754.__CR0,0,1600,1600_PT0_SX300_V1___.jpg\">  <\/p>\n<p class=\"apm-text-center\">\n                                                      <img decoding=\"async\" alt=\"Vielseitiger Lernbegleiter\" src=\"https:\/\/images-na.ssl-images-amazon.com\/images\/G\/01\/x-locale\/common\/grey-pixel.gif\" class=\"a-spacing-mini a-lazy-loaded\" data-src=\"https:\/\/m.media-amazon.com\/images\/S\/aplus-media-library-service-media\/255b9d97-b0d9-42e1-afd3-177340d8efa4.__CR0,0,1600,1600_PT0_SX300_V1___.jpg\"><img decoding=\"async\" alt=\"Vielseitiger Lernbegleiter\" src=\"https:\/\/m.media-amazon.com\/images\/S\/aplus-media-library-service-media\/255b9d97-b0d9-42e1-afd3-177340d8efa4.__CR0,0,1600,1600_PT0_SX300_V1___.jpg\">  <\/p>\n<p class=\"apm-text-center\">\n                                                      <img decoding=\"async\" alt=\"Vorstellungskraft Anregung\" src=\"https:\/\/images-na.ssl-images-amazon.com\/images\/G\/01\/x-locale\/common\/grey-pixel.gif\" class=\"a-spacing-mini a-lazy-loaded\" data-src=\"https:\/\/m.media-amazon.com\/images\/S\/aplus-media-library-service-media\/557630d4-5b76-4f04-b989-429c48185cd3.__CR0,0,1600,1600_PT0_SX300_V1___.jpg\"><img decoding=\"async\" alt=\"Vorstellungskraft Anregung\" src=\"https:\/\/m.media-amazon.com\/images\/S\/aplus-media-library-service-media\/557630d4-5b76-4f04-b989-429c48185cd3.__CR0,0,1600,1600_PT0_SX300_V1___.jpg\">  <\/p>\n<p>Adaptiver Wissenspartner: Dieser KI-Roboter integriert Spracherkennung und ein KI-System mit mehreren Modellen, sodass Benutzer ihre Wissensbasis m\u00fchelos erweitern k\u00f6nnen. Seine F\u00e4higkeit, Lernen mit Freizeit zu verbinden, sorgt f\u00fcr einen vielseitigen Einsatz in Lernr\u00e4umen oder Familienr\u00e4umen<br \/>Multifunktionale Lernhilfe: Roboterspielzeuge integrieren verschiedene Funktionen, um logisches Denken und kognitives Wachstum zu f\u00f6rdern und so eine optimale Balance zwischen Unterhaltung und Bildung zu schaffen; Diese Tools regen effektiv die Fantasie an und sorgen f\u00fcr bereichernde Erfahrungen, egal ob zu Hause oder in gemeinschaftlichen Lernr\u00e4umen<br \/>SPANNENDE ROLLENANPASSUNG Dieser Roboter f\u00fcr Kinder verf\u00fcgt \u00fcber erweiterte Rolleneinstellungen und Interessenabgleichsfunktionen, sodass junge Benutzer verschiedene Charaktere erkunden k\u00f6nnen, die ihren Leidenschaften entsprechen. Es f\u00f6rdert das Training des emotionalen Managements und st\u00e4rkt die Entwicklung sozialer Kompetenzen durch fantasievolle Szenarien. Dies schafft ein unterst\u00fctzendes Umfeld, in dem Kinder selbstbewusst wachsen und gleichzeitig ma\u00dfgeschneiderte Interaktionen erm\u00f6glichen<br \/>Emotional intelligentes Design: Der Kinderroboter nutzt die Emotionserkennung, um auf empathischer Ebene mit Kindern zu interagieren und sie zu positiven Feedback-Zyklen zu f\u00fchren, die die Konversationsf\u00e4higkeiten verbessern und dauerhafte Beziehungen beim kreativen Geschichtenerz\u00e4hlen oder bei Probleml\u00f6sungsaktivit\u00e4ten mit Familienmitgliedern f\u00f6rdern<br \/>WARMES GESCHENK: Roboterspielzeuge f\u00fcr Kinder bieten eine einzigartige M\u00f6glichkeit, F\u00fcrsorge durch interaktive Geschenke zu vermitteln. Mit ihrem festlichen Design f\u00fcgen sie sich nahtlos in die Feiertagsumgebung ein und erm\u00f6glichen es den Benutzern, Freude und W\u00e4rme bei Familientreffen und freudigen saisonalen Momenten zu teilen<\/p>\n<p>[ad_2]<\/p>\n","protected":false},"excerpt":{"rendered":"<p>Produktbeschreibung Gro\u00dfartiges und vielseitiges Geschenk Dieses Roboter-Spielzeug f\u00fcr Kinder wurde mit auf interven Spielwert entwickelt und dient sowohl als Medium f\u00fcr den Ausdruck von Segensw\u00fcnschen als auch als Quelle f\u00fcr Feiertagsfreude. Es bereichert Feiern, indem es Menschen in unterhaltsamen und herzlichen Umgebungen zusammenbringt, und f\u00f6rdert so gemeinsame Erlebnisse in fr\u00f6hlichen und warmherzigen Momenten w\u00e4hrend festlicher [&hellip;]<\/p>\n","protected":false},"featured_media":876,"comment_status":"open","ping_status":"closed","template":"","meta":{"_aipt_faq_data":""},"store":[],"product_brand":[],"product_cat":[111],"product_tag":[209],"class_list":{"0":"post-875","1":"product","2":"type-product","3":"status-publish","4":"has-post-thumbnail","6":"product_cat-pflegeassistenz-roboter","7":"product_tag-intelligente-pflegeassistenz-roboter","9":"first","10":"instock","11":"sale","12":"shipping-taxable","13":"product-type-external"},"yoast_head":"<!-- This site is optimized with the Yoast SEO plugin v27.0 - https:\/\/yoast.com\/product\/yoast-seo-wordpress\/ -->\n<title>KI-Roboter \u2013 Intelligente programmierbare Version, interaktives Lernen, Sprachsteuerung, Bewegungssensoren, Lernspa\u00df | Bietet ansprechende Lernaktivit\u00e4ten f\u00fcr Kinder, M\u00e4dchen, Erwachsene und Bildung - EasyLifeBro<\/title>\n<meta name=\"description\" content=\"Entdecken Sie smarte Roboter f\u00fcr Zuhause, Garten, Bildung und Sicherheit. Vergleichen Sie Saugroboter, Rasenm\u00e4hroboter, KI-Begleitroboter und mehr bei EasyLifeRobo.\" \/>\n<meta name=\"robots\" content=\"index, follow, max-snippet:-1, max-image-preview:large, max-video-preview:-1\" \/>\n<link rel=\"canonical\" href=\"https:\/\/easyliferobo.com\/de\/product\/ki-roboter-intelligente-programmierbare-version-interaktives-lernen-sprachsteuerung-bewegungssensoren-lernspass-bietet-ansprechende-lernaktivitaeten-fuer-kinder-maedchen-erwachsene-u\/\" \/>\n<meta property=\"og:locale\" content=\"de_DE\" \/>\n<meta property=\"og:type\" content=\"article\" \/>\n<meta property=\"og:title\" content=\"KI-Roboter \u2013 Intelligente programmierbare Version, interaktives Lernen, Sprachsteuerung, Bewegungssensoren, Lernspa\u00df | Bietet ansprechende Lernaktivit\u00e4ten f\u00fcr Kinder, M\u00e4dchen, Erwachsene und Bildung - EasyLifeBro\" \/>\n<meta property=\"og:description\" content=\"Entdecken Sie smarte Roboter f\u00fcr Zuhause, Garten, Bildung und Sicherheit. Vergleichen Sie Saugroboter, Rasenm\u00e4hroboter, KI-Begleitroboter und mehr bei EasyLifeRobo.\" \/>\n<meta property=\"og:url\" content=\"https:\/\/easyliferobo.com\/de\/product\/ki-roboter-intelligente-programmierbare-version-interaktives-lernen-sprachsteuerung-bewegungssensoren-lernspass-bietet-ansprechende-lernaktivitaeten-fuer-kinder-maedchen-erwachsene-u\/\" \/>\n<meta property=\"og:site_name\" content=\"EasyLifeBro\" \/>\n<meta property=\"article:modified_time\" content=\"2026-02-22T23:35:39+00:00\" \/>\n<meta property=\"og:image\" content=\"https:\/\/easyliferobo.com\/de\/wp-content\/uploads\/2026\/02\/71-28TaI8L._AC_SL1500_.jpg\" \/>\n\t<meta property=\"og:image:width\" content=\"1500\" \/>\n\t<meta property=\"og:image:height\" content=\"1443\" \/>\n\t<meta property=\"og:image:type\" content=\"image\/jpeg\" \/>\n<meta name=\"twitter:card\" content=\"summary_large_image\" \/>\n<meta name=\"twitter:label1\" content=\"Gesch\u00e4tzte Lesezeit\" \/>\n\t<meta name=\"twitter:data1\" content=\"2\u00a0Minuten\" \/>\n<script type=\"application\/ld+json\" class=\"yoast-schema-graph\">{\"@context\":\"https:\/\/schema.org\",\"@graph\":[{\"@type\":\"WebPage\",\"@id\":\"https:\/\/easyliferobo.com\/de\/product\/ki-roboter-intelligente-programmierbare-version-interaktives-lernen-sprachsteuerung-bewegungssensoren-lernspass-bietet-ansprechende-lernaktivitaeten-fuer-kinder-maedchen-erwachsene-u\/\",\"url\":\"https:\/\/easyliferobo.com\/de\/product\/ki-roboter-intelligente-programmierbare-version-interaktives-lernen-sprachsteuerung-bewegungssensoren-lernspass-bietet-ansprechende-lernaktivitaeten-fuer-kinder-maedchen-erwachsene-u\/\",\"name\":\"KI-Roboter \u2013 Intelligente programmierbare Version, interaktives Lernen, Sprachsteuerung, Bewegungssensoren, Lernspa\u00df | Bietet ansprechende Lernaktivit\u00e4ten f\u00fcr Kinder, M\u00e4dchen, Erwachsene und Bildung - EasyLifeBro\",\"isPartOf\":{\"@id\":\"https:\/\/easyliferobo.com\/de\/#website\"},\"primaryImageOfPage\":{\"@id\":\"https:\/\/easyliferobo.com\/de\/product\/ki-roboter-intelligente-programmierbare-version-interaktives-lernen-sprachsteuerung-bewegungssensoren-lernspass-bietet-ansprechende-lernaktivitaeten-fuer-kinder-maedchen-erwachsene-u\/#primaryimage\"},\"image\":{\"@id\":\"https:\/\/easyliferobo.com\/de\/product\/ki-roboter-intelligente-programmierbare-version-interaktives-lernen-sprachsteuerung-bewegungssensoren-lernspass-bietet-ansprechende-lernaktivitaeten-fuer-kinder-maedchen-erwachsene-u\/#primaryimage\"},\"thumbnailUrl\":\"https:\/\/easyliferobo.com\/de\/wp-content\/uploads\/2026\/02\/71-28TaI8L._AC_SL1500_.jpg\",\"datePublished\":\"2026-02-22T10:43:50+00:00\",\"dateModified\":\"2026-02-22T23:35:39+00:00\",\"description\":\"Entdecken Sie smarte Roboter f\u00fcr Zuhause, Garten, Bildung und Sicherheit. Vergleichen Sie Saugroboter, Rasenm\u00e4hroboter, KI-Begleitroboter und mehr bei EasyLifeRobo.\",\"breadcrumb\":{\"@id\":\"https:\/\/easyliferobo.com\/de\/product\/ki-roboter-intelligente-programmierbare-version-interaktives-lernen-sprachsteuerung-bewegungssensoren-lernspass-bietet-ansprechende-lernaktivitaeten-fuer-kinder-maedchen-erwachsene-u\/#breadcrumb\"},\"inLanguage\":\"de\",\"potentialAction\":[{\"@type\":\"ReadAction\",\"target\":[\"https:\/\/easyliferobo.com\/de\/product\/ki-roboter-intelligente-programmierbare-version-interaktives-lernen-sprachsteuerung-bewegungssensoren-lernspass-bietet-ansprechende-lernaktivitaeten-fuer-kinder-maedchen-erwachsene-u\/\"]}]},{\"@type\":\"ImageObject\",\"inLanguage\":\"de\",\"@id\":\"https:\/\/easyliferobo.com\/de\/product\/ki-roboter-intelligente-programmierbare-version-interaktives-lernen-sprachsteuerung-bewegungssensoren-lernspass-bietet-ansprechende-lernaktivitaeten-fuer-kinder-maedchen-erwachsene-u\/#primaryimage\",\"url\":\"https:\/\/easyliferobo.com\/de\/wp-content\/uploads\/2026\/02\/71-28TaI8L._AC_SL1500_.jpg\",\"contentUrl\":\"https:\/\/easyliferobo.com\/de\/wp-content\/uploads\/2026\/02\/71-28TaI8L._AC_SL1500_.jpg\",\"width\":1500,\"height\":1443},{\"@type\":\"BreadcrumbList\",\"@id\":\"https:\/\/easyliferobo.com\/de\/product\/ki-roboter-intelligente-programmierbare-version-interaktives-lernen-sprachsteuerung-bewegungssensoren-lernspass-bietet-ansprechende-lernaktivitaeten-fuer-kinder-maedchen-erwachsene-u\/#breadcrumb\",\"itemListElement\":[{\"@type\":\"ListItem\",\"position\":1,\"name\":\"Home\",\"item\":\"https:\/\/easyliferobo.com\/de\/\"},{\"@type\":\"ListItem\",\"position\":2,\"name\":\"Shop\",\"item\":\"https:\/\/easyliferobo.com\/de\/shop\/\"},{\"@type\":\"ListItem\",\"position\":3,\"name\":\"KI-Roboter \u2013 Intelligente program...\"}]},{\"@type\":\"WebSite\",\"@id\":\"https:\/\/easyliferobo.com\/de\/#website\",\"url\":\"https:\/\/easyliferobo.com\/de\/\",\"name\":\"EasyLifeBro\",\"description\":\"Smarte Roboter f\u00fcr Zuhause, Garten &amp; Bildung\",\"publisher\":{\"@id\":\"https:\/\/easyliferobo.com\/de\/#organization\"},\"potentialAction\":[{\"@type\":\"SearchAction\",\"target\":{\"@type\":\"EntryPoint\",\"urlTemplate\":\"https:\/\/easyliferobo.com\/de\/?s={search_term_string}\"},\"query-input\":{\"@type\":\"PropertyValueSpecification\",\"valueRequired\":true,\"valueName\":\"search_term_string\"}}],\"inLanguage\":\"de\"},{\"@type\":\"Organization\",\"@id\":\"https:\/\/easyliferobo.com\/de\/#organization\",\"name\":\"EasyLifeBro\",\"url\":\"https:\/\/easyliferobo.com\/de\/\",\"logo\":{\"@type\":\"ImageObject\",\"inLanguage\":\"de\",\"@id\":\"https:\/\/easyliferobo.com\/de\/#\/schema\/logo\/image\/\",\"url\":\"https:\/\/easyliferobo.com\/de\/wp-content\/uploads\/2026\/02\/Screenshot-2026-02-22-at-2.25.03-PM.png\",\"contentUrl\":\"https:\/\/easyliferobo.com\/de\/wp-content\/uploads\/2026\/02\/Screenshot-2026-02-22-at-2.25.03-PM.png\",\"width\":1858,\"height\":430,\"caption\":\"EasyLifeBro\"},\"image\":{\"@id\":\"https:\/\/easyliferobo.com\/de\/#\/schema\/logo\/image\/\"}}]}<\/script>\n<!-- \/ Yoast SEO plugin. -->","yoast_head_json":{"title":"KI-Roboter \u2013 Intelligente programmierbare Version, interaktives Lernen, Sprachsteuerung, Bewegungssensoren, Lernspa\u00df | Bietet ansprechende Lernaktivit\u00e4ten f\u00fcr Kinder, M\u00e4dchen, Erwachsene und Bildung - EasyLifeBro","description":"Entdecken Sie smarte Roboter f\u00fcr Zuhause, Garten, Bildung und Sicherheit. Vergleichen Sie Saugroboter, Rasenm\u00e4hroboter, KI-Begleitroboter und mehr bei EasyLifeRobo.","robots":{"index":"index","follow":"follow","max-snippet":"max-snippet:-1","max-image-preview":"max-image-preview:large","max-video-preview":"max-video-preview:-1"},"canonical":"https:\/\/easyliferobo.com\/de\/product\/ki-roboter-intelligente-programmierbare-version-interaktives-lernen-sprachsteuerung-bewegungssensoren-lernspass-bietet-ansprechende-lernaktivitaeten-fuer-kinder-maedchen-erwachsene-u\/","og_locale":"de_DE","og_type":"article","og_title":"KI-Roboter \u2013 Intelligente programmierbare Version, interaktives Lernen, Sprachsteuerung, Bewegungssensoren, Lernspa\u00df | Bietet ansprechende Lernaktivit\u00e4ten f\u00fcr Kinder, M\u00e4dchen, Erwachsene und Bildung - EasyLifeBro","og_description":"Entdecken Sie smarte Roboter f\u00fcr Zuhause, Garten, Bildung und Sicherheit. Vergleichen Sie Saugroboter, Rasenm\u00e4hroboter, KI-Begleitroboter und mehr bei EasyLifeRobo.","og_url":"https:\/\/easyliferobo.com\/de\/product\/ki-roboter-intelligente-programmierbare-version-interaktives-lernen-sprachsteuerung-bewegungssensoren-lernspass-bietet-ansprechende-lernaktivitaeten-fuer-kinder-maedchen-erwachsene-u\/","og_site_name":"EasyLifeBro","article_modified_time":"2026-02-22T23:35:39+00:00","og_image":[{"width":1500,"height":1443,"url":"https:\/\/easyliferobo.com\/de\/wp-content\/uploads\/2026\/02\/71-28TaI8L._AC_SL1500_.jpg","type":"image\/jpeg"}],"twitter_card":"summary_large_image","twitter_misc":{"Gesch\u00e4tzte Lesezeit":"2\u00a0Minuten"},"schema":{"@context":"https:\/\/schema.org","@graph":[{"@type":"WebPage","@id":"https:\/\/easyliferobo.com\/de\/product\/ki-roboter-intelligente-programmierbare-version-interaktives-lernen-sprachsteuerung-bewegungssensoren-lernspass-bietet-ansprechende-lernaktivitaeten-fuer-kinder-maedchen-erwachsene-u\/","url":"https:\/\/easyliferobo.com\/de\/product\/ki-roboter-intelligente-programmierbare-version-interaktives-lernen-sprachsteuerung-bewegungssensoren-lernspass-bietet-ansprechende-lernaktivitaeten-fuer-kinder-maedchen-erwachsene-u\/","name":"KI-Roboter \u2013 Intelligente programmierbare Version, interaktives Lernen, Sprachsteuerung, Bewegungssensoren, Lernspa\u00df | Bietet ansprechende Lernaktivit\u00e4ten f\u00fcr Kinder, M\u00e4dchen, Erwachsene und Bildung - EasyLifeBro","isPartOf":{"@id":"https:\/\/easyliferobo.com\/de\/#website"},"primaryImageOfPage":{"@id":"https:\/\/easyliferobo.com\/de\/product\/ki-roboter-intelligente-programmierbare-version-interaktives-lernen-sprachsteuerung-bewegungssensoren-lernspass-bietet-ansprechende-lernaktivitaeten-fuer-kinder-maedchen-erwachsene-u\/#primaryimage"},"image":{"@id":"https:\/\/easyliferobo.com\/de\/product\/ki-roboter-intelligente-programmierbare-version-interaktives-lernen-sprachsteuerung-bewegungssensoren-lernspass-bietet-ansprechende-lernaktivitaeten-fuer-kinder-maedchen-erwachsene-u\/#primaryimage"},"thumbnailUrl":"https:\/\/easyliferobo.com\/de\/wp-content\/uploads\/2026\/02\/71-28TaI8L._AC_SL1500_.jpg","datePublished":"2026-02-22T10:43:50+00:00","dateModified":"2026-02-22T23:35:39+00:00","description":"Entdecken Sie smarte Roboter f\u00fcr Zuhause, Garten, Bildung und Sicherheit. Vergleichen Sie Saugroboter, Rasenm\u00e4hroboter, KI-Begleitroboter und mehr bei EasyLifeRobo.","breadcrumb":{"@id":"https:\/\/easyliferobo.com\/de\/product\/ki-roboter-intelligente-programmierbare-version-interaktives-lernen-sprachsteuerung-bewegungssensoren-lernspass-bietet-ansprechende-lernaktivitaeten-fuer-kinder-maedchen-erwachsene-u\/#breadcrumb"},"inLanguage":"de","potentialAction":[{"@type":"ReadAction","target":["https:\/\/easyliferobo.com\/de\/product\/ki-roboter-intelligente-programmierbare-version-interaktives-lernen-sprachsteuerung-bewegungssensoren-lernspass-bietet-ansprechende-lernaktivitaeten-fuer-kinder-maedchen-erwachsene-u\/"]}]},{"@type":"ImageObject","inLanguage":"de","@id":"https:\/\/easyliferobo.com\/de\/product\/ki-roboter-intelligente-programmierbare-version-interaktives-lernen-sprachsteuerung-bewegungssensoren-lernspass-bietet-ansprechende-lernaktivitaeten-fuer-kinder-maedchen-erwachsene-u\/#primaryimage","url":"https:\/\/easyliferobo.com\/de\/wp-content\/uploads\/2026\/02\/71-28TaI8L._AC_SL1500_.jpg","contentUrl":"https:\/\/easyliferobo.com\/de\/wp-content\/uploads\/2026\/02\/71-28TaI8L._AC_SL1500_.jpg","width":1500,"height":1443},{"@type":"BreadcrumbList","@id":"https:\/\/easyliferobo.com\/de\/product\/ki-roboter-intelligente-programmierbare-version-interaktives-lernen-sprachsteuerung-bewegungssensoren-lernspass-bietet-ansprechende-lernaktivitaeten-fuer-kinder-maedchen-erwachsene-u\/#breadcrumb","itemListElement":[{"@type":"ListItem","position":1,"name":"Home","item":"https:\/\/easyliferobo.com\/de\/"},{"@type":"ListItem","position":2,"name":"Shop","item":"https:\/\/easyliferobo.com\/de\/shop\/"},{"@type":"ListItem","position":3,"name":"KI-Roboter \u2013 Intelligente program..."}]},{"@type":"WebSite","@id":"https:\/\/easyliferobo.com\/de\/#website","url":"https:\/\/easyliferobo.com\/de\/","name":"EasyLifeBro","description":"Smarte Roboter f\u00fcr Zuhause, Garten &amp; Bildung","publisher":{"@id":"https:\/\/easyliferobo.com\/de\/#organization"},"potentialAction":[{"@type":"SearchAction","target":{"@type":"EntryPoint","urlTemplate":"https:\/\/easyliferobo.com\/de\/?s={search_term_string}"},"query-input":{"@type":"PropertyValueSpecification","valueRequired":true,"valueName":"search_term_string"}}],"inLanguage":"de"},{"@type":"Organization","@id":"https:\/\/easyliferobo.com\/de\/#organization","name":"EasyLifeBro","url":"https:\/\/easyliferobo.com\/de\/","logo":{"@type":"ImageObject","inLanguage":"de","@id":"https:\/\/easyliferobo.com\/de\/#\/schema\/logo\/image\/","url":"https:\/\/easyliferobo.com\/de\/wp-content\/uploads\/2026\/02\/Screenshot-2026-02-22-at-2.25.03-PM.png","contentUrl":"https:\/\/easyliferobo.com\/de\/wp-content\/uploads\/2026\/02\/Screenshot-2026-02-22-at-2.25.03-PM.png","width":1858,"height":430,"caption":"EasyLifeBro"},"image":{"@id":"https:\/\/easyliferobo.com\/de\/#\/schema\/logo\/image\/"}}]}},"_links":{"self":[{"href":"https:\/\/easyliferobo.com\/de\/wp-json\/wp\/v2\/product\/875","targetHints":{"allow":["GET"]}}],"collection":[{"href":"https:\/\/easyliferobo.com\/de\/wp-json\/wp\/v2\/product"}],"about":[{"href":"https:\/\/easyliferobo.com\/de\/wp-json\/wp\/v2\/types\/product"}],"replies":[{"embeddable":true,"href":"https:\/\/easyliferobo.com\/de\/wp-json\/wp\/v2\/comments?post=875"}],"wp:featuredmedia":[{"embeddable":true,"href":"https:\/\/easyliferobo.com\/de\/wp-json\/wp\/v2\/media\/876"}],"wp:attachment":[{"href":"https:\/\/easyliferobo.com\/de\/wp-json\/wp\/v2\/media?parent=875"}],"wp:term":[{"taxonomy":"store","embeddable":true,"href":"https:\/\/easyliferobo.com\/de\/wp-json\/wp\/v2\/store?post=875"},{"taxonomy":"product_brand","embeddable":true,"href":"https:\/\/easyliferobo.com\/de\/wp-json\/wp\/v2\/product_brand?post=875"},{"taxonomy":"product_cat","embeddable":true,"href":"https:\/\/easyliferobo.com\/de\/wp-json\/wp\/v2\/product_cat?post=875"},{"taxonomy":"product_tag","embeddable":true,"href":"https:\/\/easyliferobo.com\/de\/wp-json\/wp\/v2\/product_tag?post=875"}],"curies":[{"name":"wp","href":"https:\/\/api.w.org\/{rel}","templated":true}]}}