
{"id":865,"date":"2026-02-22T10:40:55","date_gmt":"2026-02-22T10:40:55","guid":{"rendered":"https:\/\/easyliferobo.com\/de\/product\/eufy-roboterstaubsauger-mit-wischfunktion-c28-hydrojet-reinigungsmopprolle-15-000-pa-turbo-saugleistung-5-in-1-omni-station-anti-tangle-buerste-ki-hinderniserkennung\/"},"modified":"2026-02-22T23:35:39","modified_gmt":"2026-02-22T23:35:39","slug":"eufy-roboterstaubsauger-mit-wischfunktion-c28-hydrojet-reinigungsmopprolle-15-000-pa-turbo-saugleistung-5-in-1-omni-station-anti-tangle-buerste-ki-hinderniserkennung","status":"publish","type":"product","link":"https:\/\/easyliferobo.com\/de\/product\/eufy-roboterstaubsauger-mit-wischfunktion-c28-hydrojet-reinigungsmopprolle-15-000-pa-turbo-saugleistung-5-in-1-omni-station-anti-tangle-buerste-ki-hinderniserkennung\/","title":{"rendered":"eufy Roboterstaubsauger mit Wischfu..."},"content":{"rendered":"<p>\n                                             Produktbeschreibung Das Video zeigt das Produkt im Einsatz. Das Video f\u00fchrt Sie durch die Produkteinrichtung. Das Video vergleicht mehrere Produkte. Das Video zeigt das Auspacken des Produkts. C28 KV-Video H\u00e4ndlervideo<\/p>\n<p>                                                                                                       <img decoding=\"async\" alt=\"Technisches Produktdiagramm, das die Montage- oder Installationsschritte f\u00fcr ein Ger\u00e4t zeigt, mit mehreren detaillierten Anleitungsbildern.\" src=\"https:\/\/images-na.ssl-images-amazon.com\/images\/G\/01\/x-locale\/common\/grey-pixel.gif\" class=\"a-lazy-loaded\" data-src=\"https:\/\/m.media-amazon.com\/images\/S\/aplus-media-library-service-media\/0ffc8211-e7bb-42c8-942d-510c7d0f9d6b.__CR0,0,2196,900_PT0_SX1464_V1___.png\"><img decoding=\"async\" alt=\"Technisches Produktdiagramm, das die Montage- oder Installationsschritte f\u00fcr ein Ger\u00e4t zeigt, mit mehreren detaillierten Anleitungsbildern.\" src=\"https:\/\/m.media-amazon.com\/images\/S\/aplus-media-library-service-media\/0ffc8211-e7bb-42c8-942d-510c7d0f9d6b.__CR0,0,2196,900_PT0_SX1464_V1___.png\">                                               <\/p>\n<p>                                                                                                                    <img decoding=\"async\" alt=\"Eine Reihe technischer Produktfotos, die einen Scheinwerfer oder ein Fahrzeugbeleuchtungssystem mit mehreren Blickwinkeln und Detailaufnahmen zeigen, sind auf dem Display montiert.\" src=\"https:\/\/m.media-amazon.com\/images\/S\/aplus-media-library-service-media\/4c0e0c6e-90da-40e9-b408-8815f34c99a9.__CR0,0,1464,600_PT0_SX1464_V1___.png\">                                                    <img decoding=\"async\" alt=\"Der Text lautet \u201eSelbstreinigung mit\u201c. Produktdemonstrationsbilder zeigen ein Reinigungswerkzeug mit B\u00fcrstenaufsatz, das auf verschiedenen Oberfl\u00e4chen funktioniert, mit deutscher Textanleitung.\" src=\"https:\/\/m.media-amazon.com\/images\/S\/aplus-media-library-service-media\/34aff9cc-5a8b-41e6-b1f7-6eb243fefc31.__CR0,0,1464,600_PT0_SX1464_V1___.png\">                                                    <img decoding=\"async\" alt=\"Der Text lautet \u201ePerfekte Bodenpflege, revolution\u00e4re Reinigungstechnologie\u201c. Zeitplan f\u00fcr die Produktentwicklung oder Prozessdiagramm mit verschiedenen Phasen mit Symbolen und Informationstafeln.\" src=\"https:\/\/m.media-amazon.com\/images\/S\/aplus-media-library-service-media\/b238bba4-2169-403a-93eb-36df102fa8bf.__CR0,0,1464,600_PT0_SX1464_V1___.png\">                                                    <img decoding=\"async\" alt=\"Aplus-Inhaltsbild\" src=\"https:\/\/m.media-amazon.com\/images\/S\/aplus-media-library-service-media\/e0ac9f99-4972-4fe3-a2f4-a0e5baae8aa7.__CR0,0,1464,600_PT0_SX1464_V1___.png\">                                                    <img decoding=\"async\" alt=\"Der Text lautet \u201eBis in jeden Winkel\u201c. Produktfoto in Nahaufnahme, das einen wei\u00dfen Roboterstaubsauger zeigt, bei dem Sensoren und B\u00fcrsten vor hellem Hintergrund sichtbar sind.\" src=\"https:\/\/m.media-amazon.com\/images\/S\/aplus-media-library-service-media\/f4156777-87a2-4071-a788-dce34360cb92.__CR0,0,1464,600_PT0_SX1464_V1___.png\"><br \/>\n                            1 Makellose Sauberkeit 2 Un\u00fcbertroffene Effizienz 3 Starke Reinigungsleistung 4 Nahtlose Reinigung 5 Makellose Abdeckung <\/p>\n<p>                                                                                                                  <img decoding=\"async\" alt=\"Der Text lautet \u201e15.000 Pa konstante Reinigungsleistung\u201c. Produktwerbung mit technischen Daten von Staubsauger- oder Reinigungsger\u00e4ten mit Vorf\u00fchrung auf mehreren Panels.\" src=\"https:\/\/m.media-amazon.com\/images\/S\/aplus-media-library-service-media\/6da2e7fc-adfc-42a6-8a40-17e82abeee70.__CR0,0,1464,600_PT0_SX1464_V1___.png\">                                                    <img decoding=\"async\" alt=\"Aplus-Inhaltsbild\" src=\"https:\/\/m.media-amazon.com\/images\/S\/aplus-media-library-service-media\/2c275212-a990-417e-885d-787575171298.__CR0,0,1464,600_PT0_SX1464_V1___.png\">                                                    <img decoding=\"async\" alt=\"Aplus-Inhaltsbild\" src=\"https:\/\/m.media-amazon.com\/images\/S\/aplus-media-library-service-media\/15dfa001-ba8e-4dfa-acc0-d7d4a3e27d94.__CR0,0,1464,600_PT0_SX1464_V1___.png\">                                                    <img decoding=\"async\" alt=\"Aplus-Inhaltsbild\" src=\"https:\/\/m.media-amazon.com\/images\/S\/aplus-media-library-service-media\/e9c5cfc8-a4e2-48ba-aae5-05e54d137eb7.__CR0,0,1464,600_PT0_SX1464_V1___.png\"><br \/>\n                            1 15.000Pa Saugleistung 2 Gr\u00fcne Reinigung 3 DuoSpiral &#8211; B\u00fcrste 4 Ideal f\u00fcr Haustierliebhaber <\/p>\n<p>                                                                                                                  <img decoding=\"async\" alt=\"Aplus-Inhaltsbild\" src=\"https:\/\/m.media-amazon.com\/images\/S\/aplus-media-library-service-media\/21708cf2-064c-4dbf-9b05-b503973cb394.__CR0,0,1464,600_PT0_SX1464_V1___.png\">                                                    <img decoding=\"async\" alt=\"Der Text lautet \u201eAutomatische Staubentfernung\u201c. Moderner Roboterstaubsauger, dargestellt in einer Wohnzimmerumgebung mit Schnittstellendisplay und Ladestation.\" src=\"https:\/\/m.media-amazon.com\/images\/S\/aplus-media-library-service-media\/55bb7b6a-890d-413e-9a90-1b6fe29f5893.__CR0,0,1464,600_PT0_SX1464_V1___.png\">                                                    <img decoding=\"async\" alt=\"Der Text lautet \u201eBis zu 50\u00b0C\u201c, \u201eSelbststreinige Wischrolle\u201c, \u201eHei\u00dfluft-Selbsttrocknung\u201c. Mehrere Produktansichten zeigen technische Merkmale mit blauen Lichteffekten.\" src=\"https:\/\/m.media-amazon.com\/images\/S\/aplus-media-library-service-media\/8cc8bf30-97ed-4eba-882f-be1a2b1d1dca.__CR0,0,1464,600_PT0_SX1464_V1___.png\">                                                    <img decoding=\"async\" alt=\"Aplus-Inhaltsbild\" src=\"https:\/\/m.media-amazon.com\/images\/S\/aplus-media-library-service-media\/bccd6b8f-caa7-4f78-b10b-c752c03de913.__CR0,0,1464,600_PT0_SX1464_V1___.png\"><br \/>\n                            1 All-in-One-Station, 2 automatische Staubabsaugung, 3 selbstreinigend, 4 automatischer Betrieb <\/p>\n<p>                                                                                                                  <img decoding=\"async\" alt=\"Aplus-Inhaltsbild\" src=\"https:\/\/m.media-amazon.com\/images\/S\/aplus-media-library-service-media\/5aae3aae-78ee-4be7-943f-509a0edb7ae9.__CR0,0,2196,900_PT0_SX1464_V1___.png\">                                                    <img decoding=\"async\" alt=\"Mehrere Bilder von weichen Gel-Einlegesohlen oder Schuhkissen aus transparentem Material mit blauen Akzenten, die verschiedene Winkel und Platzierungen zeigen.\" src=\"https:\/\/m.media-amazon.com\/images\/S\/aplus-media-library-service-media\/068a7850-6387-4272-b9c5-c6627dce4588.__CR0,0,1464,600_PT0_SX1464_V1___.png\">                                                    <img decoding=\"async\" alt=\"Der Text lautete \u201eMakelloses B\u00f6den, selbst bei schlechten Lichtverh\u00e4ltnissen\u201c. Dunkler Innenraum mit Vorf\u00fchrung der Bodenreinigung mit Lichteffekten.\" src=\"https:\/\/m.media-amazon.com\/images\/S\/aplus-media-library-service-media\/4358733f-7198-4631-9f7d-6227cb195538.__CR0,0,1464,600_PT0_SX1464_V1___.png\">                                                    <img decoding=\"async\" alt=\"Der Text lautet \u201eDeine Privatsph\u00e4re. Unsere Priorit\u00e4t.\u201c Dunkler technologischer Hintergrund mit geometrischen blauen Formen und Linien, die auf ein digitales Sicherheits- oder Datenschutzkonzept hinweisen.\" src=\"https:\/\/m.media-amazon.com\/images\/S\/aplus-media-library-service-media\/98ebe8f6-32b4-49ee-986d-8d3ed1cd14df.__CR0,0,1464,600_PT0_SX1464_V1___.png\"><br \/>\n                            1 Pr\u00e4zise Navigation 2 Smarte Hindererkennung 3 Sauber im Dunkeln 4 Privat ist privat <\/p>\n<p>                                                                                                                    <img decoding=\"async\" alt=\"Der Text lautet \u201eSauberkeit auf Knopfdruck\u201c. Auf den Bildschirmen der mobilen App werden Funktionen und Reinigungsmuster des Roboter-Staubsaugers in der h\u00e4uslichen Umgebung angezeigt.\" src=\"https:\/\/m.media-amazon.com\/images\/S\/aplus-media-library-service-media\/a918209f-e84a-414e-bcb4-8e7b85896c2e.__CR0,0,1464,600_PT0_SX1464_V1___.png\">                                                    <img decoding=\"async\" alt=\"Der Text lautet \u201eDein Zuhause, Dein Reinigungsplan\u201c. Mehrere Screenshots einer mobilen App-Oberfl\u00e4che, die Zeitpl\u00e4ne und Steuerungen f\u00fcr das Staubsaugen von Robotern zeigen.\" src=\"https:\/\/m.media-amazon.com\/images\/S\/aplus-media-library-service-media\/d65e5c70-59d1-433a-b330-269487b391c3.__CR0,0,1464,600_PT0_SX1464_V1___.png\">                                                    <img decoding=\"async\" alt=\"Roboterstaubsauger in h\u00e4uslicher Umgebung mit Screenshots der mobilen App-Oberfl\u00e4che, die Steueroptionen zeigen.\" src=\"https:\/\/m.media-amazon.com\/images\/S\/aplus-media-library-service-media\/5eceff4e-a9a5-441c-9da2-d321b829b45f.__CR0,0,1464,600_PT0_SX1464_V1___.png\">                                                    <img decoding=\"async\" alt=\"Aplus-Inhaltsbild\" src=\"https:\/\/m.media-amazon.com\/images\/S\/aplus-media-library-service-media\/95da33c0-5cc4-4edd-b04d-320f59a64bea.__CR0,0,1464,600_PT0_SX1464_V1___.png\">                                                    <img decoding=\"async\" alt=\"Der Text lautet \u201eLieferumfang\u201c. Technisches Produktdiagramm mit mehreren Komponenten und Zubeh\u00f6rteilen mit deutschen Textetiketten.\" src=\"https:\/\/m.media-amazon.com\/images\/S\/aplus-media-library-service-media\/7aeea093-fc7e-4657-9260-fa897691602d.__CR0,0,1464,600_PT0_SX1464_V1___.png\"><br \/>\n                            1 Smarte App 2 Flexible Reinigungsmodi 3 Sprachsteuerung 4 Weitere Features 5 Lieferumfang <\/p>\n<p>eufy C28 Roboterstaubsauger mit Wischfunktion, 5-in-1-Omni-Station, automatische Entleerung, 10000 Pa, Autowasch- und Trocknungsfunktion, aktive Hindernisvermeidung<\/p>\n<p>[ad_2]<\/p>\n","protected":false},"excerpt":{"rendered":"<p>Produktbeschreibung Das Video zeigt das Produkt im Einsatz. Das Video f\u00fchrt Sie durch die Produkteinrichtung. Das Video vergleicht mehrere Produkte. Das Video zeigt das Auspacken des Produkts. C28 KV-Video H\u00e4ndlervideo 1 Makellose Sauberkeit 2 Un\u00fcbertroffene Effizienz 3 Starke Reinigungsleistung 4 Nahtlose Reinigung 5 Makellose Abdeckung 1 15.000Pa Saugleistung 2 Gr\u00fcne Reinigung 3 DuoSpiral &#8211; B\u00fcrste [&hellip;]<\/p>\n","protected":false},"featured_media":866,"comment_status":"open","ping_status":"closed","template":"","meta":{"_aipt_faq_data":""},"store":[],"product_brand":[185],"product_cat":[113],"product_tag":[208],"class_list":{"0":"post-865","1":"product","2":"type-product","3":"status-publish","4":"has-post-thumbnail","6":"product_brand-eufy","7":"product_cat-ueberwachungsroboter","8":"product_tag-mobile-ueberwachungsroboter-fuer-innenraeume","10":"first","11":"instock","12":"sale","13":"shipping-taxable","14":"product-type-external"},"yoast_head":"<!-- This site is optimized with the Yoast SEO plugin v27.4 - https:\/\/yoast.com\/product\/yoast-seo-wordpress\/ -->\n<title>eufy Roboterstaubsauger mit Wischfunktion C28, HydroJet-Reinigungsmopprolle, 15.000 Pa Turbo-Saugleistung, 5-in-1-Omni-Station, Anti-Tangle-B\u00fcrste, KI-Hinderniserkennung - EasyLifeBro<\/title>\n<meta name=\"description\" content=\"Entdecken Sie smarte Roboter f\u00fcr Zuhause, Garten, Bildung und Sicherheit. Vergleichen Sie Saugroboter, Rasenm\u00e4hroboter, KI-Begleitroboter und mehr bei EasyLifeRobo.\" \/>\n<meta name=\"robots\" content=\"index, follow, max-snippet:-1, max-image-preview:large, max-video-preview:-1\" \/>\n<link rel=\"canonical\" href=\"https:\/\/easyliferobo.com\/de\/product\/eufy-roboterstaubsauger-mit-wischfunktion-c28-hydrojet-reinigungsmopprolle-15-000-pa-turbo-saugleistung-5-in-1-omni-station-anti-tangle-buerste-ki-hinderniserkennung\/\" \/>\n<meta property=\"og:locale\" content=\"de_DE\" \/>\n<meta property=\"og:type\" content=\"article\" \/>\n<meta property=\"og:title\" content=\"eufy Roboterstaubsauger mit Wischfunktion C28, HydroJet-Reinigungsmopprolle, 15.000 Pa Turbo-Saugleistung, 5-in-1-Omni-Station, Anti-Tangle-B\u00fcrste, KI-Hinderniserkennung - EasyLifeBro\" \/>\n<meta property=\"og:description\" content=\"Entdecken Sie smarte Roboter f\u00fcr Zuhause, Garten, Bildung und Sicherheit. Vergleichen Sie Saugroboter, Rasenm\u00e4hroboter, KI-Begleitroboter und mehr bei EasyLifeRobo.\" \/>\n<meta property=\"og:url\" content=\"https:\/\/easyliferobo.com\/de\/product\/eufy-roboterstaubsauger-mit-wischfunktion-c28-hydrojet-reinigungsmopprolle-15-000-pa-turbo-saugleistung-5-in-1-omni-station-anti-tangle-buerste-ki-hinderniserkennung\/\" \/>\n<meta property=\"og:site_name\" content=\"EasyLifeBro\" \/>\n<meta property=\"article:modified_time\" content=\"2026-02-22T23:35:39+00:00\" \/>\n<meta property=\"og:image\" content=\"https:\/\/easyliferobo.com\/de\/wp-content\/uploads\/2026\/02\/618hWGiEL._AC_SL1500_.jpg\" \/>\n\t<meta property=\"og:image:width\" content=\"1189\" \/>\n\t<meta property=\"og:image:height\" content=\"1283\" \/>\n\t<meta property=\"og:image:type\" content=\"image\/jpeg\" \/>\n<meta name=\"twitter:card\" content=\"summary_large_image\" \/>\n<script type=\"application\/ld+json\" class=\"yoast-schema-graph\">{\"@context\":\"https:\\\/\\\/schema.org\",\"@graph\":[{\"@type\":\"WebPage\",\"@id\":\"https:\\\/\\\/easyliferobo.com\\\/de\\\/product\\\/eufy-roboterstaubsauger-mit-wischfunktion-c28-hydrojet-reinigungsmopprolle-15-000-pa-turbo-saugleistung-5-in-1-omni-station-anti-tangle-buerste-ki-hinderniserkennung\\\/\",\"url\":\"https:\\\/\\\/easyliferobo.com\\\/de\\\/product\\\/eufy-roboterstaubsauger-mit-wischfunktion-c28-hydrojet-reinigungsmopprolle-15-000-pa-turbo-saugleistung-5-in-1-omni-station-anti-tangle-buerste-ki-hinderniserkennung\\\/\",\"name\":\"eufy Roboterstaubsauger mit Wischfunktion C28, HydroJet-Reinigungsmopprolle, 15.000 Pa Turbo-Saugleistung, 5-in-1-Omni-Station, Anti-Tangle-B\u00fcrste, KI-Hinderniserkennung - EasyLifeBro\",\"isPartOf\":{\"@id\":\"https:\\\/\\\/easyliferobo.com\\\/de\\\/#website\"},\"primaryImageOfPage\":{\"@id\":\"https:\\\/\\\/easyliferobo.com\\\/de\\\/product\\\/eufy-roboterstaubsauger-mit-wischfunktion-c28-hydrojet-reinigungsmopprolle-15-000-pa-turbo-saugleistung-5-in-1-omni-station-anti-tangle-buerste-ki-hinderniserkennung\\\/#primaryimage\"},\"image\":{\"@id\":\"https:\\\/\\\/easyliferobo.com\\\/de\\\/product\\\/eufy-roboterstaubsauger-mit-wischfunktion-c28-hydrojet-reinigungsmopprolle-15-000-pa-turbo-saugleistung-5-in-1-omni-station-anti-tangle-buerste-ki-hinderniserkennung\\\/#primaryimage\"},\"thumbnailUrl\":\"https:\\\/\\\/easyliferobo.com\\\/de\\\/wp-content\\\/uploads\\\/2026\\\/02\\\/618hWGiEL._AC_SL1500_.jpg\",\"datePublished\":\"2026-02-22T10:40:55+00:00\",\"dateModified\":\"2026-02-22T23:35:39+00:00\",\"description\":\"Entdecken Sie smarte Roboter f\u00fcr Zuhause, Garten, Bildung und Sicherheit. Vergleichen Sie Saugroboter, Rasenm\u00e4hroboter, KI-Begleitroboter und mehr bei EasyLifeRobo.\",\"breadcrumb\":{\"@id\":\"https:\\\/\\\/easyliferobo.com\\\/de\\\/product\\\/eufy-roboterstaubsauger-mit-wischfunktion-c28-hydrojet-reinigungsmopprolle-15-000-pa-turbo-saugleistung-5-in-1-omni-station-anti-tangle-buerste-ki-hinderniserkennung\\\/#breadcrumb\"},\"inLanguage\":\"de\",\"potentialAction\":[{\"@type\":\"ReadAction\",\"target\":[\"https:\\\/\\\/easyliferobo.com\\\/de\\\/product\\\/eufy-roboterstaubsauger-mit-wischfunktion-c28-hydrojet-reinigungsmopprolle-15-000-pa-turbo-saugleistung-5-in-1-omni-station-anti-tangle-buerste-ki-hinderniserkennung\\\/\"]}]},{\"@type\":\"ImageObject\",\"inLanguage\":\"de\",\"@id\":\"https:\\\/\\\/easyliferobo.com\\\/de\\\/product\\\/eufy-roboterstaubsauger-mit-wischfunktion-c28-hydrojet-reinigungsmopprolle-15-000-pa-turbo-saugleistung-5-in-1-omni-station-anti-tangle-buerste-ki-hinderniserkennung\\\/#primaryimage\",\"url\":\"https:\\\/\\\/easyliferobo.com\\\/de\\\/wp-content\\\/uploads\\\/2026\\\/02\\\/618hWGiEL._AC_SL1500_.jpg\",\"contentUrl\":\"https:\\\/\\\/easyliferobo.com\\\/de\\\/wp-content\\\/uploads\\\/2026\\\/02\\\/618hWGiEL._AC_SL1500_.jpg\",\"width\":1189,\"height\":1283},{\"@type\":\"BreadcrumbList\",\"@id\":\"https:\\\/\\\/easyliferobo.com\\\/de\\\/product\\\/eufy-roboterstaubsauger-mit-wischfunktion-c28-hydrojet-reinigungsmopprolle-15-000-pa-turbo-saugleistung-5-in-1-omni-station-anti-tangle-buerste-ki-hinderniserkennung\\\/#breadcrumb\",\"itemListElement\":[{\"@type\":\"ListItem\",\"position\":1,\"name\":\"Home\",\"item\":\"https:\\\/\\\/easyliferobo.com\\\/de\\\/\"},{\"@type\":\"ListItem\",\"position\":2,\"name\":\"Shop\",\"item\":\"https:\\\/\\\/easyliferobo.com\\\/de\\\/shop\\\/\"},{\"@type\":\"ListItem\",\"position\":3,\"name\":\"eufy Roboterstaubsauger mit Wischfu...\"}]},{\"@type\":\"WebSite\",\"@id\":\"https:\\\/\\\/easyliferobo.com\\\/de\\\/#website\",\"url\":\"https:\\\/\\\/easyliferobo.com\\\/de\\\/\",\"name\":\"EasyLifeBro\",\"description\":\"Smarte Roboter f\u00fcr Zuhause, Garten &amp; Bildung\",\"publisher\":{\"@id\":\"https:\\\/\\\/easyliferobo.com\\\/de\\\/#organization\"},\"potentialAction\":[{\"@type\":\"SearchAction\",\"target\":{\"@type\":\"EntryPoint\",\"urlTemplate\":\"https:\\\/\\\/easyliferobo.com\\\/de\\\/?s={search_term_string}\"},\"query-input\":{\"@type\":\"PropertyValueSpecification\",\"valueRequired\":true,\"valueName\":\"search_term_string\"}}],\"inLanguage\":\"de\"},{\"@type\":\"Organization\",\"@id\":\"https:\\\/\\\/easyliferobo.com\\\/de\\\/#organization\",\"name\":\"EasyLifeBro\",\"url\":\"https:\\\/\\\/easyliferobo.com\\\/de\\\/\",\"logo\":{\"@type\":\"ImageObject\",\"inLanguage\":\"de\",\"@id\":\"https:\\\/\\\/easyliferobo.com\\\/de\\\/#\\\/schema\\\/logo\\\/image\\\/\",\"url\":\"https:\\\/\\\/easyliferobo.com\\\/de\\\/wp-content\\\/uploads\\\/2026\\\/02\\\/Screenshot-2026-02-22-at-2.25.03-PM.png\",\"contentUrl\":\"https:\\\/\\\/easyliferobo.com\\\/de\\\/wp-content\\\/uploads\\\/2026\\\/02\\\/Screenshot-2026-02-22-at-2.25.03-PM.png\",\"width\":1858,\"height\":430,\"caption\":\"EasyLifeBro\"},\"image\":{\"@id\":\"https:\\\/\\\/easyliferobo.com\\\/de\\\/#\\\/schema\\\/logo\\\/image\\\/\"}}]}<\/script>\n<!-- \/ Yoast SEO plugin. -->","yoast_head_json":{"title":"eufy Roboterstaubsauger mit Wischfunktion C28, HydroJet-Reinigungsmopprolle, 15.000 Pa Turbo-Saugleistung, 5-in-1-Omni-Station, Anti-Tangle-B\u00fcrste, KI-Hinderniserkennung - EasyLifeBro","description":"Entdecken Sie smarte Roboter f\u00fcr Zuhause, Garten, Bildung und Sicherheit. Vergleichen Sie Saugroboter, Rasenm\u00e4hroboter, KI-Begleitroboter und mehr bei EasyLifeRobo.","robots":{"index":"index","follow":"follow","max-snippet":"max-snippet:-1","max-image-preview":"max-image-preview:large","max-video-preview":"max-video-preview:-1"},"canonical":"https:\/\/easyliferobo.com\/de\/product\/eufy-roboterstaubsauger-mit-wischfunktion-c28-hydrojet-reinigungsmopprolle-15-000-pa-turbo-saugleistung-5-in-1-omni-station-anti-tangle-buerste-ki-hinderniserkennung\/","og_locale":"de_DE","og_type":"article","og_title":"eufy Roboterstaubsauger mit Wischfunktion C28, HydroJet-Reinigungsmopprolle, 15.000 Pa Turbo-Saugleistung, 5-in-1-Omni-Station, Anti-Tangle-B\u00fcrste, KI-Hinderniserkennung - EasyLifeBro","og_description":"Entdecken Sie smarte Roboter f\u00fcr Zuhause, Garten, Bildung und Sicherheit. Vergleichen Sie Saugroboter, Rasenm\u00e4hroboter, KI-Begleitroboter und mehr bei EasyLifeRobo.","og_url":"https:\/\/easyliferobo.com\/de\/product\/eufy-roboterstaubsauger-mit-wischfunktion-c28-hydrojet-reinigungsmopprolle-15-000-pa-turbo-saugleistung-5-in-1-omni-station-anti-tangle-buerste-ki-hinderniserkennung\/","og_site_name":"EasyLifeBro","article_modified_time":"2026-02-22T23:35:39+00:00","og_image":[{"width":1189,"height":1283,"url":"https:\/\/easyliferobo.com\/de\/wp-content\/uploads\/2026\/02\/618hWGiEL._AC_SL1500_.jpg","type":"image\/jpeg"}],"twitter_card":"summary_large_image","schema":{"@context":"https:\/\/schema.org","@graph":[{"@type":"WebPage","@id":"https:\/\/easyliferobo.com\/de\/product\/eufy-roboterstaubsauger-mit-wischfunktion-c28-hydrojet-reinigungsmopprolle-15-000-pa-turbo-saugleistung-5-in-1-omni-station-anti-tangle-buerste-ki-hinderniserkennung\/","url":"https:\/\/easyliferobo.com\/de\/product\/eufy-roboterstaubsauger-mit-wischfunktion-c28-hydrojet-reinigungsmopprolle-15-000-pa-turbo-saugleistung-5-in-1-omni-station-anti-tangle-buerste-ki-hinderniserkennung\/","name":"eufy Roboterstaubsauger mit Wischfunktion C28, HydroJet-Reinigungsmopprolle, 15.000 Pa Turbo-Saugleistung, 5-in-1-Omni-Station, Anti-Tangle-B\u00fcrste, KI-Hinderniserkennung - EasyLifeBro","isPartOf":{"@id":"https:\/\/easyliferobo.com\/de\/#website"},"primaryImageOfPage":{"@id":"https:\/\/easyliferobo.com\/de\/product\/eufy-roboterstaubsauger-mit-wischfunktion-c28-hydrojet-reinigungsmopprolle-15-000-pa-turbo-saugleistung-5-in-1-omni-station-anti-tangle-buerste-ki-hinderniserkennung\/#primaryimage"},"image":{"@id":"https:\/\/easyliferobo.com\/de\/product\/eufy-roboterstaubsauger-mit-wischfunktion-c28-hydrojet-reinigungsmopprolle-15-000-pa-turbo-saugleistung-5-in-1-omni-station-anti-tangle-buerste-ki-hinderniserkennung\/#primaryimage"},"thumbnailUrl":"https:\/\/easyliferobo.com\/de\/wp-content\/uploads\/2026\/02\/618hWGiEL._AC_SL1500_.jpg","datePublished":"2026-02-22T10:40:55+00:00","dateModified":"2026-02-22T23:35:39+00:00","description":"Entdecken Sie smarte Roboter f\u00fcr Zuhause, Garten, Bildung und Sicherheit. Vergleichen Sie Saugroboter, Rasenm\u00e4hroboter, KI-Begleitroboter und mehr bei EasyLifeRobo.","breadcrumb":{"@id":"https:\/\/easyliferobo.com\/de\/product\/eufy-roboterstaubsauger-mit-wischfunktion-c28-hydrojet-reinigungsmopprolle-15-000-pa-turbo-saugleistung-5-in-1-omni-station-anti-tangle-buerste-ki-hinderniserkennung\/#breadcrumb"},"inLanguage":"de","potentialAction":[{"@type":"ReadAction","target":["https:\/\/easyliferobo.com\/de\/product\/eufy-roboterstaubsauger-mit-wischfunktion-c28-hydrojet-reinigungsmopprolle-15-000-pa-turbo-saugleistung-5-in-1-omni-station-anti-tangle-buerste-ki-hinderniserkennung\/"]}]},{"@type":"ImageObject","inLanguage":"de","@id":"https:\/\/easyliferobo.com\/de\/product\/eufy-roboterstaubsauger-mit-wischfunktion-c28-hydrojet-reinigungsmopprolle-15-000-pa-turbo-saugleistung-5-in-1-omni-station-anti-tangle-buerste-ki-hinderniserkennung\/#primaryimage","url":"https:\/\/easyliferobo.com\/de\/wp-content\/uploads\/2026\/02\/618hWGiEL._AC_SL1500_.jpg","contentUrl":"https:\/\/easyliferobo.com\/de\/wp-content\/uploads\/2026\/02\/618hWGiEL._AC_SL1500_.jpg","width":1189,"height":1283},{"@type":"BreadcrumbList","@id":"https:\/\/easyliferobo.com\/de\/product\/eufy-roboterstaubsauger-mit-wischfunktion-c28-hydrojet-reinigungsmopprolle-15-000-pa-turbo-saugleistung-5-in-1-omni-station-anti-tangle-buerste-ki-hinderniserkennung\/#breadcrumb","itemListElement":[{"@type":"ListItem","position":1,"name":"Home","item":"https:\/\/easyliferobo.com\/de\/"},{"@type":"ListItem","position":2,"name":"Shop","item":"https:\/\/easyliferobo.com\/de\/shop\/"},{"@type":"ListItem","position":3,"name":"eufy Roboterstaubsauger mit Wischfu..."}]},{"@type":"WebSite","@id":"https:\/\/easyliferobo.com\/de\/#website","url":"https:\/\/easyliferobo.com\/de\/","name":"EasyLifeBro","description":"Smarte Roboter f\u00fcr Zuhause, Garten &amp; Bildung","publisher":{"@id":"https:\/\/easyliferobo.com\/de\/#organization"},"potentialAction":[{"@type":"SearchAction","target":{"@type":"EntryPoint","urlTemplate":"https:\/\/easyliferobo.com\/de\/?s={search_term_string}"},"query-input":{"@type":"PropertyValueSpecification","valueRequired":true,"valueName":"search_term_string"}}],"inLanguage":"de"},{"@type":"Organization","@id":"https:\/\/easyliferobo.com\/de\/#organization","name":"EasyLifeBro","url":"https:\/\/easyliferobo.com\/de\/","logo":{"@type":"ImageObject","inLanguage":"de","@id":"https:\/\/easyliferobo.com\/de\/#\/schema\/logo\/image\/","url":"https:\/\/easyliferobo.com\/de\/wp-content\/uploads\/2026\/02\/Screenshot-2026-02-22-at-2.25.03-PM.png","contentUrl":"https:\/\/easyliferobo.com\/de\/wp-content\/uploads\/2026\/02\/Screenshot-2026-02-22-at-2.25.03-PM.png","width":1858,"height":430,"caption":"EasyLifeBro"},"image":{"@id":"https:\/\/easyliferobo.com\/de\/#\/schema\/logo\/image\/"}}]}},"_links":{"self":[{"href":"https:\/\/easyliferobo.com\/de\/wp-json\/wp\/v2\/product\/865","targetHints":{"allow":["GET"]}}],"collection":[{"href":"https:\/\/easyliferobo.com\/de\/wp-json\/wp\/v2\/product"}],"about":[{"href":"https:\/\/easyliferobo.com\/de\/wp-json\/wp\/v2\/types\/product"}],"replies":[{"embeddable":true,"href":"https:\/\/easyliferobo.com\/de\/wp-json\/wp\/v2\/comments?post=865"}],"wp:featuredmedia":[{"embeddable":true,"href":"https:\/\/easyliferobo.com\/de\/wp-json\/wp\/v2\/media\/866"}],"wp:attachment":[{"href":"https:\/\/easyliferobo.com\/de\/wp-json\/wp\/v2\/media?parent=865"}],"wp:term":[{"taxonomy":"store","embeddable":true,"href":"https:\/\/easyliferobo.com\/de\/wp-json\/wp\/v2\/store?post=865"},{"taxonomy":"product_brand","embeddable":true,"href":"https:\/\/easyliferobo.com\/de\/wp-json\/wp\/v2\/product_brand?post=865"},{"taxonomy":"product_cat","embeddable":true,"href":"https:\/\/easyliferobo.com\/de\/wp-json\/wp\/v2\/product_cat?post=865"},{"taxonomy":"product_tag","embeddable":true,"href":"https:\/\/easyliferobo.com\/de\/wp-json\/wp\/v2\/product_tag?post=865"}],"curies":[{"name":"wp","href":"https:\/\/api.w.org\/{rel}","templated":true}]}}