
{"id":854,"date":"2026-02-22T10:39:48","date_gmt":"2026-02-22T10:39:48","guid":{"rendered":"https:\/\/easyliferobo.com\/de\/product\/endoskopkamera-mit-licht-ennovor-1920-hd-endoskopkamera-mobiltelefon-mit-8-led-leuchten-kein-wlan-erforderlich-inspektionskamera-wasserdichte-ip67-kanalkamera-fuer-android-ios-tablet-164-ft-5\/"},"modified":"2026-02-22T10:40:20","modified_gmt":"2026-02-22T10:40:20","slug":"endoskopkamera-mit-licht-ennovor-1920-hd-endoskopkamera-mobiltelefon-mit-8-led-leuchten-kein-wlan-erforderlich-inspektionskamera-wasserdichte-ip67-kanalkamera-fuer-android-ios-tablet-164-ft-5","status":"publish","type":"product","link":"https:\/\/easyliferobo.com\/de\/product\/endoskopkamera-mit-licht-ennovor-1920-hd-endoskopkamera-mobiltelefon-mit-8-led-leuchten-kein-wlan-erforderlich-inspektionskamera-wasserdichte-ip67-kanalkamera-fuer-android-ios-tablet-164-ft-5\/","title":{"rendered":"Endoskopkamera mit Licht, Ennovor 1..."},"content":{"rendered":"<p>\n                                             Produktbeschreibung   <\/p>\n<p>                                                                                                       <img decoding=\"async\" alt=\"1920P HD-Endoskopkamera mit USB-Anschluss, LED-Leuchten und flexiblem Kabel. Die Produktspezifikationen werden mit Symbolen auf dunklem Hintergrund angezeigt\" src=\"https:\/\/images-na.ssl-images-amazon.com\/images\/G\/01\/x-locale\/common\/grey-pixel.gif\" class=\"a-lazy-loaded\" data-src=\"https:\/\/m.media-amazon.com\/images\/S\/aplus-media-library-service-media\/238c0e9d-9426-4904-a597-6ebb0c7a8677.__CR0,0,1464,600_PT0_SX1464_V1___.jpg\"><img decoding=\"async\" alt=\"1920P HD-Endoskopkamera mit USB-Anschluss, LED-Leuchten und flexiblem Kabel. Die Produktspezifikationen werden mit Symbolen auf dunklem Hintergrund angezeigt\" src=\"https:\/\/m.media-amazon.com\/images\/S\/aplus-media-library-service-media\/238c0e9d-9426-4904-a597-6ebb0c7a8677.__CR0,0,1464,600_PT0_SX1464_V1___.jpg\">                                                  <\/p>\n<p>                                                                                  <img decoding=\"async\" alt=\"Schwarze zylindrische LED-Taschenlampe mit einstellbarer Strahlbreite von 7,5 mm und 4,0 mm. Verf\u00fcgt \u00fcber Steuertasten und mehrere Leuchtmodusanzeigen\" src=\"https:\/\/m.media-amazon.com\/images\/S\/aplus-media-library-service-media\/e388dd09-ee4b-4265-934c-7f3aefe0ec2a.__CR0,0,1464,600_PT0_SX1464_V1___.jpg\">       <\/p>\n<p>                                                                                  <img decoding=\"async\" alt=\"Wasserdichtes Kabelsystem mit Schutzart IP67, mit schwarzen, flexiblen Steckern und halbstarren Verl\u00e4ngerungskabeln mit Spritzschutz\" src=\"https:\/\/m.media-amazon.com\/images\/S\/aplus-media-library-service-media\/f3b99cd3-4fee-4de4-b576-547759efa3e6.__CR0,0,1464,600_PT0_SX1464_V1___.jpg\">       <\/p>\n<p>                                                                                  <img decoding=\"async\" alt=\"Dreistufiges Anleitungsdiagramm, das die Installationsmethode f\u00fcr ein Zubeh\u00f6r zeigt. Es enth\u00e4lt schwarze Montageteile mit Richtungspfeilen auf grauem Hintergrund\" src=\"https:\/\/m.media-amazon.com\/images\/S\/aplus-media-library-service-media\/d7d23c0c-604b-4d3c-826a-338314661d59.__CR0,0,1464,600_PT0_SX1464_V1___.jpg\">       <\/p>\n<p>                                                                                  <img decoding=\"async\" alt=\"Drei verschiedene Werkzeugaufs\u00e4tze mit den Bezeichnungen \u201eHaken\u201c, \u201eMagnet\u201c und \u201eSpiegel\u201c, auf denen spezielle Haken und Magnetwerkzeuge auf blauem Hintergrund zu sehen sind.\" src=\"https:\/\/m.media-amazon.com\/images\/S\/aplus-media-library-service-media\/6abe7ac3-f5d8-41b3-aedf-19566f0b2c82.__CR0,0,1464,600_PT0_SX1464_V1___.jpg\">       <\/p>\n<p>                                                                                  <img decoding=\"async\" alt=\"Handarbeit bei der Wartung des Automotors. Greifen Sie in einen offenen Motorraum, um den Fl\u00fcssigkeitsstand oder die Komponenten zu \u00fcberpr\u00fcfen.\" src=\"https:\/\/m.media-amazon.com\/images\/S\/aplus-media-library-service-media\/05bc0529-caf4-4b29-8dfe-48ff4afb6f65.__CR0,0,1464,600_PT0_SX1464_V1___.jpg\">       <\/p>\n<p>                                                                                  <img decoding=\"async\" alt=\"Ein Techniker mit Schutzhandschuhen wartet auf eine an einer Geb\u00e4udewand montierte Au\u00dfenklimaanlage mit sichtbarem Text in deutscher Sprache.\" src=\"https:\/\/m.media-amazon.com\/images\/S\/aplus-media-library-service-media\/9a9d11f3-136d-40f0-8386-a9261cbb67e3.__CR0,0,1464,600_PT0_SX1464_V1___.jpg\">       <\/p>\n<p>                                                                                  <img decoding=\"async\" alt=\"Das Abflussinspektionstool wird im Waschbecken verwendet. Die Smartphone-Kamera erfasst den Abfluss. Deutscher Text &#39;Kanalisationsinstandsetzung\" src=\"https:\/\/m.media-amazon.com\/images\/S\/aplus-media-library-service-media\/2b79fafc-7c0b-49c5-abfd-c8ed2b2a8d70.__CR0,0,1464,600_PT0_SX1464_V1___.jpg\">       <\/p>\n<p>                                                                                  <img decoding=\"async\" alt=\"Industriearbeiter in blauem Overall und gelbem Schutzhelm bet\u00e4tigten Ventile, w\u00e4hrend er ein Tablet-Ger\u00e4t \u00fcberpr\u00fcfte. Er tr\u00e4gt in einer Werksumgebung sch\u00fctzende Ohrensch\u00fctzer\" src=\"https:\/\/m.media-amazon.com\/images\/S\/aplus-media-library-service-media\/3a163b0e-b0fd-47b5-b410-7b1e9f8b7d74.__CR0,0,1464,600_PT0_SX1464_V1___.jpg\">       <\/p>\n<p>1920P HD-Pixel: Die Endoskopkamera mit Licht verf\u00fcgt \u00fcber 1920P HD-Pixel, um klare Bilder und Videos anzuzeigen. 8 einstellbare LED-Kameras sorgen auch in dunklen Umgebungen f\u00fcr klare Bilder. Die Endoskopkamera ist mit einer 7,9-mm-Sonde ausgestattet, die kompakt und tragbar ist.<br \/>Breite Kompatibilit\u00e4t: Die Inspektionskamera wird mit einem iPhone\/Micro-USB-Adapter geliefert. Das Endoskop ist mit Android-Ger\u00e4ten mit OTG-Funktion kompatibel (Wichtig: Bitte best\u00e4tigen Sie vor dem Kauf, dass Ihr Android-Telefon die OTG-Funktion unterst\u00fctzt). Einfach Plug-and-Play mit Ihrem iPhone.<br \/>Einfach zu bedienen: Suchen Sie im App Store nach \u201eSUP-ANESOK\u201c, laden Sie es herunter und installieren Sie es. Oder scannen Sie den QR-Code und laden Sie die App herunter. Das Endoskopkamera-Handy ist f\u00fcr Systeme mit Android 4.4+ und iOS 9+ und h\u00f6her geeignet. F\u00fcr das Endoskop ist keine Bluetooth- oder WLAN-Verbindung erforderlich, es muss nicht separat aufgeladen werden und Sie m\u00fcssen sich keine Sorgen \u00fcber Verbindungsfehler machen.<br \/>Halbstarr und wasserdicht nach IP67: Die Kanalkamera verf\u00fcgt \u00fcber ein 5 Meter langes halbstarres Kabel, das eine komfortablere Steuerung w\u00e4hrend des Betriebs erm\u00f6glicht, die Schlangenkamera erreicht ein Gleichgewicht zwischen Steifigkeit und Flexibilit\u00e4t. Die Kanalkamera ist wasserdicht nach IP67 und kann als Unterwasserkamera, wasserdichte Teleskopkamera, Autodetektor, Kanaldetektor usw. verwendet werden.<br \/>Packungsinhalt: 5 m Endoskopkamera x 1, Magnet x 1, Haken x 1, Spiegel x 1, Halterung x 3, iPhone\/Micro-USB-Adapter, Bedienungsanleitung x 1<\/p>\n<p>[ad_2]<\/p>\n","protected":false},"excerpt":{"rendered":"<p>Produktbeschreibung 1920P HD-Pixel: Die Endoskopkamera mit Licht verf\u00fcgt \u00fcber 1920P HD-Pixel, um klare Bilder und Videos anzuzeigen. 8 einstellbare LED-Kameras sorgen auch in dunklen Umgebungen f\u00fcr klare Bilder. Die Endoskopkamera ist mit einer 7,9-mm-Sonde ausgestattet, die kompakt und tragbar ist.Breite Kompatibilit\u00e4t: Die Inspektionskamera wird mit einem iPhone\/Micro-USB-Adapter geliefert. Das Endoskop ist mit Android-Ger\u00e4ten mit OTG-Funktion [&hellip;]<\/p>\n","protected":false},"featured_media":855,"comment_status":"open","ping_status":"closed","template":"","meta":{"_aipt_faq_data":""},"store":[],"product_brand":[],"product_cat":[114],"product_tag":[207],"class_list":{"0":"post-854","1":"product","2":"type-product","3":"status-publish","4":"has-post-thumbnail","6":"product_cat-inspektionsroboter","7":"product_tag-inspektionsroboter-mit-kamera","9":"first","10":"instock","11":"sale","12":"shipping-taxable","13":"product-type-external"},"yoast_head":"<!-- This site is optimized with the Yoast SEO plugin v27.0 - https:\/\/yoast.com\/product\/yoast-seo-wordpress\/ -->\n<title>Endoskopkamera mit Licht, Ennovor 1920 HD Endoskopkamera Mobiltelefon mit 8 LED-Leuchten, kein WLAN erforderlich, Inspektionskamera, wasserdichte IP67-Kanalkamera f\u00fcr Android &amp; iOS, Tablet (16,4 ft\/5 m) - EasyLifeBro<\/title>\n<meta name=\"description\" content=\"Entdecken Sie smarte Roboter f\u00fcr Zuhause, Garten, Bildung und Sicherheit. Vergleichen Sie Saugroboter, Rasenm\u00e4hroboter, KI-Begleitroboter und mehr bei EasyLifeRobo.\" \/>\n<meta name=\"robots\" content=\"index, follow, max-snippet:-1, max-image-preview:large, max-video-preview:-1\" \/>\n<link rel=\"canonical\" href=\"https:\/\/easyliferobo.com\/de\/product\/endoskopkamera-mit-licht-ennovor-1920-hd-endoskopkamera-mobiltelefon-mit-8-led-leuchten-kein-wlan-erforderlich-inspektionskamera-wasserdichte-ip67-kanalkamera-fuer-android-ios-tablet-164-ft-5\/\" \/>\n<meta property=\"og:locale\" content=\"de_DE\" \/>\n<meta property=\"og:type\" content=\"article\" \/>\n<meta property=\"og:title\" content=\"Endoskopkamera mit Licht, Ennovor 1920 HD Endoskopkamera Mobiltelefon mit 8 LED-Leuchten, kein WLAN erforderlich, Inspektionskamera, wasserdichte IP67-Kanalkamera f\u00fcr Android &amp; iOS, Tablet (16,4 ft\/5 m) - EasyLifeBro\" \/>\n<meta property=\"og:description\" content=\"Entdecken Sie smarte Roboter f\u00fcr Zuhause, Garten, Bildung und Sicherheit. Vergleichen Sie Saugroboter, Rasenm\u00e4hroboter, KI-Begleitroboter und mehr bei EasyLifeRobo.\" \/>\n<meta property=\"og:url\" content=\"https:\/\/easyliferobo.com\/de\/product\/endoskopkamera-mit-licht-ennovor-1920-hd-endoskopkamera-mobiltelefon-mit-8-led-leuchten-kein-wlan-erforderlich-inspektionskamera-wasserdichte-ip67-kanalkamera-fuer-android-ios-tablet-164-ft-5\/\" \/>\n<meta property=\"og:site_name\" content=\"EasyLifeBro\" \/>\n<meta property=\"article:modified_time\" content=\"2026-02-22T10:40:20+00:00\" \/>\n<meta property=\"og:image\" content=\"https:\/\/easyliferobo.com\/de\/wp-content\/uploads\/2026\/02\/71ZC1UBNbqL._AC_SL1500_.jpg\" \/>\n\t<meta property=\"og:image:width\" content=\"1439\" \/>\n\t<meta property=\"og:image:height\" content=\"1500\" \/>\n\t<meta property=\"og:image:type\" content=\"image\/jpeg\" \/>\n<meta name=\"twitter:card\" content=\"summary_large_image\" \/>\n<meta name=\"twitter:label1\" content=\"Gesch\u00e4tzte Lesezeit\" \/>\n\t<meta name=\"twitter:data1\" content=\"1\u00a0Minute\" \/>\n<script type=\"application\/ld+json\" class=\"yoast-schema-graph\">{\"@context\":\"https:\/\/schema.org\",\"@graph\":[{\"@type\":\"WebPage\",\"@id\":\"https:\/\/easyliferobo.com\/de\/product\/endoskopkamera-mit-licht-ennovor-1920-hd-endoskopkamera-mobiltelefon-mit-8-led-leuchten-kein-wlan-erforderlich-inspektionskamera-wasserdichte-ip67-kanalkamera-fuer-android-ios-tablet-164-ft-5\/\",\"url\":\"https:\/\/easyliferobo.com\/de\/product\/endoskopkamera-mit-licht-ennovor-1920-hd-endoskopkamera-mobiltelefon-mit-8-led-leuchten-kein-wlan-erforderlich-inspektionskamera-wasserdichte-ip67-kanalkamera-fuer-android-ios-tablet-164-ft-5\/\",\"name\":\"Endoskopkamera mit Licht, Ennovor 1920 HD Endoskopkamera Mobiltelefon mit 8 LED-Leuchten, kein WLAN erforderlich, Inspektionskamera, wasserdichte IP67-Kanalkamera f\u00fcr Android & iOS, Tablet (16,4 ft\/5 m) - EasyLifeBro\",\"isPartOf\":{\"@id\":\"https:\/\/easyliferobo.com\/de\/#website\"},\"primaryImageOfPage\":{\"@id\":\"https:\/\/easyliferobo.com\/de\/product\/endoskopkamera-mit-licht-ennovor-1920-hd-endoskopkamera-mobiltelefon-mit-8-led-leuchten-kein-wlan-erforderlich-inspektionskamera-wasserdichte-ip67-kanalkamera-fuer-android-ios-tablet-164-ft-5\/#primaryimage\"},\"image\":{\"@id\":\"https:\/\/easyliferobo.com\/de\/product\/endoskopkamera-mit-licht-ennovor-1920-hd-endoskopkamera-mobiltelefon-mit-8-led-leuchten-kein-wlan-erforderlich-inspektionskamera-wasserdichte-ip67-kanalkamera-fuer-android-ios-tablet-164-ft-5\/#primaryimage\"},\"thumbnailUrl\":\"https:\/\/easyliferobo.com\/de\/wp-content\/uploads\/2026\/02\/71ZC1UBNbqL._AC_SL1500_.jpg\",\"datePublished\":\"2026-02-22T10:39:48+00:00\",\"dateModified\":\"2026-02-22T10:40:20+00:00\",\"description\":\"Entdecken Sie smarte Roboter f\u00fcr Zuhause, Garten, Bildung und Sicherheit. Vergleichen Sie Saugroboter, Rasenm\u00e4hroboter, KI-Begleitroboter und mehr bei EasyLifeRobo.\",\"breadcrumb\":{\"@id\":\"https:\/\/easyliferobo.com\/de\/product\/endoskopkamera-mit-licht-ennovor-1920-hd-endoskopkamera-mobiltelefon-mit-8-led-leuchten-kein-wlan-erforderlich-inspektionskamera-wasserdichte-ip67-kanalkamera-fuer-android-ios-tablet-164-ft-5\/#breadcrumb\"},\"inLanguage\":\"de\",\"potentialAction\":[{\"@type\":\"ReadAction\",\"target\":[\"https:\/\/easyliferobo.com\/de\/product\/endoskopkamera-mit-licht-ennovor-1920-hd-endoskopkamera-mobiltelefon-mit-8-led-leuchten-kein-wlan-erforderlich-inspektionskamera-wasserdichte-ip67-kanalkamera-fuer-android-ios-tablet-164-ft-5\/\"]}]},{\"@type\":\"ImageObject\",\"inLanguage\":\"de\",\"@id\":\"https:\/\/easyliferobo.com\/de\/product\/endoskopkamera-mit-licht-ennovor-1920-hd-endoskopkamera-mobiltelefon-mit-8-led-leuchten-kein-wlan-erforderlich-inspektionskamera-wasserdichte-ip67-kanalkamera-fuer-android-ios-tablet-164-ft-5\/#primaryimage\",\"url\":\"https:\/\/easyliferobo.com\/de\/wp-content\/uploads\/2026\/02\/71ZC1UBNbqL._AC_SL1500_.jpg\",\"contentUrl\":\"https:\/\/easyliferobo.com\/de\/wp-content\/uploads\/2026\/02\/71ZC1UBNbqL._AC_SL1500_.jpg\",\"width\":1439,\"height\":1500},{\"@type\":\"BreadcrumbList\",\"@id\":\"https:\/\/easyliferobo.com\/de\/product\/endoskopkamera-mit-licht-ennovor-1920-hd-endoskopkamera-mobiltelefon-mit-8-led-leuchten-kein-wlan-erforderlich-inspektionskamera-wasserdichte-ip67-kanalkamera-fuer-android-ios-tablet-164-ft-5\/#breadcrumb\",\"itemListElement\":[{\"@type\":\"ListItem\",\"position\":1,\"name\":\"Home\",\"item\":\"https:\/\/easyliferobo.com\/de\/\"},{\"@type\":\"ListItem\",\"position\":2,\"name\":\"Shop\",\"item\":\"https:\/\/easyliferobo.com\/de\/shop\/\"},{\"@type\":\"ListItem\",\"position\":3,\"name\":\"Endoskopkamera mit Licht, Ennovor 1...\"}]},{\"@type\":\"WebSite\",\"@id\":\"https:\/\/easyliferobo.com\/de\/#website\",\"url\":\"https:\/\/easyliferobo.com\/de\/\",\"name\":\"EasyLifeBro\",\"description\":\"Smarte Roboter f\u00fcr Zuhause, Garten &amp; Bildung\",\"publisher\":{\"@id\":\"https:\/\/easyliferobo.com\/de\/#organization\"},\"potentialAction\":[{\"@type\":\"SearchAction\",\"target\":{\"@type\":\"EntryPoint\",\"urlTemplate\":\"https:\/\/easyliferobo.com\/de\/?s={search_term_string}\"},\"query-input\":{\"@type\":\"PropertyValueSpecification\",\"valueRequired\":true,\"valueName\":\"search_term_string\"}}],\"inLanguage\":\"de\"},{\"@type\":\"Organization\",\"@id\":\"https:\/\/easyliferobo.com\/de\/#organization\",\"name\":\"EasyLifeBro\",\"url\":\"https:\/\/easyliferobo.com\/de\/\",\"logo\":{\"@type\":\"ImageObject\",\"inLanguage\":\"de\",\"@id\":\"https:\/\/easyliferobo.com\/de\/#\/schema\/logo\/image\/\",\"url\":\"https:\/\/easyliferobo.com\/de\/wp-content\/uploads\/2026\/02\/Screenshot-2026-02-22-at-2.25.03-PM.png\",\"contentUrl\":\"https:\/\/easyliferobo.com\/de\/wp-content\/uploads\/2026\/02\/Screenshot-2026-02-22-at-2.25.03-PM.png\",\"width\":1858,\"height\":430,\"caption\":\"EasyLifeBro\"},\"image\":{\"@id\":\"https:\/\/easyliferobo.com\/de\/#\/schema\/logo\/image\/\"}}]}<\/script>\n<!-- \/ Yoast SEO plugin. -->","yoast_head_json":{"title":"Endoskopkamera mit Licht, Ennovor 1920 HD Endoskopkamera Mobiltelefon mit 8 LED-Leuchten, kein WLAN erforderlich, Inspektionskamera, wasserdichte IP67-Kanalkamera f\u00fcr Android & iOS, Tablet (16,4 ft\/5 m) - EasyLifeBro","description":"Entdecken Sie smarte Roboter f\u00fcr Zuhause, Garten, Bildung und Sicherheit. Vergleichen Sie Saugroboter, Rasenm\u00e4hroboter, KI-Begleitroboter und mehr bei EasyLifeRobo.","robots":{"index":"index","follow":"follow","max-snippet":"max-snippet:-1","max-image-preview":"max-image-preview:large","max-video-preview":"max-video-preview:-1"},"canonical":"https:\/\/easyliferobo.com\/de\/product\/endoskopkamera-mit-licht-ennovor-1920-hd-endoskopkamera-mobiltelefon-mit-8-led-leuchten-kein-wlan-erforderlich-inspektionskamera-wasserdichte-ip67-kanalkamera-fuer-android-ios-tablet-164-ft-5\/","og_locale":"de_DE","og_type":"article","og_title":"Endoskopkamera mit Licht, Ennovor 1920 HD Endoskopkamera Mobiltelefon mit 8 LED-Leuchten, kein WLAN erforderlich, Inspektionskamera, wasserdichte IP67-Kanalkamera f\u00fcr Android & iOS, Tablet (16,4 ft\/5 m) - EasyLifeBro","og_description":"Entdecken Sie smarte Roboter f\u00fcr Zuhause, Garten, Bildung und Sicherheit. Vergleichen Sie Saugroboter, Rasenm\u00e4hroboter, KI-Begleitroboter und mehr bei EasyLifeRobo.","og_url":"https:\/\/easyliferobo.com\/de\/product\/endoskopkamera-mit-licht-ennovor-1920-hd-endoskopkamera-mobiltelefon-mit-8-led-leuchten-kein-wlan-erforderlich-inspektionskamera-wasserdichte-ip67-kanalkamera-fuer-android-ios-tablet-164-ft-5\/","og_site_name":"EasyLifeBro","article_modified_time":"2026-02-22T10:40:20+00:00","og_image":[{"width":1439,"height":1500,"url":"https:\/\/easyliferobo.com\/de\/wp-content\/uploads\/2026\/02\/71ZC1UBNbqL._AC_SL1500_.jpg","type":"image\/jpeg"}],"twitter_card":"summary_large_image","twitter_misc":{"Gesch\u00e4tzte Lesezeit":"1\u00a0Minute"},"schema":{"@context":"https:\/\/schema.org","@graph":[{"@type":"WebPage","@id":"https:\/\/easyliferobo.com\/de\/product\/endoskopkamera-mit-licht-ennovor-1920-hd-endoskopkamera-mobiltelefon-mit-8-led-leuchten-kein-wlan-erforderlich-inspektionskamera-wasserdichte-ip67-kanalkamera-fuer-android-ios-tablet-164-ft-5\/","url":"https:\/\/easyliferobo.com\/de\/product\/endoskopkamera-mit-licht-ennovor-1920-hd-endoskopkamera-mobiltelefon-mit-8-led-leuchten-kein-wlan-erforderlich-inspektionskamera-wasserdichte-ip67-kanalkamera-fuer-android-ios-tablet-164-ft-5\/","name":"Endoskopkamera mit Licht, Ennovor 1920 HD Endoskopkamera Mobiltelefon mit 8 LED-Leuchten, kein WLAN erforderlich, Inspektionskamera, wasserdichte IP67-Kanalkamera f\u00fcr Android & iOS, Tablet (16,4 ft\/5 m) - EasyLifeBro","isPartOf":{"@id":"https:\/\/easyliferobo.com\/de\/#website"},"primaryImageOfPage":{"@id":"https:\/\/easyliferobo.com\/de\/product\/endoskopkamera-mit-licht-ennovor-1920-hd-endoskopkamera-mobiltelefon-mit-8-led-leuchten-kein-wlan-erforderlich-inspektionskamera-wasserdichte-ip67-kanalkamera-fuer-android-ios-tablet-164-ft-5\/#primaryimage"},"image":{"@id":"https:\/\/easyliferobo.com\/de\/product\/endoskopkamera-mit-licht-ennovor-1920-hd-endoskopkamera-mobiltelefon-mit-8-led-leuchten-kein-wlan-erforderlich-inspektionskamera-wasserdichte-ip67-kanalkamera-fuer-android-ios-tablet-164-ft-5\/#primaryimage"},"thumbnailUrl":"https:\/\/easyliferobo.com\/de\/wp-content\/uploads\/2026\/02\/71ZC1UBNbqL._AC_SL1500_.jpg","datePublished":"2026-02-22T10:39:48+00:00","dateModified":"2026-02-22T10:40:20+00:00","description":"Entdecken Sie smarte Roboter f\u00fcr Zuhause, Garten, Bildung und Sicherheit. Vergleichen Sie Saugroboter, Rasenm\u00e4hroboter, KI-Begleitroboter und mehr bei EasyLifeRobo.","breadcrumb":{"@id":"https:\/\/easyliferobo.com\/de\/product\/endoskopkamera-mit-licht-ennovor-1920-hd-endoskopkamera-mobiltelefon-mit-8-led-leuchten-kein-wlan-erforderlich-inspektionskamera-wasserdichte-ip67-kanalkamera-fuer-android-ios-tablet-164-ft-5\/#breadcrumb"},"inLanguage":"de","potentialAction":[{"@type":"ReadAction","target":["https:\/\/easyliferobo.com\/de\/product\/endoskopkamera-mit-licht-ennovor-1920-hd-endoskopkamera-mobiltelefon-mit-8-led-leuchten-kein-wlan-erforderlich-inspektionskamera-wasserdichte-ip67-kanalkamera-fuer-android-ios-tablet-164-ft-5\/"]}]},{"@type":"ImageObject","inLanguage":"de","@id":"https:\/\/easyliferobo.com\/de\/product\/endoskopkamera-mit-licht-ennovor-1920-hd-endoskopkamera-mobiltelefon-mit-8-led-leuchten-kein-wlan-erforderlich-inspektionskamera-wasserdichte-ip67-kanalkamera-fuer-android-ios-tablet-164-ft-5\/#primaryimage","url":"https:\/\/easyliferobo.com\/de\/wp-content\/uploads\/2026\/02\/71ZC1UBNbqL._AC_SL1500_.jpg","contentUrl":"https:\/\/easyliferobo.com\/de\/wp-content\/uploads\/2026\/02\/71ZC1UBNbqL._AC_SL1500_.jpg","width":1439,"height":1500},{"@type":"BreadcrumbList","@id":"https:\/\/easyliferobo.com\/de\/product\/endoskopkamera-mit-licht-ennovor-1920-hd-endoskopkamera-mobiltelefon-mit-8-led-leuchten-kein-wlan-erforderlich-inspektionskamera-wasserdichte-ip67-kanalkamera-fuer-android-ios-tablet-164-ft-5\/#breadcrumb","itemListElement":[{"@type":"ListItem","position":1,"name":"Home","item":"https:\/\/easyliferobo.com\/de\/"},{"@type":"ListItem","position":2,"name":"Shop","item":"https:\/\/easyliferobo.com\/de\/shop\/"},{"@type":"ListItem","position":3,"name":"Endoskopkamera mit Licht, Ennovor 1..."}]},{"@type":"WebSite","@id":"https:\/\/easyliferobo.com\/de\/#website","url":"https:\/\/easyliferobo.com\/de\/","name":"EasyLifeBro","description":"Smarte Roboter f\u00fcr Zuhause, Garten &amp; Bildung","publisher":{"@id":"https:\/\/easyliferobo.com\/de\/#organization"},"potentialAction":[{"@type":"SearchAction","target":{"@type":"EntryPoint","urlTemplate":"https:\/\/easyliferobo.com\/de\/?s={search_term_string}"},"query-input":{"@type":"PropertyValueSpecification","valueRequired":true,"valueName":"search_term_string"}}],"inLanguage":"de"},{"@type":"Organization","@id":"https:\/\/easyliferobo.com\/de\/#organization","name":"EasyLifeBro","url":"https:\/\/easyliferobo.com\/de\/","logo":{"@type":"ImageObject","inLanguage":"de","@id":"https:\/\/easyliferobo.com\/de\/#\/schema\/logo\/image\/","url":"https:\/\/easyliferobo.com\/de\/wp-content\/uploads\/2026\/02\/Screenshot-2026-02-22-at-2.25.03-PM.png","contentUrl":"https:\/\/easyliferobo.com\/de\/wp-content\/uploads\/2026\/02\/Screenshot-2026-02-22-at-2.25.03-PM.png","width":1858,"height":430,"caption":"EasyLifeBro"},"image":{"@id":"https:\/\/easyliferobo.com\/de\/#\/schema\/logo\/image\/"}}]}},"_links":{"self":[{"href":"https:\/\/easyliferobo.com\/de\/wp-json\/wp\/v2\/product\/854","targetHints":{"allow":["GET"]}}],"collection":[{"href":"https:\/\/easyliferobo.com\/de\/wp-json\/wp\/v2\/product"}],"about":[{"href":"https:\/\/easyliferobo.com\/de\/wp-json\/wp\/v2\/types\/product"}],"replies":[{"embeddable":true,"href":"https:\/\/easyliferobo.com\/de\/wp-json\/wp\/v2\/comments?post=854"}],"wp:featuredmedia":[{"embeddable":true,"href":"https:\/\/easyliferobo.com\/de\/wp-json\/wp\/v2\/media\/855"}],"wp:attachment":[{"href":"https:\/\/easyliferobo.com\/de\/wp-json\/wp\/v2\/media?parent=854"}],"wp:term":[{"taxonomy":"store","embeddable":true,"href":"https:\/\/easyliferobo.com\/de\/wp-json\/wp\/v2\/store?post=854"},{"taxonomy":"product_brand","embeddable":true,"href":"https:\/\/easyliferobo.com\/de\/wp-json\/wp\/v2\/product_brand?post=854"},{"taxonomy":"product_cat","embeddable":true,"href":"https:\/\/easyliferobo.com\/de\/wp-json\/wp\/v2\/product_cat?post=854"},{"taxonomy":"product_tag","embeddable":true,"href":"https:\/\/easyliferobo.com\/de\/wp-json\/wp\/v2\/product_tag?post=854"}],"curies":[{"name":"wp","href":"https:\/\/api.w.org\/{rel}","templated":true}]}}