
{"id":824,"date":"2026-02-22T10:35:39","date_gmt":"2026-02-22T10:35:39","guid":{"rendered":"https:\/\/easyliferobo.com\/de\/product\/roborock-qv-35s-roboter-staubsauger-set-mit-wischfunktion-10-000-pa-hyperforce-saugkraft-anti-tangle-buersten-anhebbaren-schleudermopps-intelligenter-hindernisvermeidung-all-in-one-dock-weiss\/"},"modified":"2026-02-22T10:35:59","modified_gmt":"2026-02-22T10:35:59","slug":"roborock-qv-35s-roboter-staubsauger-set-mit-wischfunktion-10-000-pa-hyperforce-saugkraft-anti-tangle-buersten-anhebbaren-schleudermopps-intelligenter-hindernisvermeidung-all-in-one-dock-weiss","status":"publish","type":"product","link":"https:\/\/easyliferobo.com\/de\/product\/roborock-qv-35s-roboter-staubsauger-set-mit-wischfunktion-10-000-pa-hyperforce-saugkraft-anti-tangle-buersten-anhebbaren-schleudermopps-intelligenter-hindernisvermeidung-all-in-one-dock-weiss\/","title":{"rendered":"roborock QV 35S Roboter-Staubsauger..."},"content":{"rendered":"<p>\n                                             Von der Marke   <\/p>\n<p>                                              <img decoding=\"async\" alt=\"\" src=\"https:\/\/images-na.ssl-images-amazon.com\/images\/G\/01\/x-locale\/common\/grey-pixel.gif\" class=\"a-lazy-loaded\" data-src=\"https:\/\/m.media-amazon.com\/images\/S\/aplus-media-library-service-media\/eef8d969-7c20-4610-bff6-6a91bc683c3e.__CR0,0,1464,625_PT0_SX1464_V1___.jpg\"><img decoding=\"async\" alt=\"\" src=\"https:\/\/m.media-amazon.com\/images\/S\/aplus-media-library-service-media\/eef8d969-7c20-4610-bff6-6a91bc683c3e.__CR0,0,1464,625_PT0_SX1464_V1___.jpg\">  <\/p>\n<p>                                              <img decoding=\"async\" alt=\"\" src=\"https:\/\/images-na.ssl-images-amazon.com\/images\/G\/01\/x-locale\/common\/grey-pixel.gif\" class=\"a-lazy-loaded\" data-src=\"https:\/\/m.media-amazon.com\/images\/S\/aplus-media-library-service-media\/89823498-7fb0-4262-a2a6-7c3b9690c63d.__CR0,0,315,145_PT0_SX315_V1___.jpg\"><img decoding=\"async\" alt=\"\" src=\"https:\/\/m.media-amazon.com\/images\/S\/aplus-media-library-service-media\/89823498-7fb0-4262-a2a6-7c3b9690c63d.__CR0,0,315,145_PT0_SX315_V1___.jpg\">  <\/p>\n<p>  Roborock ist auf die Forschung, Entwicklung und Produktion von Smart-Home-Robotern spezialisiert <\/p>\n<p>  Die Produkte von Roborock arbeiten so effizient, dass Menschen mehr Zeit f\u00fcr Dinge haben, die ihnen wichtig sind, und weniger Zeit mit Hausarbeit verbringen m\u00fcssen. Mit seinen intelligenten Robotern und Akkustaubsaugern bietet das Unternehmen vielf\u00e4ltige Produkte an und m\u00f6chte zu einem komfortableren und entspannteren Lebensstil der Menschen beitragen <\/p>\n<p>                                              <img decoding=\"async\" alt=\"Eine Grafik, die die Anzahl der Menschen auf der Welt zeigt.\" src=\"https:\/\/images-na.ssl-images-amazon.com\/images\/G\/01\/x-locale\/common\/grey-pixel.gif\" class=\"a-lazy-loaded\" data-src=\"https:\/\/m.media-amazon.com\/images\/S\/aplus-media-library-service-media\/e547801e-ddec-445d-8c47-4428d140d106.__CR0,0,362,453_PT0_SX362_V1___.jpg\"><img decoding=\"async\" alt=\"Eine Grafik, die die Anzahl der Menschen auf der Welt zeigt.\" src=\"https:\/\/m.media-amazon.com\/images\/S\/aplus-media-library-service-media\/e547801e-ddec-445d-8c47-4428d140d106.__CR0,0,362,453_PT0_SX362_V1___.jpg\">  <\/p>\n<p>                                              <img decoding=\"async\" alt=\"Roborock-Roboterstaubsauger\" src=\"https:\/\/images-na.ssl-images-amazon.com\/images\/G\/01\/x-locale\/common\/grey-pixel.gif\" class=\"a-lazy-loaded\" data-src=\"https:\/\/m.media-amazon.com\/images\/S\/aplus-media-library-service-media\/a6772a21-24e2-4f2c-a405-2f606f0d0f23.__CR0,0,362,453_PT0_SX362_V1___.jpg\"><img decoding=\"async\" alt=\"Roborock-Roboterstaubsauger\" src=\"https:\/\/m.media-amazon.com\/images\/S\/aplus-media-library-service-media\/a6772a21-24e2-4f2c-a405-2f606f0d0f23.__CR0,0,362,453_PT0_SX362_V1___.jpg\">  <\/p>\n<h3>  Roborock-Roboterstaubsauger <\/h3>\n<h3>  Roborock-Roboterstaubsauger <\/h3>\n<h3>  Roborock Nass- und Trockensauger <\/h3>\n<p>10.000 Pa HyperForce-Saugkraft: Der Roborock QV 35S Roboterstaubsauger wurde f\u00fcr eine \u00fcberragende Reinigungsleistung entwickelt und verf\u00fcgt \u00fcber eine beeindruckende Saugkraft von 10.000 Pa. Er nimmt m\u00fchelos festsitzenden Schmutz, hartn\u00e4ckige Verunreinigungen und Tierhaare von Teppichen und in schwer zug\u00e4nglichen Ecken auf und sorgt so f\u00fcr ein makelloses Zuhause.<br \/>Duales Anti-Tangle-System Verabschieden Sie sich von verfilztem Haar mit der speziell entwickelten, gummierten, schwimmenden Hauptb\u00fcrste und der einzigartigen bogenf\u00f6rmigen Seitenb\u00fcrste. Die verbesserte Seitenb\u00fcrste ist SGS-zertifiziert und sorgt f\u00fcr eine Verhedderungsrate von 0 %, w\u00e4hrend die Hauptb\u00fcrste effektiv verhindert, dass sich Haare und Schmutz um sie wickeln, was sie perfekt f\u00fcr Haushalte mit Haustieren macht.<br \/>ZWEI HEBBARE SPINDELMOPS Zwei Mopps drehen sich mit bis zu 200 Umdrehungen pro Minute, um hartn\u00e4ckige Flecken zu entfernen und die Ergebnisse eines Handwischers nachzuahmen. Das Wischmodul kann um 10 mm angehoben werden, um zu verhindern, dass kurzflorige Teppiche w\u00e4hrend der Reinigung durchn\u00e4sst werden. Mit 30 einstellbaren Wasserdurchflussstufen k\u00f6nnen Sie die Reinigungsintensit\u00e4t per App an Ihre Bodentypen anpassen.<br \/>All-in-One-Dock Mit der multifunktionalen Dockingstation kann der Roboter den Mopp selbst waschen und trocknen, den Tank automatisch f\u00fcllen und den Staub automatisch entleeren. Indem der Staub automatisch aus dem Staubsauger entfernt und im Staubbeutel der Dockingstation aufbewahrt wird, haben Sie mehr als 7 Wochen lang die H\u00e4nde zum Reinigen frei. Die multifunktionale Dockingstation f\u00fcllt w\u00e4hrend der Reinigung automatisch den Wassertank des Roboters. Mit gef\u00fclltem Wassertank kann er bis zu 3552 m\u00b2 wischen.<br \/>Reaktive technische Hindernisvermeidung: Der mit strukturiertem Licht betriebene Roborock QV 35S ist in der Lage, Hindernisse zu erkennen und m\u00fchelos herumzufahren, selbst in \u00fcberf\u00fcllten R\u00e4umen mit verstreuten Gegenst\u00e4nden auf dem Boden. An Stellen, an denen man leicht stecken bleiben kann, etwa unter St\u00fchlen und Tischen, kann der Roboter diese erkennen und als \u201eNo-Go-Zonen\u201c vorschlagen, um ein H\u00e4ngenbleiben zu vermeiden.<br \/>PreciSense LiDAR-Navigation und -Kartierung: Das PreciSense LiDAR-basierte Navigationssystem scannt 360\u00b0 und erstellt gleichzeitig detaillierte Karten f\u00fcr die effizienteste Routennavigation. Der Roboter unterst\u00fctzt bis zu 4 Etagenkarten und wechselt automatisch zwischen diesen, was ihn ideal f\u00fcr die effiziente Reinigung von H\u00e4usern mit mehreren Etagen macht.<br \/>Intelligente App-Steuerung: Passen Sie Ihre Reinigung ganz einfach \u00fcber die Roborock-App an. Legen Sie Reinigungspl\u00e4ne fest, w\u00e4hlen Sie bestimmte R\u00e4ume oder Bereiche aus, starten Sie eine vor\u00fcbergehende Reinigung oder \u00fcberspringen Sie bei Bedarf bestimmte Bereiche. Mit Roborock SmartPlan passt der Roboter seinen Reinigungsplan je nach Raum- und Bodentyp an und passt seine Strategie an, um optimale Ergebnisse zu erzielen.<br \/>Hinweis: F\u00fcr die App-Verbindung ist 2,4-GHz-WLAN erforderlich.<\/p>\n<p>[ad_2]<\/p>\n","protected":false},"excerpt":{"rendered":"<p>Von der Marke Roborock ist auf die Forschung, Entwicklung und Produktion von Smart-Home-Robotern spezialisiert Die Produkte von Roborock arbeiten so effizient, dass Menschen mehr Zeit f\u00fcr Dinge haben, die ihnen wichtig sind, und weniger Zeit mit Hausarbeit verbringen m\u00fcssen. Mit seinen intelligenten Robotern und Akkustaubsaugern bietet das Unternehmen vielf\u00e4ltige Produkte an und m\u00f6chte zu einem [&hellip;]<\/p>\n","protected":false},"featured_media":825,"comment_status":"open","ping_status":"closed","template":"","meta":{"_aipt_faq_data":""},"store":[],"product_brand":[40],"product_cat":[28],"product_tag":[121],"class_list":{"0":"post-824","1":"product","2":"type-product","3":"status-publish","4":"has-post-thumbnail","6":"product_brand-roborock","7":"product_cat-trending","8":"product_tag-roboter-staubsauger-selbstentleerung","10":"first","11":"instock","12":"sale","13":"shipping-taxable","14":"product-type-external"},"yoast_head":"<!-- This site is optimized with the Yoast SEO plugin v27.4 - https:\/\/yoast.com\/product\/yoast-seo-wordpress\/ -->\n<title>roborock QV 35S Roboter-Staubsauger-Set mit Wischfunktion, 10.000 Pa HyperForce-Saugkraft, Anti-Tangle-B\u00fcrsten, anhebbaren Schleudermopps, intelligenter Hindernisvermeidung, All-in-One-Dock (wei\u00df) - EasyLifeBro<\/title>\n<meta name=\"description\" content=\"Entdecken Sie smarte Roboter f\u00fcr Zuhause, Garten, Bildung und Sicherheit. Vergleichen Sie Saugroboter, Rasenm\u00e4hroboter, KI-Begleitroboter und mehr bei EasyLifeRobo.\" \/>\n<meta name=\"robots\" content=\"index, follow, max-snippet:-1, max-image-preview:large, max-video-preview:-1\" \/>\n<link rel=\"canonical\" href=\"https:\/\/easyliferobo.com\/de\/product\/roborock-qv-35s-roboter-staubsauger-set-mit-wischfunktion-10-000-pa-hyperforce-saugkraft-anti-tangle-buersten-anhebbaren-schleudermopps-intelligenter-hindernisvermeidung-all-in-one-dock-weiss\/\" \/>\n<meta property=\"og:locale\" content=\"de_DE\" \/>\n<meta property=\"og:type\" content=\"article\" \/>\n<meta property=\"og:title\" content=\"roborock QV 35S Roboter-Staubsauger-Set mit Wischfunktion, 10.000 Pa HyperForce-Saugkraft, Anti-Tangle-B\u00fcrsten, anhebbaren Schleudermopps, intelligenter Hindernisvermeidung, All-in-One-Dock (wei\u00df) - EasyLifeBro\" \/>\n<meta property=\"og:description\" content=\"Entdecken Sie smarte Roboter f\u00fcr Zuhause, Garten, Bildung und Sicherheit. Vergleichen Sie Saugroboter, Rasenm\u00e4hroboter, KI-Begleitroboter und mehr bei EasyLifeRobo.\" \/>\n<meta property=\"og:url\" content=\"https:\/\/easyliferobo.com\/de\/product\/roborock-qv-35s-roboter-staubsauger-set-mit-wischfunktion-10-000-pa-hyperforce-saugkraft-anti-tangle-buersten-anhebbaren-schleudermopps-intelligenter-hindernisvermeidung-all-in-one-dock-weiss\/\" \/>\n<meta property=\"og:site_name\" content=\"EasyLifeBro\" \/>\n<meta property=\"article:modified_time\" content=\"2026-02-22T10:35:59+00:00\" \/>\n<meta property=\"og:image\" content=\"https:\/\/easyliferobo.com\/de\/wp-content\/uploads\/2026\/02\/611X0ipeP2L._AC_SL1500_.jpg\" \/>\n\t<meta property=\"og:image:width\" content=\"1460\" \/>\n\t<meta property=\"og:image:height\" content=\"1434\" \/>\n\t<meta property=\"og:image:type\" content=\"image\/jpeg\" \/>\n<meta name=\"twitter:card\" content=\"summary_large_image\" \/>\n<meta name=\"twitter:label1\" content=\"Gesch\u00e4tzte Lesezeit\" \/>\n\t<meta name=\"twitter:data1\" content=\"3\u00a0Minuten\" \/>\n<script type=\"application\/ld+json\" class=\"yoast-schema-graph\">{\"@context\":\"https:\\\/\\\/schema.org\",\"@graph\":[{\"@type\":\"WebPage\",\"@id\":\"https:\\\/\\\/easyliferobo.com\\\/de\\\/product\\\/roborock-qv-35s-roboter-staubsauger-set-mit-wischfunktion-10-000-pa-hyperforce-saugkraft-anti-tangle-buersten-anhebbaren-schleudermopps-intelligenter-hindernisvermeidung-all-in-one-dock-weiss\\\/\",\"url\":\"https:\\\/\\\/easyliferobo.com\\\/de\\\/product\\\/roborock-qv-35s-roboter-staubsauger-set-mit-wischfunktion-10-000-pa-hyperforce-saugkraft-anti-tangle-buersten-anhebbaren-schleudermopps-intelligenter-hindernisvermeidung-all-in-one-dock-weiss\\\/\",\"name\":\"roborock QV 35S Roboter-Staubsauger-Set mit Wischfunktion, 10.000 Pa HyperForce-Saugkraft, Anti-Tangle-B\u00fcrsten, anhebbaren Schleudermopps, intelligenter Hindernisvermeidung, All-in-One-Dock (wei\u00df) - EasyLifeBro\",\"isPartOf\":{\"@id\":\"https:\\\/\\\/easyliferobo.com\\\/de\\\/#website\"},\"primaryImageOfPage\":{\"@id\":\"https:\\\/\\\/easyliferobo.com\\\/de\\\/product\\\/roborock-qv-35s-roboter-staubsauger-set-mit-wischfunktion-10-000-pa-hyperforce-saugkraft-anti-tangle-buersten-anhebbaren-schleudermopps-intelligenter-hindernisvermeidung-all-in-one-dock-weiss\\\/#primaryimage\"},\"image\":{\"@id\":\"https:\\\/\\\/easyliferobo.com\\\/de\\\/product\\\/roborock-qv-35s-roboter-staubsauger-set-mit-wischfunktion-10-000-pa-hyperforce-saugkraft-anti-tangle-buersten-anhebbaren-schleudermopps-intelligenter-hindernisvermeidung-all-in-one-dock-weiss\\\/#primaryimage\"},\"thumbnailUrl\":\"https:\\\/\\\/easyliferobo.com\\\/de\\\/wp-content\\\/uploads\\\/2026\\\/02\\\/611X0ipeP2L._AC_SL1500_.jpg\",\"datePublished\":\"2026-02-22T10:35:39+00:00\",\"dateModified\":\"2026-02-22T10:35:59+00:00\",\"description\":\"Entdecken Sie smarte Roboter f\u00fcr Zuhause, Garten, Bildung und Sicherheit. Vergleichen Sie Saugroboter, Rasenm\u00e4hroboter, KI-Begleitroboter und mehr bei EasyLifeRobo.\",\"breadcrumb\":{\"@id\":\"https:\\\/\\\/easyliferobo.com\\\/de\\\/product\\\/roborock-qv-35s-roboter-staubsauger-set-mit-wischfunktion-10-000-pa-hyperforce-saugkraft-anti-tangle-buersten-anhebbaren-schleudermopps-intelligenter-hindernisvermeidung-all-in-one-dock-weiss\\\/#breadcrumb\"},\"inLanguage\":\"de\",\"potentialAction\":[{\"@type\":\"ReadAction\",\"target\":[\"https:\\\/\\\/easyliferobo.com\\\/de\\\/product\\\/roborock-qv-35s-roboter-staubsauger-set-mit-wischfunktion-10-000-pa-hyperforce-saugkraft-anti-tangle-buersten-anhebbaren-schleudermopps-intelligenter-hindernisvermeidung-all-in-one-dock-weiss\\\/\"]}]},{\"@type\":\"ImageObject\",\"inLanguage\":\"de\",\"@id\":\"https:\\\/\\\/easyliferobo.com\\\/de\\\/product\\\/roborock-qv-35s-roboter-staubsauger-set-mit-wischfunktion-10-000-pa-hyperforce-saugkraft-anti-tangle-buersten-anhebbaren-schleudermopps-intelligenter-hindernisvermeidung-all-in-one-dock-weiss\\\/#primaryimage\",\"url\":\"https:\\\/\\\/easyliferobo.com\\\/de\\\/wp-content\\\/uploads\\\/2026\\\/02\\\/611X0ipeP2L._AC_SL1500_.jpg\",\"contentUrl\":\"https:\\\/\\\/easyliferobo.com\\\/de\\\/wp-content\\\/uploads\\\/2026\\\/02\\\/611X0ipeP2L._AC_SL1500_.jpg\",\"width\":1460,\"height\":1434},{\"@type\":\"BreadcrumbList\",\"@id\":\"https:\\\/\\\/easyliferobo.com\\\/de\\\/product\\\/roborock-qv-35s-roboter-staubsauger-set-mit-wischfunktion-10-000-pa-hyperforce-saugkraft-anti-tangle-buersten-anhebbaren-schleudermopps-intelligenter-hindernisvermeidung-all-in-one-dock-weiss\\\/#breadcrumb\",\"itemListElement\":[{\"@type\":\"ListItem\",\"position\":1,\"name\":\"Home\",\"item\":\"https:\\\/\\\/easyliferobo.com\\\/de\\\/\"},{\"@type\":\"ListItem\",\"position\":2,\"name\":\"Shop\",\"item\":\"https:\\\/\\\/easyliferobo.com\\\/de\\\/shop\\\/\"},{\"@type\":\"ListItem\",\"position\":3,\"name\":\"roborock QV 35S Roboter-Staubsauger...\"}]},{\"@type\":\"WebSite\",\"@id\":\"https:\\\/\\\/easyliferobo.com\\\/de\\\/#website\",\"url\":\"https:\\\/\\\/easyliferobo.com\\\/de\\\/\",\"name\":\"EasyLifeBro\",\"description\":\"Smarte Roboter f\u00fcr Zuhause, Garten &amp; Bildung\",\"publisher\":{\"@id\":\"https:\\\/\\\/easyliferobo.com\\\/de\\\/#organization\"},\"potentialAction\":[{\"@type\":\"SearchAction\",\"target\":{\"@type\":\"EntryPoint\",\"urlTemplate\":\"https:\\\/\\\/easyliferobo.com\\\/de\\\/?s={search_term_string}\"},\"query-input\":{\"@type\":\"PropertyValueSpecification\",\"valueRequired\":true,\"valueName\":\"search_term_string\"}}],\"inLanguage\":\"de\"},{\"@type\":\"Organization\",\"@id\":\"https:\\\/\\\/easyliferobo.com\\\/de\\\/#organization\",\"name\":\"EasyLifeBro\",\"url\":\"https:\\\/\\\/easyliferobo.com\\\/de\\\/\",\"logo\":{\"@type\":\"ImageObject\",\"inLanguage\":\"de\",\"@id\":\"https:\\\/\\\/easyliferobo.com\\\/de\\\/#\\\/schema\\\/logo\\\/image\\\/\",\"url\":\"https:\\\/\\\/easyliferobo.com\\\/de\\\/wp-content\\\/uploads\\\/2026\\\/02\\\/Screenshot-2026-02-22-at-2.25.03-PM.png\",\"contentUrl\":\"https:\\\/\\\/easyliferobo.com\\\/de\\\/wp-content\\\/uploads\\\/2026\\\/02\\\/Screenshot-2026-02-22-at-2.25.03-PM.png\",\"width\":1858,\"height\":430,\"caption\":\"EasyLifeBro\"},\"image\":{\"@id\":\"https:\\\/\\\/easyliferobo.com\\\/de\\\/#\\\/schema\\\/logo\\\/image\\\/\"}}]}<\/script>\n<!-- \/ Yoast SEO plugin. -->","yoast_head_json":{"title":"roborock QV 35S Roboter-Staubsauger-Set mit Wischfunktion, 10.000 Pa HyperForce-Saugkraft, Anti-Tangle-B\u00fcrsten, anhebbaren Schleudermopps, intelligenter Hindernisvermeidung, All-in-One-Dock (wei\u00df) - EasyLifeBro","description":"Entdecken Sie smarte Roboter f\u00fcr Zuhause, Garten, Bildung und Sicherheit. Vergleichen Sie Saugroboter, Rasenm\u00e4hroboter, KI-Begleitroboter und mehr bei EasyLifeRobo.","robots":{"index":"index","follow":"follow","max-snippet":"max-snippet:-1","max-image-preview":"max-image-preview:large","max-video-preview":"max-video-preview:-1"},"canonical":"https:\/\/easyliferobo.com\/de\/product\/roborock-qv-35s-roboter-staubsauger-set-mit-wischfunktion-10-000-pa-hyperforce-saugkraft-anti-tangle-buersten-anhebbaren-schleudermopps-intelligenter-hindernisvermeidung-all-in-one-dock-weiss\/","og_locale":"de_DE","og_type":"article","og_title":"roborock QV 35S Roboter-Staubsauger-Set mit Wischfunktion, 10.000 Pa HyperForce-Saugkraft, Anti-Tangle-B\u00fcrsten, anhebbaren Schleudermopps, intelligenter Hindernisvermeidung, All-in-One-Dock (wei\u00df) - EasyLifeBro","og_description":"Entdecken Sie smarte Roboter f\u00fcr Zuhause, Garten, Bildung und Sicherheit. Vergleichen Sie Saugroboter, Rasenm\u00e4hroboter, KI-Begleitroboter und mehr bei EasyLifeRobo.","og_url":"https:\/\/easyliferobo.com\/de\/product\/roborock-qv-35s-roboter-staubsauger-set-mit-wischfunktion-10-000-pa-hyperforce-saugkraft-anti-tangle-buersten-anhebbaren-schleudermopps-intelligenter-hindernisvermeidung-all-in-one-dock-weiss\/","og_site_name":"EasyLifeBro","article_modified_time":"2026-02-22T10:35:59+00:00","og_image":[{"width":1460,"height":1434,"url":"https:\/\/easyliferobo.com\/de\/wp-content\/uploads\/2026\/02\/611X0ipeP2L._AC_SL1500_.jpg","type":"image\/jpeg"}],"twitter_card":"summary_large_image","twitter_misc":{"Gesch\u00e4tzte Lesezeit":"3\u00a0Minuten"},"schema":{"@context":"https:\/\/schema.org","@graph":[{"@type":"WebPage","@id":"https:\/\/easyliferobo.com\/de\/product\/roborock-qv-35s-roboter-staubsauger-set-mit-wischfunktion-10-000-pa-hyperforce-saugkraft-anti-tangle-buersten-anhebbaren-schleudermopps-intelligenter-hindernisvermeidung-all-in-one-dock-weiss\/","url":"https:\/\/easyliferobo.com\/de\/product\/roborock-qv-35s-roboter-staubsauger-set-mit-wischfunktion-10-000-pa-hyperforce-saugkraft-anti-tangle-buersten-anhebbaren-schleudermopps-intelligenter-hindernisvermeidung-all-in-one-dock-weiss\/","name":"roborock QV 35S Roboter-Staubsauger-Set mit Wischfunktion, 10.000 Pa HyperForce-Saugkraft, Anti-Tangle-B\u00fcrsten, anhebbaren Schleudermopps, intelligenter Hindernisvermeidung, All-in-One-Dock (wei\u00df) - EasyLifeBro","isPartOf":{"@id":"https:\/\/easyliferobo.com\/de\/#website"},"primaryImageOfPage":{"@id":"https:\/\/easyliferobo.com\/de\/product\/roborock-qv-35s-roboter-staubsauger-set-mit-wischfunktion-10-000-pa-hyperforce-saugkraft-anti-tangle-buersten-anhebbaren-schleudermopps-intelligenter-hindernisvermeidung-all-in-one-dock-weiss\/#primaryimage"},"image":{"@id":"https:\/\/easyliferobo.com\/de\/product\/roborock-qv-35s-roboter-staubsauger-set-mit-wischfunktion-10-000-pa-hyperforce-saugkraft-anti-tangle-buersten-anhebbaren-schleudermopps-intelligenter-hindernisvermeidung-all-in-one-dock-weiss\/#primaryimage"},"thumbnailUrl":"https:\/\/easyliferobo.com\/de\/wp-content\/uploads\/2026\/02\/611X0ipeP2L._AC_SL1500_.jpg","datePublished":"2026-02-22T10:35:39+00:00","dateModified":"2026-02-22T10:35:59+00:00","description":"Entdecken Sie smarte Roboter f\u00fcr Zuhause, Garten, Bildung und Sicherheit. Vergleichen Sie Saugroboter, Rasenm\u00e4hroboter, KI-Begleitroboter und mehr bei EasyLifeRobo.","breadcrumb":{"@id":"https:\/\/easyliferobo.com\/de\/product\/roborock-qv-35s-roboter-staubsauger-set-mit-wischfunktion-10-000-pa-hyperforce-saugkraft-anti-tangle-buersten-anhebbaren-schleudermopps-intelligenter-hindernisvermeidung-all-in-one-dock-weiss\/#breadcrumb"},"inLanguage":"de","potentialAction":[{"@type":"ReadAction","target":["https:\/\/easyliferobo.com\/de\/product\/roborock-qv-35s-roboter-staubsauger-set-mit-wischfunktion-10-000-pa-hyperforce-saugkraft-anti-tangle-buersten-anhebbaren-schleudermopps-intelligenter-hindernisvermeidung-all-in-one-dock-weiss\/"]}]},{"@type":"ImageObject","inLanguage":"de","@id":"https:\/\/easyliferobo.com\/de\/product\/roborock-qv-35s-roboter-staubsauger-set-mit-wischfunktion-10-000-pa-hyperforce-saugkraft-anti-tangle-buersten-anhebbaren-schleudermopps-intelligenter-hindernisvermeidung-all-in-one-dock-weiss\/#primaryimage","url":"https:\/\/easyliferobo.com\/de\/wp-content\/uploads\/2026\/02\/611X0ipeP2L._AC_SL1500_.jpg","contentUrl":"https:\/\/easyliferobo.com\/de\/wp-content\/uploads\/2026\/02\/611X0ipeP2L._AC_SL1500_.jpg","width":1460,"height":1434},{"@type":"BreadcrumbList","@id":"https:\/\/easyliferobo.com\/de\/product\/roborock-qv-35s-roboter-staubsauger-set-mit-wischfunktion-10-000-pa-hyperforce-saugkraft-anti-tangle-buersten-anhebbaren-schleudermopps-intelligenter-hindernisvermeidung-all-in-one-dock-weiss\/#breadcrumb","itemListElement":[{"@type":"ListItem","position":1,"name":"Home","item":"https:\/\/easyliferobo.com\/de\/"},{"@type":"ListItem","position":2,"name":"Shop","item":"https:\/\/easyliferobo.com\/de\/shop\/"},{"@type":"ListItem","position":3,"name":"roborock QV 35S Roboter-Staubsauger..."}]},{"@type":"WebSite","@id":"https:\/\/easyliferobo.com\/de\/#website","url":"https:\/\/easyliferobo.com\/de\/","name":"EasyLifeBro","description":"Smarte Roboter f\u00fcr Zuhause, Garten &amp; Bildung","publisher":{"@id":"https:\/\/easyliferobo.com\/de\/#organization"},"potentialAction":[{"@type":"SearchAction","target":{"@type":"EntryPoint","urlTemplate":"https:\/\/easyliferobo.com\/de\/?s={search_term_string}"},"query-input":{"@type":"PropertyValueSpecification","valueRequired":true,"valueName":"search_term_string"}}],"inLanguage":"de"},{"@type":"Organization","@id":"https:\/\/easyliferobo.com\/de\/#organization","name":"EasyLifeBro","url":"https:\/\/easyliferobo.com\/de\/","logo":{"@type":"ImageObject","inLanguage":"de","@id":"https:\/\/easyliferobo.com\/de\/#\/schema\/logo\/image\/","url":"https:\/\/easyliferobo.com\/de\/wp-content\/uploads\/2026\/02\/Screenshot-2026-02-22-at-2.25.03-PM.png","contentUrl":"https:\/\/easyliferobo.com\/de\/wp-content\/uploads\/2026\/02\/Screenshot-2026-02-22-at-2.25.03-PM.png","width":1858,"height":430,"caption":"EasyLifeBro"},"image":{"@id":"https:\/\/easyliferobo.com\/de\/#\/schema\/logo\/image\/"}}]}},"_links":{"self":[{"href":"https:\/\/easyliferobo.com\/de\/wp-json\/wp\/v2\/product\/824","targetHints":{"allow":["GET"]}}],"collection":[{"href":"https:\/\/easyliferobo.com\/de\/wp-json\/wp\/v2\/product"}],"about":[{"href":"https:\/\/easyliferobo.com\/de\/wp-json\/wp\/v2\/types\/product"}],"replies":[{"embeddable":true,"href":"https:\/\/easyliferobo.com\/de\/wp-json\/wp\/v2\/comments?post=824"}],"wp:featuredmedia":[{"embeddable":true,"href":"https:\/\/easyliferobo.com\/de\/wp-json\/wp\/v2\/media\/825"}],"wp:attachment":[{"href":"https:\/\/easyliferobo.com\/de\/wp-json\/wp\/v2\/media?parent=824"}],"wp:term":[{"taxonomy":"store","embeddable":true,"href":"https:\/\/easyliferobo.com\/de\/wp-json\/wp\/v2\/store?post=824"},{"taxonomy":"product_brand","embeddable":true,"href":"https:\/\/easyliferobo.com\/de\/wp-json\/wp\/v2\/product_brand?post=824"},{"taxonomy":"product_cat","embeddable":true,"href":"https:\/\/easyliferobo.com\/de\/wp-json\/wp\/v2\/product_cat?post=824"},{"taxonomy":"product_tag","embeddable":true,"href":"https:\/\/easyliferobo.com\/de\/wp-json\/wp\/v2\/product_tag?post=824"}],"curies":[{"name":"wp","href":"https:\/\/api.w.org\/{rel}","templated":true}]}}