
{"id":813,"date":"2026-02-22T10:34:10","date_gmt":"2026-02-22T10:34:10","guid":{"rendered":"https:\/\/easyliferobo.com\/de\/product\/vonko-s6-pro-saugroboter-mit-wischfunktion-und-saugstation-6000pa-extreme-saugleistung-lidar-2-0-navigation-180-minuten-laufzeit-saugroboter-fuer-tierhaare-und-teppiche\/"},"modified":"2026-02-22T10:34:30","modified_gmt":"2026-02-22T10:34:30","slug":"vonko-s6-pro-saugroboter-mit-wischfunktion-und-saugstation-6000pa-extreme-saugleistung-lidar-2-0-navigation-180-minuten-laufzeit-saugroboter-fuer-tierhaare-und-teppiche","status":"publish","type":"product","link":"https:\/\/easyliferobo.com\/de\/product\/vonko-s6-pro-saugroboter-mit-wischfunktion-und-saugstation-6000pa-extreme-saugleistung-lidar-2-0-navigation-180-minuten-laufzeit-saugroboter-fuer-tierhaare-und-teppiche\/","title":{"rendered":"VONKO S6 Pro Saugroboter mit Wischf..."},"content":{"rendered":"<p>\n                                             Von der Marke   <\/p>\n<p>                                              <img decoding=\"async\" alt=\"Minimalistische Wohnszene mit Roboterstaubsauger vor beigem Boden- und Wandhintergrund.\" src=\"https:\/\/images-na.ssl-images-amazon.com\/images\/G\/01\/x-locale\/common\/grey-pixel.gif\" class=\"a-lazy-loaded\" data-src=\"https:\/\/m.media-amazon.com\/images\/S\/aplus-media-library-service-media\/f8144ea4-4889-4658-9a1d-d9cf28323dc9.__CR0,0,1464,625_PT0_SX1464_V1___.png\"><img decoding=\"async\" alt=\"Minimalistische Wohnszene mit Roboterstaubsauger vor beigem Boden- und Wandhintergrund.\" src=\"https:\/\/m.media-amazon.com\/images\/S\/aplus-media-library-service-media\/f8144ea4-4889-4658-9a1d-d9cf28323dc9.__CR0,0,1464,625_PT0_SX1464_V1___.png\">  <\/p>\n<p>                                              <img decoding=\"async\" alt=\"\" src=\"https:\/\/images-na.ssl-images-amazon.com\/images\/G\/01\/x-locale\/common\/grey-pixel.gif\" class=\"a-lazy-loaded\" data-src=\"https:\/\/m.media-amazon.com\/images\/S\/aplus-media-library-service-media\/5c88e85b-dab4-4d70-8987-1f86a553e80b.__CR0,0,315,145_PT0_SX315_V1___.png\"><img decoding=\"async\" alt=\"\" src=\"https:\/\/m.media-amazon.com\/images\/S\/aplus-media-library-service-media\/5c88e85b-dab4-4d70-8987-1f86a553e80b.__CR0,0,315,145_PT0_SX315_V1___.png\">  <\/p>\n<p>  Seit \u00fcber zehn Jahren steht Vonko weltweit f\u00fcr hochwertige Reinigungsger\u00e4te. Mit einem Fokus auf Qualit\u00e4t und innovativer Technologie machen wir die Hausreinigung einfacher und effizienter. <\/p>\n<p>  Als vertrauensw\u00fcrdiger Partner von Millionen Haushalten verbessern wir mit zuverl\u00e4ssigen L\u00f6sungen nachhaltig das Wohnumfeld und erleichtern so den Alltag. <\/p>\n<p>                                              <img decoding=\"async\" alt=\"Der Text lautet \u201eBild 7\u201c. Roboterstaubsauger auf dem Boden, dahinter entspannt sich eine Gruppe auf dem Teppich.\" src=\"https:\/\/images-na.ssl-images-amazon.com\/images\/G\/01\/x-locale\/common\/grey-pixel.gif\" class=\"a-lazy-loaded\" data-src=\"https:\/\/m.media-amazon.com\/images\/S\/aplus-media-library-service-media\/71a117ba-c378-449a-8dd1-cc0b0b9d0841.__CR0,0,362,453_PT0_SX362_V1___.png\"><img decoding=\"async\" alt=\"Der Text lautet \u201eBild 7\u201c. Roboterstaubsauger auf dem Boden, dahinter entspannt sich eine Gruppe auf dem Teppich.\" src=\"https:\/\/m.media-amazon.com\/images\/S\/aplus-media-library-service-media\/71a117ba-c378-449a-8dd1-cc0b0b9d0841.__CR0,0,362,453_PT0_SX362_V1___.png\">  <\/p>\n<p>                                              <img decoding=\"async\" alt=\"Eine Reihe von Bildern, die einen Roboterstaubsauger zeigen, der mit einem wei\u00dfen Hund auf einem beigen Teppich interagiert, und die Funktionsweise des Ger\u00e4ts in einer h\u00e4uslichen Umgebung demonstrieren.\" src=\"https:\/\/images-na.ssl-images-amazon.com\/images\/G\/01\/x-locale\/common\/grey-pixel.gif\" class=\"a-lazy-loaded\" data-src=\"https:\/\/m.media-amazon.com\/images\/S\/aplus-media-library-service-media\/d7e357b4-292a-4a8f-8989-e1b56cd52d36.__CR0,0,362,453_PT0_SX362_V1___.png\"><img decoding=\"async\" alt=\"Eine Reihe von Bildern, die einen Roboterstaubsauger zeigen, der mit einem wei\u00dfen Hund auf einem beigen Teppich interagiert, und die Funktionsweise des Ger\u00e4ts in einer h\u00e4uslichen Umgebung demonstrieren.\" src=\"https:\/\/m.media-amazon.com\/images\/S\/aplus-media-library-service-media\/d7e357b4-292a-4a8f-8989-e1b56cd52d36.__CR0,0,362,453_PT0_SX362_V1___.png\">  <\/p>\n<p>                                              <img decoding=\"async\" alt=\"Roboterstaubsauger in Aktion auf Hartholzboden, im Hintergrund sind Menschen zu sehen, die an einem niedrigen Tisch arbeiten.\" src=\"https:\/\/images-na.ssl-images-amazon.com\/images\/G\/01\/x-locale\/common\/grey-pixel.gif\" class=\"a-lazy-loaded\" data-src=\"https:\/\/m.media-amazon.com\/images\/S\/aplus-media-library-service-media\/a1bfece4-590b-44b5-a005-6570b05e95ac.__CR0,0,362,453_PT0_SX362_V1___.png\"><img decoding=\"async\" alt=\"Roboterstaubsauger in Aktion auf Hartholzboden, im Hintergrund sind Menschen zu sehen, die an einem niedrigen Tisch arbeiten.\" src=\"https:\/\/m.media-amazon.com\/images\/S\/aplus-media-library-service-media\/a1bfece4-590b-44b5-a005-6570b05e95ac.__CR0,0,362,453_PT0_SX362_V1___.png\">  <\/p>\n<p>                                              <img decoding=\"async\" alt=\"Bilderserie, die einen Roboterstaubsauger zeigt, der in einer h\u00e4uslichen Umgebung auf hellem Holzboden arbeitet.\" src=\"https:\/\/images-na.ssl-images-amazon.com\/images\/G\/01\/x-locale\/common\/grey-pixel.gif\" class=\"a-lazy-loaded\" data-src=\"https:\/\/m.media-amazon.com\/images\/S\/aplus-media-library-service-media\/cb03b00f-f453-4447-ac73-9b5e433bae22.__CR0,0,362,453_PT0_SX362_V1___.png\"><img decoding=\"async\" alt=\"Bilderserie, die einen Roboterstaubsauger zeigt, der in einer h\u00e4uslichen Umgebung auf hellem Holzboden arbeitet.\" src=\"https:\/\/m.media-amazon.com\/images\/S\/aplus-media-library-service-media\/cb03b00f-f453-4447-ac73-9b5e433bae22.__CR0,0,362,453_PT0_SX362_V1___.png\">  <\/p>\n<p>60 Tage absolute Freiheit: Saugroboter mit Wischfunktion und Saugstation. Maximieren Sie Ihre Freizeit mit dem VONKO S6 Pro. Dank der integrierten 3L-Absaugstation und dem hocheffizienten Luftzirkulationssystem wird der Staubbeh\u00e4lter in nur 10 Sekunden vollautomatisch entleert. Das hermetisch verschlossene System f\u00e4ngt 99,9 % der Partikel ein, sodass Sie den Staubbeutel nur alle 60 Tage wechseln m\u00fcssen. Dies ist die perfekte L\u00f6sung f\u00fcr Allergiker und Tierhalter, die eine staubfreie Umgebung ohne t\u00e4glichen Aufwand suchen. Genie\u00dfen Sie eine v\u00f6llig autarke Bodenreinigung, w\u00e4hrend die Station den Schmutz sicher einf\u00e4ngt und unangenehme Ger\u00fcche verhindert.<br \/>6000 Pa extreme Saugkraft: Tiefenreinigung f\u00fcr Tierhaare und Teppiche erleben un\u00fcbertroffene Reinigungsleistung. W\u00e4hrend herk\u00f6mmliche Modelle oft bei 2000-4000Pa stagnieren, bietet der VONKO S6 Pro brutale 6000Pa Saugleistung. Der b\u00fcrstenlose Hochleistungsmotor entfernt m\u00fchelos hartn\u00e4ckigen Schmutz, Kr\u00fcmel und tiefsitzende Tierhaare aus dichten Teppichfasern. Dank der intelligenten Teppicherkennung erh\u00f6ht der Roboter automatisch seine Saugleistung auf das Maximum, sobald er einen Teppich betritt. Die V-f\u00f6rmig schwebende Hauptb\u00fcrste passt sich Bodenunebenheiten perfekt an und verhindert Haarverfilzungen \u2013 ein Muss f\u00fcr Haushalte mit langhaarigen Haustieren oder Teppichen.<br \/>2-in-1 Saugen und Wischen: Pr\u00e4ziser Roboterstaubsauger mit Wischfunktion. Warum zwei Ger\u00e4te kaufen, wenn eines alles kann? Der S6 Pro ist ein vollwertiger Saugroboter mit Wischfunktion, der gleichzeitig saugt und wischt. Ausgestattet mit einem 270 ml fassenden, elektrisch gesteuerten Wassertank k\u00f6nnen Sie die Wassermenge in 3 Stufen per App regulieren. Ob empfindliches Parkett, Fliesen oder Laminat \u2013 das System sorgt f\u00fcr ein streifenfreies Ergebnis ohne Pf\u00fctzen. Der konstante Druck des Wischtuchs entfernt selbst eingetrocknete Flecken in der K\u00fcche. In Kombination mit der Saugleistung von 6000 Pa hinterl\u00e4sst der S6 Pro in nur einem Durchgang eine makellos saubere Oberfl\u00e4che.<br \/>LiDAR 2.0-Navigation: Pr\u00e4zise 360\u00b0-Kartierung und Umgehung von Hindernissen, kein unordentliches Umherwandern mehr. Der VONKO nutzt fortschrittliche LiDAR 2.0-Lasernavigation und SLAM-Algorithmen f\u00fcr 360\u00b0-Pr\u00e4zision in Millisekunden. Dieser Roboterstaubsauger mit Wischfunktion speichert bis zu 5 Etagen und plant die effizienteste Route ohne M\u00f6belkollisionen. Dank Lasertechnologie navigiert es auch im Dunkeln einwandfrei. Richten Sie mit der App No-Go-Zonen ein, um Ihre M\u00f6bel zu sch\u00fctzen.<br \/>180 Minuten. Laufzeit und deutsche Unterst\u00fctzung: Ideal f\u00fcr gro\u00dfe Wohnungen, Strom f\u00fcr das ganze Haus. Mit dem massiven 5200-mAh-Akku reinigt der S6 Pro bis zu 180 Minuten am St\u00fcck und deckt Fl\u00e4chen von bis zu 200 m\u00b2 ab. Ist der Akku leer, kehrt er automatisch zur Station zur\u00fcck, l\u00e4dt sich auf und setzt die Reinigung genau dort fort, wo er aufgeh\u00f6rt hat (Resume-Funktion). Als deutsches Unternehmen legen wir Wert auf Vertrauen: Sie erhalten eine 24-monatige Garantie und Zugang zu unserem leidenschaftlichen deutschen Kundensupport. Im Lieferumfang ist ein umfangreiches Zubeh\u00f6rset mit Ersatzstaubbeuteln und -b\u00fcrsten f\u00fcr einen sofortigen, sorgenfreien Start enthalten.<\/p>\n<p>[ad_2]<\/p>\n","protected":false},"excerpt":{"rendered":"<p>Von der Marke Seit \u00fcber zehn Jahren steht Vonko weltweit f\u00fcr hochwertige Reinigungsger\u00e4te. Mit einem Fokus auf Qualit\u00e4t und innovativer Technologie machen wir die Hausreinigung einfacher und effizienter. Als vertrauensw\u00fcrdiger Partner von Millionen Haushalten verbessern wir mit zuverl\u00e4ssigen L\u00f6sungen nachhaltig das Wohnumfeld und erleichtern so den Alltag. 60 Tage absolute Freiheit: Saugroboter mit Wischfunktion und [&hellip;]<\/p>\n","protected":false},"featured_media":814,"comment_status":"open","ping_status":"closed","template":"","meta":{"_aipt_faq_data":""},"store":[],"product_brand":[203],"product_cat":[72],"product_tag":[202],"class_list":{"0":"post-813","1":"product","2":"type-product","3":"status-publish","4":"has-post-thumbnail","6":"product_brand-vonko","7":"product_cat-saugroboter","8":"product_tag-saugroboter-fuer-allergiker","10":"first","11":"instock","12":"sale","13":"shipping-taxable","14":"product-type-external"},"yoast_head":"<!-- This site is optimized with the Yoast SEO plugin v27.0 - https:\/\/yoast.com\/product\/yoast-seo-wordpress\/ -->\n<title>VONKO S6 Pro Saugroboter mit Wischfunktion und Saugstation, 6000Pa extreme Saugleistung, LiDAR 2.0-Navigation, 180 Minuten Laufzeit, Saugroboter f\u00fcr Tierhaare und Teppiche - EasyLifeBro<\/title>\n<meta name=\"description\" content=\"Entdecken Sie smarte Roboter f\u00fcr Zuhause, Garten, Bildung und Sicherheit. Vergleichen Sie Saugroboter, Rasenm\u00e4hroboter, KI-Begleitroboter und mehr bei EasyLifeRobo.\" \/>\n<meta name=\"robots\" content=\"index, follow, max-snippet:-1, max-image-preview:large, max-video-preview:-1\" \/>\n<link rel=\"canonical\" href=\"https:\/\/easyliferobo.com\/de\/product\/vonko-s6-pro-saugroboter-mit-wischfunktion-und-saugstation-6000pa-extreme-saugleistung-lidar-2-0-navigation-180-minuten-laufzeit-saugroboter-fuer-tierhaare-und-teppiche\/\" \/>\n<meta property=\"og:locale\" content=\"de_DE\" \/>\n<meta property=\"og:type\" content=\"article\" \/>\n<meta property=\"og:title\" content=\"VONKO S6 Pro Saugroboter mit Wischfunktion und Saugstation, 6000Pa extreme Saugleistung, LiDAR 2.0-Navigation, 180 Minuten Laufzeit, Saugroboter f\u00fcr Tierhaare und Teppiche - EasyLifeBro\" \/>\n<meta property=\"og:description\" content=\"Entdecken Sie smarte Roboter f\u00fcr Zuhause, Garten, Bildung und Sicherheit. Vergleichen Sie Saugroboter, Rasenm\u00e4hroboter, KI-Begleitroboter und mehr bei EasyLifeRobo.\" \/>\n<meta property=\"og:url\" content=\"https:\/\/easyliferobo.com\/de\/product\/vonko-s6-pro-saugroboter-mit-wischfunktion-und-saugstation-6000pa-extreme-saugleistung-lidar-2-0-navigation-180-minuten-laufzeit-saugroboter-fuer-tierhaare-und-teppiche\/\" \/>\n<meta property=\"og:site_name\" content=\"EasyLifeBro\" \/>\n<meta property=\"article:modified_time\" content=\"2026-02-22T10:34:30+00:00\" \/>\n<meta property=\"og:image\" content=\"https:\/\/easyliferobo.com\/de\/wp-content\/uploads\/2026\/02\/61dqjuxGBwL._AC_SL1500_.jpg\" \/>\n\t<meta property=\"og:image:width\" content=\"1492\" \/>\n\t<meta property=\"og:image:height\" content=\"1170\" \/>\n\t<meta property=\"og:image:type\" content=\"image\/jpeg\" \/>\n<meta name=\"twitter:card\" content=\"summary_large_image\" \/>\n<meta name=\"twitter:label1\" content=\"Gesch\u00e4tzte Lesezeit\" \/>\n\t<meta name=\"twitter:data1\" content=\"3\u00a0Minuten\" \/>\n<script type=\"application\/ld+json\" class=\"yoast-schema-graph\">{\"@context\":\"https:\/\/schema.org\",\"@graph\":[{\"@type\":\"WebPage\",\"@id\":\"https:\/\/easyliferobo.com\/de\/product\/vonko-s6-pro-saugroboter-mit-wischfunktion-und-saugstation-6000pa-extreme-saugleistung-lidar-2-0-navigation-180-minuten-laufzeit-saugroboter-fuer-tierhaare-und-teppiche\/\",\"url\":\"https:\/\/easyliferobo.com\/de\/product\/vonko-s6-pro-saugroboter-mit-wischfunktion-und-saugstation-6000pa-extreme-saugleistung-lidar-2-0-navigation-180-minuten-laufzeit-saugroboter-fuer-tierhaare-und-teppiche\/\",\"name\":\"VONKO S6 Pro Saugroboter mit Wischfunktion und Saugstation, 6000Pa extreme Saugleistung, LiDAR 2.0-Navigation, 180 Minuten Laufzeit, Saugroboter f\u00fcr Tierhaare und Teppiche - EasyLifeBro\",\"isPartOf\":{\"@id\":\"https:\/\/easyliferobo.com\/de\/#website\"},\"primaryImageOfPage\":{\"@id\":\"https:\/\/easyliferobo.com\/de\/product\/vonko-s6-pro-saugroboter-mit-wischfunktion-und-saugstation-6000pa-extreme-saugleistung-lidar-2-0-navigation-180-minuten-laufzeit-saugroboter-fuer-tierhaare-und-teppiche\/#primaryimage\"},\"image\":{\"@id\":\"https:\/\/easyliferobo.com\/de\/product\/vonko-s6-pro-saugroboter-mit-wischfunktion-und-saugstation-6000pa-extreme-saugleistung-lidar-2-0-navigation-180-minuten-laufzeit-saugroboter-fuer-tierhaare-und-teppiche\/#primaryimage\"},\"thumbnailUrl\":\"https:\/\/easyliferobo.com\/de\/wp-content\/uploads\/2026\/02\/61dqjuxGBwL._AC_SL1500_.jpg\",\"datePublished\":\"2026-02-22T10:34:10+00:00\",\"dateModified\":\"2026-02-22T10:34:30+00:00\",\"description\":\"Entdecken Sie smarte Roboter f\u00fcr Zuhause, Garten, Bildung und Sicherheit. Vergleichen Sie Saugroboter, Rasenm\u00e4hroboter, KI-Begleitroboter und mehr bei EasyLifeRobo.\",\"breadcrumb\":{\"@id\":\"https:\/\/easyliferobo.com\/de\/product\/vonko-s6-pro-saugroboter-mit-wischfunktion-und-saugstation-6000pa-extreme-saugleistung-lidar-2-0-navigation-180-minuten-laufzeit-saugroboter-fuer-tierhaare-und-teppiche\/#breadcrumb\"},\"inLanguage\":\"de\",\"potentialAction\":[{\"@type\":\"ReadAction\",\"target\":[\"https:\/\/easyliferobo.com\/de\/product\/vonko-s6-pro-saugroboter-mit-wischfunktion-und-saugstation-6000pa-extreme-saugleistung-lidar-2-0-navigation-180-minuten-laufzeit-saugroboter-fuer-tierhaare-und-teppiche\/\"]}]},{\"@type\":\"ImageObject\",\"inLanguage\":\"de\",\"@id\":\"https:\/\/easyliferobo.com\/de\/product\/vonko-s6-pro-saugroboter-mit-wischfunktion-und-saugstation-6000pa-extreme-saugleistung-lidar-2-0-navigation-180-minuten-laufzeit-saugroboter-fuer-tierhaare-und-teppiche\/#primaryimage\",\"url\":\"https:\/\/easyliferobo.com\/de\/wp-content\/uploads\/2026\/02\/61dqjuxGBwL._AC_SL1500_.jpg\",\"contentUrl\":\"https:\/\/easyliferobo.com\/de\/wp-content\/uploads\/2026\/02\/61dqjuxGBwL._AC_SL1500_.jpg\",\"width\":1492,\"height\":1170},{\"@type\":\"BreadcrumbList\",\"@id\":\"https:\/\/easyliferobo.com\/de\/product\/vonko-s6-pro-saugroboter-mit-wischfunktion-und-saugstation-6000pa-extreme-saugleistung-lidar-2-0-navigation-180-minuten-laufzeit-saugroboter-fuer-tierhaare-und-teppiche\/#breadcrumb\",\"itemListElement\":[{\"@type\":\"ListItem\",\"position\":1,\"name\":\"Home\",\"item\":\"https:\/\/easyliferobo.com\/de\/\"},{\"@type\":\"ListItem\",\"position\":2,\"name\":\"Shop\",\"item\":\"https:\/\/easyliferobo.com\/de\/shop\/\"},{\"@type\":\"ListItem\",\"position\":3,\"name\":\"VONKO S6 Pro Saugroboter mit Wischf...\"}]},{\"@type\":\"WebSite\",\"@id\":\"https:\/\/easyliferobo.com\/de\/#website\",\"url\":\"https:\/\/easyliferobo.com\/de\/\",\"name\":\"EasyLifeBro\",\"description\":\"Smarte Roboter f\u00fcr Zuhause, Garten &amp; Bildung\",\"publisher\":{\"@id\":\"https:\/\/easyliferobo.com\/de\/#organization\"},\"potentialAction\":[{\"@type\":\"SearchAction\",\"target\":{\"@type\":\"EntryPoint\",\"urlTemplate\":\"https:\/\/easyliferobo.com\/de\/?s={search_term_string}\"},\"query-input\":{\"@type\":\"PropertyValueSpecification\",\"valueRequired\":true,\"valueName\":\"search_term_string\"}}],\"inLanguage\":\"de\"},{\"@type\":\"Organization\",\"@id\":\"https:\/\/easyliferobo.com\/de\/#organization\",\"name\":\"EasyLifeBro\",\"url\":\"https:\/\/easyliferobo.com\/de\/\",\"logo\":{\"@type\":\"ImageObject\",\"inLanguage\":\"de\",\"@id\":\"https:\/\/easyliferobo.com\/de\/#\/schema\/logo\/image\/\",\"url\":\"https:\/\/easyliferobo.com\/de\/wp-content\/uploads\/2026\/02\/Screenshot-2026-02-22-at-2.25.03-PM.png\",\"contentUrl\":\"https:\/\/easyliferobo.com\/de\/wp-content\/uploads\/2026\/02\/Screenshot-2026-02-22-at-2.25.03-PM.png\",\"width\":1858,\"height\":430,\"caption\":\"EasyLifeBro\"},\"image\":{\"@id\":\"https:\/\/easyliferobo.com\/de\/#\/schema\/logo\/image\/\"}}]}<\/script>\n<!-- \/ Yoast SEO plugin. -->","yoast_head_json":{"title":"VONKO S6 Pro Saugroboter mit Wischfunktion und Saugstation, 6000Pa extreme Saugleistung, LiDAR 2.0-Navigation, 180 Minuten Laufzeit, Saugroboter f\u00fcr Tierhaare und Teppiche - EasyLifeBro","description":"Entdecken Sie smarte Roboter f\u00fcr Zuhause, Garten, Bildung und Sicherheit. Vergleichen Sie Saugroboter, Rasenm\u00e4hroboter, KI-Begleitroboter und mehr bei EasyLifeRobo.","robots":{"index":"index","follow":"follow","max-snippet":"max-snippet:-1","max-image-preview":"max-image-preview:large","max-video-preview":"max-video-preview:-1"},"canonical":"https:\/\/easyliferobo.com\/de\/product\/vonko-s6-pro-saugroboter-mit-wischfunktion-und-saugstation-6000pa-extreme-saugleistung-lidar-2-0-navigation-180-minuten-laufzeit-saugroboter-fuer-tierhaare-und-teppiche\/","og_locale":"de_DE","og_type":"article","og_title":"VONKO S6 Pro Saugroboter mit Wischfunktion und Saugstation, 6000Pa extreme Saugleistung, LiDAR 2.0-Navigation, 180 Minuten Laufzeit, Saugroboter f\u00fcr Tierhaare und Teppiche - EasyLifeBro","og_description":"Entdecken Sie smarte Roboter f\u00fcr Zuhause, Garten, Bildung und Sicherheit. Vergleichen Sie Saugroboter, Rasenm\u00e4hroboter, KI-Begleitroboter und mehr bei EasyLifeRobo.","og_url":"https:\/\/easyliferobo.com\/de\/product\/vonko-s6-pro-saugroboter-mit-wischfunktion-und-saugstation-6000pa-extreme-saugleistung-lidar-2-0-navigation-180-minuten-laufzeit-saugroboter-fuer-tierhaare-und-teppiche\/","og_site_name":"EasyLifeBro","article_modified_time":"2026-02-22T10:34:30+00:00","og_image":[{"width":1492,"height":1170,"url":"https:\/\/easyliferobo.com\/de\/wp-content\/uploads\/2026\/02\/61dqjuxGBwL._AC_SL1500_.jpg","type":"image\/jpeg"}],"twitter_card":"summary_large_image","twitter_misc":{"Gesch\u00e4tzte Lesezeit":"3\u00a0Minuten"},"schema":{"@context":"https:\/\/schema.org","@graph":[{"@type":"WebPage","@id":"https:\/\/easyliferobo.com\/de\/product\/vonko-s6-pro-saugroboter-mit-wischfunktion-und-saugstation-6000pa-extreme-saugleistung-lidar-2-0-navigation-180-minuten-laufzeit-saugroboter-fuer-tierhaare-und-teppiche\/","url":"https:\/\/easyliferobo.com\/de\/product\/vonko-s6-pro-saugroboter-mit-wischfunktion-und-saugstation-6000pa-extreme-saugleistung-lidar-2-0-navigation-180-minuten-laufzeit-saugroboter-fuer-tierhaare-und-teppiche\/","name":"VONKO S6 Pro Saugroboter mit Wischfunktion und Saugstation, 6000Pa extreme Saugleistung, LiDAR 2.0-Navigation, 180 Minuten Laufzeit, Saugroboter f\u00fcr Tierhaare und Teppiche - EasyLifeBro","isPartOf":{"@id":"https:\/\/easyliferobo.com\/de\/#website"},"primaryImageOfPage":{"@id":"https:\/\/easyliferobo.com\/de\/product\/vonko-s6-pro-saugroboter-mit-wischfunktion-und-saugstation-6000pa-extreme-saugleistung-lidar-2-0-navigation-180-minuten-laufzeit-saugroboter-fuer-tierhaare-und-teppiche\/#primaryimage"},"image":{"@id":"https:\/\/easyliferobo.com\/de\/product\/vonko-s6-pro-saugroboter-mit-wischfunktion-und-saugstation-6000pa-extreme-saugleistung-lidar-2-0-navigation-180-minuten-laufzeit-saugroboter-fuer-tierhaare-und-teppiche\/#primaryimage"},"thumbnailUrl":"https:\/\/easyliferobo.com\/de\/wp-content\/uploads\/2026\/02\/61dqjuxGBwL._AC_SL1500_.jpg","datePublished":"2026-02-22T10:34:10+00:00","dateModified":"2026-02-22T10:34:30+00:00","description":"Entdecken Sie smarte Roboter f\u00fcr Zuhause, Garten, Bildung und Sicherheit. Vergleichen Sie Saugroboter, Rasenm\u00e4hroboter, KI-Begleitroboter und mehr bei EasyLifeRobo.","breadcrumb":{"@id":"https:\/\/easyliferobo.com\/de\/product\/vonko-s6-pro-saugroboter-mit-wischfunktion-und-saugstation-6000pa-extreme-saugleistung-lidar-2-0-navigation-180-minuten-laufzeit-saugroboter-fuer-tierhaare-und-teppiche\/#breadcrumb"},"inLanguage":"de","potentialAction":[{"@type":"ReadAction","target":["https:\/\/easyliferobo.com\/de\/product\/vonko-s6-pro-saugroboter-mit-wischfunktion-und-saugstation-6000pa-extreme-saugleistung-lidar-2-0-navigation-180-minuten-laufzeit-saugroboter-fuer-tierhaare-und-teppiche\/"]}]},{"@type":"ImageObject","inLanguage":"de","@id":"https:\/\/easyliferobo.com\/de\/product\/vonko-s6-pro-saugroboter-mit-wischfunktion-und-saugstation-6000pa-extreme-saugleistung-lidar-2-0-navigation-180-minuten-laufzeit-saugroboter-fuer-tierhaare-und-teppiche\/#primaryimage","url":"https:\/\/easyliferobo.com\/de\/wp-content\/uploads\/2026\/02\/61dqjuxGBwL._AC_SL1500_.jpg","contentUrl":"https:\/\/easyliferobo.com\/de\/wp-content\/uploads\/2026\/02\/61dqjuxGBwL._AC_SL1500_.jpg","width":1492,"height":1170},{"@type":"BreadcrumbList","@id":"https:\/\/easyliferobo.com\/de\/product\/vonko-s6-pro-saugroboter-mit-wischfunktion-und-saugstation-6000pa-extreme-saugleistung-lidar-2-0-navigation-180-minuten-laufzeit-saugroboter-fuer-tierhaare-und-teppiche\/#breadcrumb","itemListElement":[{"@type":"ListItem","position":1,"name":"Home","item":"https:\/\/easyliferobo.com\/de\/"},{"@type":"ListItem","position":2,"name":"Shop","item":"https:\/\/easyliferobo.com\/de\/shop\/"},{"@type":"ListItem","position":3,"name":"VONKO S6 Pro Saugroboter mit Wischf..."}]},{"@type":"WebSite","@id":"https:\/\/easyliferobo.com\/de\/#website","url":"https:\/\/easyliferobo.com\/de\/","name":"EasyLifeBro","description":"Smarte Roboter f\u00fcr Zuhause, Garten &amp; Bildung","publisher":{"@id":"https:\/\/easyliferobo.com\/de\/#organization"},"potentialAction":[{"@type":"SearchAction","target":{"@type":"EntryPoint","urlTemplate":"https:\/\/easyliferobo.com\/de\/?s={search_term_string}"},"query-input":{"@type":"PropertyValueSpecification","valueRequired":true,"valueName":"search_term_string"}}],"inLanguage":"de"},{"@type":"Organization","@id":"https:\/\/easyliferobo.com\/de\/#organization","name":"EasyLifeBro","url":"https:\/\/easyliferobo.com\/de\/","logo":{"@type":"ImageObject","inLanguage":"de","@id":"https:\/\/easyliferobo.com\/de\/#\/schema\/logo\/image\/","url":"https:\/\/easyliferobo.com\/de\/wp-content\/uploads\/2026\/02\/Screenshot-2026-02-22-at-2.25.03-PM.png","contentUrl":"https:\/\/easyliferobo.com\/de\/wp-content\/uploads\/2026\/02\/Screenshot-2026-02-22-at-2.25.03-PM.png","width":1858,"height":430,"caption":"EasyLifeBro"},"image":{"@id":"https:\/\/easyliferobo.com\/de\/#\/schema\/logo\/image\/"}}]}},"_links":{"self":[{"href":"https:\/\/easyliferobo.com\/de\/wp-json\/wp\/v2\/product\/813","targetHints":{"allow":["GET"]}}],"collection":[{"href":"https:\/\/easyliferobo.com\/de\/wp-json\/wp\/v2\/product"}],"about":[{"href":"https:\/\/easyliferobo.com\/de\/wp-json\/wp\/v2\/types\/product"}],"replies":[{"embeddable":true,"href":"https:\/\/easyliferobo.com\/de\/wp-json\/wp\/v2\/comments?post=813"}],"wp:featuredmedia":[{"embeddable":true,"href":"https:\/\/easyliferobo.com\/de\/wp-json\/wp\/v2\/media\/814"}],"wp:attachment":[{"href":"https:\/\/easyliferobo.com\/de\/wp-json\/wp\/v2\/media?parent=813"}],"wp:term":[{"taxonomy":"store","embeddable":true,"href":"https:\/\/easyliferobo.com\/de\/wp-json\/wp\/v2\/store?post=813"},{"taxonomy":"product_brand","embeddable":true,"href":"https:\/\/easyliferobo.com\/de\/wp-json\/wp\/v2\/product_brand?post=813"},{"taxonomy":"product_cat","embeddable":true,"href":"https:\/\/easyliferobo.com\/de\/wp-json\/wp\/v2\/product_cat?post=813"},{"taxonomy":"product_tag","embeddable":true,"href":"https:\/\/easyliferobo.com\/de\/wp-json\/wp\/v2\/product_tag?post=813"}],"curies":[{"name":"wp","href":"https:\/\/api.w.org\/{rel}","templated":true}]}}