
{"id":786,"date":"2026-02-22T10:30:37","date_gmt":"2026-02-22T10:30:37","guid":{"rendered":"https:\/\/easyliferobo.com\/de\/product\/fensterputzroboter-fensterroboter-saugleistung-von-5600-pa-intelligente-pfadplanung-fuer-die-automatische-reinigung-kantenerkennungstechnologie-fuer-innen-und-aussenfenster\/"},"modified":"2026-02-22T23:35:39","modified_gmt":"2026-02-22T23:35:39","slug":"fensterputzroboter-fensterroboter-saugleistung-von-5600-pa-intelligente-pfadplanung-fuer-die-automatische-reinigung-kantenerkennungstechnologie-fuer-innen-und-aussenfenster","status":"publish","type":"product","link":"https:\/\/easyliferobo.com\/de\/product\/fensterputzroboter-fensterroboter-saugleistung-von-5600-pa-intelligente-pfadplanung-fuer-die-automatische-reinigung-kantenerkennungstechnologie-fuer-innen-und-aussenfenster\/","title":{"rendered":"Fensterputzroboter, Fensterroboter-..."},"content":{"rendered":"<p>    <span>Spezifikation: <\/span><br \/><span>Eingangsleistung: 220\u2013240 V ~ 50 Hz ~ 1,6 A <\/span><br \/><span>Ausgang: 24V\/90W 3,75A <\/span><br \/><span>Ger\u00e4uschpegel: ca. 65 dB. <\/span><br \/><span>Spannung und Kapazit\u00e4t der Lithiumbatterie: 14,8 V 500 mAh <\/span><br \/><span>Notbetriebszeit der Lithiumbatterie: ca. 20 Minuten. <\/span><br \/><span>Betriebstemperatur: 0-40 \u00b0C. <\/span><br \/><span>Lagertemperatur: -10\u201350 \u00b0C <\/span><br \/><span>Saugleistung: 5600 Pa. <\/span><br \/><span>Das Paket beinhaltet: <\/span><br \/><span>1 * Fensterreinigungsmaschine <\/span><br \/><span>10 x Reinigungst\u00fccher (davon 2 auf der Maschine). <\/span><br \/><span>4 x Reinigungsringe (davon 2 an der Maschine). <\/span><br \/><span>1 * Netzteil <\/span><br \/><span>1 * Stromkabel <\/span><br \/><span>1 * Sicherheitsseil <\/span><br \/><span>1 * Fernbedienung <\/span><br \/><span>1 x Wasserspr\u00fchflasche. <\/span><br \/><span>1 x Bedienungsanleitung. <\/span><br \/>Hervorragender Reinigungserfolg: Der Fensterputzroboter mit seinem Doppelspiral-Reinigungskopf kann Fenster perfekt reinigen und l\u00f6st das Problem der Reinigung von Hochhausfenstern. Geeignet f\u00fcr Glas mit einer Dicke von \u00fcber 3 mm und einer Gr\u00f6\u00dfe von \u00fcber 45 x 45 cm. Ein Quadratmeter kann in 4 Minuten gereinigt werden, bei gro\u00dfen Fenstern ist die Wirkung sogar noch besser. Es stehen drei automatische Reinigungsarten oder eine manuelle Steuerung zur Auswahl. Ein idealer Fensterputzroboter f\u00fcr alle Fensterreinigungsbed\u00fcrfnisse.<br \/>So reinigen Sie Fenster perfekt: 1. Reinigen Sie das Fenster mit einer trockenen Faserplatte, um Staub zu entfernen. 2. Ersetzen Sie die saubere Faserplatte des Fensterputzroboters und spr\u00fchen Sie 2 &#8211; 3 Mal Wasser oder Glasreiniger ein (wenn die Faserplatte zu nass ist, kann der magnetische Fensterreiniger verrutschen) und reinigen Sie das Fenster (wir liefern eine Wasserspr\u00fchflasche mit). Die hochwertige \u00f6kologische Faserplatte hinterl\u00e4sst keine Spuren auf der Glasoberfl\u00e4che. Mit unserem Fensterputzroboter gelingt Ihnen eine einwandfreie Fensterreinigung.<br \/>Super Saugkraft: Die Saugkraft des Fensterputzroboters erreicht 5600 Pa, wodurch die Fenster fest gehalten werden k\u00f6nnen (zu nasse Faserplatten k\u00f6nnen die Saugkraft beeintr\u00e4chtigen). Bitte beachten Sie: Der magnetische Fensterputzroboter muss w\u00e4hrend der Arbeit angeschlossen bleiben! Die Saugleistung ist nur im aufgeladenen Zustand wirksam. Unterbrechungsfreies Stromversorgungssystem, eingebauter Lithium-Akku, startet bei Stromausfall und dient als Notstromversorgung f\u00fcr weitere 20 Minuten. Bitte entfernen Sie den Roboter innerhalb von 15 Minuten, nachdem er funktioniert hat, von Ihrem Fenster. Ein Fensterputzroboter mit beeindruckender Saugkraft.<br \/>Mehrere Sicherheitsvorkehrungen: Die KI-Technologie V2.0 kann die Route berechnen und die Fenster automatisch reinigen. Der elektrische Fensterputzroboter stoppt automatisch, nachdem die Reinigungsschritte abgeschlossen sind. Ein 4 Meter starkes Halteseil und ein Fallschutz-Kontrollalgorithmus verhindern St\u00fcrze. Das Sicherungsseil muss angeschlossen sein. Mit unserem Fensterputzroboter k\u00f6nnen Sie sich auf eine sichere Fensterreinigung verlassen.<br \/>Komfortable Fernbedienung: Der Fensterputzroboter l\u00e4sst sich vollst\u00e4ndig \u00fcber eine Fernbedienung steuern. Sie k\u00f6nnen drei automatische Reinigungsmodi und einen manuellen Steuerungsmodus aktivieren, um Reinigungspl\u00e4ne individuell anzupassen.<\/p>\n<p>[ad_2]<\/p>\n","protected":false},"excerpt":{"rendered":"<p>Spezifikation: Eingangsleistung: 220\u2013240 V ~ 50 Hz ~ 1,6 A Ausgang: 24V\/90W 3,75A Ger\u00e4uschpegel: ca. 65 dB. Spannung und Kapazit\u00e4t der Lithiumbatterie: 14,8 V 500 mAh Notbetriebszeit der Lithiumbatterie: ca. 20 Minuten. Betriebstemperatur: 0-40 \u00b0C. Lagertemperatur: -10\u201350 \u00b0C Saugleistung: 5600 Pa. Das Paket beinhaltet: 1 * Fensterreinigungsmaschine 10 x Reinigungst\u00fccher (davon 2 auf der Maschine). [&hellip;]<\/p>\n","protected":false},"featured_media":787,"comment_status":"open","ping_status":"closed","template":"","meta":{"_aipt_faq_data":""},"store":[],"product_brand":[199],"product_cat":[74],"product_tag":[198],"class_list":{"0":"post-786","1":"product","2":"type-product","3":"status-publish","4":"has-post-thumbnail","6":"product_brand-purova","7":"product_cat-fensterreinigungsroboter","8":"product_tag-fensterreinigungsroboter-automatische-reinigung","10":"first","11":"instock","12":"sale","13":"shipping-taxable","14":"product-type-external"},"yoast_head":"<!-- This site is optimized with the Yoast SEO plugin v27.0 - https:\/\/yoast.com\/product\/yoast-seo-wordpress\/ -->\n<title>Fensterputzroboter, Fensterroboter-Saugleistung von 5600 Pa, intelligente Pfadplanung f\u00fcr die automatische Reinigung, Kantenerkennungstechnologie f\u00fcr Innen- und Au\u00dfenfenster - EasyLifeBro<\/title>\n<meta name=\"description\" content=\"Entdecken Sie smarte Roboter f\u00fcr Zuhause, Garten, Bildung und Sicherheit. Vergleichen Sie Saugroboter, Rasenm\u00e4hroboter, KI-Begleitroboter und mehr bei EasyLifeRobo.\" \/>\n<meta name=\"robots\" content=\"index, follow, max-snippet:-1, max-image-preview:large, max-video-preview:-1\" \/>\n<link rel=\"canonical\" href=\"https:\/\/easyliferobo.com\/de\/product\/fensterputzroboter-fensterroboter-saugleistung-von-5600-pa-intelligente-pfadplanung-fuer-die-automatische-reinigung-kantenerkennungstechnologie-fuer-innen-und-aussenfenster\/\" \/>\n<meta property=\"og:locale\" content=\"de_DE\" \/>\n<meta property=\"og:type\" content=\"article\" \/>\n<meta property=\"og:title\" content=\"Fensterputzroboter, Fensterroboter-Saugleistung von 5600 Pa, intelligente Pfadplanung f\u00fcr die automatische Reinigung, Kantenerkennungstechnologie f\u00fcr Innen- und Au\u00dfenfenster - EasyLifeBro\" \/>\n<meta property=\"og:description\" content=\"Entdecken Sie smarte Roboter f\u00fcr Zuhause, Garten, Bildung und Sicherheit. Vergleichen Sie Saugroboter, Rasenm\u00e4hroboter, KI-Begleitroboter und mehr bei EasyLifeRobo.\" \/>\n<meta property=\"og:url\" content=\"https:\/\/easyliferobo.com\/de\/product\/fensterputzroboter-fensterroboter-saugleistung-von-5600-pa-intelligente-pfadplanung-fuer-die-automatische-reinigung-kantenerkennungstechnologie-fuer-innen-und-aussenfenster\/\" \/>\n<meta property=\"og:site_name\" content=\"EasyLifeBro\" \/>\n<meta property=\"article:modified_time\" content=\"2026-02-22T23:35:39+00:00\" \/>\n<meta property=\"og:image\" content=\"https:\/\/easyliferobo.com\/de\/wp-content\/uploads\/2026\/02\/61OLCcv6YaL._AC_SL1000_.jpg\" \/>\n\t<meta property=\"og:image:width\" content=\"930\" \/>\n\t<meta property=\"og:image:height\" content=\"999\" \/>\n\t<meta property=\"og:image:type\" content=\"image\/jpeg\" \/>\n<meta name=\"twitter:card\" content=\"summary_large_image\" \/>\n<meta name=\"twitter:label1\" content=\"Gesch\u00e4tzte Lesezeit\" \/>\n\t<meta name=\"twitter:data1\" content=\"2\u00a0Minuten\" \/>\n<script type=\"application\/ld+json\" class=\"yoast-schema-graph\">{\"@context\":\"https:\/\/schema.org\",\"@graph\":[{\"@type\":\"WebPage\",\"@id\":\"https:\/\/easyliferobo.com\/de\/product\/fensterputzroboter-fensterroboter-saugleistung-von-5600-pa-intelligente-pfadplanung-fuer-die-automatische-reinigung-kantenerkennungstechnologie-fuer-innen-und-aussenfenster\/\",\"url\":\"https:\/\/easyliferobo.com\/de\/product\/fensterputzroboter-fensterroboter-saugleistung-von-5600-pa-intelligente-pfadplanung-fuer-die-automatische-reinigung-kantenerkennungstechnologie-fuer-innen-und-aussenfenster\/\",\"name\":\"Fensterputzroboter, Fensterroboter-Saugleistung von 5600 Pa, intelligente Pfadplanung f\u00fcr die automatische Reinigung, Kantenerkennungstechnologie f\u00fcr Innen- und Au\u00dfenfenster - EasyLifeBro\",\"isPartOf\":{\"@id\":\"https:\/\/easyliferobo.com\/de\/#website\"},\"primaryImageOfPage\":{\"@id\":\"https:\/\/easyliferobo.com\/de\/product\/fensterputzroboter-fensterroboter-saugleistung-von-5600-pa-intelligente-pfadplanung-fuer-die-automatische-reinigung-kantenerkennungstechnologie-fuer-innen-und-aussenfenster\/#primaryimage\"},\"image\":{\"@id\":\"https:\/\/easyliferobo.com\/de\/product\/fensterputzroboter-fensterroboter-saugleistung-von-5600-pa-intelligente-pfadplanung-fuer-die-automatische-reinigung-kantenerkennungstechnologie-fuer-innen-und-aussenfenster\/#primaryimage\"},\"thumbnailUrl\":\"https:\/\/easyliferobo.com\/de\/wp-content\/uploads\/2026\/02\/61OLCcv6YaL._AC_SL1000_.jpg\",\"datePublished\":\"2026-02-22T10:30:37+00:00\",\"dateModified\":\"2026-02-22T23:35:39+00:00\",\"description\":\"Entdecken Sie smarte Roboter f\u00fcr Zuhause, Garten, Bildung und Sicherheit. Vergleichen Sie Saugroboter, Rasenm\u00e4hroboter, KI-Begleitroboter und mehr bei EasyLifeRobo.\",\"breadcrumb\":{\"@id\":\"https:\/\/easyliferobo.com\/de\/product\/fensterputzroboter-fensterroboter-saugleistung-von-5600-pa-intelligente-pfadplanung-fuer-die-automatische-reinigung-kantenerkennungstechnologie-fuer-innen-und-aussenfenster\/#breadcrumb\"},\"inLanguage\":\"de\",\"potentialAction\":[{\"@type\":\"ReadAction\",\"target\":[\"https:\/\/easyliferobo.com\/de\/product\/fensterputzroboter-fensterroboter-saugleistung-von-5600-pa-intelligente-pfadplanung-fuer-die-automatische-reinigung-kantenerkennungstechnologie-fuer-innen-und-aussenfenster\/\"]}]},{\"@type\":\"ImageObject\",\"inLanguage\":\"de\",\"@id\":\"https:\/\/easyliferobo.com\/de\/product\/fensterputzroboter-fensterroboter-saugleistung-von-5600-pa-intelligente-pfadplanung-fuer-die-automatische-reinigung-kantenerkennungstechnologie-fuer-innen-und-aussenfenster\/#primaryimage\",\"url\":\"https:\/\/easyliferobo.com\/de\/wp-content\/uploads\/2026\/02\/61OLCcv6YaL._AC_SL1000_.jpg\",\"contentUrl\":\"https:\/\/easyliferobo.com\/de\/wp-content\/uploads\/2026\/02\/61OLCcv6YaL._AC_SL1000_.jpg\",\"width\":930,\"height\":999},{\"@type\":\"BreadcrumbList\",\"@id\":\"https:\/\/easyliferobo.com\/de\/product\/fensterputzroboter-fensterroboter-saugleistung-von-5600-pa-intelligente-pfadplanung-fuer-die-automatische-reinigung-kantenerkennungstechnologie-fuer-innen-und-aussenfenster\/#breadcrumb\",\"itemListElement\":[{\"@type\":\"ListItem\",\"position\":1,\"name\":\"Home\",\"item\":\"https:\/\/easyliferobo.com\/de\/\"},{\"@type\":\"ListItem\",\"position\":2,\"name\":\"Shop\",\"item\":\"https:\/\/easyliferobo.com\/de\/shop\/\"},{\"@type\":\"ListItem\",\"position\":3,\"name\":\"Fensterputzroboter, Fensterroboter-...\"}]},{\"@type\":\"WebSite\",\"@id\":\"https:\/\/easyliferobo.com\/de\/#website\",\"url\":\"https:\/\/easyliferobo.com\/de\/\",\"name\":\"EasyLifeBro\",\"description\":\"Smarte Roboter f\u00fcr Zuhause, Garten &amp; Bildung\",\"publisher\":{\"@id\":\"https:\/\/easyliferobo.com\/de\/#organization\"},\"potentialAction\":[{\"@type\":\"SearchAction\",\"target\":{\"@type\":\"EntryPoint\",\"urlTemplate\":\"https:\/\/easyliferobo.com\/de\/?s={search_term_string}\"},\"query-input\":{\"@type\":\"PropertyValueSpecification\",\"valueRequired\":true,\"valueName\":\"search_term_string\"}}],\"inLanguage\":\"de\"},{\"@type\":\"Organization\",\"@id\":\"https:\/\/easyliferobo.com\/de\/#organization\",\"name\":\"EasyLifeBro\",\"url\":\"https:\/\/easyliferobo.com\/de\/\",\"logo\":{\"@type\":\"ImageObject\",\"inLanguage\":\"de\",\"@id\":\"https:\/\/easyliferobo.com\/de\/#\/schema\/logo\/image\/\",\"url\":\"https:\/\/easyliferobo.com\/de\/wp-content\/uploads\/2026\/02\/Screenshot-2026-02-22-at-2.25.03-PM.png\",\"contentUrl\":\"https:\/\/easyliferobo.com\/de\/wp-content\/uploads\/2026\/02\/Screenshot-2026-02-22-at-2.25.03-PM.png\",\"width\":1858,\"height\":430,\"caption\":\"EasyLifeBro\"},\"image\":{\"@id\":\"https:\/\/easyliferobo.com\/de\/#\/schema\/logo\/image\/\"}}]}<\/script>\n<!-- \/ Yoast SEO plugin. -->","yoast_head_json":{"title":"Fensterputzroboter, Fensterroboter-Saugleistung von 5600 Pa, intelligente Pfadplanung f\u00fcr die automatische Reinigung, Kantenerkennungstechnologie f\u00fcr Innen- und Au\u00dfenfenster - EasyLifeBro","description":"Entdecken Sie smarte Roboter f\u00fcr Zuhause, Garten, Bildung und Sicherheit. Vergleichen Sie Saugroboter, Rasenm\u00e4hroboter, KI-Begleitroboter und mehr bei EasyLifeRobo.","robots":{"index":"index","follow":"follow","max-snippet":"max-snippet:-1","max-image-preview":"max-image-preview:large","max-video-preview":"max-video-preview:-1"},"canonical":"https:\/\/easyliferobo.com\/de\/product\/fensterputzroboter-fensterroboter-saugleistung-von-5600-pa-intelligente-pfadplanung-fuer-die-automatische-reinigung-kantenerkennungstechnologie-fuer-innen-und-aussenfenster\/","og_locale":"de_DE","og_type":"article","og_title":"Fensterputzroboter, Fensterroboter-Saugleistung von 5600 Pa, intelligente Pfadplanung f\u00fcr die automatische Reinigung, Kantenerkennungstechnologie f\u00fcr Innen- und Au\u00dfenfenster - EasyLifeBro","og_description":"Entdecken Sie smarte Roboter f\u00fcr Zuhause, Garten, Bildung und Sicherheit. Vergleichen Sie Saugroboter, Rasenm\u00e4hroboter, KI-Begleitroboter und mehr bei EasyLifeRobo.","og_url":"https:\/\/easyliferobo.com\/de\/product\/fensterputzroboter-fensterroboter-saugleistung-von-5600-pa-intelligente-pfadplanung-fuer-die-automatische-reinigung-kantenerkennungstechnologie-fuer-innen-und-aussenfenster\/","og_site_name":"EasyLifeBro","article_modified_time":"2026-02-22T23:35:39+00:00","og_image":[{"width":930,"height":999,"url":"https:\/\/easyliferobo.com\/de\/wp-content\/uploads\/2026\/02\/61OLCcv6YaL._AC_SL1000_.jpg","type":"image\/jpeg"}],"twitter_card":"summary_large_image","twitter_misc":{"Gesch\u00e4tzte Lesezeit":"2\u00a0Minuten"},"schema":{"@context":"https:\/\/schema.org","@graph":[{"@type":"WebPage","@id":"https:\/\/easyliferobo.com\/de\/product\/fensterputzroboter-fensterroboter-saugleistung-von-5600-pa-intelligente-pfadplanung-fuer-die-automatische-reinigung-kantenerkennungstechnologie-fuer-innen-und-aussenfenster\/","url":"https:\/\/easyliferobo.com\/de\/product\/fensterputzroboter-fensterroboter-saugleistung-von-5600-pa-intelligente-pfadplanung-fuer-die-automatische-reinigung-kantenerkennungstechnologie-fuer-innen-und-aussenfenster\/","name":"Fensterputzroboter, Fensterroboter-Saugleistung von 5600 Pa, intelligente Pfadplanung f\u00fcr die automatische Reinigung, Kantenerkennungstechnologie f\u00fcr Innen- und Au\u00dfenfenster - EasyLifeBro","isPartOf":{"@id":"https:\/\/easyliferobo.com\/de\/#website"},"primaryImageOfPage":{"@id":"https:\/\/easyliferobo.com\/de\/product\/fensterputzroboter-fensterroboter-saugleistung-von-5600-pa-intelligente-pfadplanung-fuer-die-automatische-reinigung-kantenerkennungstechnologie-fuer-innen-und-aussenfenster\/#primaryimage"},"image":{"@id":"https:\/\/easyliferobo.com\/de\/product\/fensterputzroboter-fensterroboter-saugleistung-von-5600-pa-intelligente-pfadplanung-fuer-die-automatische-reinigung-kantenerkennungstechnologie-fuer-innen-und-aussenfenster\/#primaryimage"},"thumbnailUrl":"https:\/\/easyliferobo.com\/de\/wp-content\/uploads\/2026\/02\/61OLCcv6YaL._AC_SL1000_.jpg","datePublished":"2026-02-22T10:30:37+00:00","dateModified":"2026-02-22T23:35:39+00:00","description":"Entdecken Sie smarte Roboter f\u00fcr Zuhause, Garten, Bildung und Sicherheit. Vergleichen Sie Saugroboter, Rasenm\u00e4hroboter, KI-Begleitroboter und mehr bei EasyLifeRobo.","breadcrumb":{"@id":"https:\/\/easyliferobo.com\/de\/product\/fensterputzroboter-fensterroboter-saugleistung-von-5600-pa-intelligente-pfadplanung-fuer-die-automatische-reinigung-kantenerkennungstechnologie-fuer-innen-und-aussenfenster\/#breadcrumb"},"inLanguage":"de","potentialAction":[{"@type":"ReadAction","target":["https:\/\/easyliferobo.com\/de\/product\/fensterputzroboter-fensterroboter-saugleistung-von-5600-pa-intelligente-pfadplanung-fuer-die-automatische-reinigung-kantenerkennungstechnologie-fuer-innen-und-aussenfenster\/"]}]},{"@type":"ImageObject","inLanguage":"de","@id":"https:\/\/easyliferobo.com\/de\/product\/fensterputzroboter-fensterroboter-saugleistung-von-5600-pa-intelligente-pfadplanung-fuer-die-automatische-reinigung-kantenerkennungstechnologie-fuer-innen-und-aussenfenster\/#primaryimage","url":"https:\/\/easyliferobo.com\/de\/wp-content\/uploads\/2026\/02\/61OLCcv6YaL._AC_SL1000_.jpg","contentUrl":"https:\/\/easyliferobo.com\/de\/wp-content\/uploads\/2026\/02\/61OLCcv6YaL._AC_SL1000_.jpg","width":930,"height":999},{"@type":"BreadcrumbList","@id":"https:\/\/easyliferobo.com\/de\/product\/fensterputzroboter-fensterroboter-saugleistung-von-5600-pa-intelligente-pfadplanung-fuer-die-automatische-reinigung-kantenerkennungstechnologie-fuer-innen-und-aussenfenster\/#breadcrumb","itemListElement":[{"@type":"ListItem","position":1,"name":"Home","item":"https:\/\/easyliferobo.com\/de\/"},{"@type":"ListItem","position":2,"name":"Shop","item":"https:\/\/easyliferobo.com\/de\/shop\/"},{"@type":"ListItem","position":3,"name":"Fensterputzroboter, Fensterroboter-..."}]},{"@type":"WebSite","@id":"https:\/\/easyliferobo.com\/de\/#website","url":"https:\/\/easyliferobo.com\/de\/","name":"EasyLifeBro","description":"Smarte Roboter f\u00fcr Zuhause, Garten &amp; Bildung","publisher":{"@id":"https:\/\/easyliferobo.com\/de\/#organization"},"potentialAction":[{"@type":"SearchAction","target":{"@type":"EntryPoint","urlTemplate":"https:\/\/easyliferobo.com\/de\/?s={search_term_string}"},"query-input":{"@type":"PropertyValueSpecification","valueRequired":true,"valueName":"search_term_string"}}],"inLanguage":"de"},{"@type":"Organization","@id":"https:\/\/easyliferobo.com\/de\/#organization","name":"EasyLifeBro","url":"https:\/\/easyliferobo.com\/de\/","logo":{"@type":"ImageObject","inLanguage":"de","@id":"https:\/\/easyliferobo.com\/de\/#\/schema\/logo\/image\/","url":"https:\/\/easyliferobo.com\/de\/wp-content\/uploads\/2026\/02\/Screenshot-2026-02-22-at-2.25.03-PM.png","contentUrl":"https:\/\/easyliferobo.com\/de\/wp-content\/uploads\/2026\/02\/Screenshot-2026-02-22-at-2.25.03-PM.png","width":1858,"height":430,"caption":"EasyLifeBro"},"image":{"@id":"https:\/\/easyliferobo.com\/de\/#\/schema\/logo\/image\/"}}]}},"_links":{"self":[{"href":"https:\/\/easyliferobo.com\/de\/wp-json\/wp\/v2\/product\/786","targetHints":{"allow":["GET"]}}],"collection":[{"href":"https:\/\/easyliferobo.com\/de\/wp-json\/wp\/v2\/product"}],"about":[{"href":"https:\/\/easyliferobo.com\/de\/wp-json\/wp\/v2\/types\/product"}],"replies":[{"embeddable":true,"href":"https:\/\/easyliferobo.com\/de\/wp-json\/wp\/v2\/comments?post=786"}],"wp:featuredmedia":[{"embeddable":true,"href":"https:\/\/easyliferobo.com\/de\/wp-json\/wp\/v2\/media\/787"}],"wp:attachment":[{"href":"https:\/\/easyliferobo.com\/de\/wp-json\/wp\/v2\/media?parent=786"}],"wp:term":[{"taxonomy":"store","embeddable":true,"href":"https:\/\/easyliferobo.com\/de\/wp-json\/wp\/v2\/store?post=786"},{"taxonomy":"product_brand","embeddable":true,"href":"https:\/\/easyliferobo.com\/de\/wp-json\/wp\/v2\/product_brand?post=786"},{"taxonomy":"product_cat","embeddable":true,"href":"https:\/\/easyliferobo.com\/de\/wp-json\/wp\/v2\/product_cat?post=786"},{"taxonomy":"product_tag","embeddable":true,"href":"https:\/\/easyliferobo.com\/de\/wp-json\/wp\/v2\/product_tag?post=786"}],"curies":[{"name":"wp","href":"https:\/\/api.w.org\/{rel}","templated":true}]}}