
{"id":767,"date":"2026-02-22T10:26:34","date_gmt":"2026-02-22T10:26:34","guid":{"rendered":"https:\/\/easyliferobo.com\/de\/product\/airrobo-saugroboter-saugroboter-mit-2800pa-saugleistung-saugroboter-mit-ladestation-p25-saugroboter-ohne-wischfunktion-fuer-teppich-tierhaare-hart\/"},"modified":"2026-02-22T10:26:50","modified_gmt":"2026-02-22T10:26:50","slug":"airrobo-saugroboter-saugroboter-mit-2800pa-saugleistung-saugroboter-mit-ladestation-p25-saugroboter-ohne-wischfunktion-fuer-teppich-tierhaare-hart","status":"publish","type":"product","link":"https:\/\/easyliferobo.com\/de\/product\/airrobo-saugroboter-saugroboter-mit-2800pa-saugleistung-saugroboter-mit-ladestation-p25-saugroboter-ohne-wischfunktion-fuer-teppich-tierhaare-hart\/","title":{"rendered":"AIRROBO Saugroboter, Saugroboter mi..."},"content":{"rendered":"<p>\n                                             Von der Marke   <\/p>\n<p>                                              <img decoding=\"async\" alt=\"\" src=\"https:\/\/images-na.ssl-images-amazon.com\/images\/G\/01\/x-locale\/common\/grey-pixel.gif\" class=\"a-lazy-loaded\" data-src=\"https:\/\/m.media-amazon.com\/images\/S\/aplus-media-library-service-media\/5bb6334e-b1bd-428f-b7a9-07c8d8c5c26b.__CR0,0,1464,625_PT0_SX1464_V1___.jpg\"><img decoding=\"async\" alt=\"\" src=\"https:\/\/m.media-amazon.com\/images\/S\/aplus-media-library-service-media\/5bb6334e-b1bd-428f-b7a9-07c8d8c5c26b.__CR0,0,1464,625_PT0_SX1464_V1___.jpg\">  <\/p>\n<p>                                              <img decoding=\"async\" alt=\"\" src=\"https:\/\/images-na.ssl-images-amazon.com\/images\/G\/01\/x-locale\/common\/grey-pixel.gif\" class=\"a-lazy-loaded\" data-src=\"https:\/\/m.media-amazon.com\/images\/S\/aplus-media-library-service-media\/2676f4df-3ebc-48b6-8b8a-873edb41f4a0.__CR0,0,315,145_PT0_SX315_V1___.jpg\"><img decoding=\"async\" alt=\"\" src=\"https:\/\/m.media-amazon.com\/images\/S\/aplus-media-library-service-media\/2676f4df-3ebc-48b6-8b8a-873edb41f4a0.__CR0,0,315,145_PT0_SX315_V1___.jpg\">  <\/p>\n<p>  AIRROBO wurde 2012 gegr\u00fcndet und ist eine Marke f\u00fcr intelligente Haushaltsger\u00e4te mit Schwerpunkt auf KI-Technologien. Unterst\u00fctzt von weltweit f\u00fchrenden Unternehmen der humanoiden Robotik hat AIRROBO das Ziel, immer mehr Haushalte weltweit mit modernster Technik zu versorgen und das intelligente Zuhause zu einer neuen Lebensnorm zu machen. <\/p>\n<p>  Sie erreichen uns unter 49 800 0001392 f\u00fcr Kundensupport (9.00 bis 17.00 Uhr, Montag bis Freitag) <\/p>\n<h3>  AIRROBO Produktset <\/h3>\n<p>                                              <img decoding=\"async\" alt=\"Schwarzer runder Roboterstaubsauger auf Holzboden, \u00dcbergang zum Teppich. Blaues Licht und der Text \u201e2800PA\u201c bedeuten eine starke Saugkraft f\u00fcr\" src=\"https:\/\/images-na.ssl-images-amazon.com\/images\/G\/01\/x-locale\/common\/grey-pixel.gif\" class=\"a-lazy-loaded\" data-src=\"https:\/\/m.media-amazon.com\/images\/S\/aplus-media-library-service-media\/fef365d9-b072-4c08-ae24-7b495babc731.__CR0,0,1810,2265_PT0_SX362_V1___.jpg\"><img decoding=\"async\" alt=\"Schwarzer runder Roboterstaubsauger auf Holzboden, \u00dcbergang zum Teppich. Blaues Licht und der Text \u201e2800PA\u201c bedeuten eine starke Saugkraft f\u00fcr\" src=\"https:\/\/m.media-amazon.com\/images\/S\/aplus-media-library-service-media\/fef365d9-b072-4c08-ae24-7b495babc731.__CR0,0,1810,2265_PT0_SX362_V1___.jpg\">  <\/p>\n<p>                                              <img decoding=\"async\" alt=\"S. 25\" src=\"https:\/\/images-na.ssl-images-amazon.com\/images\/G\/01\/x-locale\/common\/grey-pixel.gif\" class=\"a-lazy-loaded\" data-src=\"https:\/\/m.media-amazon.com\/images\/S\/aplus-media-library-service-media\/c3c7a201-9270-4c02-94fc-d37b18ab5c64.__CR0,0,1810,2265_PT0_SX362_V1___.jpg\"><img decoding=\"async\" alt=\"S. 25\" src=\"https:\/\/m.media-amazon.com\/images\/S\/aplus-media-library-service-media\/c3c7a201-9270-4c02-94fc-d37b18ab5c64.__CR0,0,1810,2265_PT0_SX362_V1___.jpg\">  <\/p>\n<p>                                              <img decoding=\"async\" alt=\"S. 25\" src=\"https:\/\/images-na.ssl-images-amazon.com\/images\/G\/01\/x-locale\/common\/grey-pixel.gif\" class=\"a-lazy-loaded\" data-src=\"https:\/\/m.media-amazon.com\/images\/S\/aplus-media-library-service-media\/22845587-9c37-4704-9459-a82cf580fb9b.__CR0,0,1810,2265_PT0_SX362_V1___.jpg\"><img decoding=\"async\" alt=\"S. 25\" src=\"https:\/\/m.media-amazon.com\/images\/S\/aplus-media-library-service-media\/22845587-9c37-4704-9459-a82cf580fb9b.__CR0,0,1810,2265_PT0_SX362_V1___.jpg\">  <\/p>\n<p>                                              <img decoding=\"async\" alt=\"P25\" src=\"https:\/\/images-na.ssl-images-amazon.com\/images\/G\/01\/x-locale\/common\/grey-pixel.gif\" class=\"a-lazy-loaded\" data-src=\"https:\/\/m.media-amazon.com\/images\/S\/aplus-media-library-service-media\/aeed1342-41a1-4edc-872c-4d4e83957d15.__CR0,0,1810,2265_PT0_SX362_V1___.jpg\"><img decoding=\"async\" alt=\"P25\" src=\"https:\/\/m.media-amazon.com\/images\/S\/aplus-media-library-service-media\/aeed1342-41a1-4edc-872c-4d4e83957d15.__CR0,0,1810,2265_PT0_SX362_V1___.jpg\">  <\/p>\n<p>                                              <img decoding=\"async\" alt=\"P25\" src=\"https:\/\/images-na.ssl-images-amazon.com\/images\/G\/01\/x-locale\/common\/grey-pixel.gif\" class=\"a-lazy-loaded\" data-src=\"https:\/\/m.media-amazon.com\/images\/S\/aplus-media-library-service-media\/574b7685-ca5b-4013-9f4f-8345e6d43214.__CR0,0,1810,2265_PT0_SX362_V1___.jpg\"><img decoding=\"async\" alt=\"P25\" src=\"https:\/\/m.media-amazon.com\/images\/S\/aplus-media-library-service-media\/574b7685-ca5b-4013-9f4f-8345e6d43214.__CR0,0,1810,2265_PT0_SX362_V1___.jpg\">  <\/p>\n<p>                                              <img decoding=\"async\" alt=\"P25\" src=\"https:\/\/images-na.ssl-images-amazon.com\/images\/G\/01\/x-locale\/common\/grey-pixel.gif\" class=\"a-lazy-loaded\" data-src=\"https:\/\/m.media-amazon.com\/images\/S\/aplus-media-library-service-media\/e2928d59-b06d-4eba-9527-a432d1e43d9a.__CR0,0,1810,2265_PT0_SX362_V1___.jpg\"><img decoding=\"async\" alt=\"P25\" src=\"https:\/\/m.media-amazon.com\/images\/S\/aplus-media-library-service-media\/e2928d59-b06d-4eba-9527-a432d1e43d9a.__CR0,0,1810,2265_PT0_SX362_V1___.jpg\">  <\/p>\n<p>Effiziente Reinigung: Der P25 Roboterstaubsauger Tierhaare verf\u00fcgt \u00fcber eine starke Saugkraft von bis zu 2800 Pa und entfernt gr\u00fcndlich Tierhaare, Kr\u00fcmel und Feinstaub von B\u00f6den und Teppichen. Der Schwebeschaber mit Schabertechnologie reinigt Bodenfugen und Teppichkanten porentief von Feinstaub, perfekt f\u00fcr unebene B\u00f6den.<br \/>Zick-Zack-Navigation: Der Staubsaugerroboter P25 reinigt Ihr Zuhause auf einer effizienten Zick-Zack-Route gr\u00fcndlicher als Staubsaugerroboter mit Zufallspfad. 23 hochempfindliche Sensoren sorgen daf\u00fcr, dass der Roboter nicht herunterf\u00e4llt oder kollidiert und Ihre M\u00f6bel und W\u00e4nde nicht besch\u00e4digt.<br \/>Steuerung per App oder Fernbedienung: Nur 3 Schritte zur Verbindung mit der App. Einmal koppeln, dann k\u00f6nnen Sie ganz einfach die Reinigungspl\u00e4ne einrichten, die Reinigungsmodi \u00e4ndern, die Saugst\u00e4rke und die Reinigungsrichtung steuern. Sie k\u00f6nnen den Reinigungsvorgang auch mit Alexa starten oder stoppen. Ohne WLAN funktioniert die mitgelieferte Fernbedienung auch \u2013 ideal f\u00fcr Senioren.<br \/>(Kleine Gr\u00f6\u00dfe, gro\u00dfe Staubbox) Mit einer H\u00f6he von nur 7,8 cm dringt der Roboterstaubsauger m\u00fchelos unter Betten, Sofas und Schr\u00e4nke ein und entfernt versteckten Schmutz in engen R\u00e4umen. Mit einem gro\u00dfz\u00fcgigen 600-ml-Beh\u00e4lter und HEPA-Filter werden 99,9 % der Allergene aufgefangen.<br \/>Lange Laufzeit und automatische Aufladung: Im Ruhemodus kann der Staubsaugerroboter nach jeder Aufladung bis zu 120 Minuten betrieben werden. Sobald die Reinigung abgeschlossen ist oder der Akku leer ist, kehrt der Saugroboter automatisch zur Ladestation zur\u00fcck und ist bereit f\u00fcr die n\u00e4chste Reinigung.<br \/>Leise Reinigung: Der Roboterstaubsauger P25 ohne Wischfunktion bietet 4 Reinigungsmodi (Auto, Spot, Kanten, Zufall) und arbeitet leise im Hintergrund mit weniger als 55 dB, sodass er weder Ihre Arbeit noch Ihr Leben st\u00f6rt.<br \/>Lieferumfang: 1 x P25 Roboterstaubsauger, 4 x Seitenb\u00fcrsten, 1 x Hauptb\u00fcrste, 1 x HEPA-Filter, 1 x Staubbox, 1 x Fernbedienung, 1 x Ladestation und Netzteil, 1 x Bedienungsanleitung. 24 Monate Garantie mit unsch\u00e4dlichem Kundenservice.<\/p>\n<p>[ad_2]<\/p>\n","protected":false},"excerpt":{"rendered":"<p>Von der Marke AIRROBO wurde 2012 gegr\u00fcndet und ist eine Marke f\u00fcr intelligente Haushaltsger\u00e4te mit Schwerpunkt auf KI-Technologien. Unterst\u00fctzt von weltweit f\u00fchrenden Unternehmen der humanoiden Robotik hat AIRROBO das Ziel, immer mehr Haushalte weltweit mit modernster Technik zu versorgen und das intelligente Zuhause zu einer neuen Lebensnorm zu machen. Sie erreichen uns unter 49 800 [&hellip;]<\/p>\n","protected":false},"featured_media":768,"comment_status":"open","ping_status":"closed","template":"","meta":{"_aipt_faq_data":""},"store":[],"product_brand":[196],"product_cat":[76],"product_tag":[195],"class_list":{"0":"post-767","1":"product","2":"type-product","3":"status-publish","4":"has-post-thumbnail","6":"product_brand-airrobo","7":"product_cat-staubsauger-roboter-mit-wischfunktion","8":"product_tag-staubsauger-roboter-mit-wischfunktion-fuer-tierhaare","10":"first","11":"instock","12":"sale","13":"shipping-taxable","14":"product-type-external"},"yoast_head":"<!-- This site is optimized with the Yoast SEO plugin v27.4 - https:\/\/yoast.com\/product\/yoast-seo-wordpress\/ -->\n<title>AIRROBO Saugroboter, Saugroboter mit 2800Pa Saugleistung, Saugroboter mit Ladestation, P25 Saugroboter ohne Wischfunktion f\u00fcr Teppich, Tierhaare, hart - EasyLifeBro<\/title>\n<meta name=\"description\" content=\"Entdecken Sie smarte Roboter f\u00fcr Zuhause, Garten, Bildung und Sicherheit. Vergleichen Sie Saugroboter, Rasenm\u00e4hroboter, KI-Begleitroboter und mehr bei EasyLifeRobo.\" \/>\n<meta name=\"robots\" content=\"index, follow, max-snippet:-1, max-image-preview:large, max-video-preview:-1\" \/>\n<link rel=\"canonical\" href=\"https:\/\/easyliferobo.com\/de\/product\/airrobo-saugroboter-saugroboter-mit-2800pa-saugleistung-saugroboter-mit-ladestation-p25-saugroboter-ohne-wischfunktion-fuer-teppich-tierhaare-hart\/\" \/>\n<meta property=\"og:locale\" content=\"de_DE\" \/>\n<meta property=\"og:type\" content=\"article\" \/>\n<meta property=\"og:title\" content=\"AIRROBO Saugroboter, Saugroboter mit 2800Pa Saugleistung, Saugroboter mit Ladestation, P25 Saugroboter ohne Wischfunktion f\u00fcr Teppich, Tierhaare, hart - EasyLifeBro\" \/>\n<meta property=\"og:description\" content=\"Entdecken Sie smarte Roboter f\u00fcr Zuhause, Garten, Bildung und Sicherheit. Vergleichen Sie Saugroboter, Rasenm\u00e4hroboter, KI-Begleitroboter und mehr bei EasyLifeRobo.\" \/>\n<meta property=\"og:url\" content=\"https:\/\/easyliferobo.com\/de\/product\/airrobo-saugroboter-saugroboter-mit-2800pa-saugleistung-saugroboter-mit-ladestation-p25-saugroboter-ohne-wischfunktion-fuer-teppich-tierhaare-hart\/\" \/>\n<meta property=\"og:site_name\" content=\"EasyLifeBro\" \/>\n<meta property=\"article:modified_time\" content=\"2026-02-22T10:26:50+00:00\" \/>\n<meta property=\"og:image\" content=\"https:\/\/easyliferobo.com\/de\/wp-content\/uploads\/2026\/02\/61x4oDt3YpL._AC_SL1500_.jpg\" \/>\n\t<meta property=\"og:image:width\" content=\"1464\" \/>\n\t<meta property=\"og:image:height\" content=\"1440\" \/>\n\t<meta property=\"og:image:type\" content=\"image\/jpeg\" \/>\n<meta name=\"twitter:card\" content=\"summary_large_image\" \/>\n<meta name=\"twitter:label1\" content=\"Gesch\u00e4tzte Lesezeit\" \/>\n\t<meta name=\"twitter:data1\" content=\"2\u00a0Minuten\" \/>\n<script type=\"application\/ld+json\" class=\"yoast-schema-graph\">{\"@context\":\"https:\\\/\\\/schema.org\",\"@graph\":[{\"@type\":\"WebPage\",\"@id\":\"https:\\\/\\\/easyliferobo.com\\\/de\\\/product\\\/airrobo-saugroboter-saugroboter-mit-2800pa-saugleistung-saugroboter-mit-ladestation-p25-saugroboter-ohne-wischfunktion-fuer-teppich-tierhaare-hart\\\/\",\"url\":\"https:\\\/\\\/easyliferobo.com\\\/de\\\/product\\\/airrobo-saugroboter-saugroboter-mit-2800pa-saugleistung-saugroboter-mit-ladestation-p25-saugroboter-ohne-wischfunktion-fuer-teppich-tierhaare-hart\\\/\",\"name\":\"AIRROBO Saugroboter, Saugroboter mit 2800Pa Saugleistung, Saugroboter mit Ladestation, P25 Saugroboter ohne Wischfunktion f\u00fcr Teppich, Tierhaare, hart - EasyLifeBro\",\"isPartOf\":{\"@id\":\"https:\\\/\\\/easyliferobo.com\\\/de\\\/#website\"},\"primaryImageOfPage\":{\"@id\":\"https:\\\/\\\/easyliferobo.com\\\/de\\\/product\\\/airrobo-saugroboter-saugroboter-mit-2800pa-saugleistung-saugroboter-mit-ladestation-p25-saugroboter-ohne-wischfunktion-fuer-teppich-tierhaare-hart\\\/#primaryimage\"},\"image\":{\"@id\":\"https:\\\/\\\/easyliferobo.com\\\/de\\\/product\\\/airrobo-saugroboter-saugroboter-mit-2800pa-saugleistung-saugroboter-mit-ladestation-p25-saugroboter-ohne-wischfunktion-fuer-teppich-tierhaare-hart\\\/#primaryimage\"},\"thumbnailUrl\":\"https:\\\/\\\/easyliferobo.com\\\/de\\\/wp-content\\\/uploads\\\/2026\\\/02\\\/61x4oDt3YpL._AC_SL1500_.jpg\",\"datePublished\":\"2026-02-22T10:26:34+00:00\",\"dateModified\":\"2026-02-22T10:26:50+00:00\",\"description\":\"Entdecken Sie smarte Roboter f\u00fcr Zuhause, Garten, Bildung und Sicherheit. Vergleichen Sie Saugroboter, Rasenm\u00e4hroboter, KI-Begleitroboter und mehr bei EasyLifeRobo.\",\"breadcrumb\":{\"@id\":\"https:\\\/\\\/easyliferobo.com\\\/de\\\/product\\\/airrobo-saugroboter-saugroboter-mit-2800pa-saugleistung-saugroboter-mit-ladestation-p25-saugroboter-ohne-wischfunktion-fuer-teppich-tierhaare-hart\\\/#breadcrumb\"},\"inLanguage\":\"de\",\"potentialAction\":[{\"@type\":\"ReadAction\",\"target\":[\"https:\\\/\\\/easyliferobo.com\\\/de\\\/product\\\/airrobo-saugroboter-saugroboter-mit-2800pa-saugleistung-saugroboter-mit-ladestation-p25-saugroboter-ohne-wischfunktion-fuer-teppich-tierhaare-hart\\\/\"]}]},{\"@type\":\"ImageObject\",\"inLanguage\":\"de\",\"@id\":\"https:\\\/\\\/easyliferobo.com\\\/de\\\/product\\\/airrobo-saugroboter-saugroboter-mit-2800pa-saugleistung-saugroboter-mit-ladestation-p25-saugroboter-ohne-wischfunktion-fuer-teppich-tierhaare-hart\\\/#primaryimage\",\"url\":\"https:\\\/\\\/easyliferobo.com\\\/de\\\/wp-content\\\/uploads\\\/2026\\\/02\\\/61x4oDt3YpL._AC_SL1500_.jpg\",\"contentUrl\":\"https:\\\/\\\/easyliferobo.com\\\/de\\\/wp-content\\\/uploads\\\/2026\\\/02\\\/61x4oDt3YpL._AC_SL1500_.jpg\",\"width\":1464,\"height\":1440},{\"@type\":\"BreadcrumbList\",\"@id\":\"https:\\\/\\\/easyliferobo.com\\\/de\\\/product\\\/airrobo-saugroboter-saugroboter-mit-2800pa-saugleistung-saugroboter-mit-ladestation-p25-saugroboter-ohne-wischfunktion-fuer-teppich-tierhaare-hart\\\/#breadcrumb\",\"itemListElement\":[{\"@type\":\"ListItem\",\"position\":1,\"name\":\"Home\",\"item\":\"https:\\\/\\\/easyliferobo.com\\\/de\\\/\"},{\"@type\":\"ListItem\",\"position\":2,\"name\":\"Shop\",\"item\":\"https:\\\/\\\/easyliferobo.com\\\/de\\\/shop\\\/\"},{\"@type\":\"ListItem\",\"position\":3,\"name\":\"AIRROBO Saugroboter, Saugroboter mi...\"}]},{\"@type\":\"WebSite\",\"@id\":\"https:\\\/\\\/easyliferobo.com\\\/de\\\/#website\",\"url\":\"https:\\\/\\\/easyliferobo.com\\\/de\\\/\",\"name\":\"EasyLifeBro\",\"description\":\"Smarte Roboter f\u00fcr Zuhause, Garten &amp; Bildung\",\"publisher\":{\"@id\":\"https:\\\/\\\/easyliferobo.com\\\/de\\\/#organization\"},\"potentialAction\":[{\"@type\":\"SearchAction\",\"target\":{\"@type\":\"EntryPoint\",\"urlTemplate\":\"https:\\\/\\\/easyliferobo.com\\\/de\\\/?s={search_term_string}\"},\"query-input\":{\"@type\":\"PropertyValueSpecification\",\"valueRequired\":true,\"valueName\":\"search_term_string\"}}],\"inLanguage\":\"de\"},{\"@type\":\"Organization\",\"@id\":\"https:\\\/\\\/easyliferobo.com\\\/de\\\/#organization\",\"name\":\"EasyLifeBro\",\"url\":\"https:\\\/\\\/easyliferobo.com\\\/de\\\/\",\"logo\":{\"@type\":\"ImageObject\",\"inLanguage\":\"de\",\"@id\":\"https:\\\/\\\/easyliferobo.com\\\/de\\\/#\\\/schema\\\/logo\\\/image\\\/\",\"url\":\"https:\\\/\\\/easyliferobo.com\\\/de\\\/wp-content\\\/uploads\\\/2026\\\/02\\\/Screenshot-2026-02-22-at-2.25.03-PM.png\",\"contentUrl\":\"https:\\\/\\\/easyliferobo.com\\\/de\\\/wp-content\\\/uploads\\\/2026\\\/02\\\/Screenshot-2026-02-22-at-2.25.03-PM.png\",\"width\":1858,\"height\":430,\"caption\":\"EasyLifeBro\"},\"image\":{\"@id\":\"https:\\\/\\\/easyliferobo.com\\\/de\\\/#\\\/schema\\\/logo\\\/image\\\/\"}}]}<\/script>\n<!-- \/ Yoast SEO plugin. -->","yoast_head_json":{"title":"AIRROBO Saugroboter, Saugroboter mit 2800Pa Saugleistung, Saugroboter mit Ladestation, P25 Saugroboter ohne Wischfunktion f\u00fcr Teppich, Tierhaare, hart - EasyLifeBro","description":"Entdecken Sie smarte Roboter f\u00fcr Zuhause, Garten, Bildung und Sicherheit. Vergleichen Sie Saugroboter, Rasenm\u00e4hroboter, KI-Begleitroboter und mehr bei EasyLifeRobo.","robots":{"index":"index","follow":"follow","max-snippet":"max-snippet:-1","max-image-preview":"max-image-preview:large","max-video-preview":"max-video-preview:-1"},"canonical":"https:\/\/easyliferobo.com\/de\/product\/airrobo-saugroboter-saugroboter-mit-2800pa-saugleistung-saugroboter-mit-ladestation-p25-saugroboter-ohne-wischfunktion-fuer-teppich-tierhaare-hart\/","og_locale":"de_DE","og_type":"article","og_title":"AIRROBO Saugroboter, Saugroboter mit 2800Pa Saugleistung, Saugroboter mit Ladestation, P25 Saugroboter ohne Wischfunktion f\u00fcr Teppich, Tierhaare, hart - EasyLifeBro","og_description":"Entdecken Sie smarte Roboter f\u00fcr Zuhause, Garten, Bildung und Sicherheit. Vergleichen Sie Saugroboter, Rasenm\u00e4hroboter, KI-Begleitroboter und mehr bei EasyLifeRobo.","og_url":"https:\/\/easyliferobo.com\/de\/product\/airrobo-saugroboter-saugroboter-mit-2800pa-saugleistung-saugroboter-mit-ladestation-p25-saugroboter-ohne-wischfunktion-fuer-teppich-tierhaare-hart\/","og_site_name":"EasyLifeBro","article_modified_time":"2026-02-22T10:26:50+00:00","og_image":[{"width":1464,"height":1440,"url":"https:\/\/easyliferobo.com\/de\/wp-content\/uploads\/2026\/02\/61x4oDt3YpL._AC_SL1500_.jpg","type":"image\/jpeg"}],"twitter_card":"summary_large_image","twitter_misc":{"Gesch\u00e4tzte Lesezeit":"2\u00a0Minuten"},"schema":{"@context":"https:\/\/schema.org","@graph":[{"@type":"WebPage","@id":"https:\/\/easyliferobo.com\/de\/product\/airrobo-saugroboter-saugroboter-mit-2800pa-saugleistung-saugroboter-mit-ladestation-p25-saugroboter-ohne-wischfunktion-fuer-teppich-tierhaare-hart\/","url":"https:\/\/easyliferobo.com\/de\/product\/airrobo-saugroboter-saugroboter-mit-2800pa-saugleistung-saugroboter-mit-ladestation-p25-saugroboter-ohne-wischfunktion-fuer-teppich-tierhaare-hart\/","name":"AIRROBO Saugroboter, Saugroboter mit 2800Pa Saugleistung, Saugroboter mit Ladestation, P25 Saugroboter ohne Wischfunktion f\u00fcr Teppich, Tierhaare, hart - EasyLifeBro","isPartOf":{"@id":"https:\/\/easyliferobo.com\/de\/#website"},"primaryImageOfPage":{"@id":"https:\/\/easyliferobo.com\/de\/product\/airrobo-saugroboter-saugroboter-mit-2800pa-saugleistung-saugroboter-mit-ladestation-p25-saugroboter-ohne-wischfunktion-fuer-teppich-tierhaare-hart\/#primaryimage"},"image":{"@id":"https:\/\/easyliferobo.com\/de\/product\/airrobo-saugroboter-saugroboter-mit-2800pa-saugleistung-saugroboter-mit-ladestation-p25-saugroboter-ohne-wischfunktion-fuer-teppich-tierhaare-hart\/#primaryimage"},"thumbnailUrl":"https:\/\/easyliferobo.com\/de\/wp-content\/uploads\/2026\/02\/61x4oDt3YpL._AC_SL1500_.jpg","datePublished":"2026-02-22T10:26:34+00:00","dateModified":"2026-02-22T10:26:50+00:00","description":"Entdecken Sie smarte Roboter f\u00fcr Zuhause, Garten, Bildung und Sicherheit. Vergleichen Sie Saugroboter, Rasenm\u00e4hroboter, KI-Begleitroboter und mehr bei EasyLifeRobo.","breadcrumb":{"@id":"https:\/\/easyliferobo.com\/de\/product\/airrobo-saugroboter-saugroboter-mit-2800pa-saugleistung-saugroboter-mit-ladestation-p25-saugroboter-ohne-wischfunktion-fuer-teppich-tierhaare-hart\/#breadcrumb"},"inLanguage":"de","potentialAction":[{"@type":"ReadAction","target":["https:\/\/easyliferobo.com\/de\/product\/airrobo-saugroboter-saugroboter-mit-2800pa-saugleistung-saugroboter-mit-ladestation-p25-saugroboter-ohne-wischfunktion-fuer-teppich-tierhaare-hart\/"]}]},{"@type":"ImageObject","inLanguage":"de","@id":"https:\/\/easyliferobo.com\/de\/product\/airrobo-saugroboter-saugroboter-mit-2800pa-saugleistung-saugroboter-mit-ladestation-p25-saugroboter-ohne-wischfunktion-fuer-teppich-tierhaare-hart\/#primaryimage","url":"https:\/\/easyliferobo.com\/de\/wp-content\/uploads\/2026\/02\/61x4oDt3YpL._AC_SL1500_.jpg","contentUrl":"https:\/\/easyliferobo.com\/de\/wp-content\/uploads\/2026\/02\/61x4oDt3YpL._AC_SL1500_.jpg","width":1464,"height":1440},{"@type":"BreadcrumbList","@id":"https:\/\/easyliferobo.com\/de\/product\/airrobo-saugroboter-saugroboter-mit-2800pa-saugleistung-saugroboter-mit-ladestation-p25-saugroboter-ohne-wischfunktion-fuer-teppich-tierhaare-hart\/#breadcrumb","itemListElement":[{"@type":"ListItem","position":1,"name":"Home","item":"https:\/\/easyliferobo.com\/de\/"},{"@type":"ListItem","position":2,"name":"Shop","item":"https:\/\/easyliferobo.com\/de\/shop\/"},{"@type":"ListItem","position":3,"name":"AIRROBO Saugroboter, Saugroboter mi..."}]},{"@type":"WebSite","@id":"https:\/\/easyliferobo.com\/de\/#website","url":"https:\/\/easyliferobo.com\/de\/","name":"EasyLifeBro","description":"Smarte Roboter f\u00fcr Zuhause, Garten &amp; Bildung","publisher":{"@id":"https:\/\/easyliferobo.com\/de\/#organization"},"potentialAction":[{"@type":"SearchAction","target":{"@type":"EntryPoint","urlTemplate":"https:\/\/easyliferobo.com\/de\/?s={search_term_string}"},"query-input":{"@type":"PropertyValueSpecification","valueRequired":true,"valueName":"search_term_string"}}],"inLanguage":"de"},{"@type":"Organization","@id":"https:\/\/easyliferobo.com\/de\/#organization","name":"EasyLifeBro","url":"https:\/\/easyliferobo.com\/de\/","logo":{"@type":"ImageObject","inLanguage":"de","@id":"https:\/\/easyliferobo.com\/de\/#\/schema\/logo\/image\/","url":"https:\/\/easyliferobo.com\/de\/wp-content\/uploads\/2026\/02\/Screenshot-2026-02-22-at-2.25.03-PM.png","contentUrl":"https:\/\/easyliferobo.com\/de\/wp-content\/uploads\/2026\/02\/Screenshot-2026-02-22-at-2.25.03-PM.png","width":1858,"height":430,"caption":"EasyLifeBro"},"image":{"@id":"https:\/\/easyliferobo.com\/de\/#\/schema\/logo\/image\/"}}]}},"_links":{"self":[{"href":"https:\/\/easyliferobo.com\/de\/wp-json\/wp\/v2\/product\/767","targetHints":{"allow":["GET"]}}],"collection":[{"href":"https:\/\/easyliferobo.com\/de\/wp-json\/wp\/v2\/product"}],"about":[{"href":"https:\/\/easyliferobo.com\/de\/wp-json\/wp\/v2\/types\/product"}],"replies":[{"embeddable":true,"href":"https:\/\/easyliferobo.com\/de\/wp-json\/wp\/v2\/comments?post=767"}],"wp:featuredmedia":[{"embeddable":true,"href":"https:\/\/easyliferobo.com\/de\/wp-json\/wp\/v2\/media\/768"}],"wp:attachment":[{"href":"https:\/\/easyliferobo.com\/de\/wp-json\/wp\/v2\/media?parent=767"}],"wp:term":[{"taxonomy":"store","embeddable":true,"href":"https:\/\/easyliferobo.com\/de\/wp-json\/wp\/v2\/store?post=767"},{"taxonomy":"product_brand","embeddable":true,"href":"https:\/\/easyliferobo.com\/de\/wp-json\/wp\/v2\/product_brand?post=767"},{"taxonomy":"product_cat","embeddable":true,"href":"https:\/\/easyliferobo.com\/de\/wp-json\/wp\/v2\/product_cat?post=767"},{"taxonomy":"product_tag","embeddable":true,"href":"https:\/\/easyliferobo.com\/de\/wp-json\/wp\/v2\/product_tag?post=767"}],"curies":[{"name":"wp","href":"https:\/\/api.w.org\/{rel}","templated":true}]}}