
{"id":758,"date":"2026-02-22T10:25:24","date_gmt":"2026-02-22T10:25:24","guid":{"rendered":"https:\/\/easyliferobo.com\/de\/product\/wonder-workshop-dash-robots-programmieren-lernen-fuer-kinder-spielzeug-blau\/"},"modified":"2026-02-22T10:25:39","modified_gmt":"2026-02-22T10:25:39","slug":"wonder-workshop-dash-robots-programmieren-lernen-fuer-kinder-spielzeug-blau","status":"publish","type":"product","link":"https:\/\/easyliferobo.com\/de\/product\/wonder-workshop-dash-robots-programmieren-lernen-fuer-kinder-spielzeug-blau\/","title":{"rendered":"Wonder Workshop Dash Robots \u2013 Pro..."},"content":{"rendered":"<p>\n                                             Von der Marke   <\/p>\n<p>                                              <img decoding=\"async\" alt=\"\" src=\"https:\/\/images-na.ssl-images-amazon.com\/images\/G\/01\/x-locale\/common\/grey-pixel.gif\" class=\"a-lazy-loaded\" data-src=\"https:\/\/m.media-amazon.com\/images\/S\/aplus-media-library-service-media\/7434c25b-7d3c-4e9e-ac04-104448995d86.__CR0,0,1464,625_PT0_SX1464_V1___.jpg\"><img decoding=\"async\" alt=\"\" src=\"https:\/\/m.media-amazon.com\/images\/S\/aplus-media-library-service-media\/7434c25b-7d3c-4e9e-ac04-104448995d86.__CR0,0,1464,625_PT0_SX1464_V1___.jpg\">  <\/p>\n<p>                                              <img decoding=\"async\" alt=\"Wunderwerkstatt\" src=\"https:\/\/images-na.ssl-images-amazon.com\/images\/G\/01\/x-locale\/common\/grey-pixel.gif\" class=\"a-lazy-loaded\" data-src=\"https:\/\/m.media-amazon.com\/images\/S\/aplus-media-library-service-media\/cbb23551-fffd-416f-8f58-8cbac5d09d43.__CR0,0,362,453_PT0_SX362_V1___.jpg\"><img decoding=\"async\" alt=\"Wunderwerkstatt\" src=\"https:\/\/m.media-amazon.com\/images\/S\/aplus-media-library-service-media\/cbb23551-fffd-416f-8f58-8cbac5d09d43.__CR0,0,362,453_PT0_SX362_V1___.jpg\">  <\/p>\n<p>                                              <img decoding=\"async\" alt=\"\" src=\"https:\/\/images-na.ssl-images-amazon.com\/images\/G\/01\/x-locale\/common\/grey-pixel.gif\" class=\"a-lazy-loaded\" data-src=\"https:\/\/m.media-amazon.com\/images\/S\/aplus-media-library-service-media\/3257aefb-dae0-4bae-872d-80d3b0ddc5dc.__CR348,0,606,758_PT0_SX362_V1___.jpg\"><img decoding=\"async\" alt=\"\" src=\"https:\/\/m.media-amazon.com\/images\/S\/aplus-media-library-service-media\/3257aefb-dae0-4bae-872d-80d3b0ddc5dc.__CR348,0,606,758_PT0_SX362_V1___.jpg\">  <\/p>\n<h3>  Lernen Sie Dash Robot kennen  <\/h3>\n<p>  Dash ist bei Kindern und Lehrern in den USA und auf der ganzen Welt beliebt <\/p>\n<h3>  Lernen Sie, auf unterhaltsame Weise zu programmieren  <\/h3>\n<p class=\"apm-brand-story-stores-link\">\n<p>                                              <img decoding=\"async\" alt=\"\" src=\"https:\/\/images-na.ssl-images-amazon.com\/images\/G\/01\/x-locale\/common\/grey-pixel.gif\" class=\"a-lazy-loaded\" data-src=\"https:\/\/m.media-amazon.com\/images\/S\/aplus-media-library-service-media\/ebbc7502-0626-47b5-be13-758f16ad4d1e.__CR59,0,400,500_PT0_SX362_V1___.jpg\"><img decoding=\"async\" alt=\"\" src=\"https:\/\/m.media-amazon.com\/images\/S\/aplus-media-library-service-media\/ebbc7502-0626-47b5-be13-758f16ad4d1e.__CR59,0,400,500_PT0_SX362_V1___.jpg\">  <\/p>\n<h3>  Wunder zu Hause  <\/h3>\n<p>  Mit Make Wonder erhalten Kinder einen Vorsprung bei Aktivit\u00e4ten, bei denen Blockcodierung vermittelt wird <\/p>\n<p>                                              <img decoding=\"async\" alt=\"\" src=\"https:\/\/images-na.ssl-images-amazon.com\/images\/G\/01\/x-locale\/common\/grey-pixel.gif\" class=\"a-lazy-loaded\" data-src=\"https:\/\/m.media-amazon.com\/images\/S\/aplus-media-library-service-media\/363e5c58-de8b-4056-9640-be8ed721f2fa.__CR212,0,400,500_PT0_SX362_V1___.jpg\"><img decoding=\"async\" alt=\"\" src=\"https:\/\/m.media-amazon.com\/images\/S\/aplus-media-library-service-media\/363e5c58-de8b-4056-9640-be8ed721f2fa.__CR212,0,400,500_PT0_SX362_V1___.jpg\">  <\/p>\n<h3>  Entfesseln Sie Ihre Kreativit\u00e4t <\/h3>\n<p>  Ein virtueller Roboter f\u00fcr jeden Sch\u00fcler. Ein detailliertes Dashboard f\u00fcr jeden Lehrer. <\/p>\n<p>                                              <img decoding=\"async\" alt=\"\" src=\"https:\/\/images-na.ssl-images-amazon.com\/images\/G\/01\/x-locale\/common\/grey-pixel.gif\" class=\"a-lazy-loaded\" data-src=\"https:\/\/m.media-amazon.com\/images\/S\/aplus-media-library-service-media\/806eed1c-2110-43ca-9af4-9ed96f8a2624.__CR175,0,400,500_PT0_SX362_V1___.jpg\"><img decoding=\"async\" alt=\"\" src=\"https:\/\/m.media-amazon.com\/images\/S\/aplus-media-library-service-media\/806eed1c-2110-43ca-9af4-9ed96f8a2624.__CR175,0,400,500_PT0_SX362_V1___.jpg\">  <\/p>\n<h3>  Neuer Blokly Pro <\/h3>\n<p>  Es bietet Sch\u00fclern die M\u00f6glichkeit, zwischen blockbasierter und JavaScript-Codierung zu wechseln. <\/p>\n<p>Dash ist ein echter Roboter f\u00fcr Kinder ab 6 Jahren, der auf seine Umgebung reagiert. Ihr Kind kann es mit unseren kostenlosen iOS- und Android-Apps in spannenden Programmierabenteuern zum Leben erwecken.<br \/>Verwenden Sie Ihr Apple- oder Android-Smartphone oder -Tablet, um Dash so zu programmieren, dass er sich bewegt, tanzt, aufleuchtet, Ger\u00e4usche macht, Hindernissen ausweicht oder sogar auf Ihre Stimme reagiert. Kinder k\u00f6nnen Dash mit der Wonder-App programmieren.<br \/>Keine Anleitung erforderlich! Unsere Wonder- und Blocky-Apps bieten herausfordernde Tutorials, die Ihnen beibringen, Dash von Grund auf zu programmieren.<br \/>Wird komplett montiert geliefert, keine Batterien erforderlich. Wird mit einem USB-Ladekabel und zwei Bausteinanschl\u00fcssen geliefert, um den Spa\u00df mit LEGO- und LEGO Technic-kompatiblen Bausteinen zu verl\u00e4ngern.<br \/>Auszeichnungen: National Parenting Gold 2015, Time to Play Magazine 2015 Holiday Most Wanted List, Opening Minds Innovation for Schools, ISTE Best of Show for Schools.<br \/>Lernroboter von morgen: Mit Dash erlernen Kinder im Alter von 6-12 Jahren spielerisch das ABC des Programmierens. Es wird Ihr Kind begeistern, weil es das Programmieren sichtbar und erlebbar macht.<\/p>\n<p>[ad_2]<\/p>\n","protected":false},"excerpt":{"rendered":"<p>Von der Marke Lernen Sie Dash Robot kennen Dash ist bei Kindern und Lehrern in den USA und auf der ganzen Welt beliebt Lernen Sie, auf unterhaltsame Weise zu programmieren Wunder zu Hause Mit Make Wonder erhalten Kinder einen Vorsprung bei Aktivit\u00e4ten, bei denen Blockcodierung vermittelt wird Entfesseln Sie Ihre Kreativit\u00e4t Ein virtueller Roboter f\u00fcr [&hellip;]<\/p>\n","protected":false},"featured_media":759,"comment_status":"open","ping_status":"closed","template":"","meta":{"_aipt_faq_data":""},"store":[],"product_brand":[],"product_cat":[78],"product_tag":[194],"class_list":{"0":"post-758","1":"product","2":"type-product","3":"status-publish","4":"has-post-thumbnail","6":"product_cat-programmierroboter-fuer-kinder","7":"product_tag-programmierroboter-fuer-kinder-ab-6","9":"first","10":"instock","11":"sale","12":"shipping-taxable","13":"product-type-external"},"yoast_head":"<!-- This site is optimized with the Yoast SEO plugin v27.4 - https:\/\/yoast.com\/product\/yoast-seo-wordpress\/ -->\n<title>Wonder Workshop Dash Robots \u2013 Programmieren lernen f\u00fcr Kinder \u2013 Spielzeug, Blau - EasyLifeBro<\/title>\n<meta name=\"description\" content=\"Entdecken Sie smarte Roboter f\u00fcr Zuhause, Garten, Bildung und Sicherheit. Vergleichen Sie Saugroboter, Rasenm\u00e4hroboter, KI-Begleitroboter und mehr bei EasyLifeRobo.\" \/>\n<meta name=\"robots\" content=\"index, follow, max-snippet:-1, max-image-preview:large, max-video-preview:-1\" \/>\n<link rel=\"canonical\" href=\"https:\/\/easyliferobo.com\/de\/product\/wonder-workshop-dash-robots-programmieren-lernen-fuer-kinder-spielzeug-blau\/\" \/>\n<meta property=\"og:locale\" content=\"de_DE\" \/>\n<meta property=\"og:type\" content=\"article\" \/>\n<meta property=\"og:title\" content=\"Wonder Workshop Dash Robots \u2013 Programmieren lernen f\u00fcr Kinder \u2013 Spielzeug, Blau - EasyLifeBro\" \/>\n<meta property=\"og:description\" content=\"Entdecken Sie smarte Roboter f\u00fcr Zuhause, Garten, Bildung und Sicherheit. Vergleichen Sie Saugroboter, Rasenm\u00e4hroboter, KI-Begleitroboter und mehr bei EasyLifeRobo.\" \/>\n<meta property=\"og:url\" content=\"https:\/\/easyliferobo.com\/de\/product\/wonder-workshop-dash-robots-programmieren-lernen-fuer-kinder-spielzeug-blau\/\" \/>\n<meta property=\"og:site_name\" content=\"EasyLifeBro\" \/>\n<meta property=\"article:modified_time\" content=\"2026-02-22T10:25:39+00:00\" \/>\n<meta property=\"og:image\" content=\"https:\/\/easyliferobo.com\/de\/wp-content\/uploads\/2026\/02\/61vhQMB0CzL._AC_SL1500_.jpg\" \/>\n\t<meta property=\"og:image:width\" content=\"1500\" \/>\n\t<meta property=\"og:image:height\" content=\"1383\" \/>\n\t<meta property=\"og:image:type\" content=\"image\/jpeg\" \/>\n<meta name=\"twitter:card\" content=\"summary_large_image\" \/>\n<meta name=\"twitter:label1\" content=\"Gesch\u00e4tzte Lesezeit\" \/>\n\t<meta name=\"twitter:data1\" content=\"1\u00a0Minute\" \/>\n<script type=\"application\/ld+json\" class=\"yoast-schema-graph\">{\"@context\":\"https:\\\/\\\/schema.org\",\"@graph\":[{\"@type\":\"WebPage\",\"@id\":\"https:\\\/\\\/easyliferobo.com\\\/de\\\/product\\\/wonder-workshop-dash-robots-programmieren-lernen-fuer-kinder-spielzeug-blau\\\/\",\"url\":\"https:\\\/\\\/easyliferobo.com\\\/de\\\/product\\\/wonder-workshop-dash-robots-programmieren-lernen-fuer-kinder-spielzeug-blau\\\/\",\"name\":\"Wonder Workshop Dash Robots \u2013 Programmieren lernen f\u00fcr Kinder \u2013 Spielzeug, Blau - EasyLifeBro\",\"isPartOf\":{\"@id\":\"https:\\\/\\\/easyliferobo.com\\\/de\\\/#website\"},\"primaryImageOfPage\":{\"@id\":\"https:\\\/\\\/easyliferobo.com\\\/de\\\/product\\\/wonder-workshop-dash-robots-programmieren-lernen-fuer-kinder-spielzeug-blau\\\/#primaryimage\"},\"image\":{\"@id\":\"https:\\\/\\\/easyliferobo.com\\\/de\\\/product\\\/wonder-workshop-dash-robots-programmieren-lernen-fuer-kinder-spielzeug-blau\\\/#primaryimage\"},\"thumbnailUrl\":\"https:\\\/\\\/easyliferobo.com\\\/de\\\/wp-content\\\/uploads\\\/2026\\\/02\\\/61vhQMB0CzL._AC_SL1500_.jpg\",\"datePublished\":\"2026-02-22T10:25:24+00:00\",\"dateModified\":\"2026-02-22T10:25:39+00:00\",\"description\":\"Entdecken Sie smarte Roboter f\u00fcr Zuhause, Garten, Bildung und Sicherheit. Vergleichen Sie Saugroboter, Rasenm\u00e4hroboter, KI-Begleitroboter und mehr bei EasyLifeRobo.\",\"breadcrumb\":{\"@id\":\"https:\\\/\\\/easyliferobo.com\\\/de\\\/product\\\/wonder-workshop-dash-robots-programmieren-lernen-fuer-kinder-spielzeug-blau\\\/#breadcrumb\"},\"inLanguage\":\"de\",\"potentialAction\":[{\"@type\":\"ReadAction\",\"target\":[\"https:\\\/\\\/easyliferobo.com\\\/de\\\/product\\\/wonder-workshop-dash-robots-programmieren-lernen-fuer-kinder-spielzeug-blau\\\/\"]}]},{\"@type\":\"ImageObject\",\"inLanguage\":\"de\",\"@id\":\"https:\\\/\\\/easyliferobo.com\\\/de\\\/product\\\/wonder-workshop-dash-robots-programmieren-lernen-fuer-kinder-spielzeug-blau\\\/#primaryimage\",\"url\":\"https:\\\/\\\/easyliferobo.com\\\/de\\\/wp-content\\\/uploads\\\/2026\\\/02\\\/61vhQMB0CzL._AC_SL1500_.jpg\",\"contentUrl\":\"https:\\\/\\\/easyliferobo.com\\\/de\\\/wp-content\\\/uploads\\\/2026\\\/02\\\/61vhQMB0CzL._AC_SL1500_.jpg\",\"width\":1500,\"height\":1383},{\"@type\":\"BreadcrumbList\",\"@id\":\"https:\\\/\\\/easyliferobo.com\\\/de\\\/product\\\/wonder-workshop-dash-robots-programmieren-lernen-fuer-kinder-spielzeug-blau\\\/#breadcrumb\",\"itemListElement\":[{\"@type\":\"ListItem\",\"position\":1,\"name\":\"Home\",\"item\":\"https:\\\/\\\/easyliferobo.com\\\/de\\\/\"},{\"@type\":\"ListItem\",\"position\":2,\"name\":\"Shop\",\"item\":\"https:\\\/\\\/easyliferobo.com\\\/de\\\/shop\\\/\"},{\"@type\":\"ListItem\",\"position\":3,\"name\":\"Wonder Workshop Dash Robots \u2013 Pro...\"}]},{\"@type\":\"WebSite\",\"@id\":\"https:\\\/\\\/easyliferobo.com\\\/de\\\/#website\",\"url\":\"https:\\\/\\\/easyliferobo.com\\\/de\\\/\",\"name\":\"EasyLifeBro\",\"description\":\"Smarte Roboter f\u00fcr Zuhause, Garten &amp; Bildung\",\"publisher\":{\"@id\":\"https:\\\/\\\/easyliferobo.com\\\/de\\\/#organization\"},\"potentialAction\":[{\"@type\":\"SearchAction\",\"target\":{\"@type\":\"EntryPoint\",\"urlTemplate\":\"https:\\\/\\\/easyliferobo.com\\\/de\\\/?s={search_term_string}\"},\"query-input\":{\"@type\":\"PropertyValueSpecification\",\"valueRequired\":true,\"valueName\":\"search_term_string\"}}],\"inLanguage\":\"de\"},{\"@type\":\"Organization\",\"@id\":\"https:\\\/\\\/easyliferobo.com\\\/de\\\/#organization\",\"name\":\"EasyLifeBro\",\"url\":\"https:\\\/\\\/easyliferobo.com\\\/de\\\/\",\"logo\":{\"@type\":\"ImageObject\",\"inLanguage\":\"de\",\"@id\":\"https:\\\/\\\/easyliferobo.com\\\/de\\\/#\\\/schema\\\/logo\\\/image\\\/\",\"url\":\"https:\\\/\\\/easyliferobo.com\\\/de\\\/wp-content\\\/uploads\\\/2026\\\/02\\\/Screenshot-2026-02-22-at-2.25.03-PM.png\",\"contentUrl\":\"https:\\\/\\\/easyliferobo.com\\\/de\\\/wp-content\\\/uploads\\\/2026\\\/02\\\/Screenshot-2026-02-22-at-2.25.03-PM.png\",\"width\":1858,\"height\":430,\"caption\":\"EasyLifeBro\"},\"image\":{\"@id\":\"https:\\\/\\\/easyliferobo.com\\\/de\\\/#\\\/schema\\\/logo\\\/image\\\/\"}}]}<\/script>\n<!-- \/ Yoast SEO plugin. -->","yoast_head_json":{"title":"Wonder Workshop Dash Robots \u2013 Programmieren lernen f\u00fcr Kinder \u2013 Spielzeug, Blau - EasyLifeBro","description":"Entdecken Sie smarte Roboter f\u00fcr Zuhause, Garten, Bildung und Sicherheit. Vergleichen Sie Saugroboter, Rasenm\u00e4hroboter, KI-Begleitroboter und mehr bei EasyLifeRobo.","robots":{"index":"index","follow":"follow","max-snippet":"max-snippet:-1","max-image-preview":"max-image-preview:large","max-video-preview":"max-video-preview:-1"},"canonical":"https:\/\/easyliferobo.com\/de\/product\/wonder-workshop-dash-robots-programmieren-lernen-fuer-kinder-spielzeug-blau\/","og_locale":"de_DE","og_type":"article","og_title":"Wonder Workshop Dash Robots \u2013 Programmieren lernen f\u00fcr Kinder \u2013 Spielzeug, Blau - EasyLifeBro","og_description":"Entdecken Sie smarte Roboter f\u00fcr Zuhause, Garten, Bildung und Sicherheit. Vergleichen Sie Saugroboter, Rasenm\u00e4hroboter, KI-Begleitroboter und mehr bei EasyLifeRobo.","og_url":"https:\/\/easyliferobo.com\/de\/product\/wonder-workshop-dash-robots-programmieren-lernen-fuer-kinder-spielzeug-blau\/","og_site_name":"EasyLifeBro","article_modified_time":"2026-02-22T10:25:39+00:00","og_image":[{"width":1500,"height":1383,"url":"https:\/\/easyliferobo.com\/de\/wp-content\/uploads\/2026\/02\/61vhQMB0CzL._AC_SL1500_.jpg","type":"image\/jpeg"}],"twitter_card":"summary_large_image","twitter_misc":{"Gesch\u00e4tzte Lesezeit":"1\u00a0Minute"},"schema":{"@context":"https:\/\/schema.org","@graph":[{"@type":"WebPage","@id":"https:\/\/easyliferobo.com\/de\/product\/wonder-workshop-dash-robots-programmieren-lernen-fuer-kinder-spielzeug-blau\/","url":"https:\/\/easyliferobo.com\/de\/product\/wonder-workshop-dash-robots-programmieren-lernen-fuer-kinder-spielzeug-blau\/","name":"Wonder Workshop Dash Robots \u2013 Programmieren lernen f\u00fcr Kinder \u2013 Spielzeug, Blau - EasyLifeBro","isPartOf":{"@id":"https:\/\/easyliferobo.com\/de\/#website"},"primaryImageOfPage":{"@id":"https:\/\/easyliferobo.com\/de\/product\/wonder-workshop-dash-robots-programmieren-lernen-fuer-kinder-spielzeug-blau\/#primaryimage"},"image":{"@id":"https:\/\/easyliferobo.com\/de\/product\/wonder-workshop-dash-robots-programmieren-lernen-fuer-kinder-spielzeug-blau\/#primaryimage"},"thumbnailUrl":"https:\/\/easyliferobo.com\/de\/wp-content\/uploads\/2026\/02\/61vhQMB0CzL._AC_SL1500_.jpg","datePublished":"2026-02-22T10:25:24+00:00","dateModified":"2026-02-22T10:25:39+00:00","description":"Entdecken Sie smarte Roboter f\u00fcr Zuhause, Garten, Bildung und Sicherheit. Vergleichen Sie Saugroboter, Rasenm\u00e4hroboter, KI-Begleitroboter und mehr bei EasyLifeRobo.","breadcrumb":{"@id":"https:\/\/easyliferobo.com\/de\/product\/wonder-workshop-dash-robots-programmieren-lernen-fuer-kinder-spielzeug-blau\/#breadcrumb"},"inLanguage":"de","potentialAction":[{"@type":"ReadAction","target":["https:\/\/easyliferobo.com\/de\/product\/wonder-workshop-dash-robots-programmieren-lernen-fuer-kinder-spielzeug-blau\/"]}]},{"@type":"ImageObject","inLanguage":"de","@id":"https:\/\/easyliferobo.com\/de\/product\/wonder-workshop-dash-robots-programmieren-lernen-fuer-kinder-spielzeug-blau\/#primaryimage","url":"https:\/\/easyliferobo.com\/de\/wp-content\/uploads\/2026\/02\/61vhQMB0CzL._AC_SL1500_.jpg","contentUrl":"https:\/\/easyliferobo.com\/de\/wp-content\/uploads\/2026\/02\/61vhQMB0CzL._AC_SL1500_.jpg","width":1500,"height":1383},{"@type":"BreadcrumbList","@id":"https:\/\/easyliferobo.com\/de\/product\/wonder-workshop-dash-robots-programmieren-lernen-fuer-kinder-spielzeug-blau\/#breadcrumb","itemListElement":[{"@type":"ListItem","position":1,"name":"Home","item":"https:\/\/easyliferobo.com\/de\/"},{"@type":"ListItem","position":2,"name":"Shop","item":"https:\/\/easyliferobo.com\/de\/shop\/"},{"@type":"ListItem","position":3,"name":"Wonder Workshop Dash Robots \u2013 Pro..."}]},{"@type":"WebSite","@id":"https:\/\/easyliferobo.com\/de\/#website","url":"https:\/\/easyliferobo.com\/de\/","name":"EasyLifeBro","description":"Smarte Roboter f\u00fcr Zuhause, Garten &amp; Bildung","publisher":{"@id":"https:\/\/easyliferobo.com\/de\/#organization"},"potentialAction":[{"@type":"SearchAction","target":{"@type":"EntryPoint","urlTemplate":"https:\/\/easyliferobo.com\/de\/?s={search_term_string}"},"query-input":{"@type":"PropertyValueSpecification","valueRequired":true,"valueName":"search_term_string"}}],"inLanguage":"de"},{"@type":"Organization","@id":"https:\/\/easyliferobo.com\/de\/#organization","name":"EasyLifeBro","url":"https:\/\/easyliferobo.com\/de\/","logo":{"@type":"ImageObject","inLanguage":"de","@id":"https:\/\/easyliferobo.com\/de\/#\/schema\/logo\/image\/","url":"https:\/\/easyliferobo.com\/de\/wp-content\/uploads\/2026\/02\/Screenshot-2026-02-22-at-2.25.03-PM.png","contentUrl":"https:\/\/easyliferobo.com\/de\/wp-content\/uploads\/2026\/02\/Screenshot-2026-02-22-at-2.25.03-PM.png","width":1858,"height":430,"caption":"EasyLifeBro"},"image":{"@id":"https:\/\/easyliferobo.com\/de\/#\/schema\/logo\/image\/"}}]}},"_links":{"self":[{"href":"https:\/\/easyliferobo.com\/de\/wp-json\/wp\/v2\/product\/758","targetHints":{"allow":["GET"]}}],"collection":[{"href":"https:\/\/easyliferobo.com\/de\/wp-json\/wp\/v2\/product"}],"about":[{"href":"https:\/\/easyliferobo.com\/de\/wp-json\/wp\/v2\/types\/product"}],"replies":[{"embeddable":true,"href":"https:\/\/easyliferobo.com\/de\/wp-json\/wp\/v2\/comments?post=758"}],"wp:featuredmedia":[{"embeddable":true,"href":"https:\/\/easyliferobo.com\/de\/wp-json\/wp\/v2\/media\/759"}],"wp:attachment":[{"href":"https:\/\/easyliferobo.com\/de\/wp-json\/wp\/v2\/media?parent=758"}],"wp:term":[{"taxonomy":"store","embeddable":true,"href":"https:\/\/easyliferobo.com\/de\/wp-json\/wp\/v2\/store?post=758"},{"taxonomy":"product_brand","embeddable":true,"href":"https:\/\/easyliferobo.com\/de\/wp-json\/wp\/v2\/product_brand?post=758"},{"taxonomy":"product_cat","embeddable":true,"href":"https:\/\/easyliferobo.com\/de\/wp-json\/wp\/v2\/product_cat?post=758"},{"taxonomy":"product_tag","embeddable":true,"href":"https:\/\/easyliferobo.com\/de\/wp-json\/wp\/v2\/product_tag?post=758"}],"curies":[{"name":"wp","href":"https:\/\/api.w.org\/{rel}","templated":true}]}}