
{"id":738,"date":"2026-02-22T10:22:43","date_gmt":"2026-02-22T10:22:43","guid":{"rendered":"https:\/\/easyliferobo.com\/de\/product\/elegoo-smart-robot-car-kit-v3-0-uno-elektrobaukasten-mit-uno-r3-linienverfolgungsmodul-ultraschallsensor-app-steuerung-per-smartphone-usw-auto-roboter-spielzeug-fuer-erwachsene-und-kinder\/"},"modified":"2026-02-22T23:35:39","modified_gmt":"2026-02-22T23:35:39","slug":"elegoo-smart-robot-car-kit-v3-0-uno-elektrobaukasten-mit-uno-r3-linienverfolgungsmodul-ultraschallsensor-app-steuerung-per-smartphone-usw-auto-roboter-spielzeug-fuer-erwachsene-und-kinder","status":"publish","type":"product","link":"https:\/\/easyliferobo.com\/de\/product\/elegoo-smart-robot-car-kit-v3-0-uno-elektrobaukasten-mit-uno-r3-linienverfolgungsmodul-ultraschallsensor-app-steuerung-per-smartphone-usw-auto-roboter-spielzeug-fuer-erwachsene-und-kinder\/","title":{"rendered":"Elegoo Smart Robot Car Kit V3.0 UNO..."},"content":{"rendered":"<p>\n                                             Von der Marke   <\/p>\n<p>                                              <img decoding=\"async\" alt=\"Der blaue Hintergrund mit einem Tennisschl\u00e4ger und einem Tennisschl\u00e4ger\" src=\"https:\/\/images-na.ssl-images-amazon.com\/images\/G\/01\/x-locale\/common\/grey-pixel.gif\" class=\"a-lazy-loaded\" data-src=\"https:\/\/m.media-amazon.com\/images\/S\/aplus-media-library-service-media\/8c8f07e0-001c-46e7-abe1-69e83d721e83.__CR0,0,1464,625_PT0_SX1464_V1___.jpg\"><img decoding=\"async\" alt=\"Der blaue Hintergrund mit einem Tennisschl\u00e4ger und einem Tennisschl\u00e4ger\" src=\"https:\/\/m.media-amazon.com\/images\/S\/aplus-media-library-service-media\/8c8f07e0-001c-46e7-abe1-69e83d721e83.__CR0,0,1464,625_PT0_SX1464_V1___.jpg\">  <\/p>\n<p>                                              <img decoding=\"async\" alt=\"\" src=\"https:\/\/images-na.ssl-images-amazon.com\/images\/G\/01\/x-locale\/common\/grey-pixel.gif\" class=\"a-lazy-loaded\" data-src=\"https:\/\/m.media-amazon.com\/images\/S\/aplus-media-library-service-media\/23061eb6-cc86-4776-8958-5d3ce828bba1.__CR0,0,315,145_PT0_SX315_V1___.jpg\"><img decoding=\"async\" alt=\"\" src=\"https:\/\/m.media-amazon.com\/images\/S\/aplus-media-library-service-media\/23061eb6-cc86-4776-8958-5d3ce828bba1.__CR0,0,315,145_PT0_SX315_V1___.jpg\">  <\/p>\n<p>  ELEGOO STEM Kits enthalten alle notwendigen Komponenten, Sensoren, Kabel und Platinen, damit Sie mit dem Programmieren, dem Erlernen von Elektronik und der Erstellung von IoT-Projekten beginnen k\u00f6nnen. <\/p>\n<p>  Wir sind bestrebt, die MINT-Ausbildung f\u00fcr die junge Generation leicht erlernbar und zug\u00e4nglich zu machen. <\/p>\n<h3>  ELEGOO Starter-Kit f\u00fcr Arduino <\/h3>\n<p class=\"apm-brand-story-stores-link\">\n<h3>  Elegoo-Steuerplatine <\/h3>\n<p class=\"apm-brand-story-stores-link\">\n<h3>  ELEGOO Roboterauto-Bausatz <\/h3>\n<p class=\"apm-brand-story-stores-link\">\n<h3>  Sensor-Kit und Komponenten-Kit <\/h3>\n<p class=\"apm-brand-story-stores-link\">\n<h3>  ELEGOO-Kabel f\u00fcr Arduino <\/h3>\n<p class=\"apm-brand-story-stores-link\">\n<h3>  ELEGOO Zubeh\u00f6r f\u00fcr Arduino <\/h3>\n<p class=\"apm-brand-story-stores-link\">\n<h3>  ELEGOO Zubeh\u00f6r f\u00fcr Arduino <\/h3>\n<p class=\"apm-brand-story-stores-link\">\n<h3>  ELEGOO Zubeh\u00f6r f\u00fcr Arduino <\/h3>\n<p class=\"apm-brand-story-stores-link\">\n<h3>  ELEGOO Zubeh\u00f6r f\u00fcr Arduino <\/h3>\n<p class=\"apm-brand-story-stores-link\">\n<h3>  ELEGOO Zubeh\u00f6r f\u00fcr Arduino <\/h3>\n<p class=\"apm-brand-story-stores-link\">\n<p>\u2776Intelligentes Auto-Roboter-Bastlerset: Beginnen Sie mit diesem genialen Kit mit Robotik, Arduino-Programmierung und Elektronik-Setup. (Nach der Anleitung auf der mitgelieferten CD k\u00f6nnen Sie die Software herunterladen, das Auto l\u00e4uft nur mit der Software.)<br \/>\u2777Im Vergleich zu Version 2 bietet diese Version 3 mehr als 10 Vorteile: Eingebauter IR-Fernbedienungssensor an Bord, 3-in-1-Linienverfolgungsmodule, optimierte Batterien mit Schutzbeschichtung usw. Jetzt k\u00f6nnen Sie die mitgelieferten Sensoren oder alle anderen Sensoren, die Sie haben, gleichzeitig in die Erweiterungsplatine stecken.<br \/>\u2778Einfache Montage: Alle Modulschnittstellen sind mit XH2.54-Ports konfiguriert, was die Montage angenehmer macht und Installationsfehler reduziert. (Hinweis: Bitte laden Sie die Akkus vor dem Gebrauch vollst\u00e4ndig auf.)<br \/>\u2779Vier Betriebsmodi: Linienverfolgung, Hindernisvermeidung, Infrarot-Fernbedienung und Steuerung mit App \u00fcber Bluetooth (funktioniert sowohl mit IOS als auch mit Android-Smartphone).<br \/>\u277aVerfeinerte Anleitung: Montage-\/Bedienungsanleitung mit HD-Rendering-Schritt-f\u00fcr-Schritt-Bildern. Die beiliegende Dokumentation enth\u00e4lt die notwendigen Programme und Codes.\u3010Deutsche Anleitung herunterladen: http:\/\/bit.ly\/2wbTNtz\u3011\u3010Video ansehen: http:\/\/bit.ly\/2A9Nynw\u3011\u3010Empfohlen ab 12 Jahren: Zur Nutzung des Elegoo-Kits sind Vorkenntnisse in Elektronik und Programmierung erforderlich. Wenn Ihr Kind keine Erfahrung hat, w\u00e4re es besser, wenn jemand es ihm beibringt.\u3011<\/p>\n<p>[ad_2]<\/p>\n","protected":false},"excerpt":{"rendered":"<p>Von der Marke ELEGOO STEM Kits enthalten alle notwendigen Komponenten, Sensoren, Kabel und Platinen, damit Sie mit dem Programmieren, dem Erlernen von Elektronik und der Erstellung von IoT-Projekten beginnen k\u00f6nnen. Wir sind bestrebt, die MINT-Ausbildung f\u00fcr die junge Generation leicht erlernbar und zug\u00e4nglich zu machen. ELEGOO Starter-Kit f\u00fcr Arduino Elegoo-Steuerplatine ELEGOO Roboterauto-Bausatz Sensor-Kit und Komponenten-Kit [&hellip;]<\/p>\n","protected":false},"featured_media":739,"comment_status":"open","ping_status":"closed","template":"","meta":{"_aipt_faq_data":""},"store":[],"product_brand":[192],"product_cat":[80],"product_tag":[191],"class_list":{"0":"post-738","1":"product","2":"type-product","3":"status-publish","4":"has-post-thumbnail","6":"product_brand-elegoo","7":"product_cat-robotik-bausaetze","8":"product_tag-programmgesteuerte-robotik-bausaetze","10":"first","11":"instock","12":"sale","13":"shipping-taxable","14":"product-type-external"},"yoast_head":"<!-- This site is optimized with the Yoast SEO plugin v27.0 - https:\/\/yoast.com\/product\/yoast-seo-wordpress\/ -->\n<title>Elegoo Smart Robot Car Kit V3.0 UNO Elektrobaukasten mit UNO R3, Linienverfolgungsmodul, Ultraschallsensor, App-Steuerung per Smartphone usw. Auto-Roboter-Spielzeug f\u00fcr Erwachsene und Kinder - EasyLifeBro<\/title>\n<meta name=\"description\" content=\"Entdecken Sie smarte Roboter f\u00fcr Zuhause, Garten, Bildung und Sicherheit. Vergleichen Sie Saugroboter, Rasenm\u00e4hroboter, KI-Begleitroboter und mehr bei EasyLifeRobo.\" \/>\n<meta name=\"robots\" content=\"index, follow, max-snippet:-1, max-image-preview:large, max-video-preview:-1\" \/>\n<link rel=\"canonical\" href=\"https:\/\/easyliferobo.com\/de\/product\/elegoo-smart-robot-car-kit-v3-0-uno-elektrobaukasten-mit-uno-r3-linienverfolgungsmodul-ultraschallsensor-app-steuerung-per-smartphone-usw-auto-roboter-spielzeug-fuer-erwachsene-und-kinder\/\" \/>\n<meta property=\"og:locale\" content=\"de_DE\" \/>\n<meta property=\"og:type\" content=\"article\" \/>\n<meta property=\"og:title\" content=\"Elegoo Smart Robot Car Kit V3.0 UNO Elektrobaukasten mit UNO R3, Linienverfolgungsmodul, Ultraschallsensor, App-Steuerung per Smartphone usw. Auto-Roboter-Spielzeug f\u00fcr Erwachsene und Kinder - EasyLifeBro\" \/>\n<meta property=\"og:description\" content=\"Entdecken Sie smarte Roboter f\u00fcr Zuhause, Garten, Bildung und Sicherheit. Vergleichen Sie Saugroboter, Rasenm\u00e4hroboter, KI-Begleitroboter und mehr bei EasyLifeRobo.\" \/>\n<meta property=\"og:url\" content=\"https:\/\/easyliferobo.com\/de\/product\/elegoo-smart-robot-car-kit-v3-0-uno-elektrobaukasten-mit-uno-r3-linienverfolgungsmodul-ultraschallsensor-app-steuerung-per-smartphone-usw-auto-roboter-spielzeug-fuer-erwachsene-und-kinder\/\" \/>\n<meta property=\"og:site_name\" content=\"EasyLifeBro\" \/>\n<meta property=\"article:modified_time\" content=\"2026-02-22T23:35:39+00:00\" \/>\n<meta property=\"og:image\" content=\"https:\/\/easyliferobo.com\/de\/wp-content\/uploads\/2026\/02\/81HPPySChVL._AC_SL1500_.jpg\" \/>\n\t<meta property=\"og:image:width\" content=\"1500\" \/>\n\t<meta property=\"og:image:height\" content=\"1492\" \/>\n\t<meta property=\"og:image:type\" content=\"image\/jpeg\" \/>\n<meta name=\"twitter:card\" content=\"summary_large_image\" \/>\n<meta name=\"twitter:label1\" content=\"Gesch\u00e4tzte Lesezeit\" \/>\n\t<meta name=\"twitter:data1\" content=\"1\u00a0Minute\" \/>\n<script type=\"application\/ld+json\" class=\"yoast-schema-graph\">{\"@context\":\"https:\/\/schema.org\",\"@graph\":[{\"@type\":\"WebPage\",\"@id\":\"https:\/\/easyliferobo.com\/de\/product\/elegoo-smart-robot-car-kit-v3-0-uno-elektrobaukasten-mit-uno-r3-linienverfolgungsmodul-ultraschallsensor-app-steuerung-per-smartphone-usw-auto-roboter-spielzeug-fuer-erwachsene-und-kinder\/\",\"url\":\"https:\/\/easyliferobo.com\/de\/product\/elegoo-smart-robot-car-kit-v3-0-uno-elektrobaukasten-mit-uno-r3-linienverfolgungsmodul-ultraschallsensor-app-steuerung-per-smartphone-usw-auto-roboter-spielzeug-fuer-erwachsene-und-kinder\/\",\"name\":\"Elegoo Smart Robot Car Kit V3.0 UNO Elektrobaukasten mit UNO R3, Linienverfolgungsmodul, Ultraschallsensor, App-Steuerung per Smartphone usw. Auto-Roboter-Spielzeug f\u00fcr Erwachsene und Kinder - EasyLifeBro\",\"isPartOf\":{\"@id\":\"https:\/\/easyliferobo.com\/de\/#website\"},\"primaryImageOfPage\":{\"@id\":\"https:\/\/easyliferobo.com\/de\/product\/elegoo-smart-robot-car-kit-v3-0-uno-elektrobaukasten-mit-uno-r3-linienverfolgungsmodul-ultraschallsensor-app-steuerung-per-smartphone-usw-auto-roboter-spielzeug-fuer-erwachsene-und-kinder\/#primaryimage\"},\"image\":{\"@id\":\"https:\/\/easyliferobo.com\/de\/product\/elegoo-smart-robot-car-kit-v3-0-uno-elektrobaukasten-mit-uno-r3-linienverfolgungsmodul-ultraschallsensor-app-steuerung-per-smartphone-usw-auto-roboter-spielzeug-fuer-erwachsene-und-kinder\/#primaryimage\"},\"thumbnailUrl\":\"https:\/\/easyliferobo.com\/de\/wp-content\/uploads\/2026\/02\/81HPPySChVL._AC_SL1500_.jpg\",\"datePublished\":\"2026-02-22T10:22:43+00:00\",\"dateModified\":\"2026-02-22T23:35:39+00:00\",\"description\":\"Entdecken Sie smarte Roboter f\u00fcr Zuhause, Garten, Bildung und Sicherheit. Vergleichen Sie Saugroboter, Rasenm\u00e4hroboter, KI-Begleitroboter und mehr bei EasyLifeRobo.\",\"breadcrumb\":{\"@id\":\"https:\/\/easyliferobo.com\/de\/product\/elegoo-smart-robot-car-kit-v3-0-uno-elektrobaukasten-mit-uno-r3-linienverfolgungsmodul-ultraschallsensor-app-steuerung-per-smartphone-usw-auto-roboter-spielzeug-fuer-erwachsene-und-kinder\/#breadcrumb\"},\"inLanguage\":\"de\",\"potentialAction\":[{\"@type\":\"ReadAction\",\"target\":[\"https:\/\/easyliferobo.com\/de\/product\/elegoo-smart-robot-car-kit-v3-0-uno-elektrobaukasten-mit-uno-r3-linienverfolgungsmodul-ultraschallsensor-app-steuerung-per-smartphone-usw-auto-roboter-spielzeug-fuer-erwachsene-und-kinder\/\"]}]},{\"@type\":\"ImageObject\",\"inLanguage\":\"de\",\"@id\":\"https:\/\/easyliferobo.com\/de\/product\/elegoo-smart-robot-car-kit-v3-0-uno-elektrobaukasten-mit-uno-r3-linienverfolgungsmodul-ultraschallsensor-app-steuerung-per-smartphone-usw-auto-roboter-spielzeug-fuer-erwachsene-und-kinder\/#primaryimage\",\"url\":\"https:\/\/easyliferobo.com\/de\/wp-content\/uploads\/2026\/02\/81HPPySChVL._AC_SL1500_.jpg\",\"contentUrl\":\"https:\/\/easyliferobo.com\/de\/wp-content\/uploads\/2026\/02\/81HPPySChVL._AC_SL1500_.jpg\",\"width\":1500,\"height\":1492},{\"@type\":\"BreadcrumbList\",\"@id\":\"https:\/\/easyliferobo.com\/de\/product\/elegoo-smart-robot-car-kit-v3-0-uno-elektrobaukasten-mit-uno-r3-linienverfolgungsmodul-ultraschallsensor-app-steuerung-per-smartphone-usw-auto-roboter-spielzeug-fuer-erwachsene-und-kinder\/#breadcrumb\",\"itemListElement\":[{\"@type\":\"ListItem\",\"position\":1,\"name\":\"Home\",\"item\":\"https:\/\/easyliferobo.com\/de\/\"},{\"@type\":\"ListItem\",\"position\":2,\"name\":\"Shop\",\"item\":\"https:\/\/easyliferobo.com\/de\/shop\/\"},{\"@type\":\"ListItem\",\"position\":3,\"name\":\"Elegoo Smart Robot Car Kit V3.0 UNO...\"}]},{\"@type\":\"WebSite\",\"@id\":\"https:\/\/easyliferobo.com\/de\/#website\",\"url\":\"https:\/\/easyliferobo.com\/de\/\",\"name\":\"EasyLifeBro\",\"description\":\"Smarte Roboter f\u00fcr Zuhause, Garten &amp; Bildung\",\"publisher\":{\"@id\":\"https:\/\/easyliferobo.com\/de\/#organization\"},\"potentialAction\":[{\"@type\":\"SearchAction\",\"target\":{\"@type\":\"EntryPoint\",\"urlTemplate\":\"https:\/\/easyliferobo.com\/de\/?s={search_term_string}\"},\"query-input\":{\"@type\":\"PropertyValueSpecification\",\"valueRequired\":true,\"valueName\":\"search_term_string\"}}],\"inLanguage\":\"de\"},{\"@type\":\"Organization\",\"@id\":\"https:\/\/easyliferobo.com\/de\/#organization\",\"name\":\"EasyLifeBro\",\"url\":\"https:\/\/easyliferobo.com\/de\/\",\"logo\":{\"@type\":\"ImageObject\",\"inLanguage\":\"de\",\"@id\":\"https:\/\/easyliferobo.com\/de\/#\/schema\/logo\/image\/\",\"url\":\"https:\/\/easyliferobo.com\/de\/wp-content\/uploads\/2026\/02\/Screenshot-2026-02-22-at-2.25.03-PM.png\",\"contentUrl\":\"https:\/\/easyliferobo.com\/de\/wp-content\/uploads\/2026\/02\/Screenshot-2026-02-22-at-2.25.03-PM.png\",\"width\":1858,\"height\":430,\"caption\":\"EasyLifeBro\"},\"image\":{\"@id\":\"https:\/\/easyliferobo.com\/de\/#\/schema\/logo\/image\/\"}}]}<\/script>\n<!-- \/ Yoast SEO plugin. -->","yoast_head_json":{"title":"Elegoo Smart Robot Car Kit V3.0 UNO Elektrobaukasten mit UNO R3, Linienverfolgungsmodul, Ultraschallsensor, App-Steuerung per Smartphone usw. Auto-Roboter-Spielzeug f\u00fcr Erwachsene und Kinder - EasyLifeBro","description":"Entdecken Sie smarte Roboter f\u00fcr Zuhause, Garten, Bildung und Sicherheit. Vergleichen Sie Saugroboter, Rasenm\u00e4hroboter, KI-Begleitroboter und mehr bei EasyLifeRobo.","robots":{"index":"index","follow":"follow","max-snippet":"max-snippet:-1","max-image-preview":"max-image-preview:large","max-video-preview":"max-video-preview:-1"},"canonical":"https:\/\/easyliferobo.com\/de\/product\/elegoo-smart-robot-car-kit-v3-0-uno-elektrobaukasten-mit-uno-r3-linienverfolgungsmodul-ultraschallsensor-app-steuerung-per-smartphone-usw-auto-roboter-spielzeug-fuer-erwachsene-und-kinder\/","og_locale":"de_DE","og_type":"article","og_title":"Elegoo Smart Robot Car Kit V3.0 UNO Elektrobaukasten mit UNO R3, Linienverfolgungsmodul, Ultraschallsensor, App-Steuerung per Smartphone usw. Auto-Roboter-Spielzeug f\u00fcr Erwachsene und Kinder - EasyLifeBro","og_description":"Entdecken Sie smarte Roboter f\u00fcr Zuhause, Garten, Bildung und Sicherheit. Vergleichen Sie Saugroboter, Rasenm\u00e4hroboter, KI-Begleitroboter und mehr bei EasyLifeRobo.","og_url":"https:\/\/easyliferobo.com\/de\/product\/elegoo-smart-robot-car-kit-v3-0-uno-elektrobaukasten-mit-uno-r3-linienverfolgungsmodul-ultraschallsensor-app-steuerung-per-smartphone-usw-auto-roboter-spielzeug-fuer-erwachsene-und-kinder\/","og_site_name":"EasyLifeBro","article_modified_time":"2026-02-22T23:35:39+00:00","og_image":[{"width":1500,"height":1492,"url":"https:\/\/easyliferobo.com\/de\/wp-content\/uploads\/2026\/02\/81HPPySChVL._AC_SL1500_.jpg","type":"image\/jpeg"}],"twitter_card":"summary_large_image","twitter_misc":{"Gesch\u00e4tzte Lesezeit":"1\u00a0Minute"},"schema":{"@context":"https:\/\/schema.org","@graph":[{"@type":"WebPage","@id":"https:\/\/easyliferobo.com\/de\/product\/elegoo-smart-robot-car-kit-v3-0-uno-elektrobaukasten-mit-uno-r3-linienverfolgungsmodul-ultraschallsensor-app-steuerung-per-smartphone-usw-auto-roboter-spielzeug-fuer-erwachsene-und-kinder\/","url":"https:\/\/easyliferobo.com\/de\/product\/elegoo-smart-robot-car-kit-v3-0-uno-elektrobaukasten-mit-uno-r3-linienverfolgungsmodul-ultraschallsensor-app-steuerung-per-smartphone-usw-auto-roboter-spielzeug-fuer-erwachsene-und-kinder\/","name":"Elegoo Smart Robot Car Kit V3.0 UNO Elektrobaukasten mit UNO R3, Linienverfolgungsmodul, Ultraschallsensor, App-Steuerung per Smartphone usw. Auto-Roboter-Spielzeug f\u00fcr Erwachsene und Kinder - EasyLifeBro","isPartOf":{"@id":"https:\/\/easyliferobo.com\/de\/#website"},"primaryImageOfPage":{"@id":"https:\/\/easyliferobo.com\/de\/product\/elegoo-smart-robot-car-kit-v3-0-uno-elektrobaukasten-mit-uno-r3-linienverfolgungsmodul-ultraschallsensor-app-steuerung-per-smartphone-usw-auto-roboter-spielzeug-fuer-erwachsene-und-kinder\/#primaryimage"},"image":{"@id":"https:\/\/easyliferobo.com\/de\/product\/elegoo-smart-robot-car-kit-v3-0-uno-elektrobaukasten-mit-uno-r3-linienverfolgungsmodul-ultraschallsensor-app-steuerung-per-smartphone-usw-auto-roboter-spielzeug-fuer-erwachsene-und-kinder\/#primaryimage"},"thumbnailUrl":"https:\/\/easyliferobo.com\/de\/wp-content\/uploads\/2026\/02\/81HPPySChVL._AC_SL1500_.jpg","datePublished":"2026-02-22T10:22:43+00:00","dateModified":"2026-02-22T23:35:39+00:00","description":"Entdecken Sie smarte Roboter f\u00fcr Zuhause, Garten, Bildung und Sicherheit. Vergleichen Sie Saugroboter, Rasenm\u00e4hroboter, KI-Begleitroboter und mehr bei EasyLifeRobo.","breadcrumb":{"@id":"https:\/\/easyliferobo.com\/de\/product\/elegoo-smart-robot-car-kit-v3-0-uno-elektrobaukasten-mit-uno-r3-linienverfolgungsmodul-ultraschallsensor-app-steuerung-per-smartphone-usw-auto-roboter-spielzeug-fuer-erwachsene-und-kinder\/#breadcrumb"},"inLanguage":"de","potentialAction":[{"@type":"ReadAction","target":["https:\/\/easyliferobo.com\/de\/product\/elegoo-smart-robot-car-kit-v3-0-uno-elektrobaukasten-mit-uno-r3-linienverfolgungsmodul-ultraschallsensor-app-steuerung-per-smartphone-usw-auto-roboter-spielzeug-fuer-erwachsene-und-kinder\/"]}]},{"@type":"ImageObject","inLanguage":"de","@id":"https:\/\/easyliferobo.com\/de\/product\/elegoo-smart-robot-car-kit-v3-0-uno-elektrobaukasten-mit-uno-r3-linienverfolgungsmodul-ultraschallsensor-app-steuerung-per-smartphone-usw-auto-roboter-spielzeug-fuer-erwachsene-und-kinder\/#primaryimage","url":"https:\/\/easyliferobo.com\/de\/wp-content\/uploads\/2026\/02\/81HPPySChVL._AC_SL1500_.jpg","contentUrl":"https:\/\/easyliferobo.com\/de\/wp-content\/uploads\/2026\/02\/81HPPySChVL._AC_SL1500_.jpg","width":1500,"height":1492},{"@type":"BreadcrumbList","@id":"https:\/\/easyliferobo.com\/de\/product\/elegoo-smart-robot-car-kit-v3-0-uno-elektrobaukasten-mit-uno-r3-linienverfolgungsmodul-ultraschallsensor-app-steuerung-per-smartphone-usw-auto-roboter-spielzeug-fuer-erwachsene-und-kinder\/#breadcrumb","itemListElement":[{"@type":"ListItem","position":1,"name":"Home","item":"https:\/\/easyliferobo.com\/de\/"},{"@type":"ListItem","position":2,"name":"Shop","item":"https:\/\/easyliferobo.com\/de\/shop\/"},{"@type":"ListItem","position":3,"name":"Elegoo Smart Robot Car Kit V3.0 UNO..."}]},{"@type":"WebSite","@id":"https:\/\/easyliferobo.com\/de\/#website","url":"https:\/\/easyliferobo.com\/de\/","name":"EasyLifeBro","description":"Smarte Roboter f\u00fcr Zuhause, Garten &amp; Bildung","publisher":{"@id":"https:\/\/easyliferobo.com\/de\/#organization"},"potentialAction":[{"@type":"SearchAction","target":{"@type":"EntryPoint","urlTemplate":"https:\/\/easyliferobo.com\/de\/?s={search_term_string}"},"query-input":{"@type":"PropertyValueSpecification","valueRequired":true,"valueName":"search_term_string"}}],"inLanguage":"de"},{"@type":"Organization","@id":"https:\/\/easyliferobo.com\/de\/#organization","name":"EasyLifeBro","url":"https:\/\/easyliferobo.com\/de\/","logo":{"@type":"ImageObject","inLanguage":"de","@id":"https:\/\/easyliferobo.com\/de\/#\/schema\/logo\/image\/","url":"https:\/\/easyliferobo.com\/de\/wp-content\/uploads\/2026\/02\/Screenshot-2026-02-22-at-2.25.03-PM.png","contentUrl":"https:\/\/easyliferobo.com\/de\/wp-content\/uploads\/2026\/02\/Screenshot-2026-02-22-at-2.25.03-PM.png","width":1858,"height":430,"caption":"EasyLifeBro"},"image":{"@id":"https:\/\/easyliferobo.com\/de\/#\/schema\/logo\/image\/"}}]}},"_links":{"self":[{"href":"https:\/\/easyliferobo.com\/de\/wp-json\/wp\/v2\/product\/738","targetHints":{"allow":["GET"]}}],"collection":[{"href":"https:\/\/easyliferobo.com\/de\/wp-json\/wp\/v2\/product"}],"about":[{"href":"https:\/\/easyliferobo.com\/de\/wp-json\/wp\/v2\/types\/product"}],"replies":[{"embeddable":true,"href":"https:\/\/easyliferobo.com\/de\/wp-json\/wp\/v2\/comments?post=738"}],"wp:featuredmedia":[{"embeddable":true,"href":"https:\/\/easyliferobo.com\/de\/wp-json\/wp\/v2\/media\/739"}],"wp:attachment":[{"href":"https:\/\/easyliferobo.com\/de\/wp-json\/wp\/v2\/media?parent=738"}],"wp:term":[{"taxonomy":"store","embeddable":true,"href":"https:\/\/easyliferobo.com\/de\/wp-json\/wp\/v2\/store?post=738"},{"taxonomy":"product_brand","embeddable":true,"href":"https:\/\/easyliferobo.com\/de\/wp-json\/wp\/v2\/product_brand?post=738"},{"taxonomy":"product_cat","embeddable":true,"href":"https:\/\/easyliferobo.com\/de\/wp-json\/wp\/v2\/product_cat?post=738"},{"taxonomy":"product_tag","embeddable":true,"href":"https:\/\/easyliferobo.com\/de\/wp-json\/wp\/v2\/product_tag?post=738"}],"curies":[{"name":"wp","href":"https:\/\/api.w.org\/{rel}","templated":true}]}}