
{"id":730,"date":"2026-02-22T10:21:42","date_gmt":"2026-02-22T10:21:42","guid":{"rendered":"https:\/\/easyliferobo.com\/de\/product\/keyestudio-37-in-1-sensormodul-kit-kompatibel-mit-arduino-ide-raspberry-pi-elektronisches-starter-kit-fuer-anfaenger\/"},"modified":"2026-02-22T23:35:39","modified_gmt":"2026-02-22T23:35:39","slug":"keyestudio-37-in-1-sensormodul-kit-kompatibel-mit-arduino-ide-raspberry-pi-elektronisches-starter-kit-fuer-anfaenger","status":"publish","type":"product","link":"https:\/\/easyliferobo.com\/de\/product\/keyestudio-37-in-1-sensormodul-kit-kompatibel-mit-arduino-ide-raspberry-pi-elektronisches-starter-kit-fuer-anfaenger\/","title":{"rendered":"KEYESTUDIO 37-in-1-Sensormodul-Kit,..."},"content":{"rendered":"<p>\n                                             Von der Marke   <\/p>\n<p>                                              <img decoding=\"async\" alt=\"\" src=\"https:\/\/images-na.ssl-images-amazon.com\/images\/G\/01\/x-locale\/common\/grey-pixel.gif\" class=\"a-lazy-loaded\" data-src=\"https:\/\/m.media-amazon.com\/images\/S\/aplus-media-library-service-media\/1b368393-749d-4caa-8e33-c828a53ffc14.__CR0,0,1464,625_PT0_SX1464_V1___.jpg\"><img decoding=\"async\" alt=\"\" src=\"https:\/\/m.media-amazon.com\/images\/S\/aplus-media-library-service-media\/1b368393-749d-4caa-8e33-c828a53ffc14.__CR0,0,1464,625_PT0_SX1464_V1___.jpg\">  <\/p>\n<h3>  \u00dcber uns <\/h3>\n<p>  KEYESTUDIO ist ein Hightech-Unternehmen, das lernende Roboter entwickelt und produziert. <\/p>\n<p>                                              <img decoding=\"async\" alt=\"\" src=\"https:\/\/images-na.ssl-images-amazon.com\/images\/G\/01\/x-locale\/common\/grey-pixel.gif\" class=\"a-lazy-loaded\" data-src=\"https:\/\/m.media-amazon.com\/images\/S\/aplus-media-library-service-media\/e5dd9116-cca4-46ef-bae7-f23c59c3b4f7.__CR0,173,640,295_PT0_SX315_V1___.jpg\"><img decoding=\"async\" alt=\"\" src=\"https:\/\/m.media-amazon.com\/images\/S\/aplus-media-library-service-media\/e5dd9116-cca4-46ef-bae7-f23c59c3b4f7.__CR0,173,640,295_PT0_SX315_V1___.jpg\">  <\/p>\n<p>  KEYESTUDIO-Produkte f\u00fcr Arduino-Boards, Shields, Sensormodule, Raspberry Pi, BBC Microbit, Starter Kits und Robot Car. Wir sind eine Fabrik und ein professionelles Team mit mehr als 10 Jahren Erfahrung. <\/p>\n<p>  Alle unsere Produkte erf\u00fcllen Qualit\u00e4tsstandards und werden von unseren Kunden auf der ganzen Welt sehr gesch\u00e4tzt. Geben Sie unser Bestes, um Ihnen hervorragende Produkte und Dienstleistungen anzubieten, die Ihren Erwartungen entsprechen. <\/p>\n<h3>  Arduino-Roboter-Bausatz <\/h3>\n<p class=\"apm-brand-story-stores-link\">\n<p>                                              <img decoding=\"async\" alt=\"\" src=\"https:\/\/images-na.ssl-images-amazon.com\/images\/G\/01\/x-locale\/common\/grey-pixel.gif\" class=\"a-lazy-loaded\" data-src=\"https:\/\/m.media-amazon.com\/images\/S\/aplus-media-library-service-media\/c931930f-396c-42f3-b189-b47b0579496d.__CR0,0,1199,1500_PT0_SX362_V1___.jpg\"><img decoding=\"async\" alt=\"\" src=\"https:\/\/m.media-amazon.com\/images\/S\/aplus-media-library-service-media\/c931930f-396c-42f3-b189-b47b0579496d.__CR0,0,1199,1500_PT0_SX362_V1___.jpg\">  <\/p>\n<h3>  Mini-Panzerroboter-Bausatz V3 <\/h3>\n<h3>  Starter-Kit f\u00fcr Arduino IDE <\/h3>\n<p class=\"apm-brand-story-stores-link\">\n<h3>  Sensormodul und Kit <\/h3>\n<p class=\"apm-brand-story-stores-link\">\n<h3>  Entwicklungsboard <\/h3>\n<p class=\"apm-brand-story-stores-link\">\n<p>37-in-1-Sensor-Kit: Das KEYESTUDIO-Sensor-Kit enth\u00e4lt 37 Basissensoren und Module. Zum Beispiel ein aktives Summermodul, ein 5-V-Relaismodul, ein Temperatur- und Feuchtigkeitsmodul und so weiter. Es ist mit Arduino und Raspberry Pi kompatibel. (Steuerplatine ausschlie\u00dfen).<br \/>Leicht zu erlernen und Tutorial: Im Wiki von KEYESTUDIO gibt es ausf\u00fchrliche Tutorials. Einschlie\u00dflich Projekteinf\u00fchrung, Verbindungsdiagramm, Quellcode (nur Arduino-Code) und mehr. Tutorial: https:\/\/fs.keyestudio.com\/KT0193F<br \/>Praktische Verpackung und Kunststoffkoffer: Zur bequemen Aufbewahrung von Zubeh\u00f6r bieten wir einen Kunststoffkoffer an. Ideales Geschenk f\u00fcr Geburtstag \/ Weihnachten \/ Chanukka \/ Ostern \/ Sommercampingaktivit\u00e4ten \/ Schulanfang.<br \/>Professioneller Service und Schl\u00fcsselstudio: Wir verf\u00fcgen \u00fcber eine eigene Fabrik und ein professionelles Team mit mehr als 10 Jahren Erfahrung. Immer bereit, Ihre Fragen zu beantworten.<br \/>Hinweis: F\u00fcr die Nutzung der KEYESTUDIO-Starterkits sind grundlegende elektronische Kenntnisse erforderlich. Wenn der Benutzer keine Erfahrung hat, w\u00e4re es besser, ihn beim Lernen von jemandem anleiten und unterrichten zu lassen.<\/p>\n<p>[ad_2]<\/p>\n","protected":false},"excerpt":{"rendered":"<p>Von der Marke \u00dcber uns KEYESTUDIO ist ein Hightech-Unternehmen, das lernende Roboter entwickelt und produziert. KEYESTUDIO-Produkte f\u00fcr Arduino-Boards, Shields, Sensormodule, Raspberry Pi, BBC Microbit, Starter Kits und Robot Car. Wir sind eine Fabrik und ein professionelles Team mit mehr als 10 Jahren Erfahrung. Alle unsere Produkte erf\u00fcllen Qualit\u00e4tsstandards und werden von unseren Kunden auf der [&hellip;]<\/p>\n","protected":false},"featured_media":731,"comment_status":"open","ping_status":"closed","template":"","meta":{"_aipt_faq_data":""},"store":[],"product_brand":[190],"product_cat":[81],"product_tag":[189],"class_list":{"0":"post-730","1":"product","2":"type-product","3":"status-publish","4":"has-post-thumbnail","6":"product_brand-keyestudio","7":"product_cat-arduino-raspberry-pi-kits","8":"product_tag-arduino-raspberry-pi-kits-sensor-bundles","10":"first","11":"instock","12":"sale","13":"shipping-taxable","14":"product-type-external"},"yoast_head":"<!-- This site is optimized with the Yoast SEO plugin v27.0 - https:\/\/yoast.com\/product\/yoast-seo-wordpress\/ -->\n<title>KEYESTUDIO 37-in-1-Sensormodul-Kit, kompatibel mit Arduino IDE, Raspberry Pi, elektronisches Starter-Kit f\u00fcr Anf\u00e4nger - EasyLifeBro<\/title>\n<meta name=\"description\" content=\"Entdecken Sie smarte Roboter f\u00fcr Zuhause, Garten, Bildung und Sicherheit. Vergleichen Sie Saugroboter, Rasenm\u00e4hroboter, KI-Begleitroboter und mehr bei EasyLifeRobo.\" \/>\n<meta name=\"robots\" content=\"index, follow, max-snippet:-1, max-image-preview:large, max-video-preview:-1\" \/>\n<link rel=\"canonical\" href=\"https:\/\/easyliferobo.com\/de\/product\/keyestudio-37-in-1-sensormodul-kit-kompatibel-mit-arduino-ide-raspberry-pi-elektronisches-starter-kit-fuer-anfaenger\/\" \/>\n<meta property=\"og:locale\" content=\"de_DE\" \/>\n<meta property=\"og:type\" content=\"article\" \/>\n<meta property=\"og:title\" content=\"KEYESTUDIO 37-in-1-Sensormodul-Kit, kompatibel mit Arduino IDE, Raspberry Pi, elektronisches Starter-Kit f\u00fcr Anf\u00e4nger - EasyLifeBro\" \/>\n<meta property=\"og:description\" content=\"Entdecken Sie smarte Roboter f\u00fcr Zuhause, Garten, Bildung und Sicherheit. Vergleichen Sie Saugroboter, Rasenm\u00e4hroboter, KI-Begleitroboter und mehr bei EasyLifeRobo.\" \/>\n<meta property=\"og:url\" content=\"https:\/\/easyliferobo.com\/de\/product\/keyestudio-37-in-1-sensormodul-kit-kompatibel-mit-arduino-ide-raspberry-pi-elektronisches-starter-kit-fuer-anfaenger\/\" \/>\n<meta property=\"og:site_name\" content=\"EasyLifeBro\" \/>\n<meta property=\"article:modified_time\" content=\"2026-02-22T23:35:39+00:00\" \/>\n<meta property=\"og:image\" content=\"https:\/\/easyliferobo.com\/de\/wp-content\/uploads\/2026\/02\/812RSCNmQ9L._AC_SL1500_.jpg\" \/>\n\t<meta property=\"og:image:width\" content=\"1493\" \/>\n\t<meta property=\"og:image:height\" content=\"1500\" \/>\n\t<meta property=\"og:image:type\" content=\"image\/jpeg\" \/>\n<meta name=\"twitter:card\" content=\"summary_large_image\" \/>\n<meta name=\"twitter:label1\" content=\"Gesch\u00e4tzte Lesezeit\" \/>\n\t<meta name=\"twitter:data1\" content=\"1\u00a0Minute\" \/>\n<script type=\"application\/ld+json\" class=\"yoast-schema-graph\">{\"@context\":\"https:\/\/schema.org\",\"@graph\":[{\"@type\":\"WebPage\",\"@id\":\"https:\/\/easyliferobo.com\/de\/product\/keyestudio-37-in-1-sensormodul-kit-kompatibel-mit-arduino-ide-raspberry-pi-elektronisches-starter-kit-fuer-anfaenger\/\",\"url\":\"https:\/\/easyliferobo.com\/de\/product\/keyestudio-37-in-1-sensormodul-kit-kompatibel-mit-arduino-ide-raspberry-pi-elektronisches-starter-kit-fuer-anfaenger\/\",\"name\":\"KEYESTUDIO 37-in-1-Sensormodul-Kit, kompatibel mit Arduino IDE, Raspberry Pi, elektronisches Starter-Kit f\u00fcr Anf\u00e4nger - EasyLifeBro\",\"isPartOf\":{\"@id\":\"https:\/\/easyliferobo.com\/de\/#website\"},\"primaryImageOfPage\":{\"@id\":\"https:\/\/easyliferobo.com\/de\/product\/keyestudio-37-in-1-sensormodul-kit-kompatibel-mit-arduino-ide-raspberry-pi-elektronisches-starter-kit-fuer-anfaenger\/#primaryimage\"},\"image\":{\"@id\":\"https:\/\/easyliferobo.com\/de\/product\/keyestudio-37-in-1-sensormodul-kit-kompatibel-mit-arduino-ide-raspberry-pi-elektronisches-starter-kit-fuer-anfaenger\/#primaryimage\"},\"thumbnailUrl\":\"https:\/\/easyliferobo.com\/de\/wp-content\/uploads\/2026\/02\/812RSCNmQ9L._AC_SL1500_.jpg\",\"datePublished\":\"2026-02-22T10:21:42+00:00\",\"dateModified\":\"2026-02-22T23:35:39+00:00\",\"description\":\"Entdecken Sie smarte Roboter f\u00fcr Zuhause, Garten, Bildung und Sicherheit. Vergleichen Sie Saugroboter, Rasenm\u00e4hroboter, KI-Begleitroboter und mehr bei EasyLifeRobo.\",\"breadcrumb\":{\"@id\":\"https:\/\/easyliferobo.com\/de\/product\/keyestudio-37-in-1-sensormodul-kit-kompatibel-mit-arduino-ide-raspberry-pi-elektronisches-starter-kit-fuer-anfaenger\/#breadcrumb\"},\"inLanguage\":\"de\",\"potentialAction\":[{\"@type\":\"ReadAction\",\"target\":[\"https:\/\/easyliferobo.com\/de\/product\/keyestudio-37-in-1-sensormodul-kit-kompatibel-mit-arduino-ide-raspberry-pi-elektronisches-starter-kit-fuer-anfaenger\/\"]}]},{\"@type\":\"ImageObject\",\"inLanguage\":\"de\",\"@id\":\"https:\/\/easyliferobo.com\/de\/product\/keyestudio-37-in-1-sensormodul-kit-kompatibel-mit-arduino-ide-raspberry-pi-elektronisches-starter-kit-fuer-anfaenger\/#primaryimage\",\"url\":\"https:\/\/easyliferobo.com\/de\/wp-content\/uploads\/2026\/02\/812RSCNmQ9L._AC_SL1500_.jpg\",\"contentUrl\":\"https:\/\/easyliferobo.com\/de\/wp-content\/uploads\/2026\/02\/812RSCNmQ9L._AC_SL1500_.jpg\",\"width\":1493,\"height\":1500},{\"@type\":\"BreadcrumbList\",\"@id\":\"https:\/\/easyliferobo.com\/de\/product\/keyestudio-37-in-1-sensormodul-kit-kompatibel-mit-arduino-ide-raspberry-pi-elektronisches-starter-kit-fuer-anfaenger\/#breadcrumb\",\"itemListElement\":[{\"@type\":\"ListItem\",\"position\":1,\"name\":\"Home\",\"item\":\"https:\/\/easyliferobo.com\/de\/\"},{\"@type\":\"ListItem\",\"position\":2,\"name\":\"Shop\",\"item\":\"https:\/\/easyliferobo.com\/de\/shop\/\"},{\"@type\":\"ListItem\",\"position\":3,\"name\":\"KEYESTUDIO 37-in-1-Sensormodul-Kit,...\"}]},{\"@type\":\"WebSite\",\"@id\":\"https:\/\/easyliferobo.com\/de\/#website\",\"url\":\"https:\/\/easyliferobo.com\/de\/\",\"name\":\"EasyLifeBro\",\"description\":\"Smarte Roboter f\u00fcr Zuhause, Garten &amp; Bildung\",\"publisher\":{\"@id\":\"https:\/\/easyliferobo.com\/de\/#organization\"},\"potentialAction\":[{\"@type\":\"SearchAction\",\"target\":{\"@type\":\"EntryPoint\",\"urlTemplate\":\"https:\/\/easyliferobo.com\/de\/?s={search_term_string}\"},\"query-input\":{\"@type\":\"PropertyValueSpecification\",\"valueRequired\":true,\"valueName\":\"search_term_string\"}}],\"inLanguage\":\"de\"},{\"@type\":\"Organization\",\"@id\":\"https:\/\/easyliferobo.com\/de\/#organization\",\"name\":\"EasyLifeBro\",\"url\":\"https:\/\/easyliferobo.com\/de\/\",\"logo\":{\"@type\":\"ImageObject\",\"inLanguage\":\"de\",\"@id\":\"https:\/\/easyliferobo.com\/de\/#\/schema\/logo\/image\/\",\"url\":\"https:\/\/easyliferobo.com\/de\/wp-content\/uploads\/2026\/02\/Screenshot-2026-02-22-at-2.25.03-PM.png\",\"contentUrl\":\"https:\/\/easyliferobo.com\/de\/wp-content\/uploads\/2026\/02\/Screenshot-2026-02-22-at-2.25.03-PM.png\",\"width\":1858,\"height\":430,\"caption\":\"EasyLifeBro\"},\"image\":{\"@id\":\"https:\/\/easyliferobo.com\/de\/#\/schema\/logo\/image\/\"}}]}<\/script>\n<!-- \/ Yoast SEO plugin. -->","yoast_head_json":{"title":"KEYESTUDIO 37-in-1-Sensormodul-Kit, kompatibel mit Arduino IDE, Raspberry Pi, elektronisches Starter-Kit f\u00fcr Anf\u00e4nger - EasyLifeBro","description":"Entdecken Sie smarte Roboter f\u00fcr Zuhause, Garten, Bildung und Sicherheit. Vergleichen Sie Saugroboter, Rasenm\u00e4hroboter, KI-Begleitroboter und mehr bei EasyLifeRobo.","robots":{"index":"index","follow":"follow","max-snippet":"max-snippet:-1","max-image-preview":"max-image-preview:large","max-video-preview":"max-video-preview:-1"},"canonical":"https:\/\/easyliferobo.com\/de\/product\/keyestudio-37-in-1-sensormodul-kit-kompatibel-mit-arduino-ide-raspberry-pi-elektronisches-starter-kit-fuer-anfaenger\/","og_locale":"de_DE","og_type":"article","og_title":"KEYESTUDIO 37-in-1-Sensormodul-Kit, kompatibel mit Arduino IDE, Raspberry Pi, elektronisches Starter-Kit f\u00fcr Anf\u00e4nger - EasyLifeBro","og_description":"Entdecken Sie smarte Roboter f\u00fcr Zuhause, Garten, Bildung und Sicherheit. Vergleichen Sie Saugroboter, Rasenm\u00e4hroboter, KI-Begleitroboter und mehr bei EasyLifeRobo.","og_url":"https:\/\/easyliferobo.com\/de\/product\/keyestudio-37-in-1-sensormodul-kit-kompatibel-mit-arduino-ide-raspberry-pi-elektronisches-starter-kit-fuer-anfaenger\/","og_site_name":"EasyLifeBro","article_modified_time":"2026-02-22T23:35:39+00:00","og_image":[{"width":1493,"height":1500,"url":"https:\/\/easyliferobo.com\/de\/wp-content\/uploads\/2026\/02\/812RSCNmQ9L._AC_SL1500_.jpg","type":"image\/jpeg"}],"twitter_card":"summary_large_image","twitter_misc":{"Gesch\u00e4tzte Lesezeit":"1\u00a0Minute"},"schema":{"@context":"https:\/\/schema.org","@graph":[{"@type":"WebPage","@id":"https:\/\/easyliferobo.com\/de\/product\/keyestudio-37-in-1-sensormodul-kit-kompatibel-mit-arduino-ide-raspberry-pi-elektronisches-starter-kit-fuer-anfaenger\/","url":"https:\/\/easyliferobo.com\/de\/product\/keyestudio-37-in-1-sensormodul-kit-kompatibel-mit-arduino-ide-raspberry-pi-elektronisches-starter-kit-fuer-anfaenger\/","name":"KEYESTUDIO 37-in-1-Sensormodul-Kit, kompatibel mit Arduino IDE, Raspberry Pi, elektronisches Starter-Kit f\u00fcr Anf\u00e4nger - EasyLifeBro","isPartOf":{"@id":"https:\/\/easyliferobo.com\/de\/#website"},"primaryImageOfPage":{"@id":"https:\/\/easyliferobo.com\/de\/product\/keyestudio-37-in-1-sensormodul-kit-kompatibel-mit-arduino-ide-raspberry-pi-elektronisches-starter-kit-fuer-anfaenger\/#primaryimage"},"image":{"@id":"https:\/\/easyliferobo.com\/de\/product\/keyestudio-37-in-1-sensormodul-kit-kompatibel-mit-arduino-ide-raspberry-pi-elektronisches-starter-kit-fuer-anfaenger\/#primaryimage"},"thumbnailUrl":"https:\/\/easyliferobo.com\/de\/wp-content\/uploads\/2026\/02\/812RSCNmQ9L._AC_SL1500_.jpg","datePublished":"2026-02-22T10:21:42+00:00","dateModified":"2026-02-22T23:35:39+00:00","description":"Entdecken Sie smarte Roboter f\u00fcr Zuhause, Garten, Bildung und Sicherheit. Vergleichen Sie Saugroboter, Rasenm\u00e4hroboter, KI-Begleitroboter und mehr bei EasyLifeRobo.","breadcrumb":{"@id":"https:\/\/easyliferobo.com\/de\/product\/keyestudio-37-in-1-sensormodul-kit-kompatibel-mit-arduino-ide-raspberry-pi-elektronisches-starter-kit-fuer-anfaenger\/#breadcrumb"},"inLanguage":"de","potentialAction":[{"@type":"ReadAction","target":["https:\/\/easyliferobo.com\/de\/product\/keyestudio-37-in-1-sensormodul-kit-kompatibel-mit-arduino-ide-raspberry-pi-elektronisches-starter-kit-fuer-anfaenger\/"]}]},{"@type":"ImageObject","inLanguage":"de","@id":"https:\/\/easyliferobo.com\/de\/product\/keyestudio-37-in-1-sensormodul-kit-kompatibel-mit-arduino-ide-raspberry-pi-elektronisches-starter-kit-fuer-anfaenger\/#primaryimage","url":"https:\/\/easyliferobo.com\/de\/wp-content\/uploads\/2026\/02\/812RSCNmQ9L._AC_SL1500_.jpg","contentUrl":"https:\/\/easyliferobo.com\/de\/wp-content\/uploads\/2026\/02\/812RSCNmQ9L._AC_SL1500_.jpg","width":1493,"height":1500},{"@type":"BreadcrumbList","@id":"https:\/\/easyliferobo.com\/de\/product\/keyestudio-37-in-1-sensormodul-kit-kompatibel-mit-arduino-ide-raspberry-pi-elektronisches-starter-kit-fuer-anfaenger\/#breadcrumb","itemListElement":[{"@type":"ListItem","position":1,"name":"Home","item":"https:\/\/easyliferobo.com\/de\/"},{"@type":"ListItem","position":2,"name":"Shop","item":"https:\/\/easyliferobo.com\/de\/shop\/"},{"@type":"ListItem","position":3,"name":"KEYESTUDIO 37-in-1-Sensormodul-Kit,..."}]},{"@type":"WebSite","@id":"https:\/\/easyliferobo.com\/de\/#website","url":"https:\/\/easyliferobo.com\/de\/","name":"EasyLifeBro","description":"Smarte Roboter f\u00fcr Zuhause, Garten &amp; Bildung","publisher":{"@id":"https:\/\/easyliferobo.com\/de\/#organization"},"potentialAction":[{"@type":"SearchAction","target":{"@type":"EntryPoint","urlTemplate":"https:\/\/easyliferobo.com\/de\/?s={search_term_string}"},"query-input":{"@type":"PropertyValueSpecification","valueRequired":true,"valueName":"search_term_string"}}],"inLanguage":"de"},{"@type":"Organization","@id":"https:\/\/easyliferobo.com\/de\/#organization","name":"EasyLifeBro","url":"https:\/\/easyliferobo.com\/de\/","logo":{"@type":"ImageObject","inLanguage":"de","@id":"https:\/\/easyliferobo.com\/de\/#\/schema\/logo\/image\/","url":"https:\/\/easyliferobo.com\/de\/wp-content\/uploads\/2026\/02\/Screenshot-2026-02-22-at-2.25.03-PM.png","contentUrl":"https:\/\/easyliferobo.com\/de\/wp-content\/uploads\/2026\/02\/Screenshot-2026-02-22-at-2.25.03-PM.png","width":1858,"height":430,"caption":"EasyLifeBro"},"image":{"@id":"https:\/\/easyliferobo.com\/de\/#\/schema\/logo\/image\/"}}]}},"_links":{"self":[{"href":"https:\/\/easyliferobo.com\/de\/wp-json\/wp\/v2\/product\/730","targetHints":{"allow":["GET"]}}],"collection":[{"href":"https:\/\/easyliferobo.com\/de\/wp-json\/wp\/v2\/product"}],"about":[{"href":"https:\/\/easyliferobo.com\/de\/wp-json\/wp\/v2\/types\/product"}],"replies":[{"embeddable":true,"href":"https:\/\/easyliferobo.com\/de\/wp-json\/wp\/v2\/comments?post=730"}],"wp:featuredmedia":[{"embeddable":true,"href":"https:\/\/easyliferobo.com\/de\/wp-json\/wp\/v2\/media\/731"}],"wp:attachment":[{"href":"https:\/\/easyliferobo.com\/de\/wp-json\/wp\/v2\/media?parent=730"}],"wp:term":[{"taxonomy":"store","embeddable":true,"href":"https:\/\/easyliferobo.com\/de\/wp-json\/wp\/v2\/store?post=730"},{"taxonomy":"product_brand","embeddable":true,"href":"https:\/\/easyliferobo.com\/de\/wp-json\/wp\/v2\/product_brand?post=730"},{"taxonomy":"product_cat","embeddable":true,"href":"https:\/\/easyliferobo.com\/de\/wp-json\/wp\/v2\/product_cat?post=730"},{"taxonomy":"product_tag","embeddable":true,"href":"https:\/\/easyliferobo.com\/de\/wp-json\/wp\/v2\/product_tag?post=730"}],"curies":[{"name":"wp","href":"https:\/\/api.w.org\/{rel}","templated":true}]}}