
{"id":720,"date":"2026-02-22T10:20:37","date_gmt":"2026-02-22T10:20:37","guid":{"rendered":"https:\/\/easyliferobo.com\/de\/product\/v100-rasenmaeherroboter-ohne-begrenzungskabel-mit-vision-navigation-hindernisvermeidung-150-typen-40-ah-akku-rasenmaeherroboter-rasenroboter-mit-ersatzmessern-geeignet-fuer-kleine\/"},"modified":"2026-02-22T23:35:39","modified_gmt":"2026-02-22T23:35:39","slug":"v100-rasenmaeherroboter-ohne-begrenzungskabel-mit-vision-navigation-hindernisvermeidung-150-typen-40-ah-akku-rasenmaeherroboter-rasenroboter-mit-ersatzmessern-geeignet-fuer-kleine","status":"publish","type":"product","link":"https:\/\/easyliferobo.com\/de\/product\/v100-rasenmaeherroboter-ohne-begrenzungskabel-mit-vision-navigation-hindernisvermeidung-150-typen-40-ah-akku-rasenmaeherroboter-rasenroboter-mit-ersatzmessern-geeignet-fuer-kleine\/","title":{"rendered":"V100 Rasenm\u00e4herroboter ohne Begren..."},"content":{"rendered":"<p>\n                                             Von der Marke   <\/p>\n<p>                                              <img decoding=\"async\" alt=\"Aplus-Inhaltsbild\" src=\"https:\/\/images-na.ssl-images-amazon.com\/images\/G\/01\/x-locale\/common\/grey-pixel.gif\" class=\"a-lazy-loaded\" data-src=\"https:\/\/m.media-amazon.com\/images\/S\/aplus-media-library-service-media\/f09be3a6-3635-42c5-80b1-283fc242e0d5.__CR0,0,1464,625_PT0_SX1464_V1___.jpg\"><img decoding=\"async\" alt=\"Aplus-Inhaltsbild\" src=\"https:\/\/m.media-amazon.com\/images\/S\/aplus-media-library-service-media\/f09be3a6-3635-42c5-80b1-283fc242e0d5.__CR0,0,1464,625_PT0_SX1464_V1___.jpg\">  <\/p>\n<p>                                              <img decoding=\"async\" alt=\"Der Text lautet \u201eYARDCARE\u201c. Anschlie\u00dfend folgt ein deutscher Text \u00fcber die Mission und Technologie von Gartenger\u00e4ten. Blauer Hintergrund mit Produktinformationslayout.\" src=\"https:\/\/images-na.ssl-images-amazon.com\/images\/G\/01\/x-locale\/common\/grey-pixel.gif\" class=\"a-lazy-loaded\" data-src=\"https:\/\/m.media-amazon.com\/images\/S\/aplus-media-library-service-media\/0980c40b-1a71-44d8-8dc8-4454753eb389.__CR0,0,362,453_PT0_SX362_V1___.jpg\"><img decoding=\"async\" alt=\"Der Text lautet \u201eYARDCARE\u201c. Anschlie\u00dfend folgt ein deutscher Text \u00fcber die Mission und Technologie von Gartenger\u00e4ten. Blauer Hintergrund mit Produktinformationslayout.\" src=\"https:\/\/m.media-amazon.com\/images\/S\/aplus-media-library-service-media\/0980c40b-1a71-44d8-8dc8-4454753eb389.__CR0,0,362,453_PT0_SX362_V1___.jpg\">  <\/p>\n<p>                                              <img decoding=\"async\" alt=\"Pool-Reinigungsroboter in Aktion, der sich durch das Wasser und am Beckenrand entlang bewegt, wobei ein blauer Spureffekt den Reinigungspfad anzeigt.\" src=\"https:\/\/images-na.ssl-images-amazon.com\/images\/G\/01\/x-locale\/common\/grey-pixel.gif\" class=\"a-lazy-loaded\" data-src=\"https:\/\/m.media-amazon.com\/images\/S\/aplus-media-library-service-media\/2e4d975c-45f0-484e-8e10-6f5354381077.__CR0,0,362,453_PT0_SX362_V1___.jpg\"><img decoding=\"async\" alt=\"Pool-Reinigungsroboter in Aktion, der sich durch das Wasser und am Beckenrand entlang bewegt, wobei ein blauer Spureffekt den Reinigungspfad anzeigt.\" src=\"https:\/\/m.media-amazon.com\/images\/S\/aplus-media-library-service-media\/2e4d975c-45f0-484e-8e10-6f5354381077.__CR0,0,362,453_PT0_SX362_V1___.jpg\">  <\/p>\n<p>                                              <img decoding=\"async\" alt=\"Aplus-Inhaltsbild\" src=\"https:\/\/images-na.ssl-images-amazon.com\/images\/G\/01\/x-locale\/common\/grey-pixel.gif\" class=\"a-lazy-loaded\" data-src=\"https:\/\/m.media-amazon.com\/images\/S\/aplus-media-library-service-media\/8547c38a-22e5-4747-967a-bb7b131ab65c.__CR0,0,362,453_PT0_SX362_V1___.jpg\"><img decoding=\"async\" alt=\"Aplus-Inhaltsbild\" src=\"https:\/\/m.media-amazon.com\/images\/S\/aplus-media-library-service-media\/8547c38a-22e5-4747-967a-bb7b131ab65c.__CR0,0,362,453_PT0_SX362_V1___.jpg\">  <\/p>\n<p>                                              <img decoding=\"async\" alt=\"Aplus-Inhaltsbild\" src=\"https:\/\/images-na.ssl-images-amazon.com\/images\/G\/01\/x-locale\/common\/grey-pixel.gif\" class=\"a-lazy-loaded\" data-src=\"https:\/\/m.media-amazon.com\/images\/S\/aplus-media-library-service-media\/2970cc6c-654e-41b7-9e76-e622d8d096a0.__CR0,0,362,453_PT0_SX362_V1___.jpg\"><img decoding=\"async\" alt=\"Aplus-Inhaltsbild\" src=\"https:\/\/m.media-amazon.com\/images\/S\/aplus-media-library-service-media\/2970cc6c-654e-41b7-9e76-e622d8d096a0.__CR0,0,362,453_PT0_SX362_V1___.jpg\">  <\/p>\n<p>                                              <img decoding=\"async\" alt=\"Aplus-Inhaltsbild\" src=\"https:\/\/images-na.ssl-images-amazon.com\/images\/G\/01\/x-locale\/common\/grey-pixel.gif\" class=\"a-lazy-loaded\" data-src=\"https:\/\/m.media-amazon.com\/images\/S\/aplus-media-library-service-media\/d427bf55-aeab-4e54-bb88-a5dfda741a5b.__CR0,0,362,453_PT0_SX362_V1___.jpg\"><img decoding=\"async\" alt=\"Aplus-Inhaltsbild\" src=\"https:\/\/m.media-amazon.com\/images\/S\/aplus-media-library-service-media\/d427bf55-aeab-4e54-bb88-a5dfda741a5b.__CR0,0,362,453_PT0_SX362_V1___.jpg\">  <\/p>\n<p>Intelligente visuelle Navigation: Ausgestattet mit einem Sto\u00dff\u00e4ngersensor, einem visuellen Sensor und fortschrittlicher KI-Technologie navigiert unser M\u00e4hroboter \u00fcber eine Kamera. Es kann genau zwischen Gras- und Nichtgrasfl\u00e4chen unterscheiden und 150 Arten von Hindernissen identifizieren. Befindet sich ein Hindernis im toten Winkel des M\u00e4hroboters, passt dieser nach einer Kollision automatisch seinen Weg an und sorgt so f\u00fcr einen sicheren und effizienten Betrieb.<br \/>Zeitersparnis und Komfort: Befreien Sie Ihre H\u00e4nde. Unser V100 M\u00e4hroboter ohne Begrenzungskabel kommt ohne st\u00f6rende Kabel oder komplizierte Begrenzungskabel aus und ist sofort einsatzbereit \u2013 ohne komplizierte Einrichtung. Laden Sie einfach den mitgelieferten herausnehmbaren 4-Ah-Akku auf und schon kann es losgehen. Kein Werkzeug erforderlich!<br \/>Einstellbare Schnitth\u00f6he: Der YARDCARE M\u00e4hroboter wird mit drei langlebigen Klingen (einschlie\u00dflich 3 Ersatzklingen) geliefert. Mit einer Schnittbreite von 16 cm und einer Verstellung der Messerscheibenh\u00f6he zwischen 20 mm und 60 mm ist der M\u00e4hroboter auch f\u00fcr Steigungen bis 20 Grad geeignet.<br \/>B\u00fcrstenloser Motor: Der M\u00e4hroboter ist mit einem b\u00fcrstenlosen Motor ausgestattet, der im Vergleich zu herk\u00f6mmlichen Motoren leistungsst\u00e4rker ist, eine deutlich l\u00e4ngere Lebensdauer aufweist und eine bessere Akkulaufzeit bietet.<br \/>Mehrere Sicherheitsfunktionen: Sobald der M\u00e4hroboter angehoben wird, stoppt der Neigungssensor die Messer sofort. Mit dem ausgestatteten Not-Aus-Schalter k\u00f6nnen Sie den M\u00e4hroboter im Notfall schnell stoppen. Dar\u00fcber hinaus sorgt der Regensensor daf\u00fcr, dass der Rasenm\u00e4herroboter den Betrieb bei Regen automatisch anpasst. Sch\u00fctzen Sie sich und Ihre Familie.<\/p>\n<p>[ad_2]<\/p>\n","protected":false},"excerpt":{"rendered":"<p>Von der Marke Intelligente visuelle Navigation: Ausgestattet mit einem Sto\u00dff\u00e4ngersensor, einem visuellen Sensor und fortschrittlicher KI-Technologie navigiert unser M\u00e4hroboter \u00fcber eine Kamera. Es kann genau zwischen Gras- und Nichtgrasfl\u00e4chen unterscheiden und 150 Arten von Hindernissen identifizieren. Befindet sich ein Hindernis im toten Winkel des M\u00e4hroboters, passt dieser nach einer Kollision automatisch seinen Weg an und [&hellip;]<\/p>\n","protected":false},"featured_media":721,"comment_status":"open","ping_status":"closed","template":"","meta":{"_aipt_faq_data":""},"store":[],"product_brand":[187],"product_cat":[83],"product_tag":[188],"class_list":{"0":"post-720","1":"product","2":"type-product","3":"status-publish","4":"has-post-thumbnail","6":"product_brand-yardcare","7":"product_cat-rasenroboter-fuer-kleine-gaerten","8":"product_tag-rasenroboter-fuer-kleine-gaerten-mit-akku","10":"first","11":"instock","12":"sale","13":"shipping-taxable","14":"product-type-external"},"yoast_head":"<!-- This site is optimized with the Yoast SEO plugin v27.4 - https:\/\/yoast.com\/product\/yoast-seo-wordpress\/ -->\n<title>V100 Rasenm\u00e4herroboter ohne Begrenzungskabel, mit Vision-Navigation, Hindernisvermeidung (150 Typen), 4,0 Ah Akku-Rasenm\u00e4herroboter, Rasenroboter mit Ersatzmessern, geeignet f\u00fcr Kleine - EasyLifeBro<\/title>\n<meta name=\"description\" content=\"Entdecken Sie smarte Roboter f\u00fcr Zuhause, Garten, Bildung und Sicherheit. Vergleichen Sie Saugroboter, Rasenm\u00e4hroboter, KI-Begleitroboter und mehr bei EasyLifeRobo.\" \/>\n<meta name=\"robots\" content=\"index, follow, max-snippet:-1, max-image-preview:large, max-video-preview:-1\" \/>\n<link rel=\"canonical\" href=\"https:\/\/easyliferobo.com\/de\/product\/v100-rasenmaeherroboter-ohne-begrenzungskabel-mit-vision-navigation-hindernisvermeidung-150-typen-40-ah-akku-rasenmaeherroboter-rasenroboter-mit-ersatzmessern-geeignet-fuer-kleine\/\" \/>\n<meta property=\"og:locale\" content=\"de_DE\" \/>\n<meta property=\"og:type\" content=\"article\" \/>\n<meta property=\"og:title\" content=\"V100 Rasenm\u00e4herroboter ohne Begrenzungskabel, mit Vision-Navigation, Hindernisvermeidung (150 Typen), 4,0 Ah Akku-Rasenm\u00e4herroboter, Rasenroboter mit Ersatzmessern, geeignet f\u00fcr Kleine - EasyLifeBro\" \/>\n<meta property=\"og:description\" content=\"Entdecken Sie smarte Roboter f\u00fcr Zuhause, Garten, Bildung und Sicherheit. Vergleichen Sie Saugroboter, Rasenm\u00e4hroboter, KI-Begleitroboter und mehr bei EasyLifeRobo.\" \/>\n<meta property=\"og:url\" content=\"https:\/\/easyliferobo.com\/de\/product\/v100-rasenmaeherroboter-ohne-begrenzungskabel-mit-vision-navigation-hindernisvermeidung-150-typen-40-ah-akku-rasenmaeherroboter-rasenroboter-mit-ersatzmessern-geeignet-fuer-kleine\/\" \/>\n<meta property=\"og:site_name\" content=\"EasyLifeBro\" \/>\n<meta property=\"article:modified_time\" content=\"2026-02-22T23:35:39+00:00\" \/>\n<meta property=\"og:image\" content=\"https:\/\/easyliferobo.com\/de\/wp-content\/uploads\/2026\/02\/61xqDeklPnL._AC_SL1500_.jpg\" \/>\n\t<meta property=\"og:image:width\" content=\"1500\" \/>\n\t<meta property=\"og:image:height\" content=\"1187\" \/>\n\t<meta property=\"og:image:type\" content=\"image\/jpeg\" \/>\n<meta name=\"twitter:card\" content=\"summary_large_image\" \/>\n<meta name=\"twitter:label1\" content=\"Gesch\u00e4tzte Lesezeit\" \/>\n\t<meta name=\"twitter:data1\" content=\"1\u00a0Minute\" \/>\n<script type=\"application\/ld+json\" class=\"yoast-schema-graph\">{\"@context\":\"https:\\\/\\\/schema.org\",\"@graph\":[{\"@type\":\"WebPage\",\"@id\":\"https:\\\/\\\/easyliferobo.com\\\/de\\\/product\\\/v100-rasenmaeherroboter-ohne-begrenzungskabel-mit-vision-navigation-hindernisvermeidung-150-typen-40-ah-akku-rasenmaeherroboter-rasenroboter-mit-ersatzmessern-geeignet-fuer-kleine\\\/\",\"url\":\"https:\\\/\\\/easyliferobo.com\\\/de\\\/product\\\/v100-rasenmaeherroboter-ohne-begrenzungskabel-mit-vision-navigation-hindernisvermeidung-150-typen-40-ah-akku-rasenmaeherroboter-rasenroboter-mit-ersatzmessern-geeignet-fuer-kleine\\\/\",\"name\":\"V100 Rasenm\u00e4herroboter ohne Begrenzungskabel, mit Vision-Navigation, Hindernisvermeidung (150 Typen), 4,0 Ah Akku-Rasenm\u00e4herroboter, Rasenroboter mit Ersatzmessern, geeignet f\u00fcr Kleine - EasyLifeBro\",\"isPartOf\":{\"@id\":\"https:\\\/\\\/easyliferobo.com\\\/de\\\/#website\"},\"primaryImageOfPage\":{\"@id\":\"https:\\\/\\\/easyliferobo.com\\\/de\\\/product\\\/v100-rasenmaeherroboter-ohne-begrenzungskabel-mit-vision-navigation-hindernisvermeidung-150-typen-40-ah-akku-rasenmaeherroboter-rasenroboter-mit-ersatzmessern-geeignet-fuer-kleine\\\/#primaryimage\"},\"image\":{\"@id\":\"https:\\\/\\\/easyliferobo.com\\\/de\\\/product\\\/v100-rasenmaeherroboter-ohne-begrenzungskabel-mit-vision-navigation-hindernisvermeidung-150-typen-40-ah-akku-rasenmaeherroboter-rasenroboter-mit-ersatzmessern-geeignet-fuer-kleine\\\/#primaryimage\"},\"thumbnailUrl\":\"https:\\\/\\\/easyliferobo.com\\\/de\\\/wp-content\\\/uploads\\\/2026\\\/02\\\/61xqDeklPnL._AC_SL1500_.jpg\",\"datePublished\":\"2026-02-22T10:20:37+00:00\",\"dateModified\":\"2026-02-22T23:35:39+00:00\",\"description\":\"Entdecken Sie smarte Roboter f\u00fcr Zuhause, Garten, Bildung und Sicherheit. Vergleichen Sie Saugroboter, Rasenm\u00e4hroboter, KI-Begleitroboter und mehr bei EasyLifeRobo.\",\"breadcrumb\":{\"@id\":\"https:\\\/\\\/easyliferobo.com\\\/de\\\/product\\\/v100-rasenmaeherroboter-ohne-begrenzungskabel-mit-vision-navigation-hindernisvermeidung-150-typen-40-ah-akku-rasenmaeherroboter-rasenroboter-mit-ersatzmessern-geeignet-fuer-kleine\\\/#breadcrumb\"},\"inLanguage\":\"de\",\"potentialAction\":[{\"@type\":\"ReadAction\",\"target\":[\"https:\\\/\\\/easyliferobo.com\\\/de\\\/product\\\/v100-rasenmaeherroboter-ohne-begrenzungskabel-mit-vision-navigation-hindernisvermeidung-150-typen-40-ah-akku-rasenmaeherroboter-rasenroboter-mit-ersatzmessern-geeignet-fuer-kleine\\\/\"]}]},{\"@type\":\"ImageObject\",\"inLanguage\":\"de\",\"@id\":\"https:\\\/\\\/easyliferobo.com\\\/de\\\/product\\\/v100-rasenmaeherroboter-ohne-begrenzungskabel-mit-vision-navigation-hindernisvermeidung-150-typen-40-ah-akku-rasenmaeherroboter-rasenroboter-mit-ersatzmessern-geeignet-fuer-kleine\\\/#primaryimage\",\"url\":\"https:\\\/\\\/easyliferobo.com\\\/de\\\/wp-content\\\/uploads\\\/2026\\\/02\\\/61xqDeklPnL._AC_SL1500_.jpg\",\"contentUrl\":\"https:\\\/\\\/easyliferobo.com\\\/de\\\/wp-content\\\/uploads\\\/2026\\\/02\\\/61xqDeklPnL._AC_SL1500_.jpg\",\"width\":1500,\"height\":1187},{\"@type\":\"BreadcrumbList\",\"@id\":\"https:\\\/\\\/easyliferobo.com\\\/de\\\/product\\\/v100-rasenmaeherroboter-ohne-begrenzungskabel-mit-vision-navigation-hindernisvermeidung-150-typen-40-ah-akku-rasenmaeherroboter-rasenroboter-mit-ersatzmessern-geeignet-fuer-kleine\\\/#breadcrumb\",\"itemListElement\":[{\"@type\":\"ListItem\",\"position\":1,\"name\":\"Home\",\"item\":\"https:\\\/\\\/easyliferobo.com\\\/de\\\/\"},{\"@type\":\"ListItem\",\"position\":2,\"name\":\"Shop\",\"item\":\"https:\\\/\\\/easyliferobo.com\\\/de\\\/shop\\\/\"},{\"@type\":\"ListItem\",\"position\":3,\"name\":\"V100 Rasenm\u00e4herroboter ohne Begren...\"}]},{\"@type\":\"WebSite\",\"@id\":\"https:\\\/\\\/easyliferobo.com\\\/de\\\/#website\",\"url\":\"https:\\\/\\\/easyliferobo.com\\\/de\\\/\",\"name\":\"EasyLifeBro\",\"description\":\"Smarte Roboter f\u00fcr Zuhause, Garten &amp; Bildung\",\"publisher\":{\"@id\":\"https:\\\/\\\/easyliferobo.com\\\/de\\\/#organization\"},\"potentialAction\":[{\"@type\":\"SearchAction\",\"target\":{\"@type\":\"EntryPoint\",\"urlTemplate\":\"https:\\\/\\\/easyliferobo.com\\\/de\\\/?s={search_term_string}\"},\"query-input\":{\"@type\":\"PropertyValueSpecification\",\"valueRequired\":true,\"valueName\":\"search_term_string\"}}],\"inLanguage\":\"de\"},{\"@type\":\"Organization\",\"@id\":\"https:\\\/\\\/easyliferobo.com\\\/de\\\/#organization\",\"name\":\"EasyLifeBro\",\"url\":\"https:\\\/\\\/easyliferobo.com\\\/de\\\/\",\"logo\":{\"@type\":\"ImageObject\",\"inLanguage\":\"de\",\"@id\":\"https:\\\/\\\/easyliferobo.com\\\/de\\\/#\\\/schema\\\/logo\\\/image\\\/\",\"url\":\"https:\\\/\\\/easyliferobo.com\\\/de\\\/wp-content\\\/uploads\\\/2026\\\/02\\\/Screenshot-2026-02-22-at-2.25.03-PM.png\",\"contentUrl\":\"https:\\\/\\\/easyliferobo.com\\\/de\\\/wp-content\\\/uploads\\\/2026\\\/02\\\/Screenshot-2026-02-22-at-2.25.03-PM.png\",\"width\":1858,\"height\":430,\"caption\":\"EasyLifeBro\"},\"image\":{\"@id\":\"https:\\\/\\\/easyliferobo.com\\\/de\\\/#\\\/schema\\\/logo\\\/image\\\/\"}}]}<\/script>\n<!-- \/ Yoast SEO plugin. -->","yoast_head_json":{"title":"V100 Rasenm\u00e4herroboter ohne Begrenzungskabel, mit Vision-Navigation, Hindernisvermeidung (150 Typen), 4,0 Ah Akku-Rasenm\u00e4herroboter, Rasenroboter mit Ersatzmessern, geeignet f\u00fcr Kleine - EasyLifeBro","description":"Entdecken Sie smarte Roboter f\u00fcr Zuhause, Garten, Bildung und Sicherheit. Vergleichen Sie Saugroboter, Rasenm\u00e4hroboter, KI-Begleitroboter und mehr bei EasyLifeRobo.","robots":{"index":"index","follow":"follow","max-snippet":"max-snippet:-1","max-image-preview":"max-image-preview:large","max-video-preview":"max-video-preview:-1"},"canonical":"https:\/\/easyliferobo.com\/de\/product\/v100-rasenmaeherroboter-ohne-begrenzungskabel-mit-vision-navigation-hindernisvermeidung-150-typen-40-ah-akku-rasenmaeherroboter-rasenroboter-mit-ersatzmessern-geeignet-fuer-kleine\/","og_locale":"de_DE","og_type":"article","og_title":"V100 Rasenm\u00e4herroboter ohne Begrenzungskabel, mit Vision-Navigation, Hindernisvermeidung (150 Typen), 4,0 Ah Akku-Rasenm\u00e4herroboter, Rasenroboter mit Ersatzmessern, geeignet f\u00fcr Kleine - EasyLifeBro","og_description":"Entdecken Sie smarte Roboter f\u00fcr Zuhause, Garten, Bildung und Sicherheit. Vergleichen Sie Saugroboter, Rasenm\u00e4hroboter, KI-Begleitroboter und mehr bei EasyLifeRobo.","og_url":"https:\/\/easyliferobo.com\/de\/product\/v100-rasenmaeherroboter-ohne-begrenzungskabel-mit-vision-navigation-hindernisvermeidung-150-typen-40-ah-akku-rasenmaeherroboter-rasenroboter-mit-ersatzmessern-geeignet-fuer-kleine\/","og_site_name":"EasyLifeBro","article_modified_time":"2026-02-22T23:35:39+00:00","og_image":[{"width":1500,"height":1187,"url":"https:\/\/easyliferobo.com\/de\/wp-content\/uploads\/2026\/02\/61xqDeklPnL._AC_SL1500_.jpg","type":"image\/jpeg"}],"twitter_card":"summary_large_image","twitter_misc":{"Gesch\u00e4tzte Lesezeit":"1\u00a0Minute"},"schema":{"@context":"https:\/\/schema.org","@graph":[{"@type":"WebPage","@id":"https:\/\/easyliferobo.com\/de\/product\/v100-rasenmaeherroboter-ohne-begrenzungskabel-mit-vision-navigation-hindernisvermeidung-150-typen-40-ah-akku-rasenmaeherroboter-rasenroboter-mit-ersatzmessern-geeignet-fuer-kleine\/","url":"https:\/\/easyliferobo.com\/de\/product\/v100-rasenmaeherroboter-ohne-begrenzungskabel-mit-vision-navigation-hindernisvermeidung-150-typen-40-ah-akku-rasenmaeherroboter-rasenroboter-mit-ersatzmessern-geeignet-fuer-kleine\/","name":"V100 Rasenm\u00e4herroboter ohne Begrenzungskabel, mit Vision-Navigation, Hindernisvermeidung (150 Typen), 4,0 Ah Akku-Rasenm\u00e4herroboter, Rasenroboter mit Ersatzmessern, geeignet f\u00fcr Kleine - EasyLifeBro","isPartOf":{"@id":"https:\/\/easyliferobo.com\/de\/#website"},"primaryImageOfPage":{"@id":"https:\/\/easyliferobo.com\/de\/product\/v100-rasenmaeherroboter-ohne-begrenzungskabel-mit-vision-navigation-hindernisvermeidung-150-typen-40-ah-akku-rasenmaeherroboter-rasenroboter-mit-ersatzmessern-geeignet-fuer-kleine\/#primaryimage"},"image":{"@id":"https:\/\/easyliferobo.com\/de\/product\/v100-rasenmaeherroboter-ohne-begrenzungskabel-mit-vision-navigation-hindernisvermeidung-150-typen-40-ah-akku-rasenmaeherroboter-rasenroboter-mit-ersatzmessern-geeignet-fuer-kleine\/#primaryimage"},"thumbnailUrl":"https:\/\/easyliferobo.com\/de\/wp-content\/uploads\/2026\/02\/61xqDeklPnL._AC_SL1500_.jpg","datePublished":"2026-02-22T10:20:37+00:00","dateModified":"2026-02-22T23:35:39+00:00","description":"Entdecken Sie smarte Roboter f\u00fcr Zuhause, Garten, Bildung und Sicherheit. Vergleichen Sie Saugroboter, Rasenm\u00e4hroboter, KI-Begleitroboter und mehr bei EasyLifeRobo.","breadcrumb":{"@id":"https:\/\/easyliferobo.com\/de\/product\/v100-rasenmaeherroboter-ohne-begrenzungskabel-mit-vision-navigation-hindernisvermeidung-150-typen-40-ah-akku-rasenmaeherroboter-rasenroboter-mit-ersatzmessern-geeignet-fuer-kleine\/#breadcrumb"},"inLanguage":"de","potentialAction":[{"@type":"ReadAction","target":["https:\/\/easyliferobo.com\/de\/product\/v100-rasenmaeherroboter-ohne-begrenzungskabel-mit-vision-navigation-hindernisvermeidung-150-typen-40-ah-akku-rasenmaeherroboter-rasenroboter-mit-ersatzmessern-geeignet-fuer-kleine\/"]}]},{"@type":"ImageObject","inLanguage":"de","@id":"https:\/\/easyliferobo.com\/de\/product\/v100-rasenmaeherroboter-ohne-begrenzungskabel-mit-vision-navigation-hindernisvermeidung-150-typen-40-ah-akku-rasenmaeherroboter-rasenroboter-mit-ersatzmessern-geeignet-fuer-kleine\/#primaryimage","url":"https:\/\/easyliferobo.com\/de\/wp-content\/uploads\/2026\/02\/61xqDeklPnL._AC_SL1500_.jpg","contentUrl":"https:\/\/easyliferobo.com\/de\/wp-content\/uploads\/2026\/02\/61xqDeklPnL._AC_SL1500_.jpg","width":1500,"height":1187},{"@type":"BreadcrumbList","@id":"https:\/\/easyliferobo.com\/de\/product\/v100-rasenmaeherroboter-ohne-begrenzungskabel-mit-vision-navigation-hindernisvermeidung-150-typen-40-ah-akku-rasenmaeherroboter-rasenroboter-mit-ersatzmessern-geeignet-fuer-kleine\/#breadcrumb","itemListElement":[{"@type":"ListItem","position":1,"name":"Home","item":"https:\/\/easyliferobo.com\/de\/"},{"@type":"ListItem","position":2,"name":"Shop","item":"https:\/\/easyliferobo.com\/de\/shop\/"},{"@type":"ListItem","position":3,"name":"V100 Rasenm\u00e4herroboter ohne Begren..."}]},{"@type":"WebSite","@id":"https:\/\/easyliferobo.com\/de\/#website","url":"https:\/\/easyliferobo.com\/de\/","name":"EasyLifeBro","description":"Smarte Roboter f\u00fcr Zuhause, Garten &amp; Bildung","publisher":{"@id":"https:\/\/easyliferobo.com\/de\/#organization"},"potentialAction":[{"@type":"SearchAction","target":{"@type":"EntryPoint","urlTemplate":"https:\/\/easyliferobo.com\/de\/?s={search_term_string}"},"query-input":{"@type":"PropertyValueSpecification","valueRequired":true,"valueName":"search_term_string"}}],"inLanguage":"de"},{"@type":"Organization","@id":"https:\/\/easyliferobo.com\/de\/#organization","name":"EasyLifeBro","url":"https:\/\/easyliferobo.com\/de\/","logo":{"@type":"ImageObject","inLanguage":"de","@id":"https:\/\/easyliferobo.com\/de\/#\/schema\/logo\/image\/","url":"https:\/\/easyliferobo.com\/de\/wp-content\/uploads\/2026\/02\/Screenshot-2026-02-22-at-2.25.03-PM.png","contentUrl":"https:\/\/easyliferobo.com\/de\/wp-content\/uploads\/2026\/02\/Screenshot-2026-02-22-at-2.25.03-PM.png","width":1858,"height":430,"caption":"EasyLifeBro"},"image":{"@id":"https:\/\/easyliferobo.com\/de\/#\/schema\/logo\/image\/"}}]}},"_links":{"self":[{"href":"https:\/\/easyliferobo.com\/de\/wp-json\/wp\/v2\/product\/720","targetHints":{"allow":["GET"]}}],"collection":[{"href":"https:\/\/easyliferobo.com\/de\/wp-json\/wp\/v2\/product"}],"about":[{"href":"https:\/\/easyliferobo.com\/de\/wp-json\/wp\/v2\/types\/product"}],"replies":[{"embeddable":true,"href":"https:\/\/easyliferobo.com\/de\/wp-json\/wp\/v2\/comments?post=720"}],"wp:featuredmedia":[{"embeddable":true,"href":"https:\/\/easyliferobo.com\/de\/wp-json\/wp\/v2\/media\/721"}],"wp:attachment":[{"href":"https:\/\/easyliferobo.com\/de\/wp-json\/wp\/v2\/media?parent=720"}],"wp:term":[{"taxonomy":"store","embeddable":true,"href":"https:\/\/easyliferobo.com\/de\/wp-json\/wp\/v2\/store?post=720"},{"taxonomy":"product_brand","embeddable":true,"href":"https:\/\/easyliferobo.com\/de\/wp-json\/wp\/v2\/product_brand?post=720"},{"taxonomy":"product_cat","embeddable":true,"href":"https:\/\/easyliferobo.com\/de\/wp-json\/wp\/v2\/product_cat?post=720"},{"taxonomy":"product_tag","embeddable":true,"href":"https:\/\/easyliferobo.com\/de\/wp-json\/wp\/v2\/product_tag?post=720"}],"curies":[{"name":"wp","href":"https:\/\/api.w.org\/{rel}","templated":true}]}}