
{"id":690,"date":"2026-02-22T10:15:25","date_gmt":"2026-02-22T10:15:25","guid":{"rendered":"https:\/\/easyliferobo.com\/de\/product\/kanoo-roboter-rasenmaeherkabel\/"},"modified":"2026-02-22T10:15:43","modified_gmt":"2026-02-22T10:15:43","slug":"kanoo-roboter-rasenmaeherkabel","status":"publish","type":"product","link":"https:\/\/easyliferobo.com\/de\/product\/kanoo-roboter-rasenmaeherkabel\/","title":{"rendered":"Kanoo Roboter-Rasenm\u00e4herkabel"},"content":{"rendered":"<p>\n                                             Produktbeschreibung   <\/p>\n<p>                                                  <img decoding=\"async\" alt=\"pr\u00fcfen\" src=\"https:\/\/images-na.ssl-images-amazon.com\/images\/G\/01\/x-locale\/common\/grey-pixel.gif\" class=\"a-lazy-loaded\" data-src=\"https:\/\/m.media-amazon.com\/images\/S\/aplus-media\/sc\/fdde7090-315a-4510-8029-620332de42f8.__CR0,0,970,300_PT0_SX970_V1___.jpg\"><img decoding=\"async\" alt=\"pr\u00fcfen\" src=\"https:\/\/m.media-amazon.com\/images\/S\/aplus-media\/sc\/fdde7090-315a-4510-8029-620332de42f8.__CR0,0,970,300_PT0_SX970_V1___.jpg\">  <\/p>\n<p>                                                          <img decoding=\"async\" alt=\"pr\u00fcfen\" src=\"https:\/\/images-na.ssl-images-amazon.com\/images\/G\/01\/x-locale\/common\/grey-pixel.gif\" class=\"a-spacing-mini a-lazy-loaded\" data-src=\"https:\/\/m.media-amazon.com\/images\/S\/aplus-media\/sc\/7a0f4824-a435-4cc0-8425-3fca976c66b6.__CR0,0,632,632_PT0_SX300_V1___.jpg\"><img decoding=\"async\" alt=\"pr\u00fcfen\" src=\"https:\/\/m.media-amazon.com\/images\/S\/aplus-media\/sc\/7a0f4824-a435-4cc0-8425-3fca976c66b6.__CR0,0,632,632_PT0_SX300_V1___.jpg\">  <\/p>\n<p>                                                             Kompatibel mit allen M\u00e4hroboter-Herstellern wie zB: Husqvarna Automower Gardena Worx Landroid Bosch Indego Yard Force Stihl, AL-KO Robomow uvm. kanoo Begrenzungskabel f\u00fcr M\u00e4hroboter kompatibel mit allen Marken                                     <\/p>\n<p class=\"a-spacing-base\"> Das Kanoo M\u00e4hroboter-Begrenzungskabel wird auf einer praktischen Abrollspule geliefert. Sie k\u00f6nnen zwischen 50m, 150m, 250m und 500m w\u00e4hlen. <\/p>\n<p class=\"a-spacing-base\">  Der Begrenzungsdraht ist universell kompatibel mit allen Markenherstellern wie Husqvarna Automower, Gardena, Worx Landroid, Bosch Indego, Yard Force, Stihl, AL-KO, Robomow, Wolf-Garten uvm. <\/p>\n<p>                                             Sie ben\u00f6tigen mehr Kabel?                                     <\/p>\n<p class=\"a-spacing-base\"> Kein Problem, kaufen Sie einfach mehrere Rollen und verbinden Sie diese mit unseren Kabelbindern. <\/p>\n<p>                                                  <img decoding=\"async\" alt=\"pr\u00fcfen\" src=\"https:\/\/images-na.ssl-images-amazon.com\/images\/G\/01\/x-locale\/common\/grey-pixel.gif\" class=\"a-lazy-loaded\" data-src=\"https:\/\/m.media-amazon.com\/images\/S\/aplus-media\/sc\/2f71d46d-9a78-4eda-976c-87c4fd84c307.__CR0,0,970,300_PT0_SX970_V1___.jpg\"><img decoding=\"async\" alt=\"pr\u00fcfen\" src=\"https:\/\/m.media-amazon.com\/images\/S\/aplus-media\/sc\/2f71d46d-9a78-4eda-976c-87c4fd84c307.__CR0,0,970,300_PT0_SX970_V1___.jpg\">  <\/p>\n<p class=\"apm-text-center\">\n                                                      <img decoding=\"async\" alt=\"pr\u00fcfen\" src=\"https:\/\/images-na.ssl-images-amazon.com\/images\/G\/01\/x-locale\/common\/grey-pixel.gif\" class=\"a-spacing-mini a-lazy-loaded\" data-src=\"https:\/\/m.media-amazon.com\/images\/S\/aplus-media\/sc\/494e16ec-a63c-4e78-b3ef-721d04220781.__CR0,0,300,300_PT0_SX300_V1___.jpg\"><img decoding=\"async\" alt=\"pr\u00fcfen\" src=\"https:\/\/m.media-amazon.com\/images\/S\/aplus-media\/sc\/494e16ec-a63c-4e78-b3ef-721d04220781.__CR0,0,300,300_PT0_SX300_V1___.jpg\">  <\/p>\n<p>                                                    Exzellente Qualit\u00e4t                                       Das Begrenzungskabel besteht aus hochwertig verzinntem und kupferplattiertem Aluminium.         Dank der verbesserten Isolierung f\u00fcr unsere Breitengrade ist das Kabel zu 100 % winterfest und h\u00e4lt lange ein Leben.         Die insgesamt 29 einzelnen Kabellitzen ergeben einen Innendurchmesser von 1,42mm.         Das Kabel hat einen Au\u00dfendurchmesser von 2,7mm und ist damit kompatibel mit allen M\u00e4hrobotern.     <\/p>\n<p class=\"apm-text-center\">\n                                                      <img decoding=\"async\" alt=\"pr\u00fcfen\" src=\"https:\/\/images-na.ssl-images-amazon.com\/images\/G\/01\/x-locale\/common\/grey-pixel.gif\" class=\"a-spacing-mini a-lazy-loaded\" data-src=\"https:\/\/m.media-amazon.com\/images\/S\/aplus-media\/sc\/2a5ae0b6-f9fa-4fb3-907c-36557728ccca.__CR0,0,300,300_PT0_SX300_V1___.jpg\"><img decoding=\"async\" alt=\"pr\u00fcfen\" src=\"https:\/\/m.media-amazon.com\/images\/S\/aplus-media\/sc\/2a5ae0b6-f9fa-4fb3-907c-36557728ccca.__CR0,0,300,300_PT0_SX300_V1___.jpg\">  <\/p>\n<p>                                                    Kinderleichts Verlegen                                       Wer mag schon Kabelsalat? Wir auch nicht! Daher wird das Kabel auf einer praktischen Abrollspule geliefert.         F\u00fcr das Verlegen empfehlen wir Ihnen, das Kabel von der Spule direkt in die endg\u00fcltige Position abzurollen \u2013 Funktioniert garantiert ohne Kabelsalat!         Unser Tipp: Stecken Sie beim Verlegen einen Stab durch das Loch in der Mitte der Spule, um Ihr Kabel m\u00f6glichst einfach &#038; effizient abrollen zu k\u00f6nnen.     <\/p>\n<p class=\"apm-text-center\">\n                                                      <img decoding=\"async\" alt=\"pr\u00fcfen\" src=\"https:\/\/images-na.ssl-images-amazon.com\/images\/G\/01\/x-locale\/common\/grey-pixel.gif\" class=\"a-spacing-mini a-lazy-loaded\" data-src=\"https:\/\/m.media-amazon.com\/images\/S\/aplus-media\/sc\/9cc37c58-ff0a-4d03-9b30-49afbdc0c813.__CR0,0,300,300_PT0_SX300_V1___.jpg\"><img decoding=\"async\" alt=\"pr\u00fcfen\" src=\"https:\/\/m.media-amazon.com\/images\/S\/aplus-media\/sc\/9cc37c58-ff0a-4d03-9b30-49afbdc0c813.__CR0,0,300,300_PT0_SX300_V1___.jpg\">  <\/p>\n<p>                                                    Maximale Signalst\u00e4rke                                       Das M\u00e4hroboter-Kabel wurde so konzipiert, dass es das Signal der Station ideal weiterleitet und so den gewollten M\u00e4hbereich vorgibt.         Somit ist das Kabel auch bei sehr gro\u00dfen Rasenfl\u00e4chen geeignet, ein ungewolltes Verlassen des M\u00e4hbereichs zu verhindern.         Dank der zuverl\u00e4ssigen Signalweiterleitung ist das Kabel sowohl als Begrenzungskabel, als auch als Such-, Leit- oder F\u00fchrungskabel, hervorragend geeignet.     <\/p>\n<p>                                                                             <img decoding=\"async\" alt=\"pr\u00fcfen\" src=\"https:\/\/images-na.ssl-images-amazon.com\/images\/G\/01\/x-locale\/common\/grey-pixel.gif\" class=\"a-spacing-base a-lazy-loaded\" data-src=\"https:\/\/m.media-amazon.com\/images\/S\/aplus-media\/sc\/13b5d5d5-f685-4879-b6cc-892b5302abb2.__CR0,0,970,600_PT0_SX970_V1___.jpg\"><img decoding=\"async\" alt=\"pr\u00fcfen\" src=\"https:\/\/m.media-amazon.com\/images\/S\/aplus-media\/sc\/13b5d5d5-f685-4879-b6cc-892b5302abb2.__CR0,0,970,600_PT0_SX970_V1___.jpg\">                                                                    <\/p>\n<p>                         Zum Warenkorb hinzuf\u00fcgen Zum Warenkorb hinzuf\u00fcgen Zum Warenkorb hinzuf\u00fcgen Zum Warenkorb hinzuf\u00fcgen Zum Warenkorb hinzuf\u00fcgen Zum Warenkorb hinzuf\u00fcgen Kundenrezensionen 4,7 von 5 Sternen 806 4,7 von 5 Sternen 624 4,5 von 5 Sternen 122 4,6 von 5 Sternen 1.111 4,6 von 5 Sternen 1.474 4,6 von 5 Sternen 1.474 Preis 24,95 \u20ac24,95 \u20ac 64,95 \u20ac 64,95 \u20ac 13,49 \u20ac 13,49 \u20ac 9,90 \u20ac 9,90 \u20ac 16,95 \u20ac 16,95 \u20ac 19,95 \u20ac 19,95 \u20ac 1m Kabel 100, 200 oder 500 Erdspie\u00dfe 30 Ersatzmesser + 30 Schrauben 30 Ersatzmesser + 30 Schrauben Verwendung Zur Verwendung als Such- oder Leitkabeles Komplett Set zur Erstinstallation Zur Verwendung als Reperatur- oder Erweiterungsset Zum Fixieren von Begrenzungskabel im Boden Ersatzmesser f\u00fcr Ihren M\u00e4hroboter inkl. Schrauben Ersatzmesser f\u00fcr Ihren M\u00e4hroboter inkl. Schrauben Kompatibilit\u00e4t Kompatibel mit allen Herstellern Kompatibel mit allen Herstellern Kompatibel mit allen Herstellern Kompatibel mit allen Herstellern Husqvarna, Gardena, Yard Force uvm. Worx Landroid Kanoo Qualit\u00e4tsgarantie \u2713 \u2713 \u2713 \u2713 \u2713 \u2713<\/p>\n<p>                                                      <img decoding=\"async\" alt=\"pr\u00fcfen\" src=\"https:\/\/images-na.ssl-images-amazon.com\/images\/G\/01\/x-locale\/common\/grey-pixel.gif\" class=\"a-spacing-mini a-lazy-loaded\" data-src=\"https:\/\/m.media-amazon.com\/images\/S\/aplus-media\/sc\/3b522bfc-6c0d-4ef9-8ebe-8ed904cb2db8.__CR0,0,300,300_PT0_SX300_V1___.png\"><img decoding=\"async\" alt=\"pr\u00fcfen\" src=\"https:\/\/m.media-amazon.com\/images\/S\/aplus-media\/sc\/3b522bfc-6c0d-4ef9-8ebe-8ed904cb2db8.__CR0,0,300,300_PT0_SX300_V1___.png\">  <\/p>\n<h3 class=\"a-spacing-mini\">  kanoo \u2013 Die Marke f\u00fcr echte Gartenfreunde <\/h3>\n<p class=\"a-spacing-base\">  Geben Sie es zu: Sie haben auch schon gel\u00e4chelt, als Ihr M\u00e4hroboter seine Runden gedreht hat. <\/p>\n<p class=\"a-spacing-base\">  Wir wissen: Ihr M\u00e4hroboter ist mehr f\u00fcr Sie als ein reiner Gartenhelfer. Ein M\u00e4hroboter geh\u00f6rt fast schon zur Familie. <\/p>\n<p class=\"a-spacing-base\">  Unsere Mission: Wir m\u00f6chten Ihnen dabei helfen, Ihren Garten ein kleines St\u00fcck besser zu machen. <\/p>\n<p class=\"a-spacing-base\">  Unser Versprechen: Ihre Zufriedenheit ist uns am wichtigsten. Sollte mal etwas mit Ihrer Bestellung nicht passen, finden wir immer eine gemeinsame L\u00f6sung \u2013 versprochen! <\/p>\n<p>                                                         Gute Gr\u00fcnde f\u00fcr kanoo Deutsches Unternehmen Einzigartiger Kundensupport Faire Arbeitsbedingungen an allen Produktionsstandorten Strengste Qualit\u00e4tskontrollen Nachhaltige Logistikabl\u00e4ufe Wir lieben unsere Kunden!        <\/p>\n<p>Universelles Begrenzungskabel f\u00fcr M\u00e4hroboter \u2013 kompatibel mit allen Marken. Dieses Begrenzungskabel \/ Begrenzungskabel ist f\u00fcr alle g\u00e4ngigen M\u00e4hroboter wie Gardena, Worx Landroid, Bosch Indego, Husqvarna Automower, Robomow, YardForce, AL-KO, Einhell und viele mehr geeignet. Ideal als Ersatzkabel oder Verl\u00e4ngerung.<br \/>Wetterfestes M\u00e4hroboterkabel \u2013 robust und langlebig. Das doppelt isolierte Kabel mit PE-Isolierung und PVC-Mantel ist UV-best\u00e4ndig, wasserabweisend, nagetierresistent und frostsicher. Perfekt f\u00fcr die dauerhafte Installation im Au\u00dfenbereich.<br \/>Flexible Installation \u2013 oberirdisch oder unterirdisch. Dieses Installationskabel\/Begrenzungskabel (Durchmesser 2,7 mm) kann einfach mit Erdn\u00e4geln befestigt oder im Untergrund verlegt werden. Kann auch als Signal- oder Suchkabel verwendet werden.<br \/>Erh\u00e4ltlich in vielen L\u00e4ngen: 50 m, 150 m, 250 m, 500 m, 800 m. Ob kleiner Garten oder gro\u00dfe Rasenfl\u00e4che \u2013 das M\u00e4hroboter-Begrenzungskabel ist in der passenden L\u00e4nge erh\u00e4ltlich. Auch als Komplettset mit Zubeh\u00f6r kombinierbar.<br \/>\u26a1 Hochwertiger Kupferdraht f\u00fcr zuverl\u00e4ssige Signal\u00fcbertragung. Der Innenleiter besteht aus 24 verzinnten Dr\u00e4hten aus Kupfer (je 0,25 mm), sorgt f\u00fcr stabile Verbindung und maximale Reichweite \u2013 perfekt f\u00fcr die M\u00e4hroboter-Navigation ohne Signalverlust.<\/p>\n<p>[ad_2]<\/p>\n","protected":false},"excerpt":{"rendered":"<p>Produktbeschreibung Kompatibel mit allen M\u00e4hroboter-Herstellern wie zB: Husqvarna Automower Gardena Worx Landroid Bosch Indego Yard Force Stihl, AL-KO Robomow uvm. kanoo Begrenzungskabel f\u00fcr M\u00e4hroboter kompatibel mit allen Marken Das Kanoo M\u00e4hroboter-Begrenzungskabel wird auf einer praktischen Abrollspule geliefert. Sie k\u00f6nnen zwischen 50m, 150m, 250m und 500m w\u00e4hlen. Der Begrenzungsdraht ist universell kompatibel mit allen Markenherstellern wie [&hellip;]<\/p>\n","protected":false},"featured_media":691,"comment_status":"open","ping_status":"closed","template":"","meta":{"_aipt_faq_data":""},"store":[],"product_brand":[183],"product_cat":[86],"product_tag":[182],"class_list":{"0":"post-690","1":"product","2":"type-product","3":"status-publish","4":"has-post-thumbnail","6":"product_brand-kanoo","7":"product_cat-zubehoer-fuer-rasenmaehroboter","8":"product_tag-zubehoer-fuer-rasenmaehroboter-begrenzungskabel","10":"first","11":"instock","12":"shipping-taxable","13":"product-type-external"},"yoast_head":"<!-- This site is optimized with the Yoast SEO plugin v27.4 - https:\/\/yoast.com\/product\/yoast-seo-wordpress\/ -->\n<title>Kanoo Roboter-Rasenm\u00e4herkabel - EasyLifeBro<\/title>\n<meta name=\"description\" content=\"Entdecken Sie smarte Roboter f\u00fcr Zuhause, Garten, Bildung und Sicherheit. Vergleichen Sie Saugroboter, Rasenm\u00e4hroboter, KI-Begleitroboter und mehr bei EasyLifeRobo.\" \/>\n<meta name=\"robots\" content=\"index, follow, max-snippet:-1, max-image-preview:large, max-video-preview:-1\" \/>\n<link rel=\"canonical\" href=\"https:\/\/easyliferobo.com\/de\/product\/kanoo-roboter-rasenmaeherkabel\/\" \/>\n<meta property=\"og:locale\" content=\"de_DE\" \/>\n<meta property=\"og:type\" content=\"article\" \/>\n<meta property=\"og:title\" content=\"Kanoo Roboter-Rasenm\u00e4herkabel - EasyLifeBro\" \/>\n<meta property=\"og:description\" content=\"Entdecken Sie smarte Roboter f\u00fcr Zuhause, Garten, Bildung und Sicherheit. Vergleichen Sie Saugroboter, Rasenm\u00e4hroboter, KI-Begleitroboter und mehr bei EasyLifeRobo.\" \/>\n<meta property=\"og:url\" content=\"https:\/\/easyliferobo.com\/de\/product\/kanoo-roboter-rasenmaeherkabel\/\" \/>\n<meta property=\"og:site_name\" content=\"EasyLifeBro\" \/>\n<meta property=\"article:modified_time\" content=\"2026-02-22T10:15:43+00:00\" \/>\n<meta property=\"og:image\" content=\"https:\/\/easyliferobo.com\/de\/wp-content\/uploads\/2026\/02\/814ZdsCpaL._AC_SL1500_.jpg\" \/>\n\t<meta property=\"og:image:width\" content=\"1500\" \/>\n\t<meta property=\"og:image:height\" content=\"1490\" \/>\n\t<meta property=\"og:image:type\" content=\"image\/jpeg\" \/>\n<meta name=\"twitter:card\" content=\"summary_large_image\" \/>\n<meta name=\"twitter:label1\" content=\"Gesch\u00e4tzte Lesezeit\" \/>\n\t<meta name=\"twitter:data1\" content=\"3\u00a0Minuten\" \/>\n<script type=\"application\/ld+json\" class=\"yoast-schema-graph\">{\"@context\":\"https:\\\/\\\/schema.org\",\"@graph\":[{\"@type\":\"WebPage\",\"@id\":\"https:\\\/\\\/easyliferobo.com\\\/de\\\/product\\\/kanoo-roboter-rasenmaeherkabel\\\/\",\"url\":\"https:\\\/\\\/easyliferobo.com\\\/de\\\/product\\\/kanoo-roboter-rasenmaeherkabel\\\/\",\"name\":\"Kanoo Roboter-Rasenm\u00e4herkabel - EasyLifeBro\",\"isPartOf\":{\"@id\":\"https:\\\/\\\/easyliferobo.com\\\/de\\\/#website\"},\"primaryImageOfPage\":{\"@id\":\"https:\\\/\\\/easyliferobo.com\\\/de\\\/product\\\/kanoo-roboter-rasenmaeherkabel\\\/#primaryimage\"},\"image\":{\"@id\":\"https:\\\/\\\/easyliferobo.com\\\/de\\\/product\\\/kanoo-roboter-rasenmaeherkabel\\\/#primaryimage\"},\"thumbnailUrl\":\"https:\\\/\\\/easyliferobo.com\\\/de\\\/wp-content\\\/uploads\\\/2026\\\/02\\\/814ZdsCpaL._AC_SL1500_.jpg\",\"datePublished\":\"2026-02-22T10:15:25+00:00\",\"dateModified\":\"2026-02-22T10:15:43+00:00\",\"description\":\"Entdecken Sie smarte Roboter f\u00fcr Zuhause, Garten, Bildung und Sicherheit. Vergleichen Sie Saugroboter, Rasenm\u00e4hroboter, KI-Begleitroboter und mehr bei EasyLifeRobo.\",\"breadcrumb\":{\"@id\":\"https:\\\/\\\/easyliferobo.com\\\/de\\\/product\\\/kanoo-roboter-rasenmaeherkabel\\\/#breadcrumb\"},\"inLanguage\":\"de\",\"potentialAction\":[{\"@type\":\"ReadAction\",\"target\":[\"https:\\\/\\\/easyliferobo.com\\\/de\\\/product\\\/kanoo-roboter-rasenmaeherkabel\\\/\"]}]},{\"@type\":\"ImageObject\",\"inLanguage\":\"de\",\"@id\":\"https:\\\/\\\/easyliferobo.com\\\/de\\\/product\\\/kanoo-roboter-rasenmaeherkabel\\\/#primaryimage\",\"url\":\"https:\\\/\\\/easyliferobo.com\\\/de\\\/wp-content\\\/uploads\\\/2026\\\/02\\\/814ZdsCpaL._AC_SL1500_.jpg\",\"contentUrl\":\"https:\\\/\\\/easyliferobo.com\\\/de\\\/wp-content\\\/uploads\\\/2026\\\/02\\\/814ZdsCpaL._AC_SL1500_.jpg\",\"width\":1500,\"height\":1490},{\"@type\":\"BreadcrumbList\",\"@id\":\"https:\\\/\\\/easyliferobo.com\\\/de\\\/product\\\/kanoo-roboter-rasenmaeherkabel\\\/#breadcrumb\",\"itemListElement\":[{\"@type\":\"ListItem\",\"position\":1,\"name\":\"Home\",\"item\":\"https:\\\/\\\/easyliferobo.com\\\/de\\\/\"},{\"@type\":\"ListItem\",\"position\":2,\"name\":\"Shop\",\"item\":\"https:\\\/\\\/easyliferobo.com\\\/de\\\/shop\\\/\"},{\"@type\":\"ListItem\",\"position\":3,\"name\":\"Kanoo Roboter-Rasenm\u00e4herkabel\"}]},{\"@type\":\"WebSite\",\"@id\":\"https:\\\/\\\/easyliferobo.com\\\/de\\\/#website\",\"url\":\"https:\\\/\\\/easyliferobo.com\\\/de\\\/\",\"name\":\"EasyLifeBro\",\"description\":\"Smarte Roboter f\u00fcr Zuhause, Garten &amp; Bildung\",\"publisher\":{\"@id\":\"https:\\\/\\\/easyliferobo.com\\\/de\\\/#organization\"},\"potentialAction\":[{\"@type\":\"SearchAction\",\"target\":{\"@type\":\"EntryPoint\",\"urlTemplate\":\"https:\\\/\\\/easyliferobo.com\\\/de\\\/?s={search_term_string}\"},\"query-input\":{\"@type\":\"PropertyValueSpecification\",\"valueRequired\":true,\"valueName\":\"search_term_string\"}}],\"inLanguage\":\"de\"},{\"@type\":\"Organization\",\"@id\":\"https:\\\/\\\/easyliferobo.com\\\/de\\\/#organization\",\"name\":\"EasyLifeBro\",\"url\":\"https:\\\/\\\/easyliferobo.com\\\/de\\\/\",\"logo\":{\"@type\":\"ImageObject\",\"inLanguage\":\"de\",\"@id\":\"https:\\\/\\\/easyliferobo.com\\\/de\\\/#\\\/schema\\\/logo\\\/image\\\/\",\"url\":\"https:\\\/\\\/easyliferobo.com\\\/de\\\/wp-content\\\/uploads\\\/2026\\\/02\\\/Screenshot-2026-02-22-at-2.25.03-PM.png\",\"contentUrl\":\"https:\\\/\\\/easyliferobo.com\\\/de\\\/wp-content\\\/uploads\\\/2026\\\/02\\\/Screenshot-2026-02-22-at-2.25.03-PM.png\",\"width\":1858,\"height\":430,\"caption\":\"EasyLifeBro\"},\"image\":{\"@id\":\"https:\\\/\\\/easyliferobo.com\\\/de\\\/#\\\/schema\\\/logo\\\/image\\\/\"}}]}<\/script>\n<!-- \/ Yoast SEO plugin. -->","yoast_head_json":{"title":"Kanoo Roboter-Rasenm\u00e4herkabel - EasyLifeBro","description":"Entdecken Sie smarte Roboter f\u00fcr Zuhause, Garten, Bildung und Sicherheit. Vergleichen Sie Saugroboter, Rasenm\u00e4hroboter, KI-Begleitroboter und mehr bei EasyLifeRobo.","robots":{"index":"index","follow":"follow","max-snippet":"max-snippet:-1","max-image-preview":"max-image-preview:large","max-video-preview":"max-video-preview:-1"},"canonical":"https:\/\/easyliferobo.com\/de\/product\/kanoo-roboter-rasenmaeherkabel\/","og_locale":"de_DE","og_type":"article","og_title":"Kanoo Roboter-Rasenm\u00e4herkabel - EasyLifeBro","og_description":"Entdecken Sie smarte Roboter f\u00fcr Zuhause, Garten, Bildung und Sicherheit. Vergleichen Sie Saugroboter, Rasenm\u00e4hroboter, KI-Begleitroboter und mehr bei EasyLifeRobo.","og_url":"https:\/\/easyliferobo.com\/de\/product\/kanoo-roboter-rasenmaeherkabel\/","og_site_name":"EasyLifeBro","article_modified_time":"2026-02-22T10:15:43+00:00","og_image":[{"width":1500,"height":1490,"url":"https:\/\/easyliferobo.com\/de\/wp-content\/uploads\/2026\/02\/814ZdsCpaL._AC_SL1500_.jpg","type":"image\/jpeg"}],"twitter_card":"summary_large_image","twitter_misc":{"Gesch\u00e4tzte Lesezeit":"3\u00a0Minuten"},"schema":{"@context":"https:\/\/schema.org","@graph":[{"@type":"WebPage","@id":"https:\/\/easyliferobo.com\/de\/product\/kanoo-roboter-rasenmaeherkabel\/","url":"https:\/\/easyliferobo.com\/de\/product\/kanoo-roboter-rasenmaeherkabel\/","name":"Kanoo Roboter-Rasenm\u00e4herkabel - EasyLifeBro","isPartOf":{"@id":"https:\/\/easyliferobo.com\/de\/#website"},"primaryImageOfPage":{"@id":"https:\/\/easyliferobo.com\/de\/product\/kanoo-roboter-rasenmaeherkabel\/#primaryimage"},"image":{"@id":"https:\/\/easyliferobo.com\/de\/product\/kanoo-roboter-rasenmaeherkabel\/#primaryimage"},"thumbnailUrl":"https:\/\/easyliferobo.com\/de\/wp-content\/uploads\/2026\/02\/814ZdsCpaL._AC_SL1500_.jpg","datePublished":"2026-02-22T10:15:25+00:00","dateModified":"2026-02-22T10:15:43+00:00","description":"Entdecken Sie smarte Roboter f\u00fcr Zuhause, Garten, Bildung und Sicherheit. Vergleichen Sie Saugroboter, Rasenm\u00e4hroboter, KI-Begleitroboter und mehr bei EasyLifeRobo.","breadcrumb":{"@id":"https:\/\/easyliferobo.com\/de\/product\/kanoo-roboter-rasenmaeherkabel\/#breadcrumb"},"inLanguage":"de","potentialAction":[{"@type":"ReadAction","target":["https:\/\/easyliferobo.com\/de\/product\/kanoo-roboter-rasenmaeherkabel\/"]}]},{"@type":"ImageObject","inLanguage":"de","@id":"https:\/\/easyliferobo.com\/de\/product\/kanoo-roboter-rasenmaeherkabel\/#primaryimage","url":"https:\/\/easyliferobo.com\/de\/wp-content\/uploads\/2026\/02\/814ZdsCpaL._AC_SL1500_.jpg","contentUrl":"https:\/\/easyliferobo.com\/de\/wp-content\/uploads\/2026\/02\/814ZdsCpaL._AC_SL1500_.jpg","width":1500,"height":1490},{"@type":"BreadcrumbList","@id":"https:\/\/easyliferobo.com\/de\/product\/kanoo-roboter-rasenmaeherkabel\/#breadcrumb","itemListElement":[{"@type":"ListItem","position":1,"name":"Home","item":"https:\/\/easyliferobo.com\/de\/"},{"@type":"ListItem","position":2,"name":"Shop","item":"https:\/\/easyliferobo.com\/de\/shop\/"},{"@type":"ListItem","position":3,"name":"Kanoo Roboter-Rasenm\u00e4herkabel"}]},{"@type":"WebSite","@id":"https:\/\/easyliferobo.com\/de\/#website","url":"https:\/\/easyliferobo.com\/de\/","name":"EasyLifeBro","description":"Smarte Roboter f\u00fcr Zuhause, Garten &amp; Bildung","publisher":{"@id":"https:\/\/easyliferobo.com\/de\/#organization"},"potentialAction":[{"@type":"SearchAction","target":{"@type":"EntryPoint","urlTemplate":"https:\/\/easyliferobo.com\/de\/?s={search_term_string}"},"query-input":{"@type":"PropertyValueSpecification","valueRequired":true,"valueName":"search_term_string"}}],"inLanguage":"de"},{"@type":"Organization","@id":"https:\/\/easyliferobo.com\/de\/#organization","name":"EasyLifeBro","url":"https:\/\/easyliferobo.com\/de\/","logo":{"@type":"ImageObject","inLanguage":"de","@id":"https:\/\/easyliferobo.com\/de\/#\/schema\/logo\/image\/","url":"https:\/\/easyliferobo.com\/de\/wp-content\/uploads\/2026\/02\/Screenshot-2026-02-22-at-2.25.03-PM.png","contentUrl":"https:\/\/easyliferobo.com\/de\/wp-content\/uploads\/2026\/02\/Screenshot-2026-02-22-at-2.25.03-PM.png","width":1858,"height":430,"caption":"EasyLifeBro"},"image":{"@id":"https:\/\/easyliferobo.com\/de\/#\/schema\/logo\/image\/"}}]}},"_links":{"self":[{"href":"https:\/\/easyliferobo.com\/de\/wp-json\/wp\/v2\/product\/690","targetHints":{"allow":["GET"]}}],"collection":[{"href":"https:\/\/easyliferobo.com\/de\/wp-json\/wp\/v2\/product"}],"about":[{"href":"https:\/\/easyliferobo.com\/de\/wp-json\/wp\/v2\/types\/product"}],"replies":[{"embeddable":true,"href":"https:\/\/easyliferobo.com\/de\/wp-json\/wp\/v2\/comments?post=690"}],"wp:featuredmedia":[{"embeddable":true,"href":"https:\/\/easyliferobo.com\/de\/wp-json\/wp\/v2\/media\/691"}],"wp:attachment":[{"href":"https:\/\/easyliferobo.com\/de\/wp-json\/wp\/v2\/media?parent=690"}],"wp:term":[{"taxonomy":"store","embeddable":true,"href":"https:\/\/easyliferobo.com\/de\/wp-json\/wp\/v2\/store?post=690"},{"taxonomy":"product_brand","embeddable":true,"href":"https:\/\/easyliferobo.com\/de\/wp-json\/wp\/v2\/product_brand?post=690"},{"taxonomy":"product_cat","embeddable":true,"href":"https:\/\/easyliferobo.com\/de\/wp-json\/wp\/v2\/product_cat?post=690"},{"taxonomy":"product_tag","embeddable":true,"href":"https:\/\/easyliferobo.com\/de\/wp-json\/wp\/v2\/product_tag?post=690"}],"curies":[{"name":"wp","href":"https:\/\/api.w.org\/{rel}","templated":true}]}}