
{"id":683,"date":"2026-02-22T10:13:42","date_gmt":"2026-02-22T10:13:42","guid":{"rendered":"https:\/\/easyliferobo.com\/de\/product\/lexibook-rob25de-interaktiver-powerman-master-spielzeugroboter-der-gedanken-liest-spielzeug-fuer-kinder-tanzt-musik-spielt-tierquiz-programmierbarer-ferngesteuerter-stem-roboter-junio\/"},"modified":"2026-02-22T23:35:39","modified_gmt":"2026-02-22T23:35:39","slug":"lexibook-rob25de-interaktiver-powerman-master-spielzeugroboter-der-gedanken-liest-spielzeug-fuer-kinder-tanzt-musik-spielt-tierquiz-programmierbarer-ferngesteuerter-stem-roboter-junio","status":"publish","type":"product","link":"https:\/\/easyliferobo.com\/de\/product\/lexibook-rob25de-interaktiver-powerman-master-spielzeugroboter-der-gedanken-liest-spielzeug-fuer-kinder-tanzt-musik-spielt-tierquiz-programmierbarer-ferngesteuerter-stem-roboter-junio\/","title":{"rendered":"Lexibook ROB25DE \u2013 Interaktiver P..."},"content":{"rendered":"<p>\n                                             Vom Hersteller   <\/p>\n<p>                                                  <img decoding=\"async\" alt=\"Powerman_header\" src=\"https:\/\/images-na.ssl-images-amazon.com\/images\/G\/01\/x-locale\/common\/grey-pixel.gif\" class=\"a-lazy-loaded\" data-src=\"https:\/\/m.media-amazon.com\/images\/S\/aplus-media-library-service-media\/2e728c8c-ffb7-4207-b527-470c762fed8b.__CR0,0,4042,1250_PT0_SX970_V1___.jpg\"><img decoding=\"async\" alt=\"Powerman_header\" src=\"https:\/\/m.media-amazon.com\/images\/S\/aplus-media-library-service-media\/2e728c8c-ffb7-4207-b527-470c762fed8b.__CR0,0,4042,1250_PT0_SX970_V1___.jpg\">  <\/p>\n<p>                                                  <img decoding=\"async\" alt=\"ROB25DE\" src=\"https:\/\/images-na.ssl-images-amazon.com\/images\/G\/01\/x-locale\/common\/grey-pixel.gif\" class=\"a-lazy-loaded\" data-src=\"https:\/\/m.media-amazon.com\/images\/S\/aplus-media-library-service-media\/81f534d1-ee87-485f-9520-f9dc381e6fbe.__CR0,21,3209,3209_PT0_SX300_V1___.jpg\"><img decoding=\"async\" alt=\"ROB25DE\" src=\"https:\/\/m.media-amazon.com\/images\/S\/aplus-media-library-service-media\/81f534d1-ee87-485f-9520-f9dc381e6fbe.__CR0,21,3209,3209_PT0_SX300_V1___.jpg\">  <\/p>\n<h3 class=\"a-spacing-mini\">  Powerman-Meister, er kann deine Gedanken lesen! <\/h3>\n<p>  PowermanMASTER ist ein intelligenter Roboter, der unseren Planeten erkundet: die Erde! Er ist fasziniert von der Artenvielfalt und hat schon viele Tiere kennengelernt (und gestreichelt) <\/p>\n<p>  Powerman Master spricht Deutsch, er wird sein Wissen mit Ihnen teilen. Er hat auch viele andere Talente, die die ganze Familie zum Lachen bringen werden! Mit seinem bezaubernden Aussehen, den Sound- und Lichteffekten und den tollen Funktionen wird es schnell zum besten Freund von Kindern, Jungen und M\u00e4dchen im Alter von 3 bis 10 Jahren! <\/p>\n<p>                                                  <img decoding=\"async\" alt=\"ROB25DE\" src=\"https:\/\/images-na.ssl-images-amazon.com\/images\/G\/01\/x-locale\/common\/grey-pixel.gif\" class=\"a-spacing-mini a-lazy-loaded\" data-src=\"https:\/\/m.media-amazon.com\/images\/S\/aplus-media-library-service-media\/0cabe156-a522-4f54-a51b-d74d0bbf7415.__CR0,0,703,703_PT0_SX300_V1___.jpg\"><img decoding=\"async\" alt=\"ROB25DE\" src=\"https:\/\/m.media-amazon.com\/images\/S\/aplus-media-library-service-media\/0cabe156-a522-4f54-a51b-d74d0bbf7415.__CR0,0,703,703_PT0_SX300_V1___.jpg\">  <\/p>\n<h3 class=\"a-spacing-mini\">  Denken Sie an ein Tier, Powerman Master wird es erraten! <\/h3>\n<p>  PowermanMASTER liest Gedanken dank seiner k\u00fcnstlichen Intelligenz! Er kennt viele Tiere. Finden Sie einen, den er noch nicht kennt? Er fordert Sie in seinem Tarifquiz heraus! <\/p>\n<p>  Schritt 1: Denken Sie an ein Tier, das Sie kennen. Sie haben keine Ideen? Fragen Sie Ihre Familie oder Freunde! Wenn Sie noch keine Ahnung haben, hilft Ihnen das mitgelieferte Explorer-Handbuch weiter. <\/p>\n<p>  Powerman MASTER stellt Ihnen Fragen, die Sie mit \u201eJa\u201c, \u201eNein\u201c oder \u201eIch wei\u00df nicht \/ es ist wichtig\u201c beantworten k\u00f6nnen. Zum Beispiel: Ist dieses Tier sehr h\u00e4sslich? Ist es eine Katze? Lebt es gerne dort, wo es schneit? <\/p>\n<p>  Sobald Sie seine Fragen beantwortet haben, wird er versuchen, das Tier zu erraten, an das Sie denken: Hund, Katze, Einhorn, Faultier, L\u00f6we, Hummer &#8230; F\u00fcr Powerman Master ist es eine echte Herausforderung, ein Tier zu finden, das er nicht kennt! <\/p>\n<p class=\"apm-text-center\">\n                                                      <img decoding=\"async\" alt=\"ROB25DE\" src=\"https:\/\/images-na.ssl-images-amazon.com\/images\/G\/01\/x-locale\/common\/grey-pixel.gif\" class=\"a-spacing-mini a-lazy-loaded\" data-src=\"https:\/\/m.media-amazon.com\/images\/S\/aplus-media-library-service-media\/bbed2207-ecb9-4a83-a2a5-7ec3025c7eee.__CR0,93,1456,1456_PT0_SX300_V1___.jpg\"><img decoding=\"async\" alt=\"ROB25DE\" src=\"https:\/\/m.media-amazon.com\/images\/S\/aplus-media-library-service-media\/bbed2207-ecb9-4a83-a2a5-7ec3025c7eee.__CR0,93,1456,1456_PT0_SX300_V1___.jpg\">  <\/p>\n<p>                                                    Mit Fernbedienung                                       <\/p>\n<p> Steuern Sie Powerman MASTER mit der Fernbedienung in alle Richtungen. <\/p>\n<p>  Ein echtes ferngesteuertes Spielzeug <\/p>\n<p class=\"apm-text-center\">\n                                                      <img decoding=\"async\" alt=\"ROB25DE\" src=\"https:\/\/images-na.ssl-images-amazon.com\/images\/G\/01\/x-locale\/common\/grey-pixel.gif\" class=\"a-spacing-mini a-lazy-loaded\" data-src=\"https:\/\/m.media-amazon.com\/images\/S\/aplus-media-library-service-media\/8f5b95cb-f0f0-4699-9f12-cc2e234b0653.__CR0,0,1500,1500_PT0_SX300_V1___.jpg\"><img decoding=\"async\" alt=\"ROB25DE\" src=\"https:\/\/m.media-amazon.com\/images\/S\/aplus-media-library-service-media\/8f5b95cb-f0f0-4699-9f12-cc2e234b0653.__CR0,0,1500,1500_PT0_SX300_V1___.jpg\">  <\/p>\n<p>                                                    Es schie\u00dft Schaumstoffscheiben!                                       <\/p>\n<p> PowermanMASTER liebt Action! Eine seiner Lieblingsbesch\u00e4ftigungen ist das Schie\u00dfen mit Schaumstoffscheiben. Bringen Sie ihn in Position, zielen Sie genau und schie\u00dfen Sie! Im Lieferumfang sind 9 Schaumstoffscheiben enthalten. Sie k\u00f6nnen \u00fcberall im Haus sicher spielen. <\/p>\n<p>  Dieser einzigartige Roboter kann sprechen und singen! Mit der Karaoke-Funktion kann er sogar singen und tanzen! <\/p>\n<p class=\"apm-text-center\">\n                                                      <img decoding=\"async\" alt=\"ROB25DE\" src=\"https:\/\/images-na.ssl-images-amazon.com\/images\/G\/01\/x-locale\/common\/grey-pixel.gif\" class=\"a-spacing-mini a-lazy-loaded\" data-src=\"https:\/\/m.media-amazon.com\/images\/S\/aplus-media-library-service-media\/2ca4f83e-ab27-42a7-bf04-d8a25e84c62a.__CR0,473,2000,2000_PT0_SX300_V1___.jpg\"><img decoding=\"async\" alt=\"ROB25DE\" src=\"https:\/\/m.media-amazon.com\/images\/S\/aplus-media-library-service-media\/2ca4f83e-ab27-42a7-bf04-d8a25e84c62a.__CR0,473,2000,2000_PT0_SX300_V1___.jpg\">  <\/p>\n<p>                                                    Es ist programmierbar!                                       <\/p>\n<p> Powerman MASTER kann so programmiert werden, dass bis zu 40 Aktionen gespeichert und wiederholt werden. Es ist nicht nur ein Roboter, der Kinder an einfache Programmierung heranf\u00fchrt &#8230; Es ist ein Spielzeug mit einer Reihe wirklich unterhaltsamer und lehrreicher Funktionen, mit denen Kinder tolle Choreografien aufnehmen k\u00f6nnen. Ber\u00fchre seine Stirn, um lustige Ger\u00e4usche zu h\u00f6ren! <\/p>\n<p>  Es wird Sie nie im Stich lassen! <\/p>\n<p>  Sie k\u00f6nnen es \u00fcberall hin mitnehmen. <\/p>\n<p>  Batteriebetrieben: 3 x AA-Roboter und 2 x AA-Fernbedienung (nicht im Lieferumfang enthalten). <\/p>\n<p>                                                  <img decoding=\"async\" alt=\"Lexibook-Logo\" src=\"https:\/\/images-na.ssl-images-amazon.com\/images\/G\/01\/x-locale\/common\/grey-pixel.gif\" class=\"a-lazy-loaded\" data-src=\"https:\/\/m.media-amazon.com\/images\/S\/aplus-media-library-service-media\/9554a8ee-4738-44db-9a4d-3ea2ec607798.__CR0,0,900,900_PT0_SX300_V1___.png\"><img decoding=\"async\" alt=\"Lexibook-Logo\" src=\"https:\/\/m.media-amazon.com\/images\/S\/aplus-media-library-service-media\/9554a8ee-4738-44db-9a4d-3ea2ec607798.__CR0,0,900,900_PT0_SX300_V1___.png\">  <\/p>\n<h3 class=\"a-spacing-mini\">  \u00dcber Lexibook <\/h3>\n<p>  Lexibook ist ein Unternehmen, das Produkte der Unterhaltungselektronik in ganz Europa entwickelt, produziert und vermarktet. <\/p>\n<p>  Lexibook ist Europameister im Bereich lizenzierter Unterhaltungselektronik und arbeitet mit zahlreichen Partnern wie Disney, Marvel, Warner, Universal, Paramount usw. zusammen. <\/p>\n<p>  Dieser Erfolg erkl\u00e4rt sich aus einer Strategie, die starke, internationale und oft exklusive Lizenzen (Barbie, Spiderman, Oui-Oui, Disney&#8230;) sowie hochwertige Produkte, die Elektronik enthalten (Lerncomputer, Fernseher), umfasst. <\/p>\n<p>Dein neuer Freund! &#8211; Ein sprechender Entdeckerroboter, der tanzt, Musik spielt, Tierger\u00e4usche nachahmt und vieles mehr! Geeignet f\u00fcr Kinder ab 3 Jahren.<br \/>Er err\u00e4t Tiere \u2013 inklusive eines unglaublichen Tierratenmodus: Das Kind denkt an ein Tier, Powerman Master stellt ein paar Fragen, die mit Ja\/Nein\/Ich wei\u00df nicht beantwortet werden, und das Kind versucht es zu erraten! Einhorn, Lama, Katze, Hund, Faultier &#8230; eine echte Herausforderung, ein Tier zu finden, das er noch nicht kennt!<br \/>Programmierbar \u2013 Programmieren Sie bis zu 40 Aktionen mit der M\u00f6glichkeit, Musik hinzuzuf\u00fcgen, um Ihre eigenen T\u00e4nze und Choreografien zu erstellen, an die er sich erinnern wird!<br \/>Es wiederholt sich nach Ihnen \u2013 mit der Wiedergabe- und Aufnahmefunktion kann es mit seiner lustigen Roboterstimme wiederholen, was Sie sagen. Enth\u00e4lt eine Karaoke-Funktion, bei der die Musik wiederholt wird! Er wird auch sp\u00e4ter das Gelernte wiederverwenden.<br \/>Mit Fernbedienung. &#8211; Steuern Sie es vorw\u00e4rts, r\u00fcckw\u00e4rts, rechts und links, es kann in alle Richtungen fahren!<br \/>Singen und tanzen! &#8211; Lassen Sie den Roboter mit der Fernbedienung singen und tanzen! Die Party kann beginnen!<br \/>Erz\u00e4hlt Geschichten: Er kann Geschichten erz\u00e4hlen, aber auch eigene erfinden!<br \/>SCHIESSEN SIE SCHAUMSTOFFSCHEIBEN: Es k\u00f6nnen bunte Schaumstoffscheiben abgefeuert werden, um \u00fcberall zu spielen!<br \/>BER\u00dcHRUNGSSENSOR: Ber\u00fchren Sie seine Stirn, um lustige Ger\u00e4usche zu h\u00f6ren!<br \/>Stromversorgung: 3 x LR6\/AA-Batterien f\u00fcr den Roboter (nicht im Lieferumfang enthalten) + 2 x LR6\/AA-Batterien f\u00fcr die Fernbedienung (nicht im Lieferumfang enthalten).<\/p>\n<p>[ad_2]<\/p>\n","protected":false},"excerpt":{"rendered":"<p>Vom Hersteller Powerman-Meister, er kann deine Gedanken lesen! PowermanMASTER ist ein intelligenter Roboter, der unseren Planeten erkundet: die Erde! Er ist fasziniert von der Artenvielfalt und hat schon viele Tiere kennengelernt (und gestreichelt) Powerman Master spricht Deutsch, er wird sein Wissen mit Ihnen teilen. Er hat auch viele andere Talente, die die ganze Familie zum [&hellip;]<\/p>\n","protected":false},"featured_media":684,"comment_status":"open","ping_status":"closed","template":"","meta":{"_aipt_faq_data":""},"store":[],"product_brand":[],"product_cat":[88],"product_tag":[181],"class_list":{"0":"post-683","1":"product","2":"type-product","3":"status-publish","4":"has-post-thumbnail","6":"product_cat-interaktive-spielzeugroboter","7":"product_tag-interaktive-spielzeugroboter-fuer-kinder","9":"first","10":"instock","11":"sale","12":"shipping-taxable","13":"product-type-external"},"yoast_head":"<!-- This site is optimized with the Yoast SEO plugin v27.0 - https:\/\/yoast.com\/product\/yoast-seo-wordpress\/ -->\n<title>Lexibook ROB25DE \u2013 Interaktiver Powerman Master-Spielzeugroboter, der Gedanken liest, Spielzeug f\u00fcr Kinder, tanzt, Musik spielt, Tierquiz, programmierbarer ferngesteuerter STEM-Roboter, Junior - EasyLifeBro<\/title>\n<meta name=\"description\" content=\"Entdecken Sie smarte Roboter f\u00fcr Zuhause, Garten, Bildung und Sicherheit. Vergleichen Sie Saugroboter, Rasenm\u00e4hroboter, KI-Begleitroboter und mehr bei EasyLifeRobo.\" \/>\n<meta name=\"robots\" content=\"index, follow, max-snippet:-1, max-image-preview:large, max-video-preview:-1\" \/>\n<link rel=\"canonical\" href=\"https:\/\/easyliferobo.com\/de\/product\/lexibook-rob25de-interaktiver-powerman-master-spielzeugroboter-der-gedanken-liest-spielzeug-fuer-kinder-tanzt-musik-spielt-tierquiz-programmierbarer-ferngesteuerter-stem-roboter-junio\/\" \/>\n<meta property=\"og:locale\" content=\"de_DE\" \/>\n<meta property=\"og:type\" content=\"article\" \/>\n<meta property=\"og:title\" content=\"Lexibook ROB25DE \u2013 Interaktiver Powerman Master-Spielzeugroboter, der Gedanken liest, Spielzeug f\u00fcr Kinder, tanzt, Musik spielt, Tierquiz, programmierbarer ferngesteuerter STEM-Roboter, Junior - EasyLifeBro\" \/>\n<meta property=\"og:description\" content=\"Entdecken Sie smarte Roboter f\u00fcr Zuhause, Garten, Bildung und Sicherheit. Vergleichen Sie Saugroboter, Rasenm\u00e4hroboter, KI-Begleitroboter und mehr bei EasyLifeRobo.\" \/>\n<meta property=\"og:url\" content=\"https:\/\/easyliferobo.com\/de\/product\/lexibook-rob25de-interaktiver-powerman-master-spielzeugroboter-der-gedanken-liest-spielzeug-fuer-kinder-tanzt-musik-spielt-tierquiz-programmierbarer-ferngesteuerter-stem-roboter-junio\/\" \/>\n<meta property=\"og:site_name\" content=\"EasyLifeBro\" \/>\n<meta property=\"article:modified_time\" content=\"2026-02-22T23:35:39+00:00\" \/>\n<meta property=\"og:image\" content=\"https:\/\/easyliferobo.com\/de\/wp-content\/uploads\/2026\/02\/61g4mJKYY0L._AC_SL1200_.jpg\" \/>\n\t<meta property=\"og:image:width\" content=\"1119\" \/>\n\t<meta property=\"og:image:height\" content=\"1139\" \/>\n\t<meta property=\"og:image:type\" content=\"image\/jpeg\" \/>\n<meta name=\"twitter:card\" content=\"summary_large_image\" \/>\n<meta name=\"twitter:label1\" content=\"Gesch\u00e4tzte Lesezeit\" \/>\n\t<meta name=\"twitter:data1\" content=\"4\u00a0Minuten\" \/>\n<script type=\"application\/ld+json\" class=\"yoast-schema-graph\">{\"@context\":\"https:\/\/schema.org\",\"@graph\":[{\"@type\":\"WebPage\",\"@id\":\"https:\/\/easyliferobo.com\/de\/product\/lexibook-rob25de-interaktiver-powerman-master-spielzeugroboter-der-gedanken-liest-spielzeug-fuer-kinder-tanzt-musik-spielt-tierquiz-programmierbarer-ferngesteuerter-stem-roboter-junio\/\",\"url\":\"https:\/\/easyliferobo.com\/de\/product\/lexibook-rob25de-interaktiver-powerman-master-spielzeugroboter-der-gedanken-liest-spielzeug-fuer-kinder-tanzt-musik-spielt-tierquiz-programmierbarer-ferngesteuerter-stem-roboter-junio\/\",\"name\":\"Lexibook ROB25DE \u2013 Interaktiver Powerman Master-Spielzeugroboter, der Gedanken liest, Spielzeug f\u00fcr Kinder, tanzt, Musik spielt, Tierquiz, programmierbarer ferngesteuerter STEM-Roboter, Junior - EasyLifeBro\",\"isPartOf\":{\"@id\":\"https:\/\/easyliferobo.com\/de\/#website\"},\"primaryImageOfPage\":{\"@id\":\"https:\/\/easyliferobo.com\/de\/product\/lexibook-rob25de-interaktiver-powerman-master-spielzeugroboter-der-gedanken-liest-spielzeug-fuer-kinder-tanzt-musik-spielt-tierquiz-programmierbarer-ferngesteuerter-stem-roboter-junio\/#primaryimage\"},\"image\":{\"@id\":\"https:\/\/easyliferobo.com\/de\/product\/lexibook-rob25de-interaktiver-powerman-master-spielzeugroboter-der-gedanken-liest-spielzeug-fuer-kinder-tanzt-musik-spielt-tierquiz-programmierbarer-ferngesteuerter-stem-roboter-junio\/#primaryimage\"},\"thumbnailUrl\":\"https:\/\/easyliferobo.com\/de\/wp-content\/uploads\/2026\/02\/61g4mJKYY0L._AC_SL1200_.jpg\",\"datePublished\":\"2026-02-22T10:13:42+00:00\",\"dateModified\":\"2026-02-22T23:35:39+00:00\",\"description\":\"Entdecken Sie smarte Roboter f\u00fcr Zuhause, Garten, Bildung und Sicherheit. Vergleichen Sie Saugroboter, Rasenm\u00e4hroboter, KI-Begleitroboter und mehr bei EasyLifeRobo.\",\"breadcrumb\":{\"@id\":\"https:\/\/easyliferobo.com\/de\/product\/lexibook-rob25de-interaktiver-powerman-master-spielzeugroboter-der-gedanken-liest-spielzeug-fuer-kinder-tanzt-musik-spielt-tierquiz-programmierbarer-ferngesteuerter-stem-roboter-junio\/#breadcrumb\"},\"inLanguage\":\"de\",\"potentialAction\":[{\"@type\":\"ReadAction\",\"target\":[\"https:\/\/easyliferobo.com\/de\/product\/lexibook-rob25de-interaktiver-powerman-master-spielzeugroboter-der-gedanken-liest-spielzeug-fuer-kinder-tanzt-musik-spielt-tierquiz-programmierbarer-ferngesteuerter-stem-roboter-junio\/\"]}]},{\"@type\":\"ImageObject\",\"inLanguage\":\"de\",\"@id\":\"https:\/\/easyliferobo.com\/de\/product\/lexibook-rob25de-interaktiver-powerman-master-spielzeugroboter-der-gedanken-liest-spielzeug-fuer-kinder-tanzt-musik-spielt-tierquiz-programmierbarer-ferngesteuerter-stem-roboter-junio\/#primaryimage\",\"url\":\"https:\/\/easyliferobo.com\/de\/wp-content\/uploads\/2026\/02\/61g4mJKYY0L._AC_SL1200_.jpg\",\"contentUrl\":\"https:\/\/easyliferobo.com\/de\/wp-content\/uploads\/2026\/02\/61g4mJKYY0L._AC_SL1200_.jpg\",\"width\":1119,\"height\":1139},{\"@type\":\"BreadcrumbList\",\"@id\":\"https:\/\/easyliferobo.com\/de\/product\/lexibook-rob25de-interaktiver-powerman-master-spielzeugroboter-der-gedanken-liest-spielzeug-fuer-kinder-tanzt-musik-spielt-tierquiz-programmierbarer-ferngesteuerter-stem-roboter-junio\/#breadcrumb\",\"itemListElement\":[{\"@type\":\"ListItem\",\"position\":1,\"name\":\"Home\",\"item\":\"https:\/\/easyliferobo.com\/de\/\"},{\"@type\":\"ListItem\",\"position\":2,\"name\":\"Shop\",\"item\":\"https:\/\/easyliferobo.com\/de\/shop\/\"},{\"@type\":\"ListItem\",\"position\":3,\"name\":\"Lexibook ROB25DE \u2013 Interaktiver P...\"}]},{\"@type\":\"WebSite\",\"@id\":\"https:\/\/easyliferobo.com\/de\/#website\",\"url\":\"https:\/\/easyliferobo.com\/de\/\",\"name\":\"EasyLifeBro\",\"description\":\"Smarte Roboter f\u00fcr Zuhause, Garten &amp; Bildung\",\"publisher\":{\"@id\":\"https:\/\/easyliferobo.com\/de\/#organization\"},\"potentialAction\":[{\"@type\":\"SearchAction\",\"target\":{\"@type\":\"EntryPoint\",\"urlTemplate\":\"https:\/\/easyliferobo.com\/de\/?s={search_term_string}\"},\"query-input\":{\"@type\":\"PropertyValueSpecification\",\"valueRequired\":true,\"valueName\":\"search_term_string\"}}],\"inLanguage\":\"de\"},{\"@type\":\"Organization\",\"@id\":\"https:\/\/easyliferobo.com\/de\/#organization\",\"name\":\"EasyLifeBro\",\"url\":\"https:\/\/easyliferobo.com\/de\/\",\"logo\":{\"@type\":\"ImageObject\",\"inLanguage\":\"de\",\"@id\":\"https:\/\/easyliferobo.com\/de\/#\/schema\/logo\/image\/\",\"url\":\"https:\/\/easyliferobo.com\/de\/wp-content\/uploads\/2026\/02\/Screenshot-2026-02-22-at-2.25.03-PM.png\",\"contentUrl\":\"https:\/\/easyliferobo.com\/de\/wp-content\/uploads\/2026\/02\/Screenshot-2026-02-22-at-2.25.03-PM.png\",\"width\":1858,\"height\":430,\"caption\":\"EasyLifeBro\"},\"image\":{\"@id\":\"https:\/\/easyliferobo.com\/de\/#\/schema\/logo\/image\/\"}}]}<\/script>\n<!-- \/ Yoast SEO plugin. -->","yoast_head_json":{"title":"Lexibook ROB25DE \u2013 Interaktiver Powerman Master-Spielzeugroboter, der Gedanken liest, Spielzeug f\u00fcr Kinder, tanzt, Musik spielt, Tierquiz, programmierbarer ferngesteuerter STEM-Roboter, Junior - EasyLifeBro","description":"Entdecken Sie smarte Roboter f\u00fcr Zuhause, Garten, Bildung und Sicherheit. Vergleichen Sie Saugroboter, Rasenm\u00e4hroboter, KI-Begleitroboter und mehr bei EasyLifeRobo.","robots":{"index":"index","follow":"follow","max-snippet":"max-snippet:-1","max-image-preview":"max-image-preview:large","max-video-preview":"max-video-preview:-1"},"canonical":"https:\/\/easyliferobo.com\/de\/product\/lexibook-rob25de-interaktiver-powerman-master-spielzeugroboter-der-gedanken-liest-spielzeug-fuer-kinder-tanzt-musik-spielt-tierquiz-programmierbarer-ferngesteuerter-stem-roboter-junio\/","og_locale":"de_DE","og_type":"article","og_title":"Lexibook ROB25DE \u2013 Interaktiver Powerman Master-Spielzeugroboter, der Gedanken liest, Spielzeug f\u00fcr Kinder, tanzt, Musik spielt, Tierquiz, programmierbarer ferngesteuerter STEM-Roboter, Junior - EasyLifeBro","og_description":"Entdecken Sie smarte Roboter f\u00fcr Zuhause, Garten, Bildung und Sicherheit. Vergleichen Sie Saugroboter, Rasenm\u00e4hroboter, KI-Begleitroboter und mehr bei EasyLifeRobo.","og_url":"https:\/\/easyliferobo.com\/de\/product\/lexibook-rob25de-interaktiver-powerman-master-spielzeugroboter-der-gedanken-liest-spielzeug-fuer-kinder-tanzt-musik-spielt-tierquiz-programmierbarer-ferngesteuerter-stem-roboter-junio\/","og_site_name":"EasyLifeBro","article_modified_time":"2026-02-22T23:35:39+00:00","og_image":[{"width":1119,"height":1139,"url":"https:\/\/easyliferobo.com\/de\/wp-content\/uploads\/2026\/02\/61g4mJKYY0L._AC_SL1200_.jpg","type":"image\/jpeg"}],"twitter_card":"summary_large_image","twitter_misc":{"Gesch\u00e4tzte Lesezeit":"4\u00a0Minuten"},"schema":{"@context":"https:\/\/schema.org","@graph":[{"@type":"WebPage","@id":"https:\/\/easyliferobo.com\/de\/product\/lexibook-rob25de-interaktiver-powerman-master-spielzeugroboter-der-gedanken-liest-spielzeug-fuer-kinder-tanzt-musik-spielt-tierquiz-programmierbarer-ferngesteuerter-stem-roboter-junio\/","url":"https:\/\/easyliferobo.com\/de\/product\/lexibook-rob25de-interaktiver-powerman-master-spielzeugroboter-der-gedanken-liest-spielzeug-fuer-kinder-tanzt-musik-spielt-tierquiz-programmierbarer-ferngesteuerter-stem-roboter-junio\/","name":"Lexibook ROB25DE \u2013 Interaktiver Powerman Master-Spielzeugroboter, der Gedanken liest, Spielzeug f\u00fcr Kinder, tanzt, Musik spielt, Tierquiz, programmierbarer ferngesteuerter STEM-Roboter, Junior - EasyLifeBro","isPartOf":{"@id":"https:\/\/easyliferobo.com\/de\/#website"},"primaryImageOfPage":{"@id":"https:\/\/easyliferobo.com\/de\/product\/lexibook-rob25de-interaktiver-powerman-master-spielzeugroboter-der-gedanken-liest-spielzeug-fuer-kinder-tanzt-musik-spielt-tierquiz-programmierbarer-ferngesteuerter-stem-roboter-junio\/#primaryimage"},"image":{"@id":"https:\/\/easyliferobo.com\/de\/product\/lexibook-rob25de-interaktiver-powerman-master-spielzeugroboter-der-gedanken-liest-spielzeug-fuer-kinder-tanzt-musik-spielt-tierquiz-programmierbarer-ferngesteuerter-stem-roboter-junio\/#primaryimage"},"thumbnailUrl":"https:\/\/easyliferobo.com\/de\/wp-content\/uploads\/2026\/02\/61g4mJKYY0L._AC_SL1200_.jpg","datePublished":"2026-02-22T10:13:42+00:00","dateModified":"2026-02-22T23:35:39+00:00","description":"Entdecken Sie smarte Roboter f\u00fcr Zuhause, Garten, Bildung und Sicherheit. Vergleichen Sie Saugroboter, Rasenm\u00e4hroboter, KI-Begleitroboter und mehr bei EasyLifeRobo.","breadcrumb":{"@id":"https:\/\/easyliferobo.com\/de\/product\/lexibook-rob25de-interaktiver-powerman-master-spielzeugroboter-der-gedanken-liest-spielzeug-fuer-kinder-tanzt-musik-spielt-tierquiz-programmierbarer-ferngesteuerter-stem-roboter-junio\/#breadcrumb"},"inLanguage":"de","potentialAction":[{"@type":"ReadAction","target":["https:\/\/easyliferobo.com\/de\/product\/lexibook-rob25de-interaktiver-powerman-master-spielzeugroboter-der-gedanken-liest-spielzeug-fuer-kinder-tanzt-musik-spielt-tierquiz-programmierbarer-ferngesteuerter-stem-roboter-junio\/"]}]},{"@type":"ImageObject","inLanguage":"de","@id":"https:\/\/easyliferobo.com\/de\/product\/lexibook-rob25de-interaktiver-powerman-master-spielzeugroboter-der-gedanken-liest-spielzeug-fuer-kinder-tanzt-musik-spielt-tierquiz-programmierbarer-ferngesteuerter-stem-roboter-junio\/#primaryimage","url":"https:\/\/easyliferobo.com\/de\/wp-content\/uploads\/2026\/02\/61g4mJKYY0L._AC_SL1200_.jpg","contentUrl":"https:\/\/easyliferobo.com\/de\/wp-content\/uploads\/2026\/02\/61g4mJKYY0L._AC_SL1200_.jpg","width":1119,"height":1139},{"@type":"BreadcrumbList","@id":"https:\/\/easyliferobo.com\/de\/product\/lexibook-rob25de-interaktiver-powerman-master-spielzeugroboter-der-gedanken-liest-spielzeug-fuer-kinder-tanzt-musik-spielt-tierquiz-programmierbarer-ferngesteuerter-stem-roboter-junio\/#breadcrumb","itemListElement":[{"@type":"ListItem","position":1,"name":"Home","item":"https:\/\/easyliferobo.com\/de\/"},{"@type":"ListItem","position":2,"name":"Shop","item":"https:\/\/easyliferobo.com\/de\/shop\/"},{"@type":"ListItem","position":3,"name":"Lexibook ROB25DE \u2013 Interaktiver P..."}]},{"@type":"WebSite","@id":"https:\/\/easyliferobo.com\/de\/#website","url":"https:\/\/easyliferobo.com\/de\/","name":"EasyLifeBro","description":"Smarte Roboter f\u00fcr Zuhause, Garten &amp; Bildung","publisher":{"@id":"https:\/\/easyliferobo.com\/de\/#organization"},"potentialAction":[{"@type":"SearchAction","target":{"@type":"EntryPoint","urlTemplate":"https:\/\/easyliferobo.com\/de\/?s={search_term_string}"},"query-input":{"@type":"PropertyValueSpecification","valueRequired":true,"valueName":"search_term_string"}}],"inLanguage":"de"},{"@type":"Organization","@id":"https:\/\/easyliferobo.com\/de\/#organization","name":"EasyLifeBro","url":"https:\/\/easyliferobo.com\/de\/","logo":{"@type":"ImageObject","inLanguage":"de","@id":"https:\/\/easyliferobo.com\/de\/#\/schema\/logo\/image\/","url":"https:\/\/easyliferobo.com\/de\/wp-content\/uploads\/2026\/02\/Screenshot-2026-02-22-at-2.25.03-PM.png","contentUrl":"https:\/\/easyliferobo.com\/de\/wp-content\/uploads\/2026\/02\/Screenshot-2026-02-22-at-2.25.03-PM.png","width":1858,"height":430,"caption":"EasyLifeBro"},"image":{"@id":"https:\/\/easyliferobo.com\/de\/#\/schema\/logo\/image\/"}}]}},"_links":{"self":[{"href":"https:\/\/easyliferobo.com\/de\/wp-json\/wp\/v2\/product\/683","targetHints":{"allow":["GET"]}}],"collection":[{"href":"https:\/\/easyliferobo.com\/de\/wp-json\/wp\/v2\/product"}],"about":[{"href":"https:\/\/easyliferobo.com\/de\/wp-json\/wp\/v2\/types\/product"}],"replies":[{"embeddable":true,"href":"https:\/\/easyliferobo.com\/de\/wp-json\/wp\/v2\/comments?post=683"}],"wp:featuredmedia":[{"embeddable":true,"href":"https:\/\/easyliferobo.com\/de\/wp-json\/wp\/v2\/media\/684"}],"wp:attachment":[{"href":"https:\/\/easyliferobo.com\/de\/wp-json\/wp\/v2\/media?parent=683"}],"wp:term":[{"taxonomy":"store","embeddable":true,"href":"https:\/\/easyliferobo.com\/de\/wp-json\/wp\/v2\/store?post=683"},{"taxonomy":"product_brand","embeddable":true,"href":"https:\/\/easyliferobo.com\/de\/wp-json\/wp\/v2\/product_brand?post=683"},{"taxonomy":"product_cat","embeddable":true,"href":"https:\/\/easyliferobo.com\/de\/wp-json\/wp\/v2\/product_cat?post=683"},{"taxonomy":"product_tag","embeddable":true,"href":"https:\/\/easyliferobo.com\/de\/wp-json\/wp\/v2\/product_tag?post=683"}],"curies":[{"name":"wp","href":"https:\/\/api.w.org\/{rel}","templated":true}]}}