
{"id":665,"date":"2026-02-22T10:10:33","date_gmt":"2026-02-22T10:10:33","guid":{"rendered":"https:\/\/easyliferobo.com\/de\/product\/tanzender-roboter-app-programmierbarer-roboter-mit-130-bewegungen-bluetooth-lautsprecher-spielzeug-mini-dj\/"},"modified":"2026-02-22T23:35:39","modified_gmt":"2026-02-22T23:35:39","slug":"tanzender-roboter-app-programmierbarer-roboter-mit-130-bewegungen-bluetooth-lautsprecher-spielzeug-mini-dj","status":"publish","type":"product","link":"https:\/\/easyliferobo.com\/de\/product\/tanzender-roboter-app-programmierbarer-roboter-mit-130-bewegungen-bluetooth-lautsprecher-spielzeug-mini-dj\/","title":{"rendered":"Tanzender Roboter: App-programmierb..."},"content":{"rendered":"<p>    <span>Werden Sie zum Choreografen Ihres Robo-T\u00e4nzers \u2013 per App und Soundsteuerung. <br \/>Auszeichnungen \/ Rezensionen \/ Pressestimmen: <br \/>RobotsBlog (24.02.): Fazit: \u201eDer per Playtastic App programmierbare Roboter \u00fcberzeugt sowohl als interaktiver Lautsprecher als auch als Roboterspielzeug.\u201c, <br \/>Spielmedium (24.01.): Produkteinf\u00fchrung. <br \/>Werden Sie zum Roboter-Choreografen: \u00dcber 130 verschiedene Bewegungen meistert Ihr kleines Tanzgenie. Neben Arm- und Beinbewegungen k\u00f6nnen Sie auch die Lichtfarbe der Augen sowie die Musik programmieren, zu der sich Ihr Roboter bewegt. Auch Rhythmus und Geschwindigkeit lassen sich mit nur wenigen Klicks einstellen. Ihrer Kreativit\u00e4t sind keine Grenzen gesetzt. <br \/>Geht auch durch die Gegend: Lassen Sie Ihren Roboter per App-Fernbedienung in jede gew\u00fcnschte Richtung laufen. So stattet er auch Familie und Freunden im Handumdrehen einen Besuch ab, um sie mit seinen T\u00e4nzen zu unterhalten. <br \/>Lustiger Lautsprecher: Dank des integrierten Lautsprechers k\u00f6nnen Sie Ihre Lieblingshits auch \u00fcber Ihren Roboter abspielen \u2013 per Bluetooth von Ihrem Smartphone oder von einer Speicherkarte. Ihr Robo-T\u00e4nzer untermalt die Musik mit lustigen Bewegungen.<\/span>    <br \/>Programmierbarer Roboter mit \u00fcber 130 verschiedenen Bewegungen. Bewegt Arme und Beine, Augen leuchten in verschiedenen Farben. \u00dcber Bluetooth als Lautsprecher nutzbar: Roboter tanzt zur abgespielten Musik. Ausgangsleistung des Lautsprechers: 5 Watt (RMS), Spitzenleistung: 10 Watt. Kostenlose App f\u00fcr iOS und Android: zur Fernbedienung und Programmierung. Musikwiedergabe auch \u00fcber microSD-Karte<br \/>Tanzender Roboter mit \u00fcber 130 verschiedenen Bewegungen Auch als Lautsprecher nutzbar: Roboter tanzt zu abgespielter Musik (ohne App-Anbindung) Musikwiedergabe auch von Speicherkarte m\u00f6glich Steckplatz f\u00fcr microSD (HC)-Karte bis 32 GB (nicht im Lieferumfang enthalten)<br \/>Musik, Rhythmus, Geschwindigkeit, Augenfarbe sowie Arm- und Beinbewegungen programmierbar. Bluetooth 4.2 f\u00fcr kabellose Verbindung mit Smartphone und Tablet-PC, bis zu 10 m Reichweite. 4 Bedientasten zur komfortablen Musiksteuerung: Ein\/Aus, Wiedergabe\/Pause, Laut\/Leise, vorheriger Titel\/n\u00e4chster Titel. Stromversorgung: Li-Ionen-Akku mit 1.800 mAh f\u00fcr bis zu 4. Stunden Laufzeit, Laden per USB-C (Netzteil bitte bestellen)<br \/>F\u00e4hrt per App-Fernbedienung vorw\u00e4rts, r\u00fcckw\u00e4rts, rechts und links. Kostenlose App f\u00fcr iOS und Android: zur Fernsteuerung und Programmierung des Roboters. Ausgangsleistung des Lautsprechers: 5 Watt (RMS), Spitzenleistung: 10 Watt. Abmessungen: 17,8 x 11,2 x 8,4 cm, Gewicht: 326 g<br \/>Roboter inklusive USB-Ladekabel (USB-A auf USB-C) und Anleitung in Deutsch. Mini-Roboter &#8211; Au\u00dferdem relevant oder passend zu: Speicherkarten, Fernbedienung, Fernbedienung, Kartenleser, Smartphones, Navigation, Silvester, Partybox, Figuren, Gadgets, klein, Kinder, Spiele, Gadget, Gaming, iPhone, Batterien, Handy, Disco, Smart, Apple, iPad, Hund, Box, RC, SD, DJ<\/p>\n<p>[ad_2]<\/p>\n","protected":false},"excerpt":{"rendered":"<p>Werden Sie zum Choreografen Ihres Robo-T\u00e4nzers \u2013 per App und Soundsteuerung. Auszeichnungen \/ Rezensionen \/ Pressestimmen: RobotsBlog (24.02.): Fazit: \u201eDer per Playtastic App programmierbare Roboter \u00fcberzeugt sowohl als interaktiver Lautsprecher als auch als Roboterspielzeug.\u201c, Spielmedium (24.01.): Produkteinf\u00fchrung. Werden Sie zum Roboter-Choreografen: \u00dcber 130 verschiedene Bewegungen meistert Ihr kleines Tanzgenie. Neben Arm- und Beinbewegungen k\u00f6nnen Sie [&hellip;]<\/p>\n","protected":false},"featured_media":666,"comment_status":"open","ping_status":"closed","template":"","meta":{"_aipt_faq_data":""},"store":[],"product_brand":[],"product_cat":[90],"product_tag":[179],"class_list":{"0":"post-665","1":"product","2":"type-product","3":"status-publish","4":"has-post-thumbnail","6":"product_cat-tanz-musikroboter","7":"product_tag-programmierbare-tanz-musikroboter","9":"first","10":"instock","11":"sale","12":"shipping-taxable","13":"product-type-external"},"yoast_head":"<!-- This site is optimized with the Yoast SEO plugin v27.0 - https:\/\/yoast.com\/product\/yoast-seo-wordpress\/ -->\n<title>Tanzender Roboter: App-programmierbarer Roboter mit 130 Bewegungen, Bluetooth-Lautsprecher (Spielzeug, Mini, DJ) - EasyLifeBro<\/title>\n<meta name=\"description\" content=\"Entdecken Sie smarte Roboter f\u00fcr Zuhause, Garten, Bildung und Sicherheit. Vergleichen Sie Saugroboter, Rasenm\u00e4hroboter, KI-Begleitroboter und mehr bei EasyLifeRobo.\" \/>\n<meta name=\"robots\" content=\"index, follow, max-snippet:-1, max-image-preview:large, max-video-preview:-1\" \/>\n<link rel=\"canonical\" href=\"https:\/\/easyliferobo.com\/de\/product\/tanzender-roboter-app-programmierbarer-roboter-mit-130-bewegungen-bluetooth-lautsprecher-spielzeug-mini-dj\/\" \/>\n<meta property=\"og:locale\" content=\"de_DE\" \/>\n<meta property=\"og:type\" content=\"article\" \/>\n<meta property=\"og:title\" content=\"Tanzender Roboter: App-programmierbarer Roboter mit 130 Bewegungen, Bluetooth-Lautsprecher (Spielzeug, Mini, DJ) - EasyLifeBro\" \/>\n<meta property=\"og:description\" content=\"Entdecken Sie smarte Roboter f\u00fcr Zuhause, Garten, Bildung und Sicherheit. Vergleichen Sie Saugroboter, Rasenm\u00e4hroboter, KI-Begleitroboter und mehr bei EasyLifeRobo.\" \/>\n<meta property=\"og:url\" content=\"https:\/\/easyliferobo.com\/de\/product\/tanzender-roboter-app-programmierbarer-roboter-mit-130-bewegungen-bluetooth-lautsprecher-spielzeug-mini-dj\/\" \/>\n<meta property=\"og:site_name\" content=\"EasyLifeBro\" \/>\n<meta property=\"article:modified_time\" content=\"2026-02-22T23:35:39+00:00\" \/>\n<meta property=\"og:image\" content=\"https:\/\/easyliferobo.com\/de\/wp-content\/uploads\/2026\/02\/61qHR7XBstL._AC_SL1300_.jpg\" \/>\n\t<meta property=\"og:image:width\" content=\"1273\" \/>\n\t<meta property=\"og:image:height\" content=\"1279\" \/>\n\t<meta property=\"og:image:type\" content=\"image\/jpeg\" \/>\n<meta name=\"twitter:card\" content=\"summary_large_image\" \/>\n<meta name=\"twitter:label1\" content=\"Gesch\u00e4tzte Lesezeit\" \/>\n\t<meta name=\"twitter:data1\" content=\"2\u00a0Minuten\" \/>\n<script type=\"application\/ld+json\" class=\"yoast-schema-graph\">{\"@context\":\"https:\/\/schema.org\",\"@graph\":[{\"@type\":\"WebPage\",\"@id\":\"https:\/\/easyliferobo.com\/de\/product\/tanzender-roboter-app-programmierbarer-roboter-mit-130-bewegungen-bluetooth-lautsprecher-spielzeug-mini-dj\/\",\"url\":\"https:\/\/easyliferobo.com\/de\/product\/tanzender-roboter-app-programmierbarer-roboter-mit-130-bewegungen-bluetooth-lautsprecher-spielzeug-mini-dj\/\",\"name\":\"Tanzender Roboter: App-programmierbarer Roboter mit 130 Bewegungen, Bluetooth-Lautsprecher (Spielzeug, Mini, DJ) - EasyLifeBro\",\"isPartOf\":{\"@id\":\"https:\/\/easyliferobo.com\/de\/#website\"},\"primaryImageOfPage\":{\"@id\":\"https:\/\/easyliferobo.com\/de\/product\/tanzender-roboter-app-programmierbarer-roboter-mit-130-bewegungen-bluetooth-lautsprecher-spielzeug-mini-dj\/#primaryimage\"},\"image\":{\"@id\":\"https:\/\/easyliferobo.com\/de\/product\/tanzender-roboter-app-programmierbarer-roboter-mit-130-bewegungen-bluetooth-lautsprecher-spielzeug-mini-dj\/#primaryimage\"},\"thumbnailUrl\":\"https:\/\/easyliferobo.com\/de\/wp-content\/uploads\/2026\/02\/61qHR7XBstL._AC_SL1300_.jpg\",\"datePublished\":\"2026-02-22T10:10:33+00:00\",\"dateModified\":\"2026-02-22T23:35:39+00:00\",\"description\":\"Entdecken Sie smarte Roboter f\u00fcr Zuhause, Garten, Bildung und Sicherheit. Vergleichen Sie Saugroboter, Rasenm\u00e4hroboter, KI-Begleitroboter und mehr bei EasyLifeRobo.\",\"breadcrumb\":{\"@id\":\"https:\/\/easyliferobo.com\/de\/product\/tanzender-roboter-app-programmierbarer-roboter-mit-130-bewegungen-bluetooth-lautsprecher-spielzeug-mini-dj\/#breadcrumb\"},\"inLanguage\":\"de\",\"potentialAction\":[{\"@type\":\"ReadAction\",\"target\":[\"https:\/\/easyliferobo.com\/de\/product\/tanzender-roboter-app-programmierbarer-roboter-mit-130-bewegungen-bluetooth-lautsprecher-spielzeug-mini-dj\/\"]}]},{\"@type\":\"ImageObject\",\"inLanguage\":\"de\",\"@id\":\"https:\/\/easyliferobo.com\/de\/product\/tanzender-roboter-app-programmierbarer-roboter-mit-130-bewegungen-bluetooth-lautsprecher-spielzeug-mini-dj\/#primaryimage\",\"url\":\"https:\/\/easyliferobo.com\/de\/wp-content\/uploads\/2026\/02\/61qHR7XBstL._AC_SL1300_.jpg\",\"contentUrl\":\"https:\/\/easyliferobo.com\/de\/wp-content\/uploads\/2026\/02\/61qHR7XBstL._AC_SL1300_.jpg\",\"width\":1273,\"height\":1279},{\"@type\":\"BreadcrumbList\",\"@id\":\"https:\/\/easyliferobo.com\/de\/product\/tanzender-roboter-app-programmierbarer-roboter-mit-130-bewegungen-bluetooth-lautsprecher-spielzeug-mini-dj\/#breadcrumb\",\"itemListElement\":[{\"@type\":\"ListItem\",\"position\":1,\"name\":\"Home\",\"item\":\"https:\/\/easyliferobo.com\/de\/\"},{\"@type\":\"ListItem\",\"position\":2,\"name\":\"Shop\",\"item\":\"https:\/\/easyliferobo.com\/de\/shop\/\"},{\"@type\":\"ListItem\",\"position\":3,\"name\":\"Tanzender Roboter: App-programmierb...\"}]},{\"@type\":\"WebSite\",\"@id\":\"https:\/\/easyliferobo.com\/de\/#website\",\"url\":\"https:\/\/easyliferobo.com\/de\/\",\"name\":\"EasyLifeBro\",\"description\":\"Smarte Roboter f\u00fcr Zuhause, Garten &amp; Bildung\",\"publisher\":{\"@id\":\"https:\/\/easyliferobo.com\/de\/#organization\"},\"potentialAction\":[{\"@type\":\"SearchAction\",\"target\":{\"@type\":\"EntryPoint\",\"urlTemplate\":\"https:\/\/easyliferobo.com\/de\/?s={search_term_string}\"},\"query-input\":{\"@type\":\"PropertyValueSpecification\",\"valueRequired\":true,\"valueName\":\"search_term_string\"}}],\"inLanguage\":\"de\"},{\"@type\":\"Organization\",\"@id\":\"https:\/\/easyliferobo.com\/de\/#organization\",\"name\":\"EasyLifeBro\",\"url\":\"https:\/\/easyliferobo.com\/de\/\",\"logo\":{\"@type\":\"ImageObject\",\"inLanguage\":\"de\",\"@id\":\"https:\/\/easyliferobo.com\/de\/#\/schema\/logo\/image\/\",\"url\":\"https:\/\/easyliferobo.com\/de\/wp-content\/uploads\/2026\/02\/Screenshot-2026-02-22-at-2.25.03-PM.png\",\"contentUrl\":\"https:\/\/easyliferobo.com\/de\/wp-content\/uploads\/2026\/02\/Screenshot-2026-02-22-at-2.25.03-PM.png\",\"width\":1858,\"height\":430,\"caption\":\"EasyLifeBro\"},\"image\":{\"@id\":\"https:\/\/easyliferobo.com\/de\/#\/schema\/logo\/image\/\"}}]}<\/script>\n<!-- \/ Yoast SEO plugin. -->","yoast_head_json":{"title":"Tanzender Roboter: App-programmierbarer Roboter mit 130 Bewegungen, Bluetooth-Lautsprecher (Spielzeug, Mini, DJ) - EasyLifeBro","description":"Entdecken Sie smarte Roboter f\u00fcr Zuhause, Garten, Bildung und Sicherheit. Vergleichen Sie Saugroboter, Rasenm\u00e4hroboter, KI-Begleitroboter und mehr bei EasyLifeRobo.","robots":{"index":"index","follow":"follow","max-snippet":"max-snippet:-1","max-image-preview":"max-image-preview:large","max-video-preview":"max-video-preview:-1"},"canonical":"https:\/\/easyliferobo.com\/de\/product\/tanzender-roboter-app-programmierbarer-roboter-mit-130-bewegungen-bluetooth-lautsprecher-spielzeug-mini-dj\/","og_locale":"de_DE","og_type":"article","og_title":"Tanzender Roboter: App-programmierbarer Roboter mit 130 Bewegungen, Bluetooth-Lautsprecher (Spielzeug, Mini, DJ) - EasyLifeBro","og_description":"Entdecken Sie smarte Roboter f\u00fcr Zuhause, Garten, Bildung und Sicherheit. Vergleichen Sie Saugroboter, Rasenm\u00e4hroboter, KI-Begleitroboter und mehr bei EasyLifeRobo.","og_url":"https:\/\/easyliferobo.com\/de\/product\/tanzender-roboter-app-programmierbarer-roboter-mit-130-bewegungen-bluetooth-lautsprecher-spielzeug-mini-dj\/","og_site_name":"EasyLifeBro","article_modified_time":"2026-02-22T23:35:39+00:00","og_image":[{"width":1273,"height":1279,"url":"https:\/\/easyliferobo.com\/de\/wp-content\/uploads\/2026\/02\/61qHR7XBstL._AC_SL1300_.jpg","type":"image\/jpeg"}],"twitter_card":"summary_large_image","twitter_misc":{"Gesch\u00e4tzte Lesezeit":"2\u00a0Minuten"},"schema":{"@context":"https:\/\/schema.org","@graph":[{"@type":"WebPage","@id":"https:\/\/easyliferobo.com\/de\/product\/tanzender-roboter-app-programmierbarer-roboter-mit-130-bewegungen-bluetooth-lautsprecher-spielzeug-mini-dj\/","url":"https:\/\/easyliferobo.com\/de\/product\/tanzender-roboter-app-programmierbarer-roboter-mit-130-bewegungen-bluetooth-lautsprecher-spielzeug-mini-dj\/","name":"Tanzender Roboter: App-programmierbarer Roboter mit 130 Bewegungen, Bluetooth-Lautsprecher (Spielzeug, Mini, DJ) - EasyLifeBro","isPartOf":{"@id":"https:\/\/easyliferobo.com\/de\/#website"},"primaryImageOfPage":{"@id":"https:\/\/easyliferobo.com\/de\/product\/tanzender-roboter-app-programmierbarer-roboter-mit-130-bewegungen-bluetooth-lautsprecher-spielzeug-mini-dj\/#primaryimage"},"image":{"@id":"https:\/\/easyliferobo.com\/de\/product\/tanzender-roboter-app-programmierbarer-roboter-mit-130-bewegungen-bluetooth-lautsprecher-spielzeug-mini-dj\/#primaryimage"},"thumbnailUrl":"https:\/\/easyliferobo.com\/de\/wp-content\/uploads\/2026\/02\/61qHR7XBstL._AC_SL1300_.jpg","datePublished":"2026-02-22T10:10:33+00:00","dateModified":"2026-02-22T23:35:39+00:00","description":"Entdecken Sie smarte Roboter f\u00fcr Zuhause, Garten, Bildung und Sicherheit. Vergleichen Sie Saugroboter, Rasenm\u00e4hroboter, KI-Begleitroboter und mehr bei EasyLifeRobo.","breadcrumb":{"@id":"https:\/\/easyliferobo.com\/de\/product\/tanzender-roboter-app-programmierbarer-roboter-mit-130-bewegungen-bluetooth-lautsprecher-spielzeug-mini-dj\/#breadcrumb"},"inLanguage":"de","potentialAction":[{"@type":"ReadAction","target":["https:\/\/easyliferobo.com\/de\/product\/tanzender-roboter-app-programmierbarer-roboter-mit-130-bewegungen-bluetooth-lautsprecher-spielzeug-mini-dj\/"]}]},{"@type":"ImageObject","inLanguage":"de","@id":"https:\/\/easyliferobo.com\/de\/product\/tanzender-roboter-app-programmierbarer-roboter-mit-130-bewegungen-bluetooth-lautsprecher-spielzeug-mini-dj\/#primaryimage","url":"https:\/\/easyliferobo.com\/de\/wp-content\/uploads\/2026\/02\/61qHR7XBstL._AC_SL1300_.jpg","contentUrl":"https:\/\/easyliferobo.com\/de\/wp-content\/uploads\/2026\/02\/61qHR7XBstL._AC_SL1300_.jpg","width":1273,"height":1279},{"@type":"BreadcrumbList","@id":"https:\/\/easyliferobo.com\/de\/product\/tanzender-roboter-app-programmierbarer-roboter-mit-130-bewegungen-bluetooth-lautsprecher-spielzeug-mini-dj\/#breadcrumb","itemListElement":[{"@type":"ListItem","position":1,"name":"Home","item":"https:\/\/easyliferobo.com\/de\/"},{"@type":"ListItem","position":2,"name":"Shop","item":"https:\/\/easyliferobo.com\/de\/shop\/"},{"@type":"ListItem","position":3,"name":"Tanzender Roboter: App-programmierb..."}]},{"@type":"WebSite","@id":"https:\/\/easyliferobo.com\/de\/#website","url":"https:\/\/easyliferobo.com\/de\/","name":"EasyLifeBro","description":"Smarte Roboter f\u00fcr Zuhause, Garten &amp; Bildung","publisher":{"@id":"https:\/\/easyliferobo.com\/de\/#organization"},"potentialAction":[{"@type":"SearchAction","target":{"@type":"EntryPoint","urlTemplate":"https:\/\/easyliferobo.com\/de\/?s={search_term_string}"},"query-input":{"@type":"PropertyValueSpecification","valueRequired":true,"valueName":"search_term_string"}}],"inLanguage":"de"},{"@type":"Organization","@id":"https:\/\/easyliferobo.com\/de\/#organization","name":"EasyLifeBro","url":"https:\/\/easyliferobo.com\/de\/","logo":{"@type":"ImageObject","inLanguage":"de","@id":"https:\/\/easyliferobo.com\/de\/#\/schema\/logo\/image\/","url":"https:\/\/easyliferobo.com\/de\/wp-content\/uploads\/2026\/02\/Screenshot-2026-02-22-at-2.25.03-PM.png","contentUrl":"https:\/\/easyliferobo.com\/de\/wp-content\/uploads\/2026\/02\/Screenshot-2026-02-22-at-2.25.03-PM.png","width":1858,"height":430,"caption":"EasyLifeBro"},"image":{"@id":"https:\/\/easyliferobo.com\/de\/#\/schema\/logo\/image\/"}}]}},"_links":{"self":[{"href":"https:\/\/easyliferobo.com\/de\/wp-json\/wp\/v2\/product\/665","targetHints":{"allow":["GET"]}}],"collection":[{"href":"https:\/\/easyliferobo.com\/de\/wp-json\/wp\/v2\/product"}],"about":[{"href":"https:\/\/easyliferobo.com\/de\/wp-json\/wp\/v2\/types\/product"}],"replies":[{"embeddable":true,"href":"https:\/\/easyliferobo.com\/de\/wp-json\/wp\/v2\/comments?post=665"}],"wp:featuredmedia":[{"embeddable":true,"href":"https:\/\/easyliferobo.com\/de\/wp-json\/wp\/v2\/media\/666"}],"wp:attachment":[{"href":"https:\/\/easyliferobo.com\/de\/wp-json\/wp\/v2\/media?parent=665"}],"wp:term":[{"taxonomy":"store","embeddable":true,"href":"https:\/\/easyliferobo.com\/de\/wp-json\/wp\/v2\/store?post=665"},{"taxonomy":"product_brand","embeddable":true,"href":"https:\/\/easyliferobo.com\/de\/wp-json\/wp\/v2\/product_brand?post=665"},{"taxonomy":"product_cat","embeddable":true,"href":"https:\/\/easyliferobo.com\/de\/wp-json\/wp\/v2\/product_cat?post=665"},{"taxonomy":"product_tag","embeddable":true,"href":"https:\/\/easyliferobo.com\/de\/wp-json\/wp\/v2\/product_tag?post=665"}],"curies":[{"name":"wp","href":"https:\/\/api.w.org\/{rel}","templated":true}]}}