
{"id":655,"date":"2026-02-22T10:08:33","date_gmt":"2026-02-22T10:08:33","guid":{"rendered":"https:\/\/easyliferobo.com\/de\/product\/programmierbarer-roboter-fuer-kinder-von-3-5-jahren-matatastudio-tale-bot-pro-programmierbares-roboterspielzeug-set-fuer-kleinkinder-fruehes-programmieren-lernen-stem-interaktiver-elektro\/"},"modified":"2026-02-22T23:35:39","modified_gmt":"2026-02-22T23:35:39","slug":"programmierbarer-roboter-fuer-kinder-von-3-5-jahren-matatastudio-tale-bot-pro-programmierbares-roboterspielzeug-set-fuer-kleinkinder-fruehes-programmieren-lernen-stem-interaktiver-elektro","status":"publish","type":"product","link":"https:\/\/easyliferobo.com\/de\/product\/programmierbarer-roboter-fuer-kinder-von-3-5-jahren-matatastudio-tale-bot-pro-programmierbares-roboterspielzeug-set-fuer-kleinkinder-fruehes-programmieren-lernen-stem-interaktiver-elektro\/","title":{"rendered":"Programmierbarer Roboter f\u00fcr Kinde..."},"content":{"rendered":"<p>\n                                             Von der Marke   <\/p>\n<p>                                              <img decoding=\"async\" alt=\"Der Text lautet \u201ePRICE CUT SALE\u201c. auf orangefarbenem Hintergrund mit kleinen Symbolen f\u00fcr Elektronikprodukte, die in geschwungenen Linien angeordnet sind, darunter Laptops, Kameras und andere Ger\u00e4te.\" src=\"https:\/\/images-na.ssl-images-amazon.com\/images\/G\/01\/x-locale\/common\/grey-pixel.gif\" class=\"a-lazy-loaded\" data-src=\"https:\/\/m.media-amazon.com\/images\/S\/aplus-media-library-service-media\/b17ee10c-cbf4-4a61-9809-3c08ac9f552b.__CR0,1,2928,1250_PT0_SX1464_V1___.jpg\"><img decoding=\"async\" alt=\"Der Text lautet \u201ePRICE CUT SALE\u201c. auf orangefarbenem Hintergrund mit kleinen Symbolen f\u00fcr Elektronikprodukte, die in geschwungenen Linien angeordnet sind, darunter Laptops, Kameras und andere Ger\u00e4te.\" src=\"https:\/\/m.media-amazon.com\/images\/S\/aplus-media-library-service-media\/b17ee10c-cbf4-4a61-9809-3c08ac9f552b.__CR0,1,2928,1250_PT0_SX1464_V1___.jpg\">  <\/p>\n<p>                                              <img decoding=\"async\" alt=\"\" src=\"https:\/\/images-na.ssl-images-amazon.com\/images\/G\/01\/x-locale\/common\/grey-pixel.gif\" class=\"a-lazy-loaded\" data-src=\"https:\/\/m.media-amazon.com\/images\/S\/aplus-media-library-service-media\/e1795835-2eb3-4b6a-95f2-d3f3eac10f53.__CR0,0,315,145_PT0_SX315_V1___.png\"><img decoding=\"async\" alt=\"\" src=\"https:\/\/m.media-amazon.com\/images\/S\/aplus-media-library-service-media\/e1795835-2eb3-4b6a-95f2-d3f3eac10f53.__CR0,0,315,145_PT0_SX315_V1___.png\">  <\/p>\n<p>  MatataStudio wurde 2017 gegr\u00fcndet und ist ein Unternehmen f\u00fcr Technologiebildung, das Schulen, Institutionen und Familien auf der ganzen Welt innovative MINT-Ausbildung anbietet. <\/p>\n<p>  Unser Ziel ist es, den Innovationsgeist von Kindern zu f\u00f6rdern, damit sie sich der Welt stellen und sie ver\u00e4ndern k\u00f6nnen. <\/p>\n<p>  Mit umfangreichen p\u00e4dagogischen Ressourcen und h\u00f6chster Fachkompetenz unterst\u00fctzen wir mittlerweile \u00fcber 20.000 Kinderg\u00e4rten, Schulen und Bildungseinrichtungen. <\/p>\n<p>                                              <img decoding=\"async\" alt=\"Aplus-Inhaltsbild\" src=\"https:\/\/images-na.ssl-images-amazon.com\/images\/G\/01\/x-locale\/common\/grey-pixel.gif\" class=\"a-lazy-loaded\" data-src=\"https:\/\/m.media-amazon.com\/images\/S\/aplus-media-library-service-media\/2f80a385-3b59-4dfc-8881-ecfccf2e7161.__CR0,47,965,1208_PT0_SX362_V1___.png\"><img decoding=\"async\" alt=\"Aplus-Inhaltsbild\" src=\"https:\/\/m.media-amazon.com\/images\/S\/aplus-media-library-service-media\/2f80a385-3b59-4dfc-8881-ecfccf2e7161.__CR0,47,965,1208_PT0_SX362_V1___.png\">  <\/p>\n<h3>  Geeignet f\u00fcr Kinder ab 3 Jahren <\/h3>\n<p class=\"apm-brand-story-stores-link\">\n<h3>  Geeignet f\u00fcr Kinder ab 4 Jahren <\/h3>\n<p class=\"apm-brand-story-stores-link\">\n<h3>  Geeignet f\u00fcr Kinder ab 8 Jahren <\/h3>\n<p class=\"apm-brand-story-stores-link\">\n<p>                                              <img decoding=\"async\" alt=\"\" src=\"https:\/\/images-na.ssl-images-amazon.com\/images\/G\/01\/x-locale\/common\/grey-pixel.gif\" class=\"a-lazy-loaded\" data-src=\"https:\/\/m.media-amazon.com\/images\/S\/aplus-media-library-service-media\/9fdae884-61b9-4ebb-8e5f-1fd5b433fe74.__CR0,0,362,453_PT0_SX362_V1___.png\"><img decoding=\"async\" alt=\"\" src=\"https:\/\/m.media-amazon.com\/images\/S\/aplus-media-library-service-media\/9fdae884-61b9-4ebb-8e5f-1fd5b433fe74.__CR0,0,362,453_PT0_SX362_V1___.png\">  <\/p>\n<p>                                              <img decoding=\"async\" alt=\"Der Text lautet: \u201eNous AI Set 12+\u201c und zeigt das Logo des iF Design Award 2024. Kleiner Roboter oder KI-Ger\u00e4t auf R\u00e4dern vor rotem Hintergrund.\" src=\"https:\/\/images-na.ssl-images-amazon.com\/images\/G\/01\/x-locale\/common\/grey-pixel.gif\" class=\"a-lazy-loaded\" data-src=\"https:\/\/m.media-amazon.com\/images\/S\/aplus-media-library-service-media\/485bda06-fbdb-4368-b6c1-1a6003cb2415.__CR0,0,724,906_PT0_SX362_V1___.jpg\"><img decoding=\"async\" alt=\"Der Text lautet: \u201eNous AI Set 12+\u201c und zeigt das Logo des iF Design Award 2024. Kleiner Roboter oder KI-Ger\u00e4t auf R\u00e4dern vor rotem Hintergrund.\" src=\"https:\/\/m.media-amazon.com\/images\/S\/aplus-media-library-service-media\/485bda06-fbdb-4368-b6c1-1a6003cb2415.__CR0,0,724,906_PT0_SX362_V1___.jpg\">  <\/p>\n<h3>  Digitales Mikroskop <\/h3>\n<p class=\"apm-brand-story-stores-link\">\n<h3>  Biologisches Mikroskop <\/h3>\n<p class=\"apm-brand-story-stores-link\">\n<p>                                              <img decoding=\"async\" alt=\"Aplus-Inhaltsbild\" src=\"https:\/\/images-na.ssl-images-amazon.com\/images\/G\/01\/x-locale\/common\/grey-pixel.gif\" class=\"a-lazy-loaded\" data-src=\"https:\/\/m.media-amazon.com\/images\/S\/aplus-media-library-service-media\/6b477e96-9eea-4611-8981-b4628544862d.__CR0,0,362,453_PT0_SX362_V1___.png\"><img decoding=\"async\" alt=\"Aplus-Inhaltsbild\" src=\"https:\/\/m.media-amazon.com\/images\/S\/aplus-media-library-service-media\/6b477e96-9eea-4611-8981-b4628544862d.__CR0,0,362,453_PT0_SX362_V1___.png\">  <\/p>\n<p>                                              <img decoding=\"async\" alt=\"Aplus-Inhaltsbild\" src=\"https:\/\/images-na.ssl-images-amazon.com\/images\/G\/01\/x-locale\/common\/grey-pixel.gif\" class=\"a-lazy-loaded\" data-src=\"https:\/\/m.media-amazon.com\/images\/S\/aplus-media-library-service-media\/cc17fcaa-29ed-4404-897a-e9804a154b8e.__CR0,0,362,453_PT0_SX362_V1___.png\"><img decoding=\"async\" alt=\"Aplus-Inhaltsbild\" src=\"https:\/\/m.media-amazon.com\/images\/S\/aplus-media-library-service-media\/cc17fcaa-29ed-4404-897a-e9804a154b8e.__CR0,0,362,453_PT0_SX362_V1___.png\">  <\/p>\n<p>MATATASTUDIO TALE-BOT PRO: Dieser niedliche Cartoon-Autoroboter ist die einfachste Version der programmierbaren Roboterserie f\u00fcr Kinder von MatataStudio. Dies ist ein interaktiver, praktischer, programmierbarer Roboterbausatz f\u00fcr Kinder, der speziell f\u00fcr Kinder im Alter von 3 bis 5 Jahren entwickelt wurde. Mit diesem intelligenten Roboterspielzeug k\u00f6nnen Kinder durch einfache Spiele interdisziplin\u00e4res Wissen erlernen und grundlegende Programmierkonzepte beherrschen<br \/>Einfach zu bedienen: Kein Bildschirm erforderlich. Verwenden Sie farbenfrohe grafische Befehlsschaltfl\u00e4chen in Kombination mit interaktiven Karten. Damit Kinder den Coding Robot gem\u00e4\u00df dem von ihnen festgelegten Programm ausf\u00fchren, rotieren, Aktionen wiederholen und nach dem Zufallsprinzip tanzen k\u00f6nnen. Verschiedene Programmierkreationen und eine einfache grafische Programmiersprache k\u00f6nnen das Interesse der Kinder wecken und ihre Fantasie f\u00f6rdern<br \/>INTERAKTIVE KOMMUNIKATION: Das Roboterset nutzt die OID-Interaktionstechnologie und wird mit einer doppelseitigen Karte (interaktive Karte und leere Karte) geliefert, bietet Sprachf\u00fchrung, zeitnahes Feedback und interagiert mit Kindern in interessanten Spielen. Blankokarten regen jeden dazu an, beim Spielen frei neue Geschichten zu erfinden und zu erfinden, wodurch die Sprachkenntnisse der Kinder weiterentwickelt und die Ausdrucks- und logischen Denkf\u00e4higkeiten verbessert werden<br \/>Multifunktional, mehr Spa\u00df: Unterst\u00fctzt die Aufnahme von Audio, um personalisierte Spiele zu erstellen. Die Teile an den Seiten des Kinderroboters sind abnehmbar und mit Bausteinen kompatibel. Mit den mitgelieferten Zubeh\u00f6rteilen und Pinseln k\u00f6nnen Sie Muster malen, um unterschiedliche Looks zu kreieren. Unterst\u00fctzt 10 Sprachen: Englisch, Franz\u00f6sisch, Deutsch, Tschechisch, Schwedisch, Spanisch, Russisch, Chinesisch, Bulgarisch und Thail\u00e4ndisch, um mehrsprachigen Lernanforderungen gerecht zu werden<br \/>Ideales Geschenk f\u00fcr Kinder: Es wird dringend empfohlen, die Aktivit\u00e4tsbox als zus\u00e4tzliches Lernmaterial zu erwerben, um die Lerninhalte zu bereichern. Der Tale-Bot Pro Robot ist eine gro\u00dfartige Wahl f\u00fcr Geschenke zum Schulanfang, zu Halloween, Weihnachten, Ostern, Neujahr, Weihnachten und Geburtstagen. Es ist ein unverzichtbares MINT-Experimentierset f\u00fcr Kinder im Alter von 3\u20135 Jahren. Es ist der beste Partner f\u00fcr grundlegende Programmierwettbewerbe f\u00fcr Kinder und Auff\u00fchrungen im Klassenzimmer<br \/>Was Sie bekommen: Tale-Bot Pro Roboter x1; Fl\u00fcgel x2; Zeichen- und Bausteinhalter x2; Arme x2; Benutzerhandbuch x1; Konfigurationskarte x1; Heft mit Aufgaben x1; doppelseitige Karten (interaktive Karten und leere Karten) x1; waschbare Markierungsstifte x2; USB-C-Kabel x1. MatataStudio ist bestrebt, Ihnen professionelle Dienstleistungen zu bieten. Wir stellen ausf\u00fchrliche Videos mit Tutorials zur Nutzung und umfangreiche Lernkursmaterialien zur Verf\u00fcgung. Bei Bedarf k\u00f6nnen Sie sich gerne an uns wenden<br \/>\u201eMatataStudio\u201c ist der aktualisierte Markenname von \u201eMatatalab\u201c<\/p>\n<p>[ad_2]<\/p>\n","protected":false},"excerpt":{"rendered":"<p>Von der Marke MatataStudio wurde 2017 gegr\u00fcndet und ist ein Unternehmen f\u00fcr Technologiebildung, das Schulen, Institutionen und Familien auf der ganzen Welt innovative MINT-Ausbildung anbietet. Unser Ziel ist es, den Innovationsgeist von Kindern zu f\u00f6rdern, damit sie sich der Welt stellen und sie ver\u00e4ndern k\u00f6nnen. Mit umfangreichen p\u00e4dagogischen Ressourcen und h\u00f6chster Fachkompetenz unterst\u00fctzen wir mittlerweile [&hellip;]<\/p>\n","protected":false},"featured_media":656,"comment_status":"open","ping_status":"closed","template":"","meta":{"_aipt_faq_data":""},"store":[],"product_brand":[],"product_cat":[91],"product_tag":[178],"class_list":{"0":"post-655","1":"product","2":"type-product","3":"status-publish","4":"has-post-thumbnail","6":"product_cat-programmierbares-spielzeug","7":"product_tag-programmierbares-spielzeug-roboter","9":"first","10":"instock","11":"sale","12":"shipping-taxable","13":"product-type-external"},"yoast_head":"<!-- This site is optimized with the Yoast SEO plugin v27.0 - https:\/\/yoast.com\/product\/yoast-seo-wordpress\/ -->\n<title>Programmierbarer Roboter f\u00fcr Kinder von 3\u20135 Jahren, MatataStudio Tale-Bot Pro programmierbares Roboterspielzeug-Set f\u00fcr Kleinkinder, fr\u00fches Programmieren, Lernen, STEM, interaktiver elektronischer Roboter ab 3 Jahren - EasyLifeBro<\/title>\n<meta name=\"description\" content=\"Entdecken Sie smarte Roboter f\u00fcr Zuhause, Garten, Bildung und Sicherheit. Vergleichen Sie Saugroboter, Rasenm\u00e4hroboter, KI-Begleitroboter und mehr bei EasyLifeRobo.\" \/>\n<meta name=\"robots\" content=\"index, follow, max-snippet:-1, max-image-preview:large, max-video-preview:-1\" \/>\n<link rel=\"canonical\" href=\"https:\/\/easyliferobo.com\/de\/product\/programmierbarer-roboter-fuer-kinder-von-3-5-jahren-matatastudio-tale-bot-pro-programmierbares-roboterspielzeug-set-fuer-kleinkinder-fruehes-programmieren-lernen-stem-interaktiver-elektro\/\" \/>\n<meta property=\"og:locale\" content=\"de_DE\" \/>\n<meta property=\"og:type\" content=\"article\" \/>\n<meta property=\"og:title\" content=\"Programmierbarer Roboter f\u00fcr Kinder von 3\u20135 Jahren, MatataStudio Tale-Bot Pro programmierbares Roboterspielzeug-Set f\u00fcr Kleinkinder, fr\u00fches Programmieren, Lernen, STEM, interaktiver elektronischer Roboter ab 3 Jahren - EasyLifeBro\" \/>\n<meta property=\"og:description\" content=\"Entdecken Sie smarte Roboter f\u00fcr Zuhause, Garten, Bildung und Sicherheit. Vergleichen Sie Saugroboter, Rasenm\u00e4hroboter, KI-Begleitroboter und mehr bei EasyLifeRobo.\" \/>\n<meta property=\"og:url\" content=\"https:\/\/easyliferobo.com\/de\/product\/programmierbarer-roboter-fuer-kinder-von-3-5-jahren-matatastudio-tale-bot-pro-programmierbares-roboterspielzeug-set-fuer-kleinkinder-fruehes-programmieren-lernen-stem-interaktiver-elektro\/\" \/>\n<meta property=\"og:site_name\" content=\"EasyLifeBro\" \/>\n<meta property=\"article:modified_time\" content=\"2026-02-22T23:35:39+00:00\" \/>\n<meta property=\"og:image\" content=\"https:\/\/easyliferobo.com\/de\/wp-content\/uploads\/2026\/02\/61eQihFHaAL._AC_SL1500_.jpg\" \/>\n\t<meta property=\"og:image:width\" content=\"1500\" \/>\n\t<meta property=\"og:image:height\" content=\"1415\" \/>\n\t<meta property=\"og:image:type\" content=\"image\/jpeg\" \/>\n<meta name=\"twitter:card\" content=\"summary_large_image\" \/>\n<meta name=\"twitter:label1\" content=\"Gesch\u00e4tzte Lesezeit\" \/>\n\t<meta name=\"twitter:data1\" content=\"2\u00a0Minuten\" \/>\n<script type=\"application\/ld+json\" class=\"yoast-schema-graph\">{\"@context\":\"https:\/\/schema.org\",\"@graph\":[{\"@type\":\"WebPage\",\"@id\":\"https:\/\/easyliferobo.com\/de\/product\/programmierbarer-roboter-fuer-kinder-von-3-5-jahren-matatastudio-tale-bot-pro-programmierbares-roboterspielzeug-set-fuer-kleinkinder-fruehes-programmieren-lernen-stem-interaktiver-elektro\/\",\"url\":\"https:\/\/easyliferobo.com\/de\/product\/programmierbarer-roboter-fuer-kinder-von-3-5-jahren-matatastudio-tale-bot-pro-programmierbares-roboterspielzeug-set-fuer-kleinkinder-fruehes-programmieren-lernen-stem-interaktiver-elektro\/\",\"name\":\"Programmierbarer Roboter f\u00fcr Kinder von 3\u20135 Jahren, MatataStudio Tale-Bot Pro programmierbares Roboterspielzeug-Set f\u00fcr Kleinkinder, fr\u00fches Programmieren, Lernen, STEM, interaktiver elektronischer Roboter ab 3 Jahren - EasyLifeBro\",\"isPartOf\":{\"@id\":\"https:\/\/easyliferobo.com\/de\/#website\"},\"primaryImageOfPage\":{\"@id\":\"https:\/\/easyliferobo.com\/de\/product\/programmierbarer-roboter-fuer-kinder-von-3-5-jahren-matatastudio-tale-bot-pro-programmierbares-roboterspielzeug-set-fuer-kleinkinder-fruehes-programmieren-lernen-stem-interaktiver-elektro\/#primaryimage\"},\"image\":{\"@id\":\"https:\/\/easyliferobo.com\/de\/product\/programmierbarer-roboter-fuer-kinder-von-3-5-jahren-matatastudio-tale-bot-pro-programmierbares-roboterspielzeug-set-fuer-kleinkinder-fruehes-programmieren-lernen-stem-interaktiver-elektro\/#primaryimage\"},\"thumbnailUrl\":\"https:\/\/easyliferobo.com\/de\/wp-content\/uploads\/2026\/02\/61eQihFHaAL._AC_SL1500_.jpg\",\"datePublished\":\"2026-02-22T10:08:33+00:00\",\"dateModified\":\"2026-02-22T23:35:39+00:00\",\"description\":\"Entdecken Sie smarte Roboter f\u00fcr Zuhause, Garten, Bildung und Sicherheit. Vergleichen Sie Saugroboter, Rasenm\u00e4hroboter, KI-Begleitroboter und mehr bei EasyLifeRobo.\",\"breadcrumb\":{\"@id\":\"https:\/\/easyliferobo.com\/de\/product\/programmierbarer-roboter-fuer-kinder-von-3-5-jahren-matatastudio-tale-bot-pro-programmierbares-roboterspielzeug-set-fuer-kleinkinder-fruehes-programmieren-lernen-stem-interaktiver-elektro\/#breadcrumb\"},\"inLanguage\":\"de\",\"potentialAction\":[{\"@type\":\"ReadAction\",\"target\":[\"https:\/\/easyliferobo.com\/de\/product\/programmierbarer-roboter-fuer-kinder-von-3-5-jahren-matatastudio-tale-bot-pro-programmierbares-roboterspielzeug-set-fuer-kleinkinder-fruehes-programmieren-lernen-stem-interaktiver-elektro\/\"]}]},{\"@type\":\"ImageObject\",\"inLanguage\":\"de\",\"@id\":\"https:\/\/easyliferobo.com\/de\/product\/programmierbarer-roboter-fuer-kinder-von-3-5-jahren-matatastudio-tale-bot-pro-programmierbares-roboterspielzeug-set-fuer-kleinkinder-fruehes-programmieren-lernen-stem-interaktiver-elektro\/#primaryimage\",\"url\":\"https:\/\/easyliferobo.com\/de\/wp-content\/uploads\/2026\/02\/61eQihFHaAL._AC_SL1500_.jpg\",\"contentUrl\":\"https:\/\/easyliferobo.com\/de\/wp-content\/uploads\/2026\/02\/61eQihFHaAL._AC_SL1500_.jpg\",\"width\":1500,\"height\":1415},{\"@type\":\"BreadcrumbList\",\"@id\":\"https:\/\/easyliferobo.com\/de\/product\/programmierbarer-roboter-fuer-kinder-von-3-5-jahren-matatastudio-tale-bot-pro-programmierbares-roboterspielzeug-set-fuer-kleinkinder-fruehes-programmieren-lernen-stem-interaktiver-elektro\/#breadcrumb\",\"itemListElement\":[{\"@type\":\"ListItem\",\"position\":1,\"name\":\"Home\",\"item\":\"https:\/\/easyliferobo.com\/de\/\"},{\"@type\":\"ListItem\",\"position\":2,\"name\":\"Shop\",\"item\":\"https:\/\/easyliferobo.com\/de\/shop\/\"},{\"@type\":\"ListItem\",\"position\":3,\"name\":\"Programmierbarer Roboter f\u00fcr Kinde...\"}]},{\"@type\":\"WebSite\",\"@id\":\"https:\/\/easyliferobo.com\/de\/#website\",\"url\":\"https:\/\/easyliferobo.com\/de\/\",\"name\":\"EasyLifeBro\",\"description\":\"Smarte Roboter f\u00fcr Zuhause, Garten &amp; Bildung\",\"publisher\":{\"@id\":\"https:\/\/easyliferobo.com\/de\/#organization\"},\"potentialAction\":[{\"@type\":\"SearchAction\",\"target\":{\"@type\":\"EntryPoint\",\"urlTemplate\":\"https:\/\/easyliferobo.com\/de\/?s={search_term_string}\"},\"query-input\":{\"@type\":\"PropertyValueSpecification\",\"valueRequired\":true,\"valueName\":\"search_term_string\"}}],\"inLanguage\":\"de\"},{\"@type\":\"Organization\",\"@id\":\"https:\/\/easyliferobo.com\/de\/#organization\",\"name\":\"EasyLifeBro\",\"url\":\"https:\/\/easyliferobo.com\/de\/\",\"logo\":{\"@type\":\"ImageObject\",\"inLanguage\":\"de\",\"@id\":\"https:\/\/easyliferobo.com\/de\/#\/schema\/logo\/image\/\",\"url\":\"https:\/\/easyliferobo.com\/de\/wp-content\/uploads\/2026\/02\/Screenshot-2026-02-22-at-2.25.03-PM.png\",\"contentUrl\":\"https:\/\/easyliferobo.com\/de\/wp-content\/uploads\/2026\/02\/Screenshot-2026-02-22-at-2.25.03-PM.png\",\"width\":1858,\"height\":430,\"caption\":\"EasyLifeBro\"},\"image\":{\"@id\":\"https:\/\/easyliferobo.com\/de\/#\/schema\/logo\/image\/\"}}]}<\/script>\n<!-- \/ Yoast SEO plugin. -->","yoast_head_json":{"title":"Programmierbarer Roboter f\u00fcr Kinder von 3\u20135 Jahren, MatataStudio Tale-Bot Pro programmierbares Roboterspielzeug-Set f\u00fcr Kleinkinder, fr\u00fches Programmieren, Lernen, STEM, interaktiver elektronischer Roboter ab 3 Jahren - EasyLifeBro","description":"Entdecken Sie smarte Roboter f\u00fcr Zuhause, Garten, Bildung und Sicherheit. Vergleichen Sie Saugroboter, Rasenm\u00e4hroboter, KI-Begleitroboter und mehr bei EasyLifeRobo.","robots":{"index":"index","follow":"follow","max-snippet":"max-snippet:-1","max-image-preview":"max-image-preview:large","max-video-preview":"max-video-preview:-1"},"canonical":"https:\/\/easyliferobo.com\/de\/product\/programmierbarer-roboter-fuer-kinder-von-3-5-jahren-matatastudio-tale-bot-pro-programmierbares-roboterspielzeug-set-fuer-kleinkinder-fruehes-programmieren-lernen-stem-interaktiver-elektro\/","og_locale":"de_DE","og_type":"article","og_title":"Programmierbarer Roboter f\u00fcr Kinder von 3\u20135 Jahren, MatataStudio Tale-Bot Pro programmierbares Roboterspielzeug-Set f\u00fcr Kleinkinder, fr\u00fches Programmieren, Lernen, STEM, interaktiver elektronischer Roboter ab 3 Jahren - EasyLifeBro","og_description":"Entdecken Sie smarte Roboter f\u00fcr Zuhause, Garten, Bildung und Sicherheit. Vergleichen Sie Saugroboter, Rasenm\u00e4hroboter, KI-Begleitroboter und mehr bei EasyLifeRobo.","og_url":"https:\/\/easyliferobo.com\/de\/product\/programmierbarer-roboter-fuer-kinder-von-3-5-jahren-matatastudio-tale-bot-pro-programmierbares-roboterspielzeug-set-fuer-kleinkinder-fruehes-programmieren-lernen-stem-interaktiver-elektro\/","og_site_name":"EasyLifeBro","article_modified_time":"2026-02-22T23:35:39+00:00","og_image":[{"width":1500,"height":1415,"url":"https:\/\/easyliferobo.com\/de\/wp-content\/uploads\/2026\/02\/61eQihFHaAL._AC_SL1500_.jpg","type":"image\/jpeg"}],"twitter_card":"summary_large_image","twitter_misc":{"Gesch\u00e4tzte Lesezeit":"2\u00a0Minuten"},"schema":{"@context":"https:\/\/schema.org","@graph":[{"@type":"WebPage","@id":"https:\/\/easyliferobo.com\/de\/product\/programmierbarer-roboter-fuer-kinder-von-3-5-jahren-matatastudio-tale-bot-pro-programmierbares-roboterspielzeug-set-fuer-kleinkinder-fruehes-programmieren-lernen-stem-interaktiver-elektro\/","url":"https:\/\/easyliferobo.com\/de\/product\/programmierbarer-roboter-fuer-kinder-von-3-5-jahren-matatastudio-tale-bot-pro-programmierbares-roboterspielzeug-set-fuer-kleinkinder-fruehes-programmieren-lernen-stem-interaktiver-elektro\/","name":"Programmierbarer Roboter f\u00fcr Kinder von 3\u20135 Jahren, MatataStudio Tale-Bot Pro programmierbares Roboterspielzeug-Set f\u00fcr Kleinkinder, fr\u00fches Programmieren, Lernen, STEM, interaktiver elektronischer Roboter ab 3 Jahren - EasyLifeBro","isPartOf":{"@id":"https:\/\/easyliferobo.com\/de\/#website"},"primaryImageOfPage":{"@id":"https:\/\/easyliferobo.com\/de\/product\/programmierbarer-roboter-fuer-kinder-von-3-5-jahren-matatastudio-tale-bot-pro-programmierbares-roboterspielzeug-set-fuer-kleinkinder-fruehes-programmieren-lernen-stem-interaktiver-elektro\/#primaryimage"},"image":{"@id":"https:\/\/easyliferobo.com\/de\/product\/programmierbarer-roboter-fuer-kinder-von-3-5-jahren-matatastudio-tale-bot-pro-programmierbares-roboterspielzeug-set-fuer-kleinkinder-fruehes-programmieren-lernen-stem-interaktiver-elektro\/#primaryimage"},"thumbnailUrl":"https:\/\/easyliferobo.com\/de\/wp-content\/uploads\/2026\/02\/61eQihFHaAL._AC_SL1500_.jpg","datePublished":"2026-02-22T10:08:33+00:00","dateModified":"2026-02-22T23:35:39+00:00","description":"Entdecken Sie smarte Roboter f\u00fcr Zuhause, Garten, Bildung und Sicherheit. Vergleichen Sie Saugroboter, Rasenm\u00e4hroboter, KI-Begleitroboter und mehr bei EasyLifeRobo.","breadcrumb":{"@id":"https:\/\/easyliferobo.com\/de\/product\/programmierbarer-roboter-fuer-kinder-von-3-5-jahren-matatastudio-tale-bot-pro-programmierbares-roboterspielzeug-set-fuer-kleinkinder-fruehes-programmieren-lernen-stem-interaktiver-elektro\/#breadcrumb"},"inLanguage":"de","potentialAction":[{"@type":"ReadAction","target":["https:\/\/easyliferobo.com\/de\/product\/programmierbarer-roboter-fuer-kinder-von-3-5-jahren-matatastudio-tale-bot-pro-programmierbares-roboterspielzeug-set-fuer-kleinkinder-fruehes-programmieren-lernen-stem-interaktiver-elektro\/"]}]},{"@type":"ImageObject","inLanguage":"de","@id":"https:\/\/easyliferobo.com\/de\/product\/programmierbarer-roboter-fuer-kinder-von-3-5-jahren-matatastudio-tale-bot-pro-programmierbares-roboterspielzeug-set-fuer-kleinkinder-fruehes-programmieren-lernen-stem-interaktiver-elektro\/#primaryimage","url":"https:\/\/easyliferobo.com\/de\/wp-content\/uploads\/2026\/02\/61eQihFHaAL._AC_SL1500_.jpg","contentUrl":"https:\/\/easyliferobo.com\/de\/wp-content\/uploads\/2026\/02\/61eQihFHaAL._AC_SL1500_.jpg","width":1500,"height":1415},{"@type":"BreadcrumbList","@id":"https:\/\/easyliferobo.com\/de\/product\/programmierbarer-roboter-fuer-kinder-von-3-5-jahren-matatastudio-tale-bot-pro-programmierbares-roboterspielzeug-set-fuer-kleinkinder-fruehes-programmieren-lernen-stem-interaktiver-elektro\/#breadcrumb","itemListElement":[{"@type":"ListItem","position":1,"name":"Home","item":"https:\/\/easyliferobo.com\/de\/"},{"@type":"ListItem","position":2,"name":"Shop","item":"https:\/\/easyliferobo.com\/de\/shop\/"},{"@type":"ListItem","position":3,"name":"Programmierbarer Roboter f\u00fcr Kinde..."}]},{"@type":"WebSite","@id":"https:\/\/easyliferobo.com\/de\/#website","url":"https:\/\/easyliferobo.com\/de\/","name":"EasyLifeBro","description":"Smarte Roboter f\u00fcr Zuhause, Garten &amp; Bildung","publisher":{"@id":"https:\/\/easyliferobo.com\/de\/#organization"},"potentialAction":[{"@type":"SearchAction","target":{"@type":"EntryPoint","urlTemplate":"https:\/\/easyliferobo.com\/de\/?s={search_term_string}"},"query-input":{"@type":"PropertyValueSpecification","valueRequired":true,"valueName":"search_term_string"}}],"inLanguage":"de"},{"@type":"Organization","@id":"https:\/\/easyliferobo.com\/de\/#organization","name":"EasyLifeBro","url":"https:\/\/easyliferobo.com\/de\/","logo":{"@type":"ImageObject","inLanguage":"de","@id":"https:\/\/easyliferobo.com\/de\/#\/schema\/logo\/image\/","url":"https:\/\/easyliferobo.com\/de\/wp-content\/uploads\/2026\/02\/Screenshot-2026-02-22-at-2.25.03-PM.png","contentUrl":"https:\/\/easyliferobo.com\/de\/wp-content\/uploads\/2026\/02\/Screenshot-2026-02-22-at-2.25.03-PM.png","width":1858,"height":430,"caption":"EasyLifeBro"},"image":{"@id":"https:\/\/easyliferobo.com\/de\/#\/schema\/logo\/image\/"}}]}},"_links":{"self":[{"href":"https:\/\/easyliferobo.com\/de\/wp-json\/wp\/v2\/product\/655","targetHints":{"allow":["GET"]}}],"collection":[{"href":"https:\/\/easyliferobo.com\/de\/wp-json\/wp\/v2\/product"}],"about":[{"href":"https:\/\/easyliferobo.com\/de\/wp-json\/wp\/v2\/types\/product"}],"replies":[{"embeddable":true,"href":"https:\/\/easyliferobo.com\/de\/wp-json\/wp\/v2\/comments?post=655"}],"wp:featuredmedia":[{"embeddable":true,"href":"https:\/\/easyliferobo.com\/de\/wp-json\/wp\/v2\/media\/656"}],"wp:attachment":[{"href":"https:\/\/easyliferobo.com\/de\/wp-json\/wp\/v2\/media?parent=655"}],"wp:term":[{"taxonomy":"store","embeddable":true,"href":"https:\/\/easyliferobo.com\/de\/wp-json\/wp\/v2\/store?post=655"},{"taxonomy":"product_brand","embeddable":true,"href":"https:\/\/easyliferobo.com\/de\/wp-json\/wp\/v2\/product_brand?post=655"},{"taxonomy":"product_cat","embeddable":true,"href":"https:\/\/easyliferobo.com\/de\/wp-json\/wp\/v2\/product_cat?post=655"},{"taxonomy":"product_tag","embeddable":true,"href":"https:\/\/easyliferobo.com\/de\/wp-json\/wp\/v2\/product_tag?post=655"}],"curies":[{"name":"wp","href":"https:\/\/api.w.org\/{rel}","templated":true}]}}