
{"id":608,"date":"2026-02-22T10:00:29","date_gmt":"2026-02-22T10:00:29","guid":{"rendered":"https:\/\/easyliferobo.com\/de\/product\/lefant-m210w-saugroboter-ohne-wischfunktion-staubsaugerroboter-mit-2200-pa-saugleistung-120-min-steuerung-ueber-wlan-bluetooth-alexa-und-app-fuer-tierhaare-und-hartboeden\/"},"modified":"2026-02-22T23:35:39","modified_gmt":"2026-02-22T23:35:39","slug":"lefant-m210w-saugroboter-ohne-wischfunktion-staubsaugerroboter-mit-2200-pa-saugleistung-120-min-steuerung-ueber-wlan-bluetooth-alexa-und-app-fuer-tierhaare-und-hartboeden","status":"publish","type":"product","link":"https:\/\/easyliferobo.com\/de\/product\/lefant-m210w-saugroboter-ohne-wischfunktion-staubsaugerroboter-mit-2200-pa-saugleistung-120-min-steuerung-ueber-wlan-bluetooth-alexa-und-app-fuer-tierhaare-und-hartboeden\/","title":{"rendered":"LEFANT M210W Saugroboter ohne Wisch..."},"content":{"rendered":"<p>\n                                             Von der Marke   <\/p>\n<p>                                              <img decoding=\"async\" alt=\"Aplus-Inhaltsbild\" src=\"https:\/\/images-na.ssl-images-amazon.com\/images\/G\/01\/x-locale\/common\/grey-pixel.gif\" class=\"a-lazy-loaded\" data-src=\"https:\/\/m.media-amazon.com\/images\/S\/aplus-media-library-service-media\/44d73486-a7f8-4f42-935a-c58e8324f002.__CR0,0,1464,625_PT0_SX1464_V1___.jpg\"><img decoding=\"async\" alt=\"Aplus-Inhaltsbild\" src=\"https:\/\/m.media-amazon.com\/images\/S\/aplus-media-library-service-media\/44d73486-a7f8-4f42-935a-c58e8324f002.__CR0,0,1464,625_PT0_SX1464_V1___.jpg\">  <\/p>\n<h3>  M3 Wischroboter <\/h3>\n<h3>  M2 Pro Roboter-Staubsauger <\/h3>\n<h3>  M330 Pro Roboter-Staubsauger <\/h3>\n<h3>  M210P Staubsaugerroboter <\/h3>\n<p>                                              <img decoding=\"async\" alt=\"Aplus-Inhaltsbild\" src=\"https:\/\/images-na.ssl-images-amazon.com\/images\/G\/01\/x-locale\/common\/grey-pixel.gif\" class=\"a-lazy-loaded\" data-src=\"https:\/\/m.media-amazon.com\/images\/S\/aplus-media-library-service-media\/eb3c5ce6-d276-435f-8bf7-6a47f0a8aea2.__CR0,0,362,453_PT0_SX362_V1___.jpg\"><img decoding=\"async\" alt=\"Aplus-Inhaltsbild\" src=\"https:\/\/m.media-amazon.com\/images\/S\/aplus-media-library-service-media\/eb3c5ce6-d276-435f-8bf7-6a47f0a8aea2.__CR0,0,362,453_PT0_SX362_V1___.jpg\">  <\/p>\n<p>                                              <img decoding=\"async\" alt=\"Aplus-Inhaltsbild\" src=\"https:\/\/images-na.ssl-images-amazon.com\/images\/G\/01\/x-locale\/common\/grey-pixel.gif\" class=\"a-lazy-loaded\" data-src=\"https:\/\/m.media-amazon.com\/images\/S\/aplus-media-library-service-media\/9d29ccef-8e3a-4b1b-a3e1-cd09c06ec5c8.__CR0,0,362,453_PT0_SX362_V1___.jpg\"><img decoding=\"async\" alt=\"Aplus-Inhaltsbild\" src=\"https:\/\/m.media-amazon.com\/images\/S\/aplus-media-library-service-media\/9d29ccef-8e3a-4b1b-a3e1-cd09c06ec5c8.__CR0,0,362,453_PT0_SX362_V1___.jpg\">  <\/p>\n<p>                                              <img decoding=\"async\" alt=\"\" src=\"https:\/\/images-na.ssl-images-amazon.com\/images\/G\/01\/x-locale\/common\/grey-pixel.gif\" class=\"a-lazy-loaded\" data-src=\"https:\/\/m.media-amazon.com\/images\/S\/aplus-media-library-service-media\/8226da04-9b9f-47e8-a9e3-0db8ba138e19.__CR0,143,362,167_PT0_SX315_V1___.png\"><img decoding=\"async\" alt=\"\" src=\"https:\/\/m.media-amazon.com\/images\/S\/aplus-media-library-service-media\/8226da04-9b9f-47e8-a9e3-0db8ba138e19.__CR0,143,362,167_PT0_SX315_V1___.png\">  <\/p>\n<p>  Lefant ist einer der m\u00e4chtigsten Marktf\u00fchrer in der Herstellung innovativer Haushaltsprodukte. Wir sind der \u00dcberzeugung, dass wir gro\u00dfartige Produkte entwickeln, die durch freundlichen und reaktionsschnellen Service unterst\u00fctzt werden, um unsere Kunden auf der ganzen Welt zu begeistern. <\/p>\n<p>  Unser Konzept ist es, jedem zu erm\u00f6glichen, den Komfort der Technologie zu genie\u00dfen. W\u00e4hlen Sie den Lefant Roboterstaubsauger, um Ihre H\u00e4nde zu befreien und das Leben besser zu machen! <\/p>\n<p>Intelligenter Roboterstaubsauger FreeMove 3.0 mit fortschrittlichen Sensoren: Der Roboterstaubsauger LEFANT M210P verf\u00fcgt \u00fcber die patentierte FreeMove 3.0-Technologie und ist mit einem 6D-Infrarotsensor ausgestattet, der eine 360\u00b0-Rundumsicht erm\u00f6glicht. Es vermeidet Kollisionen, Hindernisse und St\u00fcrze zuverl\u00e4ssig und reduziert so effektiv St\u00f6rungen. Dank seines intelligenten Designs navigiert er m\u00fchelos und reinigt selbst in dicht ausgestatteten Wohnungen effizient.<br \/>Ultraflaches Design, gro\u00dfer Staubbeh\u00e4lter: Der Roboterstaubsauger LEFANT M210P ist mit einem Durchmesser von nur 28 cm und einer H\u00f6he von nur 7,8 cm ultraflach, sodass er problemlos unter Betten, Sofas und anderen Bereichen mit niedrigen Decken navigiert. Ausgestattet mit einem gro\u00dfen 500-ml-Staubbeh\u00e4lter und einem zweistufigen Filtersystem reduziert er die H\u00e4ufigkeit des Entleerens und f\u00e4ngt Staub und Bakterien zuverl\u00e4ssig ein \u2013 f\u00fcr ein porentief sauberes Zuhause.<br \/>6 Reinigungsmodi und 3 Saugstufen: Der Roboterstaubsauger LEFANT M210P bietet 6 Reinigungsmodi und 3 Saugstufen f\u00fcr eine gr\u00fcndliche und effiziente Reinigung. Benutzer k\u00f6nnen \u00fcber die App einfach zwischen den Modi \u201eAutomatik\u201c, \u201eKantenreinigung\u201c und \u201ePunktreinigung\u201c wechseln. Dank seiner starken Saugkraft von bis zu 2200 Pa meistert er m\u00fchelos die Reinigungsanforderungen verschiedenster Bodenbel\u00e4ge, vom Hartboden bis zum Teppich.<br \/>Ideal zur Tierhaarentfernung: Der Roboterstaubsauger LEFANT M210P wurde speziell f\u00fcr Familien mit Haustieren entwickelt. Dank seines verwirrungsfreien Designs, zwei Seitenb\u00fcrsten und einer breiten Saugd\u00fcse entfernt er effizient Staub und Tierhaare und ist damit der ideale Reinigungshelfer f\u00fcr alle Haustierbesitzer.<br \/>Intelligente Zick-Zack-Reinigung: Der Roboterstaubsauger LEFANT verf\u00fcgt \u00fcber einen intelligenten Zick-Zack-Reinigungsmodus. Dank eines dreistufigen Reinigungssystems bestehend aus Zick-Zack-Bewegung, Kantenreinigung und Fleckenpr\u00fcfung werden ausgelassene Stellen deutlich reduziert und ein gr\u00fcndlich sauberes Zuhause garantiert.<br \/>Intelligente App- und Sprachsteuerung: Der Roboterstaubsauger von LEFANT unterst\u00fctzt die Sprachsteuerung \u00fcber die Lefan-App, Alexa und Google Assistant. Sie k\u00f6nnen die Reinigung per App planen, den Modus wechseln und den Prozess in Echtzeit \u00fcberwachen; Sie k\u00f6nnen die Reinigung auch mit einfachen Sprachbefehlen starten.<\/p>\n<p>[ad_2]<\/p>\n","protected":false},"excerpt":{"rendered":"<p>Von der Marke M3 Wischroboter M2 Pro Roboter-Staubsauger M330 Pro Roboter-Staubsauger M210P Staubsaugerroboter Lefant ist einer der m\u00e4chtigsten Marktf\u00fchrer in der Herstellung innovativer Haushaltsprodukte. Wir sind der \u00dcberzeugung, dass wir gro\u00dfartige Produkte entwickeln, die durch freundlichen und reaktionsschnellen Service unterst\u00fctzt werden, um unsere Kunden auf der ganzen Welt zu begeistern. Unser Konzept ist es, jedem [&hellip;]<\/p>\n","protected":false},"featured_media":609,"comment_status":"open","ping_status":"closed","template":"","meta":{"_aipt_faq_data":""},"store":[],"product_brand":[173],"product_cat":[98],"product_tag":[172],"class_list":{"0":"post-608","1":"product","2":"type-product","3":"status-publish","4":"has-post-thumbnail","6":"product_brand-lefant","7":"product_cat-industrieroboter","8":"product_tag-industrieroboter-fuer-automobilindustrie","10":"first","11":"instock","12":"sale","13":"shipping-taxable","14":"product-type-external"},"yoast_head":"<!-- This site is optimized with the Yoast SEO plugin v27.0 - https:\/\/yoast.com\/product\/yoast-seo-wordpress\/ -->\n<title>LEFANT M210W Saugroboter ohne Wischfunktion, Staubsaugerroboter mit 2200 Pa Saugleistung, 120 Min. Steuerung \u00fcber WLAN, Bluetooth, Alexa und App, f\u00fcr Tierhaare und Hartb\u00f6den - EasyLifeBro<\/title>\n<meta name=\"description\" content=\"Entdecken Sie smarte Roboter f\u00fcr Zuhause, Garten, Bildung und Sicherheit. Vergleichen Sie Saugroboter, Rasenm\u00e4hroboter, KI-Begleitroboter und mehr bei EasyLifeRobo.\" \/>\n<meta name=\"robots\" content=\"index, follow, max-snippet:-1, max-image-preview:large, max-video-preview:-1\" \/>\n<link rel=\"canonical\" href=\"https:\/\/easyliferobo.com\/de\/product\/lefant-m210w-saugroboter-ohne-wischfunktion-staubsaugerroboter-mit-2200-pa-saugleistung-120-min-steuerung-ueber-wlan-bluetooth-alexa-und-app-fuer-tierhaare-und-hartboeden\/\" \/>\n<meta property=\"og:locale\" content=\"de_DE\" \/>\n<meta property=\"og:type\" content=\"article\" \/>\n<meta property=\"og:title\" content=\"LEFANT M210W Saugroboter ohne Wischfunktion, Staubsaugerroboter mit 2200 Pa Saugleistung, 120 Min. Steuerung \u00fcber WLAN, Bluetooth, Alexa und App, f\u00fcr Tierhaare und Hartb\u00f6den - EasyLifeBro\" \/>\n<meta property=\"og:description\" content=\"Entdecken Sie smarte Roboter f\u00fcr Zuhause, Garten, Bildung und Sicherheit. Vergleichen Sie Saugroboter, Rasenm\u00e4hroboter, KI-Begleitroboter und mehr bei EasyLifeRobo.\" \/>\n<meta property=\"og:url\" content=\"https:\/\/easyliferobo.com\/de\/product\/lefant-m210w-saugroboter-ohne-wischfunktion-staubsaugerroboter-mit-2200-pa-saugleistung-120-min-steuerung-ueber-wlan-bluetooth-alexa-und-app-fuer-tierhaare-und-hartboeden\/\" \/>\n<meta property=\"og:site_name\" content=\"EasyLifeBro\" \/>\n<meta property=\"article:modified_time\" content=\"2026-02-22T23:35:39+00:00\" \/>\n<meta property=\"og:image\" content=\"https:\/\/easyliferobo.com\/de\/wp-content\/uploads\/2026\/02\/610WEEGIZ3L._AC_SL1500_.jpg\" \/>\n\t<meta property=\"og:image:width\" content=\"1391\" \/>\n\t<meta property=\"og:image:height\" content=\"1307\" \/>\n\t<meta property=\"og:image:type\" content=\"image\/jpeg\" \/>\n<meta name=\"twitter:card\" content=\"summary_large_image\" \/>\n<meta name=\"twitter:label1\" content=\"Gesch\u00e4tzte Lesezeit\" \/>\n\t<meta name=\"twitter:data1\" content=\"2\u00a0Minuten\" \/>\n<script type=\"application\/ld+json\" class=\"yoast-schema-graph\">{\"@context\":\"https:\/\/schema.org\",\"@graph\":[{\"@type\":\"WebPage\",\"@id\":\"https:\/\/easyliferobo.com\/de\/product\/lefant-m210w-saugroboter-ohne-wischfunktion-staubsaugerroboter-mit-2200-pa-saugleistung-120-min-steuerung-ueber-wlan-bluetooth-alexa-und-app-fuer-tierhaare-und-hartboeden\/\",\"url\":\"https:\/\/easyliferobo.com\/de\/product\/lefant-m210w-saugroboter-ohne-wischfunktion-staubsaugerroboter-mit-2200-pa-saugleistung-120-min-steuerung-ueber-wlan-bluetooth-alexa-und-app-fuer-tierhaare-und-hartboeden\/\",\"name\":\"LEFANT M210W Saugroboter ohne Wischfunktion, Staubsaugerroboter mit 2200 Pa Saugleistung, 120 Min. Steuerung \u00fcber WLAN, Bluetooth, Alexa und App, f\u00fcr Tierhaare und Hartb\u00f6den - EasyLifeBro\",\"isPartOf\":{\"@id\":\"https:\/\/easyliferobo.com\/de\/#website\"},\"primaryImageOfPage\":{\"@id\":\"https:\/\/easyliferobo.com\/de\/product\/lefant-m210w-saugroboter-ohne-wischfunktion-staubsaugerroboter-mit-2200-pa-saugleistung-120-min-steuerung-ueber-wlan-bluetooth-alexa-und-app-fuer-tierhaare-und-hartboeden\/#primaryimage\"},\"image\":{\"@id\":\"https:\/\/easyliferobo.com\/de\/product\/lefant-m210w-saugroboter-ohne-wischfunktion-staubsaugerroboter-mit-2200-pa-saugleistung-120-min-steuerung-ueber-wlan-bluetooth-alexa-und-app-fuer-tierhaare-und-hartboeden\/#primaryimage\"},\"thumbnailUrl\":\"https:\/\/easyliferobo.com\/de\/wp-content\/uploads\/2026\/02\/610WEEGIZ3L._AC_SL1500_.jpg\",\"datePublished\":\"2026-02-22T10:00:29+00:00\",\"dateModified\":\"2026-02-22T23:35:39+00:00\",\"description\":\"Entdecken Sie smarte Roboter f\u00fcr Zuhause, Garten, Bildung und Sicherheit. Vergleichen Sie Saugroboter, Rasenm\u00e4hroboter, KI-Begleitroboter und mehr bei EasyLifeRobo.\",\"breadcrumb\":{\"@id\":\"https:\/\/easyliferobo.com\/de\/product\/lefant-m210w-saugroboter-ohne-wischfunktion-staubsaugerroboter-mit-2200-pa-saugleistung-120-min-steuerung-ueber-wlan-bluetooth-alexa-und-app-fuer-tierhaare-und-hartboeden\/#breadcrumb\"},\"inLanguage\":\"de\",\"potentialAction\":[{\"@type\":\"ReadAction\",\"target\":[\"https:\/\/easyliferobo.com\/de\/product\/lefant-m210w-saugroboter-ohne-wischfunktion-staubsaugerroboter-mit-2200-pa-saugleistung-120-min-steuerung-ueber-wlan-bluetooth-alexa-und-app-fuer-tierhaare-und-hartboeden\/\"]}]},{\"@type\":\"ImageObject\",\"inLanguage\":\"de\",\"@id\":\"https:\/\/easyliferobo.com\/de\/product\/lefant-m210w-saugroboter-ohne-wischfunktion-staubsaugerroboter-mit-2200-pa-saugleistung-120-min-steuerung-ueber-wlan-bluetooth-alexa-und-app-fuer-tierhaare-und-hartboeden\/#primaryimage\",\"url\":\"https:\/\/easyliferobo.com\/de\/wp-content\/uploads\/2026\/02\/610WEEGIZ3L._AC_SL1500_.jpg\",\"contentUrl\":\"https:\/\/easyliferobo.com\/de\/wp-content\/uploads\/2026\/02\/610WEEGIZ3L._AC_SL1500_.jpg\",\"width\":1391,\"height\":1307},{\"@type\":\"BreadcrumbList\",\"@id\":\"https:\/\/easyliferobo.com\/de\/product\/lefant-m210w-saugroboter-ohne-wischfunktion-staubsaugerroboter-mit-2200-pa-saugleistung-120-min-steuerung-ueber-wlan-bluetooth-alexa-und-app-fuer-tierhaare-und-hartboeden\/#breadcrumb\",\"itemListElement\":[{\"@type\":\"ListItem\",\"position\":1,\"name\":\"Home\",\"item\":\"https:\/\/easyliferobo.com\/de\/\"},{\"@type\":\"ListItem\",\"position\":2,\"name\":\"Shop\",\"item\":\"https:\/\/easyliferobo.com\/de\/shop\/\"},{\"@type\":\"ListItem\",\"position\":3,\"name\":\"LEFANT M210W Saugroboter ohne Wisch...\"}]},{\"@type\":\"WebSite\",\"@id\":\"https:\/\/easyliferobo.com\/de\/#website\",\"url\":\"https:\/\/easyliferobo.com\/de\/\",\"name\":\"EasyLifeBro\",\"description\":\"Smarte Roboter f\u00fcr Zuhause, Garten &amp; Bildung\",\"publisher\":{\"@id\":\"https:\/\/easyliferobo.com\/de\/#organization\"},\"potentialAction\":[{\"@type\":\"SearchAction\",\"target\":{\"@type\":\"EntryPoint\",\"urlTemplate\":\"https:\/\/easyliferobo.com\/de\/?s={search_term_string}\"},\"query-input\":{\"@type\":\"PropertyValueSpecification\",\"valueRequired\":true,\"valueName\":\"search_term_string\"}}],\"inLanguage\":\"de\"},{\"@type\":\"Organization\",\"@id\":\"https:\/\/easyliferobo.com\/de\/#organization\",\"name\":\"EasyLifeBro\",\"url\":\"https:\/\/easyliferobo.com\/de\/\",\"logo\":{\"@type\":\"ImageObject\",\"inLanguage\":\"de\",\"@id\":\"https:\/\/easyliferobo.com\/de\/#\/schema\/logo\/image\/\",\"url\":\"https:\/\/easyliferobo.com\/de\/wp-content\/uploads\/2026\/02\/Screenshot-2026-02-22-at-2.25.03-PM.png\",\"contentUrl\":\"https:\/\/easyliferobo.com\/de\/wp-content\/uploads\/2026\/02\/Screenshot-2026-02-22-at-2.25.03-PM.png\",\"width\":1858,\"height\":430,\"caption\":\"EasyLifeBro\"},\"image\":{\"@id\":\"https:\/\/easyliferobo.com\/de\/#\/schema\/logo\/image\/\"}}]}<\/script>\n<!-- \/ Yoast SEO plugin. -->","yoast_head_json":{"title":"LEFANT M210W Saugroboter ohne Wischfunktion, Staubsaugerroboter mit 2200 Pa Saugleistung, 120 Min. Steuerung \u00fcber WLAN, Bluetooth, Alexa und App, f\u00fcr Tierhaare und Hartb\u00f6den - EasyLifeBro","description":"Entdecken Sie smarte Roboter f\u00fcr Zuhause, Garten, Bildung und Sicherheit. Vergleichen Sie Saugroboter, Rasenm\u00e4hroboter, KI-Begleitroboter und mehr bei EasyLifeRobo.","robots":{"index":"index","follow":"follow","max-snippet":"max-snippet:-1","max-image-preview":"max-image-preview:large","max-video-preview":"max-video-preview:-1"},"canonical":"https:\/\/easyliferobo.com\/de\/product\/lefant-m210w-saugroboter-ohne-wischfunktion-staubsaugerroboter-mit-2200-pa-saugleistung-120-min-steuerung-ueber-wlan-bluetooth-alexa-und-app-fuer-tierhaare-und-hartboeden\/","og_locale":"de_DE","og_type":"article","og_title":"LEFANT M210W Saugroboter ohne Wischfunktion, Staubsaugerroboter mit 2200 Pa Saugleistung, 120 Min. Steuerung \u00fcber WLAN, Bluetooth, Alexa und App, f\u00fcr Tierhaare und Hartb\u00f6den - EasyLifeBro","og_description":"Entdecken Sie smarte Roboter f\u00fcr Zuhause, Garten, Bildung und Sicherheit. Vergleichen Sie Saugroboter, Rasenm\u00e4hroboter, KI-Begleitroboter und mehr bei EasyLifeRobo.","og_url":"https:\/\/easyliferobo.com\/de\/product\/lefant-m210w-saugroboter-ohne-wischfunktion-staubsaugerroboter-mit-2200-pa-saugleistung-120-min-steuerung-ueber-wlan-bluetooth-alexa-und-app-fuer-tierhaare-und-hartboeden\/","og_site_name":"EasyLifeBro","article_modified_time":"2026-02-22T23:35:39+00:00","og_image":[{"width":1391,"height":1307,"url":"https:\/\/easyliferobo.com\/de\/wp-content\/uploads\/2026\/02\/610WEEGIZ3L._AC_SL1500_.jpg","type":"image\/jpeg"}],"twitter_card":"summary_large_image","twitter_misc":{"Gesch\u00e4tzte Lesezeit":"2\u00a0Minuten"},"schema":{"@context":"https:\/\/schema.org","@graph":[{"@type":"WebPage","@id":"https:\/\/easyliferobo.com\/de\/product\/lefant-m210w-saugroboter-ohne-wischfunktion-staubsaugerroboter-mit-2200-pa-saugleistung-120-min-steuerung-ueber-wlan-bluetooth-alexa-und-app-fuer-tierhaare-und-hartboeden\/","url":"https:\/\/easyliferobo.com\/de\/product\/lefant-m210w-saugroboter-ohne-wischfunktion-staubsaugerroboter-mit-2200-pa-saugleistung-120-min-steuerung-ueber-wlan-bluetooth-alexa-und-app-fuer-tierhaare-und-hartboeden\/","name":"LEFANT M210W Saugroboter ohne Wischfunktion, Staubsaugerroboter mit 2200 Pa Saugleistung, 120 Min. Steuerung \u00fcber WLAN, Bluetooth, Alexa und App, f\u00fcr Tierhaare und Hartb\u00f6den - EasyLifeBro","isPartOf":{"@id":"https:\/\/easyliferobo.com\/de\/#website"},"primaryImageOfPage":{"@id":"https:\/\/easyliferobo.com\/de\/product\/lefant-m210w-saugroboter-ohne-wischfunktion-staubsaugerroboter-mit-2200-pa-saugleistung-120-min-steuerung-ueber-wlan-bluetooth-alexa-und-app-fuer-tierhaare-und-hartboeden\/#primaryimage"},"image":{"@id":"https:\/\/easyliferobo.com\/de\/product\/lefant-m210w-saugroboter-ohne-wischfunktion-staubsaugerroboter-mit-2200-pa-saugleistung-120-min-steuerung-ueber-wlan-bluetooth-alexa-und-app-fuer-tierhaare-und-hartboeden\/#primaryimage"},"thumbnailUrl":"https:\/\/easyliferobo.com\/de\/wp-content\/uploads\/2026\/02\/610WEEGIZ3L._AC_SL1500_.jpg","datePublished":"2026-02-22T10:00:29+00:00","dateModified":"2026-02-22T23:35:39+00:00","description":"Entdecken Sie smarte Roboter f\u00fcr Zuhause, Garten, Bildung und Sicherheit. Vergleichen Sie Saugroboter, Rasenm\u00e4hroboter, KI-Begleitroboter und mehr bei EasyLifeRobo.","breadcrumb":{"@id":"https:\/\/easyliferobo.com\/de\/product\/lefant-m210w-saugroboter-ohne-wischfunktion-staubsaugerroboter-mit-2200-pa-saugleistung-120-min-steuerung-ueber-wlan-bluetooth-alexa-und-app-fuer-tierhaare-und-hartboeden\/#breadcrumb"},"inLanguage":"de","potentialAction":[{"@type":"ReadAction","target":["https:\/\/easyliferobo.com\/de\/product\/lefant-m210w-saugroboter-ohne-wischfunktion-staubsaugerroboter-mit-2200-pa-saugleistung-120-min-steuerung-ueber-wlan-bluetooth-alexa-und-app-fuer-tierhaare-und-hartboeden\/"]}]},{"@type":"ImageObject","inLanguage":"de","@id":"https:\/\/easyliferobo.com\/de\/product\/lefant-m210w-saugroboter-ohne-wischfunktion-staubsaugerroboter-mit-2200-pa-saugleistung-120-min-steuerung-ueber-wlan-bluetooth-alexa-und-app-fuer-tierhaare-und-hartboeden\/#primaryimage","url":"https:\/\/easyliferobo.com\/de\/wp-content\/uploads\/2026\/02\/610WEEGIZ3L._AC_SL1500_.jpg","contentUrl":"https:\/\/easyliferobo.com\/de\/wp-content\/uploads\/2026\/02\/610WEEGIZ3L._AC_SL1500_.jpg","width":1391,"height":1307},{"@type":"BreadcrumbList","@id":"https:\/\/easyliferobo.com\/de\/product\/lefant-m210w-saugroboter-ohne-wischfunktion-staubsaugerroboter-mit-2200-pa-saugleistung-120-min-steuerung-ueber-wlan-bluetooth-alexa-und-app-fuer-tierhaare-und-hartboeden\/#breadcrumb","itemListElement":[{"@type":"ListItem","position":1,"name":"Home","item":"https:\/\/easyliferobo.com\/de\/"},{"@type":"ListItem","position":2,"name":"Shop","item":"https:\/\/easyliferobo.com\/de\/shop\/"},{"@type":"ListItem","position":3,"name":"LEFANT M210W Saugroboter ohne Wisch..."}]},{"@type":"WebSite","@id":"https:\/\/easyliferobo.com\/de\/#website","url":"https:\/\/easyliferobo.com\/de\/","name":"EasyLifeBro","description":"Smarte Roboter f\u00fcr Zuhause, Garten &amp; Bildung","publisher":{"@id":"https:\/\/easyliferobo.com\/de\/#organization"},"potentialAction":[{"@type":"SearchAction","target":{"@type":"EntryPoint","urlTemplate":"https:\/\/easyliferobo.com\/de\/?s={search_term_string}"},"query-input":{"@type":"PropertyValueSpecification","valueRequired":true,"valueName":"search_term_string"}}],"inLanguage":"de"},{"@type":"Organization","@id":"https:\/\/easyliferobo.com\/de\/#organization","name":"EasyLifeBro","url":"https:\/\/easyliferobo.com\/de\/","logo":{"@type":"ImageObject","inLanguage":"de","@id":"https:\/\/easyliferobo.com\/de\/#\/schema\/logo\/image\/","url":"https:\/\/easyliferobo.com\/de\/wp-content\/uploads\/2026\/02\/Screenshot-2026-02-22-at-2.25.03-PM.png","contentUrl":"https:\/\/easyliferobo.com\/de\/wp-content\/uploads\/2026\/02\/Screenshot-2026-02-22-at-2.25.03-PM.png","width":1858,"height":430,"caption":"EasyLifeBro"},"image":{"@id":"https:\/\/easyliferobo.com\/de\/#\/schema\/logo\/image\/"}}]}},"_links":{"self":[{"href":"https:\/\/easyliferobo.com\/de\/wp-json\/wp\/v2\/product\/608","targetHints":{"allow":["GET"]}}],"collection":[{"href":"https:\/\/easyliferobo.com\/de\/wp-json\/wp\/v2\/product"}],"about":[{"href":"https:\/\/easyliferobo.com\/de\/wp-json\/wp\/v2\/types\/product"}],"replies":[{"embeddable":true,"href":"https:\/\/easyliferobo.com\/de\/wp-json\/wp\/v2\/comments?post=608"}],"wp:featuredmedia":[{"embeddable":true,"href":"https:\/\/easyliferobo.com\/de\/wp-json\/wp\/v2\/media\/609"}],"wp:attachment":[{"href":"https:\/\/easyliferobo.com\/de\/wp-json\/wp\/v2\/media?parent=608"}],"wp:term":[{"taxonomy":"store","embeddable":true,"href":"https:\/\/easyliferobo.com\/de\/wp-json\/wp\/v2\/store?post=608"},{"taxonomy":"product_brand","embeddable":true,"href":"https:\/\/easyliferobo.com\/de\/wp-json\/wp\/v2\/product_brand?post=608"},{"taxonomy":"product_cat","embeddable":true,"href":"https:\/\/easyliferobo.com\/de\/wp-json\/wp\/v2\/product_cat?post=608"},{"taxonomy":"product_tag","embeddable":true,"href":"https:\/\/easyliferobo.com\/de\/wp-json\/wp\/v2\/product_tag?post=608"}],"curies":[{"name":"wp","href":"https:\/\/api.w.org\/{rel}","templated":true}]}}