
{"id":600,"date":"2026-02-22T09:59:23","date_gmt":"2026-02-22T09:59:23","guid":{"rendered":"https:\/\/easyliferobo.com\/de\/product\/emo-roboter-ki-schreibtischroboter-ai-petintelligent-robots-intelligentes-intelligentes-lernspielzeug-paedagogische-interaktive-intelligente-roboter-geschenk-fuer-erwachsene-kinder-weihnach\/"},"modified":"2026-02-22T23:35:39","modified_gmt":"2026-02-22T23:35:39","slug":"emo-roboter-ki-schreibtischroboter-ai-petintelligent-robots-intelligentes-intelligentes-lernspielzeug-paedagogische-interaktive-intelligente-roboter-geschenk-fuer-erwachsene-kinder-weihnach","status":"publish","type":"product","link":"https:\/\/easyliferobo.com\/de\/product\/emo-roboter-ki-schreibtischroboter-ai-petintelligent-robots-intelligentes-intelligentes-lernspielzeug-paedagogische-interaktive-intelligente-roboter-geschenk-fuer-erwachsene-kinder-weihnach\/","title":{"rendered":"Emo-Roboter | KI-Schreibtischrobote..."},"content":{"rendered":"<p>\n                                             Produktbeschreibung   <\/p>\n<p>                                                  <img decoding=\"async\" alt=\"Kleiner gelber interaktiver Roboter mit blauer Digitalanzeige und schwarzen Kopfh\u00f6rern, auf einem Tisch mit Papieren und Lernmaterialien positioniert.\" src=\"https:\/\/images-na.ssl-images-amazon.com\/images\/G\/01\/x-locale\/common\/grey-pixel.gif\" class=\"a-lazy-loaded\" data-src=\"https:\/\/m.media-amazon.com\/images\/S\/aplus-media-library-service-media\/cddf1ef5-5937-4000-83d9-9748b2033f43.__CR0,0,1600,1600_PT0_SX300_V1___.jpg\"><img decoding=\"async\" alt=\"Kleiner gelber interaktiver Roboter mit blauer Digitalanzeige und schwarzen Kopfh\u00f6rern, auf einem Tisch mit Papieren und Lernmaterialien positioniert.\" src=\"https:\/\/m.media-amazon.com\/images\/S\/aplus-media-library-service-media\/cddf1ef5-5937-4000-83d9-9748b2033f43.__CR0,0,1600,1600_PT0_SX300_V1___.jpg\">  <\/p>\n<h3 class=\"a-spacing-mini\">  Beeindruckendes und aufmerksames Geschenk <\/h3>\n<p>  Dieses Roboterspielzeug f\u00fcr Kinder kombiniert interaktiven Spa\u00df mit einem durchdachten Design, das es Kindern erm\u00f6glicht, Gl\u00fcckw\u00fcnsche auszudr\u00fccken und gleichzeitig die Urlaubsstimmung zu f\u00f6rdern. Es sorgt f\u00fcr fr\u00f6hliche Erlebnisse auf Partys oder saisonalen Veranstaltungen, bei denen die \u00dcbertragung von F\u00fcrsorge und Zuneigung im Vordergrund steht und unvergessliche Momente der Freude und Verbundenheit schafft. <\/p>\n<p>                                                  <img decoding=\"async\" alt=\"Interaktiver Skill-Entwickler\" src=\"https:\/\/images-na.ssl-images-amazon.com\/images\/G\/01\/x-locale\/common\/grey-pixel.gif\" class=\"a-spacing-mini a-lazy-loaded\" data-src=\"https:\/\/m.media-amazon.com\/images\/S\/aplus-media-library-service-media\/0362bd98-8067-4b9f-b2b6-a3b7d311c107.__CR0,0,1600,1600_PT0_SX300_V1___.jpg\"><img decoding=\"async\" alt=\"Interaktiver Skill-Entwickler\" src=\"https:\/\/m.media-amazon.com\/images\/S\/aplus-media-library-service-media\/0362bd98-8067-4b9f-b2b6-a3b7d311c107.__CR0,0,1600,1600_PT0_SX300_V1___.jpg\">  <\/p>\n<h3 class=\"a-spacing-mini\">  Interaktiver Skill-Entwickler <\/h3>\n<p>  Mit Spracherkennung und einem multimodalen KI-System hilft der KI-Roboter bei der Entwicklung von Ausdrucksf\u00e4higkeiten und bietet Unterst\u00fctzung bei der Wissenserweiterung, ideal f\u00fcr bereichernde Interaktionen beim Lernen oder beim entspannten Spielen. Dies macht es zu einem wertvollen Werkzeug f\u00fcr interaktive Lernszenarien und Freizeitaktivit\u00e4ten. <\/p>\n<p>  Der KI-gest\u00fctzte intelligente Roboter f\u00fcr Kinder ist ein innovatives Lernwerkzeug, das das Lernen interaktiv und unterhaltsam macht. Dieser intelligente Roboter fasziniert sowohl Kinder als auch Erwachsene durch sein spielerisches Lernkonzept und ist somit der perfekte Begleiter f\u00fcr M\u00e4dchen. Dank fortschrittlicher KI-Technologie passt sich der Roboter an unterschiedliche Lernstile an und sorgt so f\u00fcr ein bereicherndes Erlebnis. Dieses interaktive Spielzeug ist ideal f\u00fcr Geburtstage, Feiertage oder Partys und weckt die Neugier und Kreativit\u00e4t der Kinder und sorgt gleichzeitig f\u00fcr Unterhaltung. Aufgrund seiner Vielseitigkeit kann es sowohl als Lernhilfe als auch als spannendes Gadget f\u00fcr Familienaktivit\u00e4ten verwendet werden. Der AI-Powered Smart Robot ist ein durchdachtes Geschenk, das Bildung und Spa\u00df verbindet und Eltern anspricht, die nach sinnvollen M\u00f6glichkeiten suchen, die Entwicklung ihres Kindes zu unterst\u00fctzen. <\/p>\n<p>  Spezifikation <\/p>\n<p>  Produktname: Intelligenter KI-Roboter <\/p>\n<p>  Material: ABS <\/p>\n<p>  Produktgr\u00f6\u00dfe: ca. 9,5 x 5,5 x 13 cm <\/p>\n<p>  Liste <\/p>\n<p>  1 * Intelligenter KI-Roboter <\/p>\n<p>  Notiz: <\/p>\n<p>  Aufgrund der unterschiedlichen Licht- und Bildschirmeinstellungen kann die Farbe des Artikels geringf\u00fcgig von der Abbildung abweichen. <\/p>\n<p>  Bitte erlauben Sie einen Unterschied von 1-2 cm aufgrund unterschiedlicher manueller Messungen. <\/p>\n<p>Engagierender Ausdrucks-Mentor: Ausgestattet mit Spracherkennung und einem robusten Multimodell-KI-System f\u00f6rdert der KI-Roboter die Entwicklung von Ausdrucksf\u00e4higkeiten und unterst\u00fctzt gleichzeitig den Wissenszuwachs; Geeignet f\u00fcr interaktive Lern- oder Freizeitszenarien zu Hause oder in der Schule<br \/>Multifunktionale Lernhilfe: Roboterspielzeuge integrieren verschiedene Funktionen, um logisches Denken und kognitives Wachstum zu f\u00f6rdern und so eine optimale Balance zwischen Unterhaltung und Bildung zu schaffen; Diese Tools regen effektiv die Fantasie an und sorgen f\u00fcr bereichernde Erfahrungen, egal ob zu Hause oder in gemeinschaftlichen Lernr\u00e4umen<br \/>F\u00e4higkeit zur Charakteranpassung Der Roboter f\u00fcr Kinder bietet eine dynamische Charakteranpassung und Rolleneinstellung, sodass Kinder mit verschiedenen Rollen interagieren k\u00f6nnen, die ihren Interessen entsprechen. Dies f\u00f6rdert das emotionale Management-Training und verbessert gleichzeitig die Entwicklung sozialer Kompetenzen in interaktiven Spielphasen zu Hause oder in Bildungseinrichtungen, um ein immersives Erlebnis zu gew\u00e4hrleisten, das auf individuellen Vorlieben basiert<br \/>F\u00e4higkeit zur Emotionserkennung Dieser Kinderroboter erkennt Emotionen effektiv und schafft Wachstumschancen, da er den offenen Dialog zwischen Kindern und ihren Eltern f\u00f6rdert und die Bindungen bei spannenden Gespr\u00e4chen st\u00e4rkt, die Vertrauen und Kameradschaft im allt\u00e4glichen Familienumfeld f\u00f6rdern<br \/>WARMES GESCHENK: Roboterspielzeuge f\u00fcr Kinder bieten eine einzigartige M\u00f6glichkeit, F\u00fcrsorge durch interaktive Geschenke zu vermitteln. Mit ihrem festlichen Design f\u00fcgen sie sich nahtlos in die Feiertagsumgebung ein und erm\u00f6glichen es den Benutzern, Freude und W\u00e4rme bei Familientreffen und freudigen saisonalen Momenten zu teilen<\/p>\n<p>[ad_2]<\/p>\n","protected":false},"excerpt":{"rendered":"<p>Produktbeschreibung Beeindruckendes und aufmerksames Geschenk Dieses Roboterspielzeug f\u00fcr Kinder kombiniert interaktiven Spa\u00df mit einem durchdachten Design, das es Kindern erm\u00f6glicht, Gl\u00fcckw\u00fcnsche auszudr\u00fccken und gleichzeitig die Urlaubsstimmung zu f\u00f6rdern. Es sorgt f\u00fcr fr\u00f6hliche Erlebnisse auf Partys oder saisonalen Veranstaltungen, bei denen die \u00dcbertragung von F\u00fcrsorge und Zuneigung im Vordergrund steht und unvergessliche Momente der Freude und [&hellip;]<\/p>\n","protected":false},"featured_media":601,"comment_status":"open","ping_status":"closed","template":"","meta":{"_aipt_faq_data":""},"store":[],"product_brand":[],"product_cat":[99],"product_tag":[171],"class_list":{"0":"post-600","1":"product","2":"type-product","3":"status-publish","4":"has-post-thumbnail","6":"product_cat-tisch-roboterarme","7":"product_tag-tisch-roboterarme-lernsets","9":"first","10":"instock","11":"sale","12":"shipping-taxable","13":"product-type-external"},"yoast_head":"<!-- This site is optimized with the Yoast SEO plugin v27.4 - https:\/\/yoast.com\/product\/yoast-seo-wordpress\/ -->\n<title>Emo-Roboter | KI-Schreibtischroboter | Ai Petintelligent Robots | Intelligentes intelligentes Lernspielzeug | P\u00e4dagogische interaktive intelligente Roboter, Geschenk f\u00fcr Erwachsene, Kinder, Weihnachten - EasyLifeBro<\/title>\n<meta name=\"description\" content=\"Entdecken Sie smarte Roboter f\u00fcr Zuhause, Garten, Bildung und Sicherheit. Vergleichen Sie Saugroboter, Rasenm\u00e4hroboter, KI-Begleitroboter und mehr bei EasyLifeRobo.\" \/>\n<meta name=\"robots\" content=\"index, follow, max-snippet:-1, max-image-preview:large, max-video-preview:-1\" \/>\n<link rel=\"canonical\" href=\"https:\/\/easyliferobo.com\/de\/product\/emo-roboter-ki-schreibtischroboter-ai-petintelligent-robots-intelligentes-intelligentes-lernspielzeug-paedagogische-interaktive-intelligente-roboter-geschenk-fuer-erwachsene-kinder-weihnach\/\" \/>\n<meta property=\"og:locale\" content=\"de_DE\" \/>\n<meta property=\"og:type\" content=\"article\" \/>\n<meta property=\"og:title\" content=\"Emo-Roboter | KI-Schreibtischroboter | Ai Petintelligent Robots | Intelligentes intelligentes Lernspielzeug | P\u00e4dagogische interaktive intelligente Roboter, Geschenk f\u00fcr Erwachsene, Kinder, Weihnachten - EasyLifeBro\" \/>\n<meta property=\"og:description\" content=\"Entdecken Sie smarte Roboter f\u00fcr Zuhause, Garten, Bildung und Sicherheit. Vergleichen Sie Saugroboter, Rasenm\u00e4hroboter, KI-Begleitroboter und mehr bei EasyLifeRobo.\" \/>\n<meta property=\"og:url\" content=\"https:\/\/easyliferobo.com\/de\/product\/emo-roboter-ki-schreibtischroboter-ai-petintelligent-robots-intelligentes-intelligentes-lernspielzeug-paedagogische-interaktive-intelligente-roboter-geschenk-fuer-erwachsene-kinder-weihnach\/\" \/>\n<meta property=\"og:site_name\" content=\"EasyLifeBro\" \/>\n<meta property=\"article:modified_time\" content=\"2026-02-22T23:35:39+00:00\" \/>\n<meta property=\"og:image\" content=\"https:\/\/easyliferobo.com\/de\/wp-content\/uploads\/2026\/02\/61sCoSFXFOL._AC_SL1500_.jpg\" \/>\n\t<meta property=\"og:image:width\" content=\"1088\" \/>\n\t<meta property=\"og:image:height\" content=\"1322\" \/>\n\t<meta property=\"og:image:type\" content=\"image\/jpeg\" \/>\n<meta name=\"twitter:card\" content=\"summary_large_image\" \/>\n<meta name=\"twitter:label1\" content=\"Gesch\u00e4tzte Lesezeit\" \/>\n\t<meta name=\"twitter:data1\" content=\"3\u00a0Minuten\" \/>\n<script type=\"application\/ld+json\" class=\"yoast-schema-graph\">{\"@context\":\"https:\\\/\\\/schema.org\",\"@graph\":[{\"@type\":\"WebPage\",\"@id\":\"https:\\\/\\\/easyliferobo.com\\\/de\\\/product\\\/emo-roboter-ki-schreibtischroboter-ai-petintelligent-robots-intelligentes-intelligentes-lernspielzeug-paedagogische-interaktive-intelligente-roboter-geschenk-fuer-erwachsene-kinder-weihnach\\\/\",\"url\":\"https:\\\/\\\/easyliferobo.com\\\/de\\\/product\\\/emo-roboter-ki-schreibtischroboter-ai-petintelligent-robots-intelligentes-intelligentes-lernspielzeug-paedagogische-interaktive-intelligente-roboter-geschenk-fuer-erwachsene-kinder-weihnach\\\/\",\"name\":\"Emo-Roboter | KI-Schreibtischroboter | Ai Petintelligent Robots | Intelligentes intelligentes Lernspielzeug | P\u00e4dagogische interaktive intelligente Roboter, Geschenk f\u00fcr Erwachsene, Kinder, Weihnachten - EasyLifeBro\",\"isPartOf\":{\"@id\":\"https:\\\/\\\/easyliferobo.com\\\/de\\\/#website\"},\"primaryImageOfPage\":{\"@id\":\"https:\\\/\\\/easyliferobo.com\\\/de\\\/product\\\/emo-roboter-ki-schreibtischroboter-ai-petintelligent-robots-intelligentes-intelligentes-lernspielzeug-paedagogische-interaktive-intelligente-roboter-geschenk-fuer-erwachsene-kinder-weihnach\\\/#primaryimage\"},\"image\":{\"@id\":\"https:\\\/\\\/easyliferobo.com\\\/de\\\/product\\\/emo-roboter-ki-schreibtischroboter-ai-petintelligent-robots-intelligentes-intelligentes-lernspielzeug-paedagogische-interaktive-intelligente-roboter-geschenk-fuer-erwachsene-kinder-weihnach\\\/#primaryimage\"},\"thumbnailUrl\":\"https:\\\/\\\/easyliferobo.com\\\/de\\\/wp-content\\\/uploads\\\/2026\\\/02\\\/61sCoSFXFOL._AC_SL1500_.jpg\",\"datePublished\":\"2026-02-22T09:59:23+00:00\",\"dateModified\":\"2026-02-22T23:35:39+00:00\",\"description\":\"Entdecken Sie smarte Roboter f\u00fcr Zuhause, Garten, Bildung und Sicherheit. Vergleichen Sie Saugroboter, Rasenm\u00e4hroboter, KI-Begleitroboter und mehr bei EasyLifeRobo.\",\"breadcrumb\":{\"@id\":\"https:\\\/\\\/easyliferobo.com\\\/de\\\/product\\\/emo-roboter-ki-schreibtischroboter-ai-petintelligent-robots-intelligentes-intelligentes-lernspielzeug-paedagogische-interaktive-intelligente-roboter-geschenk-fuer-erwachsene-kinder-weihnach\\\/#breadcrumb\"},\"inLanguage\":\"de\",\"potentialAction\":[{\"@type\":\"ReadAction\",\"target\":[\"https:\\\/\\\/easyliferobo.com\\\/de\\\/product\\\/emo-roboter-ki-schreibtischroboter-ai-petintelligent-robots-intelligentes-intelligentes-lernspielzeug-paedagogische-interaktive-intelligente-roboter-geschenk-fuer-erwachsene-kinder-weihnach\\\/\"]}]},{\"@type\":\"ImageObject\",\"inLanguage\":\"de\",\"@id\":\"https:\\\/\\\/easyliferobo.com\\\/de\\\/product\\\/emo-roboter-ki-schreibtischroboter-ai-petintelligent-robots-intelligentes-intelligentes-lernspielzeug-paedagogische-interaktive-intelligente-roboter-geschenk-fuer-erwachsene-kinder-weihnach\\\/#primaryimage\",\"url\":\"https:\\\/\\\/easyliferobo.com\\\/de\\\/wp-content\\\/uploads\\\/2026\\\/02\\\/61sCoSFXFOL._AC_SL1500_.jpg\",\"contentUrl\":\"https:\\\/\\\/easyliferobo.com\\\/de\\\/wp-content\\\/uploads\\\/2026\\\/02\\\/61sCoSFXFOL._AC_SL1500_.jpg\",\"width\":1088,\"height\":1322},{\"@type\":\"BreadcrumbList\",\"@id\":\"https:\\\/\\\/easyliferobo.com\\\/de\\\/product\\\/emo-roboter-ki-schreibtischroboter-ai-petintelligent-robots-intelligentes-intelligentes-lernspielzeug-paedagogische-interaktive-intelligente-roboter-geschenk-fuer-erwachsene-kinder-weihnach\\\/#breadcrumb\",\"itemListElement\":[{\"@type\":\"ListItem\",\"position\":1,\"name\":\"Home\",\"item\":\"https:\\\/\\\/easyliferobo.com\\\/de\\\/\"},{\"@type\":\"ListItem\",\"position\":2,\"name\":\"Shop\",\"item\":\"https:\\\/\\\/easyliferobo.com\\\/de\\\/shop\\\/\"},{\"@type\":\"ListItem\",\"position\":3,\"name\":\"Emo-Roboter | KI-Schreibtischrobote...\"}]},{\"@type\":\"WebSite\",\"@id\":\"https:\\\/\\\/easyliferobo.com\\\/de\\\/#website\",\"url\":\"https:\\\/\\\/easyliferobo.com\\\/de\\\/\",\"name\":\"EasyLifeBro\",\"description\":\"Smarte Roboter f\u00fcr Zuhause, Garten &amp; Bildung\",\"publisher\":{\"@id\":\"https:\\\/\\\/easyliferobo.com\\\/de\\\/#organization\"},\"potentialAction\":[{\"@type\":\"SearchAction\",\"target\":{\"@type\":\"EntryPoint\",\"urlTemplate\":\"https:\\\/\\\/easyliferobo.com\\\/de\\\/?s={search_term_string}\"},\"query-input\":{\"@type\":\"PropertyValueSpecification\",\"valueRequired\":true,\"valueName\":\"search_term_string\"}}],\"inLanguage\":\"de\"},{\"@type\":\"Organization\",\"@id\":\"https:\\\/\\\/easyliferobo.com\\\/de\\\/#organization\",\"name\":\"EasyLifeBro\",\"url\":\"https:\\\/\\\/easyliferobo.com\\\/de\\\/\",\"logo\":{\"@type\":\"ImageObject\",\"inLanguage\":\"de\",\"@id\":\"https:\\\/\\\/easyliferobo.com\\\/de\\\/#\\\/schema\\\/logo\\\/image\\\/\",\"url\":\"https:\\\/\\\/easyliferobo.com\\\/de\\\/wp-content\\\/uploads\\\/2026\\\/02\\\/Screenshot-2026-02-22-at-2.25.03-PM.png\",\"contentUrl\":\"https:\\\/\\\/easyliferobo.com\\\/de\\\/wp-content\\\/uploads\\\/2026\\\/02\\\/Screenshot-2026-02-22-at-2.25.03-PM.png\",\"width\":1858,\"height\":430,\"caption\":\"EasyLifeBro\"},\"image\":{\"@id\":\"https:\\\/\\\/easyliferobo.com\\\/de\\\/#\\\/schema\\\/logo\\\/image\\\/\"}}]}<\/script>\n<!-- \/ Yoast SEO plugin. -->","yoast_head_json":{"title":"Emo-Roboter | KI-Schreibtischroboter | Ai Petintelligent Robots | Intelligentes intelligentes Lernspielzeug | P\u00e4dagogische interaktive intelligente Roboter, Geschenk f\u00fcr Erwachsene, Kinder, Weihnachten - EasyLifeBro","description":"Entdecken Sie smarte Roboter f\u00fcr Zuhause, Garten, Bildung und Sicherheit. Vergleichen Sie Saugroboter, Rasenm\u00e4hroboter, KI-Begleitroboter und mehr bei EasyLifeRobo.","robots":{"index":"index","follow":"follow","max-snippet":"max-snippet:-1","max-image-preview":"max-image-preview:large","max-video-preview":"max-video-preview:-1"},"canonical":"https:\/\/easyliferobo.com\/de\/product\/emo-roboter-ki-schreibtischroboter-ai-petintelligent-robots-intelligentes-intelligentes-lernspielzeug-paedagogische-interaktive-intelligente-roboter-geschenk-fuer-erwachsene-kinder-weihnach\/","og_locale":"de_DE","og_type":"article","og_title":"Emo-Roboter | KI-Schreibtischroboter | Ai Petintelligent Robots | Intelligentes intelligentes Lernspielzeug | P\u00e4dagogische interaktive intelligente Roboter, Geschenk f\u00fcr Erwachsene, Kinder, Weihnachten - EasyLifeBro","og_description":"Entdecken Sie smarte Roboter f\u00fcr Zuhause, Garten, Bildung und Sicherheit. Vergleichen Sie Saugroboter, Rasenm\u00e4hroboter, KI-Begleitroboter und mehr bei EasyLifeRobo.","og_url":"https:\/\/easyliferobo.com\/de\/product\/emo-roboter-ki-schreibtischroboter-ai-petintelligent-robots-intelligentes-intelligentes-lernspielzeug-paedagogische-interaktive-intelligente-roboter-geschenk-fuer-erwachsene-kinder-weihnach\/","og_site_name":"EasyLifeBro","article_modified_time":"2026-02-22T23:35:39+00:00","og_image":[{"width":1088,"height":1322,"url":"https:\/\/easyliferobo.com\/de\/wp-content\/uploads\/2026\/02\/61sCoSFXFOL._AC_SL1500_.jpg","type":"image\/jpeg"}],"twitter_card":"summary_large_image","twitter_misc":{"Gesch\u00e4tzte Lesezeit":"3\u00a0Minuten"},"schema":{"@context":"https:\/\/schema.org","@graph":[{"@type":"WebPage","@id":"https:\/\/easyliferobo.com\/de\/product\/emo-roboter-ki-schreibtischroboter-ai-petintelligent-robots-intelligentes-intelligentes-lernspielzeug-paedagogische-interaktive-intelligente-roboter-geschenk-fuer-erwachsene-kinder-weihnach\/","url":"https:\/\/easyliferobo.com\/de\/product\/emo-roboter-ki-schreibtischroboter-ai-petintelligent-robots-intelligentes-intelligentes-lernspielzeug-paedagogische-interaktive-intelligente-roboter-geschenk-fuer-erwachsene-kinder-weihnach\/","name":"Emo-Roboter | KI-Schreibtischroboter | Ai Petintelligent Robots | Intelligentes intelligentes Lernspielzeug | P\u00e4dagogische interaktive intelligente Roboter, Geschenk f\u00fcr Erwachsene, Kinder, Weihnachten - EasyLifeBro","isPartOf":{"@id":"https:\/\/easyliferobo.com\/de\/#website"},"primaryImageOfPage":{"@id":"https:\/\/easyliferobo.com\/de\/product\/emo-roboter-ki-schreibtischroboter-ai-petintelligent-robots-intelligentes-intelligentes-lernspielzeug-paedagogische-interaktive-intelligente-roboter-geschenk-fuer-erwachsene-kinder-weihnach\/#primaryimage"},"image":{"@id":"https:\/\/easyliferobo.com\/de\/product\/emo-roboter-ki-schreibtischroboter-ai-petintelligent-robots-intelligentes-intelligentes-lernspielzeug-paedagogische-interaktive-intelligente-roboter-geschenk-fuer-erwachsene-kinder-weihnach\/#primaryimage"},"thumbnailUrl":"https:\/\/easyliferobo.com\/de\/wp-content\/uploads\/2026\/02\/61sCoSFXFOL._AC_SL1500_.jpg","datePublished":"2026-02-22T09:59:23+00:00","dateModified":"2026-02-22T23:35:39+00:00","description":"Entdecken Sie smarte Roboter f\u00fcr Zuhause, Garten, Bildung und Sicherheit. Vergleichen Sie Saugroboter, Rasenm\u00e4hroboter, KI-Begleitroboter und mehr bei EasyLifeRobo.","breadcrumb":{"@id":"https:\/\/easyliferobo.com\/de\/product\/emo-roboter-ki-schreibtischroboter-ai-petintelligent-robots-intelligentes-intelligentes-lernspielzeug-paedagogische-interaktive-intelligente-roboter-geschenk-fuer-erwachsene-kinder-weihnach\/#breadcrumb"},"inLanguage":"de","potentialAction":[{"@type":"ReadAction","target":["https:\/\/easyliferobo.com\/de\/product\/emo-roboter-ki-schreibtischroboter-ai-petintelligent-robots-intelligentes-intelligentes-lernspielzeug-paedagogische-interaktive-intelligente-roboter-geschenk-fuer-erwachsene-kinder-weihnach\/"]}]},{"@type":"ImageObject","inLanguage":"de","@id":"https:\/\/easyliferobo.com\/de\/product\/emo-roboter-ki-schreibtischroboter-ai-petintelligent-robots-intelligentes-intelligentes-lernspielzeug-paedagogische-interaktive-intelligente-roboter-geschenk-fuer-erwachsene-kinder-weihnach\/#primaryimage","url":"https:\/\/easyliferobo.com\/de\/wp-content\/uploads\/2026\/02\/61sCoSFXFOL._AC_SL1500_.jpg","contentUrl":"https:\/\/easyliferobo.com\/de\/wp-content\/uploads\/2026\/02\/61sCoSFXFOL._AC_SL1500_.jpg","width":1088,"height":1322},{"@type":"BreadcrumbList","@id":"https:\/\/easyliferobo.com\/de\/product\/emo-roboter-ki-schreibtischroboter-ai-petintelligent-robots-intelligentes-intelligentes-lernspielzeug-paedagogische-interaktive-intelligente-roboter-geschenk-fuer-erwachsene-kinder-weihnach\/#breadcrumb","itemListElement":[{"@type":"ListItem","position":1,"name":"Home","item":"https:\/\/easyliferobo.com\/de\/"},{"@type":"ListItem","position":2,"name":"Shop","item":"https:\/\/easyliferobo.com\/de\/shop\/"},{"@type":"ListItem","position":3,"name":"Emo-Roboter | KI-Schreibtischrobote..."}]},{"@type":"WebSite","@id":"https:\/\/easyliferobo.com\/de\/#website","url":"https:\/\/easyliferobo.com\/de\/","name":"EasyLifeBro","description":"Smarte Roboter f\u00fcr Zuhause, Garten &amp; Bildung","publisher":{"@id":"https:\/\/easyliferobo.com\/de\/#organization"},"potentialAction":[{"@type":"SearchAction","target":{"@type":"EntryPoint","urlTemplate":"https:\/\/easyliferobo.com\/de\/?s={search_term_string}"},"query-input":{"@type":"PropertyValueSpecification","valueRequired":true,"valueName":"search_term_string"}}],"inLanguage":"de"},{"@type":"Organization","@id":"https:\/\/easyliferobo.com\/de\/#organization","name":"EasyLifeBro","url":"https:\/\/easyliferobo.com\/de\/","logo":{"@type":"ImageObject","inLanguage":"de","@id":"https:\/\/easyliferobo.com\/de\/#\/schema\/logo\/image\/","url":"https:\/\/easyliferobo.com\/de\/wp-content\/uploads\/2026\/02\/Screenshot-2026-02-22-at-2.25.03-PM.png","contentUrl":"https:\/\/easyliferobo.com\/de\/wp-content\/uploads\/2026\/02\/Screenshot-2026-02-22-at-2.25.03-PM.png","width":1858,"height":430,"caption":"EasyLifeBro"},"image":{"@id":"https:\/\/easyliferobo.com\/de\/#\/schema\/logo\/image\/"}}]}},"_links":{"self":[{"href":"https:\/\/easyliferobo.com\/de\/wp-json\/wp\/v2\/product\/600","targetHints":{"allow":["GET"]}}],"collection":[{"href":"https:\/\/easyliferobo.com\/de\/wp-json\/wp\/v2\/product"}],"about":[{"href":"https:\/\/easyliferobo.com\/de\/wp-json\/wp\/v2\/types\/product"}],"replies":[{"embeddable":true,"href":"https:\/\/easyliferobo.com\/de\/wp-json\/wp\/v2\/comments?post=600"}],"wp:featuredmedia":[{"embeddable":true,"href":"https:\/\/easyliferobo.com\/de\/wp-json\/wp\/v2\/media\/601"}],"wp:attachment":[{"href":"https:\/\/easyliferobo.com\/de\/wp-json\/wp\/v2\/media?parent=600"}],"wp:term":[{"taxonomy":"store","embeddable":true,"href":"https:\/\/easyliferobo.com\/de\/wp-json\/wp\/v2\/store?post=600"},{"taxonomy":"product_brand","embeddable":true,"href":"https:\/\/easyliferobo.com\/de\/wp-json\/wp\/v2\/product_brand?post=600"},{"taxonomy":"product_cat","embeddable":true,"href":"https:\/\/easyliferobo.com\/de\/wp-json\/wp\/v2\/product_cat?post=600"},{"taxonomy":"product_tag","embeddable":true,"href":"https:\/\/easyliferobo.com\/de\/wp-json\/wp\/v2\/product_tag?post=600"}],"curies":[{"name":"wp","href":"https:\/\/api.w.org\/{rel}","templated":true}]}}