
{"id":589,"date":"2026-02-22T09:58:08","date_gmt":"2026-02-22T09:58:08","guid":{"rendered":"https:\/\/easyliferobo.com\/de\/product\/unger-nifty-nabber-40-cm\/"},"modified":"2026-02-22T23:35:39","modified_gmt":"2026-02-22T23:35:39","slug":"unger-nifty-nabber-40-cm","status":"publish","type":"product","link":"https:\/\/easyliferobo.com\/de\/product\/unger-nifty-nabber-40-cm\/","title":{"rendered":"Unger Nifty Nabber 40 cm"},"content":{"rendered":"<p>\n                                             Vom Hersteller   <\/p>\n<p>                                                         <img decoding=\"async\" alt=\"Unger\" src=\"https:\/\/images-na.ssl-images-amazon.com\/images\/G\/01\/x-locale\/common\/grey-pixel.gif\" class=\"a-lazy-loaded\" data-src=\"https:\/\/m.media-amazon.com\/images\/S\/aplus-media\/vc\/3722ff36-f737-4b1d-9a44-b316ea4e4ca8.__CR0,0,600,180_PT0_SX600_V1___.jpg\"><img decoding=\"async\" alt=\"Unger\" src=\"https:\/\/m.media-amazon.com\/images\/S\/aplus-media\/vc\/3722ff36-f737-4b1d-9a44-b316ea4e4ca8.__CR0,0,600,180_PT0_SX600_V1___.jpg\">      <\/p>\n<p>                                                      <img decoding=\"async\" alt=\"NN-Griff\" src=\"https:\/\/images-na.ssl-images-amazon.com\/images\/G\/01\/x-locale\/common\/grey-pixel.gif\" class=\"a-spacing-mini a-lazy-loaded\" data-src=\"https:\/\/m.media-amazon.com\/images\/S\/aplus-media\/vc\/284d477c-c9cf-4331-be61-ca0da1ce6156.__CR4,0,1496,1496_PT0_SX300_V1___.jpg\"><img decoding=\"async\" alt=\"NN-Griff\" src=\"https:\/\/m.media-amazon.com\/images\/S\/aplus-media\/vc\/284d477c-c9cf-4331-be61-ca0da1ce6156.__CR4,0,1496,1496_PT0_SX300_V1___.jpg\">  <\/p>\n<h3 class=\"a-spacing-mini\">  Unger Nifty Nabber Pro 52 cm <\/h3>\n<p>                                           Ein superstarker Abfallgreifer mit einer sehr starken inneren F\u00fchrungsschiene, einer leistungsstarken Zange und einem robusten Stahlrohr.                                     <\/p>\n<p class=\"a-spacing-base\"> Gummibeschichtet f\u00fcr einen besonders starken und pr\u00e4zisen Halt. H\u00e4lt selbst kleinste Gegenst\u00e4nde wie Glasscherben, Zigarettenkippen oder M\u00fcnzen. L\u00e4sst sich bis zu 15 cm weit \u00f6ffnen. Superrobustes Stahlrohr mit rostfreier Schutzbeschichtung f\u00fcr den Langzeiteinsatz. Stark genug f\u00fcr die schwersten Arbeiten, aber leicht genug, um Arm und R\u00fccken zu sch\u00fctzen. Perfekt f\u00fcr den professionellen und t\u00e4glichen Outdoor-Einsatz. <\/p>\n<p>                                                         Technische Details: Rohrmaterial: Stahl. L\u00e4nge: 52 cm. \u00d6ffnungsma\u00df der Krallen: 15 cm       <\/p>\n<p class=\"apm-text-center\">\n                                                      <img decoding=\"async\" alt=\"nn09\" src=\"https:\/\/images-na.ssl-images-amazon.com\/images\/G\/01\/x-locale\/common\/grey-pixel.gif\" class=\"a-spacing-mini a-lazy-loaded\" data-src=\"https:\/\/m.media-amazon.com\/images\/S\/aplus-media\/vc\/b075c886-660d-4bea-9e6f-5b06484096f8.__CR26,0,1100,1100_PT0_SX300_V1___.jpg\"><img decoding=\"async\" alt=\"nn09\" src=\"https:\/\/m.media-amazon.com\/images\/S\/aplus-media\/vc\/b075c886-660d-4bea-9e6f-5b06484096f8.__CR26,0,1100,1100_PT0_SX300_V1___.jpg\">  <\/p>\n<p class=\"apm-text-center\">\n                                                      <img decoding=\"async\" alt=\"schick\" src=\"https:\/\/images-na.ssl-images-amazon.com\/images\/G\/01\/x-locale\/common\/grey-pixel.gif\" class=\"a-spacing-mini a-lazy-loaded\" data-src=\"https:\/\/m.media-amazon.com\/images\/S\/aplus-media\/vc\/07dc6333-2f6c-4a79-8334-532a6b1bb40e.__CR0,4,300,300_PT0_SX300_V1___.jpg\"><img decoding=\"async\" alt=\"schick\" src=\"https:\/\/m.media-amazon.com\/images\/S\/aplus-media\/vc\/07dc6333-2f6c-4a79-8334-532a6b1bb40e.__CR0,4,300,300_PT0_SX300_V1___.jpg\">  <\/p>\n<p class=\"apm-text-center\">\n                                                      <img decoding=\"async\" alt=\"Flasche\" src=\"https:\/\/images-na.ssl-images-amazon.com\/images\/G\/01\/x-locale\/common\/grey-pixel.gif\" class=\"a-spacing-mini a-lazy-loaded\" data-src=\"https:\/\/m.media-amazon.com\/images\/S\/aplus-media\/vc\/c91d7d99-5dd0-4fa6-b5fd-a0526c3511d5.__CR16,0,1340,1340_PT0_SX300_V1___.jpg\"><img decoding=\"async\" alt=\"Flasche\" src=\"https:\/\/m.media-amazon.com\/images\/S\/aplus-media\/vc\/c91d7d99-5dd0-4fa6-b5fd-a0526c3511d5.__CR16,0,1340,1340_PT0_SX300_V1___.jpg\">  <\/p>\n<p class=\"apm-text-center\">\n                                                      <img decoding=\"async\" alt=\"Handhaben\" src=\"https:\/\/images-na.ssl-images-amazon.com\/images\/G\/01\/x-locale\/common\/grey-pixel.gif\" class=\"a-spacing-mini a-lazy-loaded\" data-src=\"https:\/\/m.media-amazon.com\/images\/S\/aplus-media\/vc\/dfea57b4-c11a-4c5d-b3be-7174d302c065.__CR0,0,2000,2000_PT0_SX300_V1___.jpg\"><img decoding=\"async\" alt=\"Handhaben\" src=\"https:\/\/m.media-amazon.com\/images\/S\/aplus-media\/vc\/dfea57b4-c11a-4c5d-b3be-7174d302c065.__CR0,0,2000,2000_PT0_SX300_V1___.jpg\">  <\/p>\n<p>                                                    NiftyNabber Pro-Griff                                       <\/p>\n<p> Der komfortable, ergonomische Schiebegriff erzeugt einen hohen Druck, um Gegenst\u00e4nde zu halten, ohne Ihre Hand zu erm\u00fcden. Das Griffdesign h\u00e4lt Hand und Arm in einer optimalen Position, um Gegenst\u00e4nde vom Boden anzuheben. <\/p>\n<p class=\"apm-text-center\">\n                                                      <img decoding=\"async\" alt=\"Krallen\" src=\"https:\/\/images-na.ssl-images-amazon.com\/images\/G\/01\/x-locale\/common\/grey-pixel.gif\" class=\"a-spacing-mini a-lazy-loaded\" data-src=\"https:\/\/m.media-amazon.com\/images\/S\/aplus-media\/vc\/7640c818-42b8-4d02-82b0-eaea1a28733d.__CR0,0,2000,2000_PT0_SX300_V1___.jpg\"><img decoding=\"async\" alt=\"Krallen\" src=\"https:\/\/m.media-amazon.com\/images\/S\/aplus-media\/vc\/7640c818-42b8-4d02-82b0-eaea1a28733d.__CR0,0,2000,2000_PT0_SX300_V1___.jpg\">  <\/p>\n<p>                                                    NiftyNabber Pro Stahlzange mit Gummi                                       <\/p>\n<p> Die gummibeschichteten Stahlzangen bieten einen besonders starken und pr\u00e4zisen Halt, mit dem Sie selbst kleinste Gegenst\u00e4nde wie Glasscherben, Zigarettenkippen oder M\u00fcnzen festhalten k\u00f6nnen. Die Zange l\u00e4sst sich au\u00dferdem bis zu 15 cm weit \u00f6ffnen, um auch gro\u00dfe Gegenst\u00e4nde problemlos zu greifen. <\/p>\n<p class=\"apm-text-center\">\n                                                      <img decoding=\"async\" alt=\"Griffkopf\" src=\"https:\/\/images-na.ssl-images-amazon.com\/images\/G\/01\/x-locale\/common\/grey-pixel.gif\" class=\"a-spacing-mini a-lazy-loaded\" data-src=\"https:\/\/m.media-amazon.com\/images\/S\/aplus-media\/vc\/7ff2f65c-15cf-4f84-bf7f-7c575fafad95.__CR0,0,2000,2000_PT0_SX300_V1___.jpg\"><img decoding=\"async\" alt=\"Griffkopf\" src=\"https:\/\/m.media-amazon.com\/images\/S\/aplus-media\/vc\/7ff2f65c-15cf-4f84-bf7f-7c575fafad95.__CR0,0,2000,2000_PT0_SX300_V1___.jpg\">  <\/p>\n<p>                                                    NiftyNabber Pro-Anwendung                                       <\/p>\n<p> Der NiftyNabber Pro eignet sich besonders f\u00fcr die professionelle und t\u00e4gliche M\u00fcllentsorgung im Freien. Sein robustes Stahlrohr mit rostfreier Schutzbeschichtung sorgt zudem f\u00fcr eine langfristige Nutzung. Somit ist die Stahlkonstruktion ideal f\u00fcr die t\u00e4gliche Herausforderung. <\/p>\n<p>                         Zum Warenkorb hinzuf\u00fcgen Zum Warenkorb hinzuf\u00fcgen Zum Warenkorb hinzuf\u00fcgen Kundenrezensionen 4,6 von 5 Sternen 552 4,6 von 5 Sternen 552 4,6 von 5 Sternen 552 4,6 von 5 Sternen 552 Preis 25,99 \u20ac 25,99 \u20ac 30,00 \u20ac 30,00 \u20ac 37,05 \u20ac 37,05 \u20ac \u2014 keine Daten L\u00e4nge: 52 cm 97 cm 130 cm 238 cm              <\/p>\n<p>Der umweltfreundliche Allzweckgreifer erleichtert die M\u00fcllentsorgung von H\u00fcfth\u00f6he abw\u00e4rts im Innen- und Au\u00dfenbereich<br \/>Die gummibeschichteten Stahlzangen erm\u00f6glichen einen besonders starken und pr\u00e4zisen Halt, mit dem Sie selbst kleinste Gegenst\u00e4nde wie Glasscherben, Zigarettenkippen oder M\u00fcnzen festhalten k\u00f6nnen<br \/>Superrobustes Stahlrohr mit rostfreier Schutzbeschichtung f\u00fcr den Langzeiteinsatz<br \/>Technische Details: L\u00e4nge: 52 cm \/ \u00d6ffnungsma\u00df der Krallen: 15 cm \/ Material Zange: Stahlzange mit Gummi \u00fcberzogen<br \/>Im Lieferumfang ist ein Allzweckgreifer NiftyNabber Pro mit einer L\u00e4nge von 52 cm enthalten<\/p>\n<p>[ad_2]<\/p>\n","protected":false},"excerpt":{"rendered":"<p>Vom Hersteller Unger Nifty Nabber Pro 52 cm Ein superstarker Abfallgreifer mit einer sehr starken inneren F\u00fchrungsschiene, einer leistungsstarken Zange und einem robusten Stahlrohr. Gummibeschichtet f\u00fcr einen besonders starken und pr\u00e4zisen Halt. H\u00e4lt selbst kleinste Gegenst\u00e4nde wie Glasscherben, Zigarettenkippen oder M\u00fcnzen. L\u00e4sst sich bis zu 15 cm weit \u00f6ffnen. Superrobustes Stahlrohr mit rostfreier Schutzbeschichtung f\u00fcr [&hellip;]<\/p>\n","protected":false},"featured_media":590,"comment_status":"open","ping_status":"closed","template":"","meta":{"_aipt_faq_data":""},"store":[],"product_brand":[],"product_cat":[100],"product_tag":[170],"class_list":{"0":"post-589","1":"product","2":"type-product","3":"status-publish","4":"has-post-thumbnail","6":"product_cat-greifer-zubehoer","7":"product_tag-greifer-zubehoer-ersatzteile","9":"first","10":"instock","11":"sale","12":"shipping-taxable","13":"product-type-external"},"yoast_head":"<!-- This site is optimized with the Yoast SEO plugin v27.0 - https:\/\/yoast.com\/product\/yoast-seo-wordpress\/ -->\n<title>Unger Nifty Nabber 40 cm - EasyLifeBro<\/title>\n<meta name=\"description\" content=\"Entdecken Sie smarte Roboter f\u00fcr Zuhause, Garten, Bildung und Sicherheit. Vergleichen Sie Saugroboter, Rasenm\u00e4hroboter, KI-Begleitroboter und mehr bei EasyLifeRobo.\" \/>\n<meta name=\"robots\" content=\"index, follow, max-snippet:-1, max-image-preview:large, max-video-preview:-1\" \/>\n<link rel=\"canonical\" href=\"https:\/\/easyliferobo.com\/de\/product\/unger-nifty-nabber-40-cm\/\" \/>\n<meta property=\"og:locale\" content=\"de_DE\" \/>\n<meta property=\"og:type\" content=\"article\" \/>\n<meta property=\"og:title\" content=\"Unger Nifty Nabber 40 cm - EasyLifeBro\" \/>\n<meta property=\"og:description\" content=\"Entdecken Sie smarte Roboter f\u00fcr Zuhause, Garten, Bildung und Sicherheit. Vergleichen Sie Saugroboter, Rasenm\u00e4hroboter, KI-Begleitroboter und mehr bei EasyLifeRobo.\" \/>\n<meta property=\"og:url\" content=\"https:\/\/easyliferobo.com\/de\/product\/unger-nifty-nabber-40-cm\/\" \/>\n<meta property=\"og:site_name\" content=\"EasyLifeBro\" \/>\n<meta property=\"article:modified_time\" content=\"2026-02-22T23:35:39+00:00\" \/>\n<meta property=\"og:image\" content=\"https:\/\/easyliferobo.com\/de\/wp-content\/uploads\/2026\/02\/51Mdu7JqRIL._AC_SL1500_.jpg\" \/>\n\t<meta property=\"og:image:width\" content=\"1498\" \/>\n\t<meta property=\"og:image:height\" content=\"1026\" \/>\n\t<meta property=\"og:image:type\" content=\"image\/jpeg\" \/>\n<meta name=\"twitter:card\" content=\"summary_large_image\" \/>\n<meta name=\"twitter:label1\" content=\"Gesch\u00e4tzte Lesezeit\" \/>\n\t<meta name=\"twitter:data1\" content=\"2\u00a0Minuten\" \/>\n<script type=\"application\/ld+json\" class=\"yoast-schema-graph\">{\"@context\":\"https:\/\/schema.org\",\"@graph\":[{\"@type\":\"WebPage\",\"@id\":\"https:\/\/easyliferobo.com\/de\/product\/unger-nifty-nabber-40-cm\/\",\"url\":\"https:\/\/easyliferobo.com\/de\/product\/unger-nifty-nabber-40-cm\/\",\"name\":\"Unger Nifty Nabber 40 cm - EasyLifeBro\",\"isPartOf\":{\"@id\":\"https:\/\/easyliferobo.com\/de\/#website\"},\"primaryImageOfPage\":{\"@id\":\"https:\/\/easyliferobo.com\/de\/product\/unger-nifty-nabber-40-cm\/#primaryimage\"},\"image\":{\"@id\":\"https:\/\/easyliferobo.com\/de\/product\/unger-nifty-nabber-40-cm\/#primaryimage\"},\"thumbnailUrl\":\"https:\/\/easyliferobo.com\/de\/wp-content\/uploads\/2026\/02\/51Mdu7JqRIL._AC_SL1500_.jpg\",\"datePublished\":\"2026-02-22T09:58:08+00:00\",\"dateModified\":\"2026-02-22T23:35:39+00:00\",\"description\":\"Entdecken Sie smarte Roboter f\u00fcr Zuhause, Garten, Bildung und Sicherheit. Vergleichen Sie Saugroboter, Rasenm\u00e4hroboter, KI-Begleitroboter und mehr bei EasyLifeRobo.\",\"breadcrumb\":{\"@id\":\"https:\/\/easyliferobo.com\/de\/product\/unger-nifty-nabber-40-cm\/#breadcrumb\"},\"inLanguage\":\"de\",\"potentialAction\":[{\"@type\":\"ReadAction\",\"target\":[\"https:\/\/easyliferobo.com\/de\/product\/unger-nifty-nabber-40-cm\/\"]}]},{\"@type\":\"ImageObject\",\"inLanguage\":\"de\",\"@id\":\"https:\/\/easyliferobo.com\/de\/product\/unger-nifty-nabber-40-cm\/#primaryimage\",\"url\":\"https:\/\/easyliferobo.com\/de\/wp-content\/uploads\/2026\/02\/51Mdu7JqRIL._AC_SL1500_.jpg\",\"contentUrl\":\"https:\/\/easyliferobo.com\/de\/wp-content\/uploads\/2026\/02\/51Mdu7JqRIL._AC_SL1500_.jpg\",\"width\":1498,\"height\":1026},{\"@type\":\"BreadcrumbList\",\"@id\":\"https:\/\/easyliferobo.com\/de\/product\/unger-nifty-nabber-40-cm\/#breadcrumb\",\"itemListElement\":[{\"@type\":\"ListItem\",\"position\":1,\"name\":\"Home\",\"item\":\"https:\/\/easyliferobo.com\/de\/\"},{\"@type\":\"ListItem\",\"position\":2,\"name\":\"Shop\",\"item\":\"https:\/\/easyliferobo.com\/de\/shop\/\"},{\"@type\":\"ListItem\",\"position\":3,\"name\":\"Unger Nifty Nabber 40 cm\"}]},{\"@type\":\"WebSite\",\"@id\":\"https:\/\/easyliferobo.com\/de\/#website\",\"url\":\"https:\/\/easyliferobo.com\/de\/\",\"name\":\"EasyLifeBro\",\"description\":\"Smarte Roboter f\u00fcr Zuhause, Garten &amp; Bildung\",\"publisher\":{\"@id\":\"https:\/\/easyliferobo.com\/de\/#organization\"},\"potentialAction\":[{\"@type\":\"SearchAction\",\"target\":{\"@type\":\"EntryPoint\",\"urlTemplate\":\"https:\/\/easyliferobo.com\/de\/?s={search_term_string}\"},\"query-input\":{\"@type\":\"PropertyValueSpecification\",\"valueRequired\":true,\"valueName\":\"search_term_string\"}}],\"inLanguage\":\"de\"},{\"@type\":\"Organization\",\"@id\":\"https:\/\/easyliferobo.com\/de\/#organization\",\"name\":\"EasyLifeBro\",\"url\":\"https:\/\/easyliferobo.com\/de\/\",\"logo\":{\"@type\":\"ImageObject\",\"inLanguage\":\"de\",\"@id\":\"https:\/\/easyliferobo.com\/de\/#\/schema\/logo\/image\/\",\"url\":\"https:\/\/easyliferobo.com\/de\/wp-content\/uploads\/2026\/02\/Screenshot-2026-02-22-at-2.25.03-PM.png\",\"contentUrl\":\"https:\/\/easyliferobo.com\/de\/wp-content\/uploads\/2026\/02\/Screenshot-2026-02-22-at-2.25.03-PM.png\",\"width\":1858,\"height\":430,\"caption\":\"EasyLifeBro\"},\"image\":{\"@id\":\"https:\/\/easyliferobo.com\/de\/#\/schema\/logo\/image\/\"}}]}<\/script>\n<!-- \/ Yoast SEO plugin. -->","yoast_head_json":{"title":"Unger Nifty Nabber 40 cm - EasyLifeBro","description":"Entdecken Sie smarte Roboter f\u00fcr Zuhause, Garten, Bildung und Sicherheit. Vergleichen Sie Saugroboter, Rasenm\u00e4hroboter, KI-Begleitroboter und mehr bei EasyLifeRobo.","robots":{"index":"index","follow":"follow","max-snippet":"max-snippet:-1","max-image-preview":"max-image-preview:large","max-video-preview":"max-video-preview:-1"},"canonical":"https:\/\/easyliferobo.com\/de\/product\/unger-nifty-nabber-40-cm\/","og_locale":"de_DE","og_type":"article","og_title":"Unger Nifty Nabber 40 cm - EasyLifeBro","og_description":"Entdecken Sie smarte Roboter f\u00fcr Zuhause, Garten, Bildung und Sicherheit. Vergleichen Sie Saugroboter, Rasenm\u00e4hroboter, KI-Begleitroboter und mehr bei EasyLifeRobo.","og_url":"https:\/\/easyliferobo.com\/de\/product\/unger-nifty-nabber-40-cm\/","og_site_name":"EasyLifeBro","article_modified_time":"2026-02-22T23:35:39+00:00","og_image":[{"width":1498,"height":1026,"url":"https:\/\/easyliferobo.com\/de\/wp-content\/uploads\/2026\/02\/51Mdu7JqRIL._AC_SL1500_.jpg","type":"image\/jpeg"}],"twitter_card":"summary_large_image","twitter_misc":{"Gesch\u00e4tzte Lesezeit":"2\u00a0Minuten"},"schema":{"@context":"https:\/\/schema.org","@graph":[{"@type":"WebPage","@id":"https:\/\/easyliferobo.com\/de\/product\/unger-nifty-nabber-40-cm\/","url":"https:\/\/easyliferobo.com\/de\/product\/unger-nifty-nabber-40-cm\/","name":"Unger Nifty Nabber 40 cm - EasyLifeBro","isPartOf":{"@id":"https:\/\/easyliferobo.com\/de\/#website"},"primaryImageOfPage":{"@id":"https:\/\/easyliferobo.com\/de\/product\/unger-nifty-nabber-40-cm\/#primaryimage"},"image":{"@id":"https:\/\/easyliferobo.com\/de\/product\/unger-nifty-nabber-40-cm\/#primaryimage"},"thumbnailUrl":"https:\/\/easyliferobo.com\/de\/wp-content\/uploads\/2026\/02\/51Mdu7JqRIL._AC_SL1500_.jpg","datePublished":"2026-02-22T09:58:08+00:00","dateModified":"2026-02-22T23:35:39+00:00","description":"Entdecken Sie smarte Roboter f\u00fcr Zuhause, Garten, Bildung und Sicherheit. Vergleichen Sie Saugroboter, Rasenm\u00e4hroboter, KI-Begleitroboter und mehr bei EasyLifeRobo.","breadcrumb":{"@id":"https:\/\/easyliferobo.com\/de\/product\/unger-nifty-nabber-40-cm\/#breadcrumb"},"inLanguage":"de","potentialAction":[{"@type":"ReadAction","target":["https:\/\/easyliferobo.com\/de\/product\/unger-nifty-nabber-40-cm\/"]}]},{"@type":"ImageObject","inLanguage":"de","@id":"https:\/\/easyliferobo.com\/de\/product\/unger-nifty-nabber-40-cm\/#primaryimage","url":"https:\/\/easyliferobo.com\/de\/wp-content\/uploads\/2026\/02\/51Mdu7JqRIL._AC_SL1500_.jpg","contentUrl":"https:\/\/easyliferobo.com\/de\/wp-content\/uploads\/2026\/02\/51Mdu7JqRIL._AC_SL1500_.jpg","width":1498,"height":1026},{"@type":"BreadcrumbList","@id":"https:\/\/easyliferobo.com\/de\/product\/unger-nifty-nabber-40-cm\/#breadcrumb","itemListElement":[{"@type":"ListItem","position":1,"name":"Home","item":"https:\/\/easyliferobo.com\/de\/"},{"@type":"ListItem","position":2,"name":"Shop","item":"https:\/\/easyliferobo.com\/de\/shop\/"},{"@type":"ListItem","position":3,"name":"Unger Nifty Nabber 40 cm"}]},{"@type":"WebSite","@id":"https:\/\/easyliferobo.com\/de\/#website","url":"https:\/\/easyliferobo.com\/de\/","name":"EasyLifeBro","description":"Smarte Roboter f\u00fcr Zuhause, Garten &amp; Bildung","publisher":{"@id":"https:\/\/easyliferobo.com\/de\/#organization"},"potentialAction":[{"@type":"SearchAction","target":{"@type":"EntryPoint","urlTemplate":"https:\/\/easyliferobo.com\/de\/?s={search_term_string}"},"query-input":{"@type":"PropertyValueSpecification","valueRequired":true,"valueName":"search_term_string"}}],"inLanguage":"de"},{"@type":"Organization","@id":"https:\/\/easyliferobo.com\/de\/#organization","name":"EasyLifeBro","url":"https:\/\/easyliferobo.com\/de\/","logo":{"@type":"ImageObject","inLanguage":"de","@id":"https:\/\/easyliferobo.com\/de\/#\/schema\/logo\/image\/","url":"https:\/\/easyliferobo.com\/de\/wp-content\/uploads\/2026\/02\/Screenshot-2026-02-22-at-2.25.03-PM.png","contentUrl":"https:\/\/easyliferobo.com\/de\/wp-content\/uploads\/2026\/02\/Screenshot-2026-02-22-at-2.25.03-PM.png","width":1858,"height":430,"caption":"EasyLifeBro"},"image":{"@id":"https:\/\/easyliferobo.com\/de\/#\/schema\/logo\/image\/"}}]}},"_links":{"self":[{"href":"https:\/\/easyliferobo.com\/de\/wp-json\/wp\/v2\/product\/589","targetHints":{"allow":["GET"]}}],"collection":[{"href":"https:\/\/easyliferobo.com\/de\/wp-json\/wp\/v2\/product"}],"about":[{"href":"https:\/\/easyliferobo.com\/de\/wp-json\/wp\/v2\/types\/product"}],"replies":[{"embeddable":true,"href":"https:\/\/easyliferobo.com\/de\/wp-json\/wp\/v2\/comments?post=589"}],"wp:featuredmedia":[{"embeddable":true,"href":"https:\/\/easyliferobo.com\/de\/wp-json\/wp\/v2\/media\/590"}],"wp:attachment":[{"href":"https:\/\/easyliferobo.com\/de\/wp-json\/wp\/v2\/media?parent=589"}],"wp:term":[{"taxonomy":"store","embeddable":true,"href":"https:\/\/easyliferobo.com\/de\/wp-json\/wp\/v2\/store?post=589"},{"taxonomy":"product_brand","embeddable":true,"href":"https:\/\/easyliferobo.com\/de\/wp-json\/wp\/v2\/product_brand?post=589"},{"taxonomy":"product_cat","embeddable":true,"href":"https:\/\/easyliferobo.com\/de\/wp-json\/wp\/v2\/product_cat?post=589"},{"taxonomy":"product_tag","embeddable":true,"href":"https:\/\/easyliferobo.com\/de\/wp-json\/wp\/v2\/product_tag?post=589"}],"curies":[{"name":"wp","href":"https:\/\/api.w.org\/{rel}","templated":true}]}}