
{"id":571,"date":"2026-02-22T09:55:23","date_gmt":"2026-02-22T09:55:23","guid":{"rendered":"https:\/\/easyliferobo.com\/de\/product\/dji-mini-4k-drohne-mit-4k-uhd-kamera-fuer-erwachsene-3-achsen-gimbal-stabilisierung-c0-quickshots-10-km-videouebertragung-automatische-rueckkehr-windbestaendig-1-akku-31-min-flugzeit-unter\/"},"modified":"2026-02-22T09:55:42","modified_gmt":"2026-02-22T09:55:42","slug":"dji-mini-4k-drohne-mit-4k-uhd-kamera-fuer-erwachsene-3-achsen-gimbal-stabilisierung-c0-quickshots-10-km-videouebertragung-automatische-rueckkehr-windbestaendig-1-akku-31-min-flugzeit-unter","status":"publish","type":"product","link":"https:\/\/easyliferobo.com\/de\/product\/dji-mini-4k-drohne-mit-4k-uhd-kamera-fuer-erwachsene-3-achsen-gimbal-stabilisierung-c0-quickshots-10-km-videouebertragung-automatische-rueckkehr-windbestaendig-1-akku-31-min-flugzeit-unter\/","title":{"rendered":"DJI Mini 4K-Drohne mit 4K-UHD-Kamer..."},"content":{"rendered":"<p>    <span>\u00dcberblick: <br \/>DJI Mini 4K ist eine unglaubliche L\u00f6sung, um Ihre Welt in 4K vom Himmel aus einzufangen. Bei einem Gewicht unter 249 Gramm sind in den meisten L\u00e4ndern keine Tests erforderlich. * Au\u00dferdem ist es unglaublich einfach zu bedienen, mit einer maximalen Flugzeit von 31 Minuten, einer maximalen \u00dcbertragungsentfernung von 10 km, beeindruckenden 4K-Aufnahmen und vielem mehr. <br \/>Notiz: <br \/>* Aktivieren Sie DJI Mini 4K in der DJI Fly-App: Besuchen Sie die offizielle Website, um die DJI Fly-App herunterzuladen. <br \/>** \u00dcberpr\u00fcfen Sie vor jedem Flug alle \u00f6rtlichen Gesetze und Vorschriften. <br \/>*** Daten, die mit einem Produktionsmodell des DJI Mini 4K in einer kontrollierten Umgebung gesammelt wurden. Das tats\u00e4chliche Erlebnis kann je nach Umgebung, Nutzungsmethode und Firmware-Version variieren. <br \/>**** Alle Videos und Fotos auf dieser Seite wurden unter strikter Einhaltung der \u00f6rtlichen Gesetze und Vorschriften erstellt. <br \/>Schritt 1: Standardflugzeuggewicht (einschlie\u00dflich Smart-Flugbatterie, Propeller und microSD-Karte). Das tats\u00e4chliche Produktgewicht kann aufgrund geringf\u00fcgiger Materialunterschiede und externer Faktoren variieren. In bestimmten L\u00e4ndern oder Regionen sind keine \u00dcberpr\u00fcfung und Schulung erforderlich. Beachten Sie vor der Verwendung stets die \u00f6rtlichen Gesetze und Vorschriften. <br \/>Schritt 2: FCC-konform und in einer st\u00f6rungsfreien Au\u00dfenumgebung getestet. <br \/>Schritt 3: Die Flugzeit wurde in einer kontrollierten Testumgebung gemessen. Die konkreten Testbedingungen sind wie folgt: Vorw\u00e4rtsflug mit einer konstanten Geschwindigkeit von 17 km\/h in einer windfreien Laborumgebung, im Fotomodus (ohne Fotos w\u00e4hrend des Fluges aufzunehmen) und von 100 % des Akkustands bis zu 0 %. Unter bisherigen Bedingungen k\u00f6nnen Sie eine maximale Akkulaufzeit von 62 Minuten erreichen, indem Sie den Akku 1 Mal austauschen, bzw. 93 Minuten, indem Sie ihn 2 Mal austauschen. <br \/><\/span>    <br \/>Unter 249g &#038; C0: DJI Mini 4K f\u00e4llt in A1\/A3 und ist ideal f\u00fcr spontane Fl\u00fcge in Stadt und Natur. Als Mini-Drohne ist sie ultrakompakt, leise und einsatzbereit; Mit den Kameradrohnen DJI Mini 4k k\u00f6nnen Sie auf Reisen oder im Alltag m\u00fchelos stabile Aufnahmen machen.<br \/>Kristallklare Luftaufnahmen mit 4K UHD \u2013 Der mechanische 3-Achsen-Gimbal sorgt f\u00fcr ruhige Bilder, egal ob als Kameradrohne f\u00fcr Natur, Stadt oder Vlogging. Perfekt als Drohne mit 4K-Kamera.<br \/>Sicheres Livebild bis zu 10 km f\u00fcr klare Vorschau und pr\u00e4zise Motivauswahl \u2013 ideal f\u00fcr weite Landschaften. Als kompakter Quadrocopter bleibt der Mini 4K pr\u00e4zise steuerbar. Die Drohne mit Kamera beh\u00e4lt Routen und POIs zuverl\u00e4ssig im Blick.<br \/>Ununterbrochenes Filmen mit w\u00e4hlbarer Laufzeit: 31\/62\/93 Min. (1-3 Akkus). So erfasst der DJI Mini 4K l\u00e4ngere Sequenzen ohne h\u00e4ufige Landungen. Als flexible Drohne mit 4K-Kamera eignet sie sich ideal f\u00fcr Wochenendausfl\u00fcge, Stadtrundfahrten und Familienausfl\u00fcge.<br \/>GPS-unterst\u00fctzte R\u00fcckkehr (RTH), pr\u00e4zises Schweben und One-Touch-Start\/Landung geben Sicherheit. Als DJI-Drohne ist die Mini 4K besonders einsteigerfreundlich; Die Drohne erleichtert das Lernen und sorgt f\u00fcr entspanntes Fliegen mit klaren Ergebnissen.<br \/>QuickShots (Helix, Dronie, Rocket, Circle, Boomerang) erstellen automatisch stilvolle Clips \u2013 ideal f\u00fcr soziale Medien und Reisen. So k\u00f6nnen Sie die Drohne mit Kamera nutzen.<br \/>Lieferumfang: Mini 4K, 1 Akku, Fernbedienung RC-N1C \u2013 alles f\u00fcr m\u00fchelose 4K-Fl\u00fcge. Perfekt f\u00fcr Reisen, Outdoor, Camping und Familie \u2013 eine leichte Kameradrohne f\u00fcr jeden Tag.<br \/>Hinweise: Je nach Verwendungszweck der Drohne k\u00f6nnen die jeweiligen gesetzlichen Regelungen variieren. Zu Ihrer Sicherheit sollten Sie sich vorab \u00fcber die aktuellen \u00f6rtlichen Gesetze und Vorschriften informieren und diese strikt einhalten.<\/p>\n<p>[ad_2]<\/p>\n","protected":false},"excerpt":{"rendered":"<p>\u00dcberblick: DJI Mini 4K ist eine unglaubliche L\u00f6sung, um Ihre Welt in 4K vom Himmel aus einzufangen. Bei einem Gewicht unter 249 Gramm sind in den meisten L\u00e4ndern keine Tests erforderlich. * Au\u00dferdem ist es unglaublich einfach zu bedienen, mit einer maximalen Flugzeit von 31 Minuten, einer maximalen \u00dcbertragungsentfernung von 10 km, beeindruckenden 4K-Aufnahmen und [&hellip;]<\/p>\n","protected":false},"featured_media":572,"comment_status":"open","ping_status":"closed","template":"","meta":{"_aipt_faq_data":""},"store":[],"product_brand":[165],"product_cat":[103],"product_tag":[167],"class_list":{"0":"post-571","1":"product","2":"type-product","3":"status-publish","4":"has-post-thumbnail","6":"product_brand-dji","7":"product_cat-kamera-drohnen","8":"product_tag-kamera-drohnen-mit-4k-kamera","10":"first","11":"instock","12":"sale","13":"shipping-taxable","14":"product-type-external"},"yoast_head":"<!-- This site is optimized with the Yoast SEO plugin v27.4 - https:\/\/yoast.com\/product\/yoast-seo-wordpress\/ -->\n<title>DJI Mini 4K-Drohne mit 4K-UHD-Kamera f\u00fcr Erwachsene, 3-Achsen-Gimbal-Stabilisierung, C0, QuickShots, 10 km Video\u00fcbertragung, automatische R\u00fcckkehr, windbest\u00e4ndig, 1 Akku (31 Min. Flugzeit), unter 249 g - EasyLifeBro<\/title>\n<meta name=\"description\" content=\"Entdecken Sie smarte Roboter f\u00fcr Zuhause, Garten, Bildung und Sicherheit. Vergleichen Sie Saugroboter, Rasenm\u00e4hroboter, KI-Begleitroboter und mehr bei EasyLifeRobo.\" \/>\n<meta name=\"robots\" content=\"index, follow, max-snippet:-1, max-image-preview:large, max-video-preview:-1\" \/>\n<link rel=\"canonical\" href=\"https:\/\/easyliferobo.com\/de\/product\/dji-mini-4k-drohne-mit-4k-uhd-kamera-fuer-erwachsene-3-achsen-gimbal-stabilisierung-c0-quickshots-10-km-videouebertragung-automatische-rueckkehr-windbestaendig-1-akku-31-min-flugzeit-unter\/\" \/>\n<meta property=\"og:locale\" content=\"de_DE\" \/>\n<meta property=\"og:type\" content=\"article\" \/>\n<meta property=\"og:title\" content=\"DJI Mini 4K-Drohne mit 4K-UHD-Kamera f\u00fcr Erwachsene, 3-Achsen-Gimbal-Stabilisierung, C0, QuickShots, 10 km Video\u00fcbertragung, automatische R\u00fcckkehr, windbest\u00e4ndig, 1 Akku (31 Min. Flugzeit), unter 249 g - EasyLifeBro\" \/>\n<meta property=\"og:description\" content=\"Entdecken Sie smarte Roboter f\u00fcr Zuhause, Garten, Bildung und Sicherheit. Vergleichen Sie Saugroboter, Rasenm\u00e4hroboter, KI-Begleitroboter und mehr bei EasyLifeRobo.\" \/>\n<meta property=\"og:url\" content=\"https:\/\/easyliferobo.com\/de\/product\/dji-mini-4k-drohne-mit-4k-uhd-kamera-fuer-erwachsene-3-achsen-gimbal-stabilisierung-c0-quickshots-10-km-videouebertragung-automatische-rueckkehr-windbestaendig-1-akku-31-min-flugzeit-unter\/\" \/>\n<meta property=\"og:site_name\" content=\"EasyLifeBro\" \/>\n<meta property=\"article:modified_time\" content=\"2026-02-22T09:55:42+00:00\" \/>\n<meta property=\"og:image\" content=\"https:\/\/easyliferobo.com\/de\/wp-content\/uploads\/2026\/02\/61WJJIKAGL._AC_SL1500_.jpg\" \/>\n\t<meta property=\"og:image:width\" content=\"1500\" \/>\n\t<meta property=\"og:image:height\" content=\"1232\" \/>\n\t<meta property=\"og:image:type\" content=\"image\/jpeg\" \/>\n<meta name=\"twitter:card\" content=\"summary_large_image\" \/>\n<meta name=\"twitter:label1\" content=\"Gesch\u00e4tzte Lesezeit\" \/>\n\t<meta name=\"twitter:data1\" content=\"3\u00a0Minuten\" \/>\n<script type=\"application\/ld+json\" class=\"yoast-schema-graph\">{\"@context\":\"https:\\\/\\\/schema.org\",\"@graph\":[{\"@type\":\"WebPage\",\"@id\":\"https:\\\/\\\/easyliferobo.com\\\/de\\\/product\\\/dji-mini-4k-drohne-mit-4k-uhd-kamera-fuer-erwachsene-3-achsen-gimbal-stabilisierung-c0-quickshots-10-km-videouebertragung-automatische-rueckkehr-windbestaendig-1-akku-31-min-flugzeit-unter\\\/\",\"url\":\"https:\\\/\\\/easyliferobo.com\\\/de\\\/product\\\/dji-mini-4k-drohne-mit-4k-uhd-kamera-fuer-erwachsene-3-achsen-gimbal-stabilisierung-c0-quickshots-10-km-videouebertragung-automatische-rueckkehr-windbestaendig-1-akku-31-min-flugzeit-unter\\\/\",\"name\":\"DJI Mini 4K-Drohne mit 4K-UHD-Kamera f\u00fcr Erwachsene, 3-Achsen-Gimbal-Stabilisierung, C0, QuickShots, 10 km Video\u00fcbertragung, automatische R\u00fcckkehr, windbest\u00e4ndig, 1 Akku (31 Min. Flugzeit), unter 249 g - EasyLifeBro\",\"isPartOf\":{\"@id\":\"https:\\\/\\\/easyliferobo.com\\\/de\\\/#website\"},\"primaryImageOfPage\":{\"@id\":\"https:\\\/\\\/easyliferobo.com\\\/de\\\/product\\\/dji-mini-4k-drohne-mit-4k-uhd-kamera-fuer-erwachsene-3-achsen-gimbal-stabilisierung-c0-quickshots-10-km-videouebertragung-automatische-rueckkehr-windbestaendig-1-akku-31-min-flugzeit-unter\\\/#primaryimage\"},\"image\":{\"@id\":\"https:\\\/\\\/easyliferobo.com\\\/de\\\/product\\\/dji-mini-4k-drohne-mit-4k-uhd-kamera-fuer-erwachsene-3-achsen-gimbal-stabilisierung-c0-quickshots-10-km-videouebertragung-automatische-rueckkehr-windbestaendig-1-akku-31-min-flugzeit-unter\\\/#primaryimage\"},\"thumbnailUrl\":\"https:\\\/\\\/easyliferobo.com\\\/de\\\/wp-content\\\/uploads\\\/2026\\\/02\\\/61WJJIKAGL._AC_SL1500_.jpg\",\"datePublished\":\"2026-02-22T09:55:23+00:00\",\"dateModified\":\"2026-02-22T09:55:42+00:00\",\"description\":\"Entdecken Sie smarte Roboter f\u00fcr Zuhause, Garten, Bildung und Sicherheit. Vergleichen Sie Saugroboter, Rasenm\u00e4hroboter, KI-Begleitroboter und mehr bei EasyLifeRobo.\",\"breadcrumb\":{\"@id\":\"https:\\\/\\\/easyliferobo.com\\\/de\\\/product\\\/dji-mini-4k-drohne-mit-4k-uhd-kamera-fuer-erwachsene-3-achsen-gimbal-stabilisierung-c0-quickshots-10-km-videouebertragung-automatische-rueckkehr-windbestaendig-1-akku-31-min-flugzeit-unter\\\/#breadcrumb\"},\"inLanguage\":\"de\",\"potentialAction\":[{\"@type\":\"ReadAction\",\"target\":[\"https:\\\/\\\/easyliferobo.com\\\/de\\\/product\\\/dji-mini-4k-drohne-mit-4k-uhd-kamera-fuer-erwachsene-3-achsen-gimbal-stabilisierung-c0-quickshots-10-km-videouebertragung-automatische-rueckkehr-windbestaendig-1-akku-31-min-flugzeit-unter\\\/\"]}]},{\"@type\":\"ImageObject\",\"inLanguage\":\"de\",\"@id\":\"https:\\\/\\\/easyliferobo.com\\\/de\\\/product\\\/dji-mini-4k-drohne-mit-4k-uhd-kamera-fuer-erwachsene-3-achsen-gimbal-stabilisierung-c0-quickshots-10-km-videouebertragung-automatische-rueckkehr-windbestaendig-1-akku-31-min-flugzeit-unter\\\/#primaryimage\",\"url\":\"https:\\\/\\\/easyliferobo.com\\\/de\\\/wp-content\\\/uploads\\\/2026\\\/02\\\/61WJJIKAGL._AC_SL1500_.jpg\",\"contentUrl\":\"https:\\\/\\\/easyliferobo.com\\\/de\\\/wp-content\\\/uploads\\\/2026\\\/02\\\/61WJJIKAGL._AC_SL1500_.jpg\",\"width\":1500,\"height\":1232},{\"@type\":\"BreadcrumbList\",\"@id\":\"https:\\\/\\\/easyliferobo.com\\\/de\\\/product\\\/dji-mini-4k-drohne-mit-4k-uhd-kamera-fuer-erwachsene-3-achsen-gimbal-stabilisierung-c0-quickshots-10-km-videouebertragung-automatische-rueckkehr-windbestaendig-1-akku-31-min-flugzeit-unter\\\/#breadcrumb\",\"itemListElement\":[{\"@type\":\"ListItem\",\"position\":1,\"name\":\"Home\",\"item\":\"https:\\\/\\\/easyliferobo.com\\\/de\\\/\"},{\"@type\":\"ListItem\",\"position\":2,\"name\":\"Shop\",\"item\":\"https:\\\/\\\/easyliferobo.com\\\/de\\\/shop\\\/\"},{\"@type\":\"ListItem\",\"position\":3,\"name\":\"DJI Mini 4K-Drohne mit 4K-UHD-Kamer...\"}]},{\"@type\":\"WebSite\",\"@id\":\"https:\\\/\\\/easyliferobo.com\\\/de\\\/#website\",\"url\":\"https:\\\/\\\/easyliferobo.com\\\/de\\\/\",\"name\":\"EasyLifeBro\",\"description\":\"Smarte Roboter f\u00fcr Zuhause, Garten &amp; Bildung\",\"publisher\":{\"@id\":\"https:\\\/\\\/easyliferobo.com\\\/de\\\/#organization\"},\"potentialAction\":[{\"@type\":\"SearchAction\",\"target\":{\"@type\":\"EntryPoint\",\"urlTemplate\":\"https:\\\/\\\/easyliferobo.com\\\/de\\\/?s={search_term_string}\"},\"query-input\":{\"@type\":\"PropertyValueSpecification\",\"valueRequired\":true,\"valueName\":\"search_term_string\"}}],\"inLanguage\":\"de\"},{\"@type\":\"Organization\",\"@id\":\"https:\\\/\\\/easyliferobo.com\\\/de\\\/#organization\",\"name\":\"EasyLifeBro\",\"url\":\"https:\\\/\\\/easyliferobo.com\\\/de\\\/\",\"logo\":{\"@type\":\"ImageObject\",\"inLanguage\":\"de\",\"@id\":\"https:\\\/\\\/easyliferobo.com\\\/de\\\/#\\\/schema\\\/logo\\\/image\\\/\",\"url\":\"https:\\\/\\\/easyliferobo.com\\\/de\\\/wp-content\\\/uploads\\\/2026\\\/02\\\/Screenshot-2026-02-22-at-2.25.03-PM.png\",\"contentUrl\":\"https:\\\/\\\/easyliferobo.com\\\/de\\\/wp-content\\\/uploads\\\/2026\\\/02\\\/Screenshot-2026-02-22-at-2.25.03-PM.png\",\"width\":1858,\"height\":430,\"caption\":\"EasyLifeBro\"},\"image\":{\"@id\":\"https:\\\/\\\/easyliferobo.com\\\/de\\\/#\\\/schema\\\/logo\\\/image\\\/\"}}]}<\/script>\n<!-- \/ Yoast SEO plugin. -->","yoast_head_json":{"title":"DJI Mini 4K-Drohne mit 4K-UHD-Kamera f\u00fcr Erwachsene, 3-Achsen-Gimbal-Stabilisierung, C0, QuickShots, 10 km Video\u00fcbertragung, automatische R\u00fcckkehr, windbest\u00e4ndig, 1 Akku (31 Min. Flugzeit), unter 249 g - EasyLifeBro","description":"Entdecken Sie smarte Roboter f\u00fcr Zuhause, Garten, Bildung und Sicherheit. Vergleichen Sie Saugroboter, Rasenm\u00e4hroboter, KI-Begleitroboter und mehr bei EasyLifeRobo.","robots":{"index":"index","follow":"follow","max-snippet":"max-snippet:-1","max-image-preview":"max-image-preview:large","max-video-preview":"max-video-preview:-1"},"canonical":"https:\/\/easyliferobo.com\/de\/product\/dji-mini-4k-drohne-mit-4k-uhd-kamera-fuer-erwachsene-3-achsen-gimbal-stabilisierung-c0-quickshots-10-km-videouebertragung-automatische-rueckkehr-windbestaendig-1-akku-31-min-flugzeit-unter\/","og_locale":"de_DE","og_type":"article","og_title":"DJI Mini 4K-Drohne mit 4K-UHD-Kamera f\u00fcr Erwachsene, 3-Achsen-Gimbal-Stabilisierung, C0, QuickShots, 10 km Video\u00fcbertragung, automatische R\u00fcckkehr, windbest\u00e4ndig, 1 Akku (31 Min. Flugzeit), unter 249 g - EasyLifeBro","og_description":"Entdecken Sie smarte Roboter f\u00fcr Zuhause, Garten, Bildung und Sicherheit. Vergleichen Sie Saugroboter, Rasenm\u00e4hroboter, KI-Begleitroboter und mehr bei EasyLifeRobo.","og_url":"https:\/\/easyliferobo.com\/de\/product\/dji-mini-4k-drohne-mit-4k-uhd-kamera-fuer-erwachsene-3-achsen-gimbal-stabilisierung-c0-quickshots-10-km-videouebertragung-automatische-rueckkehr-windbestaendig-1-akku-31-min-flugzeit-unter\/","og_site_name":"EasyLifeBro","article_modified_time":"2026-02-22T09:55:42+00:00","og_image":[{"width":1500,"height":1232,"url":"https:\/\/easyliferobo.com\/de\/wp-content\/uploads\/2026\/02\/61WJJIKAGL._AC_SL1500_.jpg","type":"image\/jpeg"}],"twitter_card":"summary_large_image","twitter_misc":{"Gesch\u00e4tzte Lesezeit":"3\u00a0Minuten"},"schema":{"@context":"https:\/\/schema.org","@graph":[{"@type":"WebPage","@id":"https:\/\/easyliferobo.com\/de\/product\/dji-mini-4k-drohne-mit-4k-uhd-kamera-fuer-erwachsene-3-achsen-gimbal-stabilisierung-c0-quickshots-10-km-videouebertragung-automatische-rueckkehr-windbestaendig-1-akku-31-min-flugzeit-unter\/","url":"https:\/\/easyliferobo.com\/de\/product\/dji-mini-4k-drohne-mit-4k-uhd-kamera-fuer-erwachsene-3-achsen-gimbal-stabilisierung-c0-quickshots-10-km-videouebertragung-automatische-rueckkehr-windbestaendig-1-akku-31-min-flugzeit-unter\/","name":"DJI Mini 4K-Drohne mit 4K-UHD-Kamera f\u00fcr Erwachsene, 3-Achsen-Gimbal-Stabilisierung, C0, QuickShots, 10 km Video\u00fcbertragung, automatische R\u00fcckkehr, windbest\u00e4ndig, 1 Akku (31 Min. Flugzeit), unter 249 g - EasyLifeBro","isPartOf":{"@id":"https:\/\/easyliferobo.com\/de\/#website"},"primaryImageOfPage":{"@id":"https:\/\/easyliferobo.com\/de\/product\/dji-mini-4k-drohne-mit-4k-uhd-kamera-fuer-erwachsene-3-achsen-gimbal-stabilisierung-c0-quickshots-10-km-videouebertragung-automatische-rueckkehr-windbestaendig-1-akku-31-min-flugzeit-unter\/#primaryimage"},"image":{"@id":"https:\/\/easyliferobo.com\/de\/product\/dji-mini-4k-drohne-mit-4k-uhd-kamera-fuer-erwachsene-3-achsen-gimbal-stabilisierung-c0-quickshots-10-km-videouebertragung-automatische-rueckkehr-windbestaendig-1-akku-31-min-flugzeit-unter\/#primaryimage"},"thumbnailUrl":"https:\/\/easyliferobo.com\/de\/wp-content\/uploads\/2026\/02\/61WJJIKAGL._AC_SL1500_.jpg","datePublished":"2026-02-22T09:55:23+00:00","dateModified":"2026-02-22T09:55:42+00:00","description":"Entdecken Sie smarte Roboter f\u00fcr Zuhause, Garten, Bildung und Sicherheit. Vergleichen Sie Saugroboter, Rasenm\u00e4hroboter, KI-Begleitroboter und mehr bei EasyLifeRobo.","breadcrumb":{"@id":"https:\/\/easyliferobo.com\/de\/product\/dji-mini-4k-drohne-mit-4k-uhd-kamera-fuer-erwachsene-3-achsen-gimbal-stabilisierung-c0-quickshots-10-km-videouebertragung-automatische-rueckkehr-windbestaendig-1-akku-31-min-flugzeit-unter\/#breadcrumb"},"inLanguage":"de","potentialAction":[{"@type":"ReadAction","target":["https:\/\/easyliferobo.com\/de\/product\/dji-mini-4k-drohne-mit-4k-uhd-kamera-fuer-erwachsene-3-achsen-gimbal-stabilisierung-c0-quickshots-10-km-videouebertragung-automatische-rueckkehr-windbestaendig-1-akku-31-min-flugzeit-unter\/"]}]},{"@type":"ImageObject","inLanguage":"de","@id":"https:\/\/easyliferobo.com\/de\/product\/dji-mini-4k-drohne-mit-4k-uhd-kamera-fuer-erwachsene-3-achsen-gimbal-stabilisierung-c0-quickshots-10-km-videouebertragung-automatische-rueckkehr-windbestaendig-1-akku-31-min-flugzeit-unter\/#primaryimage","url":"https:\/\/easyliferobo.com\/de\/wp-content\/uploads\/2026\/02\/61WJJIKAGL._AC_SL1500_.jpg","contentUrl":"https:\/\/easyliferobo.com\/de\/wp-content\/uploads\/2026\/02\/61WJJIKAGL._AC_SL1500_.jpg","width":1500,"height":1232},{"@type":"BreadcrumbList","@id":"https:\/\/easyliferobo.com\/de\/product\/dji-mini-4k-drohne-mit-4k-uhd-kamera-fuer-erwachsene-3-achsen-gimbal-stabilisierung-c0-quickshots-10-km-videouebertragung-automatische-rueckkehr-windbestaendig-1-akku-31-min-flugzeit-unter\/#breadcrumb","itemListElement":[{"@type":"ListItem","position":1,"name":"Home","item":"https:\/\/easyliferobo.com\/de\/"},{"@type":"ListItem","position":2,"name":"Shop","item":"https:\/\/easyliferobo.com\/de\/shop\/"},{"@type":"ListItem","position":3,"name":"DJI Mini 4K-Drohne mit 4K-UHD-Kamer..."}]},{"@type":"WebSite","@id":"https:\/\/easyliferobo.com\/de\/#website","url":"https:\/\/easyliferobo.com\/de\/","name":"EasyLifeBro","description":"Smarte Roboter f\u00fcr Zuhause, Garten &amp; Bildung","publisher":{"@id":"https:\/\/easyliferobo.com\/de\/#organization"},"potentialAction":[{"@type":"SearchAction","target":{"@type":"EntryPoint","urlTemplate":"https:\/\/easyliferobo.com\/de\/?s={search_term_string}"},"query-input":{"@type":"PropertyValueSpecification","valueRequired":true,"valueName":"search_term_string"}}],"inLanguage":"de"},{"@type":"Organization","@id":"https:\/\/easyliferobo.com\/de\/#organization","name":"EasyLifeBro","url":"https:\/\/easyliferobo.com\/de\/","logo":{"@type":"ImageObject","inLanguage":"de","@id":"https:\/\/easyliferobo.com\/de\/#\/schema\/logo\/image\/","url":"https:\/\/easyliferobo.com\/de\/wp-content\/uploads\/2026\/02\/Screenshot-2026-02-22-at-2.25.03-PM.png","contentUrl":"https:\/\/easyliferobo.com\/de\/wp-content\/uploads\/2026\/02\/Screenshot-2026-02-22-at-2.25.03-PM.png","width":1858,"height":430,"caption":"EasyLifeBro"},"image":{"@id":"https:\/\/easyliferobo.com\/de\/#\/schema\/logo\/image\/"}}]}},"_links":{"self":[{"href":"https:\/\/easyliferobo.com\/de\/wp-json\/wp\/v2\/product\/571","targetHints":{"allow":["GET"]}}],"collection":[{"href":"https:\/\/easyliferobo.com\/de\/wp-json\/wp\/v2\/product"}],"about":[{"href":"https:\/\/easyliferobo.com\/de\/wp-json\/wp\/v2\/types\/product"}],"replies":[{"embeddable":true,"href":"https:\/\/easyliferobo.com\/de\/wp-json\/wp\/v2\/comments?post=571"}],"wp:featuredmedia":[{"embeddable":true,"href":"https:\/\/easyliferobo.com\/de\/wp-json\/wp\/v2\/media\/572"}],"wp:attachment":[{"href":"https:\/\/easyliferobo.com\/de\/wp-json\/wp\/v2\/media?parent=571"}],"wp:term":[{"taxonomy":"store","embeddable":true,"href":"https:\/\/easyliferobo.com\/de\/wp-json\/wp\/v2\/store?post=571"},{"taxonomy":"product_brand","embeddable":true,"href":"https:\/\/easyliferobo.com\/de\/wp-json\/wp\/v2\/product_brand?post=571"},{"taxonomy":"product_cat","embeddable":true,"href":"https:\/\/easyliferobo.com\/de\/wp-json\/wp\/v2\/product_cat?post=571"},{"taxonomy":"product_tag","embeddable":true,"href":"https:\/\/easyliferobo.com\/de\/wp-json\/wp\/v2\/product_tag?post=571"}],"curies":[{"name":"wp","href":"https:\/\/api.w.org\/{rel}","templated":true}]}}