
{"id":563,"date":"2026-02-22T09:53:51","date_gmt":"2026-02-22T09:53:51","guid":{"rendered":"https:\/\/easyliferobo.com\/de\/product\/dji-mini-4k-kamera-drohnen-kombination-mit-4k-uhd-kamera-fuer-erwachsene-3-achsen-gimbal-stabilisierung-10-km-videouebertragung-automatische-rueckkehr-windbestaendig-2-batterien-62-min-flugzeit\/"},"modified":"2026-02-22T23:35:39","modified_gmt":"2026-02-22T23:35:39","slug":"dji-mini-4k-kamera-drohnen-kombination-mit-4k-uhd-kamera-fuer-erwachsene-3-achsen-gimbal-stabilisierung-10-km-videouebertragung-automatische-rueckkehr-windbestaendig-2-batterien-62-min-flugzeit","status":"publish","type":"product","link":"https:\/\/easyliferobo.com\/de\/product\/dji-mini-4k-kamera-drohnen-kombination-mit-4k-uhd-kamera-fuer-erwachsene-3-achsen-gimbal-stabilisierung-10-km-videouebertragung-automatische-rueckkehr-windbestaendig-2-batterien-62-min-flugzeit\/","title":{"rendered":"DJI Mini 4K-Kamera-Drohnen-Kombinat..."},"content":{"rendered":"<p>    <span>Aufgrund des Plattformkompatibilit\u00e4tsproblems wurde die DJI Fly-App aus Google Play entfernt. Um eine bessere Produktnutzung zu gew\u00e4hrleisten, melden Sie sich bitte auf der offiziellen DJI-Website an, um die neueste Version von DJI Fly herunterzuladen. <br \/>\u00dcberblick: <br \/>DJI Mini 4K ist eine unglaubliche M\u00f6glichkeit, Ihre Luftwelt in 4K einzufangen. Bei einem Gewicht unter 249 Gramm ist in den meisten L\u00e4ndern kein Test erforderlich. * Au\u00dferdem ist es erstaunlich einfach zu bedienen, mit einer maximalen Flugzeit von 31 Minuten, einer maximalen \u00dcbertragungsreichweite von 10 km, unglaublichen 4K-Aufnahmen und vielem mehr. <br \/>Hinweise: <br \/>1. Standardflugzeuggewicht (einschlie\u00dflich intelligenter Flugbatterie, Propeller und microSD-Karte). Das tats\u00e4chliche Produktgewicht kann aufgrund unterschiedlicher Chargenmaterialien und externer Faktoren variieren. In den meisten L\u00e4ndern und Regionen ist zum Fliegen dieses Produkts keine Schulung oder Pr\u00fcfung erforderlich. \u00dcberpr\u00fcfen Sie vor der Verwendung stets die \u00f6rtlichen Gesetze und Vorschriften. <br \/>2. FCC-konform und in einer offenen Au\u00dfenumgebung ohne St\u00f6rungen getestet. <br \/>3. Die Flugzeit wird in einer kontrollierten Testumgebung gemessen. Spezifische Testbedingungen sind wie folgt: Vorw\u00e4rtsflug mit einer konstanten Geschwindigkeit von 17 km\/h in einer windstillen Laborumgebung, im Fotomodus (ohne Fotoaufnahme w\u00e4hrend des Fluges) und von 100 % Akkustand auf 0 %. Unter den bisherigen Bedingungen kann eine maximale Reichweite von 62 Minuten bei einmaligem Batteriewechsel bzw. 93 Minuten bei zweimaligem Batteriewechsel erreicht werden. <br \/>* DJI Mini 4K muss in der DJI Fly-App aktiviert sein. Bitte besuchen Sie die offizielle Website, um die DJI Fly-App vor der Verwendung herunterzuladen. <br \/>** Bitte \u00fcberpr\u00fcfen Sie vor dem Flug die \u00f6rtlichen Gesetze und Vorschriften und halten Sie sich strikt an diese. <br \/>*** Getestet mit einem Serienmodell DJI Mini 4K in einer kontrollierten Umgebung. Das tats\u00e4chliche Erlebnis kann je nach Umgebung, Nutzung und Firmware-Version variieren. <br \/>**** Alle Videos und Fotos auf dieser Seite wurden unter strikter Einhaltung der \u00f6rtlichen Gesetze und Vorschriften aufgenommen.<\/span>    <br \/>Unter 249g &#038; C0: DJI Mini 4K f\u00e4llt in A1\/A3 und ist ideal f\u00fcr spontane Fl\u00fcge in Stadt und Natur. Als Mini-Drohne ist sie ultrakompakt, leise und einsatzbereit; Mit den Kameradrohnen DJI Mini 4k k\u00f6nnen Sie auf Reisen oder im Alltag m\u00fchelos stabile Aufnahmen machen.<br \/>Kristallklare Luftaufnahmen mit 4K UHD \u2013 Der mechanische 3-Achsen-Gimbal sorgt f\u00fcr ruhige Bilder, egal ob als Kameradrohne f\u00fcr Natur, Stadt oder Vlogging. Perfekt als Drohne mit 4K-Kamera.<br \/>Sicheres Livebild bis zu 10 km f\u00fcr klare Vorschau und pr\u00e4zise Motivauswahl \u2013 ideal f\u00fcr weite Landschaften. Als kompakter Quadrocopter bleibt der Mini 4K pr\u00e4zise steuerbar. Die Drohne mit Kamera beh\u00e4lt Routen und POIs zuverl\u00e4ssig im Blick.<br \/>Ununterbrochenes Filmen mit w\u00e4hlbarer Laufzeit: 31\/62\/93 Min. (1-3 Akkus). So erfasst der DJI Mini 4K l\u00e4ngere Sequenzen ohne h\u00e4ufige Landungen. Als flexible Drohne mit 4K-Kamera eignet sie sich ideal f\u00fcr Wochenendausfl\u00fcge, Stadtrundfahrten und Familienausfl\u00fcge.<br \/>GPS-unterst\u00fctzte R\u00fcckkehr (RTH), pr\u00e4zises Schweben und One-Touch-Start\/Landung geben Sicherheit. Als DJI-Drohne ist die Mini 4K besonders einsteigerfreundlich; Die Drohne erleichtert das Lernen und sorgt f\u00fcr entspanntes Fliegen mit klaren Ergebnissen.<br \/>QuickShots (Helix, Dronie, Rocket, Circle, Boomerang) erstellen automatisch stilvolle Clips \u2013 ideal f\u00fcr soziale Medien und Reisen. So k\u00f6nnen Sie die Drohne mit Kamera nutzen.<br \/>Komplettset mit DJI Mini 4K, 2 Akkus, DJI RC-N1C, Umh\u00e4ngetasche, Propellerhalter, Ersatzpropellern etc. Mehr Flugzeit, sicherer Transport und schnellerer Start. Als Drohne mit Kamera 4K f\u00fcr Erwachsene filmt sie m\u00fchelos Reisen, Outdoor und Familie.<\/p>\n<p>[ad_2]<\/p>\n","protected":false},"excerpt":{"rendered":"<p>Aufgrund des Plattformkompatibilit\u00e4tsproblems wurde die DJI Fly-App aus Google Play entfernt. Um eine bessere Produktnutzung zu gew\u00e4hrleisten, melden Sie sich bitte auf der offiziellen DJI-Website an, um die neueste Version von DJI Fly herunterzuladen. \u00dcberblick: DJI Mini 4K ist eine unglaubliche M\u00f6glichkeit, Ihre Luftwelt in 4K einzufangen. Bei einem Gewicht unter 249 Gramm ist in [&hellip;]<\/p>\n","protected":false},"featured_media":564,"comment_status":"open","ping_status":"closed","template":"","meta":{"_aipt_faq_data":""},"store":[],"product_brand":[165],"product_cat":[104],"product_tag":[166],"class_list":{"0":"post-563","1":"product","2":"type-product","3":"status-publish","4":"has-post-thumbnail","6":"product_brand-dji","7":"product_cat-fpv-drohnen","8":"product_tag-fpv-drohnen-mit-kamera","10":"first","11":"instock","12":"sale","13":"shipping-taxable","14":"product-type-external"},"yoast_head":"<!-- This site is optimized with the Yoast SEO plugin v27.4 - https:\/\/yoast.com\/product\/yoast-seo-wordpress\/ -->\n<title>DJI Mini 4K-Kamera-Drohnen-Kombination mit 4K-UHD-Kamera f\u00fcr Erwachsene, 3-Achsen-Gimbal-Stabilisierung, 10 km Video\u00fcbertragung, automatische R\u00fcckkehr, windbest\u00e4ndig, 2 Batterien, 62 Min. Flugzeit, QuickShots, unter 249 g - EasyLifeBro<\/title>\n<meta name=\"description\" content=\"Entdecken Sie smarte Roboter f\u00fcr Zuhause, Garten, Bildung und Sicherheit. Vergleichen Sie Saugroboter, Rasenm\u00e4hroboter, KI-Begleitroboter und mehr bei EasyLifeRobo.\" \/>\n<meta name=\"robots\" content=\"index, follow, max-snippet:-1, max-image-preview:large, max-video-preview:-1\" \/>\n<link rel=\"canonical\" href=\"https:\/\/easyliferobo.com\/de\/product\/dji-mini-4k-kamera-drohnen-kombination-mit-4k-uhd-kamera-fuer-erwachsene-3-achsen-gimbal-stabilisierung-10-km-videouebertragung-automatische-rueckkehr-windbestaendig-2-batterien-62-min-flugzeit\/\" \/>\n<meta property=\"og:locale\" content=\"de_DE\" \/>\n<meta property=\"og:type\" content=\"article\" \/>\n<meta property=\"og:title\" content=\"DJI Mini 4K-Kamera-Drohnen-Kombination mit 4K-UHD-Kamera f\u00fcr Erwachsene, 3-Achsen-Gimbal-Stabilisierung, 10 km Video\u00fcbertragung, automatische R\u00fcckkehr, windbest\u00e4ndig, 2 Batterien, 62 Min. Flugzeit, QuickShots, unter 249 g - EasyLifeBro\" \/>\n<meta property=\"og:description\" content=\"Entdecken Sie smarte Roboter f\u00fcr Zuhause, Garten, Bildung und Sicherheit. Vergleichen Sie Saugroboter, Rasenm\u00e4hroboter, KI-Begleitroboter und mehr bei EasyLifeRobo.\" \/>\n<meta property=\"og:url\" content=\"https:\/\/easyliferobo.com\/de\/product\/dji-mini-4k-kamera-drohnen-kombination-mit-4k-uhd-kamera-fuer-erwachsene-3-achsen-gimbal-stabilisierung-10-km-videouebertragung-automatische-rueckkehr-windbestaendig-2-batterien-62-min-flugzeit\/\" \/>\n<meta property=\"og:site_name\" content=\"EasyLifeBro\" \/>\n<meta property=\"article:modified_time\" content=\"2026-02-22T23:35:39+00:00\" \/>\n<meta property=\"og:image\" content=\"https:\/\/easyliferobo.com\/de\/wp-content\/uploads\/2026\/02\/61UU5rOEl4L._AC_SL1500_.jpg\" \/>\n\t<meta property=\"og:image:width\" content=\"1500\" \/>\n\t<meta property=\"og:image:height\" content=\"1101\" \/>\n\t<meta property=\"og:image:type\" content=\"image\/jpeg\" \/>\n<meta name=\"twitter:card\" content=\"summary_large_image\" \/>\n<meta name=\"twitter:label1\" content=\"Gesch\u00e4tzte Lesezeit\" \/>\n\t<meta name=\"twitter:data1\" content=\"3\u00a0Minuten\" \/>\n<script type=\"application\/ld+json\" class=\"yoast-schema-graph\">{\"@context\":\"https:\\\/\\\/schema.org\",\"@graph\":[{\"@type\":\"WebPage\",\"@id\":\"https:\\\/\\\/easyliferobo.com\\\/de\\\/product\\\/dji-mini-4k-kamera-drohnen-kombination-mit-4k-uhd-kamera-fuer-erwachsene-3-achsen-gimbal-stabilisierung-10-km-videouebertragung-automatische-rueckkehr-windbestaendig-2-batterien-62-min-flugzeit\\\/\",\"url\":\"https:\\\/\\\/easyliferobo.com\\\/de\\\/product\\\/dji-mini-4k-kamera-drohnen-kombination-mit-4k-uhd-kamera-fuer-erwachsene-3-achsen-gimbal-stabilisierung-10-km-videouebertragung-automatische-rueckkehr-windbestaendig-2-batterien-62-min-flugzeit\\\/\",\"name\":\"DJI Mini 4K-Kamera-Drohnen-Kombination mit 4K-UHD-Kamera f\u00fcr Erwachsene, 3-Achsen-Gimbal-Stabilisierung, 10 km Video\u00fcbertragung, automatische R\u00fcckkehr, windbest\u00e4ndig, 2 Batterien, 62 Min. Flugzeit, QuickShots, unter 249 g - EasyLifeBro\",\"isPartOf\":{\"@id\":\"https:\\\/\\\/easyliferobo.com\\\/de\\\/#website\"},\"primaryImageOfPage\":{\"@id\":\"https:\\\/\\\/easyliferobo.com\\\/de\\\/product\\\/dji-mini-4k-kamera-drohnen-kombination-mit-4k-uhd-kamera-fuer-erwachsene-3-achsen-gimbal-stabilisierung-10-km-videouebertragung-automatische-rueckkehr-windbestaendig-2-batterien-62-min-flugzeit\\\/#primaryimage\"},\"image\":{\"@id\":\"https:\\\/\\\/easyliferobo.com\\\/de\\\/product\\\/dji-mini-4k-kamera-drohnen-kombination-mit-4k-uhd-kamera-fuer-erwachsene-3-achsen-gimbal-stabilisierung-10-km-videouebertragung-automatische-rueckkehr-windbestaendig-2-batterien-62-min-flugzeit\\\/#primaryimage\"},\"thumbnailUrl\":\"https:\\\/\\\/easyliferobo.com\\\/de\\\/wp-content\\\/uploads\\\/2026\\\/02\\\/61UU5rOEl4L._AC_SL1500_.jpg\",\"datePublished\":\"2026-02-22T09:53:51+00:00\",\"dateModified\":\"2026-02-22T23:35:39+00:00\",\"description\":\"Entdecken Sie smarte Roboter f\u00fcr Zuhause, Garten, Bildung und Sicherheit. Vergleichen Sie Saugroboter, Rasenm\u00e4hroboter, KI-Begleitroboter und mehr bei EasyLifeRobo.\",\"breadcrumb\":{\"@id\":\"https:\\\/\\\/easyliferobo.com\\\/de\\\/product\\\/dji-mini-4k-kamera-drohnen-kombination-mit-4k-uhd-kamera-fuer-erwachsene-3-achsen-gimbal-stabilisierung-10-km-videouebertragung-automatische-rueckkehr-windbestaendig-2-batterien-62-min-flugzeit\\\/#breadcrumb\"},\"inLanguage\":\"de\",\"potentialAction\":[{\"@type\":\"ReadAction\",\"target\":[\"https:\\\/\\\/easyliferobo.com\\\/de\\\/product\\\/dji-mini-4k-kamera-drohnen-kombination-mit-4k-uhd-kamera-fuer-erwachsene-3-achsen-gimbal-stabilisierung-10-km-videouebertragung-automatische-rueckkehr-windbestaendig-2-batterien-62-min-flugzeit\\\/\"]}]},{\"@type\":\"ImageObject\",\"inLanguage\":\"de\",\"@id\":\"https:\\\/\\\/easyliferobo.com\\\/de\\\/product\\\/dji-mini-4k-kamera-drohnen-kombination-mit-4k-uhd-kamera-fuer-erwachsene-3-achsen-gimbal-stabilisierung-10-km-videouebertragung-automatische-rueckkehr-windbestaendig-2-batterien-62-min-flugzeit\\\/#primaryimage\",\"url\":\"https:\\\/\\\/easyliferobo.com\\\/de\\\/wp-content\\\/uploads\\\/2026\\\/02\\\/61UU5rOEl4L._AC_SL1500_.jpg\",\"contentUrl\":\"https:\\\/\\\/easyliferobo.com\\\/de\\\/wp-content\\\/uploads\\\/2026\\\/02\\\/61UU5rOEl4L._AC_SL1500_.jpg\",\"width\":1500,\"height\":1101},{\"@type\":\"BreadcrumbList\",\"@id\":\"https:\\\/\\\/easyliferobo.com\\\/de\\\/product\\\/dji-mini-4k-kamera-drohnen-kombination-mit-4k-uhd-kamera-fuer-erwachsene-3-achsen-gimbal-stabilisierung-10-km-videouebertragung-automatische-rueckkehr-windbestaendig-2-batterien-62-min-flugzeit\\\/#breadcrumb\",\"itemListElement\":[{\"@type\":\"ListItem\",\"position\":1,\"name\":\"Home\",\"item\":\"https:\\\/\\\/easyliferobo.com\\\/de\\\/\"},{\"@type\":\"ListItem\",\"position\":2,\"name\":\"Shop\",\"item\":\"https:\\\/\\\/easyliferobo.com\\\/de\\\/shop\\\/\"},{\"@type\":\"ListItem\",\"position\":3,\"name\":\"DJI Mini 4K-Kamera-Drohnen-Kombinat...\"}]},{\"@type\":\"WebSite\",\"@id\":\"https:\\\/\\\/easyliferobo.com\\\/de\\\/#website\",\"url\":\"https:\\\/\\\/easyliferobo.com\\\/de\\\/\",\"name\":\"EasyLifeBro\",\"description\":\"Smarte Roboter f\u00fcr Zuhause, Garten &amp; Bildung\",\"publisher\":{\"@id\":\"https:\\\/\\\/easyliferobo.com\\\/de\\\/#organization\"},\"potentialAction\":[{\"@type\":\"SearchAction\",\"target\":{\"@type\":\"EntryPoint\",\"urlTemplate\":\"https:\\\/\\\/easyliferobo.com\\\/de\\\/?s={search_term_string}\"},\"query-input\":{\"@type\":\"PropertyValueSpecification\",\"valueRequired\":true,\"valueName\":\"search_term_string\"}}],\"inLanguage\":\"de\"},{\"@type\":\"Organization\",\"@id\":\"https:\\\/\\\/easyliferobo.com\\\/de\\\/#organization\",\"name\":\"EasyLifeBro\",\"url\":\"https:\\\/\\\/easyliferobo.com\\\/de\\\/\",\"logo\":{\"@type\":\"ImageObject\",\"inLanguage\":\"de\",\"@id\":\"https:\\\/\\\/easyliferobo.com\\\/de\\\/#\\\/schema\\\/logo\\\/image\\\/\",\"url\":\"https:\\\/\\\/easyliferobo.com\\\/de\\\/wp-content\\\/uploads\\\/2026\\\/02\\\/Screenshot-2026-02-22-at-2.25.03-PM.png\",\"contentUrl\":\"https:\\\/\\\/easyliferobo.com\\\/de\\\/wp-content\\\/uploads\\\/2026\\\/02\\\/Screenshot-2026-02-22-at-2.25.03-PM.png\",\"width\":1858,\"height\":430,\"caption\":\"EasyLifeBro\"},\"image\":{\"@id\":\"https:\\\/\\\/easyliferobo.com\\\/de\\\/#\\\/schema\\\/logo\\\/image\\\/\"}}]}<\/script>\n<!-- \/ Yoast SEO plugin. -->","yoast_head_json":{"title":"DJI Mini 4K-Kamera-Drohnen-Kombination mit 4K-UHD-Kamera f\u00fcr Erwachsene, 3-Achsen-Gimbal-Stabilisierung, 10 km Video\u00fcbertragung, automatische R\u00fcckkehr, windbest\u00e4ndig, 2 Batterien, 62 Min. Flugzeit, QuickShots, unter 249 g - EasyLifeBro","description":"Entdecken Sie smarte Roboter f\u00fcr Zuhause, Garten, Bildung und Sicherheit. Vergleichen Sie Saugroboter, Rasenm\u00e4hroboter, KI-Begleitroboter und mehr bei EasyLifeRobo.","robots":{"index":"index","follow":"follow","max-snippet":"max-snippet:-1","max-image-preview":"max-image-preview:large","max-video-preview":"max-video-preview:-1"},"canonical":"https:\/\/easyliferobo.com\/de\/product\/dji-mini-4k-kamera-drohnen-kombination-mit-4k-uhd-kamera-fuer-erwachsene-3-achsen-gimbal-stabilisierung-10-km-videouebertragung-automatische-rueckkehr-windbestaendig-2-batterien-62-min-flugzeit\/","og_locale":"de_DE","og_type":"article","og_title":"DJI Mini 4K-Kamera-Drohnen-Kombination mit 4K-UHD-Kamera f\u00fcr Erwachsene, 3-Achsen-Gimbal-Stabilisierung, 10 km Video\u00fcbertragung, automatische R\u00fcckkehr, windbest\u00e4ndig, 2 Batterien, 62 Min. Flugzeit, QuickShots, unter 249 g - EasyLifeBro","og_description":"Entdecken Sie smarte Roboter f\u00fcr Zuhause, Garten, Bildung und Sicherheit. Vergleichen Sie Saugroboter, Rasenm\u00e4hroboter, KI-Begleitroboter und mehr bei EasyLifeRobo.","og_url":"https:\/\/easyliferobo.com\/de\/product\/dji-mini-4k-kamera-drohnen-kombination-mit-4k-uhd-kamera-fuer-erwachsene-3-achsen-gimbal-stabilisierung-10-km-videouebertragung-automatische-rueckkehr-windbestaendig-2-batterien-62-min-flugzeit\/","og_site_name":"EasyLifeBro","article_modified_time":"2026-02-22T23:35:39+00:00","og_image":[{"width":1500,"height":1101,"url":"https:\/\/easyliferobo.com\/de\/wp-content\/uploads\/2026\/02\/61UU5rOEl4L._AC_SL1500_.jpg","type":"image\/jpeg"}],"twitter_card":"summary_large_image","twitter_misc":{"Gesch\u00e4tzte Lesezeit":"3\u00a0Minuten"},"schema":{"@context":"https:\/\/schema.org","@graph":[{"@type":"WebPage","@id":"https:\/\/easyliferobo.com\/de\/product\/dji-mini-4k-kamera-drohnen-kombination-mit-4k-uhd-kamera-fuer-erwachsene-3-achsen-gimbal-stabilisierung-10-km-videouebertragung-automatische-rueckkehr-windbestaendig-2-batterien-62-min-flugzeit\/","url":"https:\/\/easyliferobo.com\/de\/product\/dji-mini-4k-kamera-drohnen-kombination-mit-4k-uhd-kamera-fuer-erwachsene-3-achsen-gimbal-stabilisierung-10-km-videouebertragung-automatische-rueckkehr-windbestaendig-2-batterien-62-min-flugzeit\/","name":"DJI Mini 4K-Kamera-Drohnen-Kombination mit 4K-UHD-Kamera f\u00fcr Erwachsene, 3-Achsen-Gimbal-Stabilisierung, 10 km Video\u00fcbertragung, automatische R\u00fcckkehr, windbest\u00e4ndig, 2 Batterien, 62 Min. Flugzeit, QuickShots, unter 249 g - EasyLifeBro","isPartOf":{"@id":"https:\/\/easyliferobo.com\/de\/#website"},"primaryImageOfPage":{"@id":"https:\/\/easyliferobo.com\/de\/product\/dji-mini-4k-kamera-drohnen-kombination-mit-4k-uhd-kamera-fuer-erwachsene-3-achsen-gimbal-stabilisierung-10-km-videouebertragung-automatische-rueckkehr-windbestaendig-2-batterien-62-min-flugzeit\/#primaryimage"},"image":{"@id":"https:\/\/easyliferobo.com\/de\/product\/dji-mini-4k-kamera-drohnen-kombination-mit-4k-uhd-kamera-fuer-erwachsene-3-achsen-gimbal-stabilisierung-10-km-videouebertragung-automatische-rueckkehr-windbestaendig-2-batterien-62-min-flugzeit\/#primaryimage"},"thumbnailUrl":"https:\/\/easyliferobo.com\/de\/wp-content\/uploads\/2026\/02\/61UU5rOEl4L._AC_SL1500_.jpg","datePublished":"2026-02-22T09:53:51+00:00","dateModified":"2026-02-22T23:35:39+00:00","description":"Entdecken Sie smarte Roboter f\u00fcr Zuhause, Garten, Bildung und Sicherheit. Vergleichen Sie Saugroboter, Rasenm\u00e4hroboter, KI-Begleitroboter und mehr bei EasyLifeRobo.","breadcrumb":{"@id":"https:\/\/easyliferobo.com\/de\/product\/dji-mini-4k-kamera-drohnen-kombination-mit-4k-uhd-kamera-fuer-erwachsene-3-achsen-gimbal-stabilisierung-10-km-videouebertragung-automatische-rueckkehr-windbestaendig-2-batterien-62-min-flugzeit\/#breadcrumb"},"inLanguage":"de","potentialAction":[{"@type":"ReadAction","target":["https:\/\/easyliferobo.com\/de\/product\/dji-mini-4k-kamera-drohnen-kombination-mit-4k-uhd-kamera-fuer-erwachsene-3-achsen-gimbal-stabilisierung-10-km-videouebertragung-automatische-rueckkehr-windbestaendig-2-batterien-62-min-flugzeit\/"]}]},{"@type":"ImageObject","inLanguage":"de","@id":"https:\/\/easyliferobo.com\/de\/product\/dji-mini-4k-kamera-drohnen-kombination-mit-4k-uhd-kamera-fuer-erwachsene-3-achsen-gimbal-stabilisierung-10-km-videouebertragung-automatische-rueckkehr-windbestaendig-2-batterien-62-min-flugzeit\/#primaryimage","url":"https:\/\/easyliferobo.com\/de\/wp-content\/uploads\/2026\/02\/61UU5rOEl4L._AC_SL1500_.jpg","contentUrl":"https:\/\/easyliferobo.com\/de\/wp-content\/uploads\/2026\/02\/61UU5rOEl4L._AC_SL1500_.jpg","width":1500,"height":1101},{"@type":"BreadcrumbList","@id":"https:\/\/easyliferobo.com\/de\/product\/dji-mini-4k-kamera-drohnen-kombination-mit-4k-uhd-kamera-fuer-erwachsene-3-achsen-gimbal-stabilisierung-10-km-videouebertragung-automatische-rueckkehr-windbestaendig-2-batterien-62-min-flugzeit\/#breadcrumb","itemListElement":[{"@type":"ListItem","position":1,"name":"Home","item":"https:\/\/easyliferobo.com\/de\/"},{"@type":"ListItem","position":2,"name":"Shop","item":"https:\/\/easyliferobo.com\/de\/shop\/"},{"@type":"ListItem","position":3,"name":"DJI Mini 4K-Kamera-Drohnen-Kombinat..."}]},{"@type":"WebSite","@id":"https:\/\/easyliferobo.com\/de\/#website","url":"https:\/\/easyliferobo.com\/de\/","name":"EasyLifeBro","description":"Smarte Roboter f\u00fcr Zuhause, Garten &amp; Bildung","publisher":{"@id":"https:\/\/easyliferobo.com\/de\/#organization"},"potentialAction":[{"@type":"SearchAction","target":{"@type":"EntryPoint","urlTemplate":"https:\/\/easyliferobo.com\/de\/?s={search_term_string}"},"query-input":{"@type":"PropertyValueSpecification","valueRequired":true,"valueName":"search_term_string"}}],"inLanguage":"de"},{"@type":"Organization","@id":"https:\/\/easyliferobo.com\/de\/#organization","name":"EasyLifeBro","url":"https:\/\/easyliferobo.com\/de\/","logo":{"@type":"ImageObject","inLanguage":"de","@id":"https:\/\/easyliferobo.com\/de\/#\/schema\/logo\/image\/","url":"https:\/\/easyliferobo.com\/de\/wp-content\/uploads\/2026\/02\/Screenshot-2026-02-22-at-2.25.03-PM.png","contentUrl":"https:\/\/easyliferobo.com\/de\/wp-content\/uploads\/2026\/02\/Screenshot-2026-02-22-at-2.25.03-PM.png","width":1858,"height":430,"caption":"EasyLifeBro"},"image":{"@id":"https:\/\/easyliferobo.com\/de\/#\/schema\/logo\/image\/"}}]}},"_links":{"self":[{"href":"https:\/\/easyliferobo.com\/de\/wp-json\/wp\/v2\/product\/563","targetHints":{"allow":["GET"]}}],"collection":[{"href":"https:\/\/easyliferobo.com\/de\/wp-json\/wp\/v2\/product"}],"about":[{"href":"https:\/\/easyliferobo.com\/de\/wp-json\/wp\/v2\/types\/product"}],"replies":[{"embeddable":true,"href":"https:\/\/easyliferobo.com\/de\/wp-json\/wp\/v2\/comments?post=563"}],"wp:featuredmedia":[{"embeddable":true,"href":"https:\/\/easyliferobo.com\/de\/wp-json\/wp\/v2\/media\/564"}],"wp:attachment":[{"href":"https:\/\/easyliferobo.com\/de\/wp-json\/wp\/v2\/media?parent=563"}],"wp:term":[{"taxonomy":"store","embeddable":true,"href":"https:\/\/easyliferobo.com\/de\/wp-json\/wp\/v2\/store?post=563"},{"taxonomy":"product_brand","embeddable":true,"href":"https:\/\/easyliferobo.com\/de\/wp-json\/wp\/v2\/product_brand?post=563"},{"taxonomy":"product_cat","embeddable":true,"href":"https:\/\/easyliferobo.com\/de\/wp-json\/wp\/v2\/product_cat?post=563"},{"taxonomy":"product_tag","embeddable":true,"href":"https:\/\/easyliferobo.com\/de\/wp-json\/wp\/v2\/product_tag?post=563"}],"curies":[{"name":"wp","href":"https:\/\/api.w.org\/{rel}","templated":true}]}}