
{"id":532,"date":"2026-02-22T09:50:05","date_gmt":"2026-02-22T09:50:05","guid":{"rendered":"https:\/\/easyliferobo.com\/de\/product\/aktualisierte-handfunktions-rehabilitations-roboterhandschuhe-handtherapie-handschuh-finger-rehabilitations-trainingsroboter-handschuhe-schlaganfall-hemiplegie-rehabilitationshandschuh\/"},"modified":"2026-02-22T09:50:23","modified_gmt":"2026-02-22T09:50:23","slug":"aktualisierte-handfunktions-rehabilitations-roboterhandschuhe-handtherapie-handschuh-finger-rehabilitations-trainingsroboter-handschuhe-schlaganfall-hemiplegie-rehabilitationshandschuh","status":"publish","type":"product","link":"https:\/\/easyliferobo.com\/de\/product\/aktualisierte-handfunktions-rehabilitations-roboterhandschuhe-handtherapie-handschuh-finger-rehabilitations-trainingsroboter-handschuhe-schlaganfall-hemiplegie-rehabilitationshandschuh\/","title":{"rendered":"Aktualisierte Handfunktions-Rehabil..."},"content":{"rendered":"<p>\n                                             Produktbeschreibung   <\/p>\n<p>                                                                             <img decoding=\"async\" alt=\"Das neue Produkt ist f\u00fcr die Herstellung vielf\u00e4ltiger Produkte konzipiert.\" src=\"https:\/\/images-na.ssl-images-amazon.com\/images\/G\/01\/x-locale\/common\/grey-pixel.gif\" class=\"a-spacing-base a-lazy-loaded\" data-src=\"https:\/\/m.media-amazon.com\/images\/S\/aplus-media-library-service-media\/4c8e5350-89e8-469f-9c96-b706215ae4fd.__CR0,0,970,600_PT0_SX970_V1___.jpg\"><img decoding=\"async\" alt=\"Das neue Produkt ist f\u00fcr die Herstellung vielf\u00e4ltiger Produkte konzipiert.\" src=\"https:\/\/m.media-amazon.com\/images\/S\/aplus-media-library-service-media\/4c8e5350-89e8-469f-9c96-b706215ae4fd.__CR0,0,970,600_PT0_SX970_V1___.jpg\">                                                                       <\/p>\n<p>                                                                             <img decoding=\"async\" alt=\"das Produkt des Produkts des Produkts des Produkts des Produkts des Produkts des Produkts des Produkts des Produkts des Produkts des Produkts des Produkts des Produkts\" src=\"https:\/\/images-na.ssl-images-amazon.com\/images\/G\/01\/x-locale\/common\/grey-pixel.gif\" class=\"a-spacing-base a-lazy-loaded\" data-src=\"https:\/\/m.media-amazon.com\/images\/S\/aplus-media-library-service-media\/f11a739b-ace7-467c-8d87-864d8f4f0a0b.__CR0,0,970,600_PT0_SX970_V1___.jpg\"><img decoding=\"async\" alt=\"das Produkt des Produkts des Produkts des Produkts des Produkts des Produkts des Produkts des Produkts des Produkts des Produkts des Produkts des Produkts des Produkts\" src=\"https:\/\/m.media-amazon.com\/images\/S\/aplus-media-library-service-media\/f11a739b-ace7-467c-8d87-864d8f4f0a0b.__CR0,0,970,600_PT0_SX970_V1___.jpg\">                                                                    <\/p>\n<p>                                                                             <img decoding=\"async\" alt=\"ein Bild einer Person, die H\u00e4nde und Finger h\u00e4lt.\" src=\"https:\/\/images-na.ssl-images-amazon.com\/images\/G\/01\/x-locale\/common\/grey-pixel.gif\" class=\"a-spacing-base a-lazy-loaded\" data-src=\"https:\/\/m.media-amazon.com\/images\/S\/aplus-media-library-service-media\/386fa544-3af0-42d5-ad81-83bec42090fb.__CR0,0,970,600_PT0_SX970_V1___.jpg\"><img decoding=\"async\" alt=\"ein Bild einer Person, die H\u00e4nde und Finger h\u00e4lt.\" src=\"https:\/\/m.media-amazon.com\/images\/S\/aplus-media-library-service-media\/386fa544-3af0-42d5-ad81-83bec42090fb.__CR0,0,970,600_PT0_SX970_V1___.jpg\">                                                                    <\/p>\n<p>                                                                             <img decoding=\"async\" alt=\"Die Fingerabdr\u00fccke sollen dem Benutzer helfen, seine Handabdr\u00fccke zu ber\u00fchren.\" src=\"https:\/\/images-na.ssl-images-amazon.com\/images\/G\/01\/x-locale\/common\/grey-pixel.gif\" class=\"a-spacing-base a-lazy-loaded\" data-src=\"https:\/\/m.media-amazon.com\/images\/S\/aplus-media-library-service-media\/d881422a-a52a-42bb-8e84-dd43d12daebe.__CR0,0,970,600_PT0_SX970_V1___.jpg\"><img decoding=\"async\" alt=\"Die Fingerabdr\u00fccke sollen dem Benutzer helfen, seine Handabdr\u00fccke zu ber\u00fchren.\" src=\"https:\/\/m.media-amazon.com\/images\/S\/aplus-media-library-service-media\/d881422a-a52a-42bb-8e84-dd43d12daebe.__CR0,0,970,600_PT0_SX970_V1___.jpg\">                                                                    <\/p>\n<p>                                                                             <img decoding=\"async\" alt=\"der Finger \u2013 Schienensystem f\u00fcr den Finger\" src=\"https:\/\/images-na.ssl-images-amazon.com\/images\/G\/01\/x-locale\/common\/grey-pixel.gif\" class=\"a-spacing-base a-lazy-loaded\" data-src=\"https:\/\/m.media-amazon.com\/images\/S\/aplus-media-library-service-media\/790ab854-46ed-4119-96e2-de018bcec5ea.__CR0,0,970,600_PT0_SX970_V1___.jpg\"><img decoding=\"async\" alt=\"der Finger \u2013 Schienensystem f\u00fcr den Finger\" src=\"https:\/\/m.media-amazon.com\/images\/S\/aplus-media-library-service-media\/790ab854-46ed-4119-96e2-de018bcec5ea.__CR0,0,970,600_PT0_SX970_V1___.jpg\">                                                                    <\/p>\n<p>                                                                             <img decoding=\"async\" alt=\"das Handsteuerger\u00e4t f\u00fcr das Handsteuersystem\" src=\"https:\/\/images-na.ssl-images-amazon.com\/images\/G\/01\/x-locale\/common\/grey-pixel.gif\" class=\"a-spacing-base a-lazy-loaded\" data-src=\"https:\/\/m.media-amazon.com\/images\/S\/aplus-media-library-service-media\/dbcd66c1-4ada-4ae9-8ac9-a6f231453693.__CR0,0,970,600_PT0_SX970_V1___.jpg\"><img decoding=\"async\" alt=\"das Handsteuerger\u00e4t f\u00fcr das Handsteuersystem\" src=\"https:\/\/m.media-amazon.com\/images\/S\/aplus-media-library-service-media\/dbcd66c1-4ada-4ae9-8ac9-a6f231453693.__CR0,0,970,600_PT0_SX970_V1___.jpg\">                                                                    <\/p>\n<p>                                                                             <img decoding=\"async\" alt=\"die neuen Design-Handgesten f\u00fcr Frauen\" src=\"https:\/\/images-na.ssl-images-amazon.com\/images\/G\/01\/x-locale\/common\/grey-pixel.gif\" class=\"a-spacing-base a-lazy-loaded\" data-src=\"https:\/\/m.media-amazon.com\/images\/S\/aplus-media-library-service-media\/d8b695ca-08cd-4fc4-8516-7241321351ee.__CR0,0,970,600_PT0_SX970_V1___.jpg\"><img decoding=\"async\" alt=\"die neuen Design-Handgesten f\u00fcr Frauen\" src=\"https:\/\/m.media-amazon.com\/images\/S\/aplus-media-library-service-media\/d8b695ca-08cd-4fc4-8516-7241321351ee.__CR0,0,970,600_PT0_SX970_V1___.jpg\">                                                                    <\/p>\n<p>H\u00f6here Haltbarkeit und Leistung f\u00fcr langfristige Erholung. Wir haben die zahlreichen Qualit\u00e4tsprobleme auf dem Markt sorgf\u00e4ltig analysiert. Die Hauptantriebskomponenten wurden modernisiert, um den Qualit\u00e4tsstandards von Automobilprodukten zu entsprechen und einen langfristigen Hochleistungsbetrieb zu gew\u00e4hrleisten. Das Produkt ist auf eine Lebensdauer von 5 Jahren ausgelegt, mit einer Garantie von 3 Jahren. Sie k\u00f6nnen uns \u00fcber die E-Mail-Adresse am Ende des Produkts kontaktieren.<br \/>Entwickelt f\u00fcr die Rehabilitation zu Hause. Sie k\u00f6nnen Ihre Handrehabilitation bequem zu Hause beginnen, auch im Bett. Der Roboterhandschuh wurde professionell f\u00fcr den Einsatz zu Hause oder bei bettl\u00e4gerigen Patienten entwickelt und erm\u00f6glicht es Ihnen, die h\u00e4ufigen Besuche im Rehabilitationszentrum hinter sich zu lassen und den Rehabilitationsprozess in Ihrem eigenen Tempo zu steuern. Besonders vorteilhaft ist der Handschuh bei Schlaganfall, Halbseitenl\u00e4hmung, Zerebralparese, Hirnthrombose.<br \/>Umfangreiche Funktionen f\u00fcr eine gezielte Rehabilitation. Unsere Rehabilitationsroboter-Handschuhe bieten f\u00fcnf Fingerrotations\u00fcbungen, aufeinanderfolgende Dehn\u00fcbungen f\u00fcr die Finger zur Reduzierung von Muskelverspannungen und eine neue Spiegelhandschlaufe, die die synchronisierte Rehabilitation beider H\u00e4nde erleichtert. Der neue Anti-Interferenz-Modus sorgt f\u00fcr ein vollst\u00e4ndiges und ad\u00e4quates Training.<br \/>Entfernen Sie das Ventil \u2013 f\u00fcr eine einfachere Fingerauswahl, r\u00fcsten Sie die Batterie auf \u2013 f\u00fcr eine l\u00e4ngere Batterielebensdauer. Im Gegensatz zu anderen Produkten, die ein Rotationsventil zur Auswahl des zu trainierenden Fingers erfordern, erm\u00f6glichen unsere Rehabilitationshandschuhe eine einfache Fingerauswahl \u00fcber ein intuitives Bedienfeld. Dadurch wird das Fingertraining komfortabler und effizienter. Der verbesserte Akku sorgt f\u00fcr eine l\u00e4ngere Laufzeit und sorgt f\u00fcr ein konstantes und effektives Training aller Finger.<br \/>Einfache Bedienung mit LED-Anzeige, mehreren Upgrades und benutzerfreundlichem Design. Die Roboterhandschuhe verf\u00fcgen \u00fcber ein intuitives LED-Display, mit dem sich alle Einstellungen einfach anpassen lassen. Der Handschuh bietet mehrere Upgrades, darunter die M\u00f6glichkeit, den letzten Trainingsmodus zu speichern und die Werkseinstellungen wiederherzustellen. Diese Verbesserungen machen den Handschuh benutzerfreundlich.<br \/>emfocu Aktualisierte biomimetische Rehabilitation, automatisches Training, \u00dcbung, Physiotherapie, Roboterhandschuhe, Trainer, elektrisches Trainingsger\u00e4t, Maschinenhilfsmittel, Ger\u00e4te, Ausr\u00fcstung, Gadgets f\u00fcr Senioren, Erwachsene, Anti-Hand-Finger-Funktion, Demenz, Spastik, Schlaganfall, Krampfhilfe, Hemiplegie, gel\u00e4hmte Patienten, Hand-Finger-Funktion, Greifhilfe, Expander, Rehabilitationstherapie, Erholungsorthese.<\/p>\n<p>[ad_2]<\/p>\n","protected":false},"excerpt":{"rendered":"<p>Produktbeschreibung H\u00f6here Haltbarkeit und Leistung f\u00fcr langfristige Erholung. Wir haben die zahlreichen Qualit\u00e4tsprobleme auf dem Markt sorgf\u00e4ltig analysiert. Die Hauptantriebskomponenten wurden modernisiert, um den Qualit\u00e4tsstandards von Automobilprodukten zu entsprechen und einen langfristigen Hochleistungsbetrieb zu gew\u00e4hrleisten. Das Produkt ist auf eine Lebensdauer von 5 Jahren ausgelegt, mit einer Garantie von 3 Jahren. Sie k\u00f6nnen uns \u00fcber [&hellip;]<\/p>\n","protected":false},"featured_media":533,"comment_status":"open","ping_status":"closed","template":"","meta":{"_aipt_faq_data":""},"store":[],"product_brand":[],"product_cat":[108],"product_tag":[162],"class_list":{"0":"post-532","1":"product","2":"type-product","3":"status-publish","4":"has-post-thumbnail","6":"product_cat-rehabilitationsroboter","7":"product_tag-rehabilitationsroboter-fuer-armtherapie","9":"first","10":"instock","11":"sale","12":"shipping-taxable","13":"product-type-external"},"yoast_head":"<!-- This site is optimized with the Yoast SEO plugin v27.0 - https:\/\/yoast.com\/product\/yoast-seo-wordpress\/ -->\n<title>Aktualisierte Handfunktions-Rehabilitations-Roboterhandschuhe, Handtherapie-Handschuh, Finger-Rehabilitations-Trainingsroboter-Handschuhe, Schlaganfall-Hemiplegie-Rehabilitationshandschuh - EasyLifeBro<\/title>\n<meta name=\"description\" content=\"Entdecken Sie smarte Roboter f\u00fcr Zuhause, Garten, Bildung und Sicherheit. Vergleichen Sie Saugroboter, Rasenm\u00e4hroboter, KI-Begleitroboter und mehr bei EasyLifeRobo.\" \/>\n<meta name=\"robots\" content=\"index, follow, max-snippet:-1, max-image-preview:large, max-video-preview:-1\" \/>\n<link rel=\"canonical\" href=\"https:\/\/easyliferobo.com\/de\/product\/aktualisierte-handfunktions-rehabilitations-roboterhandschuhe-handtherapie-handschuh-finger-rehabilitations-trainingsroboter-handschuhe-schlaganfall-hemiplegie-rehabilitationshandschuh\/\" \/>\n<meta property=\"og:locale\" content=\"de_DE\" \/>\n<meta property=\"og:type\" content=\"article\" \/>\n<meta property=\"og:title\" content=\"Aktualisierte Handfunktions-Rehabilitations-Roboterhandschuhe, Handtherapie-Handschuh, Finger-Rehabilitations-Trainingsroboter-Handschuhe, Schlaganfall-Hemiplegie-Rehabilitationshandschuh - EasyLifeBro\" \/>\n<meta property=\"og:description\" content=\"Entdecken Sie smarte Roboter f\u00fcr Zuhause, Garten, Bildung und Sicherheit. Vergleichen Sie Saugroboter, Rasenm\u00e4hroboter, KI-Begleitroboter und mehr bei EasyLifeRobo.\" \/>\n<meta property=\"og:url\" content=\"https:\/\/easyliferobo.com\/de\/product\/aktualisierte-handfunktions-rehabilitations-roboterhandschuhe-handtherapie-handschuh-finger-rehabilitations-trainingsroboter-handschuhe-schlaganfall-hemiplegie-rehabilitationshandschuh\/\" \/>\n<meta property=\"og:site_name\" content=\"EasyLifeBro\" \/>\n<meta property=\"article:modified_time\" content=\"2026-02-22T09:50:23+00:00\" \/>\n<meta property=\"og:image\" content=\"https:\/\/easyliferobo.com\/de\/wp-content\/uploads\/2026\/02\/71aIShMDyWL._SL1500_.jpg\" \/>\n\t<meta property=\"og:image:width\" content=\"1500\" \/>\n\t<meta property=\"og:image:height\" content=\"1500\" \/>\n\t<meta property=\"og:image:type\" content=\"image\/jpeg\" \/>\n<meta name=\"twitter:card\" content=\"summary_large_image\" \/>\n<meta name=\"twitter:label1\" content=\"Gesch\u00e4tzte Lesezeit\" \/>\n\t<meta name=\"twitter:data1\" content=\"2\u00a0Minuten\" \/>\n<script type=\"application\/ld+json\" class=\"yoast-schema-graph\">{\"@context\":\"https:\/\/schema.org\",\"@graph\":[{\"@type\":\"WebPage\",\"@id\":\"https:\/\/easyliferobo.com\/de\/product\/aktualisierte-handfunktions-rehabilitations-roboterhandschuhe-handtherapie-handschuh-finger-rehabilitations-trainingsroboter-handschuhe-schlaganfall-hemiplegie-rehabilitationshandschuh\/\",\"url\":\"https:\/\/easyliferobo.com\/de\/product\/aktualisierte-handfunktions-rehabilitations-roboterhandschuhe-handtherapie-handschuh-finger-rehabilitations-trainingsroboter-handschuhe-schlaganfall-hemiplegie-rehabilitationshandschuh\/\",\"name\":\"Aktualisierte Handfunktions-Rehabilitations-Roboterhandschuhe, Handtherapie-Handschuh, Finger-Rehabilitations-Trainingsroboter-Handschuhe, Schlaganfall-Hemiplegie-Rehabilitationshandschuh - EasyLifeBro\",\"isPartOf\":{\"@id\":\"https:\/\/easyliferobo.com\/de\/#website\"},\"primaryImageOfPage\":{\"@id\":\"https:\/\/easyliferobo.com\/de\/product\/aktualisierte-handfunktions-rehabilitations-roboterhandschuhe-handtherapie-handschuh-finger-rehabilitations-trainingsroboter-handschuhe-schlaganfall-hemiplegie-rehabilitationshandschuh\/#primaryimage\"},\"image\":{\"@id\":\"https:\/\/easyliferobo.com\/de\/product\/aktualisierte-handfunktions-rehabilitations-roboterhandschuhe-handtherapie-handschuh-finger-rehabilitations-trainingsroboter-handschuhe-schlaganfall-hemiplegie-rehabilitationshandschuh\/#primaryimage\"},\"thumbnailUrl\":\"https:\/\/easyliferobo.com\/de\/wp-content\/uploads\/2026\/02\/71aIShMDyWL._SL1500_.jpg\",\"datePublished\":\"2026-02-22T09:50:05+00:00\",\"dateModified\":\"2026-02-22T09:50:23+00:00\",\"description\":\"Entdecken Sie smarte Roboter f\u00fcr Zuhause, Garten, Bildung und Sicherheit. Vergleichen Sie Saugroboter, Rasenm\u00e4hroboter, KI-Begleitroboter und mehr bei EasyLifeRobo.\",\"breadcrumb\":{\"@id\":\"https:\/\/easyliferobo.com\/de\/product\/aktualisierte-handfunktions-rehabilitations-roboterhandschuhe-handtherapie-handschuh-finger-rehabilitations-trainingsroboter-handschuhe-schlaganfall-hemiplegie-rehabilitationshandschuh\/#breadcrumb\"},\"inLanguage\":\"de\",\"potentialAction\":[{\"@type\":\"ReadAction\",\"target\":[\"https:\/\/easyliferobo.com\/de\/product\/aktualisierte-handfunktions-rehabilitations-roboterhandschuhe-handtherapie-handschuh-finger-rehabilitations-trainingsroboter-handschuhe-schlaganfall-hemiplegie-rehabilitationshandschuh\/\"]}]},{\"@type\":\"ImageObject\",\"inLanguage\":\"de\",\"@id\":\"https:\/\/easyliferobo.com\/de\/product\/aktualisierte-handfunktions-rehabilitations-roboterhandschuhe-handtherapie-handschuh-finger-rehabilitations-trainingsroboter-handschuhe-schlaganfall-hemiplegie-rehabilitationshandschuh\/#primaryimage\",\"url\":\"https:\/\/easyliferobo.com\/de\/wp-content\/uploads\/2026\/02\/71aIShMDyWL._SL1500_.jpg\",\"contentUrl\":\"https:\/\/easyliferobo.com\/de\/wp-content\/uploads\/2026\/02\/71aIShMDyWL._SL1500_.jpg\",\"width\":1500,\"height\":1500},{\"@type\":\"BreadcrumbList\",\"@id\":\"https:\/\/easyliferobo.com\/de\/product\/aktualisierte-handfunktions-rehabilitations-roboterhandschuhe-handtherapie-handschuh-finger-rehabilitations-trainingsroboter-handschuhe-schlaganfall-hemiplegie-rehabilitationshandschuh\/#breadcrumb\",\"itemListElement\":[{\"@type\":\"ListItem\",\"position\":1,\"name\":\"Home\",\"item\":\"https:\/\/easyliferobo.com\/de\/\"},{\"@type\":\"ListItem\",\"position\":2,\"name\":\"Shop\",\"item\":\"https:\/\/easyliferobo.com\/de\/shop\/\"},{\"@type\":\"ListItem\",\"position\":3,\"name\":\"Aktualisierte Handfunktions-Rehabil...\"}]},{\"@type\":\"WebSite\",\"@id\":\"https:\/\/easyliferobo.com\/de\/#website\",\"url\":\"https:\/\/easyliferobo.com\/de\/\",\"name\":\"EasyLifeBro\",\"description\":\"Smarte Roboter f\u00fcr Zuhause, Garten &amp; Bildung\",\"publisher\":{\"@id\":\"https:\/\/easyliferobo.com\/de\/#organization\"},\"potentialAction\":[{\"@type\":\"SearchAction\",\"target\":{\"@type\":\"EntryPoint\",\"urlTemplate\":\"https:\/\/easyliferobo.com\/de\/?s={search_term_string}\"},\"query-input\":{\"@type\":\"PropertyValueSpecification\",\"valueRequired\":true,\"valueName\":\"search_term_string\"}}],\"inLanguage\":\"de\"},{\"@type\":\"Organization\",\"@id\":\"https:\/\/easyliferobo.com\/de\/#organization\",\"name\":\"EasyLifeBro\",\"url\":\"https:\/\/easyliferobo.com\/de\/\",\"logo\":{\"@type\":\"ImageObject\",\"inLanguage\":\"de\",\"@id\":\"https:\/\/easyliferobo.com\/de\/#\/schema\/logo\/image\/\",\"url\":\"https:\/\/easyliferobo.com\/de\/wp-content\/uploads\/2026\/02\/Screenshot-2026-02-22-at-2.25.03-PM.png\",\"contentUrl\":\"https:\/\/easyliferobo.com\/de\/wp-content\/uploads\/2026\/02\/Screenshot-2026-02-22-at-2.25.03-PM.png\",\"width\":1858,\"height\":430,\"caption\":\"EasyLifeBro\"},\"image\":{\"@id\":\"https:\/\/easyliferobo.com\/de\/#\/schema\/logo\/image\/\"}}]}<\/script>\n<!-- \/ Yoast SEO plugin. -->","yoast_head_json":{"title":"Aktualisierte Handfunktions-Rehabilitations-Roboterhandschuhe, Handtherapie-Handschuh, Finger-Rehabilitations-Trainingsroboter-Handschuhe, Schlaganfall-Hemiplegie-Rehabilitationshandschuh - EasyLifeBro","description":"Entdecken Sie smarte Roboter f\u00fcr Zuhause, Garten, Bildung und Sicherheit. Vergleichen Sie Saugroboter, Rasenm\u00e4hroboter, KI-Begleitroboter und mehr bei EasyLifeRobo.","robots":{"index":"index","follow":"follow","max-snippet":"max-snippet:-1","max-image-preview":"max-image-preview:large","max-video-preview":"max-video-preview:-1"},"canonical":"https:\/\/easyliferobo.com\/de\/product\/aktualisierte-handfunktions-rehabilitations-roboterhandschuhe-handtherapie-handschuh-finger-rehabilitations-trainingsroboter-handschuhe-schlaganfall-hemiplegie-rehabilitationshandschuh\/","og_locale":"de_DE","og_type":"article","og_title":"Aktualisierte Handfunktions-Rehabilitations-Roboterhandschuhe, Handtherapie-Handschuh, Finger-Rehabilitations-Trainingsroboter-Handschuhe, Schlaganfall-Hemiplegie-Rehabilitationshandschuh - EasyLifeBro","og_description":"Entdecken Sie smarte Roboter f\u00fcr Zuhause, Garten, Bildung und Sicherheit. Vergleichen Sie Saugroboter, Rasenm\u00e4hroboter, KI-Begleitroboter und mehr bei EasyLifeRobo.","og_url":"https:\/\/easyliferobo.com\/de\/product\/aktualisierte-handfunktions-rehabilitations-roboterhandschuhe-handtherapie-handschuh-finger-rehabilitations-trainingsroboter-handschuhe-schlaganfall-hemiplegie-rehabilitationshandschuh\/","og_site_name":"EasyLifeBro","article_modified_time":"2026-02-22T09:50:23+00:00","og_image":[{"width":1500,"height":1500,"url":"https:\/\/easyliferobo.com\/de\/wp-content\/uploads\/2026\/02\/71aIShMDyWL._SL1500_.jpg","type":"image\/jpeg"}],"twitter_card":"summary_large_image","twitter_misc":{"Gesch\u00e4tzte Lesezeit":"2\u00a0Minuten"},"schema":{"@context":"https:\/\/schema.org","@graph":[{"@type":"WebPage","@id":"https:\/\/easyliferobo.com\/de\/product\/aktualisierte-handfunktions-rehabilitations-roboterhandschuhe-handtherapie-handschuh-finger-rehabilitations-trainingsroboter-handschuhe-schlaganfall-hemiplegie-rehabilitationshandschuh\/","url":"https:\/\/easyliferobo.com\/de\/product\/aktualisierte-handfunktions-rehabilitations-roboterhandschuhe-handtherapie-handschuh-finger-rehabilitations-trainingsroboter-handschuhe-schlaganfall-hemiplegie-rehabilitationshandschuh\/","name":"Aktualisierte Handfunktions-Rehabilitations-Roboterhandschuhe, Handtherapie-Handschuh, Finger-Rehabilitations-Trainingsroboter-Handschuhe, Schlaganfall-Hemiplegie-Rehabilitationshandschuh - EasyLifeBro","isPartOf":{"@id":"https:\/\/easyliferobo.com\/de\/#website"},"primaryImageOfPage":{"@id":"https:\/\/easyliferobo.com\/de\/product\/aktualisierte-handfunktions-rehabilitations-roboterhandschuhe-handtherapie-handschuh-finger-rehabilitations-trainingsroboter-handschuhe-schlaganfall-hemiplegie-rehabilitationshandschuh\/#primaryimage"},"image":{"@id":"https:\/\/easyliferobo.com\/de\/product\/aktualisierte-handfunktions-rehabilitations-roboterhandschuhe-handtherapie-handschuh-finger-rehabilitations-trainingsroboter-handschuhe-schlaganfall-hemiplegie-rehabilitationshandschuh\/#primaryimage"},"thumbnailUrl":"https:\/\/easyliferobo.com\/de\/wp-content\/uploads\/2026\/02\/71aIShMDyWL._SL1500_.jpg","datePublished":"2026-02-22T09:50:05+00:00","dateModified":"2026-02-22T09:50:23+00:00","description":"Entdecken Sie smarte Roboter f\u00fcr Zuhause, Garten, Bildung und Sicherheit. Vergleichen Sie Saugroboter, Rasenm\u00e4hroboter, KI-Begleitroboter und mehr bei EasyLifeRobo.","breadcrumb":{"@id":"https:\/\/easyliferobo.com\/de\/product\/aktualisierte-handfunktions-rehabilitations-roboterhandschuhe-handtherapie-handschuh-finger-rehabilitations-trainingsroboter-handschuhe-schlaganfall-hemiplegie-rehabilitationshandschuh\/#breadcrumb"},"inLanguage":"de","potentialAction":[{"@type":"ReadAction","target":["https:\/\/easyliferobo.com\/de\/product\/aktualisierte-handfunktions-rehabilitations-roboterhandschuhe-handtherapie-handschuh-finger-rehabilitations-trainingsroboter-handschuhe-schlaganfall-hemiplegie-rehabilitationshandschuh\/"]}]},{"@type":"ImageObject","inLanguage":"de","@id":"https:\/\/easyliferobo.com\/de\/product\/aktualisierte-handfunktions-rehabilitations-roboterhandschuhe-handtherapie-handschuh-finger-rehabilitations-trainingsroboter-handschuhe-schlaganfall-hemiplegie-rehabilitationshandschuh\/#primaryimage","url":"https:\/\/easyliferobo.com\/de\/wp-content\/uploads\/2026\/02\/71aIShMDyWL._SL1500_.jpg","contentUrl":"https:\/\/easyliferobo.com\/de\/wp-content\/uploads\/2026\/02\/71aIShMDyWL._SL1500_.jpg","width":1500,"height":1500},{"@type":"BreadcrumbList","@id":"https:\/\/easyliferobo.com\/de\/product\/aktualisierte-handfunktions-rehabilitations-roboterhandschuhe-handtherapie-handschuh-finger-rehabilitations-trainingsroboter-handschuhe-schlaganfall-hemiplegie-rehabilitationshandschuh\/#breadcrumb","itemListElement":[{"@type":"ListItem","position":1,"name":"Home","item":"https:\/\/easyliferobo.com\/de\/"},{"@type":"ListItem","position":2,"name":"Shop","item":"https:\/\/easyliferobo.com\/de\/shop\/"},{"@type":"ListItem","position":3,"name":"Aktualisierte Handfunktions-Rehabil..."}]},{"@type":"WebSite","@id":"https:\/\/easyliferobo.com\/de\/#website","url":"https:\/\/easyliferobo.com\/de\/","name":"EasyLifeBro","description":"Smarte Roboter f\u00fcr Zuhause, Garten &amp; Bildung","publisher":{"@id":"https:\/\/easyliferobo.com\/de\/#organization"},"potentialAction":[{"@type":"SearchAction","target":{"@type":"EntryPoint","urlTemplate":"https:\/\/easyliferobo.com\/de\/?s={search_term_string}"},"query-input":{"@type":"PropertyValueSpecification","valueRequired":true,"valueName":"search_term_string"}}],"inLanguage":"de"},{"@type":"Organization","@id":"https:\/\/easyliferobo.com\/de\/#organization","name":"EasyLifeBro","url":"https:\/\/easyliferobo.com\/de\/","logo":{"@type":"ImageObject","inLanguage":"de","@id":"https:\/\/easyliferobo.com\/de\/#\/schema\/logo\/image\/","url":"https:\/\/easyliferobo.com\/de\/wp-content\/uploads\/2026\/02\/Screenshot-2026-02-22-at-2.25.03-PM.png","contentUrl":"https:\/\/easyliferobo.com\/de\/wp-content\/uploads\/2026\/02\/Screenshot-2026-02-22-at-2.25.03-PM.png","width":1858,"height":430,"caption":"EasyLifeBro"},"image":{"@id":"https:\/\/easyliferobo.com\/de\/#\/schema\/logo\/image\/"}}]}},"_links":{"self":[{"href":"https:\/\/easyliferobo.com\/de\/wp-json\/wp\/v2\/product\/532","targetHints":{"allow":["GET"]}}],"collection":[{"href":"https:\/\/easyliferobo.com\/de\/wp-json\/wp\/v2\/product"}],"about":[{"href":"https:\/\/easyliferobo.com\/de\/wp-json\/wp\/v2\/types\/product"}],"replies":[{"embeddable":true,"href":"https:\/\/easyliferobo.com\/de\/wp-json\/wp\/v2\/comments?post=532"}],"wp:featuredmedia":[{"embeddable":true,"href":"https:\/\/easyliferobo.com\/de\/wp-json\/wp\/v2\/media\/533"}],"wp:attachment":[{"href":"https:\/\/easyliferobo.com\/de\/wp-json\/wp\/v2\/media?parent=532"}],"wp:term":[{"taxonomy":"store","embeddable":true,"href":"https:\/\/easyliferobo.com\/de\/wp-json\/wp\/v2\/store?post=532"},{"taxonomy":"product_brand","embeddable":true,"href":"https:\/\/easyliferobo.com\/de\/wp-json\/wp\/v2\/product_brand?post=532"},{"taxonomy":"product_cat","embeddable":true,"href":"https:\/\/easyliferobo.com\/de\/wp-json\/wp\/v2\/product_cat?post=532"},{"taxonomy":"product_tag","embeddable":true,"href":"https:\/\/easyliferobo.com\/de\/wp-json\/wp\/v2\/product_tag?post=532"}],"curies":[{"name":"wp","href":"https:\/\/api.w.org\/{rel}","templated":true}]}}