
{"id":5095,"date":"2026-02-27T15:28:14","date_gmt":"2026-02-27T15:28:14","guid":{"rendered":"https:\/\/easyliferobo.com\/de\/product\/rehabilitation-von-muskel-skelett-verletzungen\/"},"modified":"2026-02-27T15:28:23","modified_gmt":"2026-02-27T15:28:23","slug":"rehabilitation-von-muskel-skelett-verletzungen","status":"publish","type":"product","link":"https:\/\/easyliferobo.com\/de\/product\/rehabilitation-von-muskel-skelett-verletzungen\/","title":{"rendered":"Rehabilitation von Muskel-Skelett-V..."},"content":{"rendered":"<p>  Rehabilitation von Muskel-Skelett-Verletzungen, f\u00fcnfte Auflage mit HKPropel Online Video, stellt grundlegende Konzepte vor, die ein umfassendes Verst\u00e4ndnis therapeutischer Interventionen und Rehabilitationstechniken unterst\u00fctzen. Dieser mit den neuesten Forschungsergebnissen der evidenzbasierten Praxis aktualisierte Text bereitet Studenten auf Karrieren im Gesundheitswesen vor und dient gleichzeitig als wertvolle Referenz f\u00fcr erfahrene Kliniker. Die Leser erfahren, was sie bei der Behandlung von Klienten erwartet, wie sie evidenzbasiertes Wissen anwenden und wie sie individuelle Reha-Programme anpassen k\u00f6nnen. Zugeh\u00f6rige Online-Videos demonstrieren 47 der anspruchsvollsten oder neuartigsten Techniken und k\u00f6nnen im Unterricht oder in der t\u00e4glichen Praxis eingesetzt werden.<br \/>Der \u00fcberarbeitete Titel, der in fr\u00fcheren Ausgaben den Titel Therapeutic Exercise for Musculoskeletal Injuries trug, unterst\u00fctzt die Weiterentwicklung des Fachgebiets und spiegelt die Konzepte und das Verst\u00e4ndnis der vollst\u00e4ndigen Rehabilitation des Patienten besser wider. Die in Rehabilitation of Musculoskeletal Injuries vorgestellten Inhalte entsprechen den Akkreditierungsstandards des Board of Certification (BOC) und bereiten die Sch\u00fcler auf die BOC-Pr\u00fcfung zum Sporttrainer vor. Die angesehene Klinikerin Peggy A. Houglum, die \u00fcber mehr als 50 Jahre Erfahrung auf diesem Gebiet verf\u00fcgt, leitet das Expertenteam, um evidenzbasierte Perspektiven, aktualisierte Theorien und praktische Anwendungen bereitzustellen. Die neueste Ausgabe wird durch Beitr\u00e4ge der neuen Autoren Daniel E. Houglum und Kristine L. Boyle-Walker erg\u00e4nzt, die zusammen \u00fcber 54 Jahre Erfahrung als Sporttrainer, Physiotherapeuten und Ausbilder verf\u00fcgen.<br \/>Die f\u00fcnfte Ausgabe von Rehabilitation of Musculoskeletal Injuries legt einen gr\u00f6\u00dferen Schwerpunkt auf Fertigkeiten h\u00f6herer Ordnung. Obwohl weiterhin therapeutische \u00dcbungsinterventionen vorgestellt werden, umfasst der zus\u00e4tzliche Inhalt auch die anderen Aspekte der Rehabilitation, die bei Patienten in klinischen Situationen angewendet werden k\u00f6nnten, einschlie\u00dflich therapeutischer Interventionen verschiedener Modalit\u00e4ten. Auch spezifische Untersuchungsaspekte, die f\u00fcr die Gestaltung eines Rehabilitationsprogramms notwendig sind, werden einbezogen. Diese Ausgabe enth\u00e4lt au\u00dferdem einen neuen Abschnitt zur Gelenkmanipulation und ein neues Kapitel zu funktionellen Anpassungen in der Rehabilitation, das sich auf die Bereitstellung emotionaler und k\u00f6rperlicher Unterst\u00fctzung bei der Unterst\u00fctzung der Patienten bei der R\u00fcckkehr zu Aktivit\u00e4ten des t\u00e4glichen Lebens konzentriert. Der Videoinhalt wird um 11 neue Clips erweitert, die therapeutische Techniken hervorheben, und mehr als 450 Farbfotos und 750 Illustrationen helfen, das Verst\u00e4ndnis zu verbessern und komplizierte Konzepte zu verdeutlichen.<br \/>Rehabilitation of Musculoskeletal Injuries, 5. Auflage, bietet eine umfassende Abdeckung von Heilungskonzepten, Untersuchungs- und Beurteilungstechniken und stellt sicher, dass die Studierenden von einem soliden Verst\u00e4ndnis der grundlegenden F\u00e4higkeiten und Kenntnisse, die von Klinikern verlangt werden, zum Verst\u00e4ndnis fortgeschrittener Probleml\u00f6sungsf\u00e4higkeiten \u00fcbergehen, um zuverl\u00e4ssige Rehabilitationsentscheidungen zu treffen. Der Text zeigt, wie man Rehabilitationsprogramme mit verschiedenen Modalit\u00e4ten, manueller Therapie und therapeutischen \u00dcbungen erstellt, und beleuchtet spezielle \u00dcberlegungen und Anwendungen f\u00fcr bestimmte K\u00f6rperregionen.<br \/>Zu den Lernhilfen geh\u00f6ren Fallstudien, die den Schwerpunkt auf die praktische Anwendung legen, Seitenleisten zu \u201eEvidence in Rehabilitation\u201c, die sich auf von Experten begutachtete Forschung und deren praktische Anwendung konzentrieren, sowie klinische Tipps, die die wichtigsten Punkte in jedem Kapitel veranschaulichen. Zu den weiteren Lernhilfen geh\u00f6ren Kapitelziele, Laboraktivit\u00e4ten, Schl\u00fcsselbegriffe, Fragen zum kritischen Denken und Referenzen. F\u00fcr maximale Flexibilit\u00e4t bei der Anpassung an die Kursanforderungen k\u00f6nnen Dozenten, die bestimmte Themen unterrichten m\u00f6chten, bestimmte Kapitel oder Abschnitte des Buches \u00fcber das benutzerdefinierte E-Book-Programm von Human Kinetics \u00fcbernehmen.<br \/>Hinweis: Ein Code f\u00fcr den Zugriff auf Online-Videos ist in allen neuen gedruckten B\u00fcchern enthalten.<br \/>Herausgeber \u200f : \u200e Human Kinetics       <br \/> Erscheinungsdatum \u200f : \u200e 15. Nov. 2022       <br \/> Auflage \u200f : \u200e 5       <br \/> Sprache \u200f : \u200e Englisch   <br \/> Druckl\u00e4nge \u200f : \u200e 1176 Seiten       <br \/> ISBN-10 \u200f : \u200e 1718203152       <br \/> ISBN-13 \u200f : \u200e 978-1718203150       <br \/> Abmessungen \u200f : \u200e 22,2 x 5,79 x 28,19 cm       <br \/>       Bestseller-Rang: 917.645 in B\u00fcchern (siehe Top 100 in B\u00fcchern) 392 in Physikalische Medizin und Rehabilitation 393 in Sportverletzungen 1.093 in Physiotherapie (B\u00fccher)      <br \/>  Kundenrezensionen: 4,2 4,2 von 5 Sternen (12) var dpAcrHasRegisteredArcLinkClickAction; P.when(&#8218;A&#8216;, &#8218;ready&#8216;).execute(function(A) { if (dpAcrHasRegisteredArcLinkClickAction !== true) { dpAcrHasRegisteredArcLinkClickAction = true; A.declarative( &#8218;acrLink-click-metrics&#8216;, &#8218;click&#8216;, { &#8222;allowLinkDefault&#8220;: true }, function (event) { if (window.ue) { ue.count(&#8222;acrLinkClickCount&#8220;, (ue.count(&#8222;acrLinkClickCount&#8220;) || 0) + 1 } } }); P.when(&#8218;A&#8216;, &#8218;cf&#8216;).execute(function(A) { A.declarative(&#8218;acrStarsLink-click-metrics&#8216;, &#8218;click&#8216;, { &#8222;allowLinkDefault&#8220; : true }, function(event){ if(window.ue) { ue.count(&#8222;acrStarsLinkWithPopoverClickCount&#8220;, (ue.count(&#8222;acrStarsLinkWithPopoverClickCount&#8220;) || 0) + 1); } }); });                          <br \/>[ad_2]<\/p>\n","protected":false},"excerpt":{"rendered":"<p>Rehabilitation von Muskel-Skelett-Verletzungen, f\u00fcnfte Auflage mit HKPropel Online Video, stellt grundlegende Konzepte vor, die ein umfassendes Verst\u00e4ndnis therapeutischer Interventionen und Rehabilitationstechniken unterst\u00fctzen. Dieser mit den neuesten Forschungsergebnissen der evidenzbasierten Praxis aktualisierte Text bereitet Studenten auf Karrieren im Gesundheitswesen vor und dient gleichzeitig als wertvolle Referenz f\u00fcr erfahrene Kliniker. Die Leser erfahren, was sie bei der [&hellip;]<\/p>\n","protected":false},"featured_media":5096,"comment_status":"open","ping_status":"closed","template":"","meta":{"_aipt_faq_data":""},"store":[],"product_brand":[],"product_cat":[108],"product_tag":[314],"class_list":{"0":"post-5095","1":"product","2":"type-product","3":"status-publish","4":"has-post-thumbnail","6":"product_cat-rehabilitationsroboter","7":"product_tag-rehabilitationsroboter-fuer-bewegungsuebungen","9":"first","10":"instock","11":"shipping-taxable","12":"product-type-external"},"yoast_head":"<!-- This site is optimized with the Yoast SEO plugin v27.4 - https:\/\/yoast.com\/product\/yoast-seo-wordpress\/ -->\n<title>Rehabilitation von Muskel-Skelett-Verletzungen - EasyLifeBro<\/title>\n<meta name=\"description\" content=\"Entdecken Sie smarte Roboter f\u00fcr Zuhause, Garten, Bildung und Sicherheit. Vergleichen Sie Saugroboter, Rasenm\u00e4hroboter, KI-Begleitroboter und mehr bei EasyLifeRobo.\" \/>\n<meta name=\"robots\" content=\"index, follow, max-snippet:-1, max-image-preview:large, max-video-preview:-1\" \/>\n<link rel=\"canonical\" href=\"https:\/\/easyliferobo.com\/de\/product\/rehabilitation-von-muskel-skelett-verletzungen\/\" \/>\n<meta property=\"og:locale\" content=\"de_DE\" \/>\n<meta property=\"og:type\" content=\"article\" \/>\n<meta property=\"og:title\" content=\"Rehabilitation von Muskel-Skelett-Verletzungen - EasyLifeBro\" \/>\n<meta property=\"og:description\" content=\"Entdecken Sie smarte Roboter f\u00fcr Zuhause, Garten, Bildung und Sicherheit. Vergleichen Sie Saugroboter, Rasenm\u00e4hroboter, KI-Begleitroboter und mehr bei EasyLifeRobo.\" \/>\n<meta property=\"og:url\" content=\"https:\/\/easyliferobo.com\/de\/product\/rehabilitation-von-muskel-skelett-verletzungen\/\" \/>\n<meta property=\"og:site_name\" content=\"EasyLifeBro\" \/>\n<meta property=\"article:modified_time\" content=\"2026-02-27T15:28:23+00:00\" \/>\n<meta name=\"twitter:card\" content=\"summary_large_image\" \/>\n<meta name=\"twitter:label1\" content=\"Gesch\u00e4tzte Lesezeit\" \/>\n\t<meta name=\"twitter:data1\" content=\"3\u00a0Minuten\" \/>\n<script type=\"application\/ld+json\" class=\"yoast-schema-graph\">{\"@context\":\"https:\\\/\\\/schema.org\",\"@graph\":[{\"@type\":\"WebPage\",\"@id\":\"https:\\\/\\\/easyliferobo.com\\\/de\\\/product\\\/rehabilitation-von-muskel-skelett-verletzungen\\\/\",\"url\":\"https:\\\/\\\/easyliferobo.com\\\/de\\\/product\\\/rehabilitation-von-muskel-skelett-verletzungen\\\/\",\"name\":\"Rehabilitation von Muskel-Skelett-Verletzungen - EasyLifeBro\",\"isPartOf\":{\"@id\":\"https:\\\/\\\/easyliferobo.com\\\/de\\\/#website\"},\"primaryImageOfPage\":{\"@id\":\"https:\\\/\\\/easyliferobo.com\\\/de\\\/product\\\/rehabilitation-von-muskel-skelett-verletzungen\\\/#primaryimage\"},\"image\":{\"@id\":\"https:\\\/\\\/easyliferobo.com\\\/de\\\/product\\\/rehabilitation-von-muskel-skelett-verletzungen\\\/#primaryimage\"},\"thumbnailUrl\":\"https:\\\/\\\/easyliferobo.com\\\/de\\\/wp-content\\\/uploads\\\/2026\\\/02\\\/81CU1KS7A4L._SL1500_.jpg\",\"datePublished\":\"2026-02-27T15:28:14+00:00\",\"dateModified\":\"2026-02-27T15:28:23+00:00\",\"description\":\"Entdecken Sie smarte Roboter f\u00fcr Zuhause, Garten, Bildung und Sicherheit. Vergleichen Sie Saugroboter, Rasenm\u00e4hroboter, KI-Begleitroboter und mehr bei EasyLifeRobo.\",\"breadcrumb\":{\"@id\":\"https:\\\/\\\/easyliferobo.com\\\/de\\\/product\\\/rehabilitation-von-muskel-skelett-verletzungen\\\/#breadcrumb\"},\"inLanguage\":\"de\",\"potentialAction\":[{\"@type\":\"ReadAction\",\"target\":[\"https:\\\/\\\/easyliferobo.com\\\/de\\\/product\\\/rehabilitation-von-muskel-skelett-verletzungen\\\/\"]}]},{\"@type\":\"ImageObject\",\"inLanguage\":\"de\",\"@id\":\"https:\\\/\\\/easyliferobo.com\\\/de\\\/product\\\/rehabilitation-von-muskel-skelett-verletzungen\\\/#primaryimage\",\"url\":\"https:\\\/\\\/easyliferobo.com\\\/de\\\/wp-content\\\/uploads\\\/2026\\\/02\\\/81CU1KS7A4L._SL1500_.jpg\",\"contentUrl\":\"https:\\\/\\\/easyliferobo.com\\\/de\\\/wp-content\\\/uploads\\\/2026\\\/02\\\/81CU1KS7A4L._SL1500_.jpg\",\"width\":1167,\"height\":1500},{\"@type\":\"BreadcrumbList\",\"@id\":\"https:\\\/\\\/easyliferobo.com\\\/de\\\/product\\\/rehabilitation-von-muskel-skelett-verletzungen\\\/#breadcrumb\",\"itemListElement\":[{\"@type\":\"ListItem\",\"position\":1,\"name\":\"Home\",\"item\":\"https:\\\/\\\/easyliferobo.com\\\/de\\\/\"},{\"@type\":\"ListItem\",\"position\":2,\"name\":\"Shop\",\"item\":\"https:\\\/\\\/easyliferobo.com\\\/de\\\/shop\\\/\"},{\"@type\":\"ListItem\",\"position\":3,\"name\":\"Rehabilitation von Muskel-Skelett-V...\"}]},{\"@type\":\"WebSite\",\"@id\":\"https:\\\/\\\/easyliferobo.com\\\/de\\\/#website\",\"url\":\"https:\\\/\\\/easyliferobo.com\\\/de\\\/\",\"name\":\"EasyLifeBro\",\"description\":\"Smarte Roboter f\u00fcr Zuhause, Garten &amp; Bildung\",\"publisher\":{\"@id\":\"https:\\\/\\\/easyliferobo.com\\\/de\\\/#organization\"},\"potentialAction\":[{\"@type\":\"SearchAction\",\"target\":{\"@type\":\"EntryPoint\",\"urlTemplate\":\"https:\\\/\\\/easyliferobo.com\\\/de\\\/?s={search_term_string}\"},\"query-input\":{\"@type\":\"PropertyValueSpecification\",\"valueRequired\":true,\"valueName\":\"search_term_string\"}}],\"inLanguage\":\"de\"},{\"@type\":\"Organization\",\"@id\":\"https:\\\/\\\/easyliferobo.com\\\/de\\\/#organization\",\"name\":\"EasyLifeBro\",\"url\":\"https:\\\/\\\/easyliferobo.com\\\/de\\\/\",\"logo\":{\"@type\":\"ImageObject\",\"inLanguage\":\"de\",\"@id\":\"https:\\\/\\\/easyliferobo.com\\\/de\\\/#\\\/schema\\\/logo\\\/image\\\/\",\"url\":\"https:\\\/\\\/easyliferobo.com\\\/de\\\/wp-content\\\/uploads\\\/2026\\\/02\\\/Screenshot-2026-02-22-at-2.25.03-PM.png\",\"contentUrl\":\"https:\\\/\\\/easyliferobo.com\\\/de\\\/wp-content\\\/uploads\\\/2026\\\/02\\\/Screenshot-2026-02-22-at-2.25.03-PM.png\",\"width\":1858,\"height\":430,\"caption\":\"EasyLifeBro\"},\"image\":{\"@id\":\"https:\\\/\\\/easyliferobo.com\\\/de\\\/#\\\/schema\\\/logo\\\/image\\\/\"}}]}<\/script>\n<!-- \/ Yoast SEO plugin. -->","yoast_head_json":{"title":"Rehabilitation von Muskel-Skelett-Verletzungen - EasyLifeBro","description":"Entdecken Sie smarte Roboter f\u00fcr Zuhause, Garten, Bildung und Sicherheit. Vergleichen Sie Saugroboter, Rasenm\u00e4hroboter, KI-Begleitroboter und mehr bei EasyLifeRobo.","robots":{"index":"index","follow":"follow","max-snippet":"max-snippet:-1","max-image-preview":"max-image-preview:large","max-video-preview":"max-video-preview:-1"},"canonical":"https:\/\/easyliferobo.com\/de\/product\/rehabilitation-von-muskel-skelett-verletzungen\/","og_locale":"de_DE","og_type":"article","og_title":"Rehabilitation von Muskel-Skelett-Verletzungen - EasyLifeBro","og_description":"Entdecken Sie smarte Roboter f\u00fcr Zuhause, Garten, Bildung und Sicherheit. Vergleichen Sie Saugroboter, Rasenm\u00e4hroboter, KI-Begleitroboter und mehr bei EasyLifeRobo.","og_url":"https:\/\/easyliferobo.com\/de\/product\/rehabilitation-von-muskel-skelett-verletzungen\/","og_site_name":"EasyLifeBro","article_modified_time":"2026-02-27T15:28:23+00:00","twitter_card":"summary_large_image","twitter_misc":{"Gesch\u00e4tzte Lesezeit":"3\u00a0Minuten"},"schema":{"@context":"https:\/\/schema.org","@graph":[{"@type":"WebPage","@id":"https:\/\/easyliferobo.com\/de\/product\/rehabilitation-von-muskel-skelett-verletzungen\/","url":"https:\/\/easyliferobo.com\/de\/product\/rehabilitation-von-muskel-skelett-verletzungen\/","name":"Rehabilitation von Muskel-Skelett-Verletzungen - EasyLifeBro","isPartOf":{"@id":"https:\/\/easyliferobo.com\/de\/#website"},"primaryImageOfPage":{"@id":"https:\/\/easyliferobo.com\/de\/product\/rehabilitation-von-muskel-skelett-verletzungen\/#primaryimage"},"image":{"@id":"https:\/\/easyliferobo.com\/de\/product\/rehabilitation-von-muskel-skelett-verletzungen\/#primaryimage"},"thumbnailUrl":"https:\/\/easyliferobo.com\/de\/wp-content\/uploads\/2026\/02\/81CU1KS7A4L._SL1500_.jpg","datePublished":"2026-02-27T15:28:14+00:00","dateModified":"2026-02-27T15:28:23+00:00","description":"Entdecken Sie smarte Roboter f\u00fcr Zuhause, Garten, Bildung und Sicherheit. Vergleichen Sie Saugroboter, Rasenm\u00e4hroboter, KI-Begleitroboter und mehr bei EasyLifeRobo.","breadcrumb":{"@id":"https:\/\/easyliferobo.com\/de\/product\/rehabilitation-von-muskel-skelett-verletzungen\/#breadcrumb"},"inLanguage":"de","potentialAction":[{"@type":"ReadAction","target":["https:\/\/easyliferobo.com\/de\/product\/rehabilitation-von-muskel-skelett-verletzungen\/"]}]},{"@type":"ImageObject","inLanguage":"de","@id":"https:\/\/easyliferobo.com\/de\/product\/rehabilitation-von-muskel-skelett-verletzungen\/#primaryimage","url":"https:\/\/easyliferobo.com\/de\/wp-content\/uploads\/2026\/02\/81CU1KS7A4L._SL1500_.jpg","contentUrl":"https:\/\/easyliferobo.com\/de\/wp-content\/uploads\/2026\/02\/81CU1KS7A4L._SL1500_.jpg","width":1167,"height":1500},{"@type":"BreadcrumbList","@id":"https:\/\/easyliferobo.com\/de\/product\/rehabilitation-von-muskel-skelett-verletzungen\/#breadcrumb","itemListElement":[{"@type":"ListItem","position":1,"name":"Home","item":"https:\/\/easyliferobo.com\/de\/"},{"@type":"ListItem","position":2,"name":"Shop","item":"https:\/\/easyliferobo.com\/de\/shop\/"},{"@type":"ListItem","position":3,"name":"Rehabilitation von Muskel-Skelett-V..."}]},{"@type":"WebSite","@id":"https:\/\/easyliferobo.com\/de\/#website","url":"https:\/\/easyliferobo.com\/de\/","name":"EasyLifeBro","description":"Smarte Roboter f\u00fcr Zuhause, Garten &amp; Bildung","publisher":{"@id":"https:\/\/easyliferobo.com\/de\/#organization"},"potentialAction":[{"@type":"SearchAction","target":{"@type":"EntryPoint","urlTemplate":"https:\/\/easyliferobo.com\/de\/?s={search_term_string}"},"query-input":{"@type":"PropertyValueSpecification","valueRequired":true,"valueName":"search_term_string"}}],"inLanguage":"de"},{"@type":"Organization","@id":"https:\/\/easyliferobo.com\/de\/#organization","name":"EasyLifeBro","url":"https:\/\/easyliferobo.com\/de\/","logo":{"@type":"ImageObject","inLanguage":"de","@id":"https:\/\/easyliferobo.com\/de\/#\/schema\/logo\/image\/","url":"https:\/\/easyliferobo.com\/de\/wp-content\/uploads\/2026\/02\/Screenshot-2026-02-22-at-2.25.03-PM.png","contentUrl":"https:\/\/easyliferobo.com\/de\/wp-content\/uploads\/2026\/02\/Screenshot-2026-02-22-at-2.25.03-PM.png","width":1858,"height":430,"caption":"EasyLifeBro"},"image":{"@id":"https:\/\/easyliferobo.com\/de\/#\/schema\/logo\/image\/"}}]}},"_links":{"self":[{"href":"https:\/\/easyliferobo.com\/de\/wp-json\/wp\/v2\/product\/5095","targetHints":{"allow":["GET"]}}],"collection":[{"href":"https:\/\/easyliferobo.com\/de\/wp-json\/wp\/v2\/product"}],"about":[{"href":"https:\/\/easyliferobo.com\/de\/wp-json\/wp\/v2\/types\/product"}],"replies":[{"embeddable":true,"href":"https:\/\/easyliferobo.com\/de\/wp-json\/wp\/v2\/comments?post=5095"}],"wp:featuredmedia":[{"embeddable":true,"href":"https:\/\/easyliferobo.com\/de\/wp-json\/wp\/v2\/media\/5096"}],"wp:attachment":[{"href":"https:\/\/easyliferobo.com\/de\/wp-json\/wp\/v2\/media?parent=5095"}],"wp:term":[{"taxonomy":"store","embeddable":true,"href":"https:\/\/easyliferobo.com\/de\/wp-json\/wp\/v2\/store?post=5095"},{"taxonomy":"product_brand","embeddable":true,"href":"https:\/\/easyliferobo.com\/de\/wp-json\/wp\/v2\/product_brand?post=5095"},{"taxonomy":"product_cat","embeddable":true,"href":"https:\/\/easyliferobo.com\/de\/wp-json\/wp\/v2\/product_cat?post=5095"},{"taxonomy":"product_tag","embeddable":true,"href":"https:\/\/easyliferobo.com\/de\/wp-json\/wp\/v2\/product_tag?post=5095"}],"curies":[{"name":"wp","href":"https:\/\/api.w.org\/{rel}","templated":true}]}}