
{"id":5044,"date":"2026-02-27T15:16:11","date_gmt":"2026-02-27T15:16:11","guid":{"rendered":"https:\/\/easyliferobo.com\/de\/product\/reolink-2k-ueberwachungskamera-fuer-den-innenbereich-360-ansicht-innenkamera-wlan-mit-auto-tracking-babyphone-mit-personen-tier-weinerkennung-24-ghz-wlan-privater-modus-2-wege-audio-e1\/"},"modified":"2026-02-27T15:16:26","modified_gmt":"2026-02-27T15:16:26","slug":"reolink-2k-ueberwachungskamera-fuer-den-innenbereich-360-ansicht-innenkamera-wlan-mit-auto-tracking-babyphone-mit-personen-tier-weinerkennung-24-ghz-wlan-privater-modus-2-wege-audio-e1","status":"publish","type":"product","link":"https:\/\/easyliferobo.com\/de\/product\/reolink-2k-ueberwachungskamera-fuer-den-innenbereich-360-ansicht-innenkamera-wlan-mit-auto-tracking-babyphone-mit-personen-tier-weinerkennung-24-ghz-wlan-privater-modus-2-wege-audio-e1\/","title":{"rendered":"Reolink 2K-\u00dcberwachungskamera f\u00fcr..."},"content":{"rendered":"<p>\n                                             Von der Marke   <\/p>\n<p>                                              <img decoding=\"async\" alt=\"\" src=\"https:\/\/images-na.ssl-images-amazon.com\/images\/G\/01\/x-locale\/common\/grey-pixel.gif\" class=\"a-lazy-loaded\" data-src=\"https:\/\/m.media-amazon.com\/images\/S\/aplus-media-library-service-media\/75e91a18-1d51-4f53-986d-75c1690bb866.__CR0,0,1464,625_PT0_SX1464_V1___.jpg\"><img decoding=\"async\" alt=\"\" src=\"https:\/\/m.media-amazon.com\/images\/S\/aplus-media-library-service-media\/75e91a18-1d51-4f53-986d-75c1690bb866.__CR0,0,1464,625_PT0_SX1464_V1___.jpg\">  <\/p>\n<h3>  Reolink WLAN-Kamera f\u00fcr den Innenbereich <\/h3>\n<p>  Hoher Datenschutz und flexible Speicherm\u00f6glichkeiten <\/p>\n<p>                                              <img decoding=\"async\" alt=\"\" src=\"https:\/\/images-na.ssl-images-amazon.com\/images\/G\/01\/x-locale\/common\/grey-pixel.gif\" class=\"a-lazy-loaded\" data-src=\"https:\/\/m.media-amazon.com\/images\/S\/aplus-media-library-service-media\/2a7a72c2-f77e-4a90-80cc-b2344681803b.__CR0,0,362,453_PT0_SX362_V1___.jpg\"><img decoding=\"async\" alt=\"\" src=\"https:\/\/m.media-amazon.com\/images\/S\/aplus-media-library-service-media\/2a7a72c2-f77e-4a90-80cc-b2344681803b.__CR0,0,362,453_PT0_SX362_V1___.jpg\">  <\/p>\n<h3>  4K-PTZ-WLAN-Kamera f\u00fcr den Innenbereich <\/h3>\n<p class=\"apm-brand-story-stores-link\">\n<h3>  Reolink WLAN-Innenkameras <\/h3>\n<p class=\"apm-brand-story-stores-link\">\n<h3>  Reolink WiFi-Au\u00dfenkameras <\/h3>\n<p class=\"apm-brand-story-stores-link\">\n<h3>  Reolink 4K WiFi-System <\/h3>\n<p class=\"apm-brand-story-stores-link\">\n<h3>  Reolink Akku-WLAN-Kameras <\/h3>\n<p class=\"apm-brand-story-stores-link\">\n<h3>  Reolink PoE-Kameras <\/h3>\n<p class=\"apm-brand-story-stores-link\">\n<p>                                              <img decoding=\"async\" alt=\"Aplus-Inhaltsbild\" src=\"https:\/\/images-na.ssl-images-amazon.com\/images\/G\/01\/x-locale\/common\/grey-pixel.gif\" class=\"a-lazy-loaded\" data-src=\"https:\/\/m.media-amazon.com\/images\/S\/aplus-media-library-service-media\/4454fde1-4e32-45ad-8e53-daf66e7fb08a.__CR0,0,362,453_PT0_SX362_V1___.jpg\"><img decoding=\"async\" alt=\"Aplus-Inhaltsbild\" src=\"https:\/\/m.media-amazon.com\/images\/S\/aplus-media-library-service-media\/4454fde1-4e32-45ad-8e53-daf66e7fb08a.__CR0,0,362,453_PT0_SX362_V1___.jpg\">  <\/p>\n<p>4 MP HD und Nachtsicht: Aktualisieren Sie auf 4 MP Klarheit mit optimierter IR-Nachtsicht f\u00fcr ein 30 % sch\u00e4rferes Bild. Erfasst selbst feinste Details, von der Atmung Ihres Babys bis zum Fell Ihres Haustiers.<br \/>Sofortige Schreierkennung und Zwei-Wege-Audio: Erhalten Sie sofort eine Benachrichtigung, wenn Ihr Baby weint, und beruhigen Sie es direkt \u00fcber die integrierte Zwei-Wege-Kommunikation \u2013 f\u00fcr ein sicheres Gef\u00fchl, auch wenn Sie nicht vor Ort sind.<br \/>360\u00b0-Abdeckung und automatische Verfolgung: Mit der 355\u00b0-Schwenkfunktion und der automatischen Verfolgung deckt die Kamera den gesamten Raum ab. Es folgt Bewegungen in Echtzeit \u2013 ideal f\u00fcr die \u00dcberwachung von Kinderbetten oder Haustieren.<br \/>Lokale und Online-Speicheroptionen (ohne zus\u00e4tzliche Kosten): Genie\u00dfen Sie flexible und sichere lokale Speicherung ohne monatliche Geb\u00fchren. Ob auf einer microSD-Karte (bis zu 512 GB), einem Reolink NVR oder dem Reolink Home Hub\/Home Hub Pro, Sie haben immer die volle Kontrolle \u00fcber Ihre Daten. Alternativ Backup \u00fcber Reolink Cloud.<br \/>KOMFORTABLE VERWALTUNG &#038; DATENSCHUTZMODUS Die Reolink-App ohne monatliche Geb\u00fchren unterst\u00fctzt bis zu 10 Benutzer (1 Administrator und 9 normale Benutzer) und bis zu 4 gleichzeitige Betrachter (2 Haupt- und 2 Nebenbenutzer). Sie k\u00f6nnen den Datenschutzmodus aktivieren, um die Kameraansicht und die Audioaufnahme zu blockieren (kann nur vom Administrator der Kamera aktiviert\/deaktiviert werden).<\/p>\n<p>[ad_2]<\/p>\n","protected":false},"excerpt":{"rendered":"<p>Von der Marke Reolink WLAN-Kamera f\u00fcr den Innenbereich Hoher Datenschutz und flexible Speicherm\u00f6glichkeiten 4K-PTZ-WLAN-Kamera f\u00fcr den Innenbereich Reolink WLAN-Innenkameras Reolink WiFi-Au\u00dfenkameras Reolink 4K WiFi-System Reolink Akku-WLAN-Kameras Reolink PoE-Kameras 4 MP HD und Nachtsicht: Aktualisieren Sie auf 4 MP Klarheit mit optimierter IR-Nachtsicht f\u00fcr ein 30 % sch\u00e4rferes Bild. Erfasst selbst feinste Details, von der Atmung [&hellip;]<\/p>\n","protected":false},"featured_media":5045,"comment_status":"open","ping_status":"closed","template":"","meta":{"_aipt_faq_data":""},"store":[],"product_brand":[156],"product_cat":[116],"product_tag":[152],"class_list":{"0":"post-5044","1":"product","2":"type-product","3":"status-publish","4":"has-post-thumbnail","6":"product_brand-reolink","7":"product_cat-innen-aussen-sicherheitsroboter","8":"product_tag-innen-aussen-sicherheitsroboter-mit-kamera","10":"first","11":"instock","12":"sale","13":"shipping-taxable","14":"product-type-external"},"yoast_head":"<!-- This site is optimized with the Yoast SEO plugin v27.0 - https:\/\/yoast.com\/product\/yoast-seo-wordpress\/ -->\n<title>Reolink 2K-\u00dcberwachungskamera f\u00fcr den Innenbereich, 360\u00b0-Ansicht, Innenkamera WLAN mit Auto-Tracking, Babyphone mit Personen-\/Tier-\/Weinerkennung, 2,4-GHz-WLAN, privater Modus, 2-Wege-Audio, E1 4 MP - EasyLifeBro<\/title>\n<meta name=\"description\" content=\"Entdecken Sie smarte Roboter f\u00fcr Zuhause, Garten, Bildung und Sicherheit. Vergleichen Sie Saugroboter, Rasenm\u00e4hroboter, KI-Begleitroboter und mehr bei EasyLifeRobo.\" \/>\n<meta name=\"robots\" content=\"index, follow, max-snippet:-1, max-image-preview:large, max-video-preview:-1\" \/>\n<link rel=\"canonical\" href=\"https:\/\/easyliferobo.com\/de\/product\/reolink-2k-ueberwachungskamera-fuer-den-innenbereich-360-ansicht-innenkamera-wlan-mit-auto-tracking-babyphone-mit-personen-tier-weinerkennung-24-ghz-wlan-privater-modus-2-wege-audio-e1\/\" \/>\n<meta property=\"og:locale\" content=\"de_DE\" \/>\n<meta property=\"og:type\" content=\"article\" \/>\n<meta property=\"og:title\" content=\"Reolink 2K-\u00dcberwachungskamera f\u00fcr den Innenbereich, 360\u00b0-Ansicht, Innenkamera WLAN mit Auto-Tracking, Babyphone mit Personen-\/Tier-\/Weinerkennung, 2,4-GHz-WLAN, privater Modus, 2-Wege-Audio, E1 4 MP - EasyLifeBro\" \/>\n<meta property=\"og:description\" content=\"Entdecken Sie smarte Roboter f\u00fcr Zuhause, Garten, Bildung und Sicherheit. Vergleichen Sie Saugroboter, Rasenm\u00e4hroboter, KI-Begleitroboter und mehr bei EasyLifeRobo.\" \/>\n<meta property=\"og:url\" content=\"https:\/\/easyliferobo.com\/de\/product\/reolink-2k-ueberwachungskamera-fuer-den-innenbereich-360-ansicht-innenkamera-wlan-mit-auto-tracking-babyphone-mit-personen-tier-weinerkennung-24-ghz-wlan-privater-modus-2-wege-audio-e1\/\" \/>\n<meta property=\"og:site_name\" content=\"EasyLifeBro\" \/>\n<meta property=\"article:modified_time\" content=\"2026-02-27T15:16:26+00:00\" \/>\n<meta property=\"og:image\" content=\"https:\/\/images-na.ssl-images-amazon.com\/images\/G\/01\/x-locale\/common\/grey-pixel.gif\" \/>\n<meta name=\"twitter:card\" content=\"summary_large_image\" \/>\n<meta name=\"twitter:label1\" content=\"Gesch\u00e4tzte Lesezeit\" \/>\n\t<meta name=\"twitter:data1\" content=\"1\u00a0Minute\" \/>\n<script type=\"application\/ld+json\" class=\"yoast-schema-graph\">{\"@context\":\"https:\/\/schema.org\",\"@graph\":[{\"@type\":\"WebPage\",\"@id\":\"https:\/\/easyliferobo.com\/de\/product\/reolink-2k-ueberwachungskamera-fuer-den-innenbereich-360-ansicht-innenkamera-wlan-mit-auto-tracking-babyphone-mit-personen-tier-weinerkennung-24-ghz-wlan-privater-modus-2-wege-audio-e1\/\",\"url\":\"https:\/\/easyliferobo.com\/de\/product\/reolink-2k-ueberwachungskamera-fuer-den-innenbereich-360-ansicht-innenkamera-wlan-mit-auto-tracking-babyphone-mit-personen-tier-weinerkennung-24-ghz-wlan-privater-modus-2-wege-audio-e1\/\",\"name\":\"Reolink 2K-\u00dcberwachungskamera f\u00fcr den Innenbereich, 360\u00b0-Ansicht, Innenkamera WLAN mit Auto-Tracking, Babyphone mit Personen-\/Tier-\/Weinerkennung, 2,4-GHz-WLAN, privater Modus, 2-Wege-Audio, E1 4 MP - EasyLifeBro\",\"isPartOf\":{\"@id\":\"https:\/\/easyliferobo.com\/de\/#website\"},\"primaryImageOfPage\":{\"@id\":\"https:\/\/easyliferobo.com\/de\/product\/reolink-2k-ueberwachungskamera-fuer-den-innenbereich-360-ansicht-innenkamera-wlan-mit-auto-tracking-babyphone-mit-personen-tier-weinerkennung-24-ghz-wlan-privater-modus-2-wege-audio-e1\/#primaryimage\"},\"image\":{\"@id\":\"https:\/\/easyliferobo.com\/de\/product\/reolink-2k-ueberwachungskamera-fuer-den-innenbereich-360-ansicht-innenkamera-wlan-mit-auto-tracking-babyphone-mit-personen-tier-weinerkennung-24-ghz-wlan-privater-modus-2-wege-audio-e1\/#primaryimage\"},\"thumbnailUrl\":\"https:\/\/easyliferobo.com\/de\/wp-content\/uploads\/2026\/02\/71unbRC9kXL._AC_SL1500_.jpg\",\"datePublished\":\"2026-02-27T15:16:11+00:00\",\"dateModified\":\"2026-02-27T15:16:26+00:00\",\"description\":\"Entdecken Sie smarte Roboter f\u00fcr Zuhause, Garten, Bildung und Sicherheit. Vergleichen Sie Saugroboter, Rasenm\u00e4hroboter, KI-Begleitroboter und mehr bei EasyLifeRobo.\",\"breadcrumb\":{\"@id\":\"https:\/\/easyliferobo.com\/de\/product\/reolink-2k-ueberwachungskamera-fuer-den-innenbereich-360-ansicht-innenkamera-wlan-mit-auto-tracking-babyphone-mit-personen-tier-weinerkennung-24-ghz-wlan-privater-modus-2-wege-audio-e1\/#breadcrumb\"},\"inLanguage\":\"de\",\"potentialAction\":[{\"@type\":\"ReadAction\",\"target\":[\"https:\/\/easyliferobo.com\/de\/product\/reolink-2k-ueberwachungskamera-fuer-den-innenbereich-360-ansicht-innenkamera-wlan-mit-auto-tracking-babyphone-mit-personen-tier-weinerkennung-24-ghz-wlan-privater-modus-2-wege-audio-e1\/\"]}]},{\"@type\":\"ImageObject\",\"inLanguage\":\"de\",\"@id\":\"https:\/\/easyliferobo.com\/de\/product\/reolink-2k-ueberwachungskamera-fuer-den-innenbereich-360-ansicht-innenkamera-wlan-mit-auto-tracking-babyphone-mit-personen-tier-weinerkennung-24-ghz-wlan-privater-modus-2-wege-audio-e1\/#primaryimage\",\"url\":\"https:\/\/easyliferobo.com\/de\/wp-content\/uploads\/2026\/02\/71unbRC9kXL._AC_SL1500_.jpg\",\"contentUrl\":\"https:\/\/easyliferobo.com\/de\/wp-content\/uploads\/2026\/02\/71unbRC9kXL._AC_SL1500_.jpg\",\"width\":1420,\"height\":1300},{\"@type\":\"BreadcrumbList\",\"@id\":\"https:\/\/easyliferobo.com\/de\/product\/reolink-2k-ueberwachungskamera-fuer-den-innenbereich-360-ansicht-innenkamera-wlan-mit-auto-tracking-babyphone-mit-personen-tier-weinerkennung-24-ghz-wlan-privater-modus-2-wege-audio-e1\/#breadcrumb\",\"itemListElement\":[{\"@type\":\"ListItem\",\"position\":1,\"name\":\"Home\",\"item\":\"https:\/\/easyliferobo.com\/de\/\"},{\"@type\":\"ListItem\",\"position\":2,\"name\":\"Shop\",\"item\":\"https:\/\/easyliferobo.com\/de\/shop\/\"},{\"@type\":\"ListItem\",\"position\":3,\"name\":\"Reolink 2K-\u00dcberwachungskamera f\u00fcr...\"}]},{\"@type\":\"WebSite\",\"@id\":\"https:\/\/easyliferobo.com\/de\/#website\",\"url\":\"https:\/\/easyliferobo.com\/de\/\",\"name\":\"EasyLifeBro\",\"description\":\"Smarte Roboter f\u00fcr Zuhause, Garten &amp; Bildung\",\"publisher\":{\"@id\":\"https:\/\/easyliferobo.com\/de\/#organization\"},\"potentialAction\":[{\"@type\":\"SearchAction\",\"target\":{\"@type\":\"EntryPoint\",\"urlTemplate\":\"https:\/\/easyliferobo.com\/de\/?s={search_term_string}\"},\"query-input\":{\"@type\":\"PropertyValueSpecification\",\"valueRequired\":true,\"valueName\":\"search_term_string\"}}],\"inLanguage\":\"de\"},{\"@type\":\"Organization\",\"@id\":\"https:\/\/easyliferobo.com\/de\/#organization\",\"name\":\"EasyLifeBro\",\"url\":\"https:\/\/easyliferobo.com\/de\/\",\"logo\":{\"@type\":\"ImageObject\",\"inLanguage\":\"de\",\"@id\":\"https:\/\/easyliferobo.com\/de\/#\/schema\/logo\/image\/\",\"url\":\"https:\/\/easyliferobo.com\/de\/wp-content\/uploads\/2026\/02\/Screenshot-2026-02-22-at-2.25.03-PM.png\",\"contentUrl\":\"https:\/\/easyliferobo.com\/de\/wp-content\/uploads\/2026\/02\/Screenshot-2026-02-22-at-2.25.03-PM.png\",\"width\":1858,\"height\":430,\"caption\":\"EasyLifeBro\"},\"image\":{\"@id\":\"https:\/\/easyliferobo.com\/de\/#\/schema\/logo\/image\/\"}}]}<\/script>\n<!-- \/ Yoast SEO plugin. -->","yoast_head_json":{"title":"Reolink 2K-\u00dcberwachungskamera f\u00fcr den Innenbereich, 360\u00b0-Ansicht, Innenkamera WLAN mit Auto-Tracking, Babyphone mit Personen-\/Tier-\/Weinerkennung, 2,4-GHz-WLAN, privater Modus, 2-Wege-Audio, E1 4 MP - EasyLifeBro","description":"Entdecken Sie smarte Roboter f\u00fcr Zuhause, Garten, Bildung und Sicherheit. Vergleichen Sie Saugroboter, Rasenm\u00e4hroboter, KI-Begleitroboter und mehr bei EasyLifeRobo.","robots":{"index":"index","follow":"follow","max-snippet":"max-snippet:-1","max-image-preview":"max-image-preview:large","max-video-preview":"max-video-preview:-1"},"canonical":"https:\/\/easyliferobo.com\/de\/product\/reolink-2k-ueberwachungskamera-fuer-den-innenbereich-360-ansicht-innenkamera-wlan-mit-auto-tracking-babyphone-mit-personen-tier-weinerkennung-24-ghz-wlan-privater-modus-2-wege-audio-e1\/","og_locale":"de_DE","og_type":"article","og_title":"Reolink 2K-\u00dcberwachungskamera f\u00fcr den Innenbereich, 360\u00b0-Ansicht, Innenkamera WLAN mit Auto-Tracking, Babyphone mit Personen-\/Tier-\/Weinerkennung, 2,4-GHz-WLAN, privater Modus, 2-Wege-Audio, E1 4 MP - EasyLifeBro","og_description":"Entdecken Sie smarte Roboter f\u00fcr Zuhause, Garten, Bildung und Sicherheit. Vergleichen Sie Saugroboter, Rasenm\u00e4hroboter, KI-Begleitroboter und mehr bei EasyLifeRobo.","og_url":"https:\/\/easyliferobo.com\/de\/product\/reolink-2k-ueberwachungskamera-fuer-den-innenbereich-360-ansicht-innenkamera-wlan-mit-auto-tracking-babyphone-mit-personen-tier-weinerkennung-24-ghz-wlan-privater-modus-2-wege-audio-e1\/","og_site_name":"EasyLifeBro","article_modified_time":"2026-02-27T15:16:26+00:00","og_image":[{"url":"https:\/\/images-na.ssl-images-amazon.com\/images\/G\/01\/x-locale\/common\/grey-pixel.gif","type":"","width":"","height":""}],"twitter_card":"summary_large_image","twitter_misc":{"Gesch\u00e4tzte Lesezeit":"1\u00a0Minute"},"schema":{"@context":"https:\/\/schema.org","@graph":[{"@type":"WebPage","@id":"https:\/\/easyliferobo.com\/de\/product\/reolink-2k-ueberwachungskamera-fuer-den-innenbereich-360-ansicht-innenkamera-wlan-mit-auto-tracking-babyphone-mit-personen-tier-weinerkennung-24-ghz-wlan-privater-modus-2-wege-audio-e1\/","url":"https:\/\/easyliferobo.com\/de\/product\/reolink-2k-ueberwachungskamera-fuer-den-innenbereich-360-ansicht-innenkamera-wlan-mit-auto-tracking-babyphone-mit-personen-tier-weinerkennung-24-ghz-wlan-privater-modus-2-wege-audio-e1\/","name":"Reolink 2K-\u00dcberwachungskamera f\u00fcr den Innenbereich, 360\u00b0-Ansicht, Innenkamera WLAN mit Auto-Tracking, Babyphone mit Personen-\/Tier-\/Weinerkennung, 2,4-GHz-WLAN, privater Modus, 2-Wege-Audio, E1 4 MP - EasyLifeBro","isPartOf":{"@id":"https:\/\/easyliferobo.com\/de\/#website"},"primaryImageOfPage":{"@id":"https:\/\/easyliferobo.com\/de\/product\/reolink-2k-ueberwachungskamera-fuer-den-innenbereich-360-ansicht-innenkamera-wlan-mit-auto-tracking-babyphone-mit-personen-tier-weinerkennung-24-ghz-wlan-privater-modus-2-wege-audio-e1\/#primaryimage"},"image":{"@id":"https:\/\/easyliferobo.com\/de\/product\/reolink-2k-ueberwachungskamera-fuer-den-innenbereich-360-ansicht-innenkamera-wlan-mit-auto-tracking-babyphone-mit-personen-tier-weinerkennung-24-ghz-wlan-privater-modus-2-wege-audio-e1\/#primaryimage"},"thumbnailUrl":"https:\/\/easyliferobo.com\/de\/wp-content\/uploads\/2026\/02\/71unbRC9kXL._AC_SL1500_.jpg","datePublished":"2026-02-27T15:16:11+00:00","dateModified":"2026-02-27T15:16:26+00:00","description":"Entdecken Sie smarte Roboter f\u00fcr Zuhause, Garten, Bildung und Sicherheit. Vergleichen Sie Saugroboter, Rasenm\u00e4hroboter, KI-Begleitroboter und mehr bei EasyLifeRobo.","breadcrumb":{"@id":"https:\/\/easyliferobo.com\/de\/product\/reolink-2k-ueberwachungskamera-fuer-den-innenbereich-360-ansicht-innenkamera-wlan-mit-auto-tracking-babyphone-mit-personen-tier-weinerkennung-24-ghz-wlan-privater-modus-2-wege-audio-e1\/#breadcrumb"},"inLanguage":"de","potentialAction":[{"@type":"ReadAction","target":["https:\/\/easyliferobo.com\/de\/product\/reolink-2k-ueberwachungskamera-fuer-den-innenbereich-360-ansicht-innenkamera-wlan-mit-auto-tracking-babyphone-mit-personen-tier-weinerkennung-24-ghz-wlan-privater-modus-2-wege-audio-e1\/"]}]},{"@type":"ImageObject","inLanguage":"de","@id":"https:\/\/easyliferobo.com\/de\/product\/reolink-2k-ueberwachungskamera-fuer-den-innenbereich-360-ansicht-innenkamera-wlan-mit-auto-tracking-babyphone-mit-personen-tier-weinerkennung-24-ghz-wlan-privater-modus-2-wege-audio-e1\/#primaryimage","url":"https:\/\/easyliferobo.com\/de\/wp-content\/uploads\/2026\/02\/71unbRC9kXL._AC_SL1500_.jpg","contentUrl":"https:\/\/easyliferobo.com\/de\/wp-content\/uploads\/2026\/02\/71unbRC9kXL._AC_SL1500_.jpg","width":1420,"height":1300},{"@type":"BreadcrumbList","@id":"https:\/\/easyliferobo.com\/de\/product\/reolink-2k-ueberwachungskamera-fuer-den-innenbereich-360-ansicht-innenkamera-wlan-mit-auto-tracking-babyphone-mit-personen-tier-weinerkennung-24-ghz-wlan-privater-modus-2-wege-audio-e1\/#breadcrumb","itemListElement":[{"@type":"ListItem","position":1,"name":"Home","item":"https:\/\/easyliferobo.com\/de\/"},{"@type":"ListItem","position":2,"name":"Shop","item":"https:\/\/easyliferobo.com\/de\/shop\/"},{"@type":"ListItem","position":3,"name":"Reolink 2K-\u00dcberwachungskamera f\u00fcr..."}]},{"@type":"WebSite","@id":"https:\/\/easyliferobo.com\/de\/#website","url":"https:\/\/easyliferobo.com\/de\/","name":"EasyLifeBro","description":"Smarte Roboter f\u00fcr Zuhause, Garten &amp; Bildung","publisher":{"@id":"https:\/\/easyliferobo.com\/de\/#organization"},"potentialAction":[{"@type":"SearchAction","target":{"@type":"EntryPoint","urlTemplate":"https:\/\/easyliferobo.com\/de\/?s={search_term_string}"},"query-input":{"@type":"PropertyValueSpecification","valueRequired":true,"valueName":"search_term_string"}}],"inLanguage":"de"},{"@type":"Organization","@id":"https:\/\/easyliferobo.com\/de\/#organization","name":"EasyLifeBro","url":"https:\/\/easyliferobo.com\/de\/","logo":{"@type":"ImageObject","inLanguage":"de","@id":"https:\/\/easyliferobo.com\/de\/#\/schema\/logo\/image\/","url":"https:\/\/easyliferobo.com\/de\/wp-content\/uploads\/2026\/02\/Screenshot-2026-02-22-at-2.25.03-PM.png","contentUrl":"https:\/\/easyliferobo.com\/de\/wp-content\/uploads\/2026\/02\/Screenshot-2026-02-22-at-2.25.03-PM.png","width":1858,"height":430,"caption":"EasyLifeBro"},"image":{"@id":"https:\/\/easyliferobo.com\/de\/#\/schema\/logo\/image\/"}}]}},"_links":{"self":[{"href":"https:\/\/easyliferobo.com\/de\/wp-json\/wp\/v2\/product\/5044","targetHints":{"allow":["GET"]}}],"collection":[{"href":"https:\/\/easyliferobo.com\/de\/wp-json\/wp\/v2\/product"}],"about":[{"href":"https:\/\/easyliferobo.com\/de\/wp-json\/wp\/v2\/types\/product"}],"replies":[{"embeddable":true,"href":"https:\/\/easyliferobo.com\/de\/wp-json\/wp\/v2\/comments?post=5044"}],"wp:featuredmedia":[{"embeddable":true,"href":"https:\/\/easyliferobo.com\/de\/wp-json\/wp\/v2\/media\/5045"}],"wp:attachment":[{"href":"https:\/\/easyliferobo.com\/de\/wp-json\/wp\/v2\/media?parent=5044"}],"wp:term":[{"taxonomy":"store","embeddable":true,"href":"https:\/\/easyliferobo.com\/de\/wp-json\/wp\/v2\/store?post=5044"},{"taxonomy":"product_brand","embeddable":true,"href":"https:\/\/easyliferobo.com\/de\/wp-json\/wp\/v2\/product_brand?post=5044"},{"taxonomy":"product_cat","embeddable":true,"href":"https:\/\/easyliferobo.com\/de\/wp-json\/wp\/v2\/product_cat?post=5044"},{"taxonomy":"product_tag","embeddable":true,"href":"https:\/\/easyliferobo.com\/de\/wp-json\/wp\/v2\/product_tag?post=5044"}],"curies":[{"name":"wp","href":"https:\/\/api.w.org\/{rel}","templated":true}]}}