
{"id":5036,"date":"2026-02-27T15:14:02","date_gmt":"2026-02-27T15:14:02","guid":{"rendered":"https:\/\/easyliferobo.com\/de\/product\/fensterputzroboter-mit-2800-pa-saugkraft-intelligente-hinderniserkennung-doppel-spruehsystem-sicherheitsseil-elektrisch\/"},"modified":"2026-02-27T15:14:15","modified_gmt":"2026-02-27T15:14:15","slug":"fensterputzroboter-mit-2800-pa-saugkraft-intelligente-hinderniserkennung-doppel-spruehsystem-sicherheitsseil-elektrisch","status":"publish","type":"product","link":"https:\/\/easyliferobo.com\/de\/product\/fensterputzroboter-mit-2800-pa-saugkraft-intelligente-hinderniserkennung-doppel-spruehsystem-sicherheitsseil-elektrisch\/","title":{"rendered":"Fensterputzroboter mit 2800 Pa Saug..."},"content":{"rendered":"<p>    <span>Dieser intelligente Fensterputzroboter revolutioniert die Glasreinigung in Ihrem Zuhause. Mit einer beeindruckenden Saugkraft von 2800 Pa h\u00e4lt das Ger\u00e4t sicher an Fenstern, Spiegeln und anderen glatten Oberfl\u00e4chen, w\u00e4hrend es diese gr\u00fcndlich reinigt. Die integrierte intelligente Hinderniserkennung sorgt daf\u00fcr, dass der Roboterrahmen und andere Hindernisse automatisch erkennt und umf\u00e4hrt, was eine effiziente und sichere Reinigung gew\u00e4hrleistet. Das Doppel-Spr\u00fchsystem verteilt die Reinigungsfl\u00fcssigkeit gleichm\u00e4\u00dfig auf der Oberfl\u00e4che f\u00fcr streifenfreie Ergebnisse. F\u00fcr zus\u00e4tzliche Sicherheit ist das Ger\u00e4t mit einem Sicherheitsseil ausgestattet, das verhindert, dass der Roboter bei einem unerwarteten Stromausfall herunterf\u00e4llt. Dieses innovative Reinigungsger\u00e4t nimmt Ihnen die m\u00fchsame Arbeit des Fensterputzens ab und sorgt f\u00fcr kristallklare Fenster ohne gro\u00dfen Aufwand. Ideal f\u00fcr schwer erreichbare Fenster in h\u00f6heren Etagen oder gro\u00dffl\u00e4chigen Glasfronten. Lassen Sie die Technologie f\u00fcr sich arbeiten und genie\u00dfen Sie mehr Freizeit!<\/span>    <br \/>STARKE SAUGKRAFT: Fensterputzroboter mit leistungsstarker 2800 Pa Saugkraft f\u00fcr sicheren Halt auf Glasfl\u00e4chen und zuverl\u00e4ssige Reinigung verschiedener Fenstergr\u00f6\u00dfen<br \/>INTELLIGENTE HINDERNISERKENNUNG: Ausgestattet mit intelligenterer Sensortechnologie zur automatischen Erkennung und Vermeidung von Hindernissen sowie Fensterkanten f\u00fcr sichere Navigation<br \/>DOPPEL-SPR\u00dcHSYSTEM: Zwei integrierte Spr\u00fchd\u00fcsen sorgen f\u00fcr eine gleichm\u00e4\u00dfige Befeuchtung der Reinigungsfl\u00e4che und erm\u00f6glichen eine gr\u00fcndliche Entfernung von Schmutz und Flecken<br \/>SICHERHEITSSEIL INKLUSIVE: Mitgeliefertes Sicherheitsseil bietet zus\u00e4tzlichen Schutz und verhindert Abst\u00fcrze bei Stromausfall oder Saugkraftverlust w\u00e4hrend des Reinigungsvorgangs<br \/>VIELSEITIG EINSETZBAR: Geeignet f\u00fcr Fenster, Glast\u00fcren, Spiegel und andere glatte Oberfl\u00e4chen \u2013 ideal f\u00fcr schwer zug\u00e4ngliche Bereiche in Wohnungen und B\u00fcros<br \/>Das Standardhandbuch ist in englischer Sprache verfasst. Wenn Sie ein Handbuch in deutscher oder einer anderen Sprache ben\u00f6tigen, senden Sie uns bitte eine E-Mail, damit wir Ihnen die entsprechende Sprachversion zusenden k\u00f6nnen.<\/p>\n<p>[ad_2]<\/p>\n","protected":false},"excerpt":{"rendered":"<p>Dieser intelligente Fensterputzroboter revolutioniert die Glasreinigung in Ihrem Zuhause. Mit einer beeindruckenden Saugkraft von 2800 Pa h\u00e4lt das Ger\u00e4t sicher an Fenstern, Spiegeln und anderen glatten Oberfl\u00e4chen, w\u00e4hrend es diese gr\u00fcndlich reinigt. Die integrierte intelligente Hinderniserkennung sorgt daf\u00fcr, dass der Roboterrahmen und andere Hindernisse automatisch erkennt und umf\u00e4hrt, was eine effiziente und sichere Reinigung gew\u00e4hrleistet. [&hellip;]<\/p>\n","protected":false},"featured_media":5037,"comment_status":"open","ping_status":"closed","template":"","meta":{"_aipt_faq_data":""},"store":[],"product_brand":[],"product_cat":[28],"product_tag":[118],"class_list":{"0":"post-5036","1":"product","2":"type-product","3":"status-publish","4":"has-post-thumbnail","6":"product_cat-trending","7":"product_tag-fensterreinigungsroboter-automatisch","9":"first","10":"instock","11":"shipping-taxable","12":"product-type-external"},"yoast_head":"<!-- This site is optimized with the Yoast SEO plugin v27.4 - https:\/\/yoast.com\/product\/yoast-seo-wordpress\/ -->\n<title>Fensterputzroboter mit 2800 Pa Saugkraft, intelligente Hinderniserkennung, Doppel-Spr\u00fchsystem, Sicherheitsseil, elektrisch - EasyLifeBro<\/title>\n<meta name=\"description\" content=\"Entdecken Sie smarte Roboter f\u00fcr Zuhause, Garten, Bildung und Sicherheit. Vergleichen Sie Saugroboter, Rasenm\u00e4hroboter, KI-Begleitroboter und mehr bei EasyLifeRobo.\" \/>\n<meta name=\"robots\" content=\"index, follow, max-snippet:-1, max-image-preview:large, max-video-preview:-1\" \/>\n<link rel=\"canonical\" href=\"https:\/\/easyliferobo.com\/de\/product\/fensterputzroboter-mit-2800-pa-saugkraft-intelligente-hinderniserkennung-doppel-spruehsystem-sicherheitsseil-elektrisch\/\" \/>\n<meta property=\"og:locale\" content=\"de_DE\" \/>\n<meta property=\"og:type\" content=\"article\" \/>\n<meta property=\"og:title\" content=\"Fensterputzroboter mit 2800 Pa Saugkraft, intelligente Hinderniserkennung, Doppel-Spr\u00fchsystem, Sicherheitsseil, elektrisch - EasyLifeBro\" \/>\n<meta property=\"og:description\" content=\"Entdecken Sie smarte Roboter f\u00fcr Zuhause, Garten, Bildung und Sicherheit. Vergleichen Sie Saugroboter, Rasenm\u00e4hroboter, KI-Begleitroboter und mehr bei EasyLifeRobo.\" \/>\n<meta property=\"og:url\" content=\"https:\/\/easyliferobo.com\/de\/product\/fensterputzroboter-mit-2800-pa-saugkraft-intelligente-hinderniserkennung-doppel-spruehsystem-sicherheitsseil-elektrisch\/\" \/>\n<meta property=\"og:site_name\" content=\"EasyLifeBro\" \/>\n<meta property=\"article:modified_time\" content=\"2026-02-27T15:14:15+00:00\" \/>\n<meta name=\"twitter:card\" content=\"summary_large_image\" \/>\n<meta name=\"twitter:label1\" content=\"Gesch\u00e4tzte Lesezeit\" \/>\n\t<meta name=\"twitter:data1\" content=\"1\u00a0Minute\" \/>\n<script type=\"application\/ld+json\" class=\"yoast-schema-graph\">{\"@context\":\"https:\\\/\\\/schema.org\",\"@graph\":[{\"@type\":\"WebPage\",\"@id\":\"https:\\\/\\\/easyliferobo.com\\\/de\\\/product\\\/fensterputzroboter-mit-2800-pa-saugkraft-intelligente-hinderniserkennung-doppel-spruehsystem-sicherheitsseil-elektrisch\\\/\",\"url\":\"https:\\\/\\\/easyliferobo.com\\\/de\\\/product\\\/fensterputzroboter-mit-2800-pa-saugkraft-intelligente-hinderniserkennung-doppel-spruehsystem-sicherheitsseil-elektrisch\\\/\",\"name\":\"Fensterputzroboter mit 2800 Pa Saugkraft, intelligente Hinderniserkennung, Doppel-Spr\u00fchsystem, Sicherheitsseil, elektrisch - EasyLifeBro\",\"isPartOf\":{\"@id\":\"https:\\\/\\\/easyliferobo.com\\\/de\\\/#website\"},\"primaryImageOfPage\":{\"@id\":\"https:\\\/\\\/easyliferobo.com\\\/de\\\/product\\\/fensterputzroboter-mit-2800-pa-saugkraft-intelligente-hinderniserkennung-doppel-spruehsystem-sicherheitsseil-elektrisch\\\/#primaryimage\"},\"image\":{\"@id\":\"https:\\\/\\\/easyliferobo.com\\\/de\\\/product\\\/fensterputzroboter-mit-2800-pa-saugkraft-intelligente-hinderniserkennung-doppel-spruehsystem-sicherheitsseil-elektrisch\\\/#primaryimage\"},\"thumbnailUrl\":\"https:\\\/\\\/easyliferobo.com\\\/de\\\/wp-content\\\/uploads\\\/2026\\\/02\\\/31herUGy8NL._AC_SL1000_.jpg\",\"datePublished\":\"2026-02-27T15:14:02+00:00\",\"dateModified\":\"2026-02-27T15:14:15+00:00\",\"description\":\"Entdecken Sie smarte Roboter f\u00fcr Zuhause, Garten, Bildung und Sicherheit. Vergleichen Sie Saugroboter, Rasenm\u00e4hroboter, KI-Begleitroboter und mehr bei EasyLifeRobo.\",\"breadcrumb\":{\"@id\":\"https:\\\/\\\/easyliferobo.com\\\/de\\\/product\\\/fensterputzroboter-mit-2800-pa-saugkraft-intelligente-hinderniserkennung-doppel-spruehsystem-sicherheitsseil-elektrisch\\\/#breadcrumb\"},\"inLanguage\":\"de\",\"potentialAction\":[{\"@type\":\"ReadAction\",\"target\":[\"https:\\\/\\\/easyliferobo.com\\\/de\\\/product\\\/fensterputzroboter-mit-2800-pa-saugkraft-intelligente-hinderniserkennung-doppel-spruehsystem-sicherheitsseil-elektrisch\\\/\"]}]},{\"@type\":\"ImageObject\",\"inLanguage\":\"de\",\"@id\":\"https:\\\/\\\/easyliferobo.com\\\/de\\\/product\\\/fensterputzroboter-mit-2800-pa-saugkraft-intelligente-hinderniserkennung-doppel-spruehsystem-sicherheitsseil-elektrisch\\\/#primaryimage\",\"url\":\"https:\\\/\\\/easyliferobo.com\\\/de\\\/wp-content\\\/uploads\\\/2026\\\/02\\\/31herUGy8NL._AC_SL1000_.jpg\",\"contentUrl\":\"https:\\\/\\\/easyliferobo.com\\\/de\\\/wp-content\\\/uploads\\\/2026\\\/02\\\/31herUGy8NL._AC_SL1000_.jpg\",\"width\":301,\"height\":601},{\"@type\":\"BreadcrumbList\",\"@id\":\"https:\\\/\\\/easyliferobo.com\\\/de\\\/product\\\/fensterputzroboter-mit-2800-pa-saugkraft-intelligente-hinderniserkennung-doppel-spruehsystem-sicherheitsseil-elektrisch\\\/#breadcrumb\",\"itemListElement\":[{\"@type\":\"ListItem\",\"position\":1,\"name\":\"Home\",\"item\":\"https:\\\/\\\/easyliferobo.com\\\/de\\\/\"},{\"@type\":\"ListItem\",\"position\":2,\"name\":\"Shop\",\"item\":\"https:\\\/\\\/easyliferobo.com\\\/de\\\/shop\\\/\"},{\"@type\":\"ListItem\",\"position\":3,\"name\":\"Fensterputzroboter mit 2800 Pa Saug...\"}]},{\"@type\":\"WebSite\",\"@id\":\"https:\\\/\\\/easyliferobo.com\\\/de\\\/#website\",\"url\":\"https:\\\/\\\/easyliferobo.com\\\/de\\\/\",\"name\":\"EasyLifeBro\",\"description\":\"Smarte Roboter f\u00fcr Zuhause, Garten &amp; Bildung\",\"publisher\":{\"@id\":\"https:\\\/\\\/easyliferobo.com\\\/de\\\/#organization\"},\"potentialAction\":[{\"@type\":\"SearchAction\",\"target\":{\"@type\":\"EntryPoint\",\"urlTemplate\":\"https:\\\/\\\/easyliferobo.com\\\/de\\\/?s={search_term_string}\"},\"query-input\":{\"@type\":\"PropertyValueSpecification\",\"valueRequired\":true,\"valueName\":\"search_term_string\"}}],\"inLanguage\":\"de\"},{\"@type\":\"Organization\",\"@id\":\"https:\\\/\\\/easyliferobo.com\\\/de\\\/#organization\",\"name\":\"EasyLifeBro\",\"url\":\"https:\\\/\\\/easyliferobo.com\\\/de\\\/\",\"logo\":{\"@type\":\"ImageObject\",\"inLanguage\":\"de\",\"@id\":\"https:\\\/\\\/easyliferobo.com\\\/de\\\/#\\\/schema\\\/logo\\\/image\\\/\",\"url\":\"https:\\\/\\\/easyliferobo.com\\\/de\\\/wp-content\\\/uploads\\\/2026\\\/02\\\/Screenshot-2026-02-22-at-2.25.03-PM.png\",\"contentUrl\":\"https:\\\/\\\/easyliferobo.com\\\/de\\\/wp-content\\\/uploads\\\/2026\\\/02\\\/Screenshot-2026-02-22-at-2.25.03-PM.png\",\"width\":1858,\"height\":430,\"caption\":\"EasyLifeBro\"},\"image\":{\"@id\":\"https:\\\/\\\/easyliferobo.com\\\/de\\\/#\\\/schema\\\/logo\\\/image\\\/\"}}]}<\/script>\n<!-- \/ Yoast SEO plugin. -->","yoast_head_json":{"title":"Fensterputzroboter mit 2800 Pa Saugkraft, intelligente Hinderniserkennung, Doppel-Spr\u00fchsystem, Sicherheitsseil, elektrisch - EasyLifeBro","description":"Entdecken Sie smarte Roboter f\u00fcr Zuhause, Garten, Bildung und Sicherheit. Vergleichen Sie Saugroboter, Rasenm\u00e4hroboter, KI-Begleitroboter und mehr bei EasyLifeRobo.","robots":{"index":"index","follow":"follow","max-snippet":"max-snippet:-1","max-image-preview":"max-image-preview:large","max-video-preview":"max-video-preview:-1"},"canonical":"https:\/\/easyliferobo.com\/de\/product\/fensterputzroboter-mit-2800-pa-saugkraft-intelligente-hinderniserkennung-doppel-spruehsystem-sicherheitsseil-elektrisch\/","og_locale":"de_DE","og_type":"article","og_title":"Fensterputzroboter mit 2800 Pa Saugkraft, intelligente Hinderniserkennung, Doppel-Spr\u00fchsystem, Sicherheitsseil, elektrisch - EasyLifeBro","og_description":"Entdecken Sie smarte Roboter f\u00fcr Zuhause, Garten, Bildung und Sicherheit. Vergleichen Sie Saugroboter, Rasenm\u00e4hroboter, KI-Begleitroboter und mehr bei EasyLifeRobo.","og_url":"https:\/\/easyliferobo.com\/de\/product\/fensterputzroboter-mit-2800-pa-saugkraft-intelligente-hinderniserkennung-doppel-spruehsystem-sicherheitsseil-elektrisch\/","og_site_name":"EasyLifeBro","article_modified_time":"2026-02-27T15:14:15+00:00","twitter_card":"summary_large_image","twitter_misc":{"Gesch\u00e4tzte Lesezeit":"1\u00a0Minute"},"schema":{"@context":"https:\/\/schema.org","@graph":[{"@type":"WebPage","@id":"https:\/\/easyliferobo.com\/de\/product\/fensterputzroboter-mit-2800-pa-saugkraft-intelligente-hinderniserkennung-doppel-spruehsystem-sicherheitsseil-elektrisch\/","url":"https:\/\/easyliferobo.com\/de\/product\/fensterputzroboter-mit-2800-pa-saugkraft-intelligente-hinderniserkennung-doppel-spruehsystem-sicherheitsseil-elektrisch\/","name":"Fensterputzroboter mit 2800 Pa Saugkraft, intelligente Hinderniserkennung, Doppel-Spr\u00fchsystem, Sicherheitsseil, elektrisch - EasyLifeBro","isPartOf":{"@id":"https:\/\/easyliferobo.com\/de\/#website"},"primaryImageOfPage":{"@id":"https:\/\/easyliferobo.com\/de\/product\/fensterputzroboter-mit-2800-pa-saugkraft-intelligente-hinderniserkennung-doppel-spruehsystem-sicherheitsseil-elektrisch\/#primaryimage"},"image":{"@id":"https:\/\/easyliferobo.com\/de\/product\/fensterputzroboter-mit-2800-pa-saugkraft-intelligente-hinderniserkennung-doppel-spruehsystem-sicherheitsseil-elektrisch\/#primaryimage"},"thumbnailUrl":"https:\/\/easyliferobo.com\/de\/wp-content\/uploads\/2026\/02\/31herUGy8NL._AC_SL1000_.jpg","datePublished":"2026-02-27T15:14:02+00:00","dateModified":"2026-02-27T15:14:15+00:00","description":"Entdecken Sie smarte Roboter f\u00fcr Zuhause, Garten, Bildung und Sicherheit. Vergleichen Sie Saugroboter, Rasenm\u00e4hroboter, KI-Begleitroboter und mehr bei EasyLifeRobo.","breadcrumb":{"@id":"https:\/\/easyliferobo.com\/de\/product\/fensterputzroboter-mit-2800-pa-saugkraft-intelligente-hinderniserkennung-doppel-spruehsystem-sicherheitsseil-elektrisch\/#breadcrumb"},"inLanguage":"de","potentialAction":[{"@type":"ReadAction","target":["https:\/\/easyliferobo.com\/de\/product\/fensterputzroboter-mit-2800-pa-saugkraft-intelligente-hinderniserkennung-doppel-spruehsystem-sicherheitsseil-elektrisch\/"]}]},{"@type":"ImageObject","inLanguage":"de","@id":"https:\/\/easyliferobo.com\/de\/product\/fensterputzroboter-mit-2800-pa-saugkraft-intelligente-hinderniserkennung-doppel-spruehsystem-sicherheitsseil-elektrisch\/#primaryimage","url":"https:\/\/easyliferobo.com\/de\/wp-content\/uploads\/2026\/02\/31herUGy8NL._AC_SL1000_.jpg","contentUrl":"https:\/\/easyliferobo.com\/de\/wp-content\/uploads\/2026\/02\/31herUGy8NL._AC_SL1000_.jpg","width":301,"height":601},{"@type":"BreadcrumbList","@id":"https:\/\/easyliferobo.com\/de\/product\/fensterputzroboter-mit-2800-pa-saugkraft-intelligente-hinderniserkennung-doppel-spruehsystem-sicherheitsseil-elektrisch\/#breadcrumb","itemListElement":[{"@type":"ListItem","position":1,"name":"Home","item":"https:\/\/easyliferobo.com\/de\/"},{"@type":"ListItem","position":2,"name":"Shop","item":"https:\/\/easyliferobo.com\/de\/shop\/"},{"@type":"ListItem","position":3,"name":"Fensterputzroboter mit 2800 Pa Saug..."}]},{"@type":"WebSite","@id":"https:\/\/easyliferobo.com\/de\/#website","url":"https:\/\/easyliferobo.com\/de\/","name":"EasyLifeBro","description":"Smarte Roboter f\u00fcr Zuhause, Garten &amp; Bildung","publisher":{"@id":"https:\/\/easyliferobo.com\/de\/#organization"},"potentialAction":[{"@type":"SearchAction","target":{"@type":"EntryPoint","urlTemplate":"https:\/\/easyliferobo.com\/de\/?s={search_term_string}"},"query-input":{"@type":"PropertyValueSpecification","valueRequired":true,"valueName":"search_term_string"}}],"inLanguage":"de"},{"@type":"Organization","@id":"https:\/\/easyliferobo.com\/de\/#organization","name":"EasyLifeBro","url":"https:\/\/easyliferobo.com\/de\/","logo":{"@type":"ImageObject","inLanguage":"de","@id":"https:\/\/easyliferobo.com\/de\/#\/schema\/logo\/image\/","url":"https:\/\/easyliferobo.com\/de\/wp-content\/uploads\/2026\/02\/Screenshot-2026-02-22-at-2.25.03-PM.png","contentUrl":"https:\/\/easyliferobo.com\/de\/wp-content\/uploads\/2026\/02\/Screenshot-2026-02-22-at-2.25.03-PM.png","width":1858,"height":430,"caption":"EasyLifeBro"},"image":{"@id":"https:\/\/easyliferobo.com\/de\/#\/schema\/logo\/image\/"}}]}},"_links":{"self":[{"href":"https:\/\/easyliferobo.com\/de\/wp-json\/wp\/v2\/product\/5036","targetHints":{"allow":["GET"]}}],"collection":[{"href":"https:\/\/easyliferobo.com\/de\/wp-json\/wp\/v2\/product"}],"about":[{"href":"https:\/\/easyliferobo.com\/de\/wp-json\/wp\/v2\/types\/product"}],"replies":[{"embeddable":true,"href":"https:\/\/easyliferobo.com\/de\/wp-json\/wp\/v2\/comments?post=5036"}],"wp:featuredmedia":[{"embeddable":true,"href":"https:\/\/easyliferobo.com\/de\/wp-json\/wp\/v2\/media\/5037"}],"wp:attachment":[{"href":"https:\/\/easyliferobo.com\/de\/wp-json\/wp\/v2\/media?parent=5036"}],"wp:term":[{"taxonomy":"store","embeddable":true,"href":"https:\/\/easyliferobo.com\/de\/wp-json\/wp\/v2\/store?post=5036"},{"taxonomy":"product_brand","embeddable":true,"href":"https:\/\/easyliferobo.com\/de\/wp-json\/wp\/v2\/product_brand?post=5036"},{"taxonomy":"product_cat","embeddable":true,"href":"https:\/\/easyliferobo.com\/de\/wp-json\/wp\/v2\/product_cat?post=5036"},{"taxonomy":"product_tag","embeddable":true,"href":"https:\/\/easyliferobo.com\/de\/wp-json\/wp\/v2\/product_tag?post=5036"}],"curies":[{"name":"wp","href":"https:\/\/api.w.org\/{rel}","templated":true}]}}