
{"id":5027,"date":"2026-02-27T15:11:59","date_gmt":"2026-02-27T15:11:59","guid":{"rendered":"https:\/\/easyliferobo.com\/de\/product\/medion-saugroboter-mit-wischfunktion-und-systematischer-navigation-e35-sw-2000pa-saugleistung-gyro-navigation-in-systematischen-s-linien-2-seitenbuersten-und-wandsensor\/"},"modified":"2026-02-27T15:12:18","modified_gmt":"2026-02-27T15:12:18","slug":"medion-saugroboter-mit-wischfunktion-und-systematischer-navigation-e35-sw-2000pa-saugleistung-gyro-navigation-in-systematischen-s-linien-2-seitenbuersten-und-wandsensor","status":"publish","type":"product","link":"https:\/\/easyliferobo.com\/de\/product\/medion-saugroboter-mit-wischfunktion-und-systematischer-navigation-e35-sw-2000pa-saugleistung-gyro-navigation-in-systematischen-s-linien-2-seitenbuersten-und-wandsensor\/","title":{"rendered":"MEDION Saugroboter mit Wischfunktio..."},"content":{"rendered":"<p>\n                                             Von der Marke   <\/p>\n<p>                                              <img decoding=\"async\" alt=\"Wei\u00dfer runder Roboterstaubsauger mit erh\u00f6htem Sensor oben, neben anderen elektronischen Ger\u00e4ten auf einer dunklen Oberfl\u00e4che positioniert.\" src=\"https:\/\/images-na.ssl-images-amazon.com\/images\/G\/01\/x-locale\/common\/grey-pixel.gif\" class=\"a-lazy-loaded\" data-src=\"https:\/\/m.media-amazon.com\/images\/S\/aplus-media-library-service-media\/cb2eca36-8963-4da0-9afd-d05bdfa9b97a.__CR0,0,1464,625_PT0_SX1464_V1___.jpg\"><img decoding=\"async\" alt=\"Wei\u00dfer runder Roboterstaubsauger mit erh\u00f6htem Sensor oben, neben anderen elektronischen Ger\u00e4ten auf einer dunklen Oberfl\u00e4che positioniert.\" src=\"https:\/\/m.media-amazon.com\/images\/S\/aplus-media-library-service-media\/cb2eca36-8963-4da0-9afd-d05bdfa9b97a.__CR0,0,1464,625_PT0_SX1464_V1___.jpg\">  <\/p>\n<p>                                              <img decoding=\"async\" alt=\"\" src=\"https:\/\/images-na.ssl-images-amazon.com\/images\/G\/01\/x-locale\/common\/grey-pixel.gif\" class=\"a-lazy-loaded\" data-src=\"https:\/\/m.media-amazon.com\/images\/S\/aplus-media-library-service-media\/32abd142-2e9c-4190-be77-535a96981a0a.__CR0,108,400,184_PT0_SX315_V1___.png\"><img decoding=\"async\" alt=\"\" src=\"https:\/\/m.media-amazon.com\/images\/S\/aplus-media-library-service-media\/32abd142-2e9c-4190-be77-535a96981a0a.__CR0,108,400,184_PT0_SX315_V1___.png\">  <\/p>\n<p>  Wir sind ein modernes Unternehmen aus Deutschland mit internationaler Ausrichtung und einer klaren Mission: Wir machen modernste Produkte und Dienstleistungen f\u00fcr alle Menschen verf\u00fcgbar. Zu einem fairen Preis. Wir sind immer auf der Suche nach neuen L\u00f6sungen, neuen Trends und Produkten, die das Leben der Menschen einfacher, komfortabler oder einfach sch\u00f6ner machen. Genau wie unsere Roboterstaubsauger. <\/p>\n<p>                                              <img decoding=\"async\" alt=\"Collage aus Auszeichnungsplaketten f\u00fcr Medion-Produkte. Inklusive \u201ePreis Tipp\u201c aus Netzwelt, \u201eGut\u201c Bewertung von Connect, \u201eSehr Gut\u201c f\u00fcr X40 SW und &#39;1.Platz&#39; von Test Bild f\u00fcr Haushaltsger\u00e4te.\" src=\"https:\/\/images-na.ssl-images-amazon.com\/images\/G\/01\/x-locale\/common\/grey-pixel.gif\" class=\"a-lazy-loaded\" data-src=\"https:\/\/m.media-amazon.com\/images\/S\/aplus-media-library-service-media\/49254d6f-57fb-4db9-8ee6-062f7632d620.__CR0,0,362,453_PT0_SX362_V1___.jpg\"><img decoding=\"async\" alt=\"Collage aus Auszeichnungsplaketten f\u00fcr Medion-Produkte. Inklusive \u201ePreis Tipp\u201c aus Netzwelt, \u201eGut\u201c Bewertung von Connect, \u201eSehr Gut\u201c f\u00fcr X40 SW und &#39;1.Platz&#39; von Test Bild f\u00fcr Haushaltsger\u00e4te.\" src=\"https:\/\/m.media-amazon.com\/images\/S\/aplus-media-library-service-media\/49254d6f-57fb-4db9-8ee6-062f7632d620.__CR0,0,362,453_PT0_SX362_V1___.jpg\">  <\/p>\n<h3>  Roboterstaubsauger \u2013 Entdecken Sie mehr <\/h3>\n<p class=\"apm-brand-story-stores-link\">\n<p>                                              <img decoding=\"async\" alt=\"Roboterstaubsauger mit transparentem Wassertank. Das Vakuum hat eine runde Form und eine klare Oberseite. Tank zeigt Wasserstand an. Der blaue Pfeil zeigt den Wasserfluss vom Tank zum Vakuum an.\" src=\"https:\/\/images-na.ssl-images-amazon.com\/images\/G\/01\/x-locale\/common\/grey-pixel.gif\" class=\"a-lazy-loaded\" data-src=\"https:\/\/m.media-amazon.com\/images\/S\/aplus-media-library-service-media\/049e31dd-26eb-4a76-b3b7-b7f6188a9ee3.__CR0,0,362,453_PT0_SX362_V1___.jpg\"><img decoding=\"async\" alt=\"Roboterstaubsauger mit transparentem Wassertank. Das Vakuum hat eine runde Form und eine klare Oberseite. Tank zeigt Wasserstand an. Der blaue Pfeil zeigt den Wasserfluss vom Tank zum Vakuum an.\" src=\"https:\/\/m.media-amazon.com\/images\/S\/aplus-media-library-service-media\/049e31dd-26eb-4a76-b3b7-b7f6188a9ee3.__CR0,0,362,453_PT0_SX362_V1___.jpg\">  <\/p>\n<p>                                              <img decoding=\"async\" alt=\"Wei\u00dfer kreisf\u00f6rmiger Roboterstaubsauger auf Holzboden. Rundes Ger\u00e4t mit zentralem Metallknopf und kleinem Seitenknopf. Markenname \u201eneabot\u201c auf der Oberseite sichtbar.\" src=\"https:\/\/images-na.ssl-images-amazon.com\/images\/G\/01\/x-locale\/common\/grey-pixel.gif\" class=\"a-lazy-loaded\" data-src=\"https:\/\/m.media-amazon.com\/images\/S\/aplus-media-library-service-media\/b504535f-3ae9-48ea-8038-29bcd58b3a9e.__CR0,0,362,453_PT0_SX362_V1___.jpg\"><img decoding=\"async\" alt=\"Wei\u00dfer kreisf\u00f6rmiger Roboterstaubsauger auf Holzboden. Rundes Ger\u00e4t mit zentralem Metallknopf und kleinem Seitenknopf. Markenname \u201eneabot\u201c auf der Oberseite sichtbar.\" src=\"https:\/\/m.media-amazon.com\/images\/S\/aplus-media-library-service-media\/b504535f-3ae9-48ea-8038-29bcd58b3a9e.__CR0,0,362,453_PT0_SX362_V1___.jpg\">  <\/p>\n<p>                                              <img decoding=\"async\" alt=\"Wei\u00dfer runder Roboterstaubsauger auf Holzboden, mit Ladestation in der N\u00e4he. Gro\u00dfer geflochtener Korb im Vordergrund.\" src=\"https:\/\/images-na.ssl-images-amazon.com\/images\/G\/01\/x-locale\/common\/grey-pixel.gif\" class=\"a-lazy-loaded\" data-src=\"https:\/\/m.media-amazon.com\/images\/S\/aplus-media-library-service-media\/087fe201-8542-471d-b3bc-7758665da276.__CR0,0,362,453_PT0_SX362_V1___.jpg\"><img decoding=\"async\" alt=\"Wei\u00dfer runder Roboterstaubsauger auf Holzboden, mit Ladestation in der N\u00e4he. Gro\u00dfer geflochtener Korb im Vordergrund.\" src=\"https:\/\/m.media-amazon.com\/images\/S\/aplus-media-library-service-media\/087fe201-8542-471d-b3bc-7758665da276.__CR0,0,362,453_PT0_SX362_V1___.jpg\">  <\/p>\n<p>                                              <img decoding=\"async\" alt=\"Roboterstaubsauger mit blauer Beleuchtung auf dem Wohnzimmerboden, der um den Couchtisch und den Fu\u00dfball navigiert. Wei\u00dfes kreisf\u00f6rmiges Ger\u00e4t strahlt Licht aus, was auf eine Smart-Home-Integration hindeutet.\" src=\"https:\/\/images-na.ssl-images-amazon.com\/images\/G\/01\/x-locale\/common\/grey-pixel.gif\" class=\"a-lazy-loaded\" data-src=\"https:\/\/m.media-amazon.com\/images\/S\/aplus-media-library-service-media\/c1b32687-0b05-43f7-a659-6baea97d1d76.__CR0,0,362,453_PT0_SX362_V1___.jpg\"><img decoding=\"async\" alt=\"Roboterstaubsauger mit blauer Beleuchtung auf dem Wohnzimmerboden, der um den Couchtisch und den Fu\u00dfball navigiert. Wei\u00dfes kreisf\u00f6rmiges Ger\u00e4t strahlt Licht aus, was auf eine Smart-Home-Integration hindeutet.\" src=\"https:\/\/m.media-amazon.com\/images\/S\/aplus-media-library-service-media\/c1b32687-0b05-43f7-a659-6baea97d1d76.__CR0,0,362,453_PT0_SX362_V1___.jpg\">  <\/p>\n<p>Roboterstaubsauger E35 SW (MD 18035) zum Reinigen von Staub, Haaren und Pollen, mit Programmierfunktion, 120 Minuten. Laufzeit und automatisches Laden.<br \/>Ersetzt Staubsauger und Wischfunktion \u2013 Sie haben die freie Wahl zwischen Saug- und Wischfunktion f\u00fcr wirklich saubere B\u00f6den.<br \/>Akkulaufzeit: Mit bis zu 120 Minuten Betriebszeit pro Ladung ist der Roboter besonders effizient und reinigt auch gro\u00dfe Fl\u00e4chen ohne Ladepause.<br \/>Starke Saugkraft: Mit einer Saugkraft von 2.000 Pa werden Staub, Schmutz und Haare gr\u00fcndlich entfernt.<br \/>Lieferumfang: Saugroboter MD18035, 1x Ladestation, 1x Wassertank, 2x Wischaufs\u00e4tze, 2x Filter, 4x Seitenb\u00fcrsten, 1x Fernbedienung inkl. 2x AAA-Batterien, 1x Reinigungsb\u00fcrste<\/p>\n<p>[ad_2]<\/p>\n","protected":false},"excerpt":{"rendered":"<p>Von der Marke Wir sind ein modernes Unternehmen aus Deutschland mit internationaler Ausrichtung und einer klaren Mission: Wir machen modernste Produkte und Dienstleistungen f\u00fcr alle Menschen verf\u00fcgbar. Zu einem fairen Preis. Wir sind immer auf der Suche nach neuen L\u00f6sungen, neuen Trends und Produkten, die das Leben der Menschen einfacher, komfortabler oder einfach sch\u00f6ner machen. [&hellip;]<\/p>\n","protected":false},"featured_media":5028,"comment_status":"open","ping_status":"closed","template":"","meta":{"_aipt_faq_data":""},"store":[],"product_brand":[468],"product_cat":[72],"product_tag":[305],"class_list":{"0":"post-5027","1":"product","2":"type-product","3":"status-publish","4":"has-post-thumbnail","6":"product_brand-medion","7":"product_cat-saugroboter","8":"product_tag-saugroboter-leise-und-effizient","10":"first","11":"instock","12":"shipping-taxable","13":"product-type-external"},"yoast_head":"<!-- This site is optimized with the Yoast SEO plugin v27.4 - https:\/\/yoast.com\/product\/yoast-seo-wordpress\/ -->\n<title>MEDION Saugroboter mit Wischfunktion und systematischer Navigation E35 SW (2000Pa Saugleistung, Gyro-Navigation in systematischen S-Linien, 2 Seitenb\u00fcrsten und Wandsensor) - EasyLifeBro<\/title>\n<meta name=\"description\" content=\"Entdecken Sie smarte Roboter f\u00fcr Zuhause, Garten, Bildung und Sicherheit. Vergleichen Sie Saugroboter, Rasenm\u00e4hroboter, KI-Begleitroboter und mehr bei EasyLifeRobo.\" \/>\n<meta name=\"robots\" content=\"index, follow, max-snippet:-1, max-image-preview:large, max-video-preview:-1\" \/>\n<link rel=\"canonical\" href=\"https:\/\/easyliferobo.com\/de\/product\/medion-saugroboter-mit-wischfunktion-und-systematischer-navigation-e35-sw-2000pa-saugleistung-gyro-navigation-in-systematischen-s-linien-2-seitenbuersten-und-wandsensor\/\" \/>\n<meta property=\"og:locale\" content=\"de_DE\" \/>\n<meta property=\"og:type\" content=\"article\" \/>\n<meta property=\"og:title\" content=\"MEDION Saugroboter mit Wischfunktion und systematischer Navigation E35 SW (2000Pa Saugleistung, Gyro-Navigation in systematischen S-Linien, 2 Seitenb\u00fcrsten und Wandsensor) - EasyLifeBro\" \/>\n<meta property=\"og:description\" content=\"Entdecken Sie smarte Roboter f\u00fcr Zuhause, Garten, Bildung und Sicherheit. Vergleichen Sie Saugroboter, Rasenm\u00e4hroboter, KI-Begleitroboter und mehr bei EasyLifeRobo.\" \/>\n<meta property=\"og:url\" content=\"https:\/\/easyliferobo.com\/de\/product\/medion-saugroboter-mit-wischfunktion-und-systematischer-navigation-e35-sw-2000pa-saugleistung-gyro-navigation-in-systematischen-s-linien-2-seitenbuersten-und-wandsensor\/\" \/>\n<meta property=\"og:site_name\" content=\"EasyLifeBro\" \/>\n<meta property=\"article:modified_time\" content=\"2026-02-27T15:12:18+00:00\" \/>\n<meta property=\"og:image\" content=\"https:\/\/images-na.ssl-images-amazon.com\/images\/G\/01\/x-locale\/common\/grey-pixel.gif\" \/>\n<meta name=\"twitter:card\" content=\"summary_large_image\" \/>\n<meta name=\"twitter:label1\" content=\"Gesch\u00e4tzte Lesezeit\" \/>\n\t<meta name=\"twitter:data1\" content=\"1\u00a0Minute\" \/>\n<script type=\"application\/ld+json\" class=\"yoast-schema-graph\">{\"@context\":\"https:\\\/\\\/schema.org\",\"@graph\":[{\"@type\":\"WebPage\",\"@id\":\"https:\\\/\\\/easyliferobo.com\\\/de\\\/product\\\/medion-saugroboter-mit-wischfunktion-und-systematischer-navigation-e35-sw-2000pa-saugleistung-gyro-navigation-in-systematischen-s-linien-2-seitenbuersten-und-wandsensor\\\/\",\"url\":\"https:\\\/\\\/easyliferobo.com\\\/de\\\/product\\\/medion-saugroboter-mit-wischfunktion-und-systematischer-navigation-e35-sw-2000pa-saugleistung-gyro-navigation-in-systematischen-s-linien-2-seitenbuersten-und-wandsensor\\\/\",\"name\":\"MEDION Saugroboter mit Wischfunktion und systematischer Navigation E35 SW (2000Pa Saugleistung, Gyro-Navigation in systematischen S-Linien, 2 Seitenb\u00fcrsten und Wandsensor) - EasyLifeBro\",\"isPartOf\":{\"@id\":\"https:\\\/\\\/easyliferobo.com\\\/de\\\/#website\"},\"primaryImageOfPage\":{\"@id\":\"https:\\\/\\\/easyliferobo.com\\\/de\\\/product\\\/medion-saugroboter-mit-wischfunktion-und-systematischer-navigation-e35-sw-2000pa-saugleistung-gyro-navigation-in-systematischen-s-linien-2-seitenbuersten-und-wandsensor\\\/#primaryimage\"},\"image\":{\"@id\":\"https:\\\/\\\/easyliferobo.com\\\/de\\\/product\\\/medion-saugroboter-mit-wischfunktion-und-systematischer-navigation-e35-sw-2000pa-saugleistung-gyro-navigation-in-systematischen-s-linien-2-seitenbuersten-und-wandsensor\\\/#primaryimage\"},\"thumbnailUrl\":\"https:\\\/\\\/easyliferobo.com\\\/de\\\/wp-content\\\/uploads\\\/2026\\\/02\\\/717YLKPC6IL._AC_SL1500_.jpg\",\"datePublished\":\"2026-02-27T15:11:59+00:00\",\"dateModified\":\"2026-02-27T15:12:18+00:00\",\"description\":\"Entdecken Sie smarte Roboter f\u00fcr Zuhause, Garten, Bildung und Sicherheit. Vergleichen Sie Saugroboter, Rasenm\u00e4hroboter, KI-Begleitroboter und mehr bei EasyLifeRobo.\",\"breadcrumb\":{\"@id\":\"https:\\\/\\\/easyliferobo.com\\\/de\\\/product\\\/medion-saugroboter-mit-wischfunktion-und-systematischer-navigation-e35-sw-2000pa-saugleistung-gyro-navigation-in-systematischen-s-linien-2-seitenbuersten-und-wandsensor\\\/#breadcrumb\"},\"inLanguage\":\"de\",\"potentialAction\":[{\"@type\":\"ReadAction\",\"target\":[\"https:\\\/\\\/easyliferobo.com\\\/de\\\/product\\\/medion-saugroboter-mit-wischfunktion-und-systematischer-navigation-e35-sw-2000pa-saugleistung-gyro-navigation-in-systematischen-s-linien-2-seitenbuersten-und-wandsensor\\\/\"]}]},{\"@type\":\"ImageObject\",\"inLanguage\":\"de\",\"@id\":\"https:\\\/\\\/easyliferobo.com\\\/de\\\/product\\\/medion-saugroboter-mit-wischfunktion-und-systematischer-navigation-e35-sw-2000pa-saugleistung-gyro-navigation-in-systematischen-s-linien-2-seitenbuersten-und-wandsensor\\\/#primaryimage\",\"url\":\"https:\\\/\\\/easyliferobo.com\\\/de\\\/wp-content\\\/uploads\\\/2026\\\/02\\\/717YLKPC6IL._AC_SL1500_.jpg\",\"contentUrl\":\"https:\\\/\\\/easyliferobo.com\\\/de\\\/wp-content\\\/uploads\\\/2026\\\/02\\\/717YLKPC6IL._AC_SL1500_.jpg\",\"width\":1500,\"height\":1470},{\"@type\":\"BreadcrumbList\",\"@id\":\"https:\\\/\\\/easyliferobo.com\\\/de\\\/product\\\/medion-saugroboter-mit-wischfunktion-und-systematischer-navigation-e35-sw-2000pa-saugleistung-gyro-navigation-in-systematischen-s-linien-2-seitenbuersten-und-wandsensor\\\/#breadcrumb\",\"itemListElement\":[{\"@type\":\"ListItem\",\"position\":1,\"name\":\"Home\",\"item\":\"https:\\\/\\\/easyliferobo.com\\\/de\\\/\"},{\"@type\":\"ListItem\",\"position\":2,\"name\":\"Shop\",\"item\":\"https:\\\/\\\/easyliferobo.com\\\/de\\\/shop\\\/\"},{\"@type\":\"ListItem\",\"position\":3,\"name\":\"MEDION Saugroboter mit Wischfunktio...\"}]},{\"@type\":\"WebSite\",\"@id\":\"https:\\\/\\\/easyliferobo.com\\\/de\\\/#website\",\"url\":\"https:\\\/\\\/easyliferobo.com\\\/de\\\/\",\"name\":\"EasyLifeBro\",\"description\":\"Smarte Roboter f\u00fcr Zuhause, Garten &amp; Bildung\",\"publisher\":{\"@id\":\"https:\\\/\\\/easyliferobo.com\\\/de\\\/#organization\"},\"potentialAction\":[{\"@type\":\"SearchAction\",\"target\":{\"@type\":\"EntryPoint\",\"urlTemplate\":\"https:\\\/\\\/easyliferobo.com\\\/de\\\/?s={search_term_string}\"},\"query-input\":{\"@type\":\"PropertyValueSpecification\",\"valueRequired\":true,\"valueName\":\"search_term_string\"}}],\"inLanguage\":\"de\"},{\"@type\":\"Organization\",\"@id\":\"https:\\\/\\\/easyliferobo.com\\\/de\\\/#organization\",\"name\":\"EasyLifeBro\",\"url\":\"https:\\\/\\\/easyliferobo.com\\\/de\\\/\",\"logo\":{\"@type\":\"ImageObject\",\"inLanguage\":\"de\",\"@id\":\"https:\\\/\\\/easyliferobo.com\\\/de\\\/#\\\/schema\\\/logo\\\/image\\\/\",\"url\":\"https:\\\/\\\/easyliferobo.com\\\/de\\\/wp-content\\\/uploads\\\/2026\\\/02\\\/Screenshot-2026-02-22-at-2.25.03-PM.png\",\"contentUrl\":\"https:\\\/\\\/easyliferobo.com\\\/de\\\/wp-content\\\/uploads\\\/2026\\\/02\\\/Screenshot-2026-02-22-at-2.25.03-PM.png\",\"width\":1858,\"height\":430,\"caption\":\"EasyLifeBro\"},\"image\":{\"@id\":\"https:\\\/\\\/easyliferobo.com\\\/de\\\/#\\\/schema\\\/logo\\\/image\\\/\"}}]}<\/script>\n<!-- \/ Yoast SEO plugin. -->","yoast_head_json":{"title":"MEDION Saugroboter mit Wischfunktion und systematischer Navigation E35 SW (2000Pa Saugleistung, Gyro-Navigation in systematischen S-Linien, 2 Seitenb\u00fcrsten und Wandsensor) - EasyLifeBro","description":"Entdecken Sie smarte Roboter f\u00fcr Zuhause, Garten, Bildung und Sicherheit. Vergleichen Sie Saugroboter, Rasenm\u00e4hroboter, KI-Begleitroboter und mehr bei EasyLifeRobo.","robots":{"index":"index","follow":"follow","max-snippet":"max-snippet:-1","max-image-preview":"max-image-preview:large","max-video-preview":"max-video-preview:-1"},"canonical":"https:\/\/easyliferobo.com\/de\/product\/medion-saugroboter-mit-wischfunktion-und-systematischer-navigation-e35-sw-2000pa-saugleistung-gyro-navigation-in-systematischen-s-linien-2-seitenbuersten-und-wandsensor\/","og_locale":"de_DE","og_type":"article","og_title":"MEDION Saugroboter mit Wischfunktion und systematischer Navigation E35 SW (2000Pa Saugleistung, Gyro-Navigation in systematischen S-Linien, 2 Seitenb\u00fcrsten und Wandsensor) - EasyLifeBro","og_description":"Entdecken Sie smarte Roboter f\u00fcr Zuhause, Garten, Bildung und Sicherheit. Vergleichen Sie Saugroboter, Rasenm\u00e4hroboter, KI-Begleitroboter und mehr bei EasyLifeRobo.","og_url":"https:\/\/easyliferobo.com\/de\/product\/medion-saugroboter-mit-wischfunktion-und-systematischer-navigation-e35-sw-2000pa-saugleistung-gyro-navigation-in-systematischen-s-linien-2-seitenbuersten-und-wandsensor\/","og_site_name":"EasyLifeBro","article_modified_time":"2026-02-27T15:12:18+00:00","og_image":[{"url":"https:\/\/images-na.ssl-images-amazon.com\/images\/G\/01\/x-locale\/common\/grey-pixel.gif","type":"","width":"","height":""}],"twitter_card":"summary_large_image","twitter_misc":{"Gesch\u00e4tzte Lesezeit":"1\u00a0Minute"},"schema":{"@context":"https:\/\/schema.org","@graph":[{"@type":"WebPage","@id":"https:\/\/easyliferobo.com\/de\/product\/medion-saugroboter-mit-wischfunktion-und-systematischer-navigation-e35-sw-2000pa-saugleistung-gyro-navigation-in-systematischen-s-linien-2-seitenbuersten-und-wandsensor\/","url":"https:\/\/easyliferobo.com\/de\/product\/medion-saugroboter-mit-wischfunktion-und-systematischer-navigation-e35-sw-2000pa-saugleistung-gyro-navigation-in-systematischen-s-linien-2-seitenbuersten-und-wandsensor\/","name":"MEDION Saugroboter mit Wischfunktion und systematischer Navigation E35 SW (2000Pa Saugleistung, Gyro-Navigation in systematischen S-Linien, 2 Seitenb\u00fcrsten und Wandsensor) - EasyLifeBro","isPartOf":{"@id":"https:\/\/easyliferobo.com\/de\/#website"},"primaryImageOfPage":{"@id":"https:\/\/easyliferobo.com\/de\/product\/medion-saugroboter-mit-wischfunktion-und-systematischer-navigation-e35-sw-2000pa-saugleistung-gyro-navigation-in-systematischen-s-linien-2-seitenbuersten-und-wandsensor\/#primaryimage"},"image":{"@id":"https:\/\/easyliferobo.com\/de\/product\/medion-saugroboter-mit-wischfunktion-und-systematischer-navigation-e35-sw-2000pa-saugleistung-gyro-navigation-in-systematischen-s-linien-2-seitenbuersten-und-wandsensor\/#primaryimage"},"thumbnailUrl":"https:\/\/easyliferobo.com\/de\/wp-content\/uploads\/2026\/02\/717YLKPC6IL._AC_SL1500_.jpg","datePublished":"2026-02-27T15:11:59+00:00","dateModified":"2026-02-27T15:12:18+00:00","description":"Entdecken Sie smarte Roboter f\u00fcr Zuhause, Garten, Bildung und Sicherheit. Vergleichen Sie Saugroboter, Rasenm\u00e4hroboter, KI-Begleitroboter und mehr bei EasyLifeRobo.","breadcrumb":{"@id":"https:\/\/easyliferobo.com\/de\/product\/medion-saugroboter-mit-wischfunktion-und-systematischer-navigation-e35-sw-2000pa-saugleistung-gyro-navigation-in-systematischen-s-linien-2-seitenbuersten-und-wandsensor\/#breadcrumb"},"inLanguage":"de","potentialAction":[{"@type":"ReadAction","target":["https:\/\/easyliferobo.com\/de\/product\/medion-saugroboter-mit-wischfunktion-und-systematischer-navigation-e35-sw-2000pa-saugleistung-gyro-navigation-in-systematischen-s-linien-2-seitenbuersten-und-wandsensor\/"]}]},{"@type":"ImageObject","inLanguage":"de","@id":"https:\/\/easyliferobo.com\/de\/product\/medion-saugroboter-mit-wischfunktion-und-systematischer-navigation-e35-sw-2000pa-saugleistung-gyro-navigation-in-systematischen-s-linien-2-seitenbuersten-und-wandsensor\/#primaryimage","url":"https:\/\/easyliferobo.com\/de\/wp-content\/uploads\/2026\/02\/717YLKPC6IL._AC_SL1500_.jpg","contentUrl":"https:\/\/easyliferobo.com\/de\/wp-content\/uploads\/2026\/02\/717YLKPC6IL._AC_SL1500_.jpg","width":1500,"height":1470},{"@type":"BreadcrumbList","@id":"https:\/\/easyliferobo.com\/de\/product\/medion-saugroboter-mit-wischfunktion-und-systematischer-navigation-e35-sw-2000pa-saugleistung-gyro-navigation-in-systematischen-s-linien-2-seitenbuersten-und-wandsensor\/#breadcrumb","itemListElement":[{"@type":"ListItem","position":1,"name":"Home","item":"https:\/\/easyliferobo.com\/de\/"},{"@type":"ListItem","position":2,"name":"Shop","item":"https:\/\/easyliferobo.com\/de\/shop\/"},{"@type":"ListItem","position":3,"name":"MEDION Saugroboter mit Wischfunktio..."}]},{"@type":"WebSite","@id":"https:\/\/easyliferobo.com\/de\/#website","url":"https:\/\/easyliferobo.com\/de\/","name":"EasyLifeBro","description":"Smarte Roboter f\u00fcr Zuhause, Garten &amp; Bildung","publisher":{"@id":"https:\/\/easyliferobo.com\/de\/#organization"},"potentialAction":[{"@type":"SearchAction","target":{"@type":"EntryPoint","urlTemplate":"https:\/\/easyliferobo.com\/de\/?s={search_term_string}"},"query-input":{"@type":"PropertyValueSpecification","valueRequired":true,"valueName":"search_term_string"}}],"inLanguage":"de"},{"@type":"Organization","@id":"https:\/\/easyliferobo.com\/de\/#organization","name":"EasyLifeBro","url":"https:\/\/easyliferobo.com\/de\/","logo":{"@type":"ImageObject","inLanguage":"de","@id":"https:\/\/easyliferobo.com\/de\/#\/schema\/logo\/image\/","url":"https:\/\/easyliferobo.com\/de\/wp-content\/uploads\/2026\/02\/Screenshot-2026-02-22-at-2.25.03-PM.png","contentUrl":"https:\/\/easyliferobo.com\/de\/wp-content\/uploads\/2026\/02\/Screenshot-2026-02-22-at-2.25.03-PM.png","width":1858,"height":430,"caption":"EasyLifeBro"},"image":{"@id":"https:\/\/easyliferobo.com\/de\/#\/schema\/logo\/image\/"}}]}},"_links":{"self":[{"href":"https:\/\/easyliferobo.com\/de\/wp-json\/wp\/v2\/product\/5027","targetHints":{"allow":["GET"]}}],"collection":[{"href":"https:\/\/easyliferobo.com\/de\/wp-json\/wp\/v2\/product"}],"about":[{"href":"https:\/\/easyliferobo.com\/de\/wp-json\/wp\/v2\/types\/product"}],"replies":[{"embeddable":true,"href":"https:\/\/easyliferobo.com\/de\/wp-json\/wp\/v2\/comments?post=5027"}],"wp:featuredmedia":[{"embeddable":true,"href":"https:\/\/easyliferobo.com\/de\/wp-json\/wp\/v2\/media\/5028"}],"wp:attachment":[{"href":"https:\/\/easyliferobo.com\/de\/wp-json\/wp\/v2\/media?parent=5027"}],"wp:term":[{"taxonomy":"store","embeddable":true,"href":"https:\/\/easyliferobo.com\/de\/wp-json\/wp\/v2\/store?post=5027"},{"taxonomy":"product_brand","embeddable":true,"href":"https:\/\/easyliferobo.com\/de\/wp-json\/wp\/v2\/product_brand?post=5027"},{"taxonomy":"product_cat","embeddable":true,"href":"https:\/\/easyliferobo.com\/de\/wp-json\/wp\/v2\/product_cat?post=5027"},{"taxonomy":"product_tag","embeddable":true,"href":"https:\/\/easyliferobo.com\/de\/wp-json\/wp\/v2\/product_tag?post=5027"}],"curies":[{"name":"wp","href":"https:\/\/api.w.org\/{rel}","templated":true}]}}