
{"id":5019,"date":"2026-02-27T15:09:40","date_gmt":"2026-02-27T15:09:40","guid":{"rendered":"https:\/\/easyliferobo.com\/de\/product\/biohy-bodenreiniger-fuer-alle-wischroboter-mit-fruehlingsduft-1-liter-flasche-schaumarm-und-streifenfrei-konzentratreiniger-fuer-alle-boeden\/"},"modified":"2026-02-27T15:09:53","modified_gmt":"2026-02-27T15:09:53","slug":"biohy-bodenreiniger-fuer-alle-wischroboter-mit-fruehlingsduft-1-liter-flasche-schaumarm-und-streifenfrei-konzentratreiniger-fuer-alle-boeden","status":"publish","type":"product","link":"https:\/\/easyliferobo.com\/de\/product\/biohy-bodenreiniger-fuer-alle-wischroboter-mit-fruehlingsduft-1-liter-flasche-schaumarm-und-streifenfrei-konzentratreiniger-fuer-alle-boeden\/","title":{"rendered":"BiOHY Bodenreiniger f\u00fcr alle Wisch..."},"content":{"rendered":"<p>\n                                             Von der Marke   <\/p>\n<p>                                              <img decoding=\"async\" alt=\"ein Wohnzimmer mit einem gr\u00fcnen Sofa und einer wei\u00dfen Couch\" src=\"https:\/\/images-na.ssl-images-amazon.com\/images\/G\/01\/x-locale\/common\/grey-pixel.gif\" class=\"a-lazy-loaded\" data-src=\"https:\/\/m.media-amazon.com\/images\/S\/aplus-media-library-service-media\/18a991d1-662f-4edf-8428-c592af6e0e96.__CR0,0,2928,1250_PT0_SX1464_V1___.png\"><img decoding=\"async\" alt=\"ein Wohnzimmer mit einem gr\u00fcnen Sofa und einer wei\u00dfen Couch\" src=\"https:\/\/m.media-amazon.com\/images\/S\/aplus-media-library-service-media\/18a991d1-662f-4edf-8428-c592af6e0e96.__CR0,0,2928,1250_PT0_SX1464_V1___.png\">  <\/p>\n<p>                                              <img decoding=\"async\" alt=\"\" src=\"https:\/\/images-na.ssl-images-amazon.com\/images\/G\/01\/x-locale\/common\/grey-pixel.gif\" class=\"a-lazy-loaded\" data-src=\"https:\/\/m.media-amazon.com\/images\/S\/aplus-media-library-service-media\/1486157f-1a9f-4e00-9164-d57ae53d8504.__CR0,0,1086,1359_PT0_SX362_V1___.png\"><img decoding=\"async\" alt=\"\" src=\"https:\/\/m.media-amazon.com\/images\/S\/aplus-media-library-service-media\/1486157f-1a9f-4e00-9164-d57ae53d8504.__CR0,0,1086,1359_PT0_SX362_V1___.png\">  <\/p>\n<p>                                              <img decoding=\"async\" alt=\"\" src=\"https:\/\/images-na.ssl-images-amazon.com\/images\/G\/01\/x-locale\/common\/grey-pixel.gif\" class=\"a-lazy-loaded\" data-src=\"https:\/\/m.media-amazon.com\/images\/S\/aplus-media-library-service-media\/95fd7eb8-29f3-48df-80c7-cf80cd8b186d.__CR0,0,1086,1359_PT0_SX362_V1___.png\"><img decoding=\"async\" alt=\"\" src=\"https:\/\/m.media-amazon.com\/images\/S\/aplus-media-library-service-media\/95fd7eb8-29f3-48df-80c7-cf80cd8b186d.__CR0,0,1086,1359_PT0_SX362_V1___.png\">  <\/p>\n<p>                                              <img decoding=\"async\" alt=\"\" src=\"https:\/\/images-na.ssl-images-amazon.com\/images\/G\/01\/x-locale\/common\/grey-pixel.gif\" class=\"a-lazy-loaded\" data-src=\"https:\/\/m.media-amazon.com\/images\/S\/aplus-media-library-service-media\/c55fb48c-bcac-4628-9f32-68e4663d0644.__CR0,0,1086,1359_PT0_SX362_V1___.png\"><img decoding=\"async\" alt=\"\" src=\"https:\/\/m.media-amazon.com\/images\/S\/aplus-media-library-service-media\/c55fb48c-bcac-4628-9f32-68e4663d0644.__CR0,0,1086,1359_PT0_SX362_V1___.png\">  <\/p>\n<p>                                              <img decoding=\"async\" alt=\"\" src=\"https:\/\/images-na.ssl-images-amazon.com\/images\/G\/01\/x-locale\/common\/grey-pixel.gif\" class=\"a-lazy-loaded\" data-src=\"https:\/\/m.media-amazon.com\/images\/S\/aplus-media-library-service-media\/292ade05-ce80-44f9-bafa-f7d839402303.__CR0,0,1086,1359_PT0_SX362_V1___.png\"><img decoding=\"async\" alt=\"\" src=\"https:\/\/m.media-amazon.com\/images\/S\/aplus-media-library-service-media\/292ade05-ce80-44f9-bafa-f7d839402303.__CR0,0,1086,1359_PT0_SX362_V1___.png\">  <\/p>\n<p>                                              <img decoding=\"async\" alt=\"ein Plakat f\u00fcr einen veganen Laden\" src=\"https:\/\/images-na.ssl-images-amazon.com\/images\/G\/01\/x-locale\/common\/grey-pixel.gif\" class=\"a-lazy-loaded\" data-src=\"https:\/\/m.media-amazon.com\/images\/S\/aplus-media-library-service-media\/46b52896-fd45-4282-bc84-1ef55273ff6c.__CR0,0,1086,1359_PT0_SX362_V1___.png\"><img decoding=\"async\" alt=\"ein Plakat f\u00fcr einen veganen Laden\" src=\"https:\/\/m.media-amazon.com\/images\/S\/aplus-media-library-service-media\/46b52896-fd45-4282-bc84-1ef55273ff6c.__CR0,0,1086,1359_PT0_SX362_V1___.png\">  <\/p>\n<p>                                              <img decoding=\"async\" alt=\"\" src=\"https:\/\/images-na.ssl-images-amazon.com\/images\/G\/01\/x-locale\/common\/grey-pixel.gif\" class=\"a-lazy-loaded\" data-src=\"https:\/\/m.media-amazon.com\/images\/S\/aplus-media-library-service-media\/ced0cae3-0489-4b4f-986c-d0970a3c13fa.__CR0,0,1086,1359_PT0_SX362_V1___.png\"><img decoding=\"async\" alt=\"\" src=\"https:\/\/m.media-amazon.com\/images\/S\/aplus-media-library-service-media\/ced0cae3-0489-4b4f-986c-d0970a3c13fa.__CR0,0,1086,1359_PT0_SX362_V1___.png\">  <\/p>\n<p>                                              <img decoding=\"async\" alt=\"Eine Person h\u00e4lt einen mit Moos bedeckten Baumstamm\" src=\"https:\/\/images-na.ssl-images-amazon.com\/images\/G\/01\/x-locale\/common\/grey-pixel.gif\" class=\"a-lazy-loaded\" data-src=\"https:\/\/m.media-amazon.com\/images\/S\/aplus-media-library-service-media\/dd45bb86-fe1a-44f1-ae88-7a5b3f932603.__CR0,0,1086,1359_PT0_SX362_V1___.png\"><img decoding=\"async\" alt=\"Eine Person h\u00e4lt einen mit Moos bedeckten Baumstamm\" src=\"https:\/\/m.media-amazon.com\/images\/S\/aplus-media-library-service-media\/dd45bb86-fe1a-44f1-ae88-7a5b3f932603.__CR0,0,1086,1359_PT0_SX362_V1___.png\">  <\/p>\n<p>  Verpackungsabmessungen: 27,3 x 18,1 x 11,3 cm; 1,06 kg   <br \/> Hersteller \u200f : \u200e BiOHY   <br \/> ASIN \u200f : \u200e B0CHZ6HGQ6   <br \/> Herstellerreferenz \u200f : \u200e abk-778   <br \/>  Kundenrezensionen: 4,4 4,4 von 5 Sternen (15.018) var dpAcrHasRegisteredArcLinkClickAction; P.when(&#8218;A&#8216;, &#8218;ready&#8216;).execute(function(A) { if (dpAcrHasRegisteredArcLinkClickAction !== true) { dpAcrHasRegisteredArcLinkClickAction = true; A.declarative( &#8218;acrLink-click-metrics&#8216;, &#8218;click&#8216;, { &#8222;allowLinkDefault&#8220;: true }, function (event) { if (window.ue) { ue.count(&#8222;acrLinkClickCount&#8220;, (ue.count(&#8222;acrLinkClickCount&#8220;) || 0) + 1 } } }); P.when(&#8218;A&#8216;, &#8218;cf&#8216;).execute(function(A) { A.declarative(&#8218;acrStarsLink-click-metrics&#8216;, &#8218;click&#8216;, { &#8222;allowLinkDefault&#8220; : true }, function(event){ if(window.ue) { ue.count(&#8222;acrStarsLinkWithPopoverClickCount&#8220;, (ue.count(&#8222;acrStarsLinkWithPopoverClickCount&#8220;) || 0) + 1); } }); });                          <br \/>Von Natur aus clever: Um Schlieren und Filme zu vermeiden, achten Sie immer auf das richtige Mischungsverh\u00e4ltnis. Sp\u00fclen Sie den Tank Ihres Wischroboters w\u00f6chentlich mit klarem Wasser aus, um Verstopfungen vorzubeugen.<br \/>Nat\u00fcrlich rein: Erzielen Sie die beste Reinigungsleistung Ihres Wischroboters durch die Verwendung von weichem oder entkalktem Wasser. Hinweis: Die Qualit\u00e4t des Leitungswassers variiert je nach Region. Hartes Wasser kann die Bildung von Schuppen beg\u00fcnstigen und die Effizienz beeintr\u00e4chtigen. Wenn Sie unsicher sind oder die besten Ergebnisse erzielen m\u00f6chten, empfehlen wir destilliertes Wasser.<br \/>Nat\u00fcrliche, perfekte Pflege: Unser Bodenreiniger ben\u00f6tigt nur einen Arbeitsgang und ist ideal f\u00fcr alle wasserbest\u00e4ndigen B\u00f6den. Es reinigt nachhaltig und v\u00f6llig ohne unerw\u00fcnschte Schichtablagerungen.<br \/>Nat\u00fcrlich kraftvoll: Unser Bodenreiniger macht eine Grundreinigung auf unbeschichteten B\u00f6den \u00fcberfl\u00fcssig, wirkt rutschhemmend und reduziert die Wiederanschmutzung deutlich. Mehr Zeit f\u00fcr die wichtigeren Dinge im Leben.<br \/>Nat\u00fcrlich sauber: Unser innovatives Pflege- und Wischpflegeprodukt duftet frisch und ist besonders f\u00fcr den Einsatz in Wischrobotern geeignet. Au\u00dferdem ist es schnell trocknend und sch\u00e4umt kaum. Achtung: Bitte verwenden Sie das Konzentrat niemals unverd\u00fcnnt.<\/p>\n<p>[ad_2]<\/p>\n","protected":false},"excerpt":{"rendered":"<p>Von der Marke Verpackungsabmessungen: 27,3 x 18,1 x 11,3 cm; 1,06 kg Hersteller \u200f : \u200e BiOHY ASIN \u200f : \u200e B0CHZ6HGQ6 Herstellerreferenz \u200f : \u200e abk-778 Kundenrezensionen: 4,4 4,4 von 5 Sternen (15.018) var dpAcrHasRegisteredArcLinkClickAction; P.when(&#8218;A&#8216;, &#8218;ready&#8216;).execute(function(A) { if (dpAcrHasRegisteredArcLinkClickAction !== true) { dpAcrHasRegisteredArcLinkClickAction = true; A.declarative( &#8218;acrLink-click-metrics&#8216;, &#8218;click&#8216;, { &#8222;allowLinkDefault&#8220;: true }, function [&hellip;]<\/p>\n","protected":false},"featured_media":5020,"comment_status":"open","ping_status":"closed","template":"","meta":{"_aipt_faq_data":""},"store":[],"product_brand":[456],"product_cat":[73],"product_tag":[253],"class_list":{"0":"post-5019","1":"product","2":"type-product","3":"status-publish","4":"has-post-thumbnail","6":"product_brand-biohy","7":"product_cat-wischroboter","8":"product_tag-robuste-wischroboter-fuer-laminat","10":"first","11":"instock","12":"shipping-taxable","13":"product-type-external"},"yoast_head":"<!-- This site is optimized with the Yoast SEO plugin v27.0 - https:\/\/yoast.com\/product\/yoast-seo-wordpress\/ -->\n<title>BiOHY Bodenreiniger f\u00fcr alle Wischroboter mit Fr\u00fchlingsduft (1 Liter Flasche), schaumarm und streifenfrei, Konzentratreiniger f\u00fcr alle B\u00f6den - EasyLifeBro<\/title>\n<meta name=\"description\" content=\"Entdecken Sie smarte Roboter f\u00fcr Zuhause, Garten, Bildung und Sicherheit. Vergleichen Sie Saugroboter, Rasenm\u00e4hroboter, KI-Begleitroboter und mehr bei EasyLifeRobo.\" \/>\n<meta name=\"robots\" content=\"index, follow, max-snippet:-1, max-image-preview:large, max-video-preview:-1\" \/>\n<link rel=\"canonical\" href=\"https:\/\/easyliferobo.com\/de\/product\/biohy-bodenreiniger-fuer-alle-wischroboter-mit-fruehlingsduft-1-liter-flasche-schaumarm-und-streifenfrei-konzentratreiniger-fuer-alle-boeden\/\" \/>\n<meta property=\"og:locale\" content=\"de_DE\" \/>\n<meta property=\"og:type\" content=\"article\" \/>\n<meta property=\"og:title\" content=\"BiOHY Bodenreiniger f\u00fcr alle Wischroboter mit Fr\u00fchlingsduft (1 Liter Flasche), schaumarm und streifenfrei, Konzentratreiniger f\u00fcr alle B\u00f6den - EasyLifeBro\" \/>\n<meta property=\"og:description\" content=\"Entdecken Sie smarte Roboter f\u00fcr Zuhause, Garten, Bildung und Sicherheit. Vergleichen Sie Saugroboter, Rasenm\u00e4hroboter, KI-Begleitroboter und mehr bei EasyLifeRobo.\" \/>\n<meta property=\"og:url\" content=\"https:\/\/easyliferobo.com\/de\/product\/biohy-bodenreiniger-fuer-alle-wischroboter-mit-fruehlingsduft-1-liter-flasche-schaumarm-und-streifenfrei-konzentratreiniger-fuer-alle-boeden\/\" \/>\n<meta property=\"og:site_name\" content=\"EasyLifeBro\" \/>\n<meta property=\"article:modified_time\" content=\"2026-02-27T15:09:53+00:00\" \/>\n<meta property=\"og:image\" content=\"https:\/\/images-na.ssl-images-amazon.com\/images\/G\/01\/x-locale\/common\/grey-pixel.gif\" \/>\n<meta name=\"twitter:card\" content=\"summary_large_image\" \/>\n<meta name=\"twitter:label1\" content=\"Gesch\u00e4tzte Lesezeit\" \/>\n\t<meta name=\"twitter:data1\" content=\"1\u00a0Minute\" \/>\n<script type=\"application\/ld+json\" class=\"yoast-schema-graph\">{\"@context\":\"https:\/\/schema.org\",\"@graph\":[{\"@type\":\"WebPage\",\"@id\":\"https:\/\/easyliferobo.com\/de\/product\/biohy-bodenreiniger-fuer-alle-wischroboter-mit-fruehlingsduft-1-liter-flasche-schaumarm-und-streifenfrei-konzentratreiniger-fuer-alle-boeden\/\",\"url\":\"https:\/\/easyliferobo.com\/de\/product\/biohy-bodenreiniger-fuer-alle-wischroboter-mit-fruehlingsduft-1-liter-flasche-schaumarm-und-streifenfrei-konzentratreiniger-fuer-alle-boeden\/\",\"name\":\"BiOHY Bodenreiniger f\u00fcr alle Wischroboter mit Fr\u00fchlingsduft (1 Liter Flasche), schaumarm und streifenfrei, Konzentratreiniger f\u00fcr alle B\u00f6den - EasyLifeBro\",\"isPartOf\":{\"@id\":\"https:\/\/easyliferobo.com\/de\/#website\"},\"primaryImageOfPage\":{\"@id\":\"https:\/\/easyliferobo.com\/de\/product\/biohy-bodenreiniger-fuer-alle-wischroboter-mit-fruehlingsduft-1-liter-flasche-schaumarm-und-streifenfrei-konzentratreiniger-fuer-alle-boeden\/#primaryimage\"},\"image\":{\"@id\":\"https:\/\/easyliferobo.com\/de\/product\/biohy-bodenreiniger-fuer-alle-wischroboter-mit-fruehlingsduft-1-liter-flasche-schaumarm-und-streifenfrei-konzentratreiniger-fuer-alle-boeden\/#primaryimage\"},\"thumbnailUrl\":\"https:\/\/easyliferobo.com\/de\/wp-content\/uploads\/2026\/02\/71qhYjTA-EL._AC_SL1500_.jpg\",\"datePublished\":\"2026-02-27T15:09:40+00:00\",\"dateModified\":\"2026-02-27T15:09:53+00:00\",\"description\":\"Entdecken Sie smarte Roboter f\u00fcr Zuhause, Garten, Bildung und Sicherheit. Vergleichen Sie Saugroboter, Rasenm\u00e4hroboter, KI-Begleitroboter und mehr bei EasyLifeRobo.\",\"breadcrumb\":{\"@id\":\"https:\/\/easyliferobo.com\/de\/product\/biohy-bodenreiniger-fuer-alle-wischroboter-mit-fruehlingsduft-1-liter-flasche-schaumarm-und-streifenfrei-konzentratreiniger-fuer-alle-boeden\/#breadcrumb\"},\"inLanguage\":\"de\",\"potentialAction\":[{\"@type\":\"ReadAction\",\"target\":[\"https:\/\/easyliferobo.com\/de\/product\/biohy-bodenreiniger-fuer-alle-wischroboter-mit-fruehlingsduft-1-liter-flasche-schaumarm-und-streifenfrei-konzentratreiniger-fuer-alle-boeden\/\"]}]},{\"@type\":\"ImageObject\",\"inLanguage\":\"de\",\"@id\":\"https:\/\/easyliferobo.com\/de\/product\/biohy-bodenreiniger-fuer-alle-wischroboter-mit-fruehlingsduft-1-liter-flasche-schaumarm-und-streifenfrei-konzentratreiniger-fuer-alle-boeden\/#primaryimage\",\"url\":\"https:\/\/easyliferobo.com\/de\/wp-content\/uploads\/2026\/02\/71qhYjTA-EL._AC_SL1500_.jpg\",\"contentUrl\":\"https:\/\/easyliferobo.com\/de\/wp-content\/uploads\/2026\/02\/71qhYjTA-EL._AC_SL1500_.jpg\",\"width\":1257,\"height\":1500},{\"@type\":\"BreadcrumbList\",\"@id\":\"https:\/\/easyliferobo.com\/de\/product\/biohy-bodenreiniger-fuer-alle-wischroboter-mit-fruehlingsduft-1-liter-flasche-schaumarm-und-streifenfrei-konzentratreiniger-fuer-alle-boeden\/#breadcrumb\",\"itemListElement\":[{\"@type\":\"ListItem\",\"position\":1,\"name\":\"Home\",\"item\":\"https:\/\/easyliferobo.com\/de\/\"},{\"@type\":\"ListItem\",\"position\":2,\"name\":\"Shop\",\"item\":\"https:\/\/easyliferobo.com\/de\/shop\/\"},{\"@type\":\"ListItem\",\"position\":3,\"name\":\"BiOHY Bodenreiniger f\u00fcr alle Wisch...\"}]},{\"@type\":\"WebSite\",\"@id\":\"https:\/\/easyliferobo.com\/de\/#website\",\"url\":\"https:\/\/easyliferobo.com\/de\/\",\"name\":\"EasyLifeBro\",\"description\":\"Smarte Roboter f\u00fcr Zuhause, Garten &amp; Bildung\",\"publisher\":{\"@id\":\"https:\/\/easyliferobo.com\/de\/#organization\"},\"potentialAction\":[{\"@type\":\"SearchAction\",\"target\":{\"@type\":\"EntryPoint\",\"urlTemplate\":\"https:\/\/easyliferobo.com\/de\/?s={search_term_string}\"},\"query-input\":{\"@type\":\"PropertyValueSpecification\",\"valueRequired\":true,\"valueName\":\"search_term_string\"}}],\"inLanguage\":\"de\"},{\"@type\":\"Organization\",\"@id\":\"https:\/\/easyliferobo.com\/de\/#organization\",\"name\":\"EasyLifeBro\",\"url\":\"https:\/\/easyliferobo.com\/de\/\",\"logo\":{\"@type\":\"ImageObject\",\"inLanguage\":\"de\",\"@id\":\"https:\/\/easyliferobo.com\/de\/#\/schema\/logo\/image\/\",\"url\":\"https:\/\/easyliferobo.com\/de\/wp-content\/uploads\/2026\/02\/Screenshot-2026-02-22-at-2.25.03-PM.png\",\"contentUrl\":\"https:\/\/easyliferobo.com\/de\/wp-content\/uploads\/2026\/02\/Screenshot-2026-02-22-at-2.25.03-PM.png\",\"width\":1858,\"height\":430,\"caption\":\"EasyLifeBro\"},\"image\":{\"@id\":\"https:\/\/easyliferobo.com\/de\/#\/schema\/logo\/image\/\"}}]}<\/script>\n<!-- \/ Yoast SEO plugin. -->","yoast_head_json":{"title":"BiOHY Bodenreiniger f\u00fcr alle Wischroboter mit Fr\u00fchlingsduft (1 Liter Flasche), schaumarm und streifenfrei, Konzentratreiniger f\u00fcr alle B\u00f6den - EasyLifeBro","description":"Entdecken Sie smarte Roboter f\u00fcr Zuhause, Garten, Bildung und Sicherheit. Vergleichen Sie Saugroboter, Rasenm\u00e4hroboter, KI-Begleitroboter und mehr bei EasyLifeRobo.","robots":{"index":"index","follow":"follow","max-snippet":"max-snippet:-1","max-image-preview":"max-image-preview:large","max-video-preview":"max-video-preview:-1"},"canonical":"https:\/\/easyliferobo.com\/de\/product\/biohy-bodenreiniger-fuer-alle-wischroboter-mit-fruehlingsduft-1-liter-flasche-schaumarm-und-streifenfrei-konzentratreiniger-fuer-alle-boeden\/","og_locale":"de_DE","og_type":"article","og_title":"BiOHY Bodenreiniger f\u00fcr alle Wischroboter mit Fr\u00fchlingsduft (1 Liter Flasche), schaumarm und streifenfrei, Konzentratreiniger f\u00fcr alle B\u00f6den - EasyLifeBro","og_description":"Entdecken Sie smarte Roboter f\u00fcr Zuhause, Garten, Bildung und Sicherheit. Vergleichen Sie Saugroboter, Rasenm\u00e4hroboter, KI-Begleitroboter und mehr bei EasyLifeRobo.","og_url":"https:\/\/easyliferobo.com\/de\/product\/biohy-bodenreiniger-fuer-alle-wischroboter-mit-fruehlingsduft-1-liter-flasche-schaumarm-und-streifenfrei-konzentratreiniger-fuer-alle-boeden\/","og_site_name":"EasyLifeBro","article_modified_time":"2026-02-27T15:09:53+00:00","og_image":[{"url":"https:\/\/images-na.ssl-images-amazon.com\/images\/G\/01\/x-locale\/common\/grey-pixel.gif","type":"","width":"","height":""}],"twitter_card":"summary_large_image","twitter_misc":{"Gesch\u00e4tzte Lesezeit":"1\u00a0Minute"},"schema":{"@context":"https:\/\/schema.org","@graph":[{"@type":"WebPage","@id":"https:\/\/easyliferobo.com\/de\/product\/biohy-bodenreiniger-fuer-alle-wischroboter-mit-fruehlingsduft-1-liter-flasche-schaumarm-und-streifenfrei-konzentratreiniger-fuer-alle-boeden\/","url":"https:\/\/easyliferobo.com\/de\/product\/biohy-bodenreiniger-fuer-alle-wischroboter-mit-fruehlingsduft-1-liter-flasche-schaumarm-und-streifenfrei-konzentratreiniger-fuer-alle-boeden\/","name":"BiOHY Bodenreiniger f\u00fcr alle Wischroboter mit Fr\u00fchlingsduft (1 Liter Flasche), schaumarm und streifenfrei, Konzentratreiniger f\u00fcr alle B\u00f6den - EasyLifeBro","isPartOf":{"@id":"https:\/\/easyliferobo.com\/de\/#website"},"primaryImageOfPage":{"@id":"https:\/\/easyliferobo.com\/de\/product\/biohy-bodenreiniger-fuer-alle-wischroboter-mit-fruehlingsduft-1-liter-flasche-schaumarm-und-streifenfrei-konzentratreiniger-fuer-alle-boeden\/#primaryimage"},"image":{"@id":"https:\/\/easyliferobo.com\/de\/product\/biohy-bodenreiniger-fuer-alle-wischroboter-mit-fruehlingsduft-1-liter-flasche-schaumarm-und-streifenfrei-konzentratreiniger-fuer-alle-boeden\/#primaryimage"},"thumbnailUrl":"https:\/\/easyliferobo.com\/de\/wp-content\/uploads\/2026\/02\/71qhYjTA-EL._AC_SL1500_.jpg","datePublished":"2026-02-27T15:09:40+00:00","dateModified":"2026-02-27T15:09:53+00:00","description":"Entdecken Sie smarte Roboter f\u00fcr Zuhause, Garten, Bildung und Sicherheit. Vergleichen Sie Saugroboter, Rasenm\u00e4hroboter, KI-Begleitroboter und mehr bei EasyLifeRobo.","breadcrumb":{"@id":"https:\/\/easyliferobo.com\/de\/product\/biohy-bodenreiniger-fuer-alle-wischroboter-mit-fruehlingsduft-1-liter-flasche-schaumarm-und-streifenfrei-konzentratreiniger-fuer-alle-boeden\/#breadcrumb"},"inLanguage":"de","potentialAction":[{"@type":"ReadAction","target":["https:\/\/easyliferobo.com\/de\/product\/biohy-bodenreiniger-fuer-alle-wischroboter-mit-fruehlingsduft-1-liter-flasche-schaumarm-und-streifenfrei-konzentratreiniger-fuer-alle-boeden\/"]}]},{"@type":"ImageObject","inLanguage":"de","@id":"https:\/\/easyliferobo.com\/de\/product\/biohy-bodenreiniger-fuer-alle-wischroboter-mit-fruehlingsduft-1-liter-flasche-schaumarm-und-streifenfrei-konzentratreiniger-fuer-alle-boeden\/#primaryimage","url":"https:\/\/easyliferobo.com\/de\/wp-content\/uploads\/2026\/02\/71qhYjTA-EL._AC_SL1500_.jpg","contentUrl":"https:\/\/easyliferobo.com\/de\/wp-content\/uploads\/2026\/02\/71qhYjTA-EL._AC_SL1500_.jpg","width":1257,"height":1500},{"@type":"BreadcrumbList","@id":"https:\/\/easyliferobo.com\/de\/product\/biohy-bodenreiniger-fuer-alle-wischroboter-mit-fruehlingsduft-1-liter-flasche-schaumarm-und-streifenfrei-konzentratreiniger-fuer-alle-boeden\/#breadcrumb","itemListElement":[{"@type":"ListItem","position":1,"name":"Home","item":"https:\/\/easyliferobo.com\/de\/"},{"@type":"ListItem","position":2,"name":"Shop","item":"https:\/\/easyliferobo.com\/de\/shop\/"},{"@type":"ListItem","position":3,"name":"BiOHY Bodenreiniger f\u00fcr alle Wisch..."}]},{"@type":"WebSite","@id":"https:\/\/easyliferobo.com\/de\/#website","url":"https:\/\/easyliferobo.com\/de\/","name":"EasyLifeBro","description":"Smarte Roboter f\u00fcr Zuhause, Garten &amp; Bildung","publisher":{"@id":"https:\/\/easyliferobo.com\/de\/#organization"},"potentialAction":[{"@type":"SearchAction","target":{"@type":"EntryPoint","urlTemplate":"https:\/\/easyliferobo.com\/de\/?s={search_term_string}"},"query-input":{"@type":"PropertyValueSpecification","valueRequired":true,"valueName":"search_term_string"}}],"inLanguage":"de"},{"@type":"Organization","@id":"https:\/\/easyliferobo.com\/de\/#organization","name":"EasyLifeBro","url":"https:\/\/easyliferobo.com\/de\/","logo":{"@type":"ImageObject","inLanguage":"de","@id":"https:\/\/easyliferobo.com\/de\/#\/schema\/logo\/image\/","url":"https:\/\/easyliferobo.com\/de\/wp-content\/uploads\/2026\/02\/Screenshot-2026-02-22-at-2.25.03-PM.png","contentUrl":"https:\/\/easyliferobo.com\/de\/wp-content\/uploads\/2026\/02\/Screenshot-2026-02-22-at-2.25.03-PM.png","width":1858,"height":430,"caption":"EasyLifeBro"},"image":{"@id":"https:\/\/easyliferobo.com\/de\/#\/schema\/logo\/image\/"}}]}},"_links":{"self":[{"href":"https:\/\/easyliferobo.com\/de\/wp-json\/wp\/v2\/product\/5019","targetHints":{"allow":["GET"]}}],"collection":[{"href":"https:\/\/easyliferobo.com\/de\/wp-json\/wp\/v2\/product"}],"about":[{"href":"https:\/\/easyliferobo.com\/de\/wp-json\/wp\/v2\/types\/product"}],"replies":[{"embeddable":true,"href":"https:\/\/easyliferobo.com\/de\/wp-json\/wp\/v2\/comments?post=5019"}],"wp:featuredmedia":[{"embeddable":true,"href":"https:\/\/easyliferobo.com\/de\/wp-json\/wp\/v2\/media\/5020"}],"wp:attachment":[{"href":"https:\/\/easyliferobo.com\/de\/wp-json\/wp\/v2\/media?parent=5019"}],"wp:term":[{"taxonomy":"store","embeddable":true,"href":"https:\/\/easyliferobo.com\/de\/wp-json\/wp\/v2\/store?post=5019"},{"taxonomy":"product_brand","embeddable":true,"href":"https:\/\/easyliferobo.com\/de\/wp-json\/wp\/v2\/product_brand?post=5019"},{"taxonomy":"product_cat","embeddable":true,"href":"https:\/\/easyliferobo.com\/de\/wp-json\/wp\/v2\/product_cat?post=5019"},{"taxonomy":"product_tag","embeddable":true,"href":"https:\/\/easyliferobo.com\/de\/wp-json\/wp\/v2\/product_tag?post=5019"}],"curies":[{"name":"wp","href":"https:\/\/api.w.org\/{rel}","templated":true}]}}