
{"id":5010,"date":"2026-02-27T15:08:21","date_gmt":"2026-02-27T15:08:21","guid":{"rendered":"https:\/\/easyliferobo.com\/de\/product\/tosima-fensterputzroboter-mit-bidirektionalem-ultraschall-zerstaeubungswasserstrahl-und-85-ml-wassertank-fensterroboter-mit-starker-saugkraft-fuer-gruendliche-fensterreinigung-aktualisiert-schwarz\/"},"modified":"2026-02-27T15:08:36","modified_gmt":"2026-02-27T15:08:36","slug":"tosima-fensterputzroboter-mit-bidirektionalem-ultraschall-zerstaeubungswasserstrahl-und-85-ml-wassertank-fensterroboter-mit-starker-saugkraft-fuer-gruendliche-fensterreinigung-aktualisiert-schwarz","status":"publish","type":"product","link":"https:\/\/easyliferobo.com\/de\/product\/tosima-fensterputzroboter-mit-bidirektionalem-ultraschall-zerstaeubungswasserstrahl-und-85-ml-wassertank-fensterroboter-mit-starker-saugkraft-fuer-gruendliche-fensterreinigung-aktualisiert-schwarz\/","title":{"rendered":"Tosima Fensterputzroboter mit bidir..."},"content":{"rendered":"<p>\n                                             Produktbeschreibung   <\/p>\n<p>                                                                                                       <img decoding=\"async\" alt=\"Der Text befindet sich in der Mitte des Bildes.\" src=\"https:\/\/images-na.ssl-images-amazon.com\/images\/G\/01\/x-locale\/common\/grey-pixel.gif\" class=\"a-lazy-loaded\" data-src=\"https:\/\/m.media-amazon.com\/images\/S\/aplus-media-library-service-media\/ec0e560c-7829-4c28-9358-53479e98ea25.__CR0,0,1464,600_PT0_SX1464_V1___.jpg\"><img decoding=\"async\" alt=\"Der Text befindet sich in der Mitte des Bildes.\" src=\"https:\/\/m.media-amazon.com\/images\/S\/aplus-media-library-service-media\/ec0e560c-7829-4c28-9358-53479e98ea25.__CR0,0,1464,600_PT0_SX1464_V1___.jpg\">                                               <\/p>\n<p>                                                                                                       <img decoding=\"async\" alt=\"ein Bild von einem Berg mit einem Berg im Hintergrund.\" src=\"https:\/\/images-na.ssl-images-amazon.com\/images\/G\/01\/x-locale\/common\/grey-pixel.gif\" class=\"a-lazy-loaded\" data-src=\"https:\/\/m.media-amazon.com\/images\/S\/aplus-media-library-service-media\/9467ebef-8e2f-4a2b-b4d8-c867f0137bf0.__CR0,0,1464,600_PT0_SX1464_V1___.jpg\"><img decoding=\"async\" alt=\"ein Bild von einem Berg mit einem Berg im Hintergrund.\" src=\"https:\/\/m.media-amazon.com\/images\/S\/aplus-media-library-service-media\/9467ebef-8e2f-4a2b-b4d8-c867f0137bf0.__CR0,0,1464,600_PT0_SX1464_V1___.jpg\">                                               <\/p>\n<p>                                                                                                       <img decoding=\"async\" alt=\"Die Zukunft der Technologie: Die Zukunft der Technologie\" src=\"https:\/\/images-na.ssl-images-amazon.com\/images\/G\/01\/x-locale\/common\/grey-pixel.gif\" class=\"a-lazy-loaded\" data-src=\"https:\/\/m.media-amazon.com\/images\/S\/aplus-media-library-service-media\/a4c177c5-254d-41fa-9ee8-4d7be84e4b76.__CR0,0,1464,600_PT0_SX1464_V1___.png\"><img decoding=\"async\" alt=\"Die Zukunft der Technologie: Die Zukunft der Technologie\" src=\"https:\/\/m.media-amazon.com\/images\/S\/aplus-media-library-service-media\/a4c177c5-254d-41fa-9ee8-4d7be84e4b76.__CR0,0,1464,600_PT0_SX1464_V1___.png\">                                               <\/p>\n<h3 class=\"aplus-h1 a-text-bold\">  Befreien Sie Ihre H\u00e4nde und genie\u00dfen Sie das Leben! <\/h3>\n<p><\/p>\n<p class=\"aplus-p2\">  Der kompakte und leistungsstarke W5 gleitet m\u00fchelos \u00fcber Glasfl\u00e4chen und hinterl\u00e4sst einen streifenfreien Glanz. Seine fortschrittlichen Sensoren sorgen f\u00fcr eine vollst\u00e4ndige Abdeckung, w\u00e4hrend der langlebige Akku ununterbrochene Reinigungssitzungen erm\u00f6glicht. Dank der benutzerfreundlichen Steuerung und der automatischen Reinigungsmodi war es noch nie so einfach, kristallklare Fenster zu erhalten. <\/p>\n<p>Das Video zeigt das Produkt im Einsatz. Das Video f\u00fchrt Sie durch die Produkteinrichtung. Das Video vergleicht mehrere Produkte. Das Video zeigt das Auspacken des Produkts. Tosima W5 Fensterputzroboter H\u00e4ndlervideo<\/p>\n<p>                                                                                                                                                                                                             <img decoding=\"async\" alt=\"eine Grafik, die eine Maschine mit blauem Hintergrund und blauem und wei\u00dfem Text zeigt, auf dem steht: zigzag - - ka - ka - - ka - ka - ka - - ka -\" src=\"https:\/\/m.media-amazon.com\/images\/S\/aplus-media-library-service-media\/9c83bec0-46e5-4c91-b28a-c58ecb881b40.__CR0,0,800,600_PT0_SX800_V1___.png\">                                                                                Einzigartiges Zweikanalsystem    <\/p>\n<p class=\"aplus-p2\">  Das einzigartige Doppelkanalsystem von TOSIMA erm\u00f6glicht es der Maschine, w\u00e4hrend des Betriebs gleichzeitig Luft abzusaugen und zu entl\u00fcften. Dabei werden R\u00fcckst\u00e4nde von Wasserdampf, die zur Korrosion von Maschinenteilen f\u00fchren k\u00f6nnen, perfekt vermieden, wodurch die Lebensdauer der Maschine verl\u00e4ngert wird. <\/p>\n<p>                                                                                                    Ein st\u00e4rkerer Wasserstrahl f\u00fcr eine effektive Reinigung    <\/p>\n<p class=\"aplus-p2\">  Fensterputzroboter mit Sprayfunktion sorgen f\u00fcr eine optimale Wasserabdeckung und entfernen effektiv Schmutz. Das Ergebnis sind gl\u00e4nzende, streifenfreie Fenster, die herk\u00f6mmliche Reinigungsmethoden \u00fcbertreffen. Ein st\u00e4rkerer Aufprall kann die Fenster bei gleichbleibender Luftfeuchtigkeit reinigen, die Wassermenge kann flexibel angepasst werden. <\/p>\n<p>                                            <img decoding=\"async\" alt=\"Ein Bild von einer Projektorleinwand mit einem Scheinwerfer darauf.\" src=\"https:\/\/m.media-amazon.com\/images\/S\/aplus-media-library-service-media\/ce264c3f-9f32-43f8-966f-57b1326d21d3.__CR0,0,800,600_PT0_SX800_V1___.png\">                                                                     <\/p>\n<p>                                                                                                       <img decoding=\"async\" alt=\"ein gro\u00dfes Fenster mit einem kabellosen Lautsprecher\" src=\"https:\/\/images-na.ssl-images-amazon.com\/images\/G\/01\/x-locale\/common\/grey-pixel.gif\" class=\"a-lazy-loaded\" data-src=\"https:\/\/m.media-amazon.com\/images\/S\/aplus-media-library-service-media\/a9f2fc22-aa8e-49c0-bdbd-097de7ae32c5.__CR0,0,1464,600_PT0_SX1464_V1___.jpg\"><img decoding=\"async\" alt=\"ein gro\u00dfes Fenster mit einem kabellosen Lautsprecher\" src=\"https:\/\/m.media-amazon.com\/images\/S\/aplus-media-library-service-media\/a9f2fc22-aa8e-49c0-bdbd-097de7ae32c5.__CR0,0,1464,600_PT0_SX1464_V1___.jpg\">                                                                                    Warum TOSIMA W5?                                        <\/p>\n<p class=\"aplus-p2 aplus-module-2-description\"> Fensterreiniger mit variabler Frequenz von 2600 Pa &#8211; 3200 Pa,per Fernbedienung gesteuert,intelligente Kantenerkennung;5 Meter langes Sicherheitskabel f\u00fcr eine sichere Reinigung;gro\u00dfe Kapazit\u00e4t von 60 ml, bis zu 40 Quadratmeter Reinigungsfl\u00e4che, auch mit Spr\u00fchwasser. <\/p>\n<p>Der Fensterputzroboter \u00fcberzeugt mit einem bidirektionalen Ultraschall-Zerst\u00e4ubungswasserstrahl f\u00fcr eine intuitive und effiziente Reinigung. Der seitliche Wasserstrahl sorgt f\u00fcr eine gleichm\u00e4\u00dfige Verteilung des Strahls.<br \/>Mit einem sichtbaren 85-ml-Wassertank und automatischem Spr\u00fchen zweimal pro Bewegung bietet der Fensterroboter ein extra gro\u00dfes Spr\u00fchvolumen. Die intelligente Kantenerkennung unterbricht den Spr\u00fchvorgang f\u00fcr eine gr\u00fcndliche Reinigung.<br \/>Der Fensterputzroboter verf\u00fcgt \u00fcber eine starke Saugleistung mit variabler Frequenz (2800-3400 Pa) und passt sich intelligent an unterschiedliche Verschmutzungsgrade an. Sch\u00fctzt besonders empfindliche Oberfl\u00e4chen wie Glas.<br \/>Ausgestattet mit einem Luftdrucksensor erkennt der Fensterputzroboter Testsieger automatisch Kanten und stoppt den Spr\u00fchvorgang. Dies gew\u00e4hrleistet eine pr\u00e4zise und sichere Reinigung ohne st\u00f6rende Unterbrechungen.<br \/>Der Fensterputzroboter vereint modernste Technologie mit benutzerfreundlichem Design. Ideal f\u00fcr die m\u00fchelose und gr\u00fcndliche Reinigung von Fenstern ohne Streifen und R\u00fcckst\u00e4nde.<\/p>\n<p>[ad_2]<\/p>\n","protected":false},"excerpt":{"rendered":"<p>Produktbeschreibung Befreien Sie Ihre H\u00e4nde und genie\u00dfen Sie das Leben! Der kompakte und leistungsstarke W5 gleitet m\u00fchelos \u00fcber Glasfl\u00e4chen und hinterl\u00e4sst einen streifenfreien Glanz. Seine fortschrittlichen Sensoren sorgen f\u00fcr eine vollst\u00e4ndige Abdeckung, w\u00e4hrend der langlebige Akku ununterbrochene Reinigungssitzungen erm\u00f6glicht. Dank der benutzerfreundlichen Steuerung und der automatischen Reinigungsmodi war es noch nie so einfach, kristallklare Fenster [&hellip;]<\/p>\n","protected":false},"featured_media":5011,"comment_status":"open","ping_status":"closed","template":"","meta":{"_aipt_faq_data":""},"store":[],"product_brand":[461],"product_cat":[74],"product_tag":[251],"class_list":{"0":"post-5010","1":"product","2":"type-product","3":"status-publish","4":"has-post-thumbnail","6":"product_brand-tosima","7":"product_cat-fensterreinigungsroboter","8":"product_tag-fensterreinigungsroboter-fuer-grosse-fenster","10":"first","11":"instock","12":"shipping-taxable","13":"product-type-external"},"yoast_head":"<!-- This site is optimized with the Yoast SEO plugin v27.4 - https:\/\/yoast.com\/product\/yoast-seo-wordpress\/ -->\n<title>Tosima Fensterputzroboter mit bidirektionalem Ultraschall-Zerst\u00e4ubungswasserstrahl und 85 ml Wassertank, Fensterroboter mit starker Saugkraft f\u00fcr gr\u00fcndliche Fensterreinigung, aktualisiert (schwarz) - EasyLifeBro<\/title>\n<meta name=\"description\" content=\"Entdecken Sie smarte Roboter f\u00fcr Zuhause, Garten, Bildung und Sicherheit. Vergleichen Sie Saugroboter, Rasenm\u00e4hroboter, KI-Begleitroboter und mehr bei EasyLifeRobo.\" \/>\n<meta name=\"robots\" content=\"index, follow, max-snippet:-1, max-image-preview:large, max-video-preview:-1\" \/>\n<link rel=\"canonical\" href=\"https:\/\/easyliferobo.com\/de\/product\/tosima-fensterputzroboter-mit-bidirektionalem-ultraschall-zerstaeubungswasserstrahl-und-85-ml-wassertank-fensterroboter-mit-starker-saugkraft-fuer-gruendliche-fensterreinigung-aktualisiert-schwarz\/\" \/>\n<meta property=\"og:locale\" content=\"de_DE\" \/>\n<meta property=\"og:type\" content=\"article\" \/>\n<meta property=\"og:title\" content=\"Tosima Fensterputzroboter mit bidirektionalem Ultraschall-Zerst\u00e4ubungswasserstrahl und 85 ml Wassertank, Fensterroboter mit starker Saugkraft f\u00fcr gr\u00fcndliche Fensterreinigung, aktualisiert (schwarz) - EasyLifeBro\" \/>\n<meta property=\"og:description\" content=\"Entdecken Sie smarte Roboter f\u00fcr Zuhause, Garten, Bildung und Sicherheit. Vergleichen Sie Saugroboter, Rasenm\u00e4hroboter, KI-Begleitroboter und mehr bei EasyLifeRobo.\" \/>\n<meta property=\"og:url\" content=\"https:\/\/easyliferobo.com\/de\/product\/tosima-fensterputzroboter-mit-bidirektionalem-ultraschall-zerstaeubungswasserstrahl-und-85-ml-wassertank-fensterroboter-mit-starker-saugkraft-fuer-gruendliche-fensterreinigung-aktualisiert-schwarz\/\" \/>\n<meta property=\"og:site_name\" content=\"EasyLifeBro\" \/>\n<meta property=\"article:modified_time\" content=\"2026-02-27T15:08:36+00:00\" \/>\n<meta property=\"og:image\" content=\"https:\/\/images-na.ssl-images-amazon.com\/images\/G\/01\/x-locale\/common\/grey-pixel.gif\" \/>\n<meta name=\"twitter:card\" content=\"summary_large_image\" \/>\n<meta name=\"twitter:label1\" content=\"Gesch\u00e4tzte Lesezeit\" \/>\n\t<meta name=\"twitter:data1\" content=\"2\u00a0Minuten\" \/>\n<script type=\"application\/ld+json\" class=\"yoast-schema-graph\">{\"@context\":\"https:\\\/\\\/schema.org\",\"@graph\":[{\"@type\":\"WebPage\",\"@id\":\"https:\\\/\\\/easyliferobo.com\\\/de\\\/product\\\/tosima-fensterputzroboter-mit-bidirektionalem-ultraschall-zerstaeubungswasserstrahl-und-85-ml-wassertank-fensterroboter-mit-starker-saugkraft-fuer-gruendliche-fensterreinigung-aktualisiert-schwarz\\\/\",\"url\":\"https:\\\/\\\/easyliferobo.com\\\/de\\\/product\\\/tosima-fensterputzroboter-mit-bidirektionalem-ultraschall-zerstaeubungswasserstrahl-und-85-ml-wassertank-fensterroboter-mit-starker-saugkraft-fuer-gruendliche-fensterreinigung-aktualisiert-schwarz\\\/\",\"name\":\"Tosima Fensterputzroboter mit bidirektionalem Ultraschall-Zerst\u00e4ubungswasserstrahl und 85 ml Wassertank, Fensterroboter mit starker Saugkraft f\u00fcr gr\u00fcndliche Fensterreinigung, aktualisiert (schwarz) - EasyLifeBro\",\"isPartOf\":{\"@id\":\"https:\\\/\\\/easyliferobo.com\\\/de\\\/#website\"},\"primaryImageOfPage\":{\"@id\":\"https:\\\/\\\/easyliferobo.com\\\/de\\\/product\\\/tosima-fensterputzroboter-mit-bidirektionalem-ultraschall-zerstaeubungswasserstrahl-und-85-ml-wassertank-fensterroboter-mit-starker-saugkraft-fuer-gruendliche-fensterreinigung-aktualisiert-schwarz\\\/#primaryimage\"},\"image\":{\"@id\":\"https:\\\/\\\/easyliferobo.com\\\/de\\\/product\\\/tosima-fensterputzroboter-mit-bidirektionalem-ultraschall-zerstaeubungswasserstrahl-und-85-ml-wassertank-fensterroboter-mit-starker-saugkraft-fuer-gruendliche-fensterreinigung-aktualisiert-schwarz\\\/#primaryimage\"},\"thumbnailUrl\":\"https:\\\/\\\/easyliferobo.com\\\/de\\\/wp-content\\\/uploads\\\/2026\\\/02\\\/71S6COaHvCL._AC_SL1500_.jpg\",\"datePublished\":\"2026-02-27T15:08:21+00:00\",\"dateModified\":\"2026-02-27T15:08:36+00:00\",\"description\":\"Entdecken Sie smarte Roboter f\u00fcr Zuhause, Garten, Bildung und Sicherheit. Vergleichen Sie Saugroboter, Rasenm\u00e4hroboter, KI-Begleitroboter und mehr bei EasyLifeRobo.\",\"breadcrumb\":{\"@id\":\"https:\\\/\\\/easyliferobo.com\\\/de\\\/product\\\/tosima-fensterputzroboter-mit-bidirektionalem-ultraschall-zerstaeubungswasserstrahl-und-85-ml-wassertank-fensterroboter-mit-starker-saugkraft-fuer-gruendliche-fensterreinigung-aktualisiert-schwarz\\\/#breadcrumb\"},\"inLanguage\":\"de\",\"potentialAction\":[{\"@type\":\"ReadAction\",\"target\":[\"https:\\\/\\\/easyliferobo.com\\\/de\\\/product\\\/tosima-fensterputzroboter-mit-bidirektionalem-ultraschall-zerstaeubungswasserstrahl-und-85-ml-wassertank-fensterroboter-mit-starker-saugkraft-fuer-gruendliche-fensterreinigung-aktualisiert-schwarz\\\/\"]}]},{\"@type\":\"ImageObject\",\"inLanguage\":\"de\",\"@id\":\"https:\\\/\\\/easyliferobo.com\\\/de\\\/product\\\/tosima-fensterputzroboter-mit-bidirektionalem-ultraschall-zerstaeubungswasserstrahl-und-85-ml-wassertank-fensterroboter-mit-starker-saugkraft-fuer-gruendliche-fensterreinigung-aktualisiert-schwarz\\\/#primaryimage\",\"url\":\"https:\\\/\\\/easyliferobo.com\\\/de\\\/wp-content\\\/uploads\\\/2026\\\/02\\\/71S6COaHvCL._AC_SL1500_.jpg\",\"contentUrl\":\"https:\\\/\\\/easyliferobo.com\\\/de\\\/wp-content\\\/uploads\\\/2026\\\/02\\\/71S6COaHvCL._AC_SL1500_.jpg\",\"width\":1500,\"height\":1446},{\"@type\":\"BreadcrumbList\",\"@id\":\"https:\\\/\\\/easyliferobo.com\\\/de\\\/product\\\/tosima-fensterputzroboter-mit-bidirektionalem-ultraschall-zerstaeubungswasserstrahl-und-85-ml-wassertank-fensterroboter-mit-starker-saugkraft-fuer-gruendliche-fensterreinigung-aktualisiert-schwarz\\\/#breadcrumb\",\"itemListElement\":[{\"@type\":\"ListItem\",\"position\":1,\"name\":\"Home\",\"item\":\"https:\\\/\\\/easyliferobo.com\\\/de\\\/\"},{\"@type\":\"ListItem\",\"position\":2,\"name\":\"Shop\",\"item\":\"https:\\\/\\\/easyliferobo.com\\\/de\\\/shop\\\/\"},{\"@type\":\"ListItem\",\"position\":3,\"name\":\"Tosima Fensterputzroboter mit bidir...\"}]},{\"@type\":\"WebSite\",\"@id\":\"https:\\\/\\\/easyliferobo.com\\\/de\\\/#website\",\"url\":\"https:\\\/\\\/easyliferobo.com\\\/de\\\/\",\"name\":\"EasyLifeBro\",\"description\":\"Smarte Roboter f\u00fcr Zuhause, Garten &amp; Bildung\",\"publisher\":{\"@id\":\"https:\\\/\\\/easyliferobo.com\\\/de\\\/#organization\"},\"potentialAction\":[{\"@type\":\"SearchAction\",\"target\":{\"@type\":\"EntryPoint\",\"urlTemplate\":\"https:\\\/\\\/easyliferobo.com\\\/de\\\/?s={search_term_string}\"},\"query-input\":{\"@type\":\"PropertyValueSpecification\",\"valueRequired\":true,\"valueName\":\"search_term_string\"}}],\"inLanguage\":\"de\"},{\"@type\":\"Organization\",\"@id\":\"https:\\\/\\\/easyliferobo.com\\\/de\\\/#organization\",\"name\":\"EasyLifeBro\",\"url\":\"https:\\\/\\\/easyliferobo.com\\\/de\\\/\",\"logo\":{\"@type\":\"ImageObject\",\"inLanguage\":\"de\",\"@id\":\"https:\\\/\\\/easyliferobo.com\\\/de\\\/#\\\/schema\\\/logo\\\/image\\\/\",\"url\":\"https:\\\/\\\/easyliferobo.com\\\/de\\\/wp-content\\\/uploads\\\/2026\\\/02\\\/Screenshot-2026-02-22-at-2.25.03-PM.png\",\"contentUrl\":\"https:\\\/\\\/easyliferobo.com\\\/de\\\/wp-content\\\/uploads\\\/2026\\\/02\\\/Screenshot-2026-02-22-at-2.25.03-PM.png\",\"width\":1858,\"height\":430,\"caption\":\"EasyLifeBro\"},\"image\":{\"@id\":\"https:\\\/\\\/easyliferobo.com\\\/de\\\/#\\\/schema\\\/logo\\\/image\\\/\"}}]}<\/script>\n<!-- \/ Yoast SEO plugin. -->","yoast_head_json":{"title":"Tosima Fensterputzroboter mit bidirektionalem Ultraschall-Zerst\u00e4ubungswasserstrahl und 85 ml Wassertank, Fensterroboter mit starker Saugkraft f\u00fcr gr\u00fcndliche Fensterreinigung, aktualisiert (schwarz) - EasyLifeBro","description":"Entdecken Sie smarte Roboter f\u00fcr Zuhause, Garten, Bildung und Sicherheit. Vergleichen Sie Saugroboter, Rasenm\u00e4hroboter, KI-Begleitroboter und mehr bei EasyLifeRobo.","robots":{"index":"index","follow":"follow","max-snippet":"max-snippet:-1","max-image-preview":"max-image-preview:large","max-video-preview":"max-video-preview:-1"},"canonical":"https:\/\/easyliferobo.com\/de\/product\/tosima-fensterputzroboter-mit-bidirektionalem-ultraschall-zerstaeubungswasserstrahl-und-85-ml-wassertank-fensterroboter-mit-starker-saugkraft-fuer-gruendliche-fensterreinigung-aktualisiert-schwarz\/","og_locale":"de_DE","og_type":"article","og_title":"Tosima Fensterputzroboter mit bidirektionalem Ultraschall-Zerst\u00e4ubungswasserstrahl und 85 ml Wassertank, Fensterroboter mit starker Saugkraft f\u00fcr gr\u00fcndliche Fensterreinigung, aktualisiert (schwarz) - EasyLifeBro","og_description":"Entdecken Sie smarte Roboter f\u00fcr Zuhause, Garten, Bildung und Sicherheit. Vergleichen Sie Saugroboter, Rasenm\u00e4hroboter, KI-Begleitroboter und mehr bei EasyLifeRobo.","og_url":"https:\/\/easyliferobo.com\/de\/product\/tosima-fensterputzroboter-mit-bidirektionalem-ultraschall-zerstaeubungswasserstrahl-und-85-ml-wassertank-fensterroboter-mit-starker-saugkraft-fuer-gruendliche-fensterreinigung-aktualisiert-schwarz\/","og_site_name":"EasyLifeBro","article_modified_time":"2026-02-27T15:08:36+00:00","og_image":[{"url":"https:\/\/images-na.ssl-images-amazon.com\/images\/G\/01\/x-locale\/common\/grey-pixel.gif","type":"","width":"","height":""}],"twitter_card":"summary_large_image","twitter_misc":{"Gesch\u00e4tzte Lesezeit":"2\u00a0Minuten"},"schema":{"@context":"https:\/\/schema.org","@graph":[{"@type":"WebPage","@id":"https:\/\/easyliferobo.com\/de\/product\/tosima-fensterputzroboter-mit-bidirektionalem-ultraschall-zerstaeubungswasserstrahl-und-85-ml-wassertank-fensterroboter-mit-starker-saugkraft-fuer-gruendliche-fensterreinigung-aktualisiert-schwarz\/","url":"https:\/\/easyliferobo.com\/de\/product\/tosima-fensterputzroboter-mit-bidirektionalem-ultraschall-zerstaeubungswasserstrahl-und-85-ml-wassertank-fensterroboter-mit-starker-saugkraft-fuer-gruendliche-fensterreinigung-aktualisiert-schwarz\/","name":"Tosima Fensterputzroboter mit bidirektionalem Ultraschall-Zerst\u00e4ubungswasserstrahl und 85 ml Wassertank, Fensterroboter mit starker Saugkraft f\u00fcr gr\u00fcndliche Fensterreinigung, aktualisiert (schwarz) - EasyLifeBro","isPartOf":{"@id":"https:\/\/easyliferobo.com\/de\/#website"},"primaryImageOfPage":{"@id":"https:\/\/easyliferobo.com\/de\/product\/tosima-fensterputzroboter-mit-bidirektionalem-ultraschall-zerstaeubungswasserstrahl-und-85-ml-wassertank-fensterroboter-mit-starker-saugkraft-fuer-gruendliche-fensterreinigung-aktualisiert-schwarz\/#primaryimage"},"image":{"@id":"https:\/\/easyliferobo.com\/de\/product\/tosima-fensterputzroboter-mit-bidirektionalem-ultraschall-zerstaeubungswasserstrahl-und-85-ml-wassertank-fensterroboter-mit-starker-saugkraft-fuer-gruendliche-fensterreinigung-aktualisiert-schwarz\/#primaryimage"},"thumbnailUrl":"https:\/\/easyliferobo.com\/de\/wp-content\/uploads\/2026\/02\/71S6COaHvCL._AC_SL1500_.jpg","datePublished":"2026-02-27T15:08:21+00:00","dateModified":"2026-02-27T15:08:36+00:00","description":"Entdecken Sie smarte Roboter f\u00fcr Zuhause, Garten, Bildung und Sicherheit. Vergleichen Sie Saugroboter, Rasenm\u00e4hroboter, KI-Begleitroboter und mehr bei EasyLifeRobo.","breadcrumb":{"@id":"https:\/\/easyliferobo.com\/de\/product\/tosima-fensterputzroboter-mit-bidirektionalem-ultraschall-zerstaeubungswasserstrahl-und-85-ml-wassertank-fensterroboter-mit-starker-saugkraft-fuer-gruendliche-fensterreinigung-aktualisiert-schwarz\/#breadcrumb"},"inLanguage":"de","potentialAction":[{"@type":"ReadAction","target":["https:\/\/easyliferobo.com\/de\/product\/tosima-fensterputzroboter-mit-bidirektionalem-ultraschall-zerstaeubungswasserstrahl-und-85-ml-wassertank-fensterroboter-mit-starker-saugkraft-fuer-gruendliche-fensterreinigung-aktualisiert-schwarz\/"]}]},{"@type":"ImageObject","inLanguage":"de","@id":"https:\/\/easyliferobo.com\/de\/product\/tosima-fensterputzroboter-mit-bidirektionalem-ultraschall-zerstaeubungswasserstrahl-und-85-ml-wassertank-fensterroboter-mit-starker-saugkraft-fuer-gruendliche-fensterreinigung-aktualisiert-schwarz\/#primaryimage","url":"https:\/\/easyliferobo.com\/de\/wp-content\/uploads\/2026\/02\/71S6COaHvCL._AC_SL1500_.jpg","contentUrl":"https:\/\/easyliferobo.com\/de\/wp-content\/uploads\/2026\/02\/71S6COaHvCL._AC_SL1500_.jpg","width":1500,"height":1446},{"@type":"BreadcrumbList","@id":"https:\/\/easyliferobo.com\/de\/product\/tosima-fensterputzroboter-mit-bidirektionalem-ultraschall-zerstaeubungswasserstrahl-und-85-ml-wassertank-fensterroboter-mit-starker-saugkraft-fuer-gruendliche-fensterreinigung-aktualisiert-schwarz\/#breadcrumb","itemListElement":[{"@type":"ListItem","position":1,"name":"Home","item":"https:\/\/easyliferobo.com\/de\/"},{"@type":"ListItem","position":2,"name":"Shop","item":"https:\/\/easyliferobo.com\/de\/shop\/"},{"@type":"ListItem","position":3,"name":"Tosima Fensterputzroboter mit bidir..."}]},{"@type":"WebSite","@id":"https:\/\/easyliferobo.com\/de\/#website","url":"https:\/\/easyliferobo.com\/de\/","name":"EasyLifeBro","description":"Smarte Roboter f\u00fcr Zuhause, Garten &amp; Bildung","publisher":{"@id":"https:\/\/easyliferobo.com\/de\/#organization"},"potentialAction":[{"@type":"SearchAction","target":{"@type":"EntryPoint","urlTemplate":"https:\/\/easyliferobo.com\/de\/?s={search_term_string}"},"query-input":{"@type":"PropertyValueSpecification","valueRequired":true,"valueName":"search_term_string"}}],"inLanguage":"de"},{"@type":"Organization","@id":"https:\/\/easyliferobo.com\/de\/#organization","name":"EasyLifeBro","url":"https:\/\/easyliferobo.com\/de\/","logo":{"@type":"ImageObject","inLanguage":"de","@id":"https:\/\/easyliferobo.com\/de\/#\/schema\/logo\/image\/","url":"https:\/\/easyliferobo.com\/de\/wp-content\/uploads\/2026\/02\/Screenshot-2026-02-22-at-2.25.03-PM.png","contentUrl":"https:\/\/easyliferobo.com\/de\/wp-content\/uploads\/2026\/02\/Screenshot-2026-02-22-at-2.25.03-PM.png","width":1858,"height":430,"caption":"EasyLifeBro"},"image":{"@id":"https:\/\/easyliferobo.com\/de\/#\/schema\/logo\/image\/"}}]}},"_links":{"self":[{"href":"https:\/\/easyliferobo.com\/de\/wp-json\/wp\/v2\/product\/5010","targetHints":{"allow":["GET"]}}],"collection":[{"href":"https:\/\/easyliferobo.com\/de\/wp-json\/wp\/v2\/product"}],"about":[{"href":"https:\/\/easyliferobo.com\/de\/wp-json\/wp\/v2\/types\/product"}],"replies":[{"embeddable":true,"href":"https:\/\/easyliferobo.com\/de\/wp-json\/wp\/v2\/comments?post=5010"}],"wp:featuredmedia":[{"embeddable":true,"href":"https:\/\/easyliferobo.com\/de\/wp-json\/wp\/v2\/media\/5011"}],"wp:attachment":[{"href":"https:\/\/easyliferobo.com\/de\/wp-json\/wp\/v2\/media?parent=5010"}],"wp:term":[{"taxonomy":"store","embeddable":true,"href":"https:\/\/easyliferobo.com\/de\/wp-json\/wp\/v2\/store?post=5010"},{"taxonomy":"product_brand","embeddable":true,"href":"https:\/\/easyliferobo.com\/de\/wp-json\/wp\/v2\/product_brand?post=5010"},{"taxonomy":"product_cat","embeddable":true,"href":"https:\/\/easyliferobo.com\/de\/wp-json\/wp\/v2\/product_cat?post=5010"},{"taxonomy":"product_tag","embeddable":true,"href":"https:\/\/easyliferobo.com\/de\/wp-json\/wp\/v2\/product_tag?post=5010"}],"curies":[{"name":"wp","href":"https:\/\/api.w.org\/{rel}","templated":true}]}}