
{"id":5000,"date":"2026-02-27T15:05:45","date_gmt":"2026-02-27T15:05:45","guid":{"rendered":"https:\/\/easyliferobo.com\/de\/product\/x5-poolroboter-boden-und-wand-kabelloser-poolsauger-mit-wandkletterfunktion-intelligente-routenplanung-180-minuten-laufzeit-smart-precision-docking-poolreiniger-fuer-einbaupools-bis-300-m%c2%b2\/"},"modified":"2026-02-27T15:06:02","modified_gmt":"2026-02-27T15:06:02","slug":"x5-poolroboter-boden-und-wand-kabelloser-poolsauger-mit-wandkletterfunktion-intelligente-routenplanung-180-minuten-laufzeit-smart-precision-docking-poolreiniger-fuer-einbaupools-bis-300-m%c2%b2","status":"publish","type":"product","link":"https:\/\/easyliferobo.com\/de\/product\/x5-poolroboter-boden-und-wand-kabelloser-poolsauger-mit-wandkletterfunktion-intelligente-routenplanung-180-minuten-laufzeit-smart-precision-docking-poolreiniger-fuer-einbaupools-bis-300-m%c2%b2\/","title":{"rendered":"X5 Poolroboter Boden und Wand, Kabe..."},"content":{"rendered":"<p>\n                                             Von der Marke   <\/p>\n<p>                                              <img decoding=\"async\" alt=\"Poolroboter\" src=\"https:\/\/images-na.ssl-images-amazon.com\/images\/G\/01\/x-locale\/common\/grey-pixel.gif\" class=\"a-lazy-loaded\" data-src=\"https:\/\/m.media-amazon.com\/images\/S\/aplus-media-library-service-media\/a484ad10-780a-4e1c-b4bb-e15f182cda7c.__CR0,0,1464,625_PT0_SX1464_V1___.jpg\"><img decoding=\"async\" alt=\"Poolroboter\" src=\"https:\/\/m.media-amazon.com\/images\/S\/aplus-media-library-service-media\/a484ad10-780a-4e1c-b4bb-e15f182cda7c.__CR0,0,1464,625_PT0_SX1464_V1___.jpg\">  <\/p>\n<p>                                              <img decoding=\"async\" alt=\"Produktinformationsdisplay mit \u201ePondee\u201c-Anzeige Branding in blauer Schrift mit deutschsprachigem Text zur Beschreibung der Produktmerkmale und -vorteile.\" src=\"https:\/\/images-na.ssl-images-amazon.com\/images\/G\/01\/x-locale\/common\/grey-pixel.gif\" class=\"a-lazy-loaded\" data-src=\"https:\/\/m.media-amazon.com\/images\/S\/aplus-media-library-service-media\/6c00935f-54bd-4a1b-9551-25c97056db3e.__CR0,0,362,453_PT0_SX362_V1___.jpg\"><img decoding=\"async\" alt=\"Produktinformationsdisplay mit \u201ePondee\u201c-Anzeige Branding in blauer Schrift mit deutschsprachigem Text zur Beschreibung der Produktmerkmale und -vorteile.\" src=\"https:\/\/m.media-amazon.com\/images\/S\/aplus-media-library-service-media\/6c00935f-54bd-4a1b-9551-25c97056db3e.__CR0,0,362,453_PT0_SX362_V1___.jpg\">  <\/p>\n<h3>  F\u00fcr Aufstellpool <\/h3>\n<h3>  Boden und Wand des Poolroboters <\/h3>\n<p>Dreifache b\u00fcrstenlose Motoren und unvergleichliche Saugleistung von 5500 GPH: Angetrieben von drei hochwertigen b\u00fcrstenlosen Motoren liefert der Poolroboter-Akku Pondee X5 eine beeindruckende Saugleistung von 5500 GPH \u2013 und das bei geringerem Energieverbrauch als herk\u00f6mmliche Modelle. Er entfernt m\u00fchelos Bl\u00e4tter, Sand, Haare, Kies und kleine \u00c4ste \u2013 f\u00fcr einen kristallklaren Pool ohne manuelles Schrubben<br \/>Vollst\u00e4ndige Abdeckung mit intelligenter Pfadplanung und 4 Reinigungsmodi: Dank fortschrittlicher Routenplanung und vier anpassbaren Reinigungsmodi sorgt der kabellose Poolroboter Pondee X5 daf\u00fcr, dass der Boden, die W\u00e4nde und die Wasserlinie Ihres Pools vollst\u00e4ndig gereinigt werden \u2013 kein Bereich bleibt ungereinigt. Durch die verschiedenen Modi k\u00f6nnen Poolbesitzer je nach Poolgr\u00f6\u00dfe und Verschmutzungsgrad die effizienteste Reinigungsart w\u00e4hlen und gleichzeitig Energie sparen<br \/>180 Minuten Laufzeit und schnelle Ladezeit von 2,5 Stunden: Reinigt Pools bis zu 300 m\u00b2 mit einer einzigen Ladung. Durch die starke Laufzeit von 180 Minuten ist der X5 Poolroboter Boden und Wand ideal f\u00fcr gro\u00dfe oder stark beanspruchte Pools \u2013 perfekt f\u00fcr die gr\u00fcndliche Reinigung nach Unwettern, Partys oder l\u00e4ngerer Nichtbenutzung. Dank der kurzen Ladezeit von nur 2,5 Stunden ist es schnell wieder einsatzbereit<br \/>Smart Precision Docking \u2013 Das weltweit erste System f\u00fcr voreingestelltes Andocken. Im Gegensatz zu anderen Poolrobotern, die zuf\u00e4llig anhalten, kehrt der X5 dank Pondees exklusiver, patentierter Intelligent Precision Docking-Technologie bei jedem Reinigungszyklus zu Ihrem voreingestellten Aufnahmepunkt zur\u00fcck. Ideal f\u00fcr Pools mit tiefen\/flachen Zonen oder unregelm\u00e4\u00dfigen Formen, bei denen ein zuf\u00e4lliges Anhalten unpraktisch ist<br \/>Geeignet f\u00fcr alle Becken, Oberfl\u00e4chen und Formen: Geeignet f\u00fcr Einbau- und Aufstellbecken jeder Form \u2013 ob rechteckig, nierenf\u00f6rmig, L-f\u00f6rmig oder einzeln. Die verbesserten Kettenr\u00e4der mit PVA-R\u00e4dern sorgen f\u00fcr optimalen Halt und Mobilit\u00e4t auf allen g\u00e4ngigen Pooloberfl\u00e4chen wie Vinyl, Mosaikfliesen, Beton oder Fiberglas. Robuste B\u00fcrsten und langlebige Ketten garantieren eine gr\u00fcndliche und schonende Reinigung<br \/>Zuverl\u00e4ssige Qualit\u00e4t und sorgenfreie Nutzung: Entwickelt mit Fokus auf Langlebigkeit und Benutzerfreundlichkeit \u2013 f\u00fcr ein zuverl\u00e4ssiges Pool-Reinigungserlebnis im Alltag. Lieferumfang: 1 x Pondee X5 Poolsauger Poolsauger, 1 x Adapter, 1 x Entnahmehaken, 1 x mehrsprachige Bedienungsanleitung (EN\/ES\/DE\/FR\/IT), 1 x FAQ-Leitfaden<\/p>\n<p>[ad_2]<\/p>\n","protected":false},"excerpt":{"rendered":"<p>Von der Marke F\u00fcr Aufstellpool Boden und Wand des Poolroboters Dreifache b\u00fcrstenlose Motoren und unvergleichliche Saugleistung von 5500 GPH: Angetrieben von drei hochwertigen b\u00fcrstenlosen Motoren liefert der Poolroboter-Akku Pondee X5 eine beeindruckende Saugleistung von 5500 GPH \u2013 und das bei geringerem Energieverbrauch als herk\u00f6mmliche Modelle. Er entfernt m\u00fchelos Bl\u00e4tter, Sand, Haare, Kies und kleine \u00c4ste [&hellip;]<\/p>\n","protected":false},"featured_media":5001,"comment_status":"open","ping_status":"closed","template":"","meta":{"_aipt_faq_data":""},"store":[],"product_brand":[467],"product_cat":[75],"product_tag":[250],"class_list":{"0":"post-5000","1":"product","2":"type-product","3":"status-publish","4":"has-post-thumbnail","6":"product_brand-pondee","7":"product_cat-poolroboter","8":"product_tag-poolroboter-fuer-grosse-pools","10":"first","11":"instock","12":"shipping-taxable","13":"product-type-external"},"yoast_head":"<!-- This site is optimized with the Yoast SEO plugin v27.0 - https:\/\/yoast.com\/product\/yoast-seo-wordpress\/ -->\n<title>X5 Poolroboter Boden und Wand, Kabelloser Poolsauger mit Wandkletterfunktion, Intelligente Routenplanung, 180 Minuten Laufzeit, Smart Precision Docking, Poolreiniger f\u00fcr Einbaupools bis 300 m\u00b2 - EasyLifeBro<\/title>\n<meta name=\"description\" content=\"Entdecken Sie smarte Roboter f\u00fcr Zuhause, Garten, Bildung und Sicherheit. Vergleichen Sie Saugroboter, Rasenm\u00e4hroboter, KI-Begleitroboter und mehr bei EasyLifeRobo.\" \/>\n<meta name=\"robots\" content=\"index, follow, max-snippet:-1, max-image-preview:large, max-video-preview:-1\" \/>\n<link rel=\"canonical\" href=\"https:\/\/easyliferobo.com\/de\/product\/x5-poolroboter-boden-und-wand-kabelloser-poolsauger-mit-wandkletterfunktion-intelligente-routenplanung-180-minuten-laufzeit-smart-precision-docking-poolreiniger-fuer-einbaupools-bis-300-m\u00b2\/\" \/>\n<meta property=\"og:locale\" content=\"de_DE\" \/>\n<meta property=\"og:type\" content=\"article\" \/>\n<meta property=\"og:title\" content=\"X5 Poolroboter Boden und Wand, Kabelloser Poolsauger mit Wandkletterfunktion, Intelligente Routenplanung, 180 Minuten Laufzeit, Smart Precision Docking, Poolreiniger f\u00fcr Einbaupools bis 300 m\u00b2 - EasyLifeBro\" \/>\n<meta property=\"og:description\" content=\"Entdecken Sie smarte Roboter f\u00fcr Zuhause, Garten, Bildung und Sicherheit. Vergleichen Sie Saugroboter, Rasenm\u00e4hroboter, KI-Begleitroboter und mehr bei EasyLifeRobo.\" \/>\n<meta property=\"og:url\" content=\"https:\/\/easyliferobo.com\/de\/product\/x5-poolroboter-boden-und-wand-kabelloser-poolsauger-mit-wandkletterfunktion-intelligente-routenplanung-180-minuten-laufzeit-smart-precision-docking-poolreiniger-fuer-einbaupools-bis-300-m\u00b2\/\" \/>\n<meta property=\"og:site_name\" content=\"EasyLifeBro\" \/>\n<meta property=\"article:modified_time\" content=\"2026-02-27T15:06:02+00:00\" \/>\n<meta property=\"og:image\" content=\"https:\/\/images-na.ssl-images-amazon.com\/images\/G\/01\/x-locale\/common\/grey-pixel.gif\" \/>\n<meta name=\"twitter:card\" content=\"summary_large_image\" \/>\n<meta name=\"twitter:label1\" content=\"Gesch\u00e4tzte Lesezeit\" \/>\n\t<meta name=\"twitter:data1\" content=\"2\u00a0Minuten\" \/>\n<script type=\"application\/ld+json\" class=\"yoast-schema-graph\">{\"@context\":\"https:\/\/schema.org\",\"@graph\":[{\"@type\":\"WebPage\",\"@id\":\"https:\/\/easyliferobo.com\/de\/product\/x5-poolroboter-boden-und-wand-kabelloser-poolsauger-mit-wandkletterfunktion-intelligente-routenplanung-180-minuten-laufzeit-smart-precision-docking-poolreiniger-fuer-einbaupools-bis-300-m%c2%b2\/\",\"url\":\"https:\/\/easyliferobo.com\/de\/product\/x5-poolroboter-boden-und-wand-kabelloser-poolsauger-mit-wandkletterfunktion-intelligente-routenplanung-180-minuten-laufzeit-smart-precision-docking-poolreiniger-fuer-einbaupools-bis-300-m%c2%b2\/\",\"name\":\"X5 Poolroboter Boden und Wand, Kabelloser Poolsauger mit Wandkletterfunktion, Intelligente Routenplanung, 180 Minuten Laufzeit, Smart Precision Docking, Poolreiniger f\u00fcr Einbaupools bis 300 m\u00b2 - EasyLifeBro\",\"isPartOf\":{\"@id\":\"https:\/\/easyliferobo.com\/de\/#website\"},\"primaryImageOfPage\":{\"@id\":\"https:\/\/easyliferobo.com\/de\/product\/x5-poolroboter-boden-und-wand-kabelloser-poolsauger-mit-wandkletterfunktion-intelligente-routenplanung-180-minuten-laufzeit-smart-precision-docking-poolreiniger-fuer-einbaupools-bis-300-m%c2%b2\/#primaryimage\"},\"image\":{\"@id\":\"https:\/\/easyliferobo.com\/de\/product\/x5-poolroboter-boden-und-wand-kabelloser-poolsauger-mit-wandkletterfunktion-intelligente-routenplanung-180-minuten-laufzeit-smart-precision-docking-poolreiniger-fuer-einbaupools-bis-300-m%c2%b2\/#primaryimage\"},\"thumbnailUrl\":\"https:\/\/easyliferobo.com\/de\/wp-content\/uploads\/2026\/02\/61ChcUXsy0L._AC_SL1500_.jpg\",\"datePublished\":\"2026-02-27T15:05:45+00:00\",\"dateModified\":\"2026-02-27T15:06:02+00:00\",\"description\":\"Entdecken Sie smarte Roboter f\u00fcr Zuhause, Garten, Bildung und Sicherheit. Vergleichen Sie Saugroboter, Rasenm\u00e4hroboter, KI-Begleitroboter und mehr bei EasyLifeRobo.\",\"breadcrumb\":{\"@id\":\"https:\/\/easyliferobo.com\/de\/product\/x5-poolroboter-boden-und-wand-kabelloser-poolsauger-mit-wandkletterfunktion-intelligente-routenplanung-180-minuten-laufzeit-smart-precision-docking-poolreiniger-fuer-einbaupools-bis-300-m%c2%b2\/#breadcrumb\"},\"inLanguage\":\"de\",\"potentialAction\":[{\"@type\":\"ReadAction\",\"target\":[\"https:\/\/easyliferobo.com\/de\/product\/x5-poolroboter-boden-und-wand-kabelloser-poolsauger-mit-wandkletterfunktion-intelligente-routenplanung-180-minuten-laufzeit-smart-precision-docking-poolreiniger-fuer-einbaupools-bis-300-m%c2%b2\/\"]}]},{\"@type\":\"ImageObject\",\"inLanguage\":\"de\",\"@id\":\"https:\/\/easyliferobo.com\/de\/product\/x5-poolroboter-boden-und-wand-kabelloser-poolsauger-mit-wandkletterfunktion-intelligente-routenplanung-180-minuten-laufzeit-smart-precision-docking-poolreiniger-fuer-einbaupools-bis-300-m%c2%b2\/#primaryimage\",\"url\":\"https:\/\/easyliferobo.com\/de\/wp-content\/uploads\/2026\/02\/61ChcUXsy0L._AC_SL1500_.jpg\",\"contentUrl\":\"https:\/\/easyliferobo.com\/de\/wp-content\/uploads\/2026\/02\/61ChcUXsy0L._AC_SL1500_.jpg\",\"width\":1500,\"height\":1124},{\"@type\":\"BreadcrumbList\",\"@id\":\"https:\/\/easyliferobo.com\/de\/product\/x5-poolroboter-boden-und-wand-kabelloser-poolsauger-mit-wandkletterfunktion-intelligente-routenplanung-180-minuten-laufzeit-smart-precision-docking-poolreiniger-fuer-einbaupools-bis-300-m%c2%b2\/#breadcrumb\",\"itemListElement\":[{\"@type\":\"ListItem\",\"position\":1,\"name\":\"Home\",\"item\":\"https:\/\/easyliferobo.com\/de\/\"},{\"@type\":\"ListItem\",\"position\":2,\"name\":\"Shop\",\"item\":\"https:\/\/easyliferobo.com\/de\/shop\/\"},{\"@type\":\"ListItem\",\"position\":3,\"name\":\"X5 Poolroboter Boden und Wand, Kabe...\"}]},{\"@type\":\"WebSite\",\"@id\":\"https:\/\/easyliferobo.com\/de\/#website\",\"url\":\"https:\/\/easyliferobo.com\/de\/\",\"name\":\"EasyLifeBro\",\"description\":\"Smarte Roboter f\u00fcr Zuhause, Garten &amp; Bildung\",\"publisher\":{\"@id\":\"https:\/\/easyliferobo.com\/de\/#organization\"},\"potentialAction\":[{\"@type\":\"SearchAction\",\"target\":{\"@type\":\"EntryPoint\",\"urlTemplate\":\"https:\/\/easyliferobo.com\/de\/?s={search_term_string}\"},\"query-input\":{\"@type\":\"PropertyValueSpecification\",\"valueRequired\":true,\"valueName\":\"search_term_string\"}}],\"inLanguage\":\"de\"},{\"@type\":\"Organization\",\"@id\":\"https:\/\/easyliferobo.com\/de\/#organization\",\"name\":\"EasyLifeBro\",\"url\":\"https:\/\/easyliferobo.com\/de\/\",\"logo\":{\"@type\":\"ImageObject\",\"inLanguage\":\"de\",\"@id\":\"https:\/\/easyliferobo.com\/de\/#\/schema\/logo\/image\/\",\"url\":\"https:\/\/easyliferobo.com\/de\/wp-content\/uploads\/2026\/02\/Screenshot-2026-02-22-at-2.25.03-PM.png\",\"contentUrl\":\"https:\/\/easyliferobo.com\/de\/wp-content\/uploads\/2026\/02\/Screenshot-2026-02-22-at-2.25.03-PM.png\",\"width\":1858,\"height\":430,\"caption\":\"EasyLifeBro\"},\"image\":{\"@id\":\"https:\/\/easyliferobo.com\/de\/#\/schema\/logo\/image\/\"}}]}<\/script>\n<!-- \/ Yoast SEO plugin. -->","yoast_head_json":{"title":"X5 Poolroboter Boden und Wand, Kabelloser Poolsauger mit Wandkletterfunktion, Intelligente Routenplanung, 180 Minuten Laufzeit, Smart Precision Docking, Poolreiniger f\u00fcr Einbaupools bis 300 m\u00b2 - EasyLifeBro","description":"Entdecken Sie smarte Roboter f\u00fcr Zuhause, Garten, Bildung und Sicherheit. Vergleichen Sie Saugroboter, Rasenm\u00e4hroboter, KI-Begleitroboter und mehr bei EasyLifeRobo.","robots":{"index":"index","follow":"follow","max-snippet":"max-snippet:-1","max-image-preview":"max-image-preview:large","max-video-preview":"max-video-preview:-1"},"canonical":"https:\/\/easyliferobo.com\/de\/product\/x5-poolroboter-boden-und-wand-kabelloser-poolsauger-mit-wandkletterfunktion-intelligente-routenplanung-180-minuten-laufzeit-smart-precision-docking-poolreiniger-fuer-einbaupools-bis-300-m\u00b2\/","og_locale":"de_DE","og_type":"article","og_title":"X5 Poolroboter Boden und Wand, Kabelloser Poolsauger mit Wandkletterfunktion, Intelligente Routenplanung, 180 Minuten Laufzeit, Smart Precision Docking, Poolreiniger f\u00fcr Einbaupools bis 300 m\u00b2 - EasyLifeBro","og_description":"Entdecken Sie smarte Roboter f\u00fcr Zuhause, Garten, Bildung und Sicherheit. Vergleichen Sie Saugroboter, Rasenm\u00e4hroboter, KI-Begleitroboter und mehr bei EasyLifeRobo.","og_url":"https:\/\/easyliferobo.com\/de\/product\/x5-poolroboter-boden-und-wand-kabelloser-poolsauger-mit-wandkletterfunktion-intelligente-routenplanung-180-minuten-laufzeit-smart-precision-docking-poolreiniger-fuer-einbaupools-bis-300-m\u00b2\/","og_site_name":"EasyLifeBro","article_modified_time":"2026-02-27T15:06:02+00:00","og_image":[{"url":"https:\/\/images-na.ssl-images-amazon.com\/images\/G\/01\/x-locale\/common\/grey-pixel.gif","type":"","width":"","height":""}],"twitter_card":"summary_large_image","twitter_misc":{"Gesch\u00e4tzte Lesezeit":"2\u00a0Minuten"},"schema":{"@context":"https:\/\/schema.org","@graph":[{"@type":"WebPage","@id":"https:\/\/easyliferobo.com\/de\/product\/x5-poolroboter-boden-und-wand-kabelloser-poolsauger-mit-wandkletterfunktion-intelligente-routenplanung-180-minuten-laufzeit-smart-precision-docking-poolreiniger-fuer-einbaupools-bis-300-m%c2%b2\/","url":"https:\/\/easyliferobo.com\/de\/product\/x5-poolroboter-boden-und-wand-kabelloser-poolsauger-mit-wandkletterfunktion-intelligente-routenplanung-180-minuten-laufzeit-smart-precision-docking-poolreiniger-fuer-einbaupools-bis-300-m%c2%b2\/","name":"X5 Poolroboter Boden und Wand, Kabelloser Poolsauger mit Wandkletterfunktion, Intelligente Routenplanung, 180 Minuten Laufzeit, Smart Precision Docking, Poolreiniger f\u00fcr Einbaupools bis 300 m\u00b2 - EasyLifeBro","isPartOf":{"@id":"https:\/\/easyliferobo.com\/de\/#website"},"primaryImageOfPage":{"@id":"https:\/\/easyliferobo.com\/de\/product\/x5-poolroboter-boden-und-wand-kabelloser-poolsauger-mit-wandkletterfunktion-intelligente-routenplanung-180-minuten-laufzeit-smart-precision-docking-poolreiniger-fuer-einbaupools-bis-300-m%c2%b2\/#primaryimage"},"image":{"@id":"https:\/\/easyliferobo.com\/de\/product\/x5-poolroboter-boden-und-wand-kabelloser-poolsauger-mit-wandkletterfunktion-intelligente-routenplanung-180-minuten-laufzeit-smart-precision-docking-poolreiniger-fuer-einbaupools-bis-300-m%c2%b2\/#primaryimage"},"thumbnailUrl":"https:\/\/easyliferobo.com\/de\/wp-content\/uploads\/2026\/02\/61ChcUXsy0L._AC_SL1500_.jpg","datePublished":"2026-02-27T15:05:45+00:00","dateModified":"2026-02-27T15:06:02+00:00","description":"Entdecken Sie smarte Roboter f\u00fcr Zuhause, Garten, Bildung und Sicherheit. Vergleichen Sie Saugroboter, Rasenm\u00e4hroboter, KI-Begleitroboter und mehr bei EasyLifeRobo.","breadcrumb":{"@id":"https:\/\/easyliferobo.com\/de\/product\/x5-poolroboter-boden-und-wand-kabelloser-poolsauger-mit-wandkletterfunktion-intelligente-routenplanung-180-minuten-laufzeit-smart-precision-docking-poolreiniger-fuer-einbaupools-bis-300-m%c2%b2\/#breadcrumb"},"inLanguage":"de","potentialAction":[{"@type":"ReadAction","target":["https:\/\/easyliferobo.com\/de\/product\/x5-poolroboter-boden-und-wand-kabelloser-poolsauger-mit-wandkletterfunktion-intelligente-routenplanung-180-minuten-laufzeit-smart-precision-docking-poolreiniger-fuer-einbaupools-bis-300-m%c2%b2\/"]}]},{"@type":"ImageObject","inLanguage":"de","@id":"https:\/\/easyliferobo.com\/de\/product\/x5-poolroboter-boden-und-wand-kabelloser-poolsauger-mit-wandkletterfunktion-intelligente-routenplanung-180-minuten-laufzeit-smart-precision-docking-poolreiniger-fuer-einbaupools-bis-300-m%c2%b2\/#primaryimage","url":"https:\/\/easyliferobo.com\/de\/wp-content\/uploads\/2026\/02\/61ChcUXsy0L._AC_SL1500_.jpg","contentUrl":"https:\/\/easyliferobo.com\/de\/wp-content\/uploads\/2026\/02\/61ChcUXsy0L._AC_SL1500_.jpg","width":1500,"height":1124},{"@type":"BreadcrumbList","@id":"https:\/\/easyliferobo.com\/de\/product\/x5-poolroboter-boden-und-wand-kabelloser-poolsauger-mit-wandkletterfunktion-intelligente-routenplanung-180-minuten-laufzeit-smart-precision-docking-poolreiniger-fuer-einbaupools-bis-300-m%c2%b2\/#breadcrumb","itemListElement":[{"@type":"ListItem","position":1,"name":"Home","item":"https:\/\/easyliferobo.com\/de\/"},{"@type":"ListItem","position":2,"name":"Shop","item":"https:\/\/easyliferobo.com\/de\/shop\/"},{"@type":"ListItem","position":3,"name":"X5 Poolroboter Boden und Wand, Kabe..."}]},{"@type":"WebSite","@id":"https:\/\/easyliferobo.com\/de\/#website","url":"https:\/\/easyliferobo.com\/de\/","name":"EasyLifeBro","description":"Smarte Roboter f\u00fcr Zuhause, Garten &amp; Bildung","publisher":{"@id":"https:\/\/easyliferobo.com\/de\/#organization"},"potentialAction":[{"@type":"SearchAction","target":{"@type":"EntryPoint","urlTemplate":"https:\/\/easyliferobo.com\/de\/?s={search_term_string}"},"query-input":{"@type":"PropertyValueSpecification","valueRequired":true,"valueName":"search_term_string"}}],"inLanguage":"de"},{"@type":"Organization","@id":"https:\/\/easyliferobo.com\/de\/#organization","name":"EasyLifeBro","url":"https:\/\/easyliferobo.com\/de\/","logo":{"@type":"ImageObject","inLanguage":"de","@id":"https:\/\/easyliferobo.com\/de\/#\/schema\/logo\/image\/","url":"https:\/\/easyliferobo.com\/de\/wp-content\/uploads\/2026\/02\/Screenshot-2026-02-22-at-2.25.03-PM.png","contentUrl":"https:\/\/easyliferobo.com\/de\/wp-content\/uploads\/2026\/02\/Screenshot-2026-02-22-at-2.25.03-PM.png","width":1858,"height":430,"caption":"EasyLifeBro"},"image":{"@id":"https:\/\/easyliferobo.com\/de\/#\/schema\/logo\/image\/"}}]}},"_links":{"self":[{"href":"https:\/\/easyliferobo.com\/de\/wp-json\/wp\/v2\/product\/5000","targetHints":{"allow":["GET"]}}],"collection":[{"href":"https:\/\/easyliferobo.com\/de\/wp-json\/wp\/v2\/product"}],"about":[{"href":"https:\/\/easyliferobo.com\/de\/wp-json\/wp\/v2\/types\/product"}],"replies":[{"embeddable":true,"href":"https:\/\/easyliferobo.com\/de\/wp-json\/wp\/v2\/comments?post=5000"}],"wp:featuredmedia":[{"embeddable":true,"href":"https:\/\/easyliferobo.com\/de\/wp-json\/wp\/v2\/media\/5001"}],"wp:attachment":[{"href":"https:\/\/easyliferobo.com\/de\/wp-json\/wp\/v2\/media?parent=5000"}],"wp:term":[{"taxonomy":"store","embeddable":true,"href":"https:\/\/easyliferobo.com\/de\/wp-json\/wp\/v2\/store?post=5000"},{"taxonomy":"product_brand","embeddable":true,"href":"https:\/\/easyliferobo.com\/de\/wp-json\/wp\/v2\/product_brand?post=5000"},{"taxonomy":"product_cat","embeddable":true,"href":"https:\/\/easyliferobo.com\/de\/wp-json\/wp\/v2\/product_cat?post=5000"},{"taxonomy":"product_tag","embeddable":true,"href":"https:\/\/easyliferobo.com\/de\/wp-json\/wp\/v2\/product_tag?post=5000"}],"curies":[{"name":"wp","href":"https:\/\/api.w.org\/{rel}","templated":true}]}}