
{"id":4990,"date":"2026-02-27T15:02:41","date_gmt":"2026-02-27T15:02:41","guid":{"rendered":"https:\/\/easyliferobo.com\/de\/product\/lefant-m320-saugroboter-mit-wischfunktion-staubsaugerroboter-mit-6000-pa-saugleistung-hindernissen-ausweichen-logische-navigation-automatisches-andocken-no-go-zone-app-alexa\/"},"modified":"2026-02-27T15:03:09","modified_gmt":"2026-02-27T15:03:09","slug":"lefant-m320-saugroboter-mit-wischfunktion-staubsaugerroboter-mit-6000-pa-saugleistung-hindernissen-ausweichen-logische-navigation-automatisches-andocken-no-go-zone-app-alexa","status":"publish","type":"product","link":"https:\/\/easyliferobo.com\/de\/product\/lefant-m320-saugroboter-mit-wischfunktion-staubsaugerroboter-mit-6000-pa-saugleistung-hindernissen-ausweichen-logische-navigation-automatisches-andocken-no-go-zone-app-alexa\/","title":{"rendered":"LEFANT M320 Saugroboter mit Wischfu..."},"content":{"rendered":"<p>\n                                             Produktbeschreibung   <\/p>\n<p>                                                                                  <img decoding=\"async\" alt=\"Aplus-Inhaltsbild\" src=\"https:\/\/m.media-amazon.com\/images\/S\/aplus-media-library-service-media\/4825c50b-e1b4-4ae7-be24-581da2cbbfff.__CR0,0,1464,600_PT0_SX1464_V1___.png\">       <\/p>\n<p>                                                                                  <img decoding=\"async\" alt=\"Aplus-Inhaltsbild\" src=\"https:\/\/m.media-amazon.com\/images\/S\/aplus-media-library-service-media\/575a0ff6-bd71-42c5-b0a5-3cb4f5f8880a.__CR0,0,1464,600_PT0_SX1464_V1___.png\">       <\/p>\n<p>                                                                                  <img decoding=\"async\" alt=\"Aplus-Inhaltsbild\" src=\"https:\/\/m.media-amazon.com\/images\/S\/aplus-media-library-service-media\/c27d171b-9610-4526-beea-600c115c6129.__CR0,0,1464,600_PT0_SX1464_V1___.png\">       <\/p>\n<p>                                                                                  <img decoding=\"async\" alt=\"Produktanleitungen oder Leitf\u00e4den mit Diagrammen und Text auf hellblauem Hintergrund, die Schritte zur Montage oder Verwendung eines Ger\u00e4ts zeigen.\" src=\"https:\/\/m.media-amazon.com\/images\/S\/aplus-media-library-service-media\/9aa65cb9-b5de-4c94-8321-f9a529aac99e.__CR0,0,1464,600_PT0_SX1464_V1___.png\">       <\/p>\n<p>                                                                                  <img decoding=\"async\" alt=\"Aplus-Inhaltsbild\" src=\"https:\/\/m.media-amazon.com\/images\/S\/aplus-media-library-service-media\/9a68fc55-c778-4339-ae06-bda02d6d8399.__CR0,0,1464,600_PT0_SX1464_V1___.png\">       <\/p>\n<p>                                                                                  <img decoding=\"async\" alt=\"Technisches Diagramm eines Roboterstaubsaugers mit mehreren kommentierten Komponenten und Wegabbildungen, die automatische Reinigungsmuster und Navigation zeigen.\" src=\"https:\/\/m.media-amazon.com\/images\/S\/aplus-media-library-service-media\/b355be80-4f3a-4b9e-8151-032114f3de7f.__CR0,0,1464,600_PT0_SX1464_V1___.png\">       <\/p>\n<p>                                                                                  <img decoding=\"async\" alt=\"Aplus-Inhaltsbild\" src=\"https:\/\/m.media-amazon.com\/images\/S\/aplus-media-library-service-media\/13f46357-b0ca-4b8d-a073-e93d699e41b6.__CR0,0,1464,600_PT0_SX1464_V1___.jpg\">       <\/p>\n<p>                                                                                  <img decoding=\"async\" alt=\"Aplus-Inhaltsbild\" src=\"https:\/\/m.media-amazon.com\/images\/S\/aplus-media-library-service-media\/ee882238-973e-4ff7-a1ca-594dbd4a65e3.__CR0,0,1464,600_PT0_SX1464_V1___.jpg\">       <\/p>\n<p>                                                                                  <img decoding=\"async\" alt=\"Aplus-Inhaltsbild\" src=\"https:\/\/m.media-amazon.com\/images\/S\/aplus-media-library-service-media\/d9921408-c454-4050-b33a-59838f8e9065.__CR0,0,1464,600_PT0_SX1464_V1___.png\">       <\/p>\n<p>                                                                                  <img decoding=\"async\" alt=\"Der Text lautet \u201eExtra lange Seitenb\u00fcrsten f\u00fcr akkurate Kantenreinigung\u201c. Das Bild zeigt B\u00fcrstenaufs\u00e4tze f\u00fcr Roboterstaubsauger in Aktion in der N\u00e4he von Wandkanten.\" src=\"https:\/\/m.media-amazon.com\/images\/S\/aplus-media-library-service-media\/33e4c3b8-3ce4-4dae-b7bf-d8599daed07f.__CR0,0,1464,600_PT0_SX1464_V1___.png\">       <\/p>\n<p>                                                                                  <img decoding=\"async\" alt=\"Der Text lautet \u201eZertifizierungsgrad\u201c. Mehrere H\u00e4nde, die mit dunklem Material auf einer Holzoberfl\u00e4che arbeiten, scheinen ein Handwerks- oder Herstellungsprozess zu sein.\" src=\"https:\/\/m.media-amazon.com\/images\/S\/aplus-media-library-service-media\/5f569659-865c-4c99-a247-d72723b60afc.__CR0,0,1464,600_PT0_SX1464_V1___.jpg\">       <\/p>\n<p>                                                                                  <img decoding=\"async\" alt=\"Aplus-Inhaltsbild\" src=\"https:\/\/m.media-amazon.com\/images\/S\/aplus-media-library-service-media\/fb601697-efda-4357-8fc2-1d5f83a683c4.__CR0,0,1464,600_PT0_SX1464_V1___.jpg\">       <\/p>\n<p>                                                                                  <img decoding=\"async\" alt=\"Der Text lautet \u201eAuto-Roasting im Vakuumverfahren\u201c. Sequenz zur Produktdemonstration, die den Kaffeer\u00f6stvorgang mit Ausr\u00fcstung und beschreibendem Text zeigt.\" src=\"https:\/\/m.media-amazon.com\/images\/S\/aplus-media-library-service-media\/36d2cdef-ea4f-4c69-97c4-94a997b374da.__CR0,0,1464,600_PT0_SX1464_V1___.jpg\">       <\/p>\n<p>                                                                                  <img decoding=\"async\" alt=\"Aplus-Inhaltsbild\" src=\"https:\/\/m.media-amazon.com\/images\/S\/aplus-media-library-service-media\/99fb72e1-5263-4b9b-9e22-2adb3a625c0e.__CR0,0,1464,600_PT0_SX1464_V1___.jpg\">       <\/p>\n<p>                                                                                  <img decoding=\"async\" alt=\"Der Text lautet \u201eHarte Reinigung auf weichem Bodenbelag\u201c. Bilderserie, die den Reinigungs- oder Wartungsvorgang eines scheinbaren Bodenbelags zeigt.\" src=\"https:\/\/m.media-amazon.com\/images\/S\/aplus-media-library-service-media\/7175d601-8d84-4b3d-8702-5ee45cc38141.__CR0,0,1464,600_PT0_SX1464_V1___.jpg\">       <\/p>\n<p>                                                                                  <img decoding=\"async\" alt=\"Aplus-Inhaltsbild\" src=\"https:\/\/m.media-amazon.com\/images\/S\/aplus-media-library-service-media\/c76966f1-30b2-4e1a-968e-3bbaf166f603.__CR0,0,1464,600_PT0_SX1464_V1___.jpg\">       <\/p>\n<p>                                                                                  <img decoding=\"async\" alt=\"Aplus-Inhaltsbild\" src=\"https:\/\/m.media-amazon.com\/images\/S\/aplus-media-library-service-media\/63ffbe49-fae1-46c4-ae71-51d598ec4a79.__CR0,0,1464,600_PT0_SX1464_V1___.jpg\">       <\/p>\n<p>                                                                                  <img decoding=\"async\" alt=\"Reihe von Metallstiften oder Befestigungselementen mit identischem Design, die jeweils einen zylindrischen Schaft und einen strukturierten Kopf haben und auf wei\u00dfem Hintergrund dargestellt sind.\" src=\"https:\/\/m.media-amazon.com\/images\/S\/aplus-media-library-service-media\/f987cc67-e88e-4abe-b3b5-b479e7fd0d9a.__CR0,0,1464,600_PT0_SX1464_V1___.jpg\">       <\/p>\n<p>Vermeiden Sie Hindernisse. Der Roboterstaubsauger M320 verf\u00fcgt \u00fcber eine Wischfunktion und nutzt fortschrittliche Hindernisvermeidungstechnologie, um den Abstand zu Hindernissen genau zu erkennen und Kollisionen zu verhindern. (Es verlangsamt seine Geschwindigkeit, wenn es sich einem Hindernis in 10 cm Entfernung n\u00e4hert, und weicht ihm aus, wenn es 4 cm entfernt ist.)<br \/>Starke Saugkraft bis zu 6000 Pa: Der Roboterstaubsauger LEFANT M320 ist mit einem Hochleistungsmotor ausgestattet, der eine starke Saugkraft von bis zu 6000 Pa erzeugt und so die Reinigungsleistung deutlich verbessert. Er entfernt m\u00fchelos Staub, Tierhaare und Schmutz von verschiedenen Bodenbel\u00e4gen wie Parkett und Kurzflorteppichen und sorgt so f\u00fcr eine effiziente und gr\u00fcndliche Tiefenreinigung.<br \/>Automatisches Andocken, lange Akkulaufzeit: Der Roboterstaubsauger LEFANT M320 ist mit einem leistungsstarken 4000-mAh-Akku ausgestattet, der bis zu 240 Minuten Dauerbetrieb erm\u00f6glicht. Sobald die Reinigung abgeschlossen ist oder der Akku fast leer ist, kehrt er automatisch zu seiner Ladestation zur\u00fcck. Dadurch werden Unterbrechungen minimiert und eine stabilere und sorgenfreiere Reinigung gew\u00e4hrleistet.<br \/>APP- und Sprachsteuerung: Der Lefan Saugroboter unterst\u00fctzt 2,4 GHz WLAN und ist mit Alexa und Google Assistant kompatibel. So l\u00e4sst es sich bequem \u00fcber die Lefan-App steuern. In der App k\u00f6nnen Sie Reinigungszeiten einstellen, Reinigungsmodi ausw\u00e4hlen, Reinigungsrouten anzeigen und Leistungsparameter anpassen. Einfache Sprachbefehle gen\u00fcgen, um mit der Reinigung zu beginnen \u2013 f\u00fcr eine intelligentere und komfortablere Hausreinigung.<br \/>Sie erhalten: einen LEFANT M320 Roboterstaubsauger (inkl. Staubbeh\u00e4lter), eine Ladestation, ein Netzteil, einen magnetischen Wischaufsatz (Wassertank nicht im Lieferumfang enthalten), zwei HEPA-Filter, vier Seitenb\u00fcrsten, eine Reinigungsb\u00fcrste und eine Bedienungsanleitung. F\u00fcr dieses Produkt gilt eine 12-monatige Garantie. Der Lefan-Kundendienst steht Ihnen jederzeit zur Verf\u00fcgung.<\/p>\n<p>[ad_2]<\/p>\n","protected":false},"excerpt":{"rendered":"<p>Produktbeschreibung Vermeiden Sie Hindernisse. Der Roboterstaubsauger M320 verf\u00fcgt \u00fcber eine Wischfunktion und nutzt fortschrittliche Hindernisvermeidungstechnologie, um den Abstand zu Hindernissen genau zu erkennen und Kollisionen zu verhindern. (Es verlangsamt seine Geschwindigkeit, wenn es sich einem Hindernis in 10 cm Entfernung n\u00e4hert, und weicht ihm aus, wenn es 4 cm entfernt ist.)Starke Saugkraft bis zu 6000 [&hellip;]<\/p>\n","protected":false},"featured_media":4991,"comment_status":"open","ping_status":"closed","template":"","meta":{"_aipt_faq_data":""},"store":[],"product_brand":[173],"product_cat":[76],"product_tag":[298],"class_list":{"0":"post-4990","1":"product","2":"type-product","3":"status-publish","4":"has-post-thumbnail","6":"product_brand-lefant","7":"product_cat-staubsauger-roboter-mit-wischfunktion","8":"product_tag-staubsauger-roboter-mit-wischfunktion-und-wlan","10":"first","11":"instock","12":"shipping-taxable","13":"product-type-external"},"yoast_head":"<!-- This site is optimized with the Yoast SEO plugin v27.0 - https:\/\/yoast.com\/product\/yoast-seo-wordpress\/ -->\n<title>LEFANT M320 Saugroboter mit Wischfunktion, Staubsaugerroboter mit 6000 Pa Saugleistung, Hindernissen ausweichen, logische Navigation, automatisches Andocken, No-Go-Zone, App\/Alexa - EasyLifeBro<\/title>\n<meta name=\"description\" content=\"Entdecken Sie smarte Roboter f\u00fcr Zuhause, Garten, Bildung und Sicherheit. Vergleichen Sie Saugroboter, Rasenm\u00e4hroboter, KI-Begleitroboter und mehr bei EasyLifeRobo.\" \/>\n<meta name=\"robots\" content=\"index, follow, max-snippet:-1, max-image-preview:large, max-video-preview:-1\" \/>\n<link rel=\"canonical\" href=\"https:\/\/easyliferobo.com\/de\/product\/lefant-m320-saugroboter-mit-wischfunktion-staubsaugerroboter-mit-6000-pa-saugleistung-hindernissen-ausweichen-logische-navigation-automatisches-andocken-no-go-zone-app-alexa\/\" \/>\n<meta property=\"og:locale\" content=\"de_DE\" \/>\n<meta property=\"og:type\" content=\"article\" \/>\n<meta property=\"og:title\" content=\"LEFANT M320 Saugroboter mit Wischfunktion, Staubsaugerroboter mit 6000 Pa Saugleistung, Hindernissen ausweichen, logische Navigation, automatisches Andocken, No-Go-Zone, App\/Alexa - EasyLifeBro\" \/>\n<meta property=\"og:description\" content=\"Entdecken Sie smarte Roboter f\u00fcr Zuhause, Garten, Bildung und Sicherheit. Vergleichen Sie Saugroboter, Rasenm\u00e4hroboter, KI-Begleitroboter und mehr bei EasyLifeRobo.\" \/>\n<meta property=\"og:url\" content=\"https:\/\/easyliferobo.com\/de\/product\/lefant-m320-saugroboter-mit-wischfunktion-staubsaugerroboter-mit-6000-pa-saugleistung-hindernissen-ausweichen-logische-navigation-automatisches-andocken-no-go-zone-app-alexa\/\" \/>\n<meta property=\"og:site_name\" content=\"EasyLifeBro\" \/>\n<meta property=\"article:modified_time\" content=\"2026-02-27T15:03:09+00:00\" \/>\n<meta property=\"og:image\" content=\"https:\/\/m.media-amazon.com\/images\/S\/aplus-media-library-service-media\/4825c50b-e1b4-4ae7-be24-581da2cbbfff.__CR0,0,1464,600_PT0_SX1464_V1___.png\" \/>\n<meta name=\"twitter:card\" content=\"summary_large_image\" \/>\n<meta name=\"twitter:label1\" content=\"Gesch\u00e4tzte Lesezeit\" \/>\n\t<meta name=\"twitter:data1\" content=\"1\u00a0Minute\" \/>\n<script type=\"application\/ld+json\" class=\"yoast-schema-graph\">{\"@context\":\"https:\/\/schema.org\",\"@graph\":[{\"@type\":\"WebPage\",\"@id\":\"https:\/\/easyliferobo.com\/de\/product\/lefant-m320-saugroboter-mit-wischfunktion-staubsaugerroboter-mit-6000-pa-saugleistung-hindernissen-ausweichen-logische-navigation-automatisches-andocken-no-go-zone-app-alexa\/\",\"url\":\"https:\/\/easyliferobo.com\/de\/product\/lefant-m320-saugroboter-mit-wischfunktion-staubsaugerroboter-mit-6000-pa-saugleistung-hindernissen-ausweichen-logische-navigation-automatisches-andocken-no-go-zone-app-alexa\/\",\"name\":\"LEFANT M320 Saugroboter mit Wischfunktion, Staubsaugerroboter mit 6000 Pa Saugleistung, Hindernissen ausweichen, logische Navigation, automatisches Andocken, No-Go-Zone, App\/Alexa - EasyLifeBro\",\"isPartOf\":{\"@id\":\"https:\/\/easyliferobo.com\/de\/#website\"},\"primaryImageOfPage\":{\"@id\":\"https:\/\/easyliferobo.com\/de\/product\/lefant-m320-saugroboter-mit-wischfunktion-staubsaugerroboter-mit-6000-pa-saugleistung-hindernissen-ausweichen-logische-navigation-automatisches-andocken-no-go-zone-app-alexa\/#primaryimage\"},\"image\":{\"@id\":\"https:\/\/easyliferobo.com\/de\/product\/lefant-m320-saugroboter-mit-wischfunktion-staubsaugerroboter-mit-6000-pa-saugleistung-hindernissen-ausweichen-logische-navigation-automatisches-andocken-no-go-zone-app-alexa\/#primaryimage\"},\"thumbnailUrl\":\"https:\/\/easyliferobo.com\/de\/wp-content\/uploads\/2026\/02\/81WFtb18DiL._AC_SL1500_.jpg\",\"datePublished\":\"2026-02-27T15:02:41+00:00\",\"dateModified\":\"2026-02-27T15:03:09+00:00\",\"description\":\"Entdecken Sie smarte Roboter f\u00fcr Zuhause, Garten, Bildung und Sicherheit. Vergleichen Sie Saugroboter, Rasenm\u00e4hroboter, KI-Begleitroboter und mehr bei EasyLifeRobo.\",\"breadcrumb\":{\"@id\":\"https:\/\/easyliferobo.com\/de\/product\/lefant-m320-saugroboter-mit-wischfunktion-staubsaugerroboter-mit-6000-pa-saugleistung-hindernissen-ausweichen-logische-navigation-automatisches-andocken-no-go-zone-app-alexa\/#breadcrumb\"},\"inLanguage\":\"de\",\"potentialAction\":[{\"@type\":\"ReadAction\",\"target\":[\"https:\/\/easyliferobo.com\/de\/product\/lefant-m320-saugroboter-mit-wischfunktion-staubsaugerroboter-mit-6000-pa-saugleistung-hindernissen-ausweichen-logische-navigation-automatisches-andocken-no-go-zone-app-alexa\/\"]}]},{\"@type\":\"ImageObject\",\"inLanguage\":\"de\",\"@id\":\"https:\/\/easyliferobo.com\/de\/product\/lefant-m320-saugroboter-mit-wischfunktion-staubsaugerroboter-mit-6000-pa-saugleistung-hindernissen-ausweichen-logische-navigation-automatisches-andocken-no-go-zone-app-alexa\/#primaryimage\",\"url\":\"https:\/\/easyliferobo.com\/de\/wp-content\/uploads\/2026\/02\/81WFtb18DiL._AC_SL1500_.jpg\",\"contentUrl\":\"https:\/\/easyliferobo.com\/de\/wp-content\/uploads\/2026\/02\/81WFtb18DiL._AC_SL1500_.jpg\",\"width\":1500,\"height\":1432},{\"@type\":\"BreadcrumbList\",\"@id\":\"https:\/\/easyliferobo.com\/de\/product\/lefant-m320-saugroboter-mit-wischfunktion-staubsaugerroboter-mit-6000-pa-saugleistung-hindernissen-ausweichen-logische-navigation-automatisches-andocken-no-go-zone-app-alexa\/#breadcrumb\",\"itemListElement\":[{\"@type\":\"ListItem\",\"position\":1,\"name\":\"Home\",\"item\":\"https:\/\/easyliferobo.com\/de\/\"},{\"@type\":\"ListItem\",\"position\":2,\"name\":\"Shop\",\"item\":\"https:\/\/easyliferobo.com\/de\/shop\/\"},{\"@type\":\"ListItem\",\"position\":3,\"name\":\"LEFANT M320 Saugroboter mit Wischfu...\"}]},{\"@type\":\"WebSite\",\"@id\":\"https:\/\/easyliferobo.com\/de\/#website\",\"url\":\"https:\/\/easyliferobo.com\/de\/\",\"name\":\"EasyLifeBro\",\"description\":\"Smarte Roboter f\u00fcr Zuhause, Garten &amp; Bildung\",\"publisher\":{\"@id\":\"https:\/\/easyliferobo.com\/de\/#organization\"},\"potentialAction\":[{\"@type\":\"SearchAction\",\"target\":{\"@type\":\"EntryPoint\",\"urlTemplate\":\"https:\/\/easyliferobo.com\/de\/?s={search_term_string}\"},\"query-input\":{\"@type\":\"PropertyValueSpecification\",\"valueRequired\":true,\"valueName\":\"search_term_string\"}}],\"inLanguage\":\"de\"},{\"@type\":\"Organization\",\"@id\":\"https:\/\/easyliferobo.com\/de\/#organization\",\"name\":\"EasyLifeBro\",\"url\":\"https:\/\/easyliferobo.com\/de\/\",\"logo\":{\"@type\":\"ImageObject\",\"inLanguage\":\"de\",\"@id\":\"https:\/\/easyliferobo.com\/de\/#\/schema\/logo\/image\/\",\"url\":\"https:\/\/easyliferobo.com\/de\/wp-content\/uploads\/2026\/02\/Screenshot-2026-02-22-at-2.25.03-PM.png\",\"contentUrl\":\"https:\/\/easyliferobo.com\/de\/wp-content\/uploads\/2026\/02\/Screenshot-2026-02-22-at-2.25.03-PM.png\",\"width\":1858,\"height\":430,\"caption\":\"EasyLifeBro\"},\"image\":{\"@id\":\"https:\/\/easyliferobo.com\/de\/#\/schema\/logo\/image\/\"}}]}<\/script>\n<!-- \/ Yoast SEO plugin. -->","yoast_head_json":{"title":"LEFANT M320 Saugroboter mit Wischfunktion, Staubsaugerroboter mit 6000 Pa Saugleistung, Hindernissen ausweichen, logische Navigation, automatisches Andocken, No-Go-Zone, App\/Alexa - EasyLifeBro","description":"Entdecken Sie smarte Roboter f\u00fcr Zuhause, Garten, Bildung und Sicherheit. Vergleichen Sie Saugroboter, Rasenm\u00e4hroboter, KI-Begleitroboter und mehr bei EasyLifeRobo.","robots":{"index":"index","follow":"follow","max-snippet":"max-snippet:-1","max-image-preview":"max-image-preview:large","max-video-preview":"max-video-preview:-1"},"canonical":"https:\/\/easyliferobo.com\/de\/product\/lefant-m320-saugroboter-mit-wischfunktion-staubsaugerroboter-mit-6000-pa-saugleistung-hindernissen-ausweichen-logische-navigation-automatisches-andocken-no-go-zone-app-alexa\/","og_locale":"de_DE","og_type":"article","og_title":"LEFANT M320 Saugroboter mit Wischfunktion, Staubsaugerroboter mit 6000 Pa Saugleistung, Hindernissen ausweichen, logische Navigation, automatisches Andocken, No-Go-Zone, App\/Alexa - EasyLifeBro","og_description":"Entdecken Sie smarte Roboter f\u00fcr Zuhause, Garten, Bildung und Sicherheit. Vergleichen Sie Saugroboter, Rasenm\u00e4hroboter, KI-Begleitroboter und mehr bei EasyLifeRobo.","og_url":"https:\/\/easyliferobo.com\/de\/product\/lefant-m320-saugroboter-mit-wischfunktion-staubsaugerroboter-mit-6000-pa-saugleistung-hindernissen-ausweichen-logische-navigation-automatisches-andocken-no-go-zone-app-alexa\/","og_site_name":"EasyLifeBro","article_modified_time":"2026-02-27T15:03:09+00:00","og_image":[{"url":"https:\/\/m.media-amazon.com\/images\/S\/aplus-media-library-service-media\/4825c50b-e1b4-4ae7-be24-581da2cbbfff.__CR0,0,1464,600_PT0_SX1464_V1___.png","type":"","width":"","height":""}],"twitter_card":"summary_large_image","twitter_misc":{"Gesch\u00e4tzte Lesezeit":"1\u00a0Minute"},"schema":{"@context":"https:\/\/schema.org","@graph":[{"@type":"WebPage","@id":"https:\/\/easyliferobo.com\/de\/product\/lefant-m320-saugroboter-mit-wischfunktion-staubsaugerroboter-mit-6000-pa-saugleistung-hindernissen-ausweichen-logische-navigation-automatisches-andocken-no-go-zone-app-alexa\/","url":"https:\/\/easyliferobo.com\/de\/product\/lefant-m320-saugroboter-mit-wischfunktion-staubsaugerroboter-mit-6000-pa-saugleistung-hindernissen-ausweichen-logische-navigation-automatisches-andocken-no-go-zone-app-alexa\/","name":"LEFANT M320 Saugroboter mit Wischfunktion, Staubsaugerroboter mit 6000 Pa Saugleistung, Hindernissen ausweichen, logische Navigation, automatisches Andocken, No-Go-Zone, App\/Alexa - EasyLifeBro","isPartOf":{"@id":"https:\/\/easyliferobo.com\/de\/#website"},"primaryImageOfPage":{"@id":"https:\/\/easyliferobo.com\/de\/product\/lefant-m320-saugroboter-mit-wischfunktion-staubsaugerroboter-mit-6000-pa-saugleistung-hindernissen-ausweichen-logische-navigation-automatisches-andocken-no-go-zone-app-alexa\/#primaryimage"},"image":{"@id":"https:\/\/easyliferobo.com\/de\/product\/lefant-m320-saugroboter-mit-wischfunktion-staubsaugerroboter-mit-6000-pa-saugleistung-hindernissen-ausweichen-logische-navigation-automatisches-andocken-no-go-zone-app-alexa\/#primaryimage"},"thumbnailUrl":"https:\/\/easyliferobo.com\/de\/wp-content\/uploads\/2026\/02\/81WFtb18DiL._AC_SL1500_.jpg","datePublished":"2026-02-27T15:02:41+00:00","dateModified":"2026-02-27T15:03:09+00:00","description":"Entdecken Sie smarte Roboter f\u00fcr Zuhause, Garten, Bildung und Sicherheit. Vergleichen Sie Saugroboter, Rasenm\u00e4hroboter, KI-Begleitroboter und mehr bei EasyLifeRobo.","breadcrumb":{"@id":"https:\/\/easyliferobo.com\/de\/product\/lefant-m320-saugroboter-mit-wischfunktion-staubsaugerroboter-mit-6000-pa-saugleistung-hindernissen-ausweichen-logische-navigation-automatisches-andocken-no-go-zone-app-alexa\/#breadcrumb"},"inLanguage":"de","potentialAction":[{"@type":"ReadAction","target":["https:\/\/easyliferobo.com\/de\/product\/lefant-m320-saugroboter-mit-wischfunktion-staubsaugerroboter-mit-6000-pa-saugleistung-hindernissen-ausweichen-logische-navigation-automatisches-andocken-no-go-zone-app-alexa\/"]}]},{"@type":"ImageObject","inLanguage":"de","@id":"https:\/\/easyliferobo.com\/de\/product\/lefant-m320-saugroboter-mit-wischfunktion-staubsaugerroboter-mit-6000-pa-saugleistung-hindernissen-ausweichen-logische-navigation-automatisches-andocken-no-go-zone-app-alexa\/#primaryimage","url":"https:\/\/easyliferobo.com\/de\/wp-content\/uploads\/2026\/02\/81WFtb18DiL._AC_SL1500_.jpg","contentUrl":"https:\/\/easyliferobo.com\/de\/wp-content\/uploads\/2026\/02\/81WFtb18DiL._AC_SL1500_.jpg","width":1500,"height":1432},{"@type":"BreadcrumbList","@id":"https:\/\/easyliferobo.com\/de\/product\/lefant-m320-saugroboter-mit-wischfunktion-staubsaugerroboter-mit-6000-pa-saugleistung-hindernissen-ausweichen-logische-navigation-automatisches-andocken-no-go-zone-app-alexa\/#breadcrumb","itemListElement":[{"@type":"ListItem","position":1,"name":"Home","item":"https:\/\/easyliferobo.com\/de\/"},{"@type":"ListItem","position":2,"name":"Shop","item":"https:\/\/easyliferobo.com\/de\/shop\/"},{"@type":"ListItem","position":3,"name":"LEFANT M320 Saugroboter mit Wischfu..."}]},{"@type":"WebSite","@id":"https:\/\/easyliferobo.com\/de\/#website","url":"https:\/\/easyliferobo.com\/de\/","name":"EasyLifeBro","description":"Smarte Roboter f\u00fcr Zuhause, Garten &amp; Bildung","publisher":{"@id":"https:\/\/easyliferobo.com\/de\/#organization"},"potentialAction":[{"@type":"SearchAction","target":{"@type":"EntryPoint","urlTemplate":"https:\/\/easyliferobo.com\/de\/?s={search_term_string}"},"query-input":{"@type":"PropertyValueSpecification","valueRequired":true,"valueName":"search_term_string"}}],"inLanguage":"de"},{"@type":"Organization","@id":"https:\/\/easyliferobo.com\/de\/#organization","name":"EasyLifeBro","url":"https:\/\/easyliferobo.com\/de\/","logo":{"@type":"ImageObject","inLanguage":"de","@id":"https:\/\/easyliferobo.com\/de\/#\/schema\/logo\/image\/","url":"https:\/\/easyliferobo.com\/de\/wp-content\/uploads\/2026\/02\/Screenshot-2026-02-22-at-2.25.03-PM.png","contentUrl":"https:\/\/easyliferobo.com\/de\/wp-content\/uploads\/2026\/02\/Screenshot-2026-02-22-at-2.25.03-PM.png","width":1858,"height":430,"caption":"EasyLifeBro"},"image":{"@id":"https:\/\/easyliferobo.com\/de\/#\/schema\/logo\/image\/"}}]}},"_links":{"self":[{"href":"https:\/\/easyliferobo.com\/de\/wp-json\/wp\/v2\/product\/4990","targetHints":{"allow":["GET"]}}],"collection":[{"href":"https:\/\/easyliferobo.com\/de\/wp-json\/wp\/v2\/product"}],"about":[{"href":"https:\/\/easyliferobo.com\/de\/wp-json\/wp\/v2\/types\/product"}],"replies":[{"embeddable":true,"href":"https:\/\/easyliferobo.com\/de\/wp-json\/wp\/v2\/comments?post=4990"}],"wp:featuredmedia":[{"embeddable":true,"href":"https:\/\/easyliferobo.com\/de\/wp-json\/wp\/v2\/media\/4991"}],"wp:attachment":[{"href":"https:\/\/easyliferobo.com\/de\/wp-json\/wp\/v2\/media?parent=4990"}],"wp:term":[{"taxonomy":"store","embeddable":true,"href":"https:\/\/easyliferobo.com\/de\/wp-json\/wp\/v2\/store?post=4990"},{"taxonomy":"product_brand","embeddable":true,"href":"https:\/\/easyliferobo.com\/de\/wp-json\/wp\/v2\/product_brand?post=4990"},{"taxonomy":"product_cat","embeddable":true,"href":"https:\/\/easyliferobo.com\/de\/wp-json\/wp\/v2\/product_cat?post=4990"},{"taxonomy":"product_tag","embeddable":true,"href":"https:\/\/easyliferobo.com\/de\/wp-json\/wp\/v2\/product_tag?post=4990"}],"curies":[{"name":"wp","href":"https:\/\/api.w.org\/{rel}","templated":true}]}}