
{"id":4981,"date":"2026-02-27T15:00:45","date_gmt":"2026-02-27T15:00:45","guid":{"rendered":"https:\/\/easyliferobo.com\/de\/product\/programmierbarer-roboter-fuer-kinder-von-4-10-jahren-matatastudio-codierungsset-programmierbares-roboterspielzeug-set-mit-diy-physik-programmiermodul-fuer-anfaenger-keine-app-und-wifi-stem\/"},"modified":"2026-02-27T15:01:00","modified_gmt":"2026-02-27T15:01:00","slug":"programmierbarer-roboter-fuer-kinder-von-4-10-jahren-matatastudio-codierungsset-programmierbares-roboterspielzeug-set-mit-diy-physik-programmiermodul-fuer-anfaenger-keine-app-und-wifi-stem","status":"publish","type":"product","link":"https:\/\/easyliferobo.com\/de\/product\/programmierbarer-roboter-fuer-kinder-von-4-10-jahren-matatastudio-codierungsset-programmierbares-roboterspielzeug-set-mit-diy-physik-programmiermodul-fuer-anfaenger-keine-app-und-wifi-stem\/","title":{"rendered":"Programmierbarer Roboter f\u00fcr Kinde..."},"content":{"rendered":"<p>\n                                             Von der Marke   <\/p>\n<p>                                              <img decoding=\"async\" alt=\"Der Text lautet \u201ePRICE CUT SALE\u201c. auf orangefarbenem Hintergrund mit kleinen Symbolen f\u00fcr Elektronikprodukte, die in geschwungenen Linien angeordnet sind, darunter Laptops, Kameras und andere Ger\u00e4te.\" src=\"https:\/\/images-na.ssl-images-amazon.com\/images\/G\/01\/x-locale\/common\/grey-pixel.gif\" class=\"a-lazy-loaded\" data-src=\"https:\/\/m.media-amazon.com\/images\/S\/aplus-media-library-service-media\/b17ee10c-cbf4-4a61-9809-3c08ac9f552b.__CR0,1,2928,1250_PT0_SX1464_V1___.jpg\"><img decoding=\"async\" alt=\"Der Text lautet \u201ePRICE CUT SALE\u201c. auf orangefarbenem Hintergrund mit kleinen Symbolen f\u00fcr Elektronikprodukte, die in geschwungenen Linien angeordnet sind, darunter Laptops, Kameras und andere Ger\u00e4te.\" src=\"https:\/\/m.media-amazon.com\/images\/S\/aplus-media-library-service-media\/b17ee10c-cbf4-4a61-9809-3c08ac9f552b.__CR0,1,2928,1250_PT0_SX1464_V1___.jpg\">  <\/p>\n<p>                                              <img decoding=\"async\" alt=\"\" src=\"https:\/\/images-na.ssl-images-amazon.com\/images\/G\/01\/x-locale\/common\/grey-pixel.gif\" class=\"a-lazy-loaded\" data-src=\"https:\/\/m.media-amazon.com\/images\/S\/aplus-media-library-service-media\/e1795835-2eb3-4b6a-95f2-d3f3eac10f53.__CR0,0,315,145_PT0_SX315_V1___.png\"><img decoding=\"async\" alt=\"\" src=\"https:\/\/m.media-amazon.com\/images\/S\/aplus-media-library-service-media\/e1795835-2eb3-4b6a-95f2-d3f3eac10f53.__CR0,0,315,145_PT0_SX315_V1___.png\">  <\/p>\n<p>  MatataStudio wurde 2017 gegr\u00fcndet und ist ein Unternehmen f\u00fcr Technologiebildung, das Schulen, Institutionen und Familien auf der ganzen Welt innovative MINT-Ausbildung anbietet. <\/p>\n<p>  Unser Ziel ist es, den Innovationsgeist von Kindern zu f\u00f6rdern, damit sie sich der Welt stellen und sie ver\u00e4ndern k\u00f6nnen. <\/p>\n<p>  Mit umfangreichen p\u00e4dagogischen Ressourcen und h\u00f6chster Fachkompetenz unterst\u00fctzen wir mittlerweile \u00fcber 20.000 Kinderg\u00e4rten, Schulen und Bildungseinrichtungen. <\/p>\n<p>                                              <img decoding=\"async\" alt=\"Aplus-Inhaltsbild\" src=\"https:\/\/images-na.ssl-images-amazon.com\/images\/G\/01\/x-locale\/common\/grey-pixel.gif\" class=\"a-lazy-loaded\" data-src=\"https:\/\/m.media-amazon.com\/images\/S\/aplus-media-library-service-media\/2f80a385-3b59-4dfc-8881-ecfccf2e7161.__CR0,47,965,1208_PT0_SX362_V1___.png\"><img decoding=\"async\" alt=\"Aplus-Inhaltsbild\" src=\"https:\/\/m.media-amazon.com\/images\/S\/aplus-media-library-service-media\/2f80a385-3b59-4dfc-8881-ecfccf2e7161.__CR0,47,965,1208_PT0_SX362_V1___.png\">  <\/p>\n<h3>  Geeignet f\u00fcr Kinder ab 3 Jahren <\/h3>\n<p class=\"apm-brand-story-stores-link\">\n<h3>  Geeignet f\u00fcr Kinder ab 4 Jahren <\/h3>\n<p class=\"apm-brand-story-stores-link\">\n<h3>  Geeignet f\u00fcr Kinder ab 8 Jahren <\/h3>\n<p class=\"apm-brand-story-stores-link\">\n<p>                                              <img decoding=\"async\" alt=\"\" src=\"https:\/\/images-na.ssl-images-amazon.com\/images\/G\/01\/x-locale\/common\/grey-pixel.gif\" class=\"a-lazy-loaded\" data-src=\"https:\/\/m.media-amazon.com\/images\/S\/aplus-media-library-service-media\/9fdae884-61b9-4ebb-8e5f-1fd5b433fe74.__CR0,0,362,453_PT0_SX362_V1___.png\"><img decoding=\"async\" alt=\"\" src=\"https:\/\/m.media-amazon.com\/images\/S\/aplus-media-library-service-media\/9fdae884-61b9-4ebb-8e5f-1fd5b433fe74.__CR0,0,362,453_PT0_SX362_V1___.png\">  <\/p>\n<p>                                              <img decoding=\"async\" alt=\"Der Text lautet: \u201eNous AI Set 12+\u201c und zeigt das Logo des iF Design Award 2024. Kleiner Roboter oder KI-Ger\u00e4t auf R\u00e4dern vor rotem Hintergrund.\" src=\"https:\/\/images-na.ssl-images-amazon.com\/images\/G\/01\/x-locale\/common\/grey-pixel.gif\" class=\"a-lazy-loaded\" data-src=\"https:\/\/m.media-amazon.com\/images\/S\/aplus-media-library-service-media\/485bda06-fbdb-4368-b6c1-1a6003cb2415.__CR0,0,724,906_PT0_SX362_V1___.jpg\"><img decoding=\"async\" alt=\"Der Text lautet: \u201eNous AI Set 12+\u201c und zeigt das Logo des iF Design Award 2024. Kleiner Roboter oder KI-Ger\u00e4t auf R\u00e4dern vor rotem Hintergrund.\" src=\"https:\/\/m.media-amazon.com\/images\/S\/aplus-media-library-service-media\/485bda06-fbdb-4368-b6c1-1a6003cb2415.__CR0,0,724,906_PT0_SX362_V1___.jpg\">  <\/p>\n<h3>  Digitales Mikroskop <\/h3>\n<p class=\"apm-brand-story-stores-link\">\n<h3>  Biologisches Mikroskop <\/h3>\n<p class=\"apm-brand-story-stores-link\">\n<p>                                              <img decoding=\"async\" alt=\"Aplus-Inhaltsbild\" src=\"https:\/\/images-na.ssl-images-amazon.com\/images\/G\/01\/x-locale\/common\/grey-pixel.gif\" class=\"a-lazy-loaded\" data-src=\"https:\/\/m.media-amazon.com\/images\/S\/aplus-media-library-service-media\/6b477e96-9eea-4611-8981-b4628544862d.__CR0,0,362,453_PT0_SX362_V1___.png\"><img decoding=\"async\" alt=\"Aplus-Inhaltsbild\" src=\"https:\/\/m.media-amazon.com\/images\/S\/aplus-media-library-service-media\/6b477e96-9eea-4611-8981-b4628544862d.__CR0,0,362,453_PT0_SX362_V1___.png\">  <\/p>\n<p>                                              <img decoding=\"async\" alt=\"Aplus-Inhaltsbild\" src=\"https:\/\/images-na.ssl-images-amazon.com\/images\/G\/01\/x-locale\/common\/grey-pixel.gif\" class=\"a-lazy-loaded\" data-src=\"https:\/\/m.media-amazon.com\/images\/S\/aplus-media-library-service-media\/cc17fcaa-29ed-4404-897a-e9804a154b8e.__CR0,0,362,453_PT0_SX362_V1___.png\"><img decoding=\"async\" alt=\"Aplus-Inhaltsbild\" src=\"https:\/\/m.media-amazon.com\/images\/S\/aplus-media-library-service-media\/cc17fcaa-29ed-4404-897a-e9804a154b8e.__CR0,0,362,453_PT0_SX362_V1___.png\">  <\/p>\n<p>Idealer Programmierroboter-Bausatz: Der programmierbare Roboterbausatz ist die beste Wahl f\u00fcr Kinder im Alter von 3 und 9 Jahren, um das Programmieren von Grund auf zu erlernen. Durch das Spielen mit physischen Bl\u00f6cken sind grundlegende Codierungskonzepte f\u00fcr Kinder leichter zu verstehen und k\u00f6nnen sich leichter merken. Dies gilt insbesondere f\u00fcr Sequenzierung, Bedingungen und Debugging. Eine benutzerfreundlichere M\u00f6glichkeit, grundlegende Codierungskonzepte schon in sehr jungen Jahren zu erlernen<br \/>LERNEN SIE MINT-Wissen: eine physische Option zum Erlernen abstrakter Codierungsideen. Kinder k\u00f6nnen durch praktisches Spielen F\u00e4higkeiten zur Probleml\u00f6sung, kritisches Denken, Grundlagen der Programmierung, Logik und Zusammenarbeit entwickeln<br \/>Kein Bildschirm, kein Text: keine App, kein Tablet, kein Telefon und kein Internet erforderlich. Sch\u00fctzen Sie die Augen von Kindern, w\u00e4hrend sie MINT-F\u00e4higkeiten erlernen. Das Matatalab-Roboterspielzeug bietet mehrere greifbare Codierungsbl\u00f6cke mit intuitiven Symbolen zur Darstellung der Programmierbefehle wie Bewegung, Schleife und Zahl. Kinder bauen ihr Verst\u00e4ndnis f\u00fcr Codierung und Logik direkt mit ihren eigenen H\u00e4nden auf<br \/>VERBESSERN SIE IHRE DENKF\u00c4HIGKEITEN Dieser Programmierroboter unterst\u00fctzt die Entwicklung des rechnerischen Denkens und der vier K-F\u00e4higkeiten des 21. Jahrhunderts (kritisches Denken, Kreativit\u00e4t, Zusammenarbeit, Kommunikation). F\u00fcr das Spielen mit den Matatalab Musiker-, K\u00fcnstler-, Animations- und Sensorerweiterungen stehen weitere Optionen zur Verf\u00fcgung, die mit diesem Set kombiniert werden k\u00f6nnen, um Kindern ein vielf\u00e4ltigeres Lern- und Spielerlebnis zu bieten<br \/>Pro Set-Paket: 1 x MatataBot, 1 x Kommandoturm mit Bilderkennungskamera, 1 x Steuerplatine, 37 Codierbl\u00f6cke, 3 x Herausforderungsbrosch\u00fcren, 1 x zweiseitige Spielkarte, 1 x USB-C-Kabel, Hindernisse und Flaggen. Das Codierset ist gut verpackt und gilt als ideales MINT-Lernspielzeug f\u00fcr Kindergeburtstage oder f\u00fcr den Unterricht zu Hause<br \/>MatataStudio ist der aktualisierte Markenname von \u201eMatatalab\u201c&#8230;<\/p>\n<p>[ad_2]<\/p>\n","protected":false},"excerpt":{"rendered":"<p>Von der Marke MatataStudio wurde 2017 gegr\u00fcndet und ist ein Unternehmen f\u00fcr Technologiebildung, das Schulen, Institutionen und Familien auf der ganzen Welt innovative MINT-Ausbildung anbietet. Unser Ziel ist es, den Innovationsgeist von Kindern zu f\u00f6rdern, damit sie sich der Welt stellen und sie ver\u00e4ndern k\u00f6nnen. Mit umfangreichen p\u00e4dagogischen Ressourcen und h\u00f6chster Fachkompetenz unterst\u00fctzen wir mittlerweile [&hellip;]<\/p>\n","protected":false},"featured_media":4982,"comment_status":"open","ping_status":"closed","template":"","meta":{"_aipt_faq_data":""},"store":[],"product_brand":[],"product_cat":[78],"product_tag":[247],"class_list":{"0":"post-4981","1":"product","2":"type-product","3":"status-publish","4":"has-post-thumbnail","6":"product_cat-programmierroboter-fuer-kinder","7":"product_tag-programmierroboter-fuer-kinder-mit-app","9":"first","10":"instock","11":"shipping-taxable","12":"product-type-external"},"yoast_head":"<!-- This site is optimized with the Yoast SEO plugin v27.0 - https:\/\/yoast.com\/product\/yoast-seo-wordpress\/ -->\n<title>Programmierbarer Roboter f\u00fcr Kinder von 4\u201310 Jahren, MatataStudio Codierungsset, programmierbares Roboterspielzeug-Set mit DIY-Physik-Programmiermodul f\u00fcr Anf\u00e4nger, keine App und WiFi, STEM-Lernspielzeug, Geschenke - EasyLifeBro<\/title>\n<meta name=\"description\" content=\"Entdecken Sie smarte Roboter f\u00fcr Zuhause, Garten, Bildung und Sicherheit. Vergleichen Sie Saugroboter, Rasenm\u00e4hroboter, KI-Begleitroboter und mehr bei EasyLifeRobo.\" \/>\n<meta name=\"robots\" content=\"index, follow, max-snippet:-1, max-image-preview:large, max-video-preview:-1\" \/>\n<link rel=\"canonical\" href=\"https:\/\/easyliferobo.com\/de\/product\/programmierbarer-roboter-fuer-kinder-von-4-10-jahren-matatastudio-codierungsset-programmierbares-roboterspielzeug-set-mit-diy-physik-programmiermodul-fuer-anfaenger-keine-app-und-wifi-stem\/\" \/>\n<meta property=\"og:locale\" content=\"de_DE\" \/>\n<meta property=\"og:type\" content=\"article\" \/>\n<meta property=\"og:title\" content=\"Programmierbarer Roboter f\u00fcr Kinder von 4\u201310 Jahren, MatataStudio Codierungsset, programmierbares Roboterspielzeug-Set mit DIY-Physik-Programmiermodul f\u00fcr Anf\u00e4nger, keine App und WiFi, STEM-Lernspielzeug, Geschenke - EasyLifeBro\" \/>\n<meta property=\"og:description\" content=\"Entdecken Sie smarte Roboter f\u00fcr Zuhause, Garten, Bildung und Sicherheit. Vergleichen Sie Saugroboter, Rasenm\u00e4hroboter, KI-Begleitroboter und mehr bei EasyLifeRobo.\" \/>\n<meta property=\"og:url\" content=\"https:\/\/easyliferobo.com\/de\/product\/programmierbarer-roboter-fuer-kinder-von-4-10-jahren-matatastudio-codierungsset-programmierbares-roboterspielzeug-set-mit-diy-physik-programmiermodul-fuer-anfaenger-keine-app-und-wifi-stem\/\" \/>\n<meta property=\"og:site_name\" content=\"EasyLifeBro\" \/>\n<meta property=\"article:modified_time\" content=\"2026-02-27T15:01:00+00:00\" \/>\n<meta property=\"og:image\" content=\"https:\/\/images-na.ssl-images-amazon.com\/images\/G\/01\/x-locale\/common\/grey-pixel.gif\" \/>\n<meta name=\"twitter:card\" content=\"summary_large_image\" \/>\n<meta name=\"twitter:label1\" content=\"Gesch\u00e4tzte Lesezeit\" \/>\n\t<meta name=\"twitter:data1\" content=\"2\u00a0Minuten\" \/>\n<script type=\"application\/ld+json\" class=\"yoast-schema-graph\">{\"@context\":\"https:\/\/schema.org\",\"@graph\":[{\"@type\":\"WebPage\",\"@id\":\"https:\/\/easyliferobo.com\/de\/product\/programmierbarer-roboter-fuer-kinder-von-4-10-jahren-matatastudio-codierungsset-programmierbares-roboterspielzeug-set-mit-diy-physik-programmiermodul-fuer-anfaenger-keine-app-und-wifi-stem\/\",\"url\":\"https:\/\/easyliferobo.com\/de\/product\/programmierbarer-roboter-fuer-kinder-von-4-10-jahren-matatastudio-codierungsset-programmierbares-roboterspielzeug-set-mit-diy-physik-programmiermodul-fuer-anfaenger-keine-app-und-wifi-stem\/\",\"name\":\"Programmierbarer Roboter f\u00fcr Kinder von 4\u201310 Jahren, MatataStudio Codierungsset, programmierbares Roboterspielzeug-Set mit DIY-Physik-Programmiermodul f\u00fcr Anf\u00e4nger, keine App und WiFi, STEM-Lernspielzeug, Geschenke - EasyLifeBro\",\"isPartOf\":{\"@id\":\"https:\/\/easyliferobo.com\/de\/#website\"},\"primaryImageOfPage\":{\"@id\":\"https:\/\/easyliferobo.com\/de\/product\/programmierbarer-roboter-fuer-kinder-von-4-10-jahren-matatastudio-codierungsset-programmierbares-roboterspielzeug-set-mit-diy-physik-programmiermodul-fuer-anfaenger-keine-app-und-wifi-stem\/#primaryimage\"},\"image\":{\"@id\":\"https:\/\/easyliferobo.com\/de\/product\/programmierbarer-roboter-fuer-kinder-von-4-10-jahren-matatastudio-codierungsset-programmierbares-roboterspielzeug-set-mit-diy-physik-programmiermodul-fuer-anfaenger-keine-app-und-wifi-stem\/#primaryimage\"},\"thumbnailUrl\":\"https:\/\/easyliferobo.com\/de\/wp-content\/uploads\/2026\/02\/71xqU2hpDzL._AC_SL1500_.jpg\",\"datePublished\":\"2026-02-27T15:00:45+00:00\",\"dateModified\":\"2026-02-27T15:01:00+00:00\",\"description\":\"Entdecken Sie smarte Roboter f\u00fcr Zuhause, Garten, Bildung und Sicherheit. Vergleichen Sie Saugroboter, Rasenm\u00e4hroboter, KI-Begleitroboter und mehr bei EasyLifeRobo.\",\"breadcrumb\":{\"@id\":\"https:\/\/easyliferobo.com\/de\/product\/programmierbarer-roboter-fuer-kinder-von-4-10-jahren-matatastudio-codierungsset-programmierbares-roboterspielzeug-set-mit-diy-physik-programmiermodul-fuer-anfaenger-keine-app-und-wifi-stem\/#breadcrumb\"},\"inLanguage\":\"de\",\"potentialAction\":[{\"@type\":\"ReadAction\",\"target\":[\"https:\/\/easyliferobo.com\/de\/product\/programmierbarer-roboter-fuer-kinder-von-4-10-jahren-matatastudio-codierungsset-programmierbares-roboterspielzeug-set-mit-diy-physik-programmiermodul-fuer-anfaenger-keine-app-und-wifi-stem\/\"]}]},{\"@type\":\"ImageObject\",\"inLanguage\":\"de\",\"@id\":\"https:\/\/easyliferobo.com\/de\/product\/programmierbarer-roboter-fuer-kinder-von-4-10-jahren-matatastudio-codierungsset-programmierbares-roboterspielzeug-set-mit-diy-physik-programmiermodul-fuer-anfaenger-keine-app-und-wifi-stem\/#primaryimage\",\"url\":\"https:\/\/easyliferobo.com\/de\/wp-content\/uploads\/2026\/02\/71xqU2hpDzL._AC_SL1500_.jpg\",\"contentUrl\":\"https:\/\/easyliferobo.com\/de\/wp-content\/uploads\/2026\/02\/71xqU2hpDzL._AC_SL1500_.jpg\",\"width\":1500,\"height\":1004},{\"@type\":\"BreadcrumbList\",\"@id\":\"https:\/\/easyliferobo.com\/de\/product\/programmierbarer-roboter-fuer-kinder-von-4-10-jahren-matatastudio-codierungsset-programmierbares-roboterspielzeug-set-mit-diy-physik-programmiermodul-fuer-anfaenger-keine-app-und-wifi-stem\/#breadcrumb\",\"itemListElement\":[{\"@type\":\"ListItem\",\"position\":1,\"name\":\"Home\",\"item\":\"https:\/\/easyliferobo.com\/de\/\"},{\"@type\":\"ListItem\",\"position\":2,\"name\":\"Shop\",\"item\":\"https:\/\/easyliferobo.com\/de\/shop\/\"},{\"@type\":\"ListItem\",\"position\":3,\"name\":\"Programmierbarer Roboter f\u00fcr Kinde...\"}]},{\"@type\":\"WebSite\",\"@id\":\"https:\/\/easyliferobo.com\/de\/#website\",\"url\":\"https:\/\/easyliferobo.com\/de\/\",\"name\":\"EasyLifeBro\",\"description\":\"Smarte Roboter f\u00fcr Zuhause, Garten &amp; Bildung\",\"publisher\":{\"@id\":\"https:\/\/easyliferobo.com\/de\/#organization\"},\"potentialAction\":[{\"@type\":\"SearchAction\",\"target\":{\"@type\":\"EntryPoint\",\"urlTemplate\":\"https:\/\/easyliferobo.com\/de\/?s={search_term_string}\"},\"query-input\":{\"@type\":\"PropertyValueSpecification\",\"valueRequired\":true,\"valueName\":\"search_term_string\"}}],\"inLanguage\":\"de\"},{\"@type\":\"Organization\",\"@id\":\"https:\/\/easyliferobo.com\/de\/#organization\",\"name\":\"EasyLifeBro\",\"url\":\"https:\/\/easyliferobo.com\/de\/\",\"logo\":{\"@type\":\"ImageObject\",\"inLanguage\":\"de\",\"@id\":\"https:\/\/easyliferobo.com\/de\/#\/schema\/logo\/image\/\",\"url\":\"https:\/\/easyliferobo.com\/de\/wp-content\/uploads\/2026\/02\/Screenshot-2026-02-22-at-2.25.03-PM.png\",\"contentUrl\":\"https:\/\/easyliferobo.com\/de\/wp-content\/uploads\/2026\/02\/Screenshot-2026-02-22-at-2.25.03-PM.png\",\"width\":1858,\"height\":430,\"caption\":\"EasyLifeBro\"},\"image\":{\"@id\":\"https:\/\/easyliferobo.com\/de\/#\/schema\/logo\/image\/\"}}]}<\/script>\n<!-- \/ Yoast SEO plugin. -->","yoast_head_json":{"title":"Programmierbarer Roboter f\u00fcr Kinder von 4\u201310 Jahren, MatataStudio Codierungsset, programmierbares Roboterspielzeug-Set mit DIY-Physik-Programmiermodul f\u00fcr Anf\u00e4nger, keine App und WiFi, STEM-Lernspielzeug, Geschenke - EasyLifeBro","description":"Entdecken Sie smarte Roboter f\u00fcr Zuhause, Garten, Bildung und Sicherheit. Vergleichen Sie Saugroboter, Rasenm\u00e4hroboter, KI-Begleitroboter und mehr bei EasyLifeRobo.","robots":{"index":"index","follow":"follow","max-snippet":"max-snippet:-1","max-image-preview":"max-image-preview:large","max-video-preview":"max-video-preview:-1"},"canonical":"https:\/\/easyliferobo.com\/de\/product\/programmierbarer-roboter-fuer-kinder-von-4-10-jahren-matatastudio-codierungsset-programmierbares-roboterspielzeug-set-mit-diy-physik-programmiermodul-fuer-anfaenger-keine-app-und-wifi-stem\/","og_locale":"de_DE","og_type":"article","og_title":"Programmierbarer Roboter f\u00fcr Kinder von 4\u201310 Jahren, MatataStudio Codierungsset, programmierbares Roboterspielzeug-Set mit DIY-Physik-Programmiermodul f\u00fcr Anf\u00e4nger, keine App und WiFi, STEM-Lernspielzeug, Geschenke - EasyLifeBro","og_description":"Entdecken Sie smarte Roboter f\u00fcr Zuhause, Garten, Bildung und Sicherheit. Vergleichen Sie Saugroboter, Rasenm\u00e4hroboter, KI-Begleitroboter und mehr bei EasyLifeRobo.","og_url":"https:\/\/easyliferobo.com\/de\/product\/programmierbarer-roboter-fuer-kinder-von-4-10-jahren-matatastudio-codierungsset-programmierbares-roboterspielzeug-set-mit-diy-physik-programmiermodul-fuer-anfaenger-keine-app-und-wifi-stem\/","og_site_name":"EasyLifeBro","article_modified_time":"2026-02-27T15:01:00+00:00","og_image":[{"url":"https:\/\/images-na.ssl-images-amazon.com\/images\/G\/01\/x-locale\/common\/grey-pixel.gif","type":"","width":"","height":""}],"twitter_card":"summary_large_image","twitter_misc":{"Gesch\u00e4tzte Lesezeit":"2\u00a0Minuten"},"schema":{"@context":"https:\/\/schema.org","@graph":[{"@type":"WebPage","@id":"https:\/\/easyliferobo.com\/de\/product\/programmierbarer-roboter-fuer-kinder-von-4-10-jahren-matatastudio-codierungsset-programmierbares-roboterspielzeug-set-mit-diy-physik-programmiermodul-fuer-anfaenger-keine-app-und-wifi-stem\/","url":"https:\/\/easyliferobo.com\/de\/product\/programmierbarer-roboter-fuer-kinder-von-4-10-jahren-matatastudio-codierungsset-programmierbares-roboterspielzeug-set-mit-diy-physik-programmiermodul-fuer-anfaenger-keine-app-und-wifi-stem\/","name":"Programmierbarer Roboter f\u00fcr Kinder von 4\u201310 Jahren, MatataStudio Codierungsset, programmierbares Roboterspielzeug-Set mit DIY-Physik-Programmiermodul f\u00fcr Anf\u00e4nger, keine App und WiFi, STEM-Lernspielzeug, Geschenke - EasyLifeBro","isPartOf":{"@id":"https:\/\/easyliferobo.com\/de\/#website"},"primaryImageOfPage":{"@id":"https:\/\/easyliferobo.com\/de\/product\/programmierbarer-roboter-fuer-kinder-von-4-10-jahren-matatastudio-codierungsset-programmierbares-roboterspielzeug-set-mit-diy-physik-programmiermodul-fuer-anfaenger-keine-app-und-wifi-stem\/#primaryimage"},"image":{"@id":"https:\/\/easyliferobo.com\/de\/product\/programmierbarer-roboter-fuer-kinder-von-4-10-jahren-matatastudio-codierungsset-programmierbares-roboterspielzeug-set-mit-diy-physik-programmiermodul-fuer-anfaenger-keine-app-und-wifi-stem\/#primaryimage"},"thumbnailUrl":"https:\/\/easyliferobo.com\/de\/wp-content\/uploads\/2026\/02\/71xqU2hpDzL._AC_SL1500_.jpg","datePublished":"2026-02-27T15:00:45+00:00","dateModified":"2026-02-27T15:01:00+00:00","description":"Entdecken Sie smarte Roboter f\u00fcr Zuhause, Garten, Bildung und Sicherheit. Vergleichen Sie Saugroboter, Rasenm\u00e4hroboter, KI-Begleitroboter und mehr bei EasyLifeRobo.","breadcrumb":{"@id":"https:\/\/easyliferobo.com\/de\/product\/programmierbarer-roboter-fuer-kinder-von-4-10-jahren-matatastudio-codierungsset-programmierbares-roboterspielzeug-set-mit-diy-physik-programmiermodul-fuer-anfaenger-keine-app-und-wifi-stem\/#breadcrumb"},"inLanguage":"de","potentialAction":[{"@type":"ReadAction","target":["https:\/\/easyliferobo.com\/de\/product\/programmierbarer-roboter-fuer-kinder-von-4-10-jahren-matatastudio-codierungsset-programmierbares-roboterspielzeug-set-mit-diy-physik-programmiermodul-fuer-anfaenger-keine-app-und-wifi-stem\/"]}]},{"@type":"ImageObject","inLanguage":"de","@id":"https:\/\/easyliferobo.com\/de\/product\/programmierbarer-roboter-fuer-kinder-von-4-10-jahren-matatastudio-codierungsset-programmierbares-roboterspielzeug-set-mit-diy-physik-programmiermodul-fuer-anfaenger-keine-app-und-wifi-stem\/#primaryimage","url":"https:\/\/easyliferobo.com\/de\/wp-content\/uploads\/2026\/02\/71xqU2hpDzL._AC_SL1500_.jpg","contentUrl":"https:\/\/easyliferobo.com\/de\/wp-content\/uploads\/2026\/02\/71xqU2hpDzL._AC_SL1500_.jpg","width":1500,"height":1004},{"@type":"BreadcrumbList","@id":"https:\/\/easyliferobo.com\/de\/product\/programmierbarer-roboter-fuer-kinder-von-4-10-jahren-matatastudio-codierungsset-programmierbares-roboterspielzeug-set-mit-diy-physik-programmiermodul-fuer-anfaenger-keine-app-und-wifi-stem\/#breadcrumb","itemListElement":[{"@type":"ListItem","position":1,"name":"Home","item":"https:\/\/easyliferobo.com\/de\/"},{"@type":"ListItem","position":2,"name":"Shop","item":"https:\/\/easyliferobo.com\/de\/shop\/"},{"@type":"ListItem","position":3,"name":"Programmierbarer Roboter f\u00fcr Kinde..."}]},{"@type":"WebSite","@id":"https:\/\/easyliferobo.com\/de\/#website","url":"https:\/\/easyliferobo.com\/de\/","name":"EasyLifeBro","description":"Smarte Roboter f\u00fcr Zuhause, Garten &amp; Bildung","publisher":{"@id":"https:\/\/easyliferobo.com\/de\/#organization"},"potentialAction":[{"@type":"SearchAction","target":{"@type":"EntryPoint","urlTemplate":"https:\/\/easyliferobo.com\/de\/?s={search_term_string}"},"query-input":{"@type":"PropertyValueSpecification","valueRequired":true,"valueName":"search_term_string"}}],"inLanguage":"de"},{"@type":"Organization","@id":"https:\/\/easyliferobo.com\/de\/#organization","name":"EasyLifeBro","url":"https:\/\/easyliferobo.com\/de\/","logo":{"@type":"ImageObject","inLanguage":"de","@id":"https:\/\/easyliferobo.com\/de\/#\/schema\/logo\/image\/","url":"https:\/\/easyliferobo.com\/de\/wp-content\/uploads\/2026\/02\/Screenshot-2026-02-22-at-2.25.03-PM.png","contentUrl":"https:\/\/easyliferobo.com\/de\/wp-content\/uploads\/2026\/02\/Screenshot-2026-02-22-at-2.25.03-PM.png","width":1858,"height":430,"caption":"EasyLifeBro"},"image":{"@id":"https:\/\/easyliferobo.com\/de\/#\/schema\/logo\/image\/"}}]}},"_links":{"self":[{"href":"https:\/\/easyliferobo.com\/de\/wp-json\/wp\/v2\/product\/4981","targetHints":{"allow":["GET"]}}],"collection":[{"href":"https:\/\/easyliferobo.com\/de\/wp-json\/wp\/v2\/product"}],"about":[{"href":"https:\/\/easyliferobo.com\/de\/wp-json\/wp\/v2\/types\/product"}],"replies":[{"embeddable":true,"href":"https:\/\/easyliferobo.com\/de\/wp-json\/wp\/v2\/comments?post=4981"}],"wp:featuredmedia":[{"embeddable":true,"href":"https:\/\/easyliferobo.com\/de\/wp-json\/wp\/v2\/media\/4982"}],"wp:attachment":[{"href":"https:\/\/easyliferobo.com\/de\/wp-json\/wp\/v2\/media?parent=4981"}],"wp:term":[{"taxonomy":"store","embeddable":true,"href":"https:\/\/easyliferobo.com\/de\/wp-json\/wp\/v2\/store?post=4981"},{"taxonomy":"product_brand","embeddable":true,"href":"https:\/\/easyliferobo.com\/de\/wp-json\/wp\/v2\/product_brand?post=4981"},{"taxonomy":"product_cat","embeddable":true,"href":"https:\/\/easyliferobo.com\/de\/wp-json\/wp\/v2\/product_cat?post=4981"},{"taxonomy":"product_tag","embeddable":true,"href":"https:\/\/easyliferobo.com\/de\/wp-json\/wp\/v2\/product_tag?post=4981"}],"curies":[{"name":"wp","href":"https:\/\/api.w.org\/{rel}","templated":true}]}}