
{"id":4971,"date":"2026-02-27T14:58:51","date_gmt":"2026-02-27T14:58:51","guid":{"rendered":"https:\/\/easyliferobo.com\/de\/product\/adeept-spider-robot-quadruped-robot-kit-fuer-raspberry-pi-4-3-modell-b-b-stem-creeping-robot-opencv-tracking-selbststabilisierung-mit-mpu6050-gyro-sensor-darkpaw-bionic-raspberry-pi-robot-pdf\/"},"modified":"2026-02-27T14:59:11","modified_gmt":"2026-02-27T14:59:11","slug":"adeept-spider-robot-quadruped-robot-kit-fuer-raspberry-pi-4-3-modell-b-b-stem-creeping-robot-opencv-tracking-selbststabilisierung-mit-mpu6050-gyro-sensor-darkpaw-bionic-raspberry-pi-robot-pdf","status":"publish","type":"product","link":"https:\/\/easyliferobo.com\/de\/product\/adeept-spider-robot-quadruped-robot-kit-fuer-raspberry-pi-4-3-modell-b-b-stem-creeping-robot-opencv-tracking-selbststabilisierung-mit-mpu6050-gyro-sensor-darkpaw-bionic-raspberry-pi-robot-pdf\/","title":{"rendered":"Adeept Spider Robot Quadruped Robot..."},"content":{"rendered":"<p>\n                                             Von der Marke   <\/p>\n<p>                                              <img decoding=\"async\" alt=\"STEM-Projektkit mit Roboterkomponenten auf einem Tisch. Ein Erwachsener und ein Kind untersuchen gemeinsam die Teile, in der N\u00e4he sind ein Laptop und eine Drohne zu sehen.\" src=\"https:\/\/images-na.ssl-images-amazon.com\/images\/G\/01\/x-locale\/common\/grey-pixel.gif\" class=\"a-lazy-loaded\" data-src=\"https:\/\/m.media-amazon.com\/images\/S\/aplus-media-library-service-media\/2efe6a4d-85ce-47f7-93c4-0c9ffc32ee4b.__CR0,0,1464,625_PT0_SX1464_V1___.jpg\"><img decoding=\"async\" alt=\"STEM-Projektkit mit Roboterkomponenten auf einem Tisch. Ein Erwachsener und ein Kind untersuchen gemeinsam die Teile, in der N\u00e4he sind ein Laptop und eine Drohne zu sehen.\" src=\"https:\/\/m.media-amazon.com\/images\/S\/aplus-media-library-service-media\/2efe6a4d-85ce-47f7-93c4-0c9ffc32ee4b.__CR0,0,1464,625_PT0_SX1464_V1___.jpg\">  <\/p>\n<p>                                              <img decoding=\"async\" alt=\"\" src=\"https:\/\/images-na.ssl-images-amazon.com\/images\/G\/01\/x-locale\/common\/grey-pixel.gif\" class=\"a-lazy-loaded\" data-src=\"https:\/\/m.media-amazon.com\/images\/S\/aplus-media-library-service-media\/976e404a-740d-479e-aff2-91df7fb4493a.__CR0,0,315,145_PT0_SX315_V1___.jpg\"><img decoding=\"async\" alt=\"\" src=\"https:\/\/m.media-amazon.com\/images\/S\/aplus-media-library-service-media\/976e404a-740d-479e-aff2-91df7fb4493a.__CR0,0,315,145_PT0_SX315_V1___.jpg\">  <\/p>\n<p>  Adeept wurde 2015 in Shenzhen, China, gegr\u00fcndet und entwickelt haupts\u00e4chlich Al-STEM-Lernroboter auf Basis von Raspberry Pi, Arduino und BBC Micro:bit. Adeept ist ein wachsendes High-Tech-Unternehmen, das sich auf Forschung, Entwicklung, Produktion, Vertrieb sowie wissenschaftliche und p\u00e4dagogische Dienstleistungen von Open-Source-Hardware und MINT-Lernprodukten spezialisiert hat. <\/p>\n<h3>  Kompatibel mit Arduino IDE <\/h3>\n<h3>  Kompatibel mit Arduino IDE <\/h3>\n<h3>  Kompatibel mit Raspberry Pi <\/h3>\n<h3>  Kompatibel mit Raspberry Pi <\/h3>\n<h3>  Starter-Kits\/Boards <\/h3>\n<p>                                              <img decoding=\"async\" alt=\"Gruppenfoto bei der Veranstaltung \u201eTeenHacks Best Civic Hack 2018\u201c. Die Teilnehmer stehen vor dem NetScout-Banner und dem TeenHacks-Logo. Event-Sponsoren&#39; Logos auf dem Hintergrund sichtbar.\" src=\"https:\/\/images-na.ssl-images-amazon.com\/images\/G\/01\/x-locale\/common\/grey-pixel.gif\" class=\"a-lazy-loaded\" data-src=\"https:\/\/m.media-amazon.com\/images\/S\/aplus-media-library-service-media\/f2eb089d-dabb-40c2-b9d2-ba0ffbbea54c.__CR0,0,362,453_PT0_SX362_V1___.jpg\"><img decoding=\"async\" alt=\"Gruppenfoto bei der Veranstaltung \u201eTeenHacks Best Civic Hack 2018\u201c. Die Teilnehmer stehen vor dem NetScout-Banner und dem TeenHacks-Logo. Event-Sponsoren&#39; Logos auf dem Hintergrund sichtbar.\" src=\"https:\/\/m.media-amazon.com\/images\/S\/aplus-media-library-service-media\/f2eb089d-dabb-40c2-b9d2-ba0ffbbea54c.__CR0,0,362,453_PT0_SX362_V1___.jpg\">  <\/p>\n<p>                                              <img decoding=\"async\" alt=\"Gruppe von Menschen, die mit elektronischen Bauteilen und Werkzeugen am Tisch sitzen. Gelbes kreisf\u00f6rmiges Schild mit Strichm\u00e4nnchen und Text \u201eTeen Hack\u201c oben sichtbar. Der Hintergrund zeigt die Aussicht auf die K\u00fcstenstadt.\" src=\"https:\/\/images-na.ssl-images-amazon.com\/images\/G\/01\/x-locale\/common\/grey-pixel.gif\" class=\"a-lazy-loaded\" data-src=\"https:\/\/m.media-amazon.com\/images\/S\/aplus-media-library-service-media\/21fc8c9b-4baa-476d-bbf8-6fe8582b2ea4.__CR0,0,362,453_PT0_SX362_V1___.jpg\"><img decoding=\"async\" alt=\"Gruppe von Menschen, die mit elektronischen Bauteilen und Werkzeugen am Tisch sitzen. Gelbes kreisf\u00f6rmiges Schild mit Strichm\u00e4nnchen und Text \u201eTeen Hack\u201c oben sichtbar. Der Hintergrund zeigt die Aussicht auf die K\u00fcstenstadt.\" src=\"https:\/\/m.media-amazon.com\/images\/S\/aplus-media-library-service-media\/21fc8c9b-4baa-476d-bbf8-6fe8582b2ea4.__CR0,0,362,453_PT0_SX362_V1___.jpg\">  <\/p>\n<p>                                              <img decoding=\"async\" alt=\"Drei Personen untersuchen blaue Kisten und Papiere auf einem Tisch. Ein gelbes rundes Schild mit Strichm\u00e4nnchen und der Aufschrift \u201e1.\u201c. ist an der Wand hinter ihnen sichtbar.\" src=\"https:\/\/images-na.ssl-images-amazon.com\/images\/G\/01\/x-locale\/common\/grey-pixel.gif\" class=\"a-lazy-loaded\" data-src=\"https:\/\/m.media-amazon.com\/images\/S\/aplus-media-library-service-media\/753fb2a4-feb6-4661-a73d-dda2596a88f9.__CR0,0,362,453_PT0_SX362_V1___.jpg\"><img decoding=\"async\" alt=\"Drei Personen untersuchen blaue Kisten und Papiere auf einem Tisch. Ein gelbes rundes Schild mit Strichm\u00e4nnchen und der Aufschrift \u201e1.\u201c. ist an der Wand hinter ihnen sichtbar.\" src=\"https:\/\/m.media-amazon.com\/images\/S\/aplus-media-library-service-media\/753fb2a4-feb6-4661-a73d-dda2596a88f9.__CR0,0,362,453_PT0_SX362_V1___.jpg\">  <\/p>\n<p>                                              <img decoding=\"async\" alt=\"Zusammengesetztes Bild, das verschiedene Lager- und B\u00fcroszenen zeigt: Lagerregale mit Kisten, Arbeiter, die Inventar organisieren, Versandbeh\u00e4lter und Menschen, die an Schreibtischen in einer Industrieumgebung arbeiten.\" src=\"https:\/\/images-na.ssl-images-amazon.com\/images\/G\/01\/x-locale\/common\/grey-pixel.gif\" class=\"a-lazy-loaded\" data-src=\"https:\/\/m.media-amazon.com\/images\/S\/aplus-media-library-service-media\/5cd93405-f8fd-4d4e-8453-6b4cdb8eaf93.__CR0,0,362,453_PT0_SX362_V1___.jpg\"><img decoding=\"async\" alt=\"Zusammengesetztes Bild, das verschiedene Lager- und B\u00fcroszenen zeigt: Lagerregale mit Kisten, Arbeiter, die Inventar organisieren, Versandbeh\u00e4lter und Menschen, die an Schreibtischen in einer Industrieumgebung arbeiten.\" src=\"https:\/\/m.media-amazon.com\/images\/S\/aplus-media-library-service-media\/5cd93405-f8fd-4d4e-8453-6b4cdb8eaf93.__CR0,0,362,453_PT0_SX362_V1___.jpg\">  <\/p>\n<p>                                              <img decoding=\"async\" alt=\"Raster aus offiziell aussehenden Dokumenten mit Stempeln und Siegeln. Die obere Reihe zeigt blau umrandete Zertifikate, die unteren Reihen zeigen wei\u00dfe Dokumente mit roten Stempeln. Text \u201eGeistiges Eigentum\u201c \u00fcberlagert.\" src=\"https:\/\/images-na.ssl-images-amazon.com\/images\/G\/01\/x-locale\/common\/grey-pixel.gif\" class=\"a-lazy-loaded\" data-src=\"https:\/\/m.media-amazon.com\/images\/S\/aplus-media-library-service-media\/45cafec2-6e31-4b58-b2cc-175e47f5dce8.__CR0,0,362,453_PT0_SX362_V1___.jpg\"><img decoding=\"async\" alt=\"Raster aus offiziell aussehenden Dokumenten mit Stempeln und Siegeln. Die obere Reihe zeigt blau umrandete Zertifikate, die unteren Reihen zeigen wei\u00dfe Dokumente mit roten Stempeln. Text \u201eGeistiges Eigentum\u201c \u00fcberlagert.\" src=\"https:\/\/m.media-amazon.com\/images\/S\/aplus-media-library-service-media\/45cafec2-6e31-4b58-b2cc-175e47f5dce8.__CR0,0,362,453_PT0_SX362_V1___.jpg\">  <\/p>\n<p>STEAM-Lernroboter \u2013 Ein kompletter bionischer Vierbeiner-Spinnroboter-Bausatz basierend auf dem Raspberry Pi (kompatibel mit RPi 4\/3B\/3B+, Raspberry Pi ist nicht im Lieferumfang enthalten). Objekterkennung, Tracking, Bewegungserkennung \u2013 basierend auf openCV; C\/S-Architektur \u2013 per App fernsteuerbar; WS2812 RGB-LEDs \u2013 k\u00f6nnen eine Vielzahl von Farben \u00e4ndern, vollst\u00e4ndige Technologie; Echtzeit-Video\u00fcbertragung<br \/>Video: https:\/\/www.adeept.com\/video\/detail-56.html<br \/>Selbststabilisierend basierend auf dem Gyrosensor MPU6050; optimale konstruktive Gestaltung mit hoher Belastbarkeit<br \/>EINFACHE MONTAGE UND CODIERUNG \u2013 Ein PDF-Handbuch mit Bildern wurde sorgf\u00e4ltig erstellt, damit Sie Schritt f\u00fcr Schritt lernen, wie Sie Ihren Raspberry Pi-Roboter zusammenbauen. Es bietet leicht verst\u00e4ndlichen Python-Code mit einem sch\u00f6nen und praktischen GUI-Programm (kompatibel mit Windows- und Linux-Betriebssystemen). Bitte herunterladen: https:\/\/www.adeept.com\/learn\/detail-38.html<br \/>Angetrieben durch 2 x 18650-Batterien (nicht im Lieferumfang enthalten). Sie m\u00fcssen Ihre eigenen Batterien vorbereiten. Raspberry Pi ist nicht im Lieferumfang enthalten.<\/p>\n<p>[ad_2]<\/p>\n","protected":false},"excerpt":{"rendered":"<p>Von der Marke Adeept wurde 2015 in Shenzhen, China, gegr\u00fcndet und entwickelt haupts\u00e4chlich Al-STEM-Lernroboter auf Basis von Raspberry Pi, Arduino und BBC Micro:bit. Adeept ist ein wachsendes High-Tech-Unternehmen, das sich auf Forschung, Entwicklung, Produktion, Vertrieb sowie wissenschaftliche und p\u00e4dagogische Dienstleistungen von Open-Source-Hardware und MINT-Lernprodukten spezialisiert hat. Kompatibel mit Arduino IDE Kompatibel mit Arduino IDE Kompatibel [&hellip;]<\/p>\n","protected":false},"featured_media":4972,"comment_status":"open","ping_status":"closed","template":"","meta":{"_aipt_faq_data":""},"store":[],"product_brand":[],"product_cat":[79],"product_tag":[245],"class_list":{"0":"post-4971","1":"product","2":"type-product","3":"status-publish","4":"has-post-thumbnail","6":"product_cat-stem-roboter","7":"product_tag-stem-roboter-mit-sensoren","9":"first","10":"instock","11":"shipping-taxable","12":"product-type-external"},"yoast_head":"<!-- This site is optimized with the Yoast SEO plugin v27.4 - https:\/\/yoast.com\/product\/yoast-seo-wordpress\/ -->\n<title>Adeept Spider Robot Quadruped Robot Kit f\u00fcr Raspberry Pi 4\/3 Modell B+\/B STEM Creeping Robot OpenCV Tracking Selbststabilisierung mit MPU6050 Gyro Sensor Darkpaw Bionic Raspberry Pi Robot &amp; PDF - EasyLifeBro<\/title>\n<meta name=\"description\" content=\"Entdecken Sie smarte Roboter f\u00fcr Zuhause, Garten, Bildung und Sicherheit. Vergleichen Sie Saugroboter, Rasenm\u00e4hroboter, KI-Begleitroboter und mehr bei EasyLifeRobo.\" \/>\n<meta name=\"robots\" content=\"index, follow, max-snippet:-1, max-image-preview:large, max-video-preview:-1\" \/>\n<link rel=\"canonical\" href=\"https:\/\/easyliferobo.com\/de\/product\/adeept-spider-robot-quadruped-robot-kit-fuer-raspberry-pi-4-3-modell-b-b-stem-creeping-robot-opencv-tracking-selbststabilisierung-mit-mpu6050-gyro-sensor-darkpaw-bionic-raspberry-pi-robot-pdf\/\" \/>\n<meta property=\"og:locale\" content=\"de_DE\" \/>\n<meta property=\"og:type\" content=\"article\" \/>\n<meta property=\"og:title\" content=\"Adeept Spider Robot Quadruped Robot Kit f\u00fcr Raspberry Pi 4\/3 Modell B+\/B STEM Creeping Robot OpenCV Tracking Selbststabilisierung mit MPU6050 Gyro Sensor Darkpaw Bionic Raspberry Pi Robot &amp; PDF - EasyLifeBro\" \/>\n<meta property=\"og:description\" content=\"Entdecken Sie smarte Roboter f\u00fcr Zuhause, Garten, Bildung und Sicherheit. Vergleichen Sie Saugroboter, Rasenm\u00e4hroboter, KI-Begleitroboter und mehr bei EasyLifeRobo.\" \/>\n<meta property=\"og:url\" content=\"https:\/\/easyliferobo.com\/de\/product\/adeept-spider-robot-quadruped-robot-kit-fuer-raspberry-pi-4-3-modell-b-b-stem-creeping-robot-opencv-tracking-selbststabilisierung-mit-mpu6050-gyro-sensor-darkpaw-bionic-raspberry-pi-robot-pdf\/\" \/>\n<meta property=\"og:site_name\" content=\"EasyLifeBro\" \/>\n<meta property=\"article:modified_time\" content=\"2026-02-27T14:59:11+00:00\" \/>\n<meta property=\"og:image\" content=\"https:\/\/images-na.ssl-images-amazon.com\/images\/G\/01\/x-locale\/common\/grey-pixel.gif\" \/>\n<meta name=\"twitter:card\" content=\"summary_large_image\" \/>\n<meta name=\"twitter:label1\" content=\"Gesch\u00e4tzte Lesezeit\" \/>\n\t<meta name=\"twitter:data1\" content=\"1\u00a0Minute\" \/>\n<script type=\"application\/ld+json\" class=\"yoast-schema-graph\">{\"@context\":\"https:\\\/\\\/schema.org\",\"@graph\":[{\"@type\":\"WebPage\",\"@id\":\"https:\\\/\\\/easyliferobo.com\\\/de\\\/product\\\/adeept-spider-robot-quadruped-robot-kit-fuer-raspberry-pi-4-3-modell-b-b-stem-creeping-robot-opencv-tracking-selbststabilisierung-mit-mpu6050-gyro-sensor-darkpaw-bionic-raspberry-pi-robot-pdf\\\/\",\"url\":\"https:\\\/\\\/easyliferobo.com\\\/de\\\/product\\\/adeept-spider-robot-quadruped-robot-kit-fuer-raspberry-pi-4-3-modell-b-b-stem-creeping-robot-opencv-tracking-selbststabilisierung-mit-mpu6050-gyro-sensor-darkpaw-bionic-raspberry-pi-robot-pdf\\\/\",\"name\":\"Adeept Spider Robot Quadruped Robot Kit f\u00fcr Raspberry Pi 4\\\/3 Modell B+\\\/B STEM Creeping Robot OpenCV Tracking Selbststabilisierung mit MPU6050 Gyro Sensor Darkpaw Bionic Raspberry Pi Robot & PDF - EasyLifeBro\",\"isPartOf\":{\"@id\":\"https:\\\/\\\/easyliferobo.com\\\/de\\\/#website\"},\"primaryImageOfPage\":{\"@id\":\"https:\\\/\\\/easyliferobo.com\\\/de\\\/product\\\/adeept-spider-robot-quadruped-robot-kit-fuer-raspberry-pi-4-3-modell-b-b-stem-creeping-robot-opencv-tracking-selbststabilisierung-mit-mpu6050-gyro-sensor-darkpaw-bionic-raspberry-pi-robot-pdf\\\/#primaryimage\"},\"image\":{\"@id\":\"https:\\\/\\\/easyliferobo.com\\\/de\\\/product\\\/adeept-spider-robot-quadruped-robot-kit-fuer-raspberry-pi-4-3-modell-b-b-stem-creeping-robot-opencv-tracking-selbststabilisierung-mit-mpu6050-gyro-sensor-darkpaw-bionic-raspberry-pi-robot-pdf\\\/#primaryimage\"},\"thumbnailUrl\":\"https:\\\/\\\/easyliferobo.com\\\/de\\\/wp-content\\\/uploads\\\/2026\\\/02\\\/61W5KYNkDL._AC_SL1200_.jpg\",\"datePublished\":\"2026-02-27T14:58:51+00:00\",\"dateModified\":\"2026-02-27T14:59:11+00:00\",\"description\":\"Entdecken Sie smarte Roboter f\u00fcr Zuhause, Garten, Bildung und Sicherheit. Vergleichen Sie Saugroboter, Rasenm\u00e4hroboter, KI-Begleitroboter und mehr bei EasyLifeRobo.\",\"breadcrumb\":{\"@id\":\"https:\\\/\\\/easyliferobo.com\\\/de\\\/product\\\/adeept-spider-robot-quadruped-robot-kit-fuer-raspberry-pi-4-3-modell-b-b-stem-creeping-robot-opencv-tracking-selbststabilisierung-mit-mpu6050-gyro-sensor-darkpaw-bionic-raspberry-pi-robot-pdf\\\/#breadcrumb\"},\"inLanguage\":\"de\",\"potentialAction\":[{\"@type\":\"ReadAction\",\"target\":[\"https:\\\/\\\/easyliferobo.com\\\/de\\\/product\\\/adeept-spider-robot-quadruped-robot-kit-fuer-raspberry-pi-4-3-modell-b-b-stem-creeping-robot-opencv-tracking-selbststabilisierung-mit-mpu6050-gyro-sensor-darkpaw-bionic-raspberry-pi-robot-pdf\\\/\"]}]},{\"@type\":\"ImageObject\",\"inLanguage\":\"de\",\"@id\":\"https:\\\/\\\/easyliferobo.com\\\/de\\\/product\\\/adeept-spider-robot-quadruped-robot-kit-fuer-raspberry-pi-4-3-modell-b-b-stem-creeping-robot-opencv-tracking-selbststabilisierung-mit-mpu6050-gyro-sensor-darkpaw-bionic-raspberry-pi-robot-pdf\\\/#primaryimage\",\"url\":\"https:\\\/\\\/easyliferobo.com\\\/de\\\/wp-content\\\/uploads\\\/2026\\\/02\\\/61W5KYNkDL._AC_SL1200_.jpg\",\"contentUrl\":\"https:\\\/\\\/easyliferobo.com\\\/de\\\/wp-content\\\/uploads\\\/2026\\\/02\\\/61W5KYNkDL._AC_SL1200_.jpg\",\"width\":1071,\"height\":1111},{\"@type\":\"BreadcrumbList\",\"@id\":\"https:\\\/\\\/easyliferobo.com\\\/de\\\/product\\\/adeept-spider-robot-quadruped-robot-kit-fuer-raspberry-pi-4-3-modell-b-b-stem-creeping-robot-opencv-tracking-selbststabilisierung-mit-mpu6050-gyro-sensor-darkpaw-bionic-raspberry-pi-robot-pdf\\\/#breadcrumb\",\"itemListElement\":[{\"@type\":\"ListItem\",\"position\":1,\"name\":\"Home\",\"item\":\"https:\\\/\\\/easyliferobo.com\\\/de\\\/\"},{\"@type\":\"ListItem\",\"position\":2,\"name\":\"Shop\",\"item\":\"https:\\\/\\\/easyliferobo.com\\\/de\\\/shop\\\/\"},{\"@type\":\"ListItem\",\"position\":3,\"name\":\"Adeept Spider Robot Quadruped Robot...\"}]},{\"@type\":\"WebSite\",\"@id\":\"https:\\\/\\\/easyliferobo.com\\\/de\\\/#website\",\"url\":\"https:\\\/\\\/easyliferobo.com\\\/de\\\/\",\"name\":\"EasyLifeBro\",\"description\":\"Smarte Roboter f\u00fcr Zuhause, Garten &amp; Bildung\",\"publisher\":{\"@id\":\"https:\\\/\\\/easyliferobo.com\\\/de\\\/#organization\"},\"potentialAction\":[{\"@type\":\"SearchAction\",\"target\":{\"@type\":\"EntryPoint\",\"urlTemplate\":\"https:\\\/\\\/easyliferobo.com\\\/de\\\/?s={search_term_string}\"},\"query-input\":{\"@type\":\"PropertyValueSpecification\",\"valueRequired\":true,\"valueName\":\"search_term_string\"}}],\"inLanguage\":\"de\"},{\"@type\":\"Organization\",\"@id\":\"https:\\\/\\\/easyliferobo.com\\\/de\\\/#organization\",\"name\":\"EasyLifeBro\",\"url\":\"https:\\\/\\\/easyliferobo.com\\\/de\\\/\",\"logo\":{\"@type\":\"ImageObject\",\"inLanguage\":\"de\",\"@id\":\"https:\\\/\\\/easyliferobo.com\\\/de\\\/#\\\/schema\\\/logo\\\/image\\\/\",\"url\":\"https:\\\/\\\/easyliferobo.com\\\/de\\\/wp-content\\\/uploads\\\/2026\\\/02\\\/Screenshot-2026-02-22-at-2.25.03-PM.png\",\"contentUrl\":\"https:\\\/\\\/easyliferobo.com\\\/de\\\/wp-content\\\/uploads\\\/2026\\\/02\\\/Screenshot-2026-02-22-at-2.25.03-PM.png\",\"width\":1858,\"height\":430,\"caption\":\"EasyLifeBro\"},\"image\":{\"@id\":\"https:\\\/\\\/easyliferobo.com\\\/de\\\/#\\\/schema\\\/logo\\\/image\\\/\"}}]}<\/script>\n<!-- \/ Yoast SEO plugin. -->","yoast_head_json":{"title":"Adeept Spider Robot Quadruped Robot Kit f\u00fcr Raspberry Pi 4\/3 Modell B+\/B STEM Creeping Robot OpenCV Tracking Selbststabilisierung mit MPU6050 Gyro Sensor Darkpaw Bionic Raspberry Pi Robot & PDF - EasyLifeBro","description":"Entdecken Sie smarte Roboter f\u00fcr Zuhause, Garten, Bildung und Sicherheit. Vergleichen Sie Saugroboter, Rasenm\u00e4hroboter, KI-Begleitroboter und mehr bei EasyLifeRobo.","robots":{"index":"index","follow":"follow","max-snippet":"max-snippet:-1","max-image-preview":"max-image-preview:large","max-video-preview":"max-video-preview:-1"},"canonical":"https:\/\/easyliferobo.com\/de\/product\/adeept-spider-robot-quadruped-robot-kit-fuer-raspberry-pi-4-3-modell-b-b-stem-creeping-robot-opencv-tracking-selbststabilisierung-mit-mpu6050-gyro-sensor-darkpaw-bionic-raspberry-pi-robot-pdf\/","og_locale":"de_DE","og_type":"article","og_title":"Adeept Spider Robot Quadruped Robot Kit f\u00fcr Raspberry Pi 4\/3 Modell B+\/B STEM Creeping Robot OpenCV Tracking Selbststabilisierung mit MPU6050 Gyro Sensor Darkpaw Bionic Raspberry Pi Robot & PDF - EasyLifeBro","og_description":"Entdecken Sie smarte Roboter f\u00fcr Zuhause, Garten, Bildung und Sicherheit. Vergleichen Sie Saugroboter, Rasenm\u00e4hroboter, KI-Begleitroboter und mehr bei EasyLifeRobo.","og_url":"https:\/\/easyliferobo.com\/de\/product\/adeept-spider-robot-quadruped-robot-kit-fuer-raspberry-pi-4-3-modell-b-b-stem-creeping-robot-opencv-tracking-selbststabilisierung-mit-mpu6050-gyro-sensor-darkpaw-bionic-raspberry-pi-robot-pdf\/","og_site_name":"EasyLifeBro","article_modified_time":"2026-02-27T14:59:11+00:00","og_image":[{"url":"https:\/\/images-na.ssl-images-amazon.com\/images\/G\/01\/x-locale\/common\/grey-pixel.gif","type":"","width":"","height":""}],"twitter_card":"summary_large_image","twitter_misc":{"Gesch\u00e4tzte Lesezeit":"1\u00a0Minute"},"schema":{"@context":"https:\/\/schema.org","@graph":[{"@type":"WebPage","@id":"https:\/\/easyliferobo.com\/de\/product\/adeept-spider-robot-quadruped-robot-kit-fuer-raspberry-pi-4-3-modell-b-b-stem-creeping-robot-opencv-tracking-selbststabilisierung-mit-mpu6050-gyro-sensor-darkpaw-bionic-raspberry-pi-robot-pdf\/","url":"https:\/\/easyliferobo.com\/de\/product\/adeept-spider-robot-quadruped-robot-kit-fuer-raspberry-pi-4-3-modell-b-b-stem-creeping-robot-opencv-tracking-selbststabilisierung-mit-mpu6050-gyro-sensor-darkpaw-bionic-raspberry-pi-robot-pdf\/","name":"Adeept Spider Robot Quadruped Robot Kit f\u00fcr Raspberry Pi 4\/3 Modell B+\/B STEM Creeping Robot OpenCV Tracking Selbststabilisierung mit MPU6050 Gyro Sensor Darkpaw Bionic Raspberry Pi Robot & PDF - EasyLifeBro","isPartOf":{"@id":"https:\/\/easyliferobo.com\/de\/#website"},"primaryImageOfPage":{"@id":"https:\/\/easyliferobo.com\/de\/product\/adeept-spider-robot-quadruped-robot-kit-fuer-raspberry-pi-4-3-modell-b-b-stem-creeping-robot-opencv-tracking-selbststabilisierung-mit-mpu6050-gyro-sensor-darkpaw-bionic-raspberry-pi-robot-pdf\/#primaryimage"},"image":{"@id":"https:\/\/easyliferobo.com\/de\/product\/adeept-spider-robot-quadruped-robot-kit-fuer-raspberry-pi-4-3-modell-b-b-stem-creeping-robot-opencv-tracking-selbststabilisierung-mit-mpu6050-gyro-sensor-darkpaw-bionic-raspberry-pi-robot-pdf\/#primaryimage"},"thumbnailUrl":"https:\/\/easyliferobo.com\/de\/wp-content\/uploads\/2026\/02\/61W5KYNkDL._AC_SL1200_.jpg","datePublished":"2026-02-27T14:58:51+00:00","dateModified":"2026-02-27T14:59:11+00:00","description":"Entdecken Sie smarte Roboter f\u00fcr Zuhause, Garten, Bildung und Sicherheit. Vergleichen Sie Saugroboter, Rasenm\u00e4hroboter, KI-Begleitroboter und mehr bei EasyLifeRobo.","breadcrumb":{"@id":"https:\/\/easyliferobo.com\/de\/product\/adeept-spider-robot-quadruped-robot-kit-fuer-raspberry-pi-4-3-modell-b-b-stem-creeping-robot-opencv-tracking-selbststabilisierung-mit-mpu6050-gyro-sensor-darkpaw-bionic-raspberry-pi-robot-pdf\/#breadcrumb"},"inLanguage":"de","potentialAction":[{"@type":"ReadAction","target":["https:\/\/easyliferobo.com\/de\/product\/adeept-spider-robot-quadruped-robot-kit-fuer-raspberry-pi-4-3-modell-b-b-stem-creeping-robot-opencv-tracking-selbststabilisierung-mit-mpu6050-gyro-sensor-darkpaw-bionic-raspberry-pi-robot-pdf\/"]}]},{"@type":"ImageObject","inLanguage":"de","@id":"https:\/\/easyliferobo.com\/de\/product\/adeept-spider-robot-quadruped-robot-kit-fuer-raspberry-pi-4-3-modell-b-b-stem-creeping-robot-opencv-tracking-selbststabilisierung-mit-mpu6050-gyro-sensor-darkpaw-bionic-raspberry-pi-robot-pdf\/#primaryimage","url":"https:\/\/easyliferobo.com\/de\/wp-content\/uploads\/2026\/02\/61W5KYNkDL._AC_SL1200_.jpg","contentUrl":"https:\/\/easyliferobo.com\/de\/wp-content\/uploads\/2026\/02\/61W5KYNkDL._AC_SL1200_.jpg","width":1071,"height":1111},{"@type":"BreadcrumbList","@id":"https:\/\/easyliferobo.com\/de\/product\/adeept-spider-robot-quadruped-robot-kit-fuer-raspberry-pi-4-3-modell-b-b-stem-creeping-robot-opencv-tracking-selbststabilisierung-mit-mpu6050-gyro-sensor-darkpaw-bionic-raspberry-pi-robot-pdf\/#breadcrumb","itemListElement":[{"@type":"ListItem","position":1,"name":"Home","item":"https:\/\/easyliferobo.com\/de\/"},{"@type":"ListItem","position":2,"name":"Shop","item":"https:\/\/easyliferobo.com\/de\/shop\/"},{"@type":"ListItem","position":3,"name":"Adeept Spider Robot Quadruped Robot..."}]},{"@type":"WebSite","@id":"https:\/\/easyliferobo.com\/de\/#website","url":"https:\/\/easyliferobo.com\/de\/","name":"EasyLifeBro","description":"Smarte Roboter f\u00fcr Zuhause, Garten &amp; Bildung","publisher":{"@id":"https:\/\/easyliferobo.com\/de\/#organization"},"potentialAction":[{"@type":"SearchAction","target":{"@type":"EntryPoint","urlTemplate":"https:\/\/easyliferobo.com\/de\/?s={search_term_string}"},"query-input":{"@type":"PropertyValueSpecification","valueRequired":true,"valueName":"search_term_string"}}],"inLanguage":"de"},{"@type":"Organization","@id":"https:\/\/easyliferobo.com\/de\/#organization","name":"EasyLifeBro","url":"https:\/\/easyliferobo.com\/de\/","logo":{"@type":"ImageObject","inLanguage":"de","@id":"https:\/\/easyliferobo.com\/de\/#\/schema\/logo\/image\/","url":"https:\/\/easyliferobo.com\/de\/wp-content\/uploads\/2026\/02\/Screenshot-2026-02-22-at-2.25.03-PM.png","contentUrl":"https:\/\/easyliferobo.com\/de\/wp-content\/uploads\/2026\/02\/Screenshot-2026-02-22-at-2.25.03-PM.png","width":1858,"height":430,"caption":"EasyLifeBro"},"image":{"@id":"https:\/\/easyliferobo.com\/de\/#\/schema\/logo\/image\/"}}]}},"_links":{"self":[{"href":"https:\/\/easyliferobo.com\/de\/wp-json\/wp\/v2\/product\/4971","targetHints":{"allow":["GET"]}}],"collection":[{"href":"https:\/\/easyliferobo.com\/de\/wp-json\/wp\/v2\/product"}],"about":[{"href":"https:\/\/easyliferobo.com\/de\/wp-json\/wp\/v2\/types\/product"}],"replies":[{"embeddable":true,"href":"https:\/\/easyliferobo.com\/de\/wp-json\/wp\/v2\/comments?post=4971"}],"wp:featuredmedia":[{"embeddable":true,"href":"https:\/\/easyliferobo.com\/de\/wp-json\/wp\/v2\/media\/4972"}],"wp:attachment":[{"href":"https:\/\/easyliferobo.com\/de\/wp-json\/wp\/v2\/media?parent=4971"}],"wp:term":[{"taxonomy":"store","embeddable":true,"href":"https:\/\/easyliferobo.com\/de\/wp-json\/wp\/v2\/store?post=4971"},{"taxonomy":"product_brand","embeddable":true,"href":"https:\/\/easyliferobo.com\/de\/wp-json\/wp\/v2\/product_brand?post=4971"},{"taxonomy":"product_cat","embeddable":true,"href":"https:\/\/easyliferobo.com\/de\/wp-json\/wp\/v2\/product_cat?post=4971"},{"taxonomy":"product_tag","embeddable":true,"href":"https:\/\/easyliferobo.com\/de\/wp-json\/wp\/v2\/product_tag?post=4971"}],"curies":[{"name":"wp","href":"https:\/\/api.w.org\/{rel}","templated":true}]}}