
{"id":4954,"date":"2026-02-27T14:55:29","date_gmt":"2026-02-27T14:55:29","guid":{"rendered":"https:\/\/easyliferobo.com\/de\/product\/elegoo-ueberarbeitetes-elektronik-lernset-lustiges-set-netzteilmodul-ueberbrueckungskabel-potentiometer-steckbrett-komponenten-sortiment-fuer-arduino\/"},"modified":"2026-02-27T14:55:40","modified_gmt":"2026-02-27T14:55:40","slug":"elegoo-ueberarbeitetes-elektronik-lernset-lustiges-set-netzteilmodul-ueberbrueckungskabel-potentiometer-steckbrett-komponenten-sortiment-fuer-arduino","status":"publish","type":"product","link":"https:\/\/easyliferobo.com\/de\/product\/elegoo-ueberarbeitetes-elektronik-lernset-lustiges-set-netzteilmodul-ueberbrueckungskabel-potentiometer-steckbrett-komponenten-sortiment-fuer-arduino\/","title":{"rendered":"ELEGOO \u00fcberarbeitetes Elektronik-L..."},"content":{"rendered":"<p>\n                                             Von der Marke   <\/p>\n<p>                                              <img decoding=\"async\" alt=\"Der blaue Hintergrund mit einem Tennisschl\u00e4ger und einem Tennisschl\u00e4ger\" src=\"https:\/\/images-na.ssl-images-amazon.com\/images\/G\/01\/x-locale\/common\/grey-pixel.gif\" class=\"a-lazy-loaded\" data-src=\"https:\/\/m.media-amazon.com\/images\/S\/aplus-media-library-service-media\/8c8f07e0-001c-46e7-abe1-69e83d721e83.__CR0,0,1464,625_PT0_SX1464_V1___.jpg\"><img decoding=\"async\" alt=\"Der blaue Hintergrund mit einem Tennisschl\u00e4ger und einem Tennisschl\u00e4ger\" src=\"https:\/\/m.media-amazon.com\/images\/S\/aplus-media-library-service-media\/8c8f07e0-001c-46e7-abe1-69e83d721e83.__CR0,0,1464,625_PT0_SX1464_V1___.jpg\">  <\/p>\n<p>                                              <img decoding=\"async\" alt=\"\" src=\"https:\/\/images-na.ssl-images-amazon.com\/images\/G\/01\/x-locale\/common\/grey-pixel.gif\" class=\"a-lazy-loaded\" data-src=\"https:\/\/m.media-amazon.com\/images\/S\/aplus-media-library-service-media\/23061eb6-cc86-4776-8958-5d3ce828bba1.__CR0,0,315,145_PT0_SX315_V1___.jpg\"><img decoding=\"async\" alt=\"\" src=\"https:\/\/m.media-amazon.com\/images\/S\/aplus-media-library-service-media\/23061eb6-cc86-4776-8958-5d3ce828bba1.__CR0,0,315,145_PT0_SX315_V1___.jpg\">  <\/p>\n<p>  ELEGOO STEM Kits enthalten alle notwendigen Komponenten, Sensoren, Kabel und Platinen, damit Sie mit dem Programmieren, dem Erlernen von Elektronik und der Erstellung von IoT-Projekten beginnen k\u00f6nnen. <\/p>\n<p>  Wir sind bestrebt, die MINT-Ausbildung f\u00fcr die junge Generation leicht erlernbar und zug\u00e4nglich zu machen. <\/p>\n<h3>  ELEGOO Starter-Kit f\u00fcr Arduino <\/h3>\n<p class=\"apm-brand-story-stores-link\">\n<h3>  Elegoo-Steuerplatine <\/h3>\n<p class=\"apm-brand-story-stores-link\">\n<h3>  ELEGOO Roboterauto-Bausatz <\/h3>\n<p class=\"apm-brand-story-stores-link\">\n<h3>  Sensor-Kit und Komponenten-Kit <\/h3>\n<p class=\"apm-brand-story-stores-link\">\n<h3>  ELEGOO-Kabel f\u00fcr Arduino <\/h3>\n<p class=\"apm-brand-story-stores-link\">\n<h3>  ELEGOO Zubeh\u00f6r f\u00fcr Arduino <\/h3>\n<p class=\"apm-brand-story-stores-link\">\n<h3>  ELEGOO Zubeh\u00f6r f\u00fcr Arduino <\/h3>\n<p class=\"apm-brand-story-stores-link\">\n<h3>  ELEGOO Zubeh\u00f6r f\u00fcr Arduino <\/h3>\n<p class=\"apm-brand-story-stores-link\">\n<h3>  ELEGOO Zubeh\u00f6r f\u00fcr Arduino <\/h3>\n<p class=\"apm-brand-story-stores-link\">\n<h3>  ELEGOO Zubeh\u00f6r f\u00fcr Arduino <\/h3>\n<p class=\"apm-brand-story-stores-link\">\n<p>Mehr als 300 Einzelteile im Lieferumfang enthalten (Mikrocontroller-Board nicht im Lieferumfang enthalten, aber in unserem Shop erh\u00e4ltlich)<br \/>Das Elektronik-Sortiment f\u00fcr Arduino ist \u00fcbersichtlich sortiert und in einer Box verpackt.<br \/>Datenbl\u00e4tter finden Sie auf der ELEGOO-Website oder wenden Sie sich einfach an unseren Kundenservice.<br \/>Tolles Lernset f\u00fcr Bananen-Anf\u00e4nger, tolle Geschenkidee.<br \/>Nach dem Feedback unserer gesch\u00e4tzten Kunden wird dieses Set st\u00e4ndig \u00fcberarbeitet und optimiert.<\/p>\n<p>[ad_2]<\/p>\n","protected":false},"excerpt":{"rendered":"<p>Von der Marke ELEGOO STEM Kits enthalten alle notwendigen Komponenten, Sensoren, Kabel und Platinen, damit Sie mit dem Programmieren, dem Erlernen von Elektronik und der Erstellung von IoT-Projekten beginnen k\u00f6nnen. Wir sind bestrebt, die MINT-Ausbildung f\u00fcr die junge Generation leicht erlernbar und zug\u00e4nglich zu machen. ELEGOO Starter-Kit f\u00fcr Arduino Elegoo-Steuerplatine ELEGOO Roboterauto-Bausatz Sensor-Kit und Komponenten-Kit [&hellip;]<\/p>\n","protected":false},"featured_media":4955,"comment_status":"open","ping_status":"closed","template":"","meta":{"_aipt_faq_data":""},"store":[],"product_brand":[192],"product_cat":[81],"product_tag":[242],"class_list":{"0":"post-4954","1":"product","2":"type-product","3":"status-publish","4":"has-post-thumbnail","6":"product_brand-elegoo","7":"product_cat-arduino-raspberry-pi-kits","8":"product_tag-arduino-raspberry-pi-kits-beginner-projects","10":"first","11":"instock","12":"shipping-taxable","13":"product-type-external"},"yoast_head":"<!-- This site is optimized with the Yoast SEO plugin v27.0 - https:\/\/yoast.com\/product\/yoast-seo-wordpress\/ -->\n<title>ELEGOO \u00fcberarbeitetes Elektronik-Lernset, lustiges Set, Netzteilmodul, \u00dcberbr\u00fcckungskabel, Potentiometer, Steckbrett-Komponenten-Sortiment f\u00fcr Arduino - EasyLifeBro<\/title>\n<meta name=\"description\" content=\"Entdecken Sie smarte Roboter f\u00fcr Zuhause, Garten, Bildung und Sicherheit. Vergleichen Sie Saugroboter, Rasenm\u00e4hroboter, KI-Begleitroboter und mehr bei EasyLifeRobo.\" \/>\n<meta name=\"robots\" content=\"index, follow, max-snippet:-1, max-image-preview:large, max-video-preview:-1\" \/>\n<link rel=\"canonical\" href=\"https:\/\/easyliferobo.com\/de\/product\/elegoo-ueberarbeitetes-elektronik-lernset-lustiges-set-netzteilmodul-ueberbrueckungskabel-potentiometer-steckbrett-komponenten-sortiment-fuer-arduino\/\" \/>\n<meta property=\"og:locale\" content=\"de_DE\" \/>\n<meta property=\"og:type\" content=\"article\" \/>\n<meta property=\"og:title\" content=\"ELEGOO \u00fcberarbeitetes Elektronik-Lernset, lustiges Set, Netzteilmodul, \u00dcberbr\u00fcckungskabel, Potentiometer, Steckbrett-Komponenten-Sortiment f\u00fcr Arduino - EasyLifeBro\" \/>\n<meta property=\"og:description\" content=\"Entdecken Sie smarte Roboter f\u00fcr Zuhause, Garten, Bildung und Sicherheit. Vergleichen Sie Saugroboter, Rasenm\u00e4hroboter, KI-Begleitroboter und mehr bei EasyLifeRobo.\" \/>\n<meta property=\"og:url\" content=\"https:\/\/easyliferobo.com\/de\/product\/elegoo-ueberarbeitetes-elektronik-lernset-lustiges-set-netzteilmodul-ueberbrueckungskabel-potentiometer-steckbrett-komponenten-sortiment-fuer-arduino\/\" \/>\n<meta property=\"og:site_name\" content=\"EasyLifeBro\" \/>\n<meta property=\"article:modified_time\" content=\"2026-02-27T14:55:40+00:00\" \/>\n<meta property=\"og:image\" content=\"https:\/\/images-na.ssl-images-amazon.com\/images\/G\/01\/x-locale\/common\/grey-pixel.gif\" \/>\n<meta name=\"twitter:card\" content=\"summary_large_image\" \/>\n<meta name=\"twitter:label1\" content=\"Gesch\u00e4tzte Lesezeit\" \/>\n\t<meta name=\"twitter:data1\" content=\"1\u00a0Minute\" \/>\n<script type=\"application\/ld+json\" class=\"yoast-schema-graph\">{\"@context\":\"https:\/\/schema.org\",\"@graph\":[{\"@type\":\"WebPage\",\"@id\":\"https:\/\/easyliferobo.com\/de\/product\/elegoo-ueberarbeitetes-elektronik-lernset-lustiges-set-netzteilmodul-ueberbrueckungskabel-potentiometer-steckbrett-komponenten-sortiment-fuer-arduino\/\",\"url\":\"https:\/\/easyliferobo.com\/de\/product\/elegoo-ueberarbeitetes-elektronik-lernset-lustiges-set-netzteilmodul-ueberbrueckungskabel-potentiometer-steckbrett-komponenten-sortiment-fuer-arduino\/\",\"name\":\"ELEGOO \u00fcberarbeitetes Elektronik-Lernset, lustiges Set, Netzteilmodul, \u00dcberbr\u00fcckungskabel, Potentiometer, Steckbrett-Komponenten-Sortiment f\u00fcr Arduino - EasyLifeBro\",\"isPartOf\":{\"@id\":\"https:\/\/easyliferobo.com\/de\/#website\"},\"primaryImageOfPage\":{\"@id\":\"https:\/\/easyliferobo.com\/de\/product\/elegoo-ueberarbeitetes-elektronik-lernset-lustiges-set-netzteilmodul-ueberbrueckungskabel-potentiometer-steckbrett-komponenten-sortiment-fuer-arduino\/#primaryimage\"},\"image\":{\"@id\":\"https:\/\/easyliferobo.com\/de\/product\/elegoo-ueberarbeitetes-elektronik-lernset-lustiges-set-netzteilmodul-ueberbrueckungskabel-potentiometer-steckbrett-komponenten-sortiment-fuer-arduino\/#primaryimage\"},\"thumbnailUrl\":\"https:\/\/easyliferobo.com\/de\/wp-content\/uploads\/2026\/02\/81Xd7elSQLL._AC_SL1500_.jpg\",\"datePublished\":\"2026-02-27T14:55:29+00:00\",\"dateModified\":\"2026-02-27T14:55:40+00:00\",\"description\":\"Entdecken Sie smarte Roboter f\u00fcr Zuhause, Garten, Bildung und Sicherheit. Vergleichen Sie Saugroboter, Rasenm\u00e4hroboter, KI-Begleitroboter und mehr bei EasyLifeRobo.\",\"breadcrumb\":{\"@id\":\"https:\/\/easyliferobo.com\/de\/product\/elegoo-ueberarbeitetes-elektronik-lernset-lustiges-set-netzteilmodul-ueberbrueckungskabel-potentiometer-steckbrett-komponenten-sortiment-fuer-arduino\/#breadcrumb\"},\"inLanguage\":\"de\",\"potentialAction\":[{\"@type\":\"ReadAction\",\"target\":[\"https:\/\/easyliferobo.com\/de\/product\/elegoo-ueberarbeitetes-elektronik-lernset-lustiges-set-netzteilmodul-ueberbrueckungskabel-potentiometer-steckbrett-komponenten-sortiment-fuer-arduino\/\"]}]},{\"@type\":\"ImageObject\",\"inLanguage\":\"de\",\"@id\":\"https:\/\/easyliferobo.com\/de\/product\/elegoo-ueberarbeitetes-elektronik-lernset-lustiges-set-netzteilmodul-ueberbrueckungskabel-potentiometer-steckbrett-komponenten-sortiment-fuer-arduino\/#primaryimage\",\"url\":\"https:\/\/easyliferobo.com\/de\/wp-content\/uploads\/2026\/02\/81Xd7elSQLL._AC_SL1500_.jpg\",\"contentUrl\":\"https:\/\/easyliferobo.com\/de\/wp-content\/uploads\/2026\/02\/81Xd7elSQLL._AC_SL1500_.jpg\",\"width\":1490,\"height\":1489},{\"@type\":\"BreadcrumbList\",\"@id\":\"https:\/\/easyliferobo.com\/de\/product\/elegoo-ueberarbeitetes-elektronik-lernset-lustiges-set-netzteilmodul-ueberbrueckungskabel-potentiometer-steckbrett-komponenten-sortiment-fuer-arduino\/#breadcrumb\",\"itemListElement\":[{\"@type\":\"ListItem\",\"position\":1,\"name\":\"Home\",\"item\":\"https:\/\/easyliferobo.com\/de\/\"},{\"@type\":\"ListItem\",\"position\":2,\"name\":\"Shop\",\"item\":\"https:\/\/easyliferobo.com\/de\/shop\/\"},{\"@type\":\"ListItem\",\"position\":3,\"name\":\"ELEGOO \u00fcberarbeitetes Elektronik-L...\"}]},{\"@type\":\"WebSite\",\"@id\":\"https:\/\/easyliferobo.com\/de\/#website\",\"url\":\"https:\/\/easyliferobo.com\/de\/\",\"name\":\"EasyLifeBro\",\"description\":\"Smarte Roboter f\u00fcr Zuhause, Garten &amp; Bildung\",\"publisher\":{\"@id\":\"https:\/\/easyliferobo.com\/de\/#organization\"},\"potentialAction\":[{\"@type\":\"SearchAction\",\"target\":{\"@type\":\"EntryPoint\",\"urlTemplate\":\"https:\/\/easyliferobo.com\/de\/?s={search_term_string}\"},\"query-input\":{\"@type\":\"PropertyValueSpecification\",\"valueRequired\":true,\"valueName\":\"search_term_string\"}}],\"inLanguage\":\"de\"},{\"@type\":\"Organization\",\"@id\":\"https:\/\/easyliferobo.com\/de\/#organization\",\"name\":\"EasyLifeBro\",\"url\":\"https:\/\/easyliferobo.com\/de\/\",\"logo\":{\"@type\":\"ImageObject\",\"inLanguage\":\"de\",\"@id\":\"https:\/\/easyliferobo.com\/de\/#\/schema\/logo\/image\/\",\"url\":\"https:\/\/easyliferobo.com\/de\/wp-content\/uploads\/2026\/02\/Screenshot-2026-02-22-at-2.25.03-PM.png\",\"contentUrl\":\"https:\/\/easyliferobo.com\/de\/wp-content\/uploads\/2026\/02\/Screenshot-2026-02-22-at-2.25.03-PM.png\",\"width\":1858,\"height\":430,\"caption\":\"EasyLifeBro\"},\"image\":{\"@id\":\"https:\/\/easyliferobo.com\/de\/#\/schema\/logo\/image\/\"}}]}<\/script>\n<!-- \/ Yoast SEO plugin. -->","yoast_head_json":{"title":"ELEGOO \u00fcberarbeitetes Elektronik-Lernset, lustiges Set, Netzteilmodul, \u00dcberbr\u00fcckungskabel, Potentiometer, Steckbrett-Komponenten-Sortiment f\u00fcr Arduino - EasyLifeBro","description":"Entdecken Sie smarte Roboter f\u00fcr Zuhause, Garten, Bildung und Sicherheit. Vergleichen Sie Saugroboter, Rasenm\u00e4hroboter, KI-Begleitroboter und mehr bei EasyLifeRobo.","robots":{"index":"index","follow":"follow","max-snippet":"max-snippet:-1","max-image-preview":"max-image-preview:large","max-video-preview":"max-video-preview:-1"},"canonical":"https:\/\/easyliferobo.com\/de\/product\/elegoo-ueberarbeitetes-elektronik-lernset-lustiges-set-netzteilmodul-ueberbrueckungskabel-potentiometer-steckbrett-komponenten-sortiment-fuer-arduino\/","og_locale":"de_DE","og_type":"article","og_title":"ELEGOO \u00fcberarbeitetes Elektronik-Lernset, lustiges Set, Netzteilmodul, \u00dcberbr\u00fcckungskabel, Potentiometer, Steckbrett-Komponenten-Sortiment f\u00fcr Arduino - EasyLifeBro","og_description":"Entdecken Sie smarte Roboter f\u00fcr Zuhause, Garten, Bildung und Sicherheit. Vergleichen Sie Saugroboter, Rasenm\u00e4hroboter, KI-Begleitroboter und mehr bei EasyLifeRobo.","og_url":"https:\/\/easyliferobo.com\/de\/product\/elegoo-ueberarbeitetes-elektronik-lernset-lustiges-set-netzteilmodul-ueberbrueckungskabel-potentiometer-steckbrett-komponenten-sortiment-fuer-arduino\/","og_site_name":"EasyLifeBro","article_modified_time":"2026-02-27T14:55:40+00:00","og_image":[{"url":"https:\/\/images-na.ssl-images-amazon.com\/images\/G\/01\/x-locale\/common\/grey-pixel.gif","type":"","width":"","height":""}],"twitter_card":"summary_large_image","twitter_misc":{"Gesch\u00e4tzte Lesezeit":"1\u00a0Minute"},"schema":{"@context":"https:\/\/schema.org","@graph":[{"@type":"WebPage","@id":"https:\/\/easyliferobo.com\/de\/product\/elegoo-ueberarbeitetes-elektronik-lernset-lustiges-set-netzteilmodul-ueberbrueckungskabel-potentiometer-steckbrett-komponenten-sortiment-fuer-arduino\/","url":"https:\/\/easyliferobo.com\/de\/product\/elegoo-ueberarbeitetes-elektronik-lernset-lustiges-set-netzteilmodul-ueberbrueckungskabel-potentiometer-steckbrett-komponenten-sortiment-fuer-arduino\/","name":"ELEGOO \u00fcberarbeitetes Elektronik-Lernset, lustiges Set, Netzteilmodul, \u00dcberbr\u00fcckungskabel, Potentiometer, Steckbrett-Komponenten-Sortiment f\u00fcr Arduino - EasyLifeBro","isPartOf":{"@id":"https:\/\/easyliferobo.com\/de\/#website"},"primaryImageOfPage":{"@id":"https:\/\/easyliferobo.com\/de\/product\/elegoo-ueberarbeitetes-elektronik-lernset-lustiges-set-netzteilmodul-ueberbrueckungskabel-potentiometer-steckbrett-komponenten-sortiment-fuer-arduino\/#primaryimage"},"image":{"@id":"https:\/\/easyliferobo.com\/de\/product\/elegoo-ueberarbeitetes-elektronik-lernset-lustiges-set-netzteilmodul-ueberbrueckungskabel-potentiometer-steckbrett-komponenten-sortiment-fuer-arduino\/#primaryimage"},"thumbnailUrl":"https:\/\/easyliferobo.com\/de\/wp-content\/uploads\/2026\/02\/81Xd7elSQLL._AC_SL1500_.jpg","datePublished":"2026-02-27T14:55:29+00:00","dateModified":"2026-02-27T14:55:40+00:00","description":"Entdecken Sie smarte Roboter f\u00fcr Zuhause, Garten, Bildung und Sicherheit. Vergleichen Sie Saugroboter, Rasenm\u00e4hroboter, KI-Begleitroboter und mehr bei EasyLifeRobo.","breadcrumb":{"@id":"https:\/\/easyliferobo.com\/de\/product\/elegoo-ueberarbeitetes-elektronik-lernset-lustiges-set-netzteilmodul-ueberbrueckungskabel-potentiometer-steckbrett-komponenten-sortiment-fuer-arduino\/#breadcrumb"},"inLanguage":"de","potentialAction":[{"@type":"ReadAction","target":["https:\/\/easyliferobo.com\/de\/product\/elegoo-ueberarbeitetes-elektronik-lernset-lustiges-set-netzteilmodul-ueberbrueckungskabel-potentiometer-steckbrett-komponenten-sortiment-fuer-arduino\/"]}]},{"@type":"ImageObject","inLanguage":"de","@id":"https:\/\/easyliferobo.com\/de\/product\/elegoo-ueberarbeitetes-elektronik-lernset-lustiges-set-netzteilmodul-ueberbrueckungskabel-potentiometer-steckbrett-komponenten-sortiment-fuer-arduino\/#primaryimage","url":"https:\/\/easyliferobo.com\/de\/wp-content\/uploads\/2026\/02\/81Xd7elSQLL._AC_SL1500_.jpg","contentUrl":"https:\/\/easyliferobo.com\/de\/wp-content\/uploads\/2026\/02\/81Xd7elSQLL._AC_SL1500_.jpg","width":1490,"height":1489},{"@type":"BreadcrumbList","@id":"https:\/\/easyliferobo.com\/de\/product\/elegoo-ueberarbeitetes-elektronik-lernset-lustiges-set-netzteilmodul-ueberbrueckungskabel-potentiometer-steckbrett-komponenten-sortiment-fuer-arduino\/#breadcrumb","itemListElement":[{"@type":"ListItem","position":1,"name":"Home","item":"https:\/\/easyliferobo.com\/de\/"},{"@type":"ListItem","position":2,"name":"Shop","item":"https:\/\/easyliferobo.com\/de\/shop\/"},{"@type":"ListItem","position":3,"name":"ELEGOO \u00fcberarbeitetes Elektronik-L..."}]},{"@type":"WebSite","@id":"https:\/\/easyliferobo.com\/de\/#website","url":"https:\/\/easyliferobo.com\/de\/","name":"EasyLifeBro","description":"Smarte Roboter f\u00fcr Zuhause, Garten &amp; Bildung","publisher":{"@id":"https:\/\/easyliferobo.com\/de\/#organization"},"potentialAction":[{"@type":"SearchAction","target":{"@type":"EntryPoint","urlTemplate":"https:\/\/easyliferobo.com\/de\/?s={search_term_string}"},"query-input":{"@type":"PropertyValueSpecification","valueRequired":true,"valueName":"search_term_string"}}],"inLanguage":"de"},{"@type":"Organization","@id":"https:\/\/easyliferobo.com\/de\/#organization","name":"EasyLifeBro","url":"https:\/\/easyliferobo.com\/de\/","logo":{"@type":"ImageObject","inLanguage":"de","@id":"https:\/\/easyliferobo.com\/de\/#\/schema\/logo\/image\/","url":"https:\/\/easyliferobo.com\/de\/wp-content\/uploads\/2026\/02\/Screenshot-2026-02-22-at-2.25.03-PM.png","contentUrl":"https:\/\/easyliferobo.com\/de\/wp-content\/uploads\/2026\/02\/Screenshot-2026-02-22-at-2.25.03-PM.png","width":1858,"height":430,"caption":"EasyLifeBro"},"image":{"@id":"https:\/\/easyliferobo.com\/de\/#\/schema\/logo\/image\/"}}]}},"_links":{"self":[{"href":"https:\/\/easyliferobo.com\/de\/wp-json\/wp\/v2\/product\/4954","targetHints":{"allow":["GET"]}}],"collection":[{"href":"https:\/\/easyliferobo.com\/de\/wp-json\/wp\/v2\/product"}],"about":[{"href":"https:\/\/easyliferobo.com\/de\/wp-json\/wp\/v2\/types\/product"}],"replies":[{"embeddable":true,"href":"https:\/\/easyliferobo.com\/de\/wp-json\/wp\/v2\/comments?post=4954"}],"wp:featuredmedia":[{"embeddable":true,"href":"https:\/\/easyliferobo.com\/de\/wp-json\/wp\/v2\/media\/4955"}],"wp:attachment":[{"href":"https:\/\/easyliferobo.com\/de\/wp-json\/wp\/v2\/media?parent=4954"}],"wp:term":[{"taxonomy":"store","embeddable":true,"href":"https:\/\/easyliferobo.com\/de\/wp-json\/wp\/v2\/store?post=4954"},{"taxonomy":"product_brand","embeddable":true,"href":"https:\/\/easyliferobo.com\/de\/wp-json\/wp\/v2\/product_brand?post=4954"},{"taxonomy":"product_cat","embeddable":true,"href":"https:\/\/easyliferobo.com\/de\/wp-json\/wp\/v2\/product_cat?post=4954"},{"taxonomy":"product_tag","embeddable":true,"href":"https:\/\/easyliferobo.com\/de\/wp-json\/wp\/v2\/product_tag?post=4954"}],"curies":[{"name":"wp","href":"https:\/\/api.w.org\/{rel}","templated":true}]}}