
{"id":495,"date":"2026-02-22T09:45:09","date_gmt":"2026-02-22T09:45:09","guid":{"rendered":"https:\/\/easyliferobo.com\/de\/product\/reolink-16mp-uhd-dual-lens-poe-outdoor-ueberwachungskamera-mit-180-panoramablick-bewegungsverfolgung-farbnachtsicht-personen-fahrzeug-tiererkennung-2-wege-audio-24-7-aufnahme-duo-3-poe\/"},"modified":"2026-02-22T09:45:26","modified_gmt":"2026-02-22T09:45:26","slug":"reolink-16mp-uhd-dual-lens-poe-outdoor-ueberwachungskamera-mit-180-panoramablick-bewegungsverfolgung-farbnachtsicht-personen-fahrzeug-tiererkennung-2-wege-audio-24-7-aufnahme-duo-3-poe","status":"publish","type":"product","link":"https:\/\/easyliferobo.com\/de\/product\/reolink-16mp-uhd-dual-lens-poe-outdoor-ueberwachungskamera-mit-180-panoramablick-bewegungsverfolgung-farbnachtsicht-personen-fahrzeug-tiererkennung-2-wege-audio-24-7-aufnahme-duo-3-poe\/","title":{"rendered":"Reolink 16MP UHD Dual Lens PoE Outd..."},"content":{"rendered":"<p>\n                                             Von der Marke   <\/p>\n<p>                                              <img decoding=\"async\" alt=\"Aplus-Inhaltsbild\" src=\"https:\/\/images-na.ssl-images-amazon.com\/images\/G\/01\/x-locale\/common\/grey-pixel.gif\" class=\"a-lazy-loaded\" data-src=\"https:\/\/m.media-amazon.com\/images\/S\/aplus-media-library-service-media\/88e4050f-69a1-4aed-bffa-97b1e93d659e.__CR0,0,1464,625_PT0_SX1464_V1___.jpg\"><img decoding=\"async\" alt=\"Aplus-Inhaltsbild\" src=\"https:\/\/m.media-amazon.com\/images\/S\/aplus-media-library-service-media\/88e4050f-69a1-4aed-bffa-97b1e93d659e.__CR0,0,1464,625_PT0_SX1464_V1___.jpg\">  <\/p>\n<h3>  Reolink PoE IP-Kameras <\/h3>\n<p class=\"apm-brand-story-stores-link\">\n<h3>  Reolink PTZ PoE IP-Kamera <\/h3>\n<p class=\"apm-brand-story-stores-link\">\n<h3>  Reolink-Kameras mit zwei Objektiven <\/h3>\n<p class=\"apm-brand-story-stores-link\">\n<h3>  Reolink PoE-Systeme <\/h3>\n<p class=\"apm-brand-story-stores-link\">\n<h3>  Reolink WLAN-Kamera <\/h3>\n<p class=\"apm-brand-story-stores-link\">\n<h3>  Reolink Akku-WLAN-Kameras <\/h3>\n<p class=\"apm-brand-story-stores-link\">\n<p>                                              <img decoding=\"async\" alt=\"Aplus-Inhaltsbild\" src=\"https:\/\/images-na.ssl-images-amazon.com\/images\/G\/01\/x-locale\/common\/grey-pixel.gif\" class=\"a-lazy-loaded\" data-src=\"https:\/\/m.media-amazon.com\/images\/S\/aplus-media-library-service-media\/4454fde1-4e32-45ad-8e53-daf66e7fb08a.__CR0,0,362,453_PT0_SX362_V1___.jpg\"><img decoding=\"async\" alt=\"Aplus-Inhaltsbild\" src=\"https:\/\/m.media-amazon.com\/images\/S\/aplus-media-library-service-media\/4454fde1-4e32-45ad-8e53-daf66e7fb08a.__CR0,0,362,453_PT0_SX362_V1___.jpg\">  <\/p>\n<p>                                              <img decoding=\"async\" alt=\"Reolink-Unternehmensank\u00fcndigungstext auf Deutsch mit blauem Logo, in dem die Markenaktualisierung und die Positionierungserkl\u00e4rung besprochen werden.\" src=\"https:\/\/images-na.ssl-images-amazon.com\/images\/G\/01\/x-locale\/common\/grey-pixel.gif\" class=\"a-lazy-loaded\" data-src=\"https:\/\/m.media-amazon.com\/images\/S\/aplus-media-library-service-media\/2a7a72c2-f77e-4a90-80cc-b2344681803b.__CR0,0,362,453_PT0_SX362_V1___.jpg\"><img decoding=\"async\" alt=\"Reolink-Unternehmensank\u00fcndigungstext auf Deutsch mit blauem Logo, in dem die Markenaktualisierung und die Positionierungserkl\u00e4rung besprochen werden.\" src=\"https:\/\/m.media-amazon.com\/images\/S\/aplus-media-library-service-media\/2a7a72c2-f77e-4a90-80cc-b2344681803b.__CR0,0,362,453_PT0_SX362_V1___.jpg\">  <\/p>\n<p>16 MP UHD &#038; FARB-NACHTSICHT: Diese Kamera mit zwei Objektiven verf\u00fcgt \u00fcber zwei 4K-Bildsensoren, um alle Details zu erfassen. Die F1,6-Superblende und der 1\/2,7-Zoll-CMOS-Sensor erm\u00f6glichen eine bessere Lichtabsorption, w\u00e4hrend 6 Infrarot-LED-Leuchten die ganze Nacht \u00fcber Details bis zu 100 Fu\u00df sichtbar machen.<br \/>180\u00b0-PANORAMA &#038; BEWEGUNGSVERFOLGUNG: Duale Bild-Stitching-Algorithmen und ein 4-Core-SoC erm\u00f6glichen 180\u00b0-Panoramaansichten mit weniger Verzerrungen und toten Winkeln. Dank der Motion-Track-Funktion k\u00f6nnen Sie die gesamte Bewegung des Ziels in einem Bild sehen, Zeit sparen und verd\u00e4chtige Momente leicht finden.<br \/>INTELLIGENTE ERKENNUNG UND ZWEI-WEGE-AUDIO: Intelligente Erkennung von Personen-, Fahrzeug- und Tierbewegungen von anderen Objekten zur Reduzierung von Fehlalarmen. Wenn eine Bewegung erkannt wird, erhalten Sie sofortige Push-\/E-Mail-Benachrichtigungen und k\u00f6nnen \u00fcber die Reolink-App\/den Reolink-Client direkt mit Personen auf der Kameraseite sprechen. Home Assistant wird unterst\u00fctzt.<br \/>PoE TECH &#038; IP67 WASSERDICHT: Ein einziges Kabel \u00fcbernimmt sowohl die Daten\u00fcbertragung als auch die stabile Stromversorgung. (Hinweis: Der Gleichstromadapter ist nicht im Lieferumfang enthalten.) Reolink Duo 3 PoE trotzt allen Wetterbedingungen und erm\u00f6glicht die Montage an der Decke oder Wand. Ideal f\u00fcr vielseitige Umgebungen.<br \/>Intelligentes Benutzererlebnis und Zeitraffer: Verbessern Sie Ihre \u00dcberwachungseffizienz mit mehreren Funktionen: Live-Fern\u00fcberwachung, benutzerdefinierte Bewegungszonen und intelligente Wiedergabe. Zeitraffer komprimiert Langzeitereignisse in Minuten und erleichtert die Beobachtung von Ver\u00e4nderungen.<\/p>\n<p>[ad_2]<\/p>\n","protected":false},"excerpt":{"rendered":"<p>Von der Marke Reolink PoE IP-Kameras Reolink PTZ PoE IP-Kamera Reolink-Kameras mit zwei Objektiven Reolink PoE-Systeme Reolink WLAN-Kamera Reolink Akku-WLAN-Kameras 16 MP UHD &#038; FARB-NACHTSICHT: Diese Kamera mit zwei Objektiven verf\u00fcgt \u00fcber zwei 4K-Bildsensoren, um alle Details zu erfassen. Die F1,6-Superblende und der 1\/2,7-Zoll-CMOS-Sensor erm\u00f6glichen eine bessere Lichtabsorption, w\u00e4hrend 6 Infrarot-LED-Leuchten die ganze Nacht \u00fcber [&hellip;]<\/p>\n","protected":false},"featured_media":496,"comment_status":"open","ping_status":"closed","template":"","meta":{"_aipt_faq_data":""},"store":[],"product_brand":[156],"product_cat":[113],"product_tag":[155],"class_list":{"0":"post-495","1":"product","2":"type-product","3":"status-publish","4":"has-post-thumbnail","6":"product_brand-reolink","7":"product_cat-ueberwachungsroboter","8":"product_tag-ueberwachungsroboter-mit-nachtsicht","10":"first","11":"instock","12":"sale","13":"shipping-taxable","14":"product-type-external"},"yoast_head":"<!-- This site is optimized with the Yoast SEO plugin v27.0 - https:\/\/yoast.com\/product\/yoast-seo-wordpress\/ -->\n<title>Reolink 16MP UHD Dual Lens PoE Outdoor-\u00dcberwachungskamera mit 180\u00b0-Panoramablick, Bewegungsverfolgung, Farbnachtsicht, Personen-\/Fahrzeug-\/Tiererkennung, 2-Wege-Audio, 24\/7-Aufnahme, Duo 3 PoE - EasyLifeBro<\/title>\n<meta name=\"description\" content=\"Entdecken Sie smarte Roboter f\u00fcr Zuhause, Garten, Bildung und Sicherheit. Vergleichen Sie Saugroboter, Rasenm\u00e4hroboter, KI-Begleitroboter und mehr bei EasyLifeRobo.\" \/>\n<meta name=\"robots\" content=\"index, follow, max-snippet:-1, max-image-preview:large, max-video-preview:-1\" \/>\n<link rel=\"canonical\" href=\"https:\/\/easyliferobo.com\/de\/product\/reolink-16mp-uhd-dual-lens-poe-outdoor-ueberwachungskamera-mit-180-panoramablick-bewegungsverfolgung-farbnachtsicht-personen-fahrzeug-tiererkennung-2-wege-audio-24-7-aufnahme-duo-3-poe\/\" \/>\n<meta property=\"og:locale\" content=\"de_DE\" \/>\n<meta property=\"og:type\" content=\"article\" \/>\n<meta property=\"og:title\" content=\"Reolink 16MP UHD Dual Lens PoE Outdoor-\u00dcberwachungskamera mit 180\u00b0-Panoramablick, Bewegungsverfolgung, Farbnachtsicht, Personen-\/Fahrzeug-\/Tiererkennung, 2-Wege-Audio, 24\/7-Aufnahme, Duo 3 PoE - EasyLifeBro\" \/>\n<meta property=\"og:description\" content=\"Entdecken Sie smarte Roboter f\u00fcr Zuhause, Garten, Bildung und Sicherheit. Vergleichen Sie Saugroboter, Rasenm\u00e4hroboter, KI-Begleitroboter und mehr bei EasyLifeRobo.\" \/>\n<meta property=\"og:url\" content=\"https:\/\/easyliferobo.com\/de\/product\/reolink-16mp-uhd-dual-lens-poe-outdoor-ueberwachungskamera-mit-180-panoramablick-bewegungsverfolgung-farbnachtsicht-personen-fahrzeug-tiererkennung-2-wege-audio-24-7-aufnahme-duo-3-poe\/\" \/>\n<meta property=\"og:site_name\" content=\"EasyLifeBro\" \/>\n<meta property=\"article:modified_time\" content=\"2026-02-22T09:45:26+00:00\" \/>\n<meta property=\"og:image\" content=\"https:\/\/easyliferobo.com\/de\/wp-content\/uploads\/2026\/02\/61xO6Fcx0ZL._AC_SL1500_.jpg\" \/>\n\t<meta property=\"og:image:width\" content=\"1500\" \/>\n\t<meta property=\"og:image:height\" content=\"1291\" \/>\n\t<meta property=\"og:image:type\" content=\"image\/jpeg\" \/>\n<meta name=\"twitter:card\" content=\"summary_large_image\" \/>\n<meta name=\"twitter:label1\" content=\"Gesch\u00e4tzte Lesezeit\" \/>\n\t<meta name=\"twitter:data1\" content=\"1\u00a0Minute\" \/>\n<script type=\"application\/ld+json\" class=\"yoast-schema-graph\">{\"@context\":\"https:\/\/schema.org\",\"@graph\":[{\"@type\":\"WebPage\",\"@id\":\"https:\/\/easyliferobo.com\/de\/product\/reolink-16mp-uhd-dual-lens-poe-outdoor-ueberwachungskamera-mit-180-panoramablick-bewegungsverfolgung-farbnachtsicht-personen-fahrzeug-tiererkennung-2-wege-audio-24-7-aufnahme-duo-3-poe\/\",\"url\":\"https:\/\/easyliferobo.com\/de\/product\/reolink-16mp-uhd-dual-lens-poe-outdoor-ueberwachungskamera-mit-180-panoramablick-bewegungsverfolgung-farbnachtsicht-personen-fahrzeug-tiererkennung-2-wege-audio-24-7-aufnahme-duo-3-poe\/\",\"name\":\"Reolink 16MP UHD Dual Lens PoE Outdoor-\u00dcberwachungskamera mit 180\u00b0-Panoramablick, Bewegungsverfolgung, Farbnachtsicht, Personen-\/Fahrzeug-\/Tiererkennung, 2-Wege-Audio, 24\/7-Aufnahme, Duo 3 PoE - EasyLifeBro\",\"isPartOf\":{\"@id\":\"https:\/\/easyliferobo.com\/de\/#website\"},\"primaryImageOfPage\":{\"@id\":\"https:\/\/easyliferobo.com\/de\/product\/reolink-16mp-uhd-dual-lens-poe-outdoor-ueberwachungskamera-mit-180-panoramablick-bewegungsverfolgung-farbnachtsicht-personen-fahrzeug-tiererkennung-2-wege-audio-24-7-aufnahme-duo-3-poe\/#primaryimage\"},\"image\":{\"@id\":\"https:\/\/easyliferobo.com\/de\/product\/reolink-16mp-uhd-dual-lens-poe-outdoor-ueberwachungskamera-mit-180-panoramablick-bewegungsverfolgung-farbnachtsicht-personen-fahrzeug-tiererkennung-2-wege-audio-24-7-aufnahme-duo-3-poe\/#primaryimage\"},\"thumbnailUrl\":\"https:\/\/easyliferobo.com\/de\/wp-content\/uploads\/2026\/02\/61xO6Fcx0ZL._AC_SL1500_.jpg\",\"datePublished\":\"2026-02-22T09:45:09+00:00\",\"dateModified\":\"2026-02-22T09:45:26+00:00\",\"description\":\"Entdecken Sie smarte Roboter f\u00fcr Zuhause, Garten, Bildung und Sicherheit. Vergleichen Sie Saugroboter, Rasenm\u00e4hroboter, KI-Begleitroboter und mehr bei EasyLifeRobo.\",\"breadcrumb\":{\"@id\":\"https:\/\/easyliferobo.com\/de\/product\/reolink-16mp-uhd-dual-lens-poe-outdoor-ueberwachungskamera-mit-180-panoramablick-bewegungsverfolgung-farbnachtsicht-personen-fahrzeug-tiererkennung-2-wege-audio-24-7-aufnahme-duo-3-poe\/#breadcrumb\"},\"inLanguage\":\"de\",\"potentialAction\":[{\"@type\":\"ReadAction\",\"target\":[\"https:\/\/easyliferobo.com\/de\/product\/reolink-16mp-uhd-dual-lens-poe-outdoor-ueberwachungskamera-mit-180-panoramablick-bewegungsverfolgung-farbnachtsicht-personen-fahrzeug-tiererkennung-2-wege-audio-24-7-aufnahme-duo-3-poe\/\"]}]},{\"@type\":\"ImageObject\",\"inLanguage\":\"de\",\"@id\":\"https:\/\/easyliferobo.com\/de\/product\/reolink-16mp-uhd-dual-lens-poe-outdoor-ueberwachungskamera-mit-180-panoramablick-bewegungsverfolgung-farbnachtsicht-personen-fahrzeug-tiererkennung-2-wege-audio-24-7-aufnahme-duo-3-poe\/#primaryimage\",\"url\":\"https:\/\/easyliferobo.com\/de\/wp-content\/uploads\/2026\/02\/61xO6Fcx0ZL._AC_SL1500_.jpg\",\"contentUrl\":\"https:\/\/easyliferobo.com\/de\/wp-content\/uploads\/2026\/02\/61xO6Fcx0ZL._AC_SL1500_.jpg\",\"width\":1500,\"height\":1291},{\"@type\":\"BreadcrumbList\",\"@id\":\"https:\/\/easyliferobo.com\/de\/product\/reolink-16mp-uhd-dual-lens-poe-outdoor-ueberwachungskamera-mit-180-panoramablick-bewegungsverfolgung-farbnachtsicht-personen-fahrzeug-tiererkennung-2-wege-audio-24-7-aufnahme-duo-3-poe\/#breadcrumb\",\"itemListElement\":[{\"@type\":\"ListItem\",\"position\":1,\"name\":\"Home\",\"item\":\"https:\/\/easyliferobo.com\/de\/\"},{\"@type\":\"ListItem\",\"position\":2,\"name\":\"Shop\",\"item\":\"https:\/\/easyliferobo.com\/de\/shop\/\"},{\"@type\":\"ListItem\",\"position\":3,\"name\":\"Reolink 16MP UHD Dual Lens PoE Outd...\"}]},{\"@type\":\"WebSite\",\"@id\":\"https:\/\/easyliferobo.com\/de\/#website\",\"url\":\"https:\/\/easyliferobo.com\/de\/\",\"name\":\"EasyLifeBro\",\"description\":\"Smarte Roboter f\u00fcr Zuhause, Garten &amp; Bildung\",\"publisher\":{\"@id\":\"https:\/\/easyliferobo.com\/de\/#organization\"},\"potentialAction\":[{\"@type\":\"SearchAction\",\"target\":{\"@type\":\"EntryPoint\",\"urlTemplate\":\"https:\/\/easyliferobo.com\/de\/?s={search_term_string}\"},\"query-input\":{\"@type\":\"PropertyValueSpecification\",\"valueRequired\":true,\"valueName\":\"search_term_string\"}}],\"inLanguage\":\"de\"},{\"@type\":\"Organization\",\"@id\":\"https:\/\/easyliferobo.com\/de\/#organization\",\"name\":\"EasyLifeBro\",\"url\":\"https:\/\/easyliferobo.com\/de\/\",\"logo\":{\"@type\":\"ImageObject\",\"inLanguage\":\"de\",\"@id\":\"https:\/\/easyliferobo.com\/de\/#\/schema\/logo\/image\/\",\"url\":\"https:\/\/easyliferobo.com\/de\/wp-content\/uploads\/2026\/02\/Screenshot-2026-02-22-at-2.25.03-PM.png\",\"contentUrl\":\"https:\/\/easyliferobo.com\/de\/wp-content\/uploads\/2026\/02\/Screenshot-2026-02-22-at-2.25.03-PM.png\",\"width\":1858,\"height\":430,\"caption\":\"EasyLifeBro\"},\"image\":{\"@id\":\"https:\/\/easyliferobo.com\/de\/#\/schema\/logo\/image\/\"}}]}<\/script>\n<!-- \/ Yoast SEO plugin. -->","yoast_head_json":{"title":"Reolink 16MP UHD Dual Lens PoE Outdoor-\u00dcberwachungskamera mit 180\u00b0-Panoramablick, Bewegungsverfolgung, Farbnachtsicht, Personen-\/Fahrzeug-\/Tiererkennung, 2-Wege-Audio, 24\/7-Aufnahme, Duo 3 PoE - EasyLifeBro","description":"Entdecken Sie smarte Roboter f\u00fcr Zuhause, Garten, Bildung und Sicherheit. Vergleichen Sie Saugroboter, Rasenm\u00e4hroboter, KI-Begleitroboter und mehr bei EasyLifeRobo.","robots":{"index":"index","follow":"follow","max-snippet":"max-snippet:-1","max-image-preview":"max-image-preview:large","max-video-preview":"max-video-preview:-1"},"canonical":"https:\/\/easyliferobo.com\/de\/product\/reolink-16mp-uhd-dual-lens-poe-outdoor-ueberwachungskamera-mit-180-panoramablick-bewegungsverfolgung-farbnachtsicht-personen-fahrzeug-tiererkennung-2-wege-audio-24-7-aufnahme-duo-3-poe\/","og_locale":"de_DE","og_type":"article","og_title":"Reolink 16MP UHD Dual Lens PoE Outdoor-\u00dcberwachungskamera mit 180\u00b0-Panoramablick, Bewegungsverfolgung, Farbnachtsicht, Personen-\/Fahrzeug-\/Tiererkennung, 2-Wege-Audio, 24\/7-Aufnahme, Duo 3 PoE - EasyLifeBro","og_description":"Entdecken Sie smarte Roboter f\u00fcr Zuhause, Garten, Bildung und Sicherheit. Vergleichen Sie Saugroboter, Rasenm\u00e4hroboter, KI-Begleitroboter und mehr bei EasyLifeRobo.","og_url":"https:\/\/easyliferobo.com\/de\/product\/reolink-16mp-uhd-dual-lens-poe-outdoor-ueberwachungskamera-mit-180-panoramablick-bewegungsverfolgung-farbnachtsicht-personen-fahrzeug-tiererkennung-2-wege-audio-24-7-aufnahme-duo-3-poe\/","og_site_name":"EasyLifeBro","article_modified_time":"2026-02-22T09:45:26+00:00","og_image":[{"width":1500,"height":1291,"url":"https:\/\/easyliferobo.com\/de\/wp-content\/uploads\/2026\/02\/61xO6Fcx0ZL._AC_SL1500_.jpg","type":"image\/jpeg"}],"twitter_card":"summary_large_image","twitter_misc":{"Gesch\u00e4tzte Lesezeit":"1\u00a0Minute"},"schema":{"@context":"https:\/\/schema.org","@graph":[{"@type":"WebPage","@id":"https:\/\/easyliferobo.com\/de\/product\/reolink-16mp-uhd-dual-lens-poe-outdoor-ueberwachungskamera-mit-180-panoramablick-bewegungsverfolgung-farbnachtsicht-personen-fahrzeug-tiererkennung-2-wege-audio-24-7-aufnahme-duo-3-poe\/","url":"https:\/\/easyliferobo.com\/de\/product\/reolink-16mp-uhd-dual-lens-poe-outdoor-ueberwachungskamera-mit-180-panoramablick-bewegungsverfolgung-farbnachtsicht-personen-fahrzeug-tiererkennung-2-wege-audio-24-7-aufnahme-duo-3-poe\/","name":"Reolink 16MP UHD Dual Lens PoE Outdoor-\u00dcberwachungskamera mit 180\u00b0-Panoramablick, Bewegungsverfolgung, Farbnachtsicht, Personen-\/Fahrzeug-\/Tiererkennung, 2-Wege-Audio, 24\/7-Aufnahme, Duo 3 PoE - EasyLifeBro","isPartOf":{"@id":"https:\/\/easyliferobo.com\/de\/#website"},"primaryImageOfPage":{"@id":"https:\/\/easyliferobo.com\/de\/product\/reolink-16mp-uhd-dual-lens-poe-outdoor-ueberwachungskamera-mit-180-panoramablick-bewegungsverfolgung-farbnachtsicht-personen-fahrzeug-tiererkennung-2-wege-audio-24-7-aufnahme-duo-3-poe\/#primaryimage"},"image":{"@id":"https:\/\/easyliferobo.com\/de\/product\/reolink-16mp-uhd-dual-lens-poe-outdoor-ueberwachungskamera-mit-180-panoramablick-bewegungsverfolgung-farbnachtsicht-personen-fahrzeug-tiererkennung-2-wege-audio-24-7-aufnahme-duo-3-poe\/#primaryimage"},"thumbnailUrl":"https:\/\/easyliferobo.com\/de\/wp-content\/uploads\/2026\/02\/61xO6Fcx0ZL._AC_SL1500_.jpg","datePublished":"2026-02-22T09:45:09+00:00","dateModified":"2026-02-22T09:45:26+00:00","description":"Entdecken Sie smarte Roboter f\u00fcr Zuhause, Garten, Bildung und Sicherheit. Vergleichen Sie Saugroboter, Rasenm\u00e4hroboter, KI-Begleitroboter und mehr bei EasyLifeRobo.","breadcrumb":{"@id":"https:\/\/easyliferobo.com\/de\/product\/reolink-16mp-uhd-dual-lens-poe-outdoor-ueberwachungskamera-mit-180-panoramablick-bewegungsverfolgung-farbnachtsicht-personen-fahrzeug-tiererkennung-2-wege-audio-24-7-aufnahme-duo-3-poe\/#breadcrumb"},"inLanguage":"de","potentialAction":[{"@type":"ReadAction","target":["https:\/\/easyliferobo.com\/de\/product\/reolink-16mp-uhd-dual-lens-poe-outdoor-ueberwachungskamera-mit-180-panoramablick-bewegungsverfolgung-farbnachtsicht-personen-fahrzeug-tiererkennung-2-wege-audio-24-7-aufnahme-duo-3-poe\/"]}]},{"@type":"ImageObject","inLanguage":"de","@id":"https:\/\/easyliferobo.com\/de\/product\/reolink-16mp-uhd-dual-lens-poe-outdoor-ueberwachungskamera-mit-180-panoramablick-bewegungsverfolgung-farbnachtsicht-personen-fahrzeug-tiererkennung-2-wege-audio-24-7-aufnahme-duo-3-poe\/#primaryimage","url":"https:\/\/easyliferobo.com\/de\/wp-content\/uploads\/2026\/02\/61xO6Fcx0ZL._AC_SL1500_.jpg","contentUrl":"https:\/\/easyliferobo.com\/de\/wp-content\/uploads\/2026\/02\/61xO6Fcx0ZL._AC_SL1500_.jpg","width":1500,"height":1291},{"@type":"BreadcrumbList","@id":"https:\/\/easyliferobo.com\/de\/product\/reolink-16mp-uhd-dual-lens-poe-outdoor-ueberwachungskamera-mit-180-panoramablick-bewegungsverfolgung-farbnachtsicht-personen-fahrzeug-tiererkennung-2-wege-audio-24-7-aufnahme-duo-3-poe\/#breadcrumb","itemListElement":[{"@type":"ListItem","position":1,"name":"Home","item":"https:\/\/easyliferobo.com\/de\/"},{"@type":"ListItem","position":2,"name":"Shop","item":"https:\/\/easyliferobo.com\/de\/shop\/"},{"@type":"ListItem","position":3,"name":"Reolink 16MP UHD Dual Lens PoE Outd..."}]},{"@type":"WebSite","@id":"https:\/\/easyliferobo.com\/de\/#website","url":"https:\/\/easyliferobo.com\/de\/","name":"EasyLifeBro","description":"Smarte Roboter f\u00fcr Zuhause, Garten &amp; Bildung","publisher":{"@id":"https:\/\/easyliferobo.com\/de\/#organization"},"potentialAction":[{"@type":"SearchAction","target":{"@type":"EntryPoint","urlTemplate":"https:\/\/easyliferobo.com\/de\/?s={search_term_string}"},"query-input":{"@type":"PropertyValueSpecification","valueRequired":true,"valueName":"search_term_string"}}],"inLanguage":"de"},{"@type":"Organization","@id":"https:\/\/easyliferobo.com\/de\/#organization","name":"EasyLifeBro","url":"https:\/\/easyliferobo.com\/de\/","logo":{"@type":"ImageObject","inLanguage":"de","@id":"https:\/\/easyliferobo.com\/de\/#\/schema\/logo\/image\/","url":"https:\/\/easyliferobo.com\/de\/wp-content\/uploads\/2026\/02\/Screenshot-2026-02-22-at-2.25.03-PM.png","contentUrl":"https:\/\/easyliferobo.com\/de\/wp-content\/uploads\/2026\/02\/Screenshot-2026-02-22-at-2.25.03-PM.png","width":1858,"height":430,"caption":"EasyLifeBro"},"image":{"@id":"https:\/\/easyliferobo.com\/de\/#\/schema\/logo\/image\/"}}]}},"_links":{"self":[{"href":"https:\/\/easyliferobo.com\/de\/wp-json\/wp\/v2\/product\/495","targetHints":{"allow":["GET"]}}],"collection":[{"href":"https:\/\/easyliferobo.com\/de\/wp-json\/wp\/v2\/product"}],"about":[{"href":"https:\/\/easyliferobo.com\/de\/wp-json\/wp\/v2\/types\/product"}],"replies":[{"embeddable":true,"href":"https:\/\/easyliferobo.com\/de\/wp-json\/wp\/v2\/comments?post=495"}],"wp:featuredmedia":[{"embeddable":true,"href":"https:\/\/easyliferobo.com\/de\/wp-json\/wp\/v2\/media\/496"}],"wp:attachment":[{"href":"https:\/\/easyliferobo.com\/de\/wp-json\/wp\/v2\/media?parent=495"}],"wp:term":[{"taxonomy":"store","embeddable":true,"href":"https:\/\/easyliferobo.com\/de\/wp-json\/wp\/v2\/store?post=495"},{"taxonomy":"product_brand","embeddable":true,"href":"https:\/\/easyliferobo.com\/de\/wp-json\/wp\/v2\/product_brand?post=495"},{"taxonomy":"product_cat","embeddable":true,"href":"https:\/\/easyliferobo.com\/de\/wp-json\/wp\/v2\/product_cat?post=495"},{"taxonomy":"product_tag","embeddable":true,"href":"https:\/\/easyliferobo.com\/de\/wp-json\/wp\/v2\/product_tag?post=495"}],"curies":[{"name":"wp","href":"https:\/\/api.w.org\/{rel}","templated":true}]}}