
{"id":4945,"date":"2026-02-27T14:51:23","date_gmt":"2026-02-27T14:51:23","guid":{"rendered":"https:\/\/easyliferobo.com\/de\/product\/mammotion-luba-mini-awd-1500-roboter-rasenmaeher-ohne-begrenzungskabel-netrtkvision-rtk-antenne-nicht-erforderlich-automatische-kartierung-empfohlene-1500-m%c2%b2-max-1800-m%c2%b2-mit-4g-modul\/"},"modified":"2026-02-27T14:51:37","modified_gmt":"2026-02-27T14:51:37","slug":"mammotion-luba-mini-awd-1500-roboter-rasenmaeher-ohne-begrenzungskabel-netrtkvision-rtk-antenne-nicht-erforderlich-automatische-kartierung-empfohlene-1500-m%c2%b2-max-1800-m%c2%b2-mit-4g-modul","status":"publish","type":"product","link":"https:\/\/easyliferobo.com\/de\/product\/mammotion-luba-mini-awd-1500-roboter-rasenmaeher-ohne-begrenzungskabel-netrtkvision-rtk-antenne-nicht-erforderlich-automatische-kartierung-empfohlene-1500-m%c2%b2-max-1800-m%c2%b2-mit-4g-modul\/","title":{"rendered":"Mammotion LUBA Mini AWD 1500 Robote..."},"content":{"rendered":"<p>\n                                             Von der Marke   <\/p>\n<p>                                              <img decoding=\"async\" alt=\"\" src=\"https:\/\/images-na.ssl-images-amazon.com\/images\/G\/01\/x-locale\/common\/grey-pixel.gif\" class=\"a-lazy-loaded\" data-src=\"https:\/\/m.media-amazon.com\/images\/S\/aplus-media-library-service-media\/642ed316-f3a6-49be-afc5-96417cb43edd.__CR0,0,2928,1250_PT0_SX1464_V1___.jpg\"><img decoding=\"async\" alt=\"\" src=\"https:\/\/m.media-amazon.com\/images\/S\/aplus-media-library-service-media\/642ed316-f3a6-49be-afc5-96417cb43edd.__CR0,0,2928,1250_PT0_SX1464_V1___.jpg\">  <\/p>\n<h3>  MAMMOTION Roboter-Rasenm\u00e4her <\/h3>\n<p>                                              <img decoding=\"async\" alt=\"\" src=\"https:\/\/images-na.ssl-images-amazon.com\/images\/G\/01\/x-locale\/common\/grey-pixel.gif\" class=\"a-lazy-loaded\" data-src=\"https:\/\/m.media-amazon.com\/images\/S\/aplus-media-library-service-media\/efc6ada6-3a50-4d03-a44c-7d580f0e9a7b.__CR0,692,2563,1180_PT0_SX315_V1___.png\"><img decoding=\"async\" alt=\"\" src=\"https:\/\/m.media-amazon.com\/images\/S\/aplus-media-library-service-media\/efc6ada6-3a50-4d03-a44c-7d580f0e9a7b.__CR0,692,2563,1180_PT0_SX315_V1___.png\">  <\/p>\n<p>  \u00dcber Mammotion <\/p>\n<p>  Mammotion ist f\u00fchrend bei innovativen Outdoor-Roboterl\u00f6sungen und engagiert sich f\u00fcr die Gestaltung eines intelligenteren und qualitativ hochwertigen Outdoor-Lebensstils. <\/p>\n<p>  Entwickelt und bietet intelligente Rasenm\u00e4herroboter an. 9+ Jahre Robotererfahrung. \u00dcber 1.000 Roboterpatente <\/p>\n<p>                                              <img decoding=\"async\" alt=\"Aplus-Inhaltsbild\" src=\"https:\/\/images-na.ssl-images-amazon.com\/images\/G\/01\/x-locale\/common\/grey-pixel.gif\" class=\"a-lazy-loaded\" data-src=\"https:\/\/m.media-amazon.com\/images\/S\/aplus-media-library-service-media\/38676b92-aea3-4295-8d8b-675dfb46eddb.__CR0,0,362,453_PT0_SX362_V1___.jpg\"><img decoding=\"async\" alt=\"Aplus-Inhaltsbild\" src=\"https:\/\/m.media-amazon.com\/images\/S\/aplus-media-library-service-media\/38676b92-aea3-4295-8d8b-675dfb46eddb.__CR0,0,362,453_PT0_SX362_V1___.jpg\">  <\/p>\n<p>                                              <img decoding=\"async\" alt=\"Weltkarte mit Standortmarkierungen, die mehr als 30 L\u00e4nder zeigen, begleitet von Flaggensymbolen verschiedener Nationen, darunter europ\u00e4ische, nordamerikanische und andere internationale Flaggen.\" src=\"https:\/\/images-na.ssl-images-amazon.com\/images\/G\/01\/x-locale\/common\/grey-pixel.gif\" class=\"a-lazy-loaded\" data-src=\"https:\/\/m.media-amazon.com\/images\/S\/aplus-media-library-service-media\/6acdfa57-6cb9-454c-ba14-04a4fd9c2148.__CR0,0,1810,2265_PT0_SX362_V1___.jpg\"><img decoding=\"async\" alt=\"Weltkarte mit Standortmarkierungen, die mehr als 30 L\u00e4nder zeigen, begleitet von Flaggensymbolen verschiedener Nationen, darunter europ\u00e4ische, nordamerikanische und andere internationale Flaggen.\" src=\"https:\/\/m.media-amazon.com\/images\/S\/aplus-media-library-service-media\/6acdfa57-6cb9-454c-ba14-04a4fd9c2148.__CR0,0,1810,2265_PT0_SX362_V1___.jpg\">  <\/p>\n<p>                                              <img decoding=\"async\" alt=\"Forschung\" src=\"https:\/\/images-na.ssl-images-amazon.com\/images\/G\/01\/x-locale\/common\/grey-pixel.gif\" class=\"a-lazy-loaded\" data-src=\"https:\/\/m.media-amazon.com\/images\/S\/aplus-media-library-service-media\/605335d1-8264-4ee9-9821-22f8645304dd.__CR0,0,1810,2265_PT0_SX362_V1___.jpg\"><img decoding=\"async\" alt=\"Forschung\" src=\"https:\/\/m.media-amazon.com\/images\/S\/aplus-media-library-service-media\/605335d1-8264-4ee9-9821-22f8645304dd.__CR0,0,1810,2265_PT0_SX362_V1___.jpg\">  <\/p>\n<p>                                              <img decoding=\"async\" alt=\"Sammlung von Auszeichnungen und Medienlogos, darunter Red Dot Award, iF Design Award und verschiedene Logos von Nachrichtenagenturen wie CBS News, Huffpost und The Verge, angeordnet in zwei Abschnitten.\" src=\"https:\/\/images-na.ssl-images-amazon.com\/images\/G\/01\/x-locale\/common\/grey-pixel.gif\" class=\"a-lazy-loaded\" data-src=\"https:\/\/m.media-amazon.com\/images\/S\/aplus-media-library-service-media\/75240132-dc63-40fa-99ba-387bb40fbe86.__CR0,0,1810,2265_PT0_SX362_V1___.jpg\"><img decoding=\"async\" alt=\"Sammlung von Auszeichnungen und Medienlogos, darunter Red Dot Award, iF Design Award und verschiedene Logos von Nachrichtenagenturen wie CBS News, Huffpost und The Verge, angeordnet in zwei Abschnitten.\" src=\"https:\/\/m.media-amazon.com\/images\/S\/aplus-media-library-service-media\/75240132-dc63-40fa-99ba-387bb40fbe86.__CR0,0,1810,2265_PT0_SX362_V1___.jpg\">  <\/p>\n<h3>  LUBA mini AWD <\/h3>\n<p class=\"apm-brand-story-stores-link\">\n<h3>  LUBA 2 AWD <\/h3>\n<p class=\"apm-brand-story-stores-link\">\n<h3>  Yuka mini <\/h3>\n<p class=\"apm-brand-story-stores-link\">\n<h3>  YUKA <\/h3>\n<p class=\"apm-brand-story-stores-link\">\n<p>Keine Antenne, nur m\u00e4hen: Unser M\u00e4hroboter verf\u00fcgt \u00fcber ein integriertes 4G-Modul und den Mammotion iNavi-Dienst, sodass Sie ohne komplizierte Einrichtung sofort mit dem M\u00e4hen beginnen k\u00f6nnen. Dank der 4G-Netzwerkverbindung bietet der Mammotion iNavi-Dienst eine zentimetergenaue Satellitenpositionierung \u2013 und das ganz ohne Basisstation. &#8211;<br \/>Un\u00fcbertroffene Gel\u00e4ndetauglichkeit f\u00fcr Fl\u00e4chen bis 1.500 m\u00b2: Dank robuster Hindernis\u00fcberwindung und adaptiver Federung meistert der LUBA mini AWD m\u00fchelos Steigungen, unebenes Gel\u00e4nde und hohes Gras. \u00dcberwindet m\u00fchelos Hindernisse bis zu einer H\u00f6he von 80 mm. Der 88-W-Messermotor und das Zero-Turn-Design mit Omni-R\u00e4dern maximieren die Effizienz, selbst bei nassen Bedingungen.<br \/>Automatische Kartierung in Echtzeit und intelligenter virtueller Zaun: Der LUBA Mini-Rasenm\u00e4herroboter erkennt automatisch Grenzen und kartiert Fl\u00e4chen von bis zu 1500 m\u00b2 ohne manuellen Aufwand. Mithilfe fortschrittlicher Bildverarbeitung erkennt es die Grenze zwischen Gras- und Nichtgrasfl\u00e4chen und verhindert so, dass der M\u00e4her in Wege, Blumenbeete oder andere Sperrzonen eindringt.<br \/>Kein Signalverlust und pr\u00e4zises Kantenm\u00e4hen: Dank UltraSense AI Vision kann der LUBA Mini-Rasenm\u00e4her selbst in Bereichen ohne Satellitensignal, wie unter B\u00e4umen oder auf schmalen Wegen, bis zu 300 Meter weit m\u00e4hen. Das intelligente Vision-System erkennt sensibel, ob Kinder, Tiere oder andere Gegenst\u00e4nde wie Spielzeug, Gartenm\u00f6bel oder Werkzeuge im Weg sind und umgeht diese sicher. Der LUBA mini AWD f\u00fchrt zudem pr\u00e4zises Randm\u00e4hen ohne Abstand durch und schneidet selbst in der N\u00e4he von W\u00e4nden mit einer Genauigkeit von weniger als 5 cm.<br \/>M\u00e4hen Sie genau so, wie Sie es m\u00f6chten: Mit der Mammotion-App k\u00f6nnen Sie die M\u00e4hh\u00f6he (2\u20136,5 cm) anpassen, M\u00e4hmodi ausw\u00e4hlen und M\u00e4hpl\u00e4ne erstellen. Dank der 3D-Rasendrucktechnologie k\u00f6nnen Sie individuelle M\u00e4hmuster erstellen. Der LUBA mini AWD optimiert intelligent M\u00e4hrouten, H\u00f6he und Winkel f\u00fcr ein perfektes Ergebnis.<br \/>Rasenpflege rund um die Uhr mit hoher M\u00e4hleistung: Die sechs messerscharfen Messer des LUBA mini AWD M\u00e4hroboter sorgen f\u00fcr eine hohe M\u00e4hleistung. Der LUBA-Lithium-Akku hat ausreichend Kapazit\u00e4t f\u00fcr 180 Minuten Dauerbetrieb und kann bis zu 324 m\u00b2\/h m\u00e4hen. Dar\u00fcber hinaus arbeitet der LUBA mini AWD mit einem Ger\u00e4uschpegel von 60 dB, ist wasserdicht nach IPX6 und verf\u00fcgt \u00fcber Regenerkennung, FOTA-Updates, App-Benachrichtigungen, GPS-Tracking, Besitzerauthentifizierung, Geo-Zaun-Warnungen, AirTag-Kompatibilit\u00e4t und mehr.<\/p>\n<p>[ad_2]<\/p>\n","protected":false},"excerpt":{"rendered":"<p>Von der Marke MAMMOTION Roboter-Rasenm\u00e4her \u00dcber Mammotion Mammotion ist f\u00fchrend bei innovativen Outdoor-Roboterl\u00f6sungen und engagiert sich f\u00fcr die Gestaltung eines intelligenteren und qualitativ hochwertigen Outdoor-Lebensstils. Entwickelt und bietet intelligente Rasenm\u00e4herroboter an. 9+ Jahre Robotererfahrung. \u00dcber 1.000 Roboterpatente LUBA mini AWD LUBA 2 AWD Yuka mini YUKA Keine Antenne, nur m\u00e4hen: Unser M\u00e4hroboter verf\u00fcgt \u00fcber ein [&hellip;]<\/p>\n","protected":false},"featured_media":4946,"comment_status":"open","ping_status":"closed","template":"","meta":{"_aipt_faq_data":""},"store":[],"product_brand":[379],"product_cat":[84],"product_tag":[290],"class_list":{"0":"post-4945","1":"product","2":"type-product","3":"status-publish","4":"has-post-thumbnail","6":"product_brand-mammotion","7":"product_cat-rasenroboter-fuer-grosse-flaechen","8":"product_tag-rasenroboter-fuer-grosse-flaechen-programmierbar","10":"first","11":"instock","12":"sale","13":"shipping-taxable","14":"product-type-external"},"yoast_head":"<!-- This site is optimized with the Yoast SEO plugin v27.4 - https:\/\/yoast.com\/product\/yoast-seo-wordpress\/ -->\n<title>Mammotion LUBA Mini AWD 1500 Roboter-Rasenm\u00e4her ohne Begrenzungskabel, NetRTK+Vision, RTK-Antenne nicht erforderlich, automatische Kartierung, empfohlene 1500 m\u00b2, max. 1800 m\u00b2, mit 4G-Modul, 80 % Gef\u00e4lle - EasyLifeBro<\/title>\n<meta name=\"description\" content=\"Entdecken Sie smarte Roboter f\u00fcr Zuhause, Garten, Bildung und Sicherheit. Vergleichen Sie Saugroboter, Rasenm\u00e4hroboter, KI-Begleitroboter und mehr bei EasyLifeRobo.\" \/>\n<meta name=\"robots\" content=\"index, follow, max-snippet:-1, max-image-preview:large, max-video-preview:-1\" \/>\n<link rel=\"canonical\" href=\"https:\/\/easyliferobo.com\/de\/product\/mammotion-luba-mini-awd-1500-roboter-rasenmaeher-ohne-begrenzungskabel-netrtkvision-rtk-antenne-nicht-erforderlich-automatische-kartierung-empfohlene-1500-m\u00b2-max-1800-m\u00b2-mit-4g-modul\/\" \/>\n<meta property=\"og:locale\" content=\"de_DE\" \/>\n<meta property=\"og:type\" content=\"article\" \/>\n<meta property=\"og:title\" content=\"Mammotion LUBA Mini AWD 1500 Roboter-Rasenm\u00e4her ohne Begrenzungskabel, NetRTK+Vision, RTK-Antenne nicht erforderlich, automatische Kartierung, empfohlene 1500 m\u00b2, max. 1800 m\u00b2, mit 4G-Modul, 80 % Gef\u00e4lle - EasyLifeBro\" \/>\n<meta property=\"og:description\" content=\"Entdecken Sie smarte Roboter f\u00fcr Zuhause, Garten, Bildung und Sicherheit. Vergleichen Sie Saugroboter, Rasenm\u00e4hroboter, KI-Begleitroboter und mehr bei EasyLifeRobo.\" \/>\n<meta property=\"og:url\" content=\"https:\/\/easyliferobo.com\/de\/product\/mammotion-luba-mini-awd-1500-roboter-rasenmaeher-ohne-begrenzungskabel-netrtkvision-rtk-antenne-nicht-erforderlich-automatische-kartierung-empfohlene-1500-m\u00b2-max-1800-m\u00b2-mit-4g-modul\/\" \/>\n<meta property=\"og:site_name\" content=\"EasyLifeBro\" \/>\n<meta property=\"article:modified_time\" content=\"2026-02-27T14:51:37+00:00\" \/>\n<meta property=\"og:image\" content=\"https:\/\/images-na.ssl-images-amazon.com\/images\/G\/01\/x-locale\/common\/grey-pixel.gif\" \/>\n<meta name=\"twitter:card\" content=\"summary_large_image\" \/>\n<meta name=\"twitter:label1\" content=\"Gesch\u00e4tzte Lesezeit\" \/>\n\t<meta name=\"twitter:data1\" content=\"2\u00a0Minuten\" \/>\n<script type=\"application\/ld+json\" class=\"yoast-schema-graph\">{\"@context\":\"https:\\\/\\\/schema.org\",\"@graph\":[{\"@type\":\"WebPage\",\"@id\":\"https:\\\/\\\/easyliferobo.com\\\/de\\\/product\\\/mammotion-luba-mini-awd-1500-roboter-rasenmaeher-ohne-begrenzungskabel-netrtkvision-rtk-antenne-nicht-erforderlich-automatische-kartierung-empfohlene-1500-m%c2%b2-max-1800-m%c2%b2-mit-4g-modul\\\/\",\"url\":\"https:\\\/\\\/easyliferobo.com\\\/de\\\/product\\\/mammotion-luba-mini-awd-1500-roboter-rasenmaeher-ohne-begrenzungskabel-netrtkvision-rtk-antenne-nicht-erforderlich-automatische-kartierung-empfohlene-1500-m%c2%b2-max-1800-m%c2%b2-mit-4g-modul\\\/\",\"name\":\"Mammotion LUBA Mini AWD 1500 Roboter-Rasenm\u00e4her ohne Begrenzungskabel, NetRTK+Vision, RTK-Antenne nicht erforderlich, automatische Kartierung, empfohlene 1500 m\u00b2, max. 1800 m\u00b2, mit 4G-Modul, 80 % Gef\u00e4lle - EasyLifeBro\",\"isPartOf\":{\"@id\":\"https:\\\/\\\/easyliferobo.com\\\/de\\\/#website\"},\"primaryImageOfPage\":{\"@id\":\"https:\\\/\\\/easyliferobo.com\\\/de\\\/product\\\/mammotion-luba-mini-awd-1500-roboter-rasenmaeher-ohne-begrenzungskabel-netrtkvision-rtk-antenne-nicht-erforderlich-automatische-kartierung-empfohlene-1500-m%c2%b2-max-1800-m%c2%b2-mit-4g-modul\\\/#primaryimage\"},\"image\":{\"@id\":\"https:\\\/\\\/easyliferobo.com\\\/de\\\/product\\\/mammotion-luba-mini-awd-1500-roboter-rasenmaeher-ohne-begrenzungskabel-netrtkvision-rtk-antenne-nicht-erforderlich-automatische-kartierung-empfohlene-1500-m%c2%b2-max-1800-m%c2%b2-mit-4g-modul\\\/#primaryimage\"},\"thumbnailUrl\":\"https:\\\/\\\/easyliferobo.com\\\/de\\\/wp-content\\\/uploads\\\/2026\\\/02\\\/1772203883_61-Vn7StO0L._AC_SL1500_.jpg\",\"datePublished\":\"2026-02-27T14:51:23+00:00\",\"dateModified\":\"2026-02-27T14:51:37+00:00\",\"description\":\"Entdecken Sie smarte Roboter f\u00fcr Zuhause, Garten, Bildung und Sicherheit. Vergleichen Sie Saugroboter, Rasenm\u00e4hroboter, KI-Begleitroboter und mehr bei EasyLifeRobo.\",\"breadcrumb\":{\"@id\":\"https:\\\/\\\/easyliferobo.com\\\/de\\\/product\\\/mammotion-luba-mini-awd-1500-roboter-rasenmaeher-ohne-begrenzungskabel-netrtkvision-rtk-antenne-nicht-erforderlich-automatische-kartierung-empfohlene-1500-m%c2%b2-max-1800-m%c2%b2-mit-4g-modul\\\/#breadcrumb\"},\"inLanguage\":\"de\",\"potentialAction\":[{\"@type\":\"ReadAction\",\"target\":[\"https:\\\/\\\/easyliferobo.com\\\/de\\\/product\\\/mammotion-luba-mini-awd-1500-roboter-rasenmaeher-ohne-begrenzungskabel-netrtkvision-rtk-antenne-nicht-erforderlich-automatische-kartierung-empfohlene-1500-m%c2%b2-max-1800-m%c2%b2-mit-4g-modul\\\/\"]}]},{\"@type\":\"ImageObject\",\"inLanguage\":\"de\",\"@id\":\"https:\\\/\\\/easyliferobo.com\\\/de\\\/product\\\/mammotion-luba-mini-awd-1500-roboter-rasenmaeher-ohne-begrenzungskabel-netrtkvision-rtk-antenne-nicht-erforderlich-automatische-kartierung-empfohlene-1500-m%c2%b2-max-1800-m%c2%b2-mit-4g-modul\\\/#primaryimage\",\"url\":\"https:\\\/\\\/easyliferobo.com\\\/de\\\/wp-content\\\/uploads\\\/2026\\\/02\\\/1772203883_61-Vn7StO0L._AC_SL1500_.jpg\",\"contentUrl\":\"https:\\\/\\\/easyliferobo.com\\\/de\\\/wp-content\\\/uploads\\\/2026\\\/02\\\/1772203883_61-Vn7StO0L._AC_SL1500_.jpg\",\"width\":1500,\"height\":922},{\"@type\":\"BreadcrumbList\",\"@id\":\"https:\\\/\\\/easyliferobo.com\\\/de\\\/product\\\/mammotion-luba-mini-awd-1500-roboter-rasenmaeher-ohne-begrenzungskabel-netrtkvision-rtk-antenne-nicht-erforderlich-automatische-kartierung-empfohlene-1500-m%c2%b2-max-1800-m%c2%b2-mit-4g-modul\\\/#breadcrumb\",\"itemListElement\":[{\"@type\":\"ListItem\",\"position\":1,\"name\":\"Home\",\"item\":\"https:\\\/\\\/easyliferobo.com\\\/de\\\/\"},{\"@type\":\"ListItem\",\"position\":2,\"name\":\"Shop\",\"item\":\"https:\\\/\\\/easyliferobo.com\\\/de\\\/shop\\\/\"},{\"@type\":\"ListItem\",\"position\":3,\"name\":\"Mammotion LUBA Mini AWD 1500 Robote...\"}]},{\"@type\":\"WebSite\",\"@id\":\"https:\\\/\\\/easyliferobo.com\\\/de\\\/#website\",\"url\":\"https:\\\/\\\/easyliferobo.com\\\/de\\\/\",\"name\":\"EasyLifeBro\",\"description\":\"Smarte Roboter f\u00fcr Zuhause, Garten &amp; Bildung\",\"publisher\":{\"@id\":\"https:\\\/\\\/easyliferobo.com\\\/de\\\/#organization\"},\"potentialAction\":[{\"@type\":\"SearchAction\",\"target\":{\"@type\":\"EntryPoint\",\"urlTemplate\":\"https:\\\/\\\/easyliferobo.com\\\/de\\\/?s={search_term_string}\"},\"query-input\":{\"@type\":\"PropertyValueSpecification\",\"valueRequired\":true,\"valueName\":\"search_term_string\"}}],\"inLanguage\":\"de\"},{\"@type\":\"Organization\",\"@id\":\"https:\\\/\\\/easyliferobo.com\\\/de\\\/#organization\",\"name\":\"EasyLifeBro\",\"url\":\"https:\\\/\\\/easyliferobo.com\\\/de\\\/\",\"logo\":{\"@type\":\"ImageObject\",\"inLanguage\":\"de\",\"@id\":\"https:\\\/\\\/easyliferobo.com\\\/de\\\/#\\\/schema\\\/logo\\\/image\\\/\",\"url\":\"https:\\\/\\\/easyliferobo.com\\\/de\\\/wp-content\\\/uploads\\\/2026\\\/02\\\/Screenshot-2026-02-22-at-2.25.03-PM.png\",\"contentUrl\":\"https:\\\/\\\/easyliferobo.com\\\/de\\\/wp-content\\\/uploads\\\/2026\\\/02\\\/Screenshot-2026-02-22-at-2.25.03-PM.png\",\"width\":1858,\"height\":430,\"caption\":\"EasyLifeBro\"},\"image\":{\"@id\":\"https:\\\/\\\/easyliferobo.com\\\/de\\\/#\\\/schema\\\/logo\\\/image\\\/\"}}]}<\/script>\n<!-- \/ Yoast SEO plugin. -->","yoast_head_json":{"title":"Mammotion LUBA Mini AWD 1500 Roboter-Rasenm\u00e4her ohne Begrenzungskabel, NetRTK+Vision, RTK-Antenne nicht erforderlich, automatische Kartierung, empfohlene 1500 m\u00b2, max. 1800 m\u00b2, mit 4G-Modul, 80 % Gef\u00e4lle - EasyLifeBro","description":"Entdecken Sie smarte Roboter f\u00fcr Zuhause, Garten, Bildung und Sicherheit. Vergleichen Sie Saugroboter, Rasenm\u00e4hroboter, KI-Begleitroboter und mehr bei EasyLifeRobo.","robots":{"index":"index","follow":"follow","max-snippet":"max-snippet:-1","max-image-preview":"max-image-preview:large","max-video-preview":"max-video-preview:-1"},"canonical":"https:\/\/easyliferobo.com\/de\/product\/mammotion-luba-mini-awd-1500-roboter-rasenmaeher-ohne-begrenzungskabel-netrtkvision-rtk-antenne-nicht-erforderlich-automatische-kartierung-empfohlene-1500-m\u00b2-max-1800-m\u00b2-mit-4g-modul\/","og_locale":"de_DE","og_type":"article","og_title":"Mammotion LUBA Mini AWD 1500 Roboter-Rasenm\u00e4her ohne Begrenzungskabel, NetRTK+Vision, RTK-Antenne nicht erforderlich, automatische Kartierung, empfohlene 1500 m\u00b2, max. 1800 m\u00b2, mit 4G-Modul, 80 % Gef\u00e4lle - EasyLifeBro","og_description":"Entdecken Sie smarte Roboter f\u00fcr Zuhause, Garten, Bildung und Sicherheit. Vergleichen Sie Saugroboter, Rasenm\u00e4hroboter, KI-Begleitroboter und mehr bei EasyLifeRobo.","og_url":"https:\/\/easyliferobo.com\/de\/product\/mammotion-luba-mini-awd-1500-roboter-rasenmaeher-ohne-begrenzungskabel-netrtkvision-rtk-antenne-nicht-erforderlich-automatische-kartierung-empfohlene-1500-m\u00b2-max-1800-m\u00b2-mit-4g-modul\/","og_site_name":"EasyLifeBro","article_modified_time":"2026-02-27T14:51:37+00:00","og_image":[{"url":"https:\/\/images-na.ssl-images-amazon.com\/images\/G\/01\/x-locale\/common\/grey-pixel.gif","type":"","width":"","height":""}],"twitter_card":"summary_large_image","twitter_misc":{"Gesch\u00e4tzte Lesezeit":"2\u00a0Minuten"},"schema":{"@context":"https:\/\/schema.org","@graph":[{"@type":"WebPage","@id":"https:\/\/easyliferobo.com\/de\/product\/mammotion-luba-mini-awd-1500-roboter-rasenmaeher-ohne-begrenzungskabel-netrtkvision-rtk-antenne-nicht-erforderlich-automatische-kartierung-empfohlene-1500-m%c2%b2-max-1800-m%c2%b2-mit-4g-modul\/","url":"https:\/\/easyliferobo.com\/de\/product\/mammotion-luba-mini-awd-1500-roboter-rasenmaeher-ohne-begrenzungskabel-netrtkvision-rtk-antenne-nicht-erforderlich-automatische-kartierung-empfohlene-1500-m%c2%b2-max-1800-m%c2%b2-mit-4g-modul\/","name":"Mammotion LUBA Mini AWD 1500 Roboter-Rasenm\u00e4her ohne Begrenzungskabel, NetRTK+Vision, RTK-Antenne nicht erforderlich, automatische Kartierung, empfohlene 1500 m\u00b2, max. 1800 m\u00b2, mit 4G-Modul, 80 % Gef\u00e4lle - EasyLifeBro","isPartOf":{"@id":"https:\/\/easyliferobo.com\/de\/#website"},"primaryImageOfPage":{"@id":"https:\/\/easyliferobo.com\/de\/product\/mammotion-luba-mini-awd-1500-roboter-rasenmaeher-ohne-begrenzungskabel-netrtkvision-rtk-antenne-nicht-erforderlich-automatische-kartierung-empfohlene-1500-m%c2%b2-max-1800-m%c2%b2-mit-4g-modul\/#primaryimage"},"image":{"@id":"https:\/\/easyliferobo.com\/de\/product\/mammotion-luba-mini-awd-1500-roboter-rasenmaeher-ohne-begrenzungskabel-netrtkvision-rtk-antenne-nicht-erforderlich-automatische-kartierung-empfohlene-1500-m%c2%b2-max-1800-m%c2%b2-mit-4g-modul\/#primaryimage"},"thumbnailUrl":"https:\/\/easyliferobo.com\/de\/wp-content\/uploads\/2026\/02\/1772203883_61-Vn7StO0L._AC_SL1500_.jpg","datePublished":"2026-02-27T14:51:23+00:00","dateModified":"2026-02-27T14:51:37+00:00","description":"Entdecken Sie smarte Roboter f\u00fcr Zuhause, Garten, Bildung und Sicherheit. Vergleichen Sie Saugroboter, Rasenm\u00e4hroboter, KI-Begleitroboter und mehr bei EasyLifeRobo.","breadcrumb":{"@id":"https:\/\/easyliferobo.com\/de\/product\/mammotion-luba-mini-awd-1500-roboter-rasenmaeher-ohne-begrenzungskabel-netrtkvision-rtk-antenne-nicht-erforderlich-automatische-kartierung-empfohlene-1500-m%c2%b2-max-1800-m%c2%b2-mit-4g-modul\/#breadcrumb"},"inLanguage":"de","potentialAction":[{"@type":"ReadAction","target":["https:\/\/easyliferobo.com\/de\/product\/mammotion-luba-mini-awd-1500-roboter-rasenmaeher-ohne-begrenzungskabel-netrtkvision-rtk-antenne-nicht-erforderlich-automatische-kartierung-empfohlene-1500-m%c2%b2-max-1800-m%c2%b2-mit-4g-modul\/"]}]},{"@type":"ImageObject","inLanguage":"de","@id":"https:\/\/easyliferobo.com\/de\/product\/mammotion-luba-mini-awd-1500-roboter-rasenmaeher-ohne-begrenzungskabel-netrtkvision-rtk-antenne-nicht-erforderlich-automatische-kartierung-empfohlene-1500-m%c2%b2-max-1800-m%c2%b2-mit-4g-modul\/#primaryimage","url":"https:\/\/easyliferobo.com\/de\/wp-content\/uploads\/2026\/02\/1772203883_61-Vn7StO0L._AC_SL1500_.jpg","contentUrl":"https:\/\/easyliferobo.com\/de\/wp-content\/uploads\/2026\/02\/1772203883_61-Vn7StO0L._AC_SL1500_.jpg","width":1500,"height":922},{"@type":"BreadcrumbList","@id":"https:\/\/easyliferobo.com\/de\/product\/mammotion-luba-mini-awd-1500-roboter-rasenmaeher-ohne-begrenzungskabel-netrtkvision-rtk-antenne-nicht-erforderlich-automatische-kartierung-empfohlene-1500-m%c2%b2-max-1800-m%c2%b2-mit-4g-modul\/#breadcrumb","itemListElement":[{"@type":"ListItem","position":1,"name":"Home","item":"https:\/\/easyliferobo.com\/de\/"},{"@type":"ListItem","position":2,"name":"Shop","item":"https:\/\/easyliferobo.com\/de\/shop\/"},{"@type":"ListItem","position":3,"name":"Mammotion LUBA Mini AWD 1500 Robote..."}]},{"@type":"WebSite","@id":"https:\/\/easyliferobo.com\/de\/#website","url":"https:\/\/easyliferobo.com\/de\/","name":"EasyLifeBro","description":"Smarte Roboter f\u00fcr Zuhause, Garten &amp; Bildung","publisher":{"@id":"https:\/\/easyliferobo.com\/de\/#organization"},"potentialAction":[{"@type":"SearchAction","target":{"@type":"EntryPoint","urlTemplate":"https:\/\/easyliferobo.com\/de\/?s={search_term_string}"},"query-input":{"@type":"PropertyValueSpecification","valueRequired":true,"valueName":"search_term_string"}}],"inLanguage":"de"},{"@type":"Organization","@id":"https:\/\/easyliferobo.com\/de\/#organization","name":"EasyLifeBro","url":"https:\/\/easyliferobo.com\/de\/","logo":{"@type":"ImageObject","inLanguage":"de","@id":"https:\/\/easyliferobo.com\/de\/#\/schema\/logo\/image\/","url":"https:\/\/easyliferobo.com\/de\/wp-content\/uploads\/2026\/02\/Screenshot-2026-02-22-at-2.25.03-PM.png","contentUrl":"https:\/\/easyliferobo.com\/de\/wp-content\/uploads\/2026\/02\/Screenshot-2026-02-22-at-2.25.03-PM.png","width":1858,"height":430,"caption":"EasyLifeBro"},"image":{"@id":"https:\/\/easyliferobo.com\/de\/#\/schema\/logo\/image\/"}}]}},"_links":{"self":[{"href":"https:\/\/easyliferobo.com\/de\/wp-json\/wp\/v2\/product\/4945","targetHints":{"allow":["GET"]}}],"collection":[{"href":"https:\/\/easyliferobo.com\/de\/wp-json\/wp\/v2\/product"}],"about":[{"href":"https:\/\/easyliferobo.com\/de\/wp-json\/wp\/v2\/types\/product"}],"replies":[{"embeddable":true,"href":"https:\/\/easyliferobo.com\/de\/wp-json\/wp\/v2\/comments?post=4945"}],"wp:featuredmedia":[{"embeddable":true,"href":"https:\/\/easyliferobo.com\/de\/wp-json\/wp\/v2\/media\/4946"}],"wp:attachment":[{"href":"https:\/\/easyliferobo.com\/de\/wp-json\/wp\/v2\/media?parent=4945"}],"wp:term":[{"taxonomy":"store","embeddable":true,"href":"https:\/\/easyliferobo.com\/de\/wp-json\/wp\/v2\/store?post=4945"},{"taxonomy":"product_brand","embeddable":true,"href":"https:\/\/easyliferobo.com\/de\/wp-json\/wp\/v2\/product_brand?post=4945"},{"taxonomy":"product_cat","embeddable":true,"href":"https:\/\/easyliferobo.com\/de\/wp-json\/wp\/v2\/product_cat?post=4945"},{"taxonomy":"product_tag","embeddable":true,"href":"https:\/\/easyliferobo.com\/de\/wp-json\/wp\/v2\/product_tag?post=4945"}],"curies":[{"name":"wp","href":"https:\/\/api.w.org\/{rel}","templated":true}]}}