
{"id":4932,"date":"2026-02-27T14:49:44","date_gmt":"2026-02-27T14:49:44","guid":{"rendered":"https:\/\/easyliferobo.com\/de\/product\/n1600-pro-roboter-rasenmaeher-ohne-begrenzungskabel-roboter-rasenmaeher-mit-rtk-ai-vision-fuer-bis-zu-1600-m%c2%b2-u-foermiges-maehmuster-mehrzonenmanagement-intelligente-hindernisverm\/"},"modified":"2026-02-27T14:50:16","modified_gmt":"2026-02-27T14:50:16","slug":"n1600-pro-roboter-rasenmaeher-ohne-begrenzungskabel-roboter-rasenmaeher-mit-rtk-ai-vision-fuer-bis-zu-1600-m%c2%b2-u-foermiges-maehmuster-mehrzonenmanagement-intelligente-hindernisverm","status":"publish","type":"product","link":"https:\/\/easyliferobo.com\/de\/product\/n1600-pro-roboter-rasenmaeher-ohne-begrenzungskabel-roboter-rasenmaeher-mit-rtk-ai-vision-fuer-bis-zu-1600-m%c2%b2-u-foermiges-maehmuster-mehrzonenmanagement-intelligente-hindernisverm\/","title":{"rendered":"N1600 PRO Roboter-Rasenm\u00e4her ohne ..."},"content":{"rendered":"<p>\n                                             Von der Marke   <\/p>\n<p>                                              <img decoding=\"async\" alt=\"Panoramablick auf einen gepflegten Vorstadtrasen mit gr\u00fcnem Gras, B\u00e4umen im Hintergrund und klarem blauen Himmel.\" src=\"https:\/\/images-na.ssl-images-amazon.com\/images\/G\/01\/x-locale\/common\/grey-pixel.gif\" class=\"a-lazy-loaded\" data-src=\"https:\/\/m.media-amazon.com\/images\/S\/aplus-media-library-service-media\/473e9514-9cb9-4e59-8b50-9550d8a9166b.__CR0,0,1464,625_PT0_SX1464_V1___.jpg\"><img decoding=\"async\" alt=\"Panoramablick auf einen gepflegten Vorstadtrasen mit gr\u00fcnem Gras, B\u00e4umen im Hintergrund und klarem blauen Himmel.\" src=\"https:\/\/m.media-amazon.com\/images\/S\/aplus-media-library-service-media\/473e9514-9cb9-4e59-8b50-9550d8a9166b.__CR0,0,1464,625_PT0_SX1464_V1___.jpg\">  <\/p>\n<p>                                              <img decoding=\"async\" alt=\"Aplus-Inhaltsbild\" src=\"https:\/\/images-na.ssl-images-amazon.com\/images\/G\/01\/x-locale\/common\/grey-pixel.gif\" class=\"a-lazy-loaded\" data-src=\"https:\/\/m.media-amazon.com\/images\/S\/aplus-media-library-service-media\/c621f4fe-09bc-43d4-9aaf-952de9d012cb.__CR0,0,362,453_PT0_SX362_V1___.jpg\"><img decoding=\"async\" alt=\"Aplus-Inhaltsbild\" src=\"https:\/\/m.media-amazon.com\/images\/S\/aplus-media-library-service-media\/c621f4fe-09bc-43d4-9aaf-952de9d012cb.__CR0,0,362,453_PT0_SX362_V1___.jpg\">  <\/p>\n<p>                                              <img decoding=\"async\" alt=\"Serie von Au\u00dfenbildern, die die Navigationspfade von M\u00e4hrobotern zeigen, die durch blaue Linien auf gr\u00fcnen Rasenfl\u00e4chen rund um ein modernes Haus markiert sind.\" src=\"https:\/\/images-na.ssl-images-amazon.com\/images\/G\/01\/x-locale\/common\/grey-pixel.gif\" class=\"a-lazy-loaded\" data-src=\"https:\/\/m.media-amazon.com\/images\/S\/aplus-media-library-service-media\/18f5ef31-cb9e-4a1f-b4ae-0cfca6638ae6.__CR0,0,362,453_PT0_SX362_V1___.jpg\"><img decoding=\"async\" alt=\"Serie von Au\u00dfenbildern, die die Navigationspfade von M\u00e4hrobotern zeigen, die durch blaue Linien auf gr\u00fcnen Rasenfl\u00e4chen rund um ein modernes Haus markiert sind.\" src=\"https:\/\/m.media-amazon.com\/images\/S\/aplus-media-library-service-media\/18f5ef31-cb9e-4a1f-b4ae-0cfca6638ae6.__CR0,0,362,453_PT0_SX362_V1___.jpg\">  <\/p>\n<p>                                              <img decoding=\"async\" alt=\"Bilderserie, die ein Roboterger\u00e4t zeigt, das sich \u00fcber gepflasterte Au\u00dfenfl\u00e4chen und Gras bewegt und seine Navigationsf\u00e4higkeiten auf verschiedenen Terrains demonstriert.\" src=\"https:\/\/images-na.ssl-images-amazon.com\/images\/G\/01\/x-locale\/common\/grey-pixel.gif\" class=\"a-lazy-loaded\" data-src=\"https:\/\/m.media-amazon.com\/images\/S\/aplus-media-library-service-media\/5f0649ed-5756-48c4-959d-61576a90fd89.__CR0,0,362,453_PT0_SX362_V1___.jpg\"><img decoding=\"async\" alt=\"Bilderserie, die ein Roboterger\u00e4t zeigt, das sich \u00fcber gepflasterte Au\u00dfenfl\u00e4chen und Gras bewegt und seine Navigationsf\u00e4higkeiten auf verschiedenen Terrains demonstriert.\" src=\"https:\/\/m.media-amazon.com\/images\/S\/aplus-media-library-service-media\/5f0649ed-5756-48c4-959d-61576a90fd89.__CR0,0,362,453_PT0_SX362_V1___.jpg\">  <\/p>\n<p>                                              <img decoding=\"async\" alt=\"Aplus-Inhaltsbild\" src=\"https:\/\/images-na.ssl-images-amazon.com\/images\/G\/01\/x-locale\/common\/grey-pixel.gif\" class=\"a-lazy-loaded\" data-src=\"https:\/\/m.media-amazon.com\/images\/S\/aplus-media-library-service-media\/a7c107ac-d09b-49a2-9a1c-c2325d6a2b4b.__CR0,0,362,453_PT0_SX362_V1___.jpg\"><img decoding=\"async\" alt=\"Aplus-Inhaltsbild\" src=\"https:\/\/m.media-amazon.com\/images\/S\/aplus-media-library-service-media\/a7c107ac-d09b-49a2-9a1c-c2325d6a2b4b.__CR0,0,362,453_PT0_SX362_V1___.jpg\">  <\/p>\n<p>                                              <img decoding=\"async\" alt=\"Der Text zeigt \u201e100 %\u201c mit Batterieanzeige. Bilderserie, die einen Rasenroboter zeigt, der auf gr\u00fcnem Gras arbeitet, mit virtuellen Grenzanzeigen.\" src=\"https:\/\/images-na.ssl-images-amazon.com\/images\/G\/01\/x-locale\/common\/grey-pixel.gif\" class=\"a-lazy-loaded\" data-src=\"https:\/\/m.media-amazon.com\/images\/S\/aplus-media-library-service-media\/883772ef-8af1-4316-8d31-0d8c85c14152.__CR0,0,362,453_PT0_SX362_V1___.jpg\"><img decoding=\"async\" alt=\"Der Text zeigt \u201e100 %\u201c mit Batterieanzeige. Bilderserie, die einen Rasenroboter zeigt, der auf gr\u00fcnem Gras arbeitet, mit virtuellen Grenzanzeigen.\" src=\"https:\/\/m.media-amazon.com\/images\/S\/aplus-media-library-service-media\/883772ef-8af1-4316-8d31-0d8c85c14152.__CR0,0,362,453_PT0_SX362_V1___.jpg\">  <\/p>\n<p>                                              <img decoding=\"async\" alt=\"Isometrische Abbildungen des Rasenm\u00e4h-Servicekonzepts, die die Benutzeroberfl\u00e4che der mobilen App neben 3D-Gartenlayouts mit Standortmarkierungen zeigen.\" src=\"https:\/\/images-na.ssl-images-amazon.com\/images\/G\/01\/x-locale\/common\/grey-pixel.gif\" class=\"a-lazy-loaded\" data-src=\"https:\/\/m.media-amazon.com\/images\/S\/aplus-media-library-service-media\/2d28dbad-63f3-40a9-a52e-54987b40bca5.__CR0,0,362,453_PT0_SX362_V1___.jpg\"><img decoding=\"async\" alt=\"Isometrische Abbildungen des Rasenm\u00e4h-Servicekonzepts, die die Benutzeroberfl\u00e4che der mobilen App neben 3D-Gartenlayouts mit Standortmarkierungen zeigen.\" src=\"https:\/\/m.media-amazon.com\/images\/S\/aplus-media-library-service-media\/2d28dbad-63f3-40a9-a52e-54987b40bca5.__CR0,0,362,453_PT0_SX362_V1___.jpg\">  <\/p>\n<p>                                              <img decoding=\"async\" alt=\"Aplus-Inhaltsbild\" src=\"https:\/\/images-na.ssl-images-amazon.com\/images\/G\/01\/x-locale\/common\/grey-pixel.gif\" class=\"a-lazy-loaded\" data-src=\"https:\/\/m.media-amazon.com\/images\/S\/aplus-media-library-service-media\/fe55bdbe-17b2-4f8e-92bb-6e3b9f2b390e.__CR0,0,362,453_PT0_SX362_V1___.jpg\"><img decoding=\"async\" alt=\"Aplus-Inhaltsbild\" src=\"https:\/\/m.media-amazon.com\/images\/S\/aplus-media-library-service-media\/fe55bdbe-17b2-4f8e-92bb-6e3b9f2b390e.__CR0,0,362,453_PT0_SX362_V1___.jpg\">  <\/p>\n<p>RTK + KI-Vision f\u00fcr zentimetergenaue Navigation: Der Rasenm\u00e4herroboter YARDCARE N1600PRO ohne Begrenzungskabel kombiniert ein hochpr\u00e4zises RTK-Satellitensystem mit KI-gest\u00fctzter Bildverarbeitung f\u00fcr zentimetergenaue Positionierung und stabile Navigation \u2013 ohne Signalverlust. Dank eines 135\u00b0 \u00d7 73\u00b0 Weitwinkel-Sichtfelds erfasst der Rasenroboter komplexe 3D-Umgebungen in Echtzeit, erkennt Rasenkanten intelligent und identifiziert zuverl\u00e4ssig \u00fcber 300 verschiedene Hindernistypen.<br \/>Ohne Begrenzungskabel und intelligente Kartierung per App: Aufw\u00e4ndige Begrenzungskabel geh\u00f6ren der Vergangenheit an. Der Rasenroboter N1600PRO schafft virtuelle Grenzen direkt \u00fcber die App, ist f\u00fcr Rasenfl\u00e4chen bis 1600 m\u00b2 geeignet und bietet eine Laufzeit von bis zu 100 Minuten. Sowohl M\u00e4hbereiche als auch Sperrzonen wie Blumenbeete oder Dekorationsbereiche k\u00f6nnen flexibel definiert werden \u2013 f\u00fcr maximale Kontrolle und Sicherheit.<br \/>Systematisches U-f\u00f6rmiges M\u00e4hmuster und pr\u00e4ziser Kantenschnitt: Der Rasenroboter N1600PRO beginnt jeden M\u00e4hvorgang mit einem sauberen Kantenschnitt und m\u00e4ht den Rasen anschlie\u00dfend systematisch in einem U-f\u00f6rmigen Muster. Dadurch werden Wiederholungen und Auslassungen vermieden, die Fl\u00e4chenleistung maximiert und eine gleichbleibend professionelle M\u00e4hqualit\u00e4t erreicht.<br \/>Multizonen-Management und smarte App-Steuerung: Mit der YARDCARE-App steuern Sie alle Funktionen bequem aus der Ferne: Schnitth\u00f6henverstellung von 20\u201360 mm, Verwaltung mehrerer M\u00e4hzonen, Einrichtung von Sperrbereichen, Auswahl verschiedener M\u00e4hmodi, Terminplanung, Fortschrittsverfolgung und Statusanzeige. Regelm\u00e4\u00dfige OTA-Updates sorgen f\u00fcr eine kontinuierliche Funktionsoptimierung.<br \/>Automatische Wiederaufnahme und leistungsstarke Funktionen: Sinkt der Akkustand unter 20 %, kehrt der M\u00e4hroboter automatisch zur Ladestation zur\u00fcck und m\u00e4ht nach dem Aufladen exakt an der unterbrochenen Stelle weiter. Mit leisem 60-dB-Betrieb, Regensensor, Steigf\u00e4higkeit bis zu 45 %, GPS-Diebstahlschutz, Spiralm\u00e4hmodus und IPX4-Wasserschutz ist der N1600PRO ein zuverl\u00e4ssiger Helfer bei der t\u00e4glichen Rasenpflege.<\/p>\n<p>[ad_2]<\/p>\n","protected":false},"excerpt":{"rendered":"<p>Von der Marke RTK + KI-Vision f\u00fcr zentimetergenaue Navigation: Der Rasenm\u00e4herroboter YARDCARE N1600PRO ohne Begrenzungskabel kombiniert ein hochpr\u00e4zises RTK-Satellitensystem mit KI-gest\u00fctzter Bildverarbeitung f\u00fcr zentimetergenaue Positionierung und stabile Navigation \u2013 ohne Signalverlust. Dank eines 135\u00b0 \u00d7 73\u00b0 Weitwinkel-Sichtfelds erfasst der Rasenroboter komplexe 3D-Umgebungen in Echtzeit, erkennt Rasenkanten intelligent und identifiziert zuverl\u00e4ssig \u00fcber 300 verschiedene Hindernistypen.Ohne Begrenzungskabel [&hellip;]<\/p>\n","protected":false},"featured_media":4933,"comment_status":"open","ping_status":"closed","template":"","meta":{"_aipt_faq_data":""},"store":[],"product_brand":[187],"product_cat":[85],"product_tag":[238],"class_list":{"0":"post-4932","1":"product","2":"type-product","3":"status-publish","4":"has-post-thumbnail","6":"product_brand-yardcare","7":"product_cat-gps-rasenroboter","8":"product_tag-gps-rasenroboter-mit-app-steuerung","10":"first","11":"instock","12":"sale","13":"shipping-taxable","14":"product-type-external"},"yoast_head":"<!-- This site is optimized with the Yoast SEO plugin v27.0 - https:\/\/yoast.com\/product\/yoast-seo-wordpress\/ -->\n<title>N1600 PRO Roboter-Rasenm\u00e4her ohne Begrenzungskabel \u2013 Roboter-Rasenm\u00e4her mit RTK &amp; AI Vision, f\u00fcr bis zu 1600 m\u00b2, U-f\u00f6rmiges M\u00e4hmuster, Mehrzonenmanagement, intelligente Hindernisvermeidung - EasyLifeBro<\/title>\n<meta name=\"description\" content=\"Entdecken Sie smarte Roboter f\u00fcr Zuhause, Garten, Bildung und Sicherheit. Vergleichen Sie Saugroboter, Rasenm\u00e4hroboter, KI-Begleitroboter und mehr bei EasyLifeRobo.\" \/>\n<meta name=\"robots\" content=\"index, follow, max-snippet:-1, max-image-preview:large, max-video-preview:-1\" \/>\n<link rel=\"canonical\" href=\"https:\/\/easyliferobo.com\/de\/product\/n1600-pro-roboter-rasenmaeher-ohne-begrenzungskabel-roboter-rasenmaeher-mit-rtk-ai-vision-fuer-bis-zu-1600-m\u00b2-u-foermiges-maehmuster-mehrzonenmanagement-intelligente-hindernisverm\/\" \/>\n<meta property=\"og:locale\" content=\"de_DE\" \/>\n<meta property=\"og:type\" content=\"article\" \/>\n<meta property=\"og:title\" content=\"N1600 PRO Roboter-Rasenm\u00e4her ohne Begrenzungskabel \u2013 Roboter-Rasenm\u00e4her mit RTK &amp; AI Vision, f\u00fcr bis zu 1600 m\u00b2, U-f\u00f6rmiges M\u00e4hmuster, Mehrzonenmanagement, intelligente Hindernisvermeidung - EasyLifeBro\" \/>\n<meta property=\"og:description\" content=\"Entdecken Sie smarte Roboter f\u00fcr Zuhause, Garten, Bildung und Sicherheit. Vergleichen Sie Saugroboter, Rasenm\u00e4hroboter, KI-Begleitroboter und mehr bei EasyLifeRobo.\" \/>\n<meta property=\"og:url\" content=\"https:\/\/easyliferobo.com\/de\/product\/n1600-pro-roboter-rasenmaeher-ohne-begrenzungskabel-roboter-rasenmaeher-mit-rtk-ai-vision-fuer-bis-zu-1600-m\u00b2-u-foermiges-maehmuster-mehrzonenmanagement-intelligente-hindernisverm\/\" \/>\n<meta property=\"og:site_name\" content=\"EasyLifeBro\" \/>\n<meta property=\"article:modified_time\" content=\"2026-02-27T14:50:16+00:00\" \/>\n<meta property=\"og:image\" content=\"https:\/\/images-na.ssl-images-amazon.com\/images\/G\/01\/x-locale\/common\/grey-pixel.gif\" \/>\n<meta name=\"twitter:card\" content=\"summary_large_image\" \/>\n<meta name=\"twitter:label1\" content=\"Gesch\u00e4tzte Lesezeit\" \/>\n\t<meta name=\"twitter:data1\" content=\"1\u00a0Minute\" \/>\n<script type=\"application\/ld+json\" class=\"yoast-schema-graph\">{\"@context\":\"https:\/\/schema.org\",\"@graph\":[{\"@type\":\"WebPage\",\"@id\":\"https:\/\/easyliferobo.com\/de\/product\/n1600-pro-roboter-rasenmaeher-ohne-begrenzungskabel-roboter-rasenmaeher-mit-rtk-ai-vision-fuer-bis-zu-1600-m%c2%b2-u-foermiges-maehmuster-mehrzonenmanagement-intelligente-hindernisverm\/\",\"url\":\"https:\/\/easyliferobo.com\/de\/product\/n1600-pro-roboter-rasenmaeher-ohne-begrenzungskabel-roboter-rasenmaeher-mit-rtk-ai-vision-fuer-bis-zu-1600-m%c2%b2-u-foermiges-maehmuster-mehrzonenmanagement-intelligente-hindernisverm\/\",\"name\":\"N1600 PRO Roboter-Rasenm\u00e4her ohne Begrenzungskabel \u2013 Roboter-Rasenm\u00e4her mit RTK & AI Vision, f\u00fcr bis zu 1600 m\u00b2, U-f\u00f6rmiges M\u00e4hmuster, Mehrzonenmanagement, intelligente Hindernisvermeidung - EasyLifeBro\",\"isPartOf\":{\"@id\":\"https:\/\/easyliferobo.com\/de\/#website\"},\"primaryImageOfPage\":{\"@id\":\"https:\/\/easyliferobo.com\/de\/product\/n1600-pro-roboter-rasenmaeher-ohne-begrenzungskabel-roboter-rasenmaeher-mit-rtk-ai-vision-fuer-bis-zu-1600-m%c2%b2-u-foermiges-maehmuster-mehrzonenmanagement-intelligente-hindernisverm\/#primaryimage\"},\"image\":{\"@id\":\"https:\/\/easyliferobo.com\/de\/product\/n1600-pro-roboter-rasenmaeher-ohne-begrenzungskabel-roboter-rasenmaeher-mit-rtk-ai-vision-fuer-bis-zu-1600-m%c2%b2-u-foermiges-maehmuster-mehrzonenmanagement-intelligente-hindernisverm\/#primaryimage\"},\"thumbnailUrl\":\"https:\/\/easyliferobo.com\/de\/wp-content\/uploads\/2026\/02\/618GCbYAtAL._AC_SL1500_.jpg\",\"datePublished\":\"2026-02-27T14:49:44+00:00\",\"dateModified\":\"2026-02-27T14:50:16+00:00\",\"description\":\"Entdecken Sie smarte Roboter f\u00fcr Zuhause, Garten, Bildung und Sicherheit. Vergleichen Sie Saugroboter, Rasenm\u00e4hroboter, KI-Begleitroboter und mehr bei EasyLifeRobo.\",\"breadcrumb\":{\"@id\":\"https:\/\/easyliferobo.com\/de\/product\/n1600-pro-roboter-rasenmaeher-ohne-begrenzungskabel-roboter-rasenmaeher-mit-rtk-ai-vision-fuer-bis-zu-1600-m%c2%b2-u-foermiges-maehmuster-mehrzonenmanagement-intelligente-hindernisverm\/#breadcrumb\"},\"inLanguage\":\"de\",\"potentialAction\":[{\"@type\":\"ReadAction\",\"target\":[\"https:\/\/easyliferobo.com\/de\/product\/n1600-pro-roboter-rasenmaeher-ohne-begrenzungskabel-roboter-rasenmaeher-mit-rtk-ai-vision-fuer-bis-zu-1600-m%c2%b2-u-foermiges-maehmuster-mehrzonenmanagement-intelligente-hindernisverm\/\"]}]},{\"@type\":\"ImageObject\",\"inLanguage\":\"de\",\"@id\":\"https:\/\/easyliferobo.com\/de\/product\/n1600-pro-roboter-rasenmaeher-ohne-begrenzungskabel-roboter-rasenmaeher-mit-rtk-ai-vision-fuer-bis-zu-1600-m%c2%b2-u-foermiges-maehmuster-mehrzonenmanagement-intelligente-hindernisverm\/#primaryimage\",\"url\":\"https:\/\/easyliferobo.com\/de\/wp-content\/uploads\/2026\/02\/618GCbYAtAL._AC_SL1500_.jpg\",\"contentUrl\":\"https:\/\/easyliferobo.com\/de\/wp-content\/uploads\/2026\/02\/618GCbYAtAL._AC_SL1500_.jpg\",\"width\":1466,\"height\":1360},{\"@type\":\"BreadcrumbList\",\"@id\":\"https:\/\/easyliferobo.com\/de\/product\/n1600-pro-roboter-rasenmaeher-ohne-begrenzungskabel-roboter-rasenmaeher-mit-rtk-ai-vision-fuer-bis-zu-1600-m%c2%b2-u-foermiges-maehmuster-mehrzonenmanagement-intelligente-hindernisverm\/#breadcrumb\",\"itemListElement\":[{\"@type\":\"ListItem\",\"position\":1,\"name\":\"Home\",\"item\":\"https:\/\/easyliferobo.com\/de\/\"},{\"@type\":\"ListItem\",\"position\":2,\"name\":\"Shop\",\"item\":\"https:\/\/easyliferobo.com\/de\/shop\/\"},{\"@type\":\"ListItem\",\"position\":3,\"name\":\"N1600 PRO Roboter-Rasenm\u00e4her ohne ...\"}]},{\"@type\":\"WebSite\",\"@id\":\"https:\/\/easyliferobo.com\/de\/#website\",\"url\":\"https:\/\/easyliferobo.com\/de\/\",\"name\":\"EasyLifeBro\",\"description\":\"Smarte Roboter f\u00fcr Zuhause, Garten &amp; Bildung\",\"publisher\":{\"@id\":\"https:\/\/easyliferobo.com\/de\/#organization\"},\"potentialAction\":[{\"@type\":\"SearchAction\",\"target\":{\"@type\":\"EntryPoint\",\"urlTemplate\":\"https:\/\/easyliferobo.com\/de\/?s={search_term_string}\"},\"query-input\":{\"@type\":\"PropertyValueSpecification\",\"valueRequired\":true,\"valueName\":\"search_term_string\"}}],\"inLanguage\":\"de\"},{\"@type\":\"Organization\",\"@id\":\"https:\/\/easyliferobo.com\/de\/#organization\",\"name\":\"EasyLifeBro\",\"url\":\"https:\/\/easyliferobo.com\/de\/\",\"logo\":{\"@type\":\"ImageObject\",\"inLanguage\":\"de\",\"@id\":\"https:\/\/easyliferobo.com\/de\/#\/schema\/logo\/image\/\",\"url\":\"https:\/\/easyliferobo.com\/de\/wp-content\/uploads\/2026\/02\/Screenshot-2026-02-22-at-2.25.03-PM.png\",\"contentUrl\":\"https:\/\/easyliferobo.com\/de\/wp-content\/uploads\/2026\/02\/Screenshot-2026-02-22-at-2.25.03-PM.png\",\"width\":1858,\"height\":430,\"caption\":\"EasyLifeBro\"},\"image\":{\"@id\":\"https:\/\/easyliferobo.com\/de\/#\/schema\/logo\/image\/\"}}]}<\/script>\n<!-- \/ Yoast SEO plugin. -->","yoast_head_json":{"title":"N1600 PRO Roboter-Rasenm\u00e4her ohne Begrenzungskabel \u2013 Roboter-Rasenm\u00e4her mit RTK & AI Vision, f\u00fcr bis zu 1600 m\u00b2, U-f\u00f6rmiges M\u00e4hmuster, Mehrzonenmanagement, intelligente Hindernisvermeidung - EasyLifeBro","description":"Entdecken Sie smarte Roboter f\u00fcr Zuhause, Garten, Bildung und Sicherheit. Vergleichen Sie Saugroboter, Rasenm\u00e4hroboter, KI-Begleitroboter und mehr bei EasyLifeRobo.","robots":{"index":"index","follow":"follow","max-snippet":"max-snippet:-1","max-image-preview":"max-image-preview:large","max-video-preview":"max-video-preview:-1"},"canonical":"https:\/\/easyliferobo.com\/de\/product\/n1600-pro-roboter-rasenmaeher-ohne-begrenzungskabel-roboter-rasenmaeher-mit-rtk-ai-vision-fuer-bis-zu-1600-m\u00b2-u-foermiges-maehmuster-mehrzonenmanagement-intelligente-hindernisverm\/","og_locale":"de_DE","og_type":"article","og_title":"N1600 PRO Roboter-Rasenm\u00e4her ohne Begrenzungskabel \u2013 Roboter-Rasenm\u00e4her mit RTK & AI Vision, f\u00fcr bis zu 1600 m\u00b2, U-f\u00f6rmiges M\u00e4hmuster, Mehrzonenmanagement, intelligente Hindernisvermeidung - EasyLifeBro","og_description":"Entdecken Sie smarte Roboter f\u00fcr Zuhause, Garten, Bildung und Sicherheit. Vergleichen Sie Saugroboter, Rasenm\u00e4hroboter, KI-Begleitroboter und mehr bei EasyLifeRobo.","og_url":"https:\/\/easyliferobo.com\/de\/product\/n1600-pro-roboter-rasenmaeher-ohne-begrenzungskabel-roboter-rasenmaeher-mit-rtk-ai-vision-fuer-bis-zu-1600-m\u00b2-u-foermiges-maehmuster-mehrzonenmanagement-intelligente-hindernisverm\/","og_site_name":"EasyLifeBro","article_modified_time":"2026-02-27T14:50:16+00:00","og_image":[{"url":"https:\/\/images-na.ssl-images-amazon.com\/images\/G\/01\/x-locale\/common\/grey-pixel.gif","type":"","width":"","height":""}],"twitter_card":"summary_large_image","twitter_misc":{"Gesch\u00e4tzte Lesezeit":"1\u00a0Minute"},"schema":{"@context":"https:\/\/schema.org","@graph":[{"@type":"WebPage","@id":"https:\/\/easyliferobo.com\/de\/product\/n1600-pro-roboter-rasenmaeher-ohne-begrenzungskabel-roboter-rasenmaeher-mit-rtk-ai-vision-fuer-bis-zu-1600-m%c2%b2-u-foermiges-maehmuster-mehrzonenmanagement-intelligente-hindernisverm\/","url":"https:\/\/easyliferobo.com\/de\/product\/n1600-pro-roboter-rasenmaeher-ohne-begrenzungskabel-roboter-rasenmaeher-mit-rtk-ai-vision-fuer-bis-zu-1600-m%c2%b2-u-foermiges-maehmuster-mehrzonenmanagement-intelligente-hindernisverm\/","name":"N1600 PRO Roboter-Rasenm\u00e4her ohne Begrenzungskabel \u2013 Roboter-Rasenm\u00e4her mit RTK & AI Vision, f\u00fcr bis zu 1600 m\u00b2, U-f\u00f6rmiges M\u00e4hmuster, Mehrzonenmanagement, intelligente Hindernisvermeidung - EasyLifeBro","isPartOf":{"@id":"https:\/\/easyliferobo.com\/de\/#website"},"primaryImageOfPage":{"@id":"https:\/\/easyliferobo.com\/de\/product\/n1600-pro-roboter-rasenmaeher-ohne-begrenzungskabel-roboter-rasenmaeher-mit-rtk-ai-vision-fuer-bis-zu-1600-m%c2%b2-u-foermiges-maehmuster-mehrzonenmanagement-intelligente-hindernisverm\/#primaryimage"},"image":{"@id":"https:\/\/easyliferobo.com\/de\/product\/n1600-pro-roboter-rasenmaeher-ohne-begrenzungskabel-roboter-rasenmaeher-mit-rtk-ai-vision-fuer-bis-zu-1600-m%c2%b2-u-foermiges-maehmuster-mehrzonenmanagement-intelligente-hindernisverm\/#primaryimage"},"thumbnailUrl":"https:\/\/easyliferobo.com\/de\/wp-content\/uploads\/2026\/02\/618GCbYAtAL._AC_SL1500_.jpg","datePublished":"2026-02-27T14:49:44+00:00","dateModified":"2026-02-27T14:50:16+00:00","description":"Entdecken Sie smarte Roboter f\u00fcr Zuhause, Garten, Bildung und Sicherheit. Vergleichen Sie Saugroboter, Rasenm\u00e4hroboter, KI-Begleitroboter und mehr bei EasyLifeRobo.","breadcrumb":{"@id":"https:\/\/easyliferobo.com\/de\/product\/n1600-pro-roboter-rasenmaeher-ohne-begrenzungskabel-roboter-rasenmaeher-mit-rtk-ai-vision-fuer-bis-zu-1600-m%c2%b2-u-foermiges-maehmuster-mehrzonenmanagement-intelligente-hindernisverm\/#breadcrumb"},"inLanguage":"de","potentialAction":[{"@type":"ReadAction","target":["https:\/\/easyliferobo.com\/de\/product\/n1600-pro-roboter-rasenmaeher-ohne-begrenzungskabel-roboter-rasenmaeher-mit-rtk-ai-vision-fuer-bis-zu-1600-m%c2%b2-u-foermiges-maehmuster-mehrzonenmanagement-intelligente-hindernisverm\/"]}]},{"@type":"ImageObject","inLanguage":"de","@id":"https:\/\/easyliferobo.com\/de\/product\/n1600-pro-roboter-rasenmaeher-ohne-begrenzungskabel-roboter-rasenmaeher-mit-rtk-ai-vision-fuer-bis-zu-1600-m%c2%b2-u-foermiges-maehmuster-mehrzonenmanagement-intelligente-hindernisverm\/#primaryimage","url":"https:\/\/easyliferobo.com\/de\/wp-content\/uploads\/2026\/02\/618GCbYAtAL._AC_SL1500_.jpg","contentUrl":"https:\/\/easyliferobo.com\/de\/wp-content\/uploads\/2026\/02\/618GCbYAtAL._AC_SL1500_.jpg","width":1466,"height":1360},{"@type":"BreadcrumbList","@id":"https:\/\/easyliferobo.com\/de\/product\/n1600-pro-roboter-rasenmaeher-ohne-begrenzungskabel-roboter-rasenmaeher-mit-rtk-ai-vision-fuer-bis-zu-1600-m%c2%b2-u-foermiges-maehmuster-mehrzonenmanagement-intelligente-hindernisverm\/#breadcrumb","itemListElement":[{"@type":"ListItem","position":1,"name":"Home","item":"https:\/\/easyliferobo.com\/de\/"},{"@type":"ListItem","position":2,"name":"Shop","item":"https:\/\/easyliferobo.com\/de\/shop\/"},{"@type":"ListItem","position":3,"name":"N1600 PRO Roboter-Rasenm\u00e4her ohne ..."}]},{"@type":"WebSite","@id":"https:\/\/easyliferobo.com\/de\/#website","url":"https:\/\/easyliferobo.com\/de\/","name":"EasyLifeBro","description":"Smarte Roboter f\u00fcr Zuhause, Garten &amp; Bildung","publisher":{"@id":"https:\/\/easyliferobo.com\/de\/#organization"},"potentialAction":[{"@type":"SearchAction","target":{"@type":"EntryPoint","urlTemplate":"https:\/\/easyliferobo.com\/de\/?s={search_term_string}"},"query-input":{"@type":"PropertyValueSpecification","valueRequired":true,"valueName":"search_term_string"}}],"inLanguage":"de"},{"@type":"Organization","@id":"https:\/\/easyliferobo.com\/de\/#organization","name":"EasyLifeBro","url":"https:\/\/easyliferobo.com\/de\/","logo":{"@type":"ImageObject","inLanguage":"de","@id":"https:\/\/easyliferobo.com\/de\/#\/schema\/logo\/image\/","url":"https:\/\/easyliferobo.com\/de\/wp-content\/uploads\/2026\/02\/Screenshot-2026-02-22-at-2.25.03-PM.png","contentUrl":"https:\/\/easyliferobo.com\/de\/wp-content\/uploads\/2026\/02\/Screenshot-2026-02-22-at-2.25.03-PM.png","width":1858,"height":430,"caption":"EasyLifeBro"},"image":{"@id":"https:\/\/easyliferobo.com\/de\/#\/schema\/logo\/image\/"}}]}},"_links":{"self":[{"href":"https:\/\/easyliferobo.com\/de\/wp-json\/wp\/v2\/product\/4932","targetHints":{"allow":["GET"]}}],"collection":[{"href":"https:\/\/easyliferobo.com\/de\/wp-json\/wp\/v2\/product"}],"about":[{"href":"https:\/\/easyliferobo.com\/de\/wp-json\/wp\/v2\/types\/product"}],"replies":[{"embeddable":true,"href":"https:\/\/easyliferobo.com\/de\/wp-json\/wp\/v2\/comments?post=4932"}],"wp:featuredmedia":[{"embeddable":true,"href":"https:\/\/easyliferobo.com\/de\/wp-json\/wp\/v2\/media\/4933"}],"wp:attachment":[{"href":"https:\/\/easyliferobo.com\/de\/wp-json\/wp\/v2\/media?parent=4932"}],"wp:term":[{"taxonomy":"store","embeddable":true,"href":"https:\/\/easyliferobo.com\/de\/wp-json\/wp\/v2\/store?post=4932"},{"taxonomy":"product_brand","embeddable":true,"href":"https:\/\/easyliferobo.com\/de\/wp-json\/wp\/v2\/product_brand?post=4932"},{"taxonomy":"product_cat","embeddable":true,"href":"https:\/\/easyliferobo.com\/de\/wp-json\/wp\/v2\/product_cat?post=4932"},{"taxonomy":"product_tag","embeddable":true,"href":"https:\/\/easyliferobo.com\/de\/wp-json\/wp\/v2\/product_tag?post=4932"}],"curies":[{"name":"wp","href":"https:\/\/api.w.org\/{rel}","templated":true}]}}