
{"id":4912,"date":"2026-02-27T14:45:31","date_gmt":"2026-02-27T14:45:31","guid":{"rendered":"https:\/\/easyliferobo.com\/de\/product\/lefant-m210p-saugroboter-ohne-wischfunktion-2200-pa-saugleistung-120-min-steuerung-ueber-wlan-bluetooth-alexa-und-app-6-reinigungsmodi-und-automatisches-laden-ideal-fuer-tierhaare-und\/"},"modified":"2026-02-27T14:45:53","modified_gmt":"2026-02-27T14:45:53","slug":"lefant-m210p-saugroboter-ohne-wischfunktion-2200-pa-saugleistung-120-min-steuerung-ueber-wlan-bluetooth-alexa-und-app-6-reinigungsmodi-und-automatisches-laden-ideal-fuer-tierhaare-und","status":"publish","type":"product","link":"https:\/\/easyliferobo.com\/de\/product\/lefant-m210p-saugroboter-ohne-wischfunktion-2200-pa-saugleistung-120-min-steuerung-ueber-wlan-bluetooth-alexa-und-app-6-reinigungsmodi-und-automatisches-laden-ideal-fuer-tierhaare-und\/","title":{"rendered":"LEFANT M210P Saugroboter ohne Wisch..."},"content":{"rendered":"<p>\n                                             Von der Marke   <\/p>\n<p>                                              <img decoding=\"async\" alt=\"Aplus-Inhaltsbild\" src=\"https:\/\/images-na.ssl-images-amazon.com\/images\/G\/01\/x-locale\/common\/grey-pixel.gif\" class=\"a-lazy-loaded\" data-src=\"https:\/\/m.media-amazon.com\/images\/S\/aplus-media-library-service-media\/44d73486-a7f8-4f42-935a-c58e8324f002.__CR0,0,1464,625_PT0_SX1464_V1___.jpg\"><img decoding=\"async\" alt=\"Aplus-Inhaltsbild\" src=\"https:\/\/m.media-amazon.com\/images\/S\/aplus-media-library-service-media\/44d73486-a7f8-4f42-935a-c58e8324f002.__CR0,0,1464,625_PT0_SX1464_V1___.jpg\">  <\/p>\n<h3>  M3 Wischroboter <\/h3>\n<h3>  M2 Pro Roboter-Staubsauger <\/h3>\n<h3>  M330 Pro Roboter-Staubsauger <\/h3>\n<h3>  M210P Staubsaugerroboter <\/h3>\n<p>                                              <img decoding=\"async\" alt=\"Aplus-Inhaltsbild\" src=\"https:\/\/images-na.ssl-images-amazon.com\/images\/G\/01\/x-locale\/common\/grey-pixel.gif\" class=\"a-lazy-loaded\" data-src=\"https:\/\/m.media-amazon.com\/images\/S\/aplus-media-library-service-media\/eb3c5ce6-d276-435f-8bf7-6a47f0a8aea2.__CR0,0,362,453_PT0_SX362_V1___.jpg\"><img decoding=\"async\" alt=\"Aplus-Inhaltsbild\" src=\"https:\/\/m.media-amazon.com\/images\/S\/aplus-media-library-service-media\/eb3c5ce6-d276-435f-8bf7-6a47f0a8aea2.__CR0,0,362,453_PT0_SX362_V1___.jpg\">  <\/p>\n<p>                                              <img decoding=\"async\" alt=\"Aplus-Inhaltsbild\" src=\"https:\/\/images-na.ssl-images-amazon.com\/images\/G\/01\/x-locale\/common\/grey-pixel.gif\" class=\"a-lazy-loaded\" data-src=\"https:\/\/m.media-amazon.com\/images\/S\/aplus-media-library-service-media\/9d29ccef-8e3a-4b1b-a3e1-cd09c06ec5c8.__CR0,0,362,453_PT0_SX362_V1___.jpg\"><img decoding=\"async\" alt=\"Aplus-Inhaltsbild\" src=\"https:\/\/m.media-amazon.com\/images\/S\/aplus-media-library-service-media\/9d29ccef-8e3a-4b1b-a3e1-cd09c06ec5c8.__CR0,0,362,453_PT0_SX362_V1___.jpg\">  <\/p>\n<p>                                              <img decoding=\"async\" alt=\"\" src=\"https:\/\/images-na.ssl-images-amazon.com\/images\/G\/01\/x-locale\/common\/grey-pixel.gif\" class=\"a-lazy-loaded\" data-src=\"https:\/\/m.media-amazon.com\/images\/S\/aplus-media-library-service-media\/8226da04-9b9f-47e8-a9e3-0db8ba138e19.__CR0,143,362,167_PT0_SX315_V1___.png\"><img decoding=\"async\" alt=\"\" src=\"https:\/\/m.media-amazon.com\/images\/S\/aplus-media-library-service-media\/8226da04-9b9f-47e8-a9e3-0db8ba138e19.__CR0,143,362,167_PT0_SX315_V1___.png\">  <\/p>\n<p>  Lefant ist einer der m\u00e4chtigsten Marktf\u00fchrer in der Herstellung innovativer Haushaltsprodukte. Wir sind der \u00dcberzeugung, dass wir gro\u00dfartige Produkte entwickeln, die durch freundlichen und reaktionsschnellen Service unterst\u00fctzt werden, um unsere Kunden auf der ganzen Welt zu begeistern. <\/p>\n<p>  Unser Konzept ist es, jedem zu erm\u00f6glichen, den Komfort der Technologie zu genie\u00dfen. W\u00e4hlen Sie den Lefant Roboterstaubsauger, um Ihre H\u00e4nde zu befreien und das Leben besser zu machen! <\/p>\n<p>Intelligente FreeMove 3.0-Technologie: Der Roboterstaubsauger LEFANT M210P ohne Wischfunktion nutzt die patentierte intelligente FreeMove 3.0-Navigation. Ausgestattet mit 6D-Infrarotsensoren f\u00fcr eine 360\u00b0-Erkennung vermeidet es Kollisionen, Hindernisse und Treppenst\u00fcrze. Ideal f\u00fcr enge Wohnungen mit M\u00f6beln. Roboterstaubsauger mit Hindernisvermeidung f\u00fcr eine gr\u00fcndliche Reinigung.<br \/>Ultraflacher und gro\u00dfer Staubbeh\u00e4lter: Mit nur 7,8 cm H\u00f6he und 28 cm Durchmesser passt dieser flache Saugroboter problemlos unter Sofas und Betten. Der 500-ml-Staubbeh\u00e4lter mit 2-stufigem Filtersystem verhindert Staubansammlungen. Perfekt f\u00fcr Allergiker und Tierhaarentfernung. Roboterstaubsauger f\u00fcr Tierhaare und gr\u00fcndliche Teppichreinigung.<br \/>Perfekt f\u00fcr Haare und Haustiere: LEFANT Roboterstaubsauger, spezielle b\u00fcrstenlose Walzenb\u00fcrste, Anti-Haarwickel-Design. Mit Seitenb\u00fcrsten und breiter D\u00fcse, wirksam gegen Staub, Haare und Tierhaare. Ideal f\u00fcr Haushalte mit Hunden oder Katzen. Roboterstaubsauger ohne Wischfunktion f\u00fcr die t\u00e4gliche Tierhaarentfernung auf Teppichen.<br \/>Intelligente Reinigungsrouten: Im Vergleich zur Zufallsnavigation: LEFANT Saugroboter Intelligente 3-stufige Zick-Zack-Reinigung f\u00fcr systematische Abdeckung. Inklusive Kantenreinigung und Nachreinigung \u00fcbersehener Bereiche. Sorgt f\u00fcr eine gr\u00fcndliche Reinigung ohne fehlende Stellen. Effizienter Wischroboter mit Planungsfunktion.<br \/>APP- und Sprachsteuerung: Staubsaugerroboter einfache Steuerung per LEFANT-App (2,4 GHz WLAN), Alexa oder Google Assistant. Planen Sie die Reinigung, w\u00e4hlen Sie Modi aus, verfolgen Sie Routen und passen Sie die Leistung an. Starten Sie die Reinigung per Sprachbefehl. Smart Home kompatibler Staubsaugerroboter mit Wischfunktion.<\/p>\n<p>[ad_2]<\/p>\n","protected":false},"excerpt":{"rendered":"<p>Von der Marke M3 Wischroboter M2 Pro Roboter-Staubsauger M330 Pro Roboter-Staubsauger M210P Staubsaugerroboter Lefant ist einer der m\u00e4chtigsten Marktf\u00fchrer in der Herstellung innovativer Haushaltsprodukte. Wir sind der \u00dcberzeugung, dass wir gro\u00dfartige Produkte entwickeln, die durch freundlichen und reaktionsschnellen Service unterst\u00fctzt werden, um unsere Kunden auf der ganzen Welt zu begeistern. Unser Konzept ist es, jedem [&hellip;]<\/p>\n","protected":false},"featured_media":4913,"comment_status":"open","ping_status":"closed","template":"","meta":{"_aipt_faq_data":""},"store":[],"product_brand":[173],"product_cat":[88],"product_tag":[235],"class_list":{"0":"post-4912","1":"product","2":"type-product","3":"status-publish","4":"has-post-thumbnail","6":"product_brand-lefant","7":"product_cat-interaktive-spielzeugroboter","8":"product_tag-interaktive-spielzeugroboter-programmierbar","10":"first","11":"instock","12":"shipping-taxable","13":"product-type-external"},"yoast_head":"<!-- This site is optimized with the Yoast SEO plugin v27.0 - https:\/\/yoast.com\/product\/yoast-seo-wordpress\/ -->\n<title>LEFANT M210P Saugroboter ohne Wischfunktion, 2200 Pa Saugleistung, 120 Min. Steuerung \u00fcber WLAN, Bluetooth, Alexa und App, 6 Reinigungsmodi und automatisches Laden, ideal f\u00fcr Tierhaare und - EasyLifeBro<\/title>\n<meta name=\"description\" content=\"Entdecken Sie smarte Roboter f\u00fcr Zuhause, Garten, Bildung und Sicherheit. Vergleichen Sie Saugroboter, Rasenm\u00e4hroboter, KI-Begleitroboter und mehr bei EasyLifeRobo.\" \/>\n<meta name=\"robots\" content=\"index, follow, max-snippet:-1, max-image-preview:large, max-video-preview:-1\" \/>\n<link rel=\"canonical\" href=\"https:\/\/easyliferobo.com\/de\/product\/lefant-m210p-saugroboter-ohne-wischfunktion-2200-pa-saugleistung-120-min-steuerung-ueber-wlan-bluetooth-alexa-und-app-6-reinigungsmodi-und-automatisches-laden-ideal-fuer-tierhaare-und\/\" \/>\n<meta property=\"og:locale\" content=\"de_DE\" \/>\n<meta property=\"og:type\" content=\"article\" \/>\n<meta property=\"og:title\" content=\"LEFANT M210P Saugroboter ohne Wischfunktion, 2200 Pa Saugleistung, 120 Min. Steuerung \u00fcber WLAN, Bluetooth, Alexa und App, 6 Reinigungsmodi und automatisches Laden, ideal f\u00fcr Tierhaare und - EasyLifeBro\" \/>\n<meta property=\"og:description\" content=\"Entdecken Sie smarte Roboter f\u00fcr Zuhause, Garten, Bildung und Sicherheit. Vergleichen Sie Saugroboter, Rasenm\u00e4hroboter, KI-Begleitroboter und mehr bei EasyLifeRobo.\" \/>\n<meta property=\"og:url\" content=\"https:\/\/easyliferobo.com\/de\/product\/lefant-m210p-saugroboter-ohne-wischfunktion-2200-pa-saugleistung-120-min-steuerung-ueber-wlan-bluetooth-alexa-und-app-6-reinigungsmodi-und-automatisches-laden-ideal-fuer-tierhaare-und\/\" \/>\n<meta property=\"og:site_name\" content=\"EasyLifeBro\" \/>\n<meta property=\"article:modified_time\" content=\"2026-02-27T14:45:53+00:00\" \/>\n<meta property=\"og:image\" content=\"https:\/\/images-na.ssl-images-amazon.com\/images\/G\/01\/x-locale\/common\/grey-pixel.gif\" \/>\n<meta name=\"twitter:card\" content=\"summary_large_image\" \/>\n<meta name=\"twitter:label1\" content=\"Gesch\u00e4tzte Lesezeit\" \/>\n\t<meta name=\"twitter:data1\" content=\"2\u00a0Minuten\" \/>\n<script type=\"application\/ld+json\" class=\"yoast-schema-graph\">{\"@context\":\"https:\/\/schema.org\",\"@graph\":[{\"@type\":\"WebPage\",\"@id\":\"https:\/\/easyliferobo.com\/de\/product\/lefant-m210p-saugroboter-ohne-wischfunktion-2200-pa-saugleistung-120-min-steuerung-ueber-wlan-bluetooth-alexa-und-app-6-reinigungsmodi-und-automatisches-laden-ideal-fuer-tierhaare-und\/\",\"url\":\"https:\/\/easyliferobo.com\/de\/product\/lefant-m210p-saugroboter-ohne-wischfunktion-2200-pa-saugleistung-120-min-steuerung-ueber-wlan-bluetooth-alexa-und-app-6-reinigungsmodi-und-automatisches-laden-ideal-fuer-tierhaare-und\/\",\"name\":\"LEFANT M210P Saugroboter ohne Wischfunktion, 2200 Pa Saugleistung, 120 Min. Steuerung \u00fcber WLAN, Bluetooth, Alexa und App, 6 Reinigungsmodi und automatisches Laden, ideal f\u00fcr Tierhaare und - EasyLifeBro\",\"isPartOf\":{\"@id\":\"https:\/\/easyliferobo.com\/de\/#website\"},\"primaryImageOfPage\":{\"@id\":\"https:\/\/easyliferobo.com\/de\/product\/lefant-m210p-saugroboter-ohne-wischfunktion-2200-pa-saugleistung-120-min-steuerung-ueber-wlan-bluetooth-alexa-und-app-6-reinigungsmodi-und-automatisches-laden-ideal-fuer-tierhaare-und\/#primaryimage\"},\"image\":{\"@id\":\"https:\/\/easyliferobo.com\/de\/product\/lefant-m210p-saugroboter-ohne-wischfunktion-2200-pa-saugleistung-120-min-steuerung-ueber-wlan-bluetooth-alexa-und-app-6-reinigungsmodi-und-automatisches-laden-ideal-fuer-tierhaare-und\/#primaryimage\"},\"thumbnailUrl\":\"https:\/\/easyliferobo.com\/de\/wp-content\/uploads\/2026\/02\/61CfZ85jmkL._AC_SL1500_.jpg\",\"datePublished\":\"2026-02-27T14:45:31+00:00\",\"dateModified\":\"2026-02-27T14:45:53+00:00\",\"description\":\"Entdecken Sie smarte Roboter f\u00fcr Zuhause, Garten, Bildung und Sicherheit. Vergleichen Sie Saugroboter, Rasenm\u00e4hroboter, KI-Begleitroboter und mehr bei EasyLifeRobo.\",\"breadcrumb\":{\"@id\":\"https:\/\/easyliferobo.com\/de\/product\/lefant-m210p-saugroboter-ohne-wischfunktion-2200-pa-saugleistung-120-min-steuerung-ueber-wlan-bluetooth-alexa-und-app-6-reinigungsmodi-und-automatisches-laden-ideal-fuer-tierhaare-und\/#breadcrumb\"},\"inLanguage\":\"de\",\"potentialAction\":[{\"@type\":\"ReadAction\",\"target\":[\"https:\/\/easyliferobo.com\/de\/product\/lefant-m210p-saugroboter-ohne-wischfunktion-2200-pa-saugleistung-120-min-steuerung-ueber-wlan-bluetooth-alexa-und-app-6-reinigungsmodi-und-automatisches-laden-ideal-fuer-tierhaare-und\/\"]}]},{\"@type\":\"ImageObject\",\"inLanguage\":\"de\",\"@id\":\"https:\/\/easyliferobo.com\/de\/product\/lefant-m210p-saugroboter-ohne-wischfunktion-2200-pa-saugleistung-120-min-steuerung-ueber-wlan-bluetooth-alexa-und-app-6-reinigungsmodi-und-automatisches-laden-ideal-fuer-tierhaare-und\/#primaryimage\",\"url\":\"https:\/\/easyliferobo.com\/de\/wp-content\/uploads\/2026\/02\/61CfZ85jmkL._AC_SL1500_.jpg\",\"contentUrl\":\"https:\/\/easyliferobo.com\/de\/wp-content\/uploads\/2026\/02\/61CfZ85jmkL._AC_SL1500_.jpg\",\"width\":1294,\"height\":1309},{\"@type\":\"BreadcrumbList\",\"@id\":\"https:\/\/easyliferobo.com\/de\/product\/lefant-m210p-saugroboter-ohne-wischfunktion-2200-pa-saugleistung-120-min-steuerung-ueber-wlan-bluetooth-alexa-und-app-6-reinigungsmodi-und-automatisches-laden-ideal-fuer-tierhaare-und\/#breadcrumb\",\"itemListElement\":[{\"@type\":\"ListItem\",\"position\":1,\"name\":\"Home\",\"item\":\"https:\/\/easyliferobo.com\/de\/\"},{\"@type\":\"ListItem\",\"position\":2,\"name\":\"Shop\",\"item\":\"https:\/\/easyliferobo.com\/de\/shop\/\"},{\"@type\":\"ListItem\",\"position\":3,\"name\":\"LEFANT M210P Saugroboter ohne Wisch...\"}]},{\"@type\":\"WebSite\",\"@id\":\"https:\/\/easyliferobo.com\/de\/#website\",\"url\":\"https:\/\/easyliferobo.com\/de\/\",\"name\":\"EasyLifeBro\",\"description\":\"Smarte Roboter f\u00fcr Zuhause, Garten &amp; Bildung\",\"publisher\":{\"@id\":\"https:\/\/easyliferobo.com\/de\/#organization\"},\"potentialAction\":[{\"@type\":\"SearchAction\",\"target\":{\"@type\":\"EntryPoint\",\"urlTemplate\":\"https:\/\/easyliferobo.com\/de\/?s={search_term_string}\"},\"query-input\":{\"@type\":\"PropertyValueSpecification\",\"valueRequired\":true,\"valueName\":\"search_term_string\"}}],\"inLanguage\":\"de\"},{\"@type\":\"Organization\",\"@id\":\"https:\/\/easyliferobo.com\/de\/#organization\",\"name\":\"EasyLifeBro\",\"url\":\"https:\/\/easyliferobo.com\/de\/\",\"logo\":{\"@type\":\"ImageObject\",\"inLanguage\":\"de\",\"@id\":\"https:\/\/easyliferobo.com\/de\/#\/schema\/logo\/image\/\",\"url\":\"https:\/\/easyliferobo.com\/de\/wp-content\/uploads\/2026\/02\/Screenshot-2026-02-22-at-2.25.03-PM.png\",\"contentUrl\":\"https:\/\/easyliferobo.com\/de\/wp-content\/uploads\/2026\/02\/Screenshot-2026-02-22-at-2.25.03-PM.png\",\"width\":1858,\"height\":430,\"caption\":\"EasyLifeBro\"},\"image\":{\"@id\":\"https:\/\/easyliferobo.com\/de\/#\/schema\/logo\/image\/\"}}]}<\/script>\n<!-- \/ Yoast SEO plugin. -->","yoast_head_json":{"title":"LEFANT M210P Saugroboter ohne Wischfunktion, 2200 Pa Saugleistung, 120 Min. Steuerung \u00fcber WLAN, Bluetooth, Alexa und App, 6 Reinigungsmodi und automatisches Laden, ideal f\u00fcr Tierhaare und - EasyLifeBro","description":"Entdecken Sie smarte Roboter f\u00fcr Zuhause, Garten, Bildung und Sicherheit. Vergleichen Sie Saugroboter, Rasenm\u00e4hroboter, KI-Begleitroboter und mehr bei EasyLifeRobo.","robots":{"index":"index","follow":"follow","max-snippet":"max-snippet:-1","max-image-preview":"max-image-preview:large","max-video-preview":"max-video-preview:-1"},"canonical":"https:\/\/easyliferobo.com\/de\/product\/lefant-m210p-saugroboter-ohne-wischfunktion-2200-pa-saugleistung-120-min-steuerung-ueber-wlan-bluetooth-alexa-und-app-6-reinigungsmodi-und-automatisches-laden-ideal-fuer-tierhaare-und\/","og_locale":"de_DE","og_type":"article","og_title":"LEFANT M210P Saugroboter ohne Wischfunktion, 2200 Pa Saugleistung, 120 Min. Steuerung \u00fcber WLAN, Bluetooth, Alexa und App, 6 Reinigungsmodi und automatisches Laden, ideal f\u00fcr Tierhaare und - EasyLifeBro","og_description":"Entdecken Sie smarte Roboter f\u00fcr Zuhause, Garten, Bildung und Sicherheit. Vergleichen Sie Saugroboter, Rasenm\u00e4hroboter, KI-Begleitroboter und mehr bei EasyLifeRobo.","og_url":"https:\/\/easyliferobo.com\/de\/product\/lefant-m210p-saugroboter-ohne-wischfunktion-2200-pa-saugleistung-120-min-steuerung-ueber-wlan-bluetooth-alexa-und-app-6-reinigungsmodi-und-automatisches-laden-ideal-fuer-tierhaare-und\/","og_site_name":"EasyLifeBro","article_modified_time":"2026-02-27T14:45:53+00:00","og_image":[{"url":"https:\/\/images-na.ssl-images-amazon.com\/images\/G\/01\/x-locale\/common\/grey-pixel.gif","type":"","width":"","height":""}],"twitter_card":"summary_large_image","twitter_misc":{"Gesch\u00e4tzte Lesezeit":"2\u00a0Minuten"},"schema":{"@context":"https:\/\/schema.org","@graph":[{"@type":"WebPage","@id":"https:\/\/easyliferobo.com\/de\/product\/lefant-m210p-saugroboter-ohne-wischfunktion-2200-pa-saugleistung-120-min-steuerung-ueber-wlan-bluetooth-alexa-und-app-6-reinigungsmodi-und-automatisches-laden-ideal-fuer-tierhaare-und\/","url":"https:\/\/easyliferobo.com\/de\/product\/lefant-m210p-saugroboter-ohne-wischfunktion-2200-pa-saugleistung-120-min-steuerung-ueber-wlan-bluetooth-alexa-und-app-6-reinigungsmodi-und-automatisches-laden-ideal-fuer-tierhaare-und\/","name":"LEFANT M210P Saugroboter ohne Wischfunktion, 2200 Pa Saugleistung, 120 Min. Steuerung \u00fcber WLAN, Bluetooth, Alexa und App, 6 Reinigungsmodi und automatisches Laden, ideal f\u00fcr Tierhaare und - EasyLifeBro","isPartOf":{"@id":"https:\/\/easyliferobo.com\/de\/#website"},"primaryImageOfPage":{"@id":"https:\/\/easyliferobo.com\/de\/product\/lefant-m210p-saugroboter-ohne-wischfunktion-2200-pa-saugleistung-120-min-steuerung-ueber-wlan-bluetooth-alexa-und-app-6-reinigungsmodi-und-automatisches-laden-ideal-fuer-tierhaare-und\/#primaryimage"},"image":{"@id":"https:\/\/easyliferobo.com\/de\/product\/lefant-m210p-saugroboter-ohne-wischfunktion-2200-pa-saugleistung-120-min-steuerung-ueber-wlan-bluetooth-alexa-und-app-6-reinigungsmodi-und-automatisches-laden-ideal-fuer-tierhaare-und\/#primaryimage"},"thumbnailUrl":"https:\/\/easyliferobo.com\/de\/wp-content\/uploads\/2026\/02\/61CfZ85jmkL._AC_SL1500_.jpg","datePublished":"2026-02-27T14:45:31+00:00","dateModified":"2026-02-27T14:45:53+00:00","description":"Entdecken Sie smarte Roboter f\u00fcr Zuhause, Garten, Bildung und Sicherheit. Vergleichen Sie Saugroboter, Rasenm\u00e4hroboter, KI-Begleitroboter und mehr bei EasyLifeRobo.","breadcrumb":{"@id":"https:\/\/easyliferobo.com\/de\/product\/lefant-m210p-saugroboter-ohne-wischfunktion-2200-pa-saugleistung-120-min-steuerung-ueber-wlan-bluetooth-alexa-und-app-6-reinigungsmodi-und-automatisches-laden-ideal-fuer-tierhaare-und\/#breadcrumb"},"inLanguage":"de","potentialAction":[{"@type":"ReadAction","target":["https:\/\/easyliferobo.com\/de\/product\/lefant-m210p-saugroboter-ohne-wischfunktion-2200-pa-saugleistung-120-min-steuerung-ueber-wlan-bluetooth-alexa-und-app-6-reinigungsmodi-und-automatisches-laden-ideal-fuer-tierhaare-und\/"]}]},{"@type":"ImageObject","inLanguage":"de","@id":"https:\/\/easyliferobo.com\/de\/product\/lefant-m210p-saugroboter-ohne-wischfunktion-2200-pa-saugleistung-120-min-steuerung-ueber-wlan-bluetooth-alexa-und-app-6-reinigungsmodi-und-automatisches-laden-ideal-fuer-tierhaare-und\/#primaryimage","url":"https:\/\/easyliferobo.com\/de\/wp-content\/uploads\/2026\/02\/61CfZ85jmkL._AC_SL1500_.jpg","contentUrl":"https:\/\/easyliferobo.com\/de\/wp-content\/uploads\/2026\/02\/61CfZ85jmkL._AC_SL1500_.jpg","width":1294,"height":1309},{"@type":"BreadcrumbList","@id":"https:\/\/easyliferobo.com\/de\/product\/lefant-m210p-saugroboter-ohne-wischfunktion-2200-pa-saugleistung-120-min-steuerung-ueber-wlan-bluetooth-alexa-und-app-6-reinigungsmodi-und-automatisches-laden-ideal-fuer-tierhaare-und\/#breadcrumb","itemListElement":[{"@type":"ListItem","position":1,"name":"Home","item":"https:\/\/easyliferobo.com\/de\/"},{"@type":"ListItem","position":2,"name":"Shop","item":"https:\/\/easyliferobo.com\/de\/shop\/"},{"@type":"ListItem","position":3,"name":"LEFANT M210P Saugroboter ohne Wisch..."}]},{"@type":"WebSite","@id":"https:\/\/easyliferobo.com\/de\/#website","url":"https:\/\/easyliferobo.com\/de\/","name":"EasyLifeBro","description":"Smarte Roboter f\u00fcr Zuhause, Garten &amp; Bildung","publisher":{"@id":"https:\/\/easyliferobo.com\/de\/#organization"},"potentialAction":[{"@type":"SearchAction","target":{"@type":"EntryPoint","urlTemplate":"https:\/\/easyliferobo.com\/de\/?s={search_term_string}"},"query-input":{"@type":"PropertyValueSpecification","valueRequired":true,"valueName":"search_term_string"}}],"inLanguage":"de"},{"@type":"Organization","@id":"https:\/\/easyliferobo.com\/de\/#organization","name":"EasyLifeBro","url":"https:\/\/easyliferobo.com\/de\/","logo":{"@type":"ImageObject","inLanguage":"de","@id":"https:\/\/easyliferobo.com\/de\/#\/schema\/logo\/image\/","url":"https:\/\/easyliferobo.com\/de\/wp-content\/uploads\/2026\/02\/Screenshot-2026-02-22-at-2.25.03-PM.png","contentUrl":"https:\/\/easyliferobo.com\/de\/wp-content\/uploads\/2026\/02\/Screenshot-2026-02-22-at-2.25.03-PM.png","width":1858,"height":430,"caption":"EasyLifeBro"},"image":{"@id":"https:\/\/easyliferobo.com\/de\/#\/schema\/logo\/image\/"}}]}},"_links":{"self":[{"href":"https:\/\/easyliferobo.com\/de\/wp-json\/wp\/v2\/product\/4912","targetHints":{"allow":["GET"]}}],"collection":[{"href":"https:\/\/easyliferobo.com\/de\/wp-json\/wp\/v2\/product"}],"about":[{"href":"https:\/\/easyliferobo.com\/de\/wp-json\/wp\/v2\/types\/product"}],"replies":[{"embeddable":true,"href":"https:\/\/easyliferobo.com\/de\/wp-json\/wp\/v2\/comments?post=4912"}],"wp:featuredmedia":[{"embeddable":true,"href":"https:\/\/easyliferobo.com\/de\/wp-json\/wp\/v2\/media\/4913"}],"wp:attachment":[{"href":"https:\/\/easyliferobo.com\/de\/wp-json\/wp\/v2\/media?parent=4912"}],"wp:term":[{"taxonomy":"store","embeddable":true,"href":"https:\/\/easyliferobo.com\/de\/wp-json\/wp\/v2\/store?post=4912"},{"taxonomy":"product_brand","embeddable":true,"href":"https:\/\/easyliferobo.com\/de\/wp-json\/wp\/v2\/product_brand?post=4912"},{"taxonomy":"product_cat","embeddable":true,"href":"https:\/\/easyliferobo.com\/de\/wp-json\/wp\/v2\/product_cat?post=4912"},{"taxonomy":"product_tag","embeddable":true,"href":"https:\/\/easyliferobo.com\/de\/wp-json\/wp\/v2\/product_tag?post=4912"}],"curies":[{"name":"wp","href":"https:\/\/api.w.org\/{rel}","templated":true}]}}