
{"id":4896,"date":"2026-02-27T14:42:05","date_gmt":"2026-02-27T14:42:05","guid":{"rendered":"https:\/\/easyliferobo.com\/de\/product\/silverlit-ycoo-robot-remix-interaktiver-roboter-mit-musik-rhythmus-und-gedaechtnisspiele-leuchtende-leds-ab-5-jahren\/"},"modified":"2026-02-27T14:42:23","modified_gmt":"2026-02-27T14:42:23","slug":"silverlit-ycoo-robot-remix-interaktiver-roboter-mit-musik-rhythmus-und-gedaechtnisspiele-leuchtende-leds-ab-5-jahren","status":"publish","type":"product","link":"https:\/\/easyliferobo.com\/de\/product\/silverlit-ycoo-robot-remix-interaktiver-roboter-mit-musik-rhythmus-und-gedaechtnisspiele-leuchtende-leds-ab-5-jahren\/","title":{"rendered":"Silverlit Ycoo Robot Remix \u2013 Inte..."},"content":{"rendered":"<p>    <span>Entdecken Sie Robot Remix, den musikalischen Begleiter, der der Fantasie freien Lauf l\u00e4sst. Dieser interaktive und leuchtende Roboter bietet zwei Spielmodi f\u00fcr stundenlangen Spielspa\u00df: Beatboxing zum Erstellen von Trainingsrhythmen und Musikged\u00e4chtnis zur Stimulierung des Musikged\u00e4chtnisses. Im Rhythmus der Musik bewegt Robot Remix Kopf und K\u00f6rper, erleuchtet mit seinen doppelten bunten LEDs und l\u00e4sst Kinder in ein dynamisches Universum aus Kl\u00e4ngen, Tanz und Kreativit\u00e4t eintauchen. Einfach zu bedienen und voller Energie, f\u00f6rdert Rhythmus, Koordination und musikalischen Ausdruck. Ein verspieltes und lehrreiches Spielzeug, erh\u00e4ltlich in 4 Farben, empfohlen f\u00fcr Kinder ab 5 Jahren.<\/span>    <br \/>Interaktiver Musikroboter: tanzt und leuchtet mit Musik<br \/>2 Spielmodi: Beatboxing und Musikspeicher<br \/>Doppelte bunte LEDs: dynamische Lichteffekte<br \/>F\u00f6rdert Ged\u00e4chtnis und Kreativit\u00e4t: Lernen mit Spa\u00df<br \/>Animierte Bewegungen: Kopf und K\u00f6rper im Rhythmus<\/p>\n<p>[ad_2]<\/p>\n","protected":false},"excerpt":{"rendered":"<p>Entdecken Sie Robot Remix, den musikalischen Begleiter, der der Fantasie freien Lauf l\u00e4sst. Dieser interaktive und leuchtende Roboter bietet zwei Spielmodi f\u00fcr stundenlangen Spielspa\u00df: Beatboxing zum Erstellen von Trainingsrhythmen und Musikged\u00e4chtnis zur Stimulierung des Musikged\u00e4chtnisses. Im Rhythmus der Musik bewegt Robot Remix Kopf und K\u00f6rper, erleuchtet mit seinen doppelten bunten LEDs und l\u00e4sst Kinder in [&hellip;]<\/p>\n","protected":false},"featured_media":4897,"comment_status":"open","ping_status":"closed","template":"","meta":{"_aipt_faq_data":""},"store":[],"product_brand":[],"product_cat":[90],"product_tag":[232],"class_list":{"0":"post-4896","1":"product","2":"type-product","3":"status-publish","4":"has-post-thumbnail","6":"product_cat-tanz-musikroboter","7":"product_tag-interaktive-tanz-musikroboter","9":"first","10":"instock","11":"shipping-taxable","12":"product-type-external"},"yoast_head":"<!-- This site is optimized with the Yoast SEO plugin v27.0 - https:\/\/yoast.com\/product\/yoast-seo-wordpress\/ -->\n<title>Silverlit Ycoo Robot Remix \u2013 Interaktiver Roboter mit Musik \u2013 Rhythmus- und Ged\u00e4chtnisspiele \u2013 leuchtende LEDs \u2013 ab 5 Jahren - EasyLifeBro<\/title>\n<meta name=\"description\" content=\"Entdecken Sie smarte Roboter f\u00fcr Zuhause, Garten, Bildung und Sicherheit. Vergleichen Sie Saugroboter, Rasenm\u00e4hroboter, KI-Begleitroboter und mehr bei EasyLifeRobo.\" \/>\n<meta name=\"robots\" content=\"index, follow, max-snippet:-1, max-image-preview:large, max-video-preview:-1\" \/>\n<link rel=\"canonical\" href=\"https:\/\/easyliferobo.com\/de\/product\/silverlit-ycoo-robot-remix-interaktiver-roboter-mit-musik-rhythmus-und-gedaechtnisspiele-leuchtende-leds-ab-5-jahren\/\" \/>\n<meta property=\"og:locale\" content=\"de_DE\" \/>\n<meta property=\"og:type\" content=\"article\" \/>\n<meta property=\"og:title\" content=\"Silverlit Ycoo Robot Remix \u2013 Interaktiver Roboter mit Musik \u2013 Rhythmus- und Ged\u00e4chtnisspiele \u2013 leuchtende LEDs \u2013 ab 5 Jahren - EasyLifeBro\" \/>\n<meta property=\"og:description\" content=\"Entdecken Sie smarte Roboter f\u00fcr Zuhause, Garten, Bildung und Sicherheit. Vergleichen Sie Saugroboter, Rasenm\u00e4hroboter, KI-Begleitroboter und mehr bei EasyLifeRobo.\" \/>\n<meta property=\"og:url\" content=\"https:\/\/easyliferobo.com\/de\/product\/silverlit-ycoo-robot-remix-interaktiver-roboter-mit-musik-rhythmus-und-gedaechtnisspiele-leuchtende-leds-ab-5-jahren\/\" \/>\n<meta property=\"og:site_name\" content=\"EasyLifeBro\" \/>\n<meta property=\"article:modified_time\" content=\"2026-02-27T14:42:23+00:00\" \/>\n<meta name=\"twitter:card\" content=\"summary_large_image\" \/>\n<meta name=\"twitter:label1\" content=\"Gesch\u00e4tzte Lesezeit\" \/>\n\t<meta name=\"twitter:data1\" content=\"1\u00a0Minute\" \/>\n<script type=\"application\/ld+json\" class=\"yoast-schema-graph\">{\"@context\":\"https:\/\/schema.org\",\"@graph\":[{\"@type\":\"WebPage\",\"@id\":\"https:\/\/easyliferobo.com\/de\/product\/silverlit-ycoo-robot-remix-interaktiver-roboter-mit-musik-rhythmus-und-gedaechtnisspiele-leuchtende-leds-ab-5-jahren\/\",\"url\":\"https:\/\/easyliferobo.com\/de\/product\/silverlit-ycoo-robot-remix-interaktiver-roboter-mit-musik-rhythmus-und-gedaechtnisspiele-leuchtende-leds-ab-5-jahren\/\",\"name\":\"Silverlit Ycoo Robot Remix \u2013 Interaktiver Roboter mit Musik \u2013 Rhythmus- und Ged\u00e4chtnisspiele \u2013 leuchtende LEDs \u2013 ab 5 Jahren - EasyLifeBro\",\"isPartOf\":{\"@id\":\"https:\/\/easyliferobo.com\/de\/#website\"},\"primaryImageOfPage\":{\"@id\":\"https:\/\/easyliferobo.com\/de\/product\/silverlit-ycoo-robot-remix-interaktiver-roboter-mit-musik-rhythmus-und-gedaechtnisspiele-leuchtende-leds-ab-5-jahren\/#primaryimage\"},\"image\":{\"@id\":\"https:\/\/easyliferobo.com\/de\/product\/silverlit-ycoo-robot-remix-interaktiver-roboter-mit-musik-rhythmus-und-gedaechtnisspiele-leuchtende-leds-ab-5-jahren\/#primaryimage\"},\"thumbnailUrl\":\"https:\/\/easyliferobo.com\/de\/wp-content\/uploads\/2026\/02\/71XDVDca2L._AC_SL1500_.jpg\",\"datePublished\":\"2026-02-27T14:42:05+00:00\",\"dateModified\":\"2026-02-27T14:42:23+00:00\",\"description\":\"Entdecken Sie smarte Roboter f\u00fcr Zuhause, Garten, Bildung und Sicherheit. Vergleichen Sie Saugroboter, Rasenm\u00e4hroboter, KI-Begleitroboter und mehr bei EasyLifeRobo.\",\"breadcrumb\":{\"@id\":\"https:\/\/easyliferobo.com\/de\/product\/silverlit-ycoo-robot-remix-interaktiver-roboter-mit-musik-rhythmus-und-gedaechtnisspiele-leuchtende-leds-ab-5-jahren\/#breadcrumb\"},\"inLanguage\":\"de\",\"potentialAction\":[{\"@type\":\"ReadAction\",\"target\":[\"https:\/\/easyliferobo.com\/de\/product\/silverlit-ycoo-robot-remix-interaktiver-roboter-mit-musik-rhythmus-und-gedaechtnisspiele-leuchtende-leds-ab-5-jahren\/\"]}]},{\"@type\":\"ImageObject\",\"inLanguage\":\"de\",\"@id\":\"https:\/\/easyliferobo.com\/de\/product\/silverlit-ycoo-robot-remix-interaktiver-roboter-mit-musik-rhythmus-und-gedaechtnisspiele-leuchtende-leds-ab-5-jahren\/#primaryimage\",\"url\":\"https:\/\/easyliferobo.com\/de\/wp-content\/uploads\/2026\/02\/71XDVDca2L._AC_SL1500_.jpg\",\"contentUrl\":\"https:\/\/easyliferobo.com\/de\/wp-content\/uploads\/2026\/02\/71XDVDca2L._AC_SL1500_.jpg\",\"width\":1461,\"height\":1500},{\"@type\":\"BreadcrumbList\",\"@id\":\"https:\/\/easyliferobo.com\/de\/product\/silverlit-ycoo-robot-remix-interaktiver-roboter-mit-musik-rhythmus-und-gedaechtnisspiele-leuchtende-leds-ab-5-jahren\/#breadcrumb\",\"itemListElement\":[{\"@type\":\"ListItem\",\"position\":1,\"name\":\"Home\",\"item\":\"https:\/\/easyliferobo.com\/de\/\"},{\"@type\":\"ListItem\",\"position\":2,\"name\":\"Shop\",\"item\":\"https:\/\/easyliferobo.com\/de\/shop\/\"},{\"@type\":\"ListItem\",\"position\":3,\"name\":\"Silverlit Ycoo Robot Remix \u2013 Inte...\"}]},{\"@type\":\"WebSite\",\"@id\":\"https:\/\/easyliferobo.com\/de\/#website\",\"url\":\"https:\/\/easyliferobo.com\/de\/\",\"name\":\"EasyLifeBro\",\"description\":\"Smarte Roboter f\u00fcr Zuhause, Garten &amp; Bildung\",\"publisher\":{\"@id\":\"https:\/\/easyliferobo.com\/de\/#organization\"},\"potentialAction\":[{\"@type\":\"SearchAction\",\"target\":{\"@type\":\"EntryPoint\",\"urlTemplate\":\"https:\/\/easyliferobo.com\/de\/?s={search_term_string}\"},\"query-input\":{\"@type\":\"PropertyValueSpecification\",\"valueRequired\":true,\"valueName\":\"search_term_string\"}}],\"inLanguage\":\"de\"},{\"@type\":\"Organization\",\"@id\":\"https:\/\/easyliferobo.com\/de\/#organization\",\"name\":\"EasyLifeBro\",\"url\":\"https:\/\/easyliferobo.com\/de\/\",\"logo\":{\"@type\":\"ImageObject\",\"inLanguage\":\"de\",\"@id\":\"https:\/\/easyliferobo.com\/de\/#\/schema\/logo\/image\/\",\"url\":\"https:\/\/easyliferobo.com\/de\/wp-content\/uploads\/2026\/02\/Screenshot-2026-02-22-at-2.25.03-PM.png\",\"contentUrl\":\"https:\/\/easyliferobo.com\/de\/wp-content\/uploads\/2026\/02\/Screenshot-2026-02-22-at-2.25.03-PM.png\",\"width\":1858,\"height\":430,\"caption\":\"EasyLifeBro\"},\"image\":{\"@id\":\"https:\/\/easyliferobo.com\/de\/#\/schema\/logo\/image\/\"}}]}<\/script>\n<!-- \/ Yoast SEO plugin. -->","yoast_head_json":{"title":"Silverlit Ycoo Robot Remix \u2013 Interaktiver Roboter mit Musik \u2013 Rhythmus- und Ged\u00e4chtnisspiele \u2013 leuchtende LEDs \u2013 ab 5 Jahren - EasyLifeBro","description":"Entdecken Sie smarte Roboter f\u00fcr Zuhause, Garten, Bildung und Sicherheit. Vergleichen Sie Saugroboter, Rasenm\u00e4hroboter, KI-Begleitroboter und mehr bei EasyLifeRobo.","robots":{"index":"index","follow":"follow","max-snippet":"max-snippet:-1","max-image-preview":"max-image-preview:large","max-video-preview":"max-video-preview:-1"},"canonical":"https:\/\/easyliferobo.com\/de\/product\/silverlit-ycoo-robot-remix-interaktiver-roboter-mit-musik-rhythmus-und-gedaechtnisspiele-leuchtende-leds-ab-5-jahren\/","og_locale":"de_DE","og_type":"article","og_title":"Silverlit Ycoo Robot Remix \u2013 Interaktiver Roboter mit Musik \u2013 Rhythmus- und Ged\u00e4chtnisspiele \u2013 leuchtende LEDs \u2013 ab 5 Jahren - EasyLifeBro","og_description":"Entdecken Sie smarte Roboter f\u00fcr Zuhause, Garten, Bildung und Sicherheit. Vergleichen Sie Saugroboter, Rasenm\u00e4hroboter, KI-Begleitroboter und mehr bei EasyLifeRobo.","og_url":"https:\/\/easyliferobo.com\/de\/product\/silverlit-ycoo-robot-remix-interaktiver-roboter-mit-musik-rhythmus-und-gedaechtnisspiele-leuchtende-leds-ab-5-jahren\/","og_site_name":"EasyLifeBro","article_modified_time":"2026-02-27T14:42:23+00:00","twitter_card":"summary_large_image","twitter_misc":{"Gesch\u00e4tzte Lesezeit":"1\u00a0Minute"},"schema":{"@context":"https:\/\/schema.org","@graph":[{"@type":"WebPage","@id":"https:\/\/easyliferobo.com\/de\/product\/silverlit-ycoo-robot-remix-interaktiver-roboter-mit-musik-rhythmus-und-gedaechtnisspiele-leuchtende-leds-ab-5-jahren\/","url":"https:\/\/easyliferobo.com\/de\/product\/silverlit-ycoo-robot-remix-interaktiver-roboter-mit-musik-rhythmus-und-gedaechtnisspiele-leuchtende-leds-ab-5-jahren\/","name":"Silverlit Ycoo Robot Remix \u2013 Interaktiver Roboter mit Musik \u2013 Rhythmus- und Ged\u00e4chtnisspiele \u2013 leuchtende LEDs \u2013 ab 5 Jahren - EasyLifeBro","isPartOf":{"@id":"https:\/\/easyliferobo.com\/de\/#website"},"primaryImageOfPage":{"@id":"https:\/\/easyliferobo.com\/de\/product\/silverlit-ycoo-robot-remix-interaktiver-roboter-mit-musik-rhythmus-und-gedaechtnisspiele-leuchtende-leds-ab-5-jahren\/#primaryimage"},"image":{"@id":"https:\/\/easyliferobo.com\/de\/product\/silverlit-ycoo-robot-remix-interaktiver-roboter-mit-musik-rhythmus-und-gedaechtnisspiele-leuchtende-leds-ab-5-jahren\/#primaryimage"},"thumbnailUrl":"https:\/\/easyliferobo.com\/de\/wp-content\/uploads\/2026\/02\/71XDVDca2L._AC_SL1500_.jpg","datePublished":"2026-02-27T14:42:05+00:00","dateModified":"2026-02-27T14:42:23+00:00","description":"Entdecken Sie smarte Roboter f\u00fcr Zuhause, Garten, Bildung und Sicherheit. Vergleichen Sie Saugroboter, Rasenm\u00e4hroboter, KI-Begleitroboter und mehr bei EasyLifeRobo.","breadcrumb":{"@id":"https:\/\/easyliferobo.com\/de\/product\/silverlit-ycoo-robot-remix-interaktiver-roboter-mit-musik-rhythmus-und-gedaechtnisspiele-leuchtende-leds-ab-5-jahren\/#breadcrumb"},"inLanguage":"de","potentialAction":[{"@type":"ReadAction","target":["https:\/\/easyliferobo.com\/de\/product\/silverlit-ycoo-robot-remix-interaktiver-roboter-mit-musik-rhythmus-und-gedaechtnisspiele-leuchtende-leds-ab-5-jahren\/"]}]},{"@type":"ImageObject","inLanguage":"de","@id":"https:\/\/easyliferobo.com\/de\/product\/silverlit-ycoo-robot-remix-interaktiver-roboter-mit-musik-rhythmus-und-gedaechtnisspiele-leuchtende-leds-ab-5-jahren\/#primaryimage","url":"https:\/\/easyliferobo.com\/de\/wp-content\/uploads\/2026\/02\/71XDVDca2L._AC_SL1500_.jpg","contentUrl":"https:\/\/easyliferobo.com\/de\/wp-content\/uploads\/2026\/02\/71XDVDca2L._AC_SL1500_.jpg","width":1461,"height":1500},{"@type":"BreadcrumbList","@id":"https:\/\/easyliferobo.com\/de\/product\/silverlit-ycoo-robot-remix-interaktiver-roboter-mit-musik-rhythmus-und-gedaechtnisspiele-leuchtende-leds-ab-5-jahren\/#breadcrumb","itemListElement":[{"@type":"ListItem","position":1,"name":"Home","item":"https:\/\/easyliferobo.com\/de\/"},{"@type":"ListItem","position":2,"name":"Shop","item":"https:\/\/easyliferobo.com\/de\/shop\/"},{"@type":"ListItem","position":3,"name":"Silverlit Ycoo Robot Remix \u2013 Inte..."}]},{"@type":"WebSite","@id":"https:\/\/easyliferobo.com\/de\/#website","url":"https:\/\/easyliferobo.com\/de\/","name":"EasyLifeBro","description":"Smarte Roboter f\u00fcr Zuhause, Garten &amp; Bildung","publisher":{"@id":"https:\/\/easyliferobo.com\/de\/#organization"},"potentialAction":[{"@type":"SearchAction","target":{"@type":"EntryPoint","urlTemplate":"https:\/\/easyliferobo.com\/de\/?s={search_term_string}"},"query-input":{"@type":"PropertyValueSpecification","valueRequired":true,"valueName":"search_term_string"}}],"inLanguage":"de"},{"@type":"Organization","@id":"https:\/\/easyliferobo.com\/de\/#organization","name":"EasyLifeBro","url":"https:\/\/easyliferobo.com\/de\/","logo":{"@type":"ImageObject","inLanguage":"de","@id":"https:\/\/easyliferobo.com\/de\/#\/schema\/logo\/image\/","url":"https:\/\/easyliferobo.com\/de\/wp-content\/uploads\/2026\/02\/Screenshot-2026-02-22-at-2.25.03-PM.png","contentUrl":"https:\/\/easyliferobo.com\/de\/wp-content\/uploads\/2026\/02\/Screenshot-2026-02-22-at-2.25.03-PM.png","width":1858,"height":430,"caption":"EasyLifeBro"},"image":{"@id":"https:\/\/easyliferobo.com\/de\/#\/schema\/logo\/image\/"}}]}},"_links":{"self":[{"href":"https:\/\/easyliferobo.com\/de\/wp-json\/wp\/v2\/product\/4896","targetHints":{"allow":["GET"]}}],"collection":[{"href":"https:\/\/easyliferobo.com\/de\/wp-json\/wp\/v2\/product"}],"about":[{"href":"https:\/\/easyliferobo.com\/de\/wp-json\/wp\/v2\/types\/product"}],"replies":[{"embeddable":true,"href":"https:\/\/easyliferobo.com\/de\/wp-json\/wp\/v2\/comments?post=4896"}],"wp:featuredmedia":[{"embeddable":true,"href":"https:\/\/easyliferobo.com\/de\/wp-json\/wp\/v2\/media\/4897"}],"wp:attachment":[{"href":"https:\/\/easyliferobo.com\/de\/wp-json\/wp\/v2\/media?parent=4896"}],"wp:term":[{"taxonomy":"store","embeddable":true,"href":"https:\/\/easyliferobo.com\/de\/wp-json\/wp\/v2\/store?post=4896"},{"taxonomy":"product_brand","embeddable":true,"href":"https:\/\/easyliferobo.com\/de\/wp-json\/wp\/v2\/product_brand?post=4896"},{"taxonomy":"product_cat","embeddable":true,"href":"https:\/\/easyliferobo.com\/de\/wp-json\/wp\/v2\/product_cat?post=4896"},{"taxonomy":"product_tag","embeddable":true,"href":"https:\/\/easyliferobo.com\/de\/wp-json\/wp\/v2\/product_tag?post=4896"}],"curies":[{"name":"wp","href":"https:\/\/api.w.org\/{rel}","templated":true}]}}