
{"id":4888,"date":"2026-02-27T14:40:07","date_gmt":"2026-02-27T14:40:07","guid":{"rendered":"https:\/\/easyliferobo.com\/de\/product\/5-in-1-stem-roboterbausatz-dinosaurier-24-ghz-fernbedienung-und-app-gesteuertes-roboterset-fuer-jungen-und-maedchen-im-alter-von-6-bis-12-jahren-geburtstagsgeschenk-fuer-jungen-und-maedchen\/"},"modified":"2026-02-27T14:40:20","modified_gmt":"2026-02-27T14:40:20","slug":"5-in-1-stem-roboterbausatz-dinosaurier-24-ghz-fernbedienung-und-app-gesteuertes-roboterset-fuer-jungen-und-maedchen-im-alter-von-6-bis-12-jahren-geburtstagsgeschenk-fuer-jungen-und-maedchen","status":"publish","type":"product","link":"https:\/\/easyliferobo.com\/de\/product\/5-in-1-stem-roboterbausatz-dinosaurier-24-ghz-fernbedienung-und-app-gesteuertes-roboterset-fuer-jungen-und-maedchen-im-alter-von-6-bis-12-jahren-geburtstagsgeschenk-fuer-jungen-und-maedchen\/","title":{"rendered":"5-in-1 STEM-Roboterbausatz, Dinosau..."},"content":{"rendered":"<p>\n                                             Von der Marke   <\/p>\n<p>                                              <img decoding=\"async\" alt=\"1\" src=\"https:\/\/images-na.ssl-images-amazon.com\/images\/G\/01\/x-locale\/common\/grey-pixel.gif\" class=\"a-lazy-loaded\" data-src=\"https:\/\/m.media-amazon.com\/images\/S\/aplus-media-library-service-media\/79764af8-c02d-4242-b44e-91583f9fc95b.__CR0,0,1464,625_PT0_SX1464_V1___.png\"><img decoding=\"async\" alt=\"1\" src=\"https:\/\/m.media-amazon.com\/images\/S\/aplus-media-library-service-media\/79764af8-c02d-4242-b44e-91583f9fc95b.__CR0,0,1464,625_PT0_SX1464_V1___.png\">  <\/p>\n<h3>  Baukasten <\/h3>\n<h3>  Baukasten <\/h3>\n<p>                                                         Was macht unsere Produkte einzigartig?                                       <\/p>\n<p> Unsere Vision ist es, Kreativit\u00e4t und Fantasie durch innovatives Design und Handwerkskunst anzuregen, damit jeder den Wert der Sch\u00f6nheit im Spiel erleben kann. <\/p>\n<p>                                                         F\u00fcr welche Altersgruppe ist dieses Modellspielzeug geeignet?                                       <\/p>\n<p> Wir empfehlen dieses AKWME-Bausteinset f\u00fcr Jungen und M\u00e4dchen ab 6 Jahren. Es bietet Spa\u00df beim Bauen und Spielen mit Freunden oder der Familie. <\/p>\n<p>                                                         Was passiert, wenn Teile fehlen?                                       <\/p>\n<p> Machen Sie sich keine Sorgen, wir k\u00fcmmern uns aktiv darum. <\/p>\n<p>5-in-1-Fernbedienungs-Bausteinset: STEM-Robotik-Bausteinspielzeug kann in 5 Dinosauriermodelle zusammengebaut werden: Drachenpanzer\/Stegosaurus\/Drachenkrieger\/Pterodaktylus\/Tyrannosaurus Rex, bietet endlose kreative Fantasie und spielerischen Spa\u00df.<br \/>Fernbedienung und Anwendungssteuerung: Dieser Roboterbausatz kann per Fernbedienung (Steuerungsentfernung betr\u00e4gt 20 Meter) oder APP-Verbindung gesteuert werden, sodass das Fahrzeug im Innen- und Au\u00dfenbereich in alle Richtungen bewegt werden kann, sich frei vorw\u00e4rts oder r\u00fcckw\u00e4rts bewegen, frei nach links oder rechts drehen kann, mit 4 Modi: Fahrmodus, Pfadmodus, Schwerkrafterkennung und Programmiermodus.<br \/>Leistungsstarker Motorantrieb: Der ferngesteuerte Wandroboter wird von einem Hochgeschwindigkeitsmotorantrieb angetrieben, der mit 3 AAA-Batterien (nicht im Lieferumfang enthalten) betrieben wird. Die 2,4-GHz-Fernbedienung unterst\u00fctzt eine Entfernungskontrolle von 30 bis 60 Fu\u00df, stabiles Signal, keine St\u00f6rungen, Betrieb mit 2 AA-Batterien (Batterien nicht im Lieferumfang enthalten).<br \/>Klare Anweisungen machen es einfach: Machen Sie sich keine Sorgen, dass der Roboter zu schwer zusammenzubauen ist. Auch wenn der Zusammenbau etwas schwierig erscheint, wird Ihnen der Zusammenbau sehr leicht fallen, wenn Sie die klare, farbenfrohe Schritt-f\u00fcr-Schritt-Anleitung lesen.<br \/>Tolles Geschenk f\u00fcr alle: Dieses Roboterset ist perfekt f\u00fcr Geschenke zum Schulanfang, Geburtstag, Kindertag, Weihnachten, Halloween, Thanksgiving und Neujahr und ideal f\u00fcr Geburtstagsfeiern, Familienfeiern oder Unterhaltung im Innen- und Au\u00dfenbereich mit Ihren Eltern.<\/p>\n<p>[ad_2]<\/p>\n","protected":false},"excerpt":{"rendered":"<p>Von der Marke Baukasten Baukasten Was macht unsere Produkte einzigartig? Unsere Vision ist es, Kreativit\u00e4t und Fantasie durch innovatives Design und Handwerkskunst anzuregen, damit jeder den Wert der Sch\u00f6nheit im Spiel erleben kann. F\u00fcr welche Altersgruppe ist dieses Modellspielzeug geeignet? Wir empfehlen dieses AKWME-Bausteinset f\u00fcr Jungen und M\u00e4dchen ab 6 Jahren. Es bietet Spa\u00df beim [&hellip;]<\/p>\n","protected":false},"featured_media":4889,"comment_status":"open","ping_status":"closed","template":"","meta":{"_aipt_faq_data":""},"store":[],"product_brand":[],"product_cat":[91],"product_tag":[231],"class_list":{"0":"post-4888","1":"product","2":"type-product","3":"status-publish","4":"has-post-thumbnail","6":"product_cat-programmierbares-spielzeug","7":"product_tag-programmierbares-spielzeug-ab-6-jahren","9":"first","10":"instock","11":"sale","12":"shipping-taxable","13":"product-type-external"},"yoast_head":"<!-- This site is optimized with the Yoast SEO plugin v27.4 - https:\/\/yoast.com\/product\/yoast-seo-wordpress\/ -->\n<title>5-in-1 STEM-Roboterbausatz, Dinosaurier-2,4-GHz-Fernbedienung und APP-gesteuertes Roboterset f\u00fcr Jungen und M\u00e4dchen im Alter von 6 bis 12 Jahren, Geburtstagsgeschenk f\u00fcr Jungen und M\u00e4dchen - EasyLifeBro<\/title>\n<meta name=\"description\" content=\"Entdecken Sie smarte Roboter f\u00fcr Zuhause, Garten, Bildung und Sicherheit. Vergleichen Sie Saugroboter, Rasenm\u00e4hroboter, KI-Begleitroboter und mehr bei EasyLifeRobo.\" \/>\n<meta name=\"robots\" content=\"index, follow, max-snippet:-1, max-image-preview:large, max-video-preview:-1\" \/>\n<link rel=\"canonical\" href=\"https:\/\/easyliferobo.com\/de\/product\/5-in-1-stem-roboterbausatz-dinosaurier-24-ghz-fernbedienung-und-app-gesteuertes-roboterset-fuer-jungen-und-maedchen-im-alter-von-6-bis-12-jahren-geburtstagsgeschenk-fuer-jungen-und-maedchen\/\" \/>\n<meta property=\"og:locale\" content=\"de_DE\" \/>\n<meta property=\"og:type\" content=\"article\" \/>\n<meta property=\"og:title\" content=\"5-in-1 STEM-Roboterbausatz, Dinosaurier-2,4-GHz-Fernbedienung und APP-gesteuertes Roboterset f\u00fcr Jungen und M\u00e4dchen im Alter von 6 bis 12 Jahren, Geburtstagsgeschenk f\u00fcr Jungen und M\u00e4dchen - EasyLifeBro\" \/>\n<meta property=\"og:description\" content=\"Entdecken Sie smarte Roboter f\u00fcr Zuhause, Garten, Bildung und Sicherheit. Vergleichen Sie Saugroboter, Rasenm\u00e4hroboter, KI-Begleitroboter und mehr bei EasyLifeRobo.\" \/>\n<meta property=\"og:url\" content=\"https:\/\/easyliferobo.com\/de\/product\/5-in-1-stem-roboterbausatz-dinosaurier-24-ghz-fernbedienung-und-app-gesteuertes-roboterset-fuer-jungen-und-maedchen-im-alter-von-6-bis-12-jahren-geburtstagsgeschenk-fuer-jungen-und-maedchen\/\" \/>\n<meta property=\"og:site_name\" content=\"EasyLifeBro\" \/>\n<meta property=\"article:modified_time\" content=\"2026-02-27T14:40:20+00:00\" \/>\n<meta property=\"og:image\" content=\"https:\/\/images-na.ssl-images-amazon.com\/images\/G\/01\/x-locale\/common\/grey-pixel.gif\" \/>\n<meta name=\"twitter:card\" content=\"summary_large_image\" \/>\n<meta name=\"twitter:label1\" content=\"Gesch\u00e4tzte Lesezeit\" \/>\n\t<meta name=\"twitter:data1\" content=\"1\u00a0Minute\" \/>\n<script type=\"application\/ld+json\" class=\"yoast-schema-graph\">{\"@context\":\"https:\\\/\\\/schema.org\",\"@graph\":[{\"@type\":\"WebPage\",\"@id\":\"https:\\\/\\\/easyliferobo.com\\\/de\\\/product\\\/5-in-1-stem-roboterbausatz-dinosaurier-24-ghz-fernbedienung-und-app-gesteuertes-roboterset-fuer-jungen-und-maedchen-im-alter-von-6-bis-12-jahren-geburtstagsgeschenk-fuer-jungen-und-maedchen\\\/\",\"url\":\"https:\\\/\\\/easyliferobo.com\\\/de\\\/product\\\/5-in-1-stem-roboterbausatz-dinosaurier-24-ghz-fernbedienung-und-app-gesteuertes-roboterset-fuer-jungen-und-maedchen-im-alter-von-6-bis-12-jahren-geburtstagsgeschenk-fuer-jungen-und-maedchen\\\/\",\"name\":\"5-in-1 STEM-Roboterbausatz, Dinosaurier-2,4-GHz-Fernbedienung und APP-gesteuertes Roboterset f\u00fcr Jungen und M\u00e4dchen im Alter von 6 bis 12 Jahren, Geburtstagsgeschenk f\u00fcr Jungen und M\u00e4dchen - EasyLifeBro\",\"isPartOf\":{\"@id\":\"https:\\\/\\\/easyliferobo.com\\\/de\\\/#website\"},\"primaryImageOfPage\":{\"@id\":\"https:\\\/\\\/easyliferobo.com\\\/de\\\/product\\\/5-in-1-stem-roboterbausatz-dinosaurier-24-ghz-fernbedienung-und-app-gesteuertes-roboterset-fuer-jungen-und-maedchen-im-alter-von-6-bis-12-jahren-geburtstagsgeschenk-fuer-jungen-und-maedchen\\\/#primaryimage\"},\"image\":{\"@id\":\"https:\\\/\\\/easyliferobo.com\\\/de\\\/product\\\/5-in-1-stem-roboterbausatz-dinosaurier-24-ghz-fernbedienung-und-app-gesteuertes-roboterset-fuer-jungen-und-maedchen-im-alter-von-6-bis-12-jahren-geburtstagsgeschenk-fuer-jungen-und-maedchen\\\/#primaryimage\"},\"thumbnailUrl\":\"https:\\\/\\\/easyliferobo.com\\\/de\\\/wp-content\\\/uploads\\\/2026\\\/02\\\/81XsGQruA3L._AC_SL1500_.jpg\",\"datePublished\":\"2026-02-27T14:40:07+00:00\",\"dateModified\":\"2026-02-27T14:40:20+00:00\",\"description\":\"Entdecken Sie smarte Roboter f\u00fcr Zuhause, Garten, Bildung und Sicherheit. Vergleichen Sie Saugroboter, Rasenm\u00e4hroboter, KI-Begleitroboter und mehr bei EasyLifeRobo.\",\"breadcrumb\":{\"@id\":\"https:\\\/\\\/easyliferobo.com\\\/de\\\/product\\\/5-in-1-stem-roboterbausatz-dinosaurier-24-ghz-fernbedienung-und-app-gesteuertes-roboterset-fuer-jungen-und-maedchen-im-alter-von-6-bis-12-jahren-geburtstagsgeschenk-fuer-jungen-und-maedchen\\\/#breadcrumb\"},\"inLanguage\":\"de\",\"potentialAction\":[{\"@type\":\"ReadAction\",\"target\":[\"https:\\\/\\\/easyliferobo.com\\\/de\\\/product\\\/5-in-1-stem-roboterbausatz-dinosaurier-24-ghz-fernbedienung-und-app-gesteuertes-roboterset-fuer-jungen-und-maedchen-im-alter-von-6-bis-12-jahren-geburtstagsgeschenk-fuer-jungen-und-maedchen\\\/\"]}]},{\"@type\":\"ImageObject\",\"inLanguage\":\"de\",\"@id\":\"https:\\\/\\\/easyliferobo.com\\\/de\\\/product\\\/5-in-1-stem-roboterbausatz-dinosaurier-24-ghz-fernbedienung-und-app-gesteuertes-roboterset-fuer-jungen-und-maedchen-im-alter-von-6-bis-12-jahren-geburtstagsgeschenk-fuer-jungen-und-maedchen\\\/#primaryimage\",\"url\":\"https:\\\/\\\/easyliferobo.com\\\/de\\\/wp-content\\\/uploads\\\/2026\\\/02\\\/81XsGQruA3L._AC_SL1500_.jpg\",\"contentUrl\":\"https:\\\/\\\/easyliferobo.com\\\/de\\\/wp-content\\\/uploads\\\/2026\\\/02\\\/81XsGQruA3L._AC_SL1500_.jpg\",\"width\":1500,\"height\":1468},{\"@type\":\"BreadcrumbList\",\"@id\":\"https:\\\/\\\/easyliferobo.com\\\/de\\\/product\\\/5-in-1-stem-roboterbausatz-dinosaurier-24-ghz-fernbedienung-und-app-gesteuertes-roboterset-fuer-jungen-und-maedchen-im-alter-von-6-bis-12-jahren-geburtstagsgeschenk-fuer-jungen-und-maedchen\\\/#breadcrumb\",\"itemListElement\":[{\"@type\":\"ListItem\",\"position\":1,\"name\":\"Home\",\"item\":\"https:\\\/\\\/easyliferobo.com\\\/de\\\/\"},{\"@type\":\"ListItem\",\"position\":2,\"name\":\"Shop\",\"item\":\"https:\\\/\\\/easyliferobo.com\\\/de\\\/shop\\\/\"},{\"@type\":\"ListItem\",\"position\":3,\"name\":\"5-in-1 STEM-Roboterbausatz, Dinosau...\"}]},{\"@type\":\"WebSite\",\"@id\":\"https:\\\/\\\/easyliferobo.com\\\/de\\\/#website\",\"url\":\"https:\\\/\\\/easyliferobo.com\\\/de\\\/\",\"name\":\"EasyLifeBro\",\"description\":\"Smarte Roboter f\u00fcr Zuhause, Garten &amp; Bildung\",\"publisher\":{\"@id\":\"https:\\\/\\\/easyliferobo.com\\\/de\\\/#organization\"},\"potentialAction\":[{\"@type\":\"SearchAction\",\"target\":{\"@type\":\"EntryPoint\",\"urlTemplate\":\"https:\\\/\\\/easyliferobo.com\\\/de\\\/?s={search_term_string}\"},\"query-input\":{\"@type\":\"PropertyValueSpecification\",\"valueRequired\":true,\"valueName\":\"search_term_string\"}}],\"inLanguage\":\"de\"},{\"@type\":\"Organization\",\"@id\":\"https:\\\/\\\/easyliferobo.com\\\/de\\\/#organization\",\"name\":\"EasyLifeBro\",\"url\":\"https:\\\/\\\/easyliferobo.com\\\/de\\\/\",\"logo\":{\"@type\":\"ImageObject\",\"inLanguage\":\"de\",\"@id\":\"https:\\\/\\\/easyliferobo.com\\\/de\\\/#\\\/schema\\\/logo\\\/image\\\/\",\"url\":\"https:\\\/\\\/easyliferobo.com\\\/de\\\/wp-content\\\/uploads\\\/2026\\\/02\\\/Screenshot-2026-02-22-at-2.25.03-PM.png\",\"contentUrl\":\"https:\\\/\\\/easyliferobo.com\\\/de\\\/wp-content\\\/uploads\\\/2026\\\/02\\\/Screenshot-2026-02-22-at-2.25.03-PM.png\",\"width\":1858,\"height\":430,\"caption\":\"EasyLifeBro\"},\"image\":{\"@id\":\"https:\\\/\\\/easyliferobo.com\\\/de\\\/#\\\/schema\\\/logo\\\/image\\\/\"}}]}<\/script>\n<!-- \/ Yoast SEO plugin. -->","yoast_head_json":{"title":"5-in-1 STEM-Roboterbausatz, Dinosaurier-2,4-GHz-Fernbedienung und APP-gesteuertes Roboterset f\u00fcr Jungen und M\u00e4dchen im Alter von 6 bis 12 Jahren, Geburtstagsgeschenk f\u00fcr Jungen und M\u00e4dchen - EasyLifeBro","description":"Entdecken Sie smarte Roboter f\u00fcr Zuhause, Garten, Bildung und Sicherheit. Vergleichen Sie Saugroboter, Rasenm\u00e4hroboter, KI-Begleitroboter und mehr bei EasyLifeRobo.","robots":{"index":"index","follow":"follow","max-snippet":"max-snippet:-1","max-image-preview":"max-image-preview:large","max-video-preview":"max-video-preview:-1"},"canonical":"https:\/\/easyliferobo.com\/de\/product\/5-in-1-stem-roboterbausatz-dinosaurier-24-ghz-fernbedienung-und-app-gesteuertes-roboterset-fuer-jungen-und-maedchen-im-alter-von-6-bis-12-jahren-geburtstagsgeschenk-fuer-jungen-und-maedchen\/","og_locale":"de_DE","og_type":"article","og_title":"5-in-1 STEM-Roboterbausatz, Dinosaurier-2,4-GHz-Fernbedienung und APP-gesteuertes Roboterset f\u00fcr Jungen und M\u00e4dchen im Alter von 6 bis 12 Jahren, Geburtstagsgeschenk f\u00fcr Jungen und M\u00e4dchen - EasyLifeBro","og_description":"Entdecken Sie smarte Roboter f\u00fcr Zuhause, Garten, Bildung und Sicherheit. Vergleichen Sie Saugroboter, Rasenm\u00e4hroboter, KI-Begleitroboter und mehr bei EasyLifeRobo.","og_url":"https:\/\/easyliferobo.com\/de\/product\/5-in-1-stem-roboterbausatz-dinosaurier-24-ghz-fernbedienung-und-app-gesteuertes-roboterset-fuer-jungen-und-maedchen-im-alter-von-6-bis-12-jahren-geburtstagsgeschenk-fuer-jungen-und-maedchen\/","og_site_name":"EasyLifeBro","article_modified_time":"2026-02-27T14:40:20+00:00","og_image":[{"url":"https:\/\/images-na.ssl-images-amazon.com\/images\/G\/01\/x-locale\/common\/grey-pixel.gif","type":"","width":"","height":""}],"twitter_card":"summary_large_image","twitter_misc":{"Gesch\u00e4tzte Lesezeit":"1\u00a0Minute"},"schema":{"@context":"https:\/\/schema.org","@graph":[{"@type":"WebPage","@id":"https:\/\/easyliferobo.com\/de\/product\/5-in-1-stem-roboterbausatz-dinosaurier-24-ghz-fernbedienung-und-app-gesteuertes-roboterset-fuer-jungen-und-maedchen-im-alter-von-6-bis-12-jahren-geburtstagsgeschenk-fuer-jungen-und-maedchen\/","url":"https:\/\/easyliferobo.com\/de\/product\/5-in-1-stem-roboterbausatz-dinosaurier-24-ghz-fernbedienung-und-app-gesteuertes-roboterset-fuer-jungen-und-maedchen-im-alter-von-6-bis-12-jahren-geburtstagsgeschenk-fuer-jungen-und-maedchen\/","name":"5-in-1 STEM-Roboterbausatz, Dinosaurier-2,4-GHz-Fernbedienung und APP-gesteuertes Roboterset f\u00fcr Jungen und M\u00e4dchen im Alter von 6 bis 12 Jahren, Geburtstagsgeschenk f\u00fcr Jungen und M\u00e4dchen - EasyLifeBro","isPartOf":{"@id":"https:\/\/easyliferobo.com\/de\/#website"},"primaryImageOfPage":{"@id":"https:\/\/easyliferobo.com\/de\/product\/5-in-1-stem-roboterbausatz-dinosaurier-24-ghz-fernbedienung-und-app-gesteuertes-roboterset-fuer-jungen-und-maedchen-im-alter-von-6-bis-12-jahren-geburtstagsgeschenk-fuer-jungen-und-maedchen\/#primaryimage"},"image":{"@id":"https:\/\/easyliferobo.com\/de\/product\/5-in-1-stem-roboterbausatz-dinosaurier-24-ghz-fernbedienung-und-app-gesteuertes-roboterset-fuer-jungen-und-maedchen-im-alter-von-6-bis-12-jahren-geburtstagsgeschenk-fuer-jungen-und-maedchen\/#primaryimage"},"thumbnailUrl":"https:\/\/easyliferobo.com\/de\/wp-content\/uploads\/2026\/02\/81XsGQruA3L._AC_SL1500_.jpg","datePublished":"2026-02-27T14:40:07+00:00","dateModified":"2026-02-27T14:40:20+00:00","description":"Entdecken Sie smarte Roboter f\u00fcr Zuhause, Garten, Bildung und Sicherheit. Vergleichen Sie Saugroboter, Rasenm\u00e4hroboter, KI-Begleitroboter und mehr bei EasyLifeRobo.","breadcrumb":{"@id":"https:\/\/easyliferobo.com\/de\/product\/5-in-1-stem-roboterbausatz-dinosaurier-24-ghz-fernbedienung-und-app-gesteuertes-roboterset-fuer-jungen-und-maedchen-im-alter-von-6-bis-12-jahren-geburtstagsgeschenk-fuer-jungen-und-maedchen\/#breadcrumb"},"inLanguage":"de","potentialAction":[{"@type":"ReadAction","target":["https:\/\/easyliferobo.com\/de\/product\/5-in-1-stem-roboterbausatz-dinosaurier-24-ghz-fernbedienung-und-app-gesteuertes-roboterset-fuer-jungen-und-maedchen-im-alter-von-6-bis-12-jahren-geburtstagsgeschenk-fuer-jungen-und-maedchen\/"]}]},{"@type":"ImageObject","inLanguage":"de","@id":"https:\/\/easyliferobo.com\/de\/product\/5-in-1-stem-roboterbausatz-dinosaurier-24-ghz-fernbedienung-und-app-gesteuertes-roboterset-fuer-jungen-und-maedchen-im-alter-von-6-bis-12-jahren-geburtstagsgeschenk-fuer-jungen-und-maedchen\/#primaryimage","url":"https:\/\/easyliferobo.com\/de\/wp-content\/uploads\/2026\/02\/81XsGQruA3L._AC_SL1500_.jpg","contentUrl":"https:\/\/easyliferobo.com\/de\/wp-content\/uploads\/2026\/02\/81XsGQruA3L._AC_SL1500_.jpg","width":1500,"height":1468},{"@type":"BreadcrumbList","@id":"https:\/\/easyliferobo.com\/de\/product\/5-in-1-stem-roboterbausatz-dinosaurier-24-ghz-fernbedienung-und-app-gesteuertes-roboterset-fuer-jungen-und-maedchen-im-alter-von-6-bis-12-jahren-geburtstagsgeschenk-fuer-jungen-und-maedchen\/#breadcrumb","itemListElement":[{"@type":"ListItem","position":1,"name":"Home","item":"https:\/\/easyliferobo.com\/de\/"},{"@type":"ListItem","position":2,"name":"Shop","item":"https:\/\/easyliferobo.com\/de\/shop\/"},{"@type":"ListItem","position":3,"name":"5-in-1 STEM-Roboterbausatz, Dinosau..."}]},{"@type":"WebSite","@id":"https:\/\/easyliferobo.com\/de\/#website","url":"https:\/\/easyliferobo.com\/de\/","name":"EasyLifeBro","description":"Smarte Roboter f\u00fcr Zuhause, Garten &amp; Bildung","publisher":{"@id":"https:\/\/easyliferobo.com\/de\/#organization"},"potentialAction":[{"@type":"SearchAction","target":{"@type":"EntryPoint","urlTemplate":"https:\/\/easyliferobo.com\/de\/?s={search_term_string}"},"query-input":{"@type":"PropertyValueSpecification","valueRequired":true,"valueName":"search_term_string"}}],"inLanguage":"de"},{"@type":"Organization","@id":"https:\/\/easyliferobo.com\/de\/#organization","name":"EasyLifeBro","url":"https:\/\/easyliferobo.com\/de\/","logo":{"@type":"ImageObject","inLanguage":"de","@id":"https:\/\/easyliferobo.com\/de\/#\/schema\/logo\/image\/","url":"https:\/\/easyliferobo.com\/de\/wp-content\/uploads\/2026\/02\/Screenshot-2026-02-22-at-2.25.03-PM.png","contentUrl":"https:\/\/easyliferobo.com\/de\/wp-content\/uploads\/2026\/02\/Screenshot-2026-02-22-at-2.25.03-PM.png","width":1858,"height":430,"caption":"EasyLifeBro"},"image":{"@id":"https:\/\/easyliferobo.com\/de\/#\/schema\/logo\/image\/"}}]}},"_links":{"self":[{"href":"https:\/\/easyliferobo.com\/de\/wp-json\/wp\/v2\/product\/4888","targetHints":{"allow":["GET"]}}],"collection":[{"href":"https:\/\/easyliferobo.com\/de\/wp-json\/wp\/v2\/product"}],"about":[{"href":"https:\/\/easyliferobo.com\/de\/wp-json\/wp\/v2\/types\/product"}],"replies":[{"embeddable":true,"href":"https:\/\/easyliferobo.com\/de\/wp-json\/wp\/v2\/comments?post=4888"}],"wp:featuredmedia":[{"embeddable":true,"href":"https:\/\/easyliferobo.com\/de\/wp-json\/wp\/v2\/media\/4889"}],"wp:attachment":[{"href":"https:\/\/easyliferobo.com\/de\/wp-json\/wp\/v2\/media?parent=4888"}],"wp:term":[{"taxonomy":"store","embeddable":true,"href":"https:\/\/easyliferobo.com\/de\/wp-json\/wp\/v2\/store?post=4888"},{"taxonomy":"product_brand","embeddable":true,"href":"https:\/\/easyliferobo.com\/de\/wp-json\/wp\/v2\/product_brand?post=4888"},{"taxonomy":"product_cat","embeddable":true,"href":"https:\/\/easyliferobo.com\/de\/wp-json\/wp\/v2\/product_cat?post=4888"},{"taxonomy":"product_tag","embeddable":true,"href":"https:\/\/easyliferobo.com\/de\/wp-json\/wp\/v2\/product_tag?post=4888"}],"curies":[{"name":"wp","href":"https:\/\/api.w.org\/{rel}","templated":true}]}}