
{"id":4886,"date":"2026-02-27T14:37:56","date_gmt":"2026-02-27T14:37:56","guid":{"rendered":"https:\/\/easyliferobo.com\/de\/product\/lebensweltorientierte-pflege-ein-lehrbuch-fuer-die-ausbildung-zur-pflegefachfrau-zum-pflegefachmann\/"},"modified":"2026-02-27T14:37:58","modified_gmt":"2026-02-27T14:37:58","slug":"lebensweltorientierte-pflege-ein-lehrbuch-fuer-die-ausbildung-zur-pflegefachfrau-zum-pflegefachmann","status":"publish","type":"product","link":"https:\/\/easyliferobo.com\/de\/product\/lebensweltorientierte-pflege-ein-lehrbuch-fuer-die-ausbildung-zur-pflegefachfrau-zum-pflegefachmann\/","title":{"rendered":"Lebensweltorientierte Pflege: Ein L..."},"content":{"rendered":"<p>  Sie m\u00f6chten pflegebed\u00fcrftige Menschen begleiten und unterst\u00fctzen? Wollen beraten und Wege f\u00fcr eine individuelle Lebensgestaltung aufzeigen? Doch welche tiefergehenden Kenntnisse brauchen Sie als professionell Pflegende, um diese anspruchsvolle Aufgabe zu erf\u00fcllen? Das Lehrbuch \u201eLebensweltorientierte Pflege\u201c orientiert sich an neuen bundeseinheitlichen Rahmenlehrpl\u00e4nen f\u00fcr Pflegefachfrauen und Pflegefachm\u00e4nner. Es macht mit der curricularen Einheit 09 vertraut und hilft sie umzusetzen. Mit Beispielen zahlreicher Antworten aus der Praxis und auf viele Alltagsfragen. Die Themenpalette reicht von rechtlichen Fragen \u00fcber die Leistungen medizinischer und pflegerischer Systeme bis zur Wechselwirkung zwischen Individuum und Umwelt. Ein ideales Arbeitshandbuch f\u00fcr Lehrende wie Lernende.    <br \/>Herausgeber \u200f : \u200e Vincentz Network       <br \/> Erscheinungsdatum \u200f : \u200e 1. Januar 2021       <br \/> Auflage \u200f : \u200e 1       <br \/> Sprache \u200f : \u200e Deutsch   <br \/> Druckl\u00e4nge \u200f : \u200e 268 Seiten       <br \/> ISBN-10 \u200f : \u200e 3748603614       <br \/> ISBN-13 \u200f : \u200e 978-3748603610       <br \/> Abmessungen \u200f : \u200e 17,3 x 1,7 x 24,1 cm       <br \/>       Bestseller-Rang: 941.788 in B\u00fcchern (siehe Top 100 in B\u00fcchern), 511 in Krankenpflegerezensionen und Studienf\u00fchrern, 1.583 in Public Health (B\u00fccher), 4.610 in Gesundheitsenzyklop\u00e4dien und Medizinf\u00fchrern      <br \/>  Kundenrezensionen: 4,5 4,5 von 5 Sternen (2) var dpAcrHasRegisteredArcLinkClickAction; P.when(&#8218;A&#8216;, &#8218;ready&#8216;).execute(function(A) { if (dpAcrHasRegisteredArcLinkClickAction !== true) { dpAcrHasRegisteredArcLinkClickAction = true; A.declarative( &#8218;acrLink-click-metrics&#8216;, &#8218;click&#8216;, { &#8222;allowLinkDefault&#8220;: true }, function (event) { if (window.ue) { ue.count(&#8222;acrLinkClickCount&#8220;, (ue.count(&#8222;acrLinkClickCount&#8220;) || 0) + 1 } } }); P.when(&#8218;A&#8216;, &#8218;cf&#8216;).execute(function(A) { A.declarative(&#8218;acrStarsLink-click-metrics&#8216;, &#8218;click&#8216;, { &#8222;allowLinkDefault&#8220; : true }, function(event){ if(window.ue) { ue.count(&#8222;acrStarsLinkWithPopoverClickCount&#8220;, (ue.count(&#8222;acrStarsLinkWithPopoverClickCount&#8220;) || 0) + 1); } }); });                          <br \/>[ad_2]<\/p>\n","protected":false},"excerpt":{"rendered":"<p>Sie m\u00f6chten pflegebed\u00fcrftige Menschen begleiten und unterst\u00fctzen? Wollen beraten und Wege f\u00fcr eine individuelle Lebensgestaltung aufzeigen? Doch welche tiefergehenden Kenntnisse brauchen Sie als professionell Pflegende, um diese anspruchsvolle Aufgabe zu erf\u00fcllen? Das Lehrbuch \u201eLebensweltorientierte Pflege\u201c orientiert sich an neuen bundeseinheitlichen Rahmenlehrpl\u00e4nen f\u00fcr Pflegefachfrauen und Pflegefachm\u00e4nner. Es macht mit der curricularen Einheit 09 vertraut und hilft [&hellip;]<\/p>\n","protected":false},"featured_media":4887,"comment_status":"open","ping_status":"closed","template":"","meta":{"_aipt_faq_data":""},"store":[],"product_brand":[],"product_cat":[93],"product_tag":[279],"class_list":{"0":"post-4886","1":"product","2":"type-product","3":"status-publish","4":"has-post-thumbnail","6":"product_cat-soziale-begleitroboter","7":"product_tag-pflegeunterstuetzende-soziale-begleitroboter","9":"first","10":"instock","11":"shipping-taxable","12":"product-type-external"},"yoast_head":"<!-- This site is optimized with the Yoast SEO plugin v27.0 - https:\/\/yoast.com\/product\/yoast-seo-wordpress\/ -->\n<title>Lebensweltorientierte Pflege: Ein Lehrbuch f\u00fcr die Ausbildung zur Pflegefachfrau\/zum Pflegefachmann - EasyLifeBro<\/title>\n<meta name=\"description\" content=\"Entdecken Sie smarte Roboter f\u00fcr Zuhause, Garten, Bildung und Sicherheit. Vergleichen Sie Saugroboter, Rasenm\u00e4hroboter, KI-Begleitroboter und mehr bei EasyLifeRobo.\" \/>\n<meta name=\"robots\" content=\"index, follow, max-snippet:-1, max-image-preview:large, max-video-preview:-1\" \/>\n<link rel=\"canonical\" href=\"https:\/\/easyliferobo.com\/de\/product\/lebensweltorientierte-pflege-ein-lehrbuch-fuer-die-ausbildung-zur-pflegefachfrau-zum-pflegefachmann\/\" \/>\n<meta property=\"og:locale\" content=\"de_DE\" \/>\n<meta property=\"og:type\" content=\"article\" \/>\n<meta property=\"og:title\" content=\"Lebensweltorientierte Pflege: Ein Lehrbuch f\u00fcr die Ausbildung zur Pflegefachfrau\/zum Pflegefachmann - EasyLifeBro\" \/>\n<meta property=\"og:description\" content=\"Entdecken Sie smarte Roboter f\u00fcr Zuhause, Garten, Bildung und Sicherheit. Vergleichen Sie Saugroboter, Rasenm\u00e4hroboter, KI-Begleitroboter und mehr bei EasyLifeRobo.\" \/>\n<meta property=\"og:url\" content=\"https:\/\/easyliferobo.com\/de\/product\/lebensweltorientierte-pflege-ein-lehrbuch-fuer-die-ausbildung-zur-pflegefachfrau-zum-pflegefachmann\/\" \/>\n<meta property=\"og:site_name\" content=\"EasyLifeBro\" \/>\n<meta property=\"article:modified_time\" content=\"2026-02-27T14:37:58+00:00\" \/>\n<meta name=\"twitter:card\" content=\"summary_large_image\" \/>\n<meta name=\"twitter:label1\" content=\"Gesch\u00e4tzte Lesezeit\" \/>\n\t<meta name=\"twitter:data1\" content=\"1\u00a0Minute\" \/>\n<script type=\"application\/ld+json\" class=\"yoast-schema-graph\">{\"@context\":\"https:\/\/schema.org\",\"@graph\":[{\"@type\":\"WebPage\",\"@id\":\"https:\/\/easyliferobo.com\/de\/product\/lebensweltorientierte-pflege-ein-lehrbuch-fuer-die-ausbildung-zur-pflegefachfrau-zum-pflegefachmann\/\",\"url\":\"https:\/\/easyliferobo.com\/de\/product\/lebensweltorientierte-pflege-ein-lehrbuch-fuer-die-ausbildung-zur-pflegefachfrau-zum-pflegefachmann\/\",\"name\":\"Lebensweltorientierte Pflege: Ein Lehrbuch f\u00fcr die Ausbildung zur Pflegefachfrau\/zum Pflegefachmann - EasyLifeBro\",\"isPartOf\":{\"@id\":\"https:\/\/easyliferobo.com\/de\/#website\"},\"primaryImageOfPage\":{\"@id\":\"https:\/\/easyliferobo.com\/de\/product\/lebensweltorientierte-pflege-ein-lehrbuch-fuer-die-ausbildung-zur-pflegefachfrau-zum-pflegefachmann\/#primaryimage\"},\"image\":{\"@id\":\"https:\/\/easyliferobo.com\/de\/product\/lebensweltorientierte-pflege-ein-lehrbuch-fuer-die-ausbildung-zur-pflegefachfrau-zum-pflegefachmann\/#primaryimage\"},\"thumbnailUrl\":\"https:\/\/easyliferobo.com\/de\/wp-content\/uploads\/2026\/02\/81GS2hDbEFL._SL1500_.jpg\",\"datePublished\":\"2026-02-27T14:37:56+00:00\",\"dateModified\":\"2026-02-27T14:37:58+00:00\",\"description\":\"Entdecken Sie smarte Roboter f\u00fcr Zuhause, Garten, Bildung und Sicherheit. Vergleichen Sie Saugroboter, Rasenm\u00e4hroboter, KI-Begleitroboter und mehr bei EasyLifeRobo.\",\"breadcrumb\":{\"@id\":\"https:\/\/easyliferobo.com\/de\/product\/lebensweltorientierte-pflege-ein-lehrbuch-fuer-die-ausbildung-zur-pflegefachfrau-zum-pflegefachmann\/#breadcrumb\"},\"inLanguage\":\"de\",\"potentialAction\":[{\"@type\":\"ReadAction\",\"target\":[\"https:\/\/easyliferobo.com\/de\/product\/lebensweltorientierte-pflege-ein-lehrbuch-fuer-die-ausbildung-zur-pflegefachfrau-zum-pflegefachmann\/\"]}]},{\"@type\":\"ImageObject\",\"inLanguage\":\"de\",\"@id\":\"https:\/\/easyliferobo.com\/de\/product\/lebensweltorientierte-pflege-ein-lehrbuch-fuer-die-ausbildung-zur-pflegefachfrau-zum-pflegefachmann\/#primaryimage\",\"url\":\"https:\/\/easyliferobo.com\/de\/wp-content\/uploads\/2026\/02\/81GS2hDbEFL._SL1500_.jpg\",\"contentUrl\":\"https:\/\/easyliferobo.com\/de\/wp-content\/uploads\/2026\/02\/81GS2hDbEFL._SL1500_.jpg\",\"width\":1062,\"height\":1500},{\"@type\":\"BreadcrumbList\",\"@id\":\"https:\/\/easyliferobo.com\/de\/product\/lebensweltorientierte-pflege-ein-lehrbuch-fuer-die-ausbildung-zur-pflegefachfrau-zum-pflegefachmann\/#breadcrumb\",\"itemListElement\":[{\"@type\":\"ListItem\",\"position\":1,\"name\":\"Home\",\"item\":\"https:\/\/easyliferobo.com\/de\/\"},{\"@type\":\"ListItem\",\"position\":2,\"name\":\"Shop\",\"item\":\"https:\/\/easyliferobo.com\/de\/shop\/\"},{\"@type\":\"ListItem\",\"position\":3,\"name\":\"Lebensweltorientierte Pflege: Ein L...\"}]},{\"@type\":\"WebSite\",\"@id\":\"https:\/\/easyliferobo.com\/de\/#website\",\"url\":\"https:\/\/easyliferobo.com\/de\/\",\"name\":\"EasyLifeBro\",\"description\":\"Smarte Roboter f\u00fcr Zuhause, Garten &amp; Bildung\",\"publisher\":{\"@id\":\"https:\/\/easyliferobo.com\/de\/#organization\"},\"potentialAction\":[{\"@type\":\"SearchAction\",\"target\":{\"@type\":\"EntryPoint\",\"urlTemplate\":\"https:\/\/easyliferobo.com\/de\/?s={search_term_string}\"},\"query-input\":{\"@type\":\"PropertyValueSpecification\",\"valueRequired\":true,\"valueName\":\"search_term_string\"}}],\"inLanguage\":\"de\"},{\"@type\":\"Organization\",\"@id\":\"https:\/\/easyliferobo.com\/de\/#organization\",\"name\":\"EasyLifeBro\",\"url\":\"https:\/\/easyliferobo.com\/de\/\",\"logo\":{\"@type\":\"ImageObject\",\"inLanguage\":\"de\",\"@id\":\"https:\/\/easyliferobo.com\/de\/#\/schema\/logo\/image\/\",\"url\":\"https:\/\/easyliferobo.com\/de\/wp-content\/uploads\/2026\/02\/Screenshot-2026-02-22-at-2.25.03-PM.png\",\"contentUrl\":\"https:\/\/easyliferobo.com\/de\/wp-content\/uploads\/2026\/02\/Screenshot-2026-02-22-at-2.25.03-PM.png\",\"width\":1858,\"height\":430,\"caption\":\"EasyLifeBro\"},\"image\":{\"@id\":\"https:\/\/easyliferobo.com\/de\/#\/schema\/logo\/image\/\"}}]}<\/script>\n<!-- \/ Yoast SEO plugin. -->","yoast_head_json":{"title":"Lebensweltorientierte Pflege: Ein Lehrbuch f\u00fcr die Ausbildung zur Pflegefachfrau\/zum Pflegefachmann - EasyLifeBro","description":"Entdecken Sie smarte Roboter f\u00fcr Zuhause, Garten, Bildung und Sicherheit. Vergleichen Sie Saugroboter, Rasenm\u00e4hroboter, KI-Begleitroboter und mehr bei EasyLifeRobo.","robots":{"index":"index","follow":"follow","max-snippet":"max-snippet:-1","max-image-preview":"max-image-preview:large","max-video-preview":"max-video-preview:-1"},"canonical":"https:\/\/easyliferobo.com\/de\/product\/lebensweltorientierte-pflege-ein-lehrbuch-fuer-die-ausbildung-zur-pflegefachfrau-zum-pflegefachmann\/","og_locale":"de_DE","og_type":"article","og_title":"Lebensweltorientierte Pflege: Ein Lehrbuch f\u00fcr die Ausbildung zur Pflegefachfrau\/zum Pflegefachmann - EasyLifeBro","og_description":"Entdecken Sie smarte Roboter f\u00fcr Zuhause, Garten, Bildung und Sicherheit. Vergleichen Sie Saugroboter, Rasenm\u00e4hroboter, KI-Begleitroboter und mehr bei EasyLifeRobo.","og_url":"https:\/\/easyliferobo.com\/de\/product\/lebensweltorientierte-pflege-ein-lehrbuch-fuer-die-ausbildung-zur-pflegefachfrau-zum-pflegefachmann\/","og_site_name":"EasyLifeBro","article_modified_time":"2026-02-27T14:37:58+00:00","twitter_card":"summary_large_image","twitter_misc":{"Gesch\u00e4tzte Lesezeit":"1\u00a0Minute"},"schema":{"@context":"https:\/\/schema.org","@graph":[{"@type":"WebPage","@id":"https:\/\/easyliferobo.com\/de\/product\/lebensweltorientierte-pflege-ein-lehrbuch-fuer-die-ausbildung-zur-pflegefachfrau-zum-pflegefachmann\/","url":"https:\/\/easyliferobo.com\/de\/product\/lebensweltorientierte-pflege-ein-lehrbuch-fuer-die-ausbildung-zur-pflegefachfrau-zum-pflegefachmann\/","name":"Lebensweltorientierte Pflege: Ein Lehrbuch f\u00fcr die Ausbildung zur Pflegefachfrau\/zum Pflegefachmann - EasyLifeBro","isPartOf":{"@id":"https:\/\/easyliferobo.com\/de\/#website"},"primaryImageOfPage":{"@id":"https:\/\/easyliferobo.com\/de\/product\/lebensweltorientierte-pflege-ein-lehrbuch-fuer-die-ausbildung-zur-pflegefachfrau-zum-pflegefachmann\/#primaryimage"},"image":{"@id":"https:\/\/easyliferobo.com\/de\/product\/lebensweltorientierte-pflege-ein-lehrbuch-fuer-die-ausbildung-zur-pflegefachfrau-zum-pflegefachmann\/#primaryimage"},"thumbnailUrl":"https:\/\/easyliferobo.com\/de\/wp-content\/uploads\/2026\/02\/81GS2hDbEFL._SL1500_.jpg","datePublished":"2026-02-27T14:37:56+00:00","dateModified":"2026-02-27T14:37:58+00:00","description":"Entdecken Sie smarte Roboter f\u00fcr Zuhause, Garten, Bildung und Sicherheit. Vergleichen Sie Saugroboter, Rasenm\u00e4hroboter, KI-Begleitroboter und mehr bei EasyLifeRobo.","breadcrumb":{"@id":"https:\/\/easyliferobo.com\/de\/product\/lebensweltorientierte-pflege-ein-lehrbuch-fuer-die-ausbildung-zur-pflegefachfrau-zum-pflegefachmann\/#breadcrumb"},"inLanguage":"de","potentialAction":[{"@type":"ReadAction","target":["https:\/\/easyliferobo.com\/de\/product\/lebensweltorientierte-pflege-ein-lehrbuch-fuer-die-ausbildung-zur-pflegefachfrau-zum-pflegefachmann\/"]}]},{"@type":"ImageObject","inLanguage":"de","@id":"https:\/\/easyliferobo.com\/de\/product\/lebensweltorientierte-pflege-ein-lehrbuch-fuer-die-ausbildung-zur-pflegefachfrau-zum-pflegefachmann\/#primaryimage","url":"https:\/\/easyliferobo.com\/de\/wp-content\/uploads\/2026\/02\/81GS2hDbEFL._SL1500_.jpg","contentUrl":"https:\/\/easyliferobo.com\/de\/wp-content\/uploads\/2026\/02\/81GS2hDbEFL._SL1500_.jpg","width":1062,"height":1500},{"@type":"BreadcrumbList","@id":"https:\/\/easyliferobo.com\/de\/product\/lebensweltorientierte-pflege-ein-lehrbuch-fuer-die-ausbildung-zur-pflegefachfrau-zum-pflegefachmann\/#breadcrumb","itemListElement":[{"@type":"ListItem","position":1,"name":"Home","item":"https:\/\/easyliferobo.com\/de\/"},{"@type":"ListItem","position":2,"name":"Shop","item":"https:\/\/easyliferobo.com\/de\/shop\/"},{"@type":"ListItem","position":3,"name":"Lebensweltorientierte Pflege: Ein L..."}]},{"@type":"WebSite","@id":"https:\/\/easyliferobo.com\/de\/#website","url":"https:\/\/easyliferobo.com\/de\/","name":"EasyLifeBro","description":"Smarte Roboter f\u00fcr Zuhause, Garten &amp; Bildung","publisher":{"@id":"https:\/\/easyliferobo.com\/de\/#organization"},"potentialAction":[{"@type":"SearchAction","target":{"@type":"EntryPoint","urlTemplate":"https:\/\/easyliferobo.com\/de\/?s={search_term_string}"},"query-input":{"@type":"PropertyValueSpecification","valueRequired":true,"valueName":"search_term_string"}}],"inLanguage":"de"},{"@type":"Organization","@id":"https:\/\/easyliferobo.com\/de\/#organization","name":"EasyLifeBro","url":"https:\/\/easyliferobo.com\/de\/","logo":{"@type":"ImageObject","inLanguage":"de","@id":"https:\/\/easyliferobo.com\/de\/#\/schema\/logo\/image\/","url":"https:\/\/easyliferobo.com\/de\/wp-content\/uploads\/2026\/02\/Screenshot-2026-02-22-at-2.25.03-PM.png","contentUrl":"https:\/\/easyliferobo.com\/de\/wp-content\/uploads\/2026\/02\/Screenshot-2026-02-22-at-2.25.03-PM.png","width":1858,"height":430,"caption":"EasyLifeBro"},"image":{"@id":"https:\/\/easyliferobo.com\/de\/#\/schema\/logo\/image\/"}}]}},"_links":{"self":[{"href":"https:\/\/easyliferobo.com\/de\/wp-json\/wp\/v2\/product\/4886","targetHints":{"allow":["GET"]}}],"collection":[{"href":"https:\/\/easyliferobo.com\/de\/wp-json\/wp\/v2\/product"}],"about":[{"href":"https:\/\/easyliferobo.com\/de\/wp-json\/wp\/v2\/types\/product"}],"replies":[{"embeddable":true,"href":"https:\/\/easyliferobo.com\/de\/wp-json\/wp\/v2\/comments?post=4886"}],"wp:featuredmedia":[{"embeddable":true,"href":"https:\/\/easyliferobo.com\/de\/wp-json\/wp\/v2\/media\/4887"}],"wp:attachment":[{"href":"https:\/\/easyliferobo.com\/de\/wp-json\/wp\/v2\/media?parent=4886"}],"wp:term":[{"taxonomy":"store","embeddable":true,"href":"https:\/\/easyliferobo.com\/de\/wp-json\/wp\/v2\/store?post=4886"},{"taxonomy":"product_brand","embeddable":true,"href":"https:\/\/easyliferobo.com\/de\/wp-json\/wp\/v2\/product_brand?post=4886"},{"taxonomy":"product_cat","embeddable":true,"href":"https:\/\/easyliferobo.com\/de\/wp-json\/wp\/v2\/product_cat?post=4886"},{"taxonomy":"product_tag","embeddable":true,"href":"https:\/\/easyliferobo.com\/de\/wp-json\/wp\/v2\/product_tag?post=4886"}],"curies":[{"name":"wp","href":"https:\/\/api.w.org\/{rel}","templated":true}]}}