
{"id":4876,"date":"2026-02-27T14:35:42","date_gmt":"2026-02-27T14:35:42","guid":{"rendered":"https:\/\/easyliferobo.com\/de\/product\/kinderroboterspielzeugintelligenter-sprechender-roboterintelligentes-interaktives-roboterspielzeug-sprechende-roboter-haustiere-lernspielzeug-mit-beruehrungssensor-sprachsteuerung-suesser-kinde\/"},"modified":"2026-02-27T14:36:00","modified_gmt":"2026-02-27T14:36:00","slug":"kinderroboterspielzeugintelligenter-sprechender-roboterintelligentes-interaktives-roboterspielzeug-sprechende-roboter-haustiere-lernspielzeug-mit-beruehrungssensor-sprachsteuerung-suesser-kinde","status":"publish","type":"product","link":"https:\/\/easyliferobo.com\/de\/product\/kinderroboterspielzeugintelligenter-sprechender-roboterintelligentes-interaktives-roboterspielzeug-sprechende-roboter-haustiere-lernspielzeug-mit-beruehrungssensor-sprachsteuerung-suesser-kinde\/","title":{"rendered":"Kinderroboterspielzeug,Intelligente..."},"content":{"rendered":"<p>\n                                             Produktbeschreibung   <\/p>\n<p class=\"apm-text-center\">\n                                                      <img decoding=\"async\" alt=\"Ber\u00fchrungssensor\" src=\"https:\/\/images-na.ssl-images-amazon.com\/images\/G\/01\/x-locale\/common\/grey-pixel.gif\" class=\"a-spacing-mini a-lazy-loaded\" data-src=\"https:\/\/m.media-amazon.com\/images\/S\/aplus-media-library-service-media\/947d3078-83c2-4055-a604-a2169dadd90d.__CR0,0,1600,1600_PT0_SX300_V1___.jpg\"><img decoding=\"async\" alt=\"Ber\u00fchrungssensor\" src=\"https:\/\/m.media-amazon.com\/images\/S\/aplus-media-library-service-media\/947d3078-83c2-4055-a604-a2169dadd90d.__CR0,0,1600,1600_PT0_SX300_V1___.jpg\">  <\/p>\n<p>                                                    Ber\u00fchrungssensor                                       <\/p>\n<p> Dieses vielseitige Roboterspielzeug f\u00fcr Kinder regt zum Entdecken und zum unterhaltsamen Lernen an. Mit Ber\u00fchrungssensor und Sprachsteuerungstechnologie singt, tanzt und wiederholt es S\u00e4tze. Ein idealer interaktiver Bildungspartner f\u00fcr Kinder <\/p>\n<p class=\"apm-text-center\">\n                                                      <img decoding=\"async\" alt=\"Unterhaltsames Erlebnis\" src=\"https:\/\/images-na.ssl-images-amazon.com\/images\/G\/01\/x-locale\/common\/grey-pixel.gif\" class=\"a-spacing-mini a-lazy-loaded\" data-src=\"https:\/\/m.media-amazon.com\/images\/S\/aplus-media-library-service-media\/f59924ab-adbf-4306-a0fd-f8c16b8fd711.__CR0,0,1600,1600_PT0_SX300_V1___.jpg\"><img decoding=\"async\" alt=\"Unterhaltsames Erlebnis\" src=\"https:\/\/m.media-amazon.com\/images\/S\/aplus-media-library-service-media\/f59924ab-adbf-4306-a0fd-f8c16b8fd711.__CR0,0,1600,1600_PT0_SX300_V1___.jpg\">  <\/p>\n<p>                                                    Unterhaltsames Erlebnis                                       <\/p>\n<p> Mit einem fesselnden Aussehen und interessanten Bewegungen sind unsere Roboterspielzeuge f\u00fcr Kinder klein und niedlich, ziehen mit Sicherheit die Aufmerksamkeit der Kinder auf sich und sorgen f\u00fcr stundenlangen interaktiven Spa\u00df. Diese Spielzeuge sind ideal, um Kreativit\u00e4t und Entwicklung anzuregen. Sie sind bei Kindern beliebt und zeichnen sich durch eine hohe Dynamik aus, die zu ihrer Gesamtattraktivit\u00e4t beitr\u00e4gt <\/p>\n<p class=\"apm-text-center\">\n                                                      <img decoding=\"async\" alt=\"Einfache Vorgehensweise\" src=\"https:\/\/images-na.ssl-images-amazon.com\/images\/G\/01\/x-locale\/common\/grey-pixel.gif\" class=\"a-spacing-mini a-lazy-loaded\" data-src=\"https:\/\/m.media-amazon.com\/images\/S\/aplus-media-library-service-media\/590fd31f-7759-42b5-833e-0c79a21b463f.__CR0,0,1600,1600_PT0_SX300_V1___.jpg\"><img decoding=\"async\" alt=\"Einfache Vorgehensweise\" src=\"https:\/\/m.media-amazon.com\/images\/S\/aplus-media-library-service-media\/590fd31f-7759-42b5-833e-0c79a21b463f.__CR0,0,1600,1600_PT0_SX300_V1___.jpg\">  <\/p>\n<p>                                                    Einfache Vorgehensweise                                       <\/p>\n<p> Mit verschiedenen Bedienmethoden, einschlie\u00dflich Ber\u00fchrungserkennung, Sprachsteuerung und manuellen Tasten, bietet dieses Roboterspielzeug ein hervorragendes Spielerlebnis f\u00fcr Kinder ab 3 Jahren und bietet einfache Steuerung und maximale Spa\u00dfm\u00f6glichkeiten <\/p>\n<p>                                                          <img decoding=\"async\" alt=\"Roboterspielzeug f\u00fcr Kinder,Kinderroboterspielzeug\" src=\"https:\/\/images-na.ssl-images-amazon.com\/images\/G\/01\/x-locale\/common\/grey-pixel.gif\" class=\"a-spacing-mini a-lazy-loaded\" data-src=\"https:\/\/m.media-amazon.com\/images\/S\/aplus-media-library-service-media\/dd6b71e5-f8ab-4519-ac00-60abe24b1192.__CR0,0,1600,1600_PT0_SX300_V1___.jpg\"><img decoding=\"async\" alt=\"Roboterspielzeug f\u00fcr Kinder,Kinderroboterspielzeug\" src=\"https:\/\/m.media-amazon.com\/images\/S\/aplus-media-library-service-media\/dd6b71e5-f8ab-4519-ac00-60abe24b1192.__CR0,0,1600,1600_PT0_SX300_V1___.jpg\">  <\/p>\n<p>                                                             Spezifikationen Produktname: Intelligenter sprechender Roboter f\u00fcr Kinder Produktmaterial: ABS Produktgr\u00f6\u00dfe: ca. 11 x 10 x 11,5 cm Energie: 3 AA-Batterien (nicht im Lieferumfang enthalten) Eigenschaften: Singen, Tanzen, Sprachsteuerung Roboterspielzeug f\u00fcr Kinder,Kinderroboterspielzeug Vielseitige Anwendungen                                     <\/p>\n<p class=\"a-spacing-base\"> Geben Sie Ihrem Kind mit diesem Roboterspielzeug f\u00fcr Kinder einen idealen Lernpartner. Mit Ber\u00fchrungssensor und Multifunktionsfunktionen kann es mit Sprachsteuerung singen, tanzen und S\u00e4tze wiederholen. Stimulieren Sie den Entdecker- und Lerndrang Ihres Kindes durch interaktives Spielen <\/p>\n<p>                                             Niedliche Form                                     <\/p>\n<p class=\"a-spacing-base\"> Attraktives Aussehen und lebhafte Bewegungen in einer kleinen, niedlichen Form, die die Aufmerksamkeit von Kindern auf sich ziehen und f\u00fcr stundenlangen Spielspa\u00df sorgen k\u00f6nnen. Diese Spielzeuge sind bei Kindern beliebt und zeichnen sich durch eine ausgepr\u00e4gte Dynamik aus, die zu ihrer Gesamtattraktivit\u00e4t beitr\u00e4gt <\/p>\n<p>                                                                             <img decoding=\"async\" alt=\"Intelligenter sprechender Roboter, Intelligenter sprechender Roboter f\u00fcr Kinder\" src=\"https:\/\/images-na.ssl-images-amazon.com\/images\/G\/01\/x-locale\/common\/grey-pixel.gif\" class=\"a-spacing-base a-lazy-loaded\" data-src=\"https:\/\/m.media-amazon.com\/images\/S\/aplus-media-library-service-media\/21e99ae4-d434-4a44-8a0b-4699df46e8e9.__CR0,0,970,600_PT0_SX970_V1___.jpg\"><img decoding=\"async\" alt=\"Intelligenter sprechender Roboter, Intelligenter sprechender Roboter f\u00fcr Kinder\" src=\"https:\/\/m.media-amazon.com\/images\/S\/aplus-media-library-service-media\/21e99ae4-d434-4a44-8a0b-4699df46e8e9.__CR0,0,970,600_PT0_SX970_V1___.jpg\">                                                                     <\/p>\n<p class=\"a-spacing-base\">  Lernen Sie den intelligenten sprechenden Roboter kennen! Mit seiner kleinen und niedlichen Form kann dieser Roboter singen, tanzen und wiederholen. Mit Ber\u00fchrungserkennung, Sprachsteuerung und manuellen Tasten ist es das perfekte technische Spielzeug, um Neugier und Entdeckungen zu befriedigen. <\/p>\n<p class=\"a-spacing-base\">  Produktspezifikationen: <\/p>\n<p class=\"a-spacing-base\">  Produktname: Intelligenter sprechender Roboter f\u00fcr Kinder <\/p>\n<p class=\"a-spacing-base\">  Produktmaterial: ABS <\/p>\n<p class=\"a-spacing-base\">  Produktgr\u00f6\u00dfe: ca. 11 x 10 x 11,5 cm <\/p>\n<p class=\"a-spacing-base\">  Energie: 3 AA-Batterien (nicht im Lieferumfang enthalten) <\/p>\n<p class=\"a-spacing-base\">  Features: Singen, Tanzen, Sprachsteuerung <\/p>\n<p class=\"a-spacing-base\">  Funktionen: <\/p>\n<p class=\"a-spacing-base\">  1. Spielmodus: Spieler k\u00f6nnen eine Tierkarte ausw\u00e4hlen und in ihren H\u00e4nden halten. Der Roboter wird Ihnen einige Fragen stellen. Solange Sie wahrheitsgem\u00e4\u00df antworten, kann der Roboter wissen, welches Tier Sie halten. Der Roboter gibt Ihnen mit entsprechenden Aktionen und Ausdr\u00fccken R\u00fcckmeldung, ob Sie richtig oder falsch antworten; <\/p>\n<p class=\"a-spacing-base\">  2. Ber\u00fchrungserkennungsmodus: Der Roboter verf\u00fcgt \u00fcber drei Ber\u00fchrungspunkte, n\u00e4mlich vorne sowie links und rechts oben am Kopf; Durch leichtes Ber\u00fchren der linken und rechten Ber\u00fchrungspunkte kann der Roboter so gesteuert werden, dass er sich vorw\u00e4rts und r\u00fcckw\u00e4rts bewegt sowie nach links und rechts dreht. Durch langes Dr\u00fccken kann die Lautst\u00e4rke angepasst werden. Durch leichtes Ber\u00fchren des vorderen Ber\u00fchrungspunkts des Roboters werden verschiedene Aktionen ausgef\u00fchrt und unterschiedliche Ger\u00e4usche erzeugt. <\/p>\n<p class=\"a-spacing-base\">  3. Sprachwiederholungsmodus: Dr\u00fccken Sie lange auf den vorderen Ber\u00fchrungspunkt oben auf dem Kopf des Roboters, um in den Sprachwiederholungsmodus zu gelangen, und der Roboter wiederholt jeden Satz, den Sie sagen. <\/p>\n<p class=\"a-spacing-base\">  Packliste: <\/p>\n<p class=\"a-spacing-base\">  1 x intelligenter sprechender Roboter f\u00fcr Kinder <\/p>\n<p class=\"a-spacing-base\">  Hinweis: <\/p>\n<p class=\"a-spacing-base\">  Aufgrund unterschiedlicher Beleuchtungs- und Bildschirmeinstellungen kann die Farbe des Artikels geringf\u00fcgig vom Bild abweichen. <\/p>\n<p class=\"a-spacing-base\">  Bitte erlauben Sie aufgrund unterschiedlicher manueller Messungen einen Gr\u00f6\u00dfenunterschied von 1-2 cm. <\/p>\n<p>Ber\u00fchrungssensor: Dieses vielseitige Roboterspielzeug f\u00fcr Kinder regt zum Entdecken und zum unterhaltsamen Lernen an. Mit Ber\u00fchrungssensor und Sprachsteuerungstechnologie singt, tanzt und wiederholt es S\u00e4tze. Ein idealer interaktiver Bildungspartner f\u00fcr Kinder<br \/>Unterhaltsames Erlebnis: Mit einem fesselnden Aussehen und interessanten Bewegungen sind unsere Roboterspielzeuge f\u00fcr Kinder klein und niedlich, ziehen mit Sicherheit die Aufmerksamkeit der Kinder auf sich und sorgen f\u00fcr stundenlangen interaktiven Spa\u00df. Diese Spielzeuge sind ideal, um Kreativit\u00e4t und Entwicklung anzuregen. Sie sind bei Kindern beliebt und zeichnen sich durch eine hohe Dynamik aus, die zu ihrer Gesamtattraktivit\u00e4t beitr\u00e4gt<br \/>Bequem zu bedienen: Mit seiner Ber\u00fchrungserkennung, Sprachsteuerung und manuellen Tastenfunktionen bietet dieses Roboterspielzeug f\u00fcr Kinder ab 3 Jahren ein vielseitiges und interaktives Spielerlebnis. Die Steuerungsmodi sind hervorragend f\u00fcr Kinder konzipiert und somit ein hervorragendes Geschenk f\u00fcr Ihr Kind<br \/>Robuste Konstruktion: Dank seiner hochwertigen Materialien und der glatten Gummiabdeckung beh\u00e4lt dieser Spielzeugroboter f\u00fcr Kinder lange Zeit seine optimale Leistung. Dieses weiche und sturzsichere Spielzeug besteht aus robusten und sicheren Materialien, die eine hervorragende Robustheit und Sicherheit gew\u00e4hrleisten und Ihrem Kind jahrelangen Spielspa\u00df bieten<br \/>Sorgf\u00e4ltige: Regen Sie die Fantasie Ihres Kindes mit diesem Roboterspielzeug an. Es ist die hervorragende Mischung aus Lernen und Spa\u00df, die den Wunsch Ihrer neugierigen Kinder nach interaktivem Spielen erf\u00fcllt und gleichzeitig die intellektuelle und emotionale Entwicklung f\u00f6rdert. Ein unvergessliches Feiertags-\/Geburtstagsgeschenk<\/p>\n<p>[ad_2]<\/p>\n","protected":false},"excerpt":{"rendered":"<p>Produktbeschreibung Ber\u00fchrungssensor Dieses vielseitige Roboterspielzeug f\u00fcr Kinder regt zum Entdecken und zum unterhaltsamen Lernen an. Mit Ber\u00fchrungssensor und Sprachsteuerungstechnologie singt, tanzt und wiederholt es S\u00e4tze. Ein idealer interaktiver Bildungspartner f\u00fcr Kinder Unterhaltsames Erlebnis Mit einem fesselnden Aussehen und interessanten Bewegungen sind unsere Roboterspielzeuge f\u00fcr Kinder klein und niedlich, ziehen mit Sicherheit die Aufmerksamkeit der Kinder [&hellip;]<\/p>\n","protected":false},"featured_media":4877,"comment_status":"open","ping_status":"closed","template":"","meta":{"_aipt_faq_data":""},"store":[],"product_brand":[],"product_cat":[94],"product_tag":[229],"class_list":{"0":"post-4876","1":"product","2":"type-product","3":"status-publish","4":"has-post-thumbnail","6":"product_cat-roboter-haustiere","7":"product_tag-roboter-haustiere-mit-sprachsteuerung","9":"first","10":"instock","11":"shipping-taxable","12":"product-type-external"},"yoast_head":"<!-- This site is optimized with the Yoast SEO plugin v27.0 - https:\/\/yoast.com\/product\/yoast-seo-wordpress\/ -->\n<title>Kinderroboterspielzeug,Intelligenter sprechender Roboter,Intelligentes interaktives Roboterspielzeug, sprechende Roboter-Haustiere | Lernspielzeug mit Ber\u00fchrungssensor, Sprachsteuerung, s\u00fc\u00dfer Kinderro - EasyLifeBro<\/title>\n<meta name=\"description\" content=\"Entdecken Sie smarte Roboter f\u00fcr Zuhause, Garten, Bildung und Sicherheit. Vergleichen Sie Saugroboter, Rasenm\u00e4hroboter, KI-Begleitroboter und mehr bei EasyLifeRobo.\" \/>\n<meta name=\"robots\" content=\"index, follow, max-snippet:-1, max-image-preview:large, max-video-preview:-1\" \/>\n<link rel=\"canonical\" href=\"https:\/\/easyliferobo.com\/de\/product\/kinderroboterspielzeugintelligenter-sprechender-roboterintelligentes-interaktives-roboterspielzeug-sprechende-roboter-haustiere-lernspielzeug-mit-beruehrungssensor-sprachsteuerung-suesser-kinde\/\" \/>\n<meta property=\"og:locale\" content=\"de_DE\" \/>\n<meta property=\"og:type\" content=\"article\" \/>\n<meta property=\"og:title\" content=\"Kinderroboterspielzeug,Intelligenter sprechender Roboter,Intelligentes interaktives Roboterspielzeug, sprechende Roboter-Haustiere | Lernspielzeug mit Ber\u00fchrungssensor, Sprachsteuerung, s\u00fc\u00dfer Kinderro - EasyLifeBro\" \/>\n<meta property=\"og:description\" content=\"Entdecken Sie smarte Roboter f\u00fcr Zuhause, Garten, Bildung und Sicherheit. Vergleichen Sie Saugroboter, Rasenm\u00e4hroboter, KI-Begleitroboter und mehr bei EasyLifeRobo.\" \/>\n<meta property=\"og:url\" content=\"https:\/\/easyliferobo.com\/de\/product\/kinderroboterspielzeugintelligenter-sprechender-roboterintelligentes-interaktives-roboterspielzeug-sprechende-roboter-haustiere-lernspielzeug-mit-beruehrungssensor-sprachsteuerung-suesser-kinde\/\" \/>\n<meta property=\"og:site_name\" content=\"EasyLifeBro\" \/>\n<meta property=\"article:modified_time\" content=\"2026-02-27T14:36:00+00:00\" \/>\n<meta property=\"og:image\" content=\"https:\/\/images-na.ssl-images-amazon.com\/images\/G\/01\/x-locale\/common\/grey-pixel.gif\" \/>\n<meta name=\"twitter:card\" content=\"summary_large_image\" \/>\n<meta name=\"twitter:label1\" content=\"Gesch\u00e4tzte Lesezeit\" \/>\n\t<meta name=\"twitter:data1\" content=\"4\u00a0Minuten\" \/>\n<script type=\"application\/ld+json\" class=\"yoast-schema-graph\">{\"@context\":\"https:\/\/schema.org\",\"@graph\":[{\"@type\":\"WebPage\",\"@id\":\"https:\/\/easyliferobo.com\/de\/product\/kinderroboterspielzeugintelligenter-sprechender-roboterintelligentes-interaktives-roboterspielzeug-sprechende-roboter-haustiere-lernspielzeug-mit-beruehrungssensor-sprachsteuerung-suesser-kinde\/\",\"url\":\"https:\/\/easyliferobo.com\/de\/product\/kinderroboterspielzeugintelligenter-sprechender-roboterintelligentes-interaktives-roboterspielzeug-sprechende-roboter-haustiere-lernspielzeug-mit-beruehrungssensor-sprachsteuerung-suesser-kinde\/\",\"name\":\"Kinderroboterspielzeug,Intelligenter sprechender Roboter,Intelligentes interaktives Roboterspielzeug, sprechende Roboter-Haustiere | Lernspielzeug mit Ber\u00fchrungssensor, Sprachsteuerung, s\u00fc\u00dfer Kinderro - EasyLifeBro\",\"isPartOf\":{\"@id\":\"https:\/\/easyliferobo.com\/de\/#website\"},\"primaryImageOfPage\":{\"@id\":\"https:\/\/easyliferobo.com\/de\/product\/kinderroboterspielzeugintelligenter-sprechender-roboterintelligentes-interaktives-roboterspielzeug-sprechende-roboter-haustiere-lernspielzeug-mit-beruehrungssensor-sprachsteuerung-suesser-kinde\/#primaryimage\"},\"image\":{\"@id\":\"https:\/\/easyliferobo.com\/de\/product\/kinderroboterspielzeugintelligenter-sprechender-roboterintelligentes-interaktives-roboterspielzeug-sprechende-roboter-haustiere-lernspielzeug-mit-beruehrungssensor-sprachsteuerung-suesser-kinde\/#primaryimage\"},\"thumbnailUrl\":\"https:\/\/easyliferobo.com\/de\/wp-content\/uploads\/2026\/02\/61oGKNVHcdL._AC_SL1500_.jpg\",\"datePublished\":\"2026-02-27T14:35:42+00:00\",\"dateModified\":\"2026-02-27T14:36:00+00:00\",\"description\":\"Entdecken Sie smarte Roboter f\u00fcr Zuhause, Garten, Bildung und Sicherheit. Vergleichen Sie Saugroboter, Rasenm\u00e4hroboter, KI-Begleitroboter und mehr bei EasyLifeRobo.\",\"breadcrumb\":{\"@id\":\"https:\/\/easyliferobo.com\/de\/product\/kinderroboterspielzeugintelligenter-sprechender-roboterintelligentes-interaktives-roboterspielzeug-sprechende-roboter-haustiere-lernspielzeug-mit-beruehrungssensor-sprachsteuerung-suesser-kinde\/#breadcrumb\"},\"inLanguage\":\"de\",\"potentialAction\":[{\"@type\":\"ReadAction\",\"target\":[\"https:\/\/easyliferobo.com\/de\/product\/kinderroboterspielzeugintelligenter-sprechender-roboterintelligentes-interaktives-roboterspielzeug-sprechende-roboter-haustiere-lernspielzeug-mit-beruehrungssensor-sprachsteuerung-suesser-kinde\/\"]}]},{\"@type\":\"ImageObject\",\"inLanguage\":\"de\",\"@id\":\"https:\/\/easyliferobo.com\/de\/product\/kinderroboterspielzeugintelligenter-sprechender-roboterintelligentes-interaktives-roboterspielzeug-sprechende-roboter-haustiere-lernspielzeug-mit-beruehrungssensor-sprachsteuerung-suesser-kinde\/#primaryimage\",\"url\":\"https:\/\/easyliferobo.com\/de\/wp-content\/uploads\/2026\/02\/61oGKNVHcdL._AC_SL1500_.jpg\",\"contentUrl\":\"https:\/\/easyliferobo.com\/de\/wp-content\/uploads\/2026\/02\/61oGKNVHcdL._AC_SL1500_.jpg\",\"width\":1405,\"height\":1500},{\"@type\":\"BreadcrumbList\",\"@id\":\"https:\/\/easyliferobo.com\/de\/product\/kinderroboterspielzeugintelligenter-sprechender-roboterintelligentes-interaktives-roboterspielzeug-sprechende-roboter-haustiere-lernspielzeug-mit-beruehrungssensor-sprachsteuerung-suesser-kinde\/#breadcrumb\",\"itemListElement\":[{\"@type\":\"ListItem\",\"position\":1,\"name\":\"Home\",\"item\":\"https:\/\/easyliferobo.com\/de\/\"},{\"@type\":\"ListItem\",\"position\":2,\"name\":\"Shop\",\"item\":\"https:\/\/easyliferobo.com\/de\/shop\/\"},{\"@type\":\"ListItem\",\"position\":3,\"name\":\"Kinderroboterspielzeug,Intelligente...\"}]},{\"@type\":\"WebSite\",\"@id\":\"https:\/\/easyliferobo.com\/de\/#website\",\"url\":\"https:\/\/easyliferobo.com\/de\/\",\"name\":\"EasyLifeBro\",\"description\":\"Smarte Roboter f\u00fcr Zuhause, Garten &amp; Bildung\",\"publisher\":{\"@id\":\"https:\/\/easyliferobo.com\/de\/#organization\"},\"potentialAction\":[{\"@type\":\"SearchAction\",\"target\":{\"@type\":\"EntryPoint\",\"urlTemplate\":\"https:\/\/easyliferobo.com\/de\/?s={search_term_string}\"},\"query-input\":{\"@type\":\"PropertyValueSpecification\",\"valueRequired\":true,\"valueName\":\"search_term_string\"}}],\"inLanguage\":\"de\"},{\"@type\":\"Organization\",\"@id\":\"https:\/\/easyliferobo.com\/de\/#organization\",\"name\":\"EasyLifeBro\",\"url\":\"https:\/\/easyliferobo.com\/de\/\",\"logo\":{\"@type\":\"ImageObject\",\"inLanguage\":\"de\",\"@id\":\"https:\/\/easyliferobo.com\/de\/#\/schema\/logo\/image\/\",\"url\":\"https:\/\/easyliferobo.com\/de\/wp-content\/uploads\/2026\/02\/Screenshot-2026-02-22-at-2.25.03-PM.png\",\"contentUrl\":\"https:\/\/easyliferobo.com\/de\/wp-content\/uploads\/2026\/02\/Screenshot-2026-02-22-at-2.25.03-PM.png\",\"width\":1858,\"height\":430,\"caption\":\"EasyLifeBro\"},\"image\":{\"@id\":\"https:\/\/easyliferobo.com\/de\/#\/schema\/logo\/image\/\"}}]}<\/script>\n<!-- \/ Yoast SEO plugin. -->","yoast_head_json":{"title":"Kinderroboterspielzeug,Intelligenter sprechender Roboter,Intelligentes interaktives Roboterspielzeug, sprechende Roboter-Haustiere | Lernspielzeug mit Ber\u00fchrungssensor, Sprachsteuerung, s\u00fc\u00dfer Kinderro - EasyLifeBro","description":"Entdecken Sie smarte Roboter f\u00fcr Zuhause, Garten, Bildung und Sicherheit. Vergleichen Sie Saugroboter, Rasenm\u00e4hroboter, KI-Begleitroboter und mehr bei EasyLifeRobo.","robots":{"index":"index","follow":"follow","max-snippet":"max-snippet:-1","max-image-preview":"max-image-preview:large","max-video-preview":"max-video-preview:-1"},"canonical":"https:\/\/easyliferobo.com\/de\/product\/kinderroboterspielzeugintelligenter-sprechender-roboterintelligentes-interaktives-roboterspielzeug-sprechende-roboter-haustiere-lernspielzeug-mit-beruehrungssensor-sprachsteuerung-suesser-kinde\/","og_locale":"de_DE","og_type":"article","og_title":"Kinderroboterspielzeug,Intelligenter sprechender Roboter,Intelligentes interaktives Roboterspielzeug, sprechende Roboter-Haustiere | Lernspielzeug mit Ber\u00fchrungssensor, Sprachsteuerung, s\u00fc\u00dfer Kinderro - EasyLifeBro","og_description":"Entdecken Sie smarte Roboter f\u00fcr Zuhause, Garten, Bildung und Sicherheit. Vergleichen Sie Saugroboter, Rasenm\u00e4hroboter, KI-Begleitroboter und mehr bei EasyLifeRobo.","og_url":"https:\/\/easyliferobo.com\/de\/product\/kinderroboterspielzeugintelligenter-sprechender-roboterintelligentes-interaktives-roboterspielzeug-sprechende-roboter-haustiere-lernspielzeug-mit-beruehrungssensor-sprachsteuerung-suesser-kinde\/","og_site_name":"EasyLifeBro","article_modified_time":"2026-02-27T14:36:00+00:00","og_image":[{"url":"https:\/\/images-na.ssl-images-amazon.com\/images\/G\/01\/x-locale\/common\/grey-pixel.gif","type":"","width":"","height":""}],"twitter_card":"summary_large_image","twitter_misc":{"Gesch\u00e4tzte Lesezeit":"4\u00a0Minuten"},"schema":{"@context":"https:\/\/schema.org","@graph":[{"@type":"WebPage","@id":"https:\/\/easyliferobo.com\/de\/product\/kinderroboterspielzeugintelligenter-sprechender-roboterintelligentes-interaktives-roboterspielzeug-sprechende-roboter-haustiere-lernspielzeug-mit-beruehrungssensor-sprachsteuerung-suesser-kinde\/","url":"https:\/\/easyliferobo.com\/de\/product\/kinderroboterspielzeugintelligenter-sprechender-roboterintelligentes-interaktives-roboterspielzeug-sprechende-roboter-haustiere-lernspielzeug-mit-beruehrungssensor-sprachsteuerung-suesser-kinde\/","name":"Kinderroboterspielzeug,Intelligenter sprechender Roboter,Intelligentes interaktives Roboterspielzeug, sprechende Roboter-Haustiere | Lernspielzeug mit Ber\u00fchrungssensor, Sprachsteuerung, s\u00fc\u00dfer Kinderro - EasyLifeBro","isPartOf":{"@id":"https:\/\/easyliferobo.com\/de\/#website"},"primaryImageOfPage":{"@id":"https:\/\/easyliferobo.com\/de\/product\/kinderroboterspielzeugintelligenter-sprechender-roboterintelligentes-interaktives-roboterspielzeug-sprechende-roboter-haustiere-lernspielzeug-mit-beruehrungssensor-sprachsteuerung-suesser-kinde\/#primaryimage"},"image":{"@id":"https:\/\/easyliferobo.com\/de\/product\/kinderroboterspielzeugintelligenter-sprechender-roboterintelligentes-interaktives-roboterspielzeug-sprechende-roboter-haustiere-lernspielzeug-mit-beruehrungssensor-sprachsteuerung-suesser-kinde\/#primaryimage"},"thumbnailUrl":"https:\/\/easyliferobo.com\/de\/wp-content\/uploads\/2026\/02\/61oGKNVHcdL._AC_SL1500_.jpg","datePublished":"2026-02-27T14:35:42+00:00","dateModified":"2026-02-27T14:36:00+00:00","description":"Entdecken Sie smarte Roboter f\u00fcr Zuhause, Garten, Bildung und Sicherheit. Vergleichen Sie Saugroboter, Rasenm\u00e4hroboter, KI-Begleitroboter und mehr bei EasyLifeRobo.","breadcrumb":{"@id":"https:\/\/easyliferobo.com\/de\/product\/kinderroboterspielzeugintelligenter-sprechender-roboterintelligentes-interaktives-roboterspielzeug-sprechende-roboter-haustiere-lernspielzeug-mit-beruehrungssensor-sprachsteuerung-suesser-kinde\/#breadcrumb"},"inLanguage":"de","potentialAction":[{"@type":"ReadAction","target":["https:\/\/easyliferobo.com\/de\/product\/kinderroboterspielzeugintelligenter-sprechender-roboterintelligentes-interaktives-roboterspielzeug-sprechende-roboter-haustiere-lernspielzeug-mit-beruehrungssensor-sprachsteuerung-suesser-kinde\/"]}]},{"@type":"ImageObject","inLanguage":"de","@id":"https:\/\/easyliferobo.com\/de\/product\/kinderroboterspielzeugintelligenter-sprechender-roboterintelligentes-interaktives-roboterspielzeug-sprechende-roboter-haustiere-lernspielzeug-mit-beruehrungssensor-sprachsteuerung-suesser-kinde\/#primaryimage","url":"https:\/\/easyliferobo.com\/de\/wp-content\/uploads\/2026\/02\/61oGKNVHcdL._AC_SL1500_.jpg","contentUrl":"https:\/\/easyliferobo.com\/de\/wp-content\/uploads\/2026\/02\/61oGKNVHcdL._AC_SL1500_.jpg","width":1405,"height":1500},{"@type":"BreadcrumbList","@id":"https:\/\/easyliferobo.com\/de\/product\/kinderroboterspielzeugintelligenter-sprechender-roboterintelligentes-interaktives-roboterspielzeug-sprechende-roboter-haustiere-lernspielzeug-mit-beruehrungssensor-sprachsteuerung-suesser-kinde\/#breadcrumb","itemListElement":[{"@type":"ListItem","position":1,"name":"Home","item":"https:\/\/easyliferobo.com\/de\/"},{"@type":"ListItem","position":2,"name":"Shop","item":"https:\/\/easyliferobo.com\/de\/shop\/"},{"@type":"ListItem","position":3,"name":"Kinderroboterspielzeug,Intelligente..."}]},{"@type":"WebSite","@id":"https:\/\/easyliferobo.com\/de\/#website","url":"https:\/\/easyliferobo.com\/de\/","name":"EasyLifeBro","description":"Smarte Roboter f\u00fcr Zuhause, Garten &amp; Bildung","publisher":{"@id":"https:\/\/easyliferobo.com\/de\/#organization"},"potentialAction":[{"@type":"SearchAction","target":{"@type":"EntryPoint","urlTemplate":"https:\/\/easyliferobo.com\/de\/?s={search_term_string}"},"query-input":{"@type":"PropertyValueSpecification","valueRequired":true,"valueName":"search_term_string"}}],"inLanguage":"de"},{"@type":"Organization","@id":"https:\/\/easyliferobo.com\/de\/#organization","name":"EasyLifeBro","url":"https:\/\/easyliferobo.com\/de\/","logo":{"@type":"ImageObject","inLanguage":"de","@id":"https:\/\/easyliferobo.com\/de\/#\/schema\/logo\/image\/","url":"https:\/\/easyliferobo.com\/de\/wp-content\/uploads\/2026\/02\/Screenshot-2026-02-22-at-2.25.03-PM.png","contentUrl":"https:\/\/easyliferobo.com\/de\/wp-content\/uploads\/2026\/02\/Screenshot-2026-02-22-at-2.25.03-PM.png","width":1858,"height":430,"caption":"EasyLifeBro"},"image":{"@id":"https:\/\/easyliferobo.com\/de\/#\/schema\/logo\/image\/"}}]}},"_links":{"self":[{"href":"https:\/\/easyliferobo.com\/de\/wp-json\/wp\/v2\/product\/4876","targetHints":{"allow":["GET"]}}],"collection":[{"href":"https:\/\/easyliferobo.com\/de\/wp-json\/wp\/v2\/product"}],"about":[{"href":"https:\/\/easyliferobo.com\/de\/wp-json\/wp\/v2\/types\/product"}],"replies":[{"embeddable":true,"href":"https:\/\/easyliferobo.com\/de\/wp-json\/wp\/v2\/comments?post=4876"}],"wp:featuredmedia":[{"embeddable":true,"href":"https:\/\/easyliferobo.com\/de\/wp-json\/wp\/v2\/media\/4877"}],"wp:attachment":[{"href":"https:\/\/easyliferobo.com\/de\/wp-json\/wp\/v2\/media?parent=4876"}],"wp:term":[{"taxonomy":"store","embeddable":true,"href":"https:\/\/easyliferobo.com\/de\/wp-json\/wp\/v2\/store?post=4876"},{"taxonomy":"product_brand","embeddable":true,"href":"https:\/\/easyliferobo.com\/de\/wp-json\/wp\/v2\/product_brand?post=4876"},{"taxonomy":"product_cat","embeddable":true,"href":"https:\/\/easyliferobo.com\/de\/wp-json\/wp\/v2\/product_cat?post=4876"},{"taxonomy":"product_tag","embeddable":true,"href":"https:\/\/easyliferobo.com\/de\/wp-json\/wp\/v2\/product_tag?post=4876"}],"curies":[{"name":"wp","href":"https:\/\/api.w.org\/{rel}","templated":true}]}}